{"id":45446,"date":"2026-03-16T12:31:47","date_gmt":"2026-03-16T12:31:47","guid":{"rendered":"https:\/\/pasitoapasito.es\/?post_type=product&#038;p=45446"},"modified":"2026-03-16T12:31:47","modified_gmt":"2026-03-16T12:31:47","slug":"gigoteuse-ete-little-bloom-fleurs-gris-tog-05","status":"publish","type":"product","link":"https:\/\/pasitoapasito.es\/fr\/produit\/gigoteuse-ete-little-bloom-fleurs-gris-tog-05\/","title":{"rendered":"GIGOTEUSE \u00c9T\u00c9 LITTLE BLOOM FLEURS GRIS TOG 0,5"},"content":{"rendered":"<p>La gigoteuse d&rsquo;\u00e9t\u00e9 pour b\u00e9b\u00e9s Little Bloom Flor gris de Pasito a pasito offre un maximum de confort et de s\u00e9curit\u00e9 aux tout-petits pendant leur sommeil. Confectionn\u00e9e en mousseline  imprim\u00e9e 100 % coton, extra douce et respirante, elle est parfaite pour la peau d\u00e9licate des nouveau-n\u00e9s.  Sa conception sans manches permet une grande libert\u00e9 de mouvement, tout en gardant le b\u00e9b\u00e9 au chaud toute la nuit. Il se ferme \u00e0 l&rsquo;aide de boutons-pression sur les bretelles pour un ajustement s\u00fbr et facile \u00e0 mettre en place, permettant un acc\u00e8s rapide et pratique. Il est con\u00e7u pour garder le b\u00e9b\u00e9 bien couvert en toute s\u00e9curit\u00e9, en \u00e9vitant le risque d&rsquo;\u00e9touffement avec des couvertures l\u00e2ches. Id\u00e9al pour les b\u00e9b\u00e9s de 1 \u00e0 4 mois. TOG (Thermal Overall Grade) 0,5. Conforme \u00e0 la norme europ\u00e9enne EN 16781:2018. Articles textiles pour les soins aux enfants. Exigences de s\u00e9curit\u00e9 et m\u00e9thodes d&rsquo;essai pour les sacs de couchage pour enfants. Ce sac de couchage de Pasito a pasito est un choix id\u00e9al pour les parents qui recherchent le confort, la s\u00e9curit\u00e9 et le style dans les produits pour leurs b\u00e9b\u00e9s. Il offre un environnement de sommeil s\u00fbr et confortable pour que le b\u00e9b\u00e9 dorme paisiblement toute la nuit.  Tous nos produits sont fabriqu\u00e9s conform\u00e9ment aux normes europ\u00e9ennes les plus strictes, avec des mat\u00e9riaux de haute qualit\u00e9, sans colorants azo\u00efques, phtalates et substances nocives pour la sant\u00e9. Tissu facile \u00e0 nettoyer, lavable en machine \u00e0 30 \u00b0C. Les produits pour b\u00e9b\u00e9s de Pasito a Pasito ont un design tr\u00e8s diff\u00e9rent de tous les autres. Leurs collections se caract\u00e9risent par un travail minutieux, toujours pens\u00e9 d&rsquo;un point de vue pratique. Ils utilisent des mat\u00e9riaux de premi\u00e8re qualit\u00e9 pour souligner l&rsquo;\u00e9l\u00e9gance et l&rsquo;harmonie de chacune de leurs pi\u00e8ces. Nos mod\u00e8les sont exclusifs et ont un style incomparable, pens\u00e9s pour les m\u00e8res d&rsquo;aujourd&rsquo;hui qui ont bon go\u00fbt et qui appr\u00e9cient les d\u00e9tails autant que nous. Sp\u00e9cifications : Mat\u00e9riaux : 100 % coton.<\/p>\n","protected":false},"excerpt":{"rendered":"<p>La gigoteuse d&rsquo;\u00e9t\u00e9 pour b\u00e9b\u00e9s Little Bloom Flor gris de Pasito a pasito offre un maximum de confort et de s\u00e9curit\u00e9 aux tout-petits pendant leur sommeil. Confectionn\u00e9e en mousseline imprim\u00e9e 100 % coton, extra douce et respirante, elle est parfaite pour la peau d\u00e9licate des nouveau-n\u00e9s. Sa conception sans manches permet une grande libert\u00e9 de [&hellip;]<\/p>\n","protected":false},"featured_media":44835,"comment_status":"closed","ping_status":"closed","template":"","meta":{"_acf_changed":false,"inline_featured_image":false},"colecciones":[363],"product_brand":[],"product_cat":[191],"product_tag":[],"class_list":{"0":"post-45446","1":"product","2":"type-product","3":"status-publish","4":"has-post-thumbnail","6":"colecciones-collection-little-bloom","7":"product_cat-home-fr","9":"first","10":"instock","11":"purchasable","12":"product-type-simple"},"acf":[],"yoast_head":"<!-- This site is optimized with the Yoast SEO plugin v27.4 - https:\/\/yoast.com\/product\/yoast-seo-wordpress\/ -->\n<title>GIGOTEUSE \u00c9T\u00c9 LITTLE BLOOM FLEURS GRIS TOG 0,5 - Pasito a Pasito<\/title>\n<meta name=\"robots\" content=\"index, follow, max-snippet:-1, max-image-preview:large, max-video-preview:-1\" \/>\n<link rel=\"canonical\" href=\"https:\/\/pasitoapasito.es\/fr\/produit\/gigoteuse-ete-little-bloom-fleurs-gris-tog-05\/\" \/>\n<meta property=\"og:locale\" content=\"fr_FR\" \/>\n<meta property=\"og:type\" content=\"article\" \/>\n<meta property=\"og:title\" content=\"GIGOTEUSE \u00c9T\u00c9 LITTLE BLOOM FLEURS GRIS TOG 0,5 - Pasito a Pasito\" \/>\n<meta property=\"og:description\" content=\"La gigoteuse d&rsquo;\u00e9t\u00e9 pour b\u00e9b\u00e9s Little Bloom Flor gris de Pasito a pasito offre un maximum de confort et de s\u00e9curit\u00e9 aux tout-petits pendant leur sommeil. Confectionn\u00e9e en mousseline imprim\u00e9e 100 % coton, extra douce et respirante, elle est parfaite pour la peau d\u00e9licate des nouveau-n\u00e9s. Sa conception sans manches permet une grande libert\u00e9 de [&hellip;]\" \/>\n<meta property=\"og:url\" content=\"https:\/\/pasitoapasito.es\/fr\/produit\/gigoteuse-ete-little-bloom-fleurs-gris-tog-05\/\" \/>\n<meta property=\"og:site_name\" content=\"Pasito a Pasito\" \/>\n<meta property=\"og:image\" content=\"https:\/\/pasitoapasito.es\/wp-content\/uploads\/2026\/03\/1120900636_a.jpg\" \/>\n\t<meta property=\"og:image:width\" content=\"600\" \/>\n\t<meta property=\"og:image:height\" content=\"600\" \/>\n\t<meta property=\"og:image:type\" content=\"image\/jpeg\" \/>\n<meta name=\"twitter:card\" content=\"summary_large_image\" \/>\n<meta name=\"twitter:label1\" content=\"Dur\u00e9e de lecture estim\u00e9e\" \/>\n\t<meta name=\"twitter:data1\" content=\"2 minutes\" \/>\n<script type=\"application\/ld+json\" class=\"yoast-schema-graph\">{\"@context\":\"https:\\\/\\\/schema.org\",\"@graph\":[{\"@type\":\"WebPage\",\"@id\":\"https:\\\/\\\/pasitoapasito.es\\\/fr\\\/produit\\\/gigoteuse-ete-little-bloom-fleurs-gris-tog-05\\\/\",\"url\":\"https:\\\/\\\/pasitoapasito.es\\\/fr\\\/produit\\\/gigoteuse-ete-little-bloom-fleurs-gris-tog-05\\\/\",\"name\":\"GIGOTEUSE \u00c9T\u00c9 LITTLE BLOOM FLEURS GRIS TOG 0,5 - Pasito a Pasito\",\"isPartOf\":{\"@id\":\"https:\\\/\\\/pasitoapasito.es\\\/fr\\\/#website\"},\"primaryImageOfPage\":{\"@id\":\"https:\\\/\\\/pasitoapasito.es\\\/fr\\\/produit\\\/gigoteuse-ete-little-bloom-fleurs-gris-tog-05\\\/#primaryimage\"},\"image\":{\"@id\":\"https:\\\/\\\/pasitoapasito.es\\\/fr\\\/produit\\\/gigoteuse-ete-little-bloom-fleurs-gris-tog-05\\\/#primaryimage\"},\"thumbnailUrl\":\"https:\\\/\\\/pasitoapasito.es\\\/wp-content\\\/uploads\\\/2026\\\/03\\\/1120900636_a.jpg\",\"datePublished\":\"2026-03-16T12:31:47+00:00\",\"breadcrumb\":{\"@id\":\"https:\\\/\\\/pasitoapasito.es\\\/fr\\\/produit\\\/gigoteuse-ete-little-bloom-fleurs-gris-tog-05\\\/#breadcrumb\"},\"inLanguage\":\"fr-FR\",\"potentialAction\":[{\"@type\":\"ReadAction\",\"target\":[\"https:\\\/\\\/pasitoapasito.es\\\/fr\\\/produit\\\/gigoteuse-ete-little-bloom-fleurs-gris-tog-05\\\/\"]}]},{\"@type\":\"ImageObject\",\"inLanguage\":\"fr-FR\",\"@id\":\"https:\\\/\\\/pasitoapasito.es\\\/fr\\\/produit\\\/gigoteuse-ete-little-bloom-fleurs-gris-tog-05\\\/#primaryimage\",\"url\":\"https:\\\/\\\/pasitoapasito.es\\\/wp-content\\\/uploads\\\/2026\\\/03\\\/1120900636_a.jpg\",\"contentUrl\":\"https:\\\/\\\/pasitoapasito.es\\\/wp-content\\\/uploads\\\/2026\\\/03\\\/1120900636_a.jpg\",\"width\":600,\"height\":600},{\"@type\":\"BreadcrumbList\",\"@id\":\"https:\\\/\\\/pasitoapasito.es\\\/fr\\\/produit\\\/gigoteuse-ete-little-bloom-fleurs-gris-tog-05\\\/#breadcrumb\",\"itemListElement\":[{\"@type\":\"ListItem\",\"position\":1,\"name\":\"Tienda\",\"item\":\"https:\\\/\\\/pasitoapasito.es\\\/tienda\\\/\"},{\"@type\":\"ListItem\",\"position\":2,\"name\":\"GIGOTEUSE \u00c9T\u00c9 LITTLE BLOOM FLEURS GRIS TOG 0,5\"}]},{\"@type\":\"WebSite\",\"@id\":\"https:\\\/\\\/pasitoapasito.es\\\/fr\\\/#website\",\"url\":\"https:\\\/\\\/pasitoapasito.es\\\/fr\\\/\",\"name\":\"Pasito a Pasito\",\"description\":\"\",\"potentialAction\":[{\"@type\":\"SearchAction\",\"target\":{\"@type\":\"EntryPoint\",\"urlTemplate\":\"https:\\\/\\\/pasitoapasito.es\\\/fr\\\/?s={search_term_string}\"},\"query-input\":{\"@type\":\"PropertyValueSpecification\",\"valueRequired\":true,\"valueName\":\"search_term_string\"}}],\"inLanguage\":\"fr-FR\"}]}<\/script>\n<!-- \/ Yoast SEO plugin. -->","yoast_head_json":{"title":"GIGOTEUSE \u00c9T\u00c9 LITTLE BLOOM FLEURS GRIS TOG 0,5 - Pasito a Pasito","robots":{"index":"index","follow":"follow","max-snippet":"max-snippet:-1","max-image-preview":"max-image-preview:large","max-video-preview":"max-video-preview:-1"},"canonical":"https:\/\/pasitoapasito.es\/fr\/produit\/gigoteuse-ete-little-bloom-fleurs-gris-tog-05\/","og_locale":"fr_FR","og_type":"article","og_title":"GIGOTEUSE \u00c9T\u00c9 LITTLE BLOOM FLEURS GRIS TOG 0,5 - Pasito a Pasito","og_description":"La gigoteuse d&rsquo;\u00e9t\u00e9 pour b\u00e9b\u00e9s Little Bloom Flor gris de Pasito a pasito offre un maximum de confort et de s\u00e9curit\u00e9 aux tout-petits pendant leur sommeil. Confectionn\u00e9e en mousseline imprim\u00e9e 100 % coton, extra douce et respirante, elle est parfaite pour la peau d\u00e9licate des nouveau-n\u00e9s. Sa conception sans manches permet une grande libert\u00e9 de [&hellip;]","og_url":"https:\/\/pasitoapasito.es\/fr\/produit\/gigoteuse-ete-little-bloom-fleurs-gris-tog-05\/","og_site_name":"Pasito a Pasito","og_image":[{"width":600,"height":600,"url":"https:\/\/pasitoapasito.es\/wp-content\/uploads\/2026\/03\/1120900636_a.jpg","type":"image\/jpeg"}],"twitter_card":"summary_large_image","twitter_misc":{"Dur\u00e9e de lecture estim\u00e9e":"2 minutes"},"schema":{"@context":"https:\/\/schema.org","@graph":[{"@type":"WebPage","@id":"https:\/\/pasitoapasito.es\/fr\/produit\/gigoteuse-ete-little-bloom-fleurs-gris-tog-05\/","url":"https:\/\/pasitoapasito.es\/fr\/produit\/gigoteuse-ete-little-bloom-fleurs-gris-tog-05\/","name":"GIGOTEUSE \u00c9T\u00c9 LITTLE BLOOM FLEURS GRIS TOG 0,5 - Pasito a Pasito","isPartOf":{"@id":"https:\/\/pasitoapasito.es\/fr\/#website"},"primaryImageOfPage":{"@id":"https:\/\/pasitoapasito.es\/fr\/produit\/gigoteuse-ete-little-bloom-fleurs-gris-tog-05\/#primaryimage"},"image":{"@id":"https:\/\/pasitoapasito.es\/fr\/produit\/gigoteuse-ete-little-bloom-fleurs-gris-tog-05\/#primaryimage"},"thumbnailUrl":"https:\/\/pasitoapasito.es\/wp-content\/uploads\/2026\/03\/1120900636_a.jpg","datePublished":"2026-03-16T12:31:47+00:00","breadcrumb":{"@id":"https:\/\/pasitoapasito.es\/fr\/produit\/gigoteuse-ete-little-bloom-fleurs-gris-tog-05\/#breadcrumb"},"inLanguage":"fr-FR","potentialAction":[{"@type":"ReadAction","target":["https:\/\/pasitoapasito.es\/fr\/produit\/gigoteuse-ete-little-bloom-fleurs-gris-tog-05\/"]}]},{"@type":"ImageObject","inLanguage":"fr-FR","@id":"https:\/\/pasitoapasito.es\/fr\/produit\/gigoteuse-ete-little-bloom-fleurs-gris-tog-05\/#primaryimage","url":"https:\/\/pasitoapasito.es\/wp-content\/uploads\/2026\/03\/1120900636_a.jpg","contentUrl":"https:\/\/pasitoapasito.es\/wp-content\/uploads\/2026\/03\/1120900636_a.jpg","width":600,"height":600},{"@type":"BreadcrumbList","@id":"https:\/\/pasitoapasito.es\/fr\/produit\/gigoteuse-ete-little-bloom-fleurs-gris-tog-05\/#breadcrumb","itemListElement":[{"@type":"ListItem","position":1,"name":"Tienda","item":"https:\/\/pasitoapasito.es\/tienda\/"},{"@type":"ListItem","position":2,"name":"GIGOTEUSE \u00c9T\u00c9 LITTLE BLOOM FLEURS GRIS TOG 0,5"}]},{"@type":"WebSite","@id":"https:\/\/pasitoapasito.es\/fr\/#website","url":"https:\/\/pasitoapasito.es\/fr\/","name":"Pasito a Pasito","description":"","potentialAction":[{"@type":"SearchAction","target":{"@type":"EntryPoint","urlTemplate":"https:\/\/pasitoapasito.es\/fr\/?s={search_term_string}"},"query-input":{"@type":"PropertyValueSpecification","valueRequired":true,"valueName":"search_term_string"}}],"inLanguage":"fr-FR"}]}},"_links":{"self":[{"href":"https:\/\/pasitoapasito.es\/fr\/wp-json\/wp\/v2\/product\/45446","targetHints":{"allow":["GET"]}}],"collection":[{"href":"https:\/\/pasitoapasito.es\/fr\/wp-json\/wp\/v2\/product"}],"about":[{"href":"https:\/\/pasitoapasito.es\/fr\/wp-json\/wp\/v2\/types\/product"}],"replies":[{"embeddable":true,"href":"https:\/\/pasitoapasito.es\/fr\/wp-json\/wp\/v2\/comments?post=45446"}],"wp:featuredmedia":[{"embeddable":true,"href":"https:\/\/pasitoapasito.es\/fr\/wp-json\/wp\/v2\/media\/44835"}],"wp:attachment":[{"href":"https:\/\/pasitoapasito.es\/fr\/wp-json\/wp\/v2\/media?parent=45446"}],"wp:term":[{"taxonomy":"colecciones","embeddable":true,"href":"https:\/\/pasitoapasito.es\/fr\/wp-json\/wp\/v2\/colecciones?post=45446"},{"taxonomy":"product_brand","embeddable":true,"href":"https:\/\/pasitoapasito.es\/fr\/wp-json\/wp\/v2\/product_brand?post=45446"},{"taxonomy":"product_cat","embeddable":true,"href":"https:\/\/pasitoapasito.es\/fr\/wp-json\/wp\/v2\/product_cat?post=45446"},{"taxonomy":"product_tag","embeddable":true,"href":"https:\/\/pasitoapasito.es\/fr\/wp-json\/wp\/v2\/product_tag?post=45446"}],"curies":[{"name":"wp","href":"https:\/\/api.w.org\/{rel}","templated":true}]}}