{"id":45439,"date":"2026-03-16T12:31:52","date_gmt":"2026-03-16T12:31:52","guid":{"rendered":"https:\/\/pasitoapasito.es\/?post_type=product&#038;p=45439"},"modified":"2026-03-16T12:31:52","modified_gmt":"2026-03-16T12:31:52","slug":"drap-housse-pour-nacelle-lange-little-bloom-vichy-gris","status":"publish","type":"product","link":"https:\/\/pasitoapasito.es\/fr\/produit\/drap-housse-pour-nacelle-lange-little-bloom-vichy-gris\/","title":{"rendered":"DRAP-HOUSSE POUR NACELLE + LANGE LITTLE BLOOM VICHY GRIS"},"content":{"rendered":"<p>Cet ensemble de draps pour couffin ou berceau Little Bloom Vichy gris de Pasito a Pasito est id\u00e9al pour garantir le repos et le bien-\u00eatre de votre b\u00e9b\u00e9 d\u00e8s le premier jour. Il comprend un drap-housse ajustable, confectionn\u00e9 en mousseline 100 % coton, un tissu extra doux et respirant, parfait pour la peau d\u00e9licate du nouveau-n\u00e9. Il comprend \u00e9galement un drap en mousseline imprim\u00e9 de fleurs dans des tons neutres de 120 x 120 cm, fabriqu\u00e9 \u00e0 partir d&rsquo;un m\u00e9lange de 70 % de bambou et 30 % de coton, offrant une texture ultra-l\u00e9g\u00e8re, respirante et polyvalente, id\u00e9ale pour bercer b\u00e9b\u00e9, le prot\u00e9ger du soleil ou comme couverture l\u00e9g\u00e8re \u00e0 tout moment. Des mati\u00e8res d\u00e9licates pour la peau de b\u00e9b\u00e9, id\u00e9ales pour un repos s\u00fbr et agr\u00e9able. Facile \u00e0 laver et \u00e0 entretenir, elles conservent leur douceur lavage apr\u00e8s lavage. Cet ensemble de drap housse et de mousseline Pasito a Pasito est un indispensable dans la layette de b\u00e9b\u00e9, alliant qualit\u00e9, fonctionnalit\u00e9 et design.  Cet ensemble est id\u00e9al pour garder votre b\u00e9b\u00e9 confortablement install\u00e9 et prot\u00e9g\u00e9, avec le style et la qualit\u00e9 qui caract\u00e9risent Pasito a Pasito. Toutes nos housses sont fabriqu\u00e9es conform\u00e9ment aux normes europ\u00e9ennes les plus strictes, avec des mat\u00e9riaux de grande qualit\u00e9, sans colorants azo\u00efques, phtalates ni substances nocives pour la sant\u00e9. Tissu facile \u00e0 nettoyer, lavable en machine \u00e0 30 \u00b0C. Les produits pour b\u00e9b\u00e9s de Pasito a Pasito ont un design tr\u00e8s diff\u00e9rent de tous les autres. Leurs collections se caract\u00e9risent par un travail minutieux, toujours pens\u00e9 d&rsquo;un point de vue pratique. Ils utilisent des mat\u00e9riaux de premi\u00e8re qualit\u00e9 pour souligner l&rsquo;\u00e9l\u00e9gance et l&rsquo;harmonie de chacune de leurs pi\u00e8ces. Nos mod\u00e8les sont exclusifs et ont un style incomparable, pens\u00e9s pour les m\u00e8res d&rsquo;aujourd&rsquo;hui qui ont bon go\u00fbt et qui appr\u00e9cient les d\u00e9tails autant que nous. Caract\u00e9ristiques : Mat\u00e9riaux : drap 100 % coton \/ mousseline 70 % bambou-30 % coton. Dimensions du drap 73 x 32 cm. Mousseline 120 x 120 cm.<\/p>\n","protected":false},"excerpt":{"rendered":"<p>Cet ensemble de draps pour couffin ou berceau Little Bloom Vichy gris de Pasito a Pasito est id\u00e9al pour garantir le repos et le bien-\u00eatre de votre b\u00e9b\u00e9 d\u00e8s le premier jour. Il comprend un drap-housse ajustable, confectionn\u00e9 en mousseline 100 % coton, un tissu extra doux et respirant, parfait pour la peau d\u00e9licate du [&hellip;]<\/p>\n","protected":false},"featured_media":44688,"comment_status":"closed","ping_status":"closed","template":"","meta":{"_acf_changed":false,"inline_featured_image":false},"colecciones":[363],"product_brand":[],"product_cat":[144],"product_tag":[],"class_list":{"0":"post-45439","1":"product","2":"type-product","3":"status-publish","4":"has-post-thumbnail","6":"colecciones-collection-little-bloom","7":"product_cat-housses-pour-nacelle-et-nids-dange","9":"first","10":"instock","11":"purchasable","12":"product-type-simple"},"acf":[],"yoast_head":"<!-- This site is optimized with the Yoast SEO plugin v27.4 - https:\/\/yoast.com\/product\/yoast-seo-wordpress\/ -->\n<title>DRAP-HOUSSE POUR NACELLE + LANGE LITTLE BLOOM VICHY GRIS - Pasito a Pasito<\/title>\n<meta name=\"robots\" content=\"index, follow, max-snippet:-1, max-image-preview:large, max-video-preview:-1\" \/>\n<link rel=\"canonical\" href=\"https:\/\/pasitoapasito.es\/fr\/produit\/drap-housse-pour-nacelle-lange-little-bloom-vichy-gris\/\" \/>\n<meta property=\"og:locale\" content=\"fr_FR\" \/>\n<meta property=\"og:type\" content=\"article\" \/>\n<meta property=\"og:title\" content=\"DRAP-HOUSSE POUR NACELLE + LANGE LITTLE BLOOM VICHY GRIS - Pasito a Pasito\" \/>\n<meta property=\"og:description\" content=\"Cet ensemble de draps pour couffin ou berceau Little Bloom Vichy gris de Pasito a Pasito est id\u00e9al pour garantir le repos et le bien-\u00eatre de votre b\u00e9b\u00e9 d\u00e8s le premier jour. Il comprend un drap-housse ajustable, confectionn\u00e9 en mousseline 100 % coton, un tissu extra doux et respirant, parfait pour la peau d\u00e9licate du [&hellip;]\" \/>\n<meta property=\"og:url\" content=\"https:\/\/pasitoapasito.es\/fr\/produit\/drap-housse-pour-nacelle-lange-little-bloom-vichy-gris\/\" \/>\n<meta property=\"og:site_name\" content=\"Pasito a Pasito\" \/>\n<meta property=\"og:image\" content=\"https:\/\/pasitoapasito.es\/wp-content\/uploads\/2026\/03\/1120900629_a.jpg\" \/>\n\t<meta property=\"og:image:width\" content=\"600\" \/>\n\t<meta property=\"og:image:height\" content=\"600\" \/>\n\t<meta property=\"og:image:type\" content=\"image\/jpeg\" \/>\n<meta name=\"twitter:card\" content=\"summary_large_image\" \/>\n<meta name=\"twitter:label1\" content=\"Dur\u00e9e de lecture estim\u00e9e\" \/>\n\t<meta name=\"twitter:data1\" content=\"2 minutes\" \/>\n<script type=\"application\/ld+json\" class=\"yoast-schema-graph\">{\"@context\":\"https:\\\/\\\/schema.org\",\"@graph\":[{\"@type\":\"WebPage\",\"@id\":\"https:\\\/\\\/pasitoapasito.es\\\/fr\\\/produit\\\/drap-housse-pour-nacelle-lange-little-bloom-vichy-gris\\\/\",\"url\":\"https:\\\/\\\/pasitoapasito.es\\\/fr\\\/produit\\\/drap-housse-pour-nacelle-lange-little-bloom-vichy-gris\\\/\",\"name\":\"DRAP-HOUSSE POUR NACELLE + LANGE LITTLE BLOOM VICHY GRIS - Pasito a Pasito\",\"isPartOf\":{\"@id\":\"https:\\\/\\\/pasitoapasito.es\\\/fr\\\/#website\"},\"primaryImageOfPage\":{\"@id\":\"https:\\\/\\\/pasitoapasito.es\\\/fr\\\/produit\\\/drap-housse-pour-nacelle-lange-little-bloom-vichy-gris\\\/#primaryimage\"},\"image\":{\"@id\":\"https:\\\/\\\/pasitoapasito.es\\\/fr\\\/produit\\\/drap-housse-pour-nacelle-lange-little-bloom-vichy-gris\\\/#primaryimage\"},\"thumbnailUrl\":\"https:\\\/\\\/pasitoapasito.es\\\/wp-content\\\/uploads\\\/2026\\\/03\\\/1120900629_a.jpg\",\"datePublished\":\"2026-03-16T12:31:52+00:00\",\"breadcrumb\":{\"@id\":\"https:\\\/\\\/pasitoapasito.es\\\/fr\\\/produit\\\/drap-housse-pour-nacelle-lange-little-bloom-vichy-gris\\\/#breadcrumb\"},\"inLanguage\":\"fr-FR\",\"potentialAction\":[{\"@type\":\"ReadAction\",\"target\":[\"https:\\\/\\\/pasitoapasito.es\\\/fr\\\/produit\\\/drap-housse-pour-nacelle-lange-little-bloom-vichy-gris\\\/\"]}]},{\"@type\":\"ImageObject\",\"inLanguage\":\"fr-FR\",\"@id\":\"https:\\\/\\\/pasitoapasito.es\\\/fr\\\/produit\\\/drap-housse-pour-nacelle-lange-little-bloom-vichy-gris\\\/#primaryimage\",\"url\":\"https:\\\/\\\/pasitoapasito.es\\\/wp-content\\\/uploads\\\/2026\\\/03\\\/1120900629_a.jpg\",\"contentUrl\":\"https:\\\/\\\/pasitoapasito.es\\\/wp-content\\\/uploads\\\/2026\\\/03\\\/1120900629_a.jpg\",\"width\":600,\"height\":600},{\"@type\":\"BreadcrumbList\",\"@id\":\"https:\\\/\\\/pasitoapasito.es\\\/fr\\\/produit\\\/drap-housse-pour-nacelle-lange-little-bloom-vichy-gris\\\/#breadcrumb\",\"itemListElement\":[{\"@type\":\"ListItem\",\"position\":1,\"name\":\"Tienda\",\"item\":\"https:\\\/\\\/pasitoapasito.es\\\/tienda\\\/\"},{\"@type\":\"ListItem\",\"position\":2,\"name\":\"DRAP-HOUSSE POUR NACELLE + LANGE LITTLE BLOOM VICHY GRIS\"}]},{\"@type\":\"WebSite\",\"@id\":\"https:\\\/\\\/pasitoapasito.es\\\/fr\\\/#website\",\"url\":\"https:\\\/\\\/pasitoapasito.es\\\/fr\\\/\",\"name\":\"Pasito a Pasito\",\"description\":\"\",\"potentialAction\":[{\"@type\":\"SearchAction\",\"target\":{\"@type\":\"EntryPoint\",\"urlTemplate\":\"https:\\\/\\\/pasitoapasito.es\\\/fr\\\/?s={search_term_string}\"},\"query-input\":{\"@type\":\"PropertyValueSpecification\",\"valueRequired\":true,\"valueName\":\"search_term_string\"}}],\"inLanguage\":\"fr-FR\"}]}<\/script>\n<!-- \/ Yoast SEO plugin. -->","yoast_head_json":{"title":"DRAP-HOUSSE POUR NACELLE + LANGE LITTLE BLOOM VICHY GRIS - Pasito a Pasito","robots":{"index":"index","follow":"follow","max-snippet":"max-snippet:-1","max-image-preview":"max-image-preview:large","max-video-preview":"max-video-preview:-1"},"canonical":"https:\/\/pasitoapasito.es\/fr\/produit\/drap-housse-pour-nacelle-lange-little-bloom-vichy-gris\/","og_locale":"fr_FR","og_type":"article","og_title":"DRAP-HOUSSE POUR NACELLE + LANGE LITTLE BLOOM VICHY GRIS - Pasito a Pasito","og_description":"Cet ensemble de draps pour couffin ou berceau Little Bloom Vichy gris de Pasito a Pasito est id\u00e9al pour garantir le repos et le bien-\u00eatre de votre b\u00e9b\u00e9 d\u00e8s le premier jour. Il comprend un drap-housse ajustable, confectionn\u00e9 en mousseline 100 % coton, un tissu extra doux et respirant, parfait pour la peau d\u00e9licate du [&hellip;]","og_url":"https:\/\/pasitoapasito.es\/fr\/produit\/drap-housse-pour-nacelle-lange-little-bloom-vichy-gris\/","og_site_name":"Pasito a Pasito","og_image":[{"width":600,"height":600,"url":"https:\/\/pasitoapasito.es\/wp-content\/uploads\/2026\/03\/1120900629_a.jpg","type":"image\/jpeg"}],"twitter_card":"summary_large_image","twitter_misc":{"Dur\u00e9e de lecture estim\u00e9e":"2 minutes"},"schema":{"@context":"https:\/\/schema.org","@graph":[{"@type":"WebPage","@id":"https:\/\/pasitoapasito.es\/fr\/produit\/drap-housse-pour-nacelle-lange-little-bloom-vichy-gris\/","url":"https:\/\/pasitoapasito.es\/fr\/produit\/drap-housse-pour-nacelle-lange-little-bloom-vichy-gris\/","name":"DRAP-HOUSSE POUR NACELLE + LANGE LITTLE BLOOM VICHY GRIS - Pasito a Pasito","isPartOf":{"@id":"https:\/\/pasitoapasito.es\/fr\/#website"},"primaryImageOfPage":{"@id":"https:\/\/pasitoapasito.es\/fr\/produit\/drap-housse-pour-nacelle-lange-little-bloom-vichy-gris\/#primaryimage"},"image":{"@id":"https:\/\/pasitoapasito.es\/fr\/produit\/drap-housse-pour-nacelle-lange-little-bloom-vichy-gris\/#primaryimage"},"thumbnailUrl":"https:\/\/pasitoapasito.es\/wp-content\/uploads\/2026\/03\/1120900629_a.jpg","datePublished":"2026-03-16T12:31:52+00:00","breadcrumb":{"@id":"https:\/\/pasitoapasito.es\/fr\/produit\/drap-housse-pour-nacelle-lange-little-bloom-vichy-gris\/#breadcrumb"},"inLanguage":"fr-FR","potentialAction":[{"@type":"ReadAction","target":["https:\/\/pasitoapasito.es\/fr\/produit\/drap-housse-pour-nacelle-lange-little-bloom-vichy-gris\/"]}]},{"@type":"ImageObject","inLanguage":"fr-FR","@id":"https:\/\/pasitoapasito.es\/fr\/produit\/drap-housse-pour-nacelle-lange-little-bloom-vichy-gris\/#primaryimage","url":"https:\/\/pasitoapasito.es\/wp-content\/uploads\/2026\/03\/1120900629_a.jpg","contentUrl":"https:\/\/pasitoapasito.es\/wp-content\/uploads\/2026\/03\/1120900629_a.jpg","width":600,"height":600},{"@type":"BreadcrumbList","@id":"https:\/\/pasitoapasito.es\/fr\/produit\/drap-housse-pour-nacelle-lange-little-bloom-vichy-gris\/#breadcrumb","itemListElement":[{"@type":"ListItem","position":1,"name":"Tienda","item":"https:\/\/pasitoapasito.es\/tienda\/"},{"@type":"ListItem","position":2,"name":"DRAP-HOUSSE POUR NACELLE + LANGE LITTLE BLOOM VICHY GRIS"}]},{"@type":"WebSite","@id":"https:\/\/pasitoapasito.es\/fr\/#website","url":"https:\/\/pasitoapasito.es\/fr\/","name":"Pasito a Pasito","description":"","potentialAction":[{"@type":"SearchAction","target":{"@type":"EntryPoint","urlTemplate":"https:\/\/pasitoapasito.es\/fr\/?s={search_term_string}"},"query-input":{"@type":"PropertyValueSpecification","valueRequired":true,"valueName":"search_term_string"}}],"inLanguage":"fr-FR"}]}},"_links":{"self":[{"href":"https:\/\/pasitoapasito.es\/fr\/wp-json\/wp\/v2\/product\/45439","targetHints":{"allow":["GET"]}}],"collection":[{"href":"https:\/\/pasitoapasito.es\/fr\/wp-json\/wp\/v2\/product"}],"about":[{"href":"https:\/\/pasitoapasito.es\/fr\/wp-json\/wp\/v2\/types\/product"}],"replies":[{"embeddable":true,"href":"https:\/\/pasitoapasito.es\/fr\/wp-json\/wp\/v2\/comments?post=45439"}],"wp:featuredmedia":[{"embeddable":true,"href":"https:\/\/pasitoapasito.es\/fr\/wp-json\/wp\/v2\/media\/44688"}],"wp:attachment":[{"href":"https:\/\/pasitoapasito.es\/fr\/wp-json\/wp\/v2\/media?parent=45439"}],"wp:term":[{"taxonomy":"colecciones","embeddable":true,"href":"https:\/\/pasitoapasito.es\/fr\/wp-json\/wp\/v2\/colecciones?post=45439"},{"taxonomy":"product_brand","embeddable":true,"href":"https:\/\/pasitoapasito.es\/fr\/wp-json\/wp\/v2\/product_brand?post=45439"},{"taxonomy":"product_cat","embeddable":true,"href":"https:\/\/pasitoapasito.es\/fr\/wp-json\/wp\/v2\/product_cat?post=45439"},{"taxonomy":"product_tag","embeddable":true,"href":"https:\/\/pasitoapasito.es\/fr\/wp-json\/wp\/v2\/product_tag?post=45439"}],"curies":[{"name":"wp","href":"https:\/\/api.w.org\/{rel}","templated":true}]}}