{"id":45435,"date":"2026-03-16T12:31:51","date_gmt":"2026-03-16T12:31:51","guid":{"rendered":"https:\/\/pasitoapasito.es\/?post_type=product&#038;p=45435"},"modified":"2026-03-16T12:31:51","modified_gmt":"2026-03-16T12:31:51","slug":"housse-de-nacelle-avec-tiges-drap-housse-pour-nacelle-little-bloom-fleurs-gris","status":"publish","type":"product","link":"https:\/\/pasitoapasito.es\/fr\/produit\/housse-de-nacelle-avec-tiges-drap-housse-pour-nacelle-little-bloom-fleurs-gris\/","title":{"rendered":"HOUSSE DE NACELLE AVEC TIGES + DRAP-HOUSSE POUR NACELLE LITTLE BLOOM FLEURS GRIS"},"content":{"rendered":"<p>La housse de nacelle avec armatures et drap-housse ajustable Little Bloom Flor gris de Pasito a Pasito est l&rsquo;accessoire parfait pour apporter douceur et \u00e9l\u00e9gance \u00e0 la nacelle de votre b\u00e9b\u00e9. Fabriqu\u00e9e en 100 % coton, elle garantit un toucher d\u00e9licat et respirant, id\u00e9al pour la peau sensible du nouveau-n\u00e9. La housse de nacelle avec armatures s&rsquo;adapte parfaitement \u00e0 l&rsquo;int\u00e9rieur de la nacelle. Vous pouvez facilement couper les tiges si n\u00e9cessaire pour l&rsquo;adapter \u00e0 la taille de la nacelle. Sa conception ajustable avec des liens garantit une adaptation parfaite \u00e0 la nacelle, offrant une finition enveloppante et s\u00fbre avec un charmant motif floral. Le drap-housse ajustable, confectionn\u00e9 en mousseline 100 % coton, offre une douceur exceptionnelle et une respirabilit\u00e9 optimale, assurant le confort du b\u00e9b\u00e9 \u00e0 tout moment. Compatible avec la plupart des nacelles. Cet ensemble est id\u00e9al pour garder votre b\u00e9b\u00e9 confortablement install\u00e9 et prot\u00e9g\u00e9, avec le style et la qualit\u00e9 qui caract\u00e9risent Pasito a Pasito. Toutes nos housses sont fabriqu\u00e9es conform\u00e9ment aux normes europ\u00e9ennes les plus strictes, avec des mat\u00e9riaux de grande qualit\u00e9, sans colorants azo\u00efques, phtalates ni substances nocives pour la sant\u00e9. Tissu facile \u00e0 nettoyer, lavable en machine \u00e0 30 \u00b0C. Les produits pour b\u00e9b\u00e9s de Pasito a Pasito ont un design tr\u00e8s diff\u00e9rent de tous les autres. Leurs collections se caract\u00e9risent par un travail minutieux, toujours pens\u00e9 d&rsquo;un point de vue pratique. Ils utilisent des mat\u00e9riaux de premi\u00e8re qualit\u00e9 pour souligner l&rsquo;\u00e9l\u00e9gance et l&rsquo;harmonie de chacune de leurs pi\u00e8ces. Nos mod\u00e8les sont exclusifs et ont un style incomparable, pens\u00e9s pour les m\u00e8res d&rsquo;aujourd&rsquo;hui qui ont bon go\u00fbt et qui appr\u00e9cient les d\u00e9tails autant que nous. Caract\u00e9ristiques : Mat\u00e9riaux : 100 % coton. Taille universelle.<\/p>\n","protected":false},"excerpt":{"rendered":"<p>La housse de nacelle avec armatures et drap-housse ajustable Little Bloom Flor gris de Pasito a Pasito est l&rsquo;accessoire parfait pour apporter douceur et \u00e9l\u00e9gance \u00e0 la nacelle de votre b\u00e9b\u00e9. Fabriqu\u00e9e en 100 % coton, elle garantit un toucher d\u00e9licat et respirant, id\u00e9al pour la peau sensible du nouveau-n\u00e9. La housse de nacelle avec [&hellip;]<\/p>\n","protected":false},"featured_media":44616,"comment_status":"closed","ping_status":"closed","template":"","meta":{"_acf_changed":false,"inline_featured_image":false},"colecciones":[363],"product_brand":[],"product_cat":[144],"product_tag":[],"class_list":{"0":"post-45435","1":"product","2":"type-product","3":"status-publish","4":"has-post-thumbnail","6":"colecciones-collection-little-bloom","7":"product_cat-housses-pour-nacelle-et-nids-dange","9":"first","10":"instock","11":"purchasable","12":"product-type-simple"},"acf":[],"yoast_head":"<!-- This site is optimized with the Yoast SEO plugin v27.4 - https:\/\/yoast.com\/product\/yoast-seo-wordpress\/ -->\n<title>HOUSSE DE NACELLE AVEC TIGES + DRAP-HOUSSE POUR NACELLE LITTLE BLOOM FLEURS GRIS - Pasito a Pasito<\/title>\n<meta name=\"robots\" content=\"index, follow, max-snippet:-1, max-image-preview:large, max-video-preview:-1\" \/>\n<link rel=\"canonical\" href=\"https:\/\/pasitoapasito.es\/fr\/produit\/housse-de-nacelle-avec-tiges-drap-housse-pour-nacelle-little-bloom-fleurs-gris\/\" \/>\n<meta property=\"og:locale\" content=\"fr_FR\" \/>\n<meta property=\"og:type\" content=\"article\" \/>\n<meta property=\"og:title\" content=\"HOUSSE DE NACELLE AVEC TIGES + DRAP-HOUSSE POUR NACELLE LITTLE BLOOM FLEURS GRIS - Pasito a Pasito\" \/>\n<meta property=\"og:description\" content=\"La housse de nacelle avec armatures et drap-housse ajustable Little Bloom Flor gris de Pasito a Pasito est l&rsquo;accessoire parfait pour apporter douceur et \u00e9l\u00e9gance \u00e0 la nacelle de votre b\u00e9b\u00e9. Fabriqu\u00e9e en 100 % coton, elle garantit un toucher d\u00e9licat et respirant, id\u00e9al pour la peau sensible du nouveau-n\u00e9. La housse de nacelle avec [&hellip;]\" \/>\n<meta property=\"og:url\" content=\"https:\/\/pasitoapasito.es\/fr\/produit\/housse-de-nacelle-avec-tiges-drap-housse-pour-nacelle-little-bloom-fleurs-gris\/\" \/>\n<meta property=\"og:site_name\" content=\"Pasito a Pasito\" \/>\n<meta property=\"og:image\" content=\"https:\/\/pasitoapasito.es\/wp-content\/uploads\/2026\/03\/1120900626_a.jpg\" \/>\n\t<meta property=\"og:image:width\" content=\"600\" \/>\n\t<meta property=\"og:image:height\" content=\"600\" \/>\n\t<meta property=\"og:image:type\" content=\"image\/jpeg\" \/>\n<meta name=\"twitter:card\" content=\"summary_large_image\" \/>\n<meta name=\"twitter:label1\" content=\"Dur\u00e9e de lecture estim\u00e9e\" \/>\n\t<meta name=\"twitter:data1\" content=\"1 minute\" \/>\n<script type=\"application\/ld+json\" class=\"yoast-schema-graph\">{\"@context\":\"https:\\\/\\\/schema.org\",\"@graph\":[{\"@type\":\"WebPage\",\"@id\":\"https:\\\/\\\/pasitoapasito.es\\\/fr\\\/produit\\\/housse-de-nacelle-avec-tiges-drap-housse-pour-nacelle-little-bloom-fleurs-gris\\\/\",\"url\":\"https:\\\/\\\/pasitoapasito.es\\\/fr\\\/produit\\\/housse-de-nacelle-avec-tiges-drap-housse-pour-nacelle-little-bloom-fleurs-gris\\\/\",\"name\":\"HOUSSE DE NACELLE AVEC TIGES + DRAP-HOUSSE POUR NACELLE LITTLE BLOOM FLEURS GRIS - Pasito a Pasito\",\"isPartOf\":{\"@id\":\"https:\\\/\\\/pasitoapasito.es\\\/fr\\\/#website\"},\"primaryImageOfPage\":{\"@id\":\"https:\\\/\\\/pasitoapasito.es\\\/fr\\\/produit\\\/housse-de-nacelle-avec-tiges-drap-housse-pour-nacelle-little-bloom-fleurs-gris\\\/#primaryimage\"},\"image\":{\"@id\":\"https:\\\/\\\/pasitoapasito.es\\\/fr\\\/produit\\\/housse-de-nacelle-avec-tiges-drap-housse-pour-nacelle-little-bloom-fleurs-gris\\\/#primaryimage\"},\"thumbnailUrl\":\"https:\\\/\\\/pasitoapasito.es\\\/wp-content\\\/uploads\\\/2026\\\/03\\\/1120900626_a.jpg\",\"datePublished\":\"2026-03-16T12:31:51+00:00\",\"breadcrumb\":{\"@id\":\"https:\\\/\\\/pasitoapasito.es\\\/fr\\\/produit\\\/housse-de-nacelle-avec-tiges-drap-housse-pour-nacelle-little-bloom-fleurs-gris\\\/#breadcrumb\"},\"inLanguage\":\"fr-FR\",\"potentialAction\":[{\"@type\":\"ReadAction\",\"target\":[\"https:\\\/\\\/pasitoapasito.es\\\/fr\\\/produit\\\/housse-de-nacelle-avec-tiges-drap-housse-pour-nacelle-little-bloom-fleurs-gris\\\/\"]}]},{\"@type\":\"ImageObject\",\"inLanguage\":\"fr-FR\",\"@id\":\"https:\\\/\\\/pasitoapasito.es\\\/fr\\\/produit\\\/housse-de-nacelle-avec-tiges-drap-housse-pour-nacelle-little-bloom-fleurs-gris\\\/#primaryimage\",\"url\":\"https:\\\/\\\/pasitoapasito.es\\\/wp-content\\\/uploads\\\/2026\\\/03\\\/1120900626_a.jpg\",\"contentUrl\":\"https:\\\/\\\/pasitoapasito.es\\\/wp-content\\\/uploads\\\/2026\\\/03\\\/1120900626_a.jpg\",\"width\":600,\"height\":600},{\"@type\":\"BreadcrumbList\",\"@id\":\"https:\\\/\\\/pasitoapasito.es\\\/fr\\\/produit\\\/housse-de-nacelle-avec-tiges-drap-housse-pour-nacelle-little-bloom-fleurs-gris\\\/#breadcrumb\",\"itemListElement\":[{\"@type\":\"ListItem\",\"position\":1,\"name\":\"Tienda\",\"item\":\"https:\\\/\\\/pasitoapasito.es\\\/tienda\\\/\"},{\"@type\":\"ListItem\",\"position\":2,\"name\":\"HOUSSE DE NACELLE AVEC TIGES + DRAP-HOUSSE POUR NACELLE LITTLE BLOOM FLEURS GRIS\"}]},{\"@type\":\"WebSite\",\"@id\":\"https:\\\/\\\/pasitoapasito.es\\\/fr\\\/#website\",\"url\":\"https:\\\/\\\/pasitoapasito.es\\\/fr\\\/\",\"name\":\"Pasito a Pasito\",\"description\":\"\",\"potentialAction\":[{\"@type\":\"SearchAction\",\"target\":{\"@type\":\"EntryPoint\",\"urlTemplate\":\"https:\\\/\\\/pasitoapasito.es\\\/fr\\\/?s={search_term_string}\"},\"query-input\":{\"@type\":\"PropertyValueSpecification\",\"valueRequired\":true,\"valueName\":\"search_term_string\"}}],\"inLanguage\":\"fr-FR\"}]}<\/script>\n<!-- \/ Yoast SEO plugin. -->","yoast_head_json":{"title":"HOUSSE DE NACELLE AVEC TIGES + DRAP-HOUSSE POUR NACELLE LITTLE BLOOM FLEURS GRIS - Pasito a Pasito","robots":{"index":"index","follow":"follow","max-snippet":"max-snippet:-1","max-image-preview":"max-image-preview:large","max-video-preview":"max-video-preview:-1"},"canonical":"https:\/\/pasitoapasito.es\/fr\/produit\/housse-de-nacelle-avec-tiges-drap-housse-pour-nacelle-little-bloom-fleurs-gris\/","og_locale":"fr_FR","og_type":"article","og_title":"HOUSSE DE NACELLE AVEC TIGES + DRAP-HOUSSE POUR NACELLE LITTLE BLOOM FLEURS GRIS - Pasito a Pasito","og_description":"La housse de nacelle avec armatures et drap-housse ajustable Little Bloom Flor gris de Pasito a Pasito est l&rsquo;accessoire parfait pour apporter douceur et \u00e9l\u00e9gance \u00e0 la nacelle de votre b\u00e9b\u00e9. Fabriqu\u00e9e en 100 % coton, elle garantit un toucher d\u00e9licat et respirant, id\u00e9al pour la peau sensible du nouveau-n\u00e9. La housse de nacelle avec [&hellip;]","og_url":"https:\/\/pasitoapasito.es\/fr\/produit\/housse-de-nacelle-avec-tiges-drap-housse-pour-nacelle-little-bloom-fleurs-gris\/","og_site_name":"Pasito a Pasito","og_image":[{"width":600,"height":600,"url":"https:\/\/pasitoapasito.es\/wp-content\/uploads\/2026\/03\/1120900626_a.jpg","type":"image\/jpeg"}],"twitter_card":"summary_large_image","twitter_misc":{"Dur\u00e9e de lecture estim\u00e9e":"1 minute"},"schema":{"@context":"https:\/\/schema.org","@graph":[{"@type":"WebPage","@id":"https:\/\/pasitoapasito.es\/fr\/produit\/housse-de-nacelle-avec-tiges-drap-housse-pour-nacelle-little-bloom-fleurs-gris\/","url":"https:\/\/pasitoapasito.es\/fr\/produit\/housse-de-nacelle-avec-tiges-drap-housse-pour-nacelle-little-bloom-fleurs-gris\/","name":"HOUSSE DE NACELLE AVEC TIGES + DRAP-HOUSSE POUR NACELLE LITTLE BLOOM FLEURS GRIS - Pasito a Pasito","isPartOf":{"@id":"https:\/\/pasitoapasito.es\/fr\/#website"},"primaryImageOfPage":{"@id":"https:\/\/pasitoapasito.es\/fr\/produit\/housse-de-nacelle-avec-tiges-drap-housse-pour-nacelle-little-bloom-fleurs-gris\/#primaryimage"},"image":{"@id":"https:\/\/pasitoapasito.es\/fr\/produit\/housse-de-nacelle-avec-tiges-drap-housse-pour-nacelle-little-bloom-fleurs-gris\/#primaryimage"},"thumbnailUrl":"https:\/\/pasitoapasito.es\/wp-content\/uploads\/2026\/03\/1120900626_a.jpg","datePublished":"2026-03-16T12:31:51+00:00","breadcrumb":{"@id":"https:\/\/pasitoapasito.es\/fr\/produit\/housse-de-nacelle-avec-tiges-drap-housse-pour-nacelle-little-bloom-fleurs-gris\/#breadcrumb"},"inLanguage":"fr-FR","potentialAction":[{"@type":"ReadAction","target":["https:\/\/pasitoapasito.es\/fr\/produit\/housse-de-nacelle-avec-tiges-drap-housse-pour-nacelle-little-bloom-fleurs-gris\/"]}]},{"@type":"ImageObject","inLanguage":"fr-FR","@id":"https:\/\/pasitoapasito.es\/fr\/produit\/housse-de-nacelle-avec-tiges-drap-housse-pour-nacelle-little-bloom-fleurs-gris\/#primaryimage","url":"https:\/\/pasitoapasito.es\/wp-content\/uploads\/2026\/03\/1120900626_a.jpg","contentUrl":"https:\/\/pasitoapasito.es\/wp-content\/uploads\/2026\/03\/1120900626_a.jpg","width":600,"height":600},{"@type":"BreadcrumbList","@id":"https:\/\/pasitoapasito.es\/fr\/produit\/housse-de-nacelle-avec-tiges-drap-housse-pour-nacelle-little-bloom-fleurs-gris\/#breadcrumb","itemListElement":[{"@type":"ListItem","position":1,"name":"Tienda","item":"https:\/\/pasitoapasito.es\/tienda\/"},{"@type":"ListItem","position":2,"name":"HOUSSE DE NACELLE AVEC TIGES + DRAP-HOUSSE POUR NACELLE LITTLE BLOOM FLEURS GRIS"}]},{"@type":"WebSite","@id":"https:\/\/pasitoapasito.es\/fr\/#website","url":"https:\/\/pasitoapasito.es\/fr\/","name":"Pasito a Pasito","description":"","potentialAction":[{"@type":"SearchAction","target":{"@type":"EntryPoint","urlTemplate":"https:\/\/pasitoapasito.es\/fr\/?s={search_term_string}"},"query-input":{"@type":"PropertyValueSpecification","valueRequired":true,"valueName":"search_term_string"}}],"inLanguage":"fr-FR"}]}},"_links":{"self":[{"href":"https:\/\/pasitoapasito.es\/fr\/wp-json\/wp\/v2\/product\/45435","targetHints":{"allow":["GET"]}}],"collection":[{"href":"https:\/\/pasitoapasito.es\/fr\/wp-json\/wp\/v2\/product"}],"about":[{"href":"https:\/\/pasitoapasito.es\/fr\/wp-json\/wp\/v2\/types\/product"}],"replies":[{"embeddable":true,"href":"https:\/\/pasitoapasito.es\/fr\/wp-json\/wp\/v2\/comments?post=45435"}],"wp:featuredmedia":[{"embeddable":true,"href":"https:\/\/pasitoapasito.es\/fr\/wp-json\/wp\/v2\/media\/44616"}],"wp:attachment":[{"href":"https:\/\/pasitoapasito.es\/fr\/wp-json\/wp\/v2\/media?parent=45435"}],"wp:term":[{"taxonomy":"colecciones","embeddable":true,"href":"https:\/\/pasitoapasito.es\/fr\/wp-json\/wp\/v2\/colecciones?post=45435"},{"taxonomy":"product_brand","embeddable":true,"href":"https:\/\/pasitoapasito.es\/fr\/wp-json\/wp\/v2\/product_brand?post=45435"},{"taxonomy":"product_cat","embeddable":true,"href":"https:\/\/pasitoapasito.es\/fr\/wp-json\/wp\/v2\/product_cat?post=45435"},{"taxonomy":"product_tag","embeddable":true,"href":"https:\/\/pasitoapasito.es\/fr\/wp-json\/wp\/v2\/product_tag?post=45435"}],"curies":[{"name":"wp","href":"https:\/\/api.w.org\/{rel}","templated":true}]}}