{"id":45429,"date":"2026-03-16T12:31:50","date_gmt":"2026-03-16T12:31:50","guid":{"rendered":"https:\/\/pasitoapasito.es\/?post_type=product&#038;p=45429"},"modified":"2026-03-16T12:31:50","modified_gmt":"2026-03-16T12:31:50","slug":"chanceliere-hiver-little-bloom-vichy-gris-tog-35","status":"publish","type":"product","link":"https:\/\/pasitoapasito.es\/fr\/produit\/chanceliere-hiver-little-bloom-vichy-gris-tog-35\/","title":{"rendered":"CHANCELIERE HIVER LITTLE BLOOM VICHY GRIS TOG 3,5"},"content":{"rendered":"<p>La chanceli\u00e8re d&rsquo;hiver Little Bloom Vichy gris de Pasito a Pasito a \u00e9t\u00e9 con\u00e7ue pour offrir un maximum de confort et de protection lors des promenades par temps froid, alliant fonctionnalit\u00e9 et style d\u00e9licat et intemporel. Son int\u00e9rieur en velours doux procure une agr\u00e9able sensation de chaleur et de bien-\u00eatre au b\u00e9b\u00e9, tandis que l&rsquo;ext\u00e9rieur en cuir vegan 100 % PVC imperm\u00e9able prot\u00e8ge du vent et de l&rsquo;humidit\u00e9. Il est dot\u00e9 d&rsquo;une grille arri\u00e8re respirante, qui favorise la ventilation et am\u00e9liore l&rsquo;adaptation \u00e0 la poussette, ainsi que d&rsquo;un repose-pieds en polyester r\u00e9sistant \u00e0 l&rsquo;usage quotidien. Avec un niveau thermique TOG 3,5 (Thermal Overall grade), il garantit une excellente capacit\u00e9 de r\u00e9tention de la chaleur, id\u00e9ale pour l&rsquo;hiver. Son design universel lui permet de s&rsquo;adapter facilement \u00e0 la plupart des poussettes. Une chanceli\u00e8re pratique, \u00e9l\u00e9gante et confortable, con\u00e7ue pour accompagner chaque promenade avec la qualit\u00e9 et le soin caract\u00e9ristiques de Pasito a Pasito. Toutes nos housses sont fabriqu\u00e9es conform\u00e9ment aux normes europ\u00e9ennes les plus strictes, avec des mat\u00e9riaux de haute qualit\u00e9, sans colorants azo\u00efques, phtalates et substances nocives pour la sant\u00e9. Facile \u00e0 nettoyer, il est recommand\u00e9 de la laver en machine \u00e0 30 \u00b0C. Les produits pour b\u00e9b\u00e9s de Pasito a Pasito ont un design tr\u00e8s diff\u00e9rent de tous les autres. Leurs collections se caract\u00e9risent par un travail minutieux, toujours pens\u00e9 d&rsquo;un point de vue pratique. Ils utilisent des mat\u00e9riaux de premi\u00e8re qualit\u00e9 pour souligner l&rsquo;\u00e9l\u00e9gance et l&rsquo;harmonie de chacune de leurs pi\u00e8ces. Nos mod\u00e8les sont exclusifs et ont un style incomparable, pens\u00e9s pour les m\u00e8res d&rsquo;aujourd&rsquo;hui qui ont bon go\u00fbt et qui appr\u00e9cient les d\u00e9tails autant que nous. Mat\u00e9riaux : ext\u00e9rieur 100 % cuir vegan \u2013 int\u00e9rieur 100 % polyester. Taille universelle. TOG 3,5  (Thermal Overall Grade)<\/p>\n","protected":false},"excerpt":{"rendered":"<p>La chanceli\u00e8re d&rsquo;hiver Little Bloom Vichy gris de Pasito a Pasito a \u00e9t\u00e9 con\u00e7ue pour offrir un maximum de confort et de protection lors des promenades par temps froid, alliant fonctionnalit\u00e9 et style d\u00e9licat et intemporel. Son int\u00e9rieur en velours doux procure une agr\u00e9able sensation de chaleur et de bien-\u00eatre au b\u00e9b\u00e9, tandis que l&rsquo;ext\u00e9rieur [&hellip;]<\/p>\n","protected":false},"featured_media":44518,"comment_status":"closed","ping_status":"closed","template":"","meta":{"_acf_changed":false,"inline_featured_image":false},"colecciones":[363],"product_brand":[],"product_cat":[125],"product_tag":[],"class_list":{"0":"post-45429","1":"product","2":"type-product","3":"status-publish","4":"has-post-thumbnail","6":"colecciones-collection-little-bloom","7":"product_cat-sin-categorizar-it","9":"first","10":"instock","11":"purchasable","12":"product-type-simple"},"acf":[],"yoast_head":"<!-- This site is optimized with the Yoast SEO plugin v27.4 - https:\/\/yoast.com\/product\/yoast-seo-wordpress\/ -->\n<title>CHANCELIERE HIVER LITTLE BLOOM VICHY GRIS TOG 3,5 - Pasito a Pasito<\/title>\n<meta name=\"robots\" content=\"index, follow, max-snippet:-1, max-image-preview:large, max-video-preview:-1\" \/>\n<link rel=\"canonical\" href=\"https:\/\/pasitoapasito.es\/fr\/produit\/chanceliere-hiver-little-bloom-vichy-gris-tog-35\/\" \/>\n<meta property=\"og:locale\" content=\"fr_FR\" \/>\n<meta property=\"og:type\" content=\"article\" \/>\n<meta property=\"og:title\" content=\"CHANCELIERE HIVER LITTLE BLOOM VICHY GRIS TOG 3,5 - Pasito a Pasito\" \/>\n<meta property=\"og:description\" content=\"La chanceli\u00e8re d&rsquo;hiver Little Bloom Vichy gris de Pasito a Pasito a \u00e9t\u00e9 con\u00e7ue pour offrir un maximum de confort et de protection lors des promenades par temps froid, alliant fonctionnalit\u00e9 et style d\u00e9licat et intemporel. Son int\u00e9rieur en velours doux procure une agr\u00e9able sensation de chaleur et de bien-\u00eatre au b\u00e9b\u00e9, tandis que l&rsquo;ext\u00e9rieur [&hellip;]\" \/>\n<meta property=\"og:url\" content=\"https:\/\/pasitoapasito.es\/fr\/produit\/chanceliere-hiver-little-bloom-vichy-gris-tog-35\/\" \/>\n<meta property=\"og:site_name\" content=\"Pasito a Pasito\" \/>\n<meta property=\"og:image\" content=\"https:\/\/pasitoapasito.es\/wp-content\/uploads\/2026\/03\/1120900621_a.jpg\" \/>\n\t<meta property=\"og:image:width\" content=\"600\" \/>\n\t<meta property=\"og:image:height\" content=\"600\" \/>\n\t<meta property=\"og:image:type\" content=\"image\/jpeg\" \/>\n<meta name=\"twitter:card\" content=\"summary_large_image\" \/>\n<meta name=\"twitter:label1\" content=\"Dur\u00e9e de lecture estim\u00e9e\" \/>\n\t<meta name=\"twitter:data1\" content=\"2 minutes\" \/>\n<script type=\"application\/ld+json\" class=\"yoast-schema-graph\">{\"@context\":\"https:\\\/\\\/schema.org\",\"@graph\":[{\"@type\":\"WebPage\",\"@id\":\"https:\\\/\\\/pasitoapasito.es\\\/fr\\\/produit\\\/chanceliere-hiver-little-bloom-vichy-gris-tog-35\\\/\",\"url\":\"https:\\\/\\\/pasitoapasito.es\\\/fr\\\/produit\\\/chanceliere-hiver-little-bloom-vichy-gris-tog-35\\\/\",\"name\":\"CHANCELIERE HIVER LITTLE BLOOM VICHY GRIS TOG 3,5 - Pasito a Pasito\",\"isPartOf\":{\"@id\":\"https:\\\/\\\/pasitoapasito.es\\\/fr\\\/#website\"},\"primaryImageOfPage\":{\"@id\":\"https:\\\/\\\/pasitoapasito.es\\\/fr\\\/produit\\\/chanceliere-hiver-little-bloom-vichy-gris-tog-35\\\/#primaryimage\"},\"image\":{\"@id\":\"https:\\\/\\\/pasitoapasito.es\\\/fr\\\/produit\\\/chanceliere-hiver-little-bloom-vichy-gris-tog-35\\\/#primaryimage\"},\"thumbnailUrl\":\"https:\\\/\\\/pasitoapasito.es\\\/wp-content\\\/uploads\\\/2026\\\/03\\\/1120900621_a.jpg\",\"datePublished\":\"2026-03-16T12:31:50+00:00\",\"breadcrumb\":{\"@id\":\"https:\\\/\\\/pasitoapasito.es\\\/fr\\\/produit\\\/chanceliere-hiver-little-bloom-vichy-gris-tog-35\\\/#breadcrumb\"},\"inLanguage\":\"fr-FR\",\"potentialAction\":[{\"@type\":\"ReadAction\",\"target\":[\"https:\\\/\\\/pasitoapasito.es\\\/fr\\\/produit\\\/chanceliere-hiver-little-bloom-vichy-gris-tog-35\\\/\"]}]},{\"@type\":\"ImageObject\",\"inLanguage\":\"fr-FR\",\"@id\":\"https:\\\/\\\/pasitoapasito.es\\\/fr\\\/produit\\\/chanceliere-hiver-little-bloom-vichy-gris-tog-35\\\/#primaryimage\",\"url\":\"https:\\\/\\\/pasitoapasito.es\\\/wp-content\\\/uploads\\\/2026\\\/03\\\/1120900621_a.jpg\",\"contentUrl\":\"https:\\\/\\\/pasitoapasito.es\\\/wp-content\\\/uploads\\\/2026\\\/03\\\/1120900621_a.jpg\",\"width\":600,\"height\":600},{\"@type\":\"BreadcrumbList\",\"@id\":\"https:\\\/\\\/pasitoapasito.es\\\/fr\\\/produit\\\/chanceliere-hiver-little-bloom-vichy-gris-tog-35\\\/#breadcrumb\",\"itemListElement\":[{\"@type\":\"ListItem\",\"position\":1,\"name\":\"Tienda\",\"item\":\"https:\\\/\\\/pasitoapasito.es\\\/tienda\\\/\"},{\"@type\":\"ListItem\",\"position\":2,\"name\":\"CHANCELIERE HIVER LITTLE BLOOM VICHY GRIS TOG 3,5\"}]},{\"@type\":\"WebSite\",\"@id\":\"https:\\\/\\\/pasitoapasito.es\\\/fr\\\/#website\",\"url\":\"https:\\\/\\\/pasitoapasito.es\\\/fr\\\/\",\"name\":\"Pasito a Pasito\",\"description\":\"\",\"potentialAction\":[{\"@type\":\"SearchAction\",\"target\":{\"@type\":\"EntryPoint\",\"urlTemplate\":\"https:\\\/\\\/pasitoapasito.es\\\/fr\\\/?s={search_term_string}\"},\"query-input\":{\"@type\":\"PropertyValueSpecification\",\"valueRequired\":true,\"valueName\":\"search_term_string\"}}],\"inLanguage\":\"fr-FR\"}]}<\/script>\n<!-- \/ Yoast SEO plugin. -->","yoast_head_json":{"title":"CHANCELIERE HIVER LITTLE BLOOM VICHY GRIS TOG 3,5 - Pasito a Pasito","robots":{"index":"index","follow":"follow","max-snippet":"max-snippet:-1","max-image-preview":"max-image-preview:large","max-video-preview":"max-video-preview:-1"},"canonical":"https:\/\/pasitoapasito.es\/fr\/produit\/chanceliere-hiver-little-bloom-vichy-gris-tog-35\/","og_locale":"fr_FR","og_type":"article","og_title":"CHANCELIERE HIVER LITTLE BLOOM VICHY GRIS TOG 3,5 - Pasito a Pasito","og_description":"La chanceli\u00e8re d&rsquo;hiver Little Bloom Vichy gris de Pasito a Pasito a \u00e9t\u00e9 con\u00e7ue pour offrir un maximum de confort et de protection lors des promenades par temps froid, alliant fonctionnalit\u00e9 et style d\u00e9licat et intemporel. Son int\u00e9rieur en velours doux procure une agr\u00e9able sensation de chaleur et de bien-\u00eatre au b\u00e9b\u00e9, tandis que l&rsquo;ext\u00e9rieur [&hellip;]","og_url":"https:\/\/pasitoapasito.es\/fr\/produit\/chanceliere-hiver-little-bloom-vichy-gris-tog-35\/","og_site_name":"Pasito a Pasito","og_image":[{"width":600,"height":600,"url":"https:\/\/pasitoapasito.es\/wp-content\/uploads\/2026\/03\/1120900621_a.jpg","type":"image\/jpeg"}],"twitter_card":"summary_large_image","twitter_misc":{"Dur\u00e9e de lecture estim\u00e9e":"2 minutes"},"schema":{"@context":"https:\/\/schema.org","@graph":[{"@type":"WebPage","@id":"https:\/\/pasitoapasito.es\/fr\/produit\/chanceliere-hiver-little-bloom-vichy-gris-tog-35\/","url":"https:\/\/pasitoapasito.es\/fr\/produit\/chanceliere-hiver-little-bloom-vichy-gris-tog-35\/","name":"CHANCELIERE HIVER LITTLE BLOOM VICHY GRIS TOG 3,5 - Pasito a Pasito","isPartOf":{"@id":"https:\/\/pasitoapasito.es\/fr\/#website"},"primaryImageOfPage":{"@id":"https:\/\/pasitoapasito.es\/fr\/produit\/chanceliere-hiver-little-bloom-vichy-gris-tog-35\/#primaryimage"},"image":{"@id":"https:\/\/pasitoapasito.es\/fr\/produit\/chanceliere-hiver-little-bloom-vichy-gris-tog-35\/#primaryimage"},"thumbnailUrl":"https:\/\/pasitoapasito.es\/wp-content\/uploads\/2026\/03\/1120900621_a.jpg","datePublished":"2026-03-16T12:31:50+00:00","breadcrumb":{"@id":"https:\/\/pasitoapasito.es\/fr\/produit\/chanceliere-hiver-little-bloom-vichy-gris-tog-35\/#breadcrumb"},"inLanguage":"fr-FR","potentialAction":[{"@type":"ReadAction","target":["https:\/\/pasitoapasito.es\/fr\/produit\/chanceliere-hiver-little-bloom-vichy-gris-tog-35\/"]}]},{"@type":"ImageObject","inLanguage":"fr-FR","@id":"https:\/\/pasitoapasito.es\/fr\/produit\/chanceliere-hiver-little-bloom-vichy-gris-tog-35\/#primaryimage","url":"https:\/\/pasitoapasito.es\/wp-content\/uploads\/2026\/03\/1120900621_a.jpg","contentUrl":"https:\/\/pasitoapasito.es\/wp-content\/uploads\/2026\/03\/1120900621_a.jpg","width":600,"height":600},{"@type":"BreadcrumbList","@id":"https:\/\/pasitoapasito.es\/fr\/produit\/chanceliere-hiver-little-bloom-vichy-gris-tog-35\/#breadcrumb","itemListElement":[{"@type":"ListItem","position":1,"name":"Tienda","item":"https:\/\/pasitoapasito.es\/tienda\/"},{"@type":"ListItem","position":2,"name":"CHANCELIERE HIVER LITTLE BLOOM VICHY GRIS TOG 3,5"}]},{"@type":"WebSite","@id":"https:\/\/pasitoapasito.es\/fr\/#website","url":"https:\/\/pasitoapasito.es\/fr\/","name":"Pasito a Pasito","description":"","potentialAction":[{"@type":"SearchAction","target":{"@type":"EntryPoint","urlTemplate":"https:\/\/pasitoapasito.es\/fr\/?s={search_term_string}"},"query-input":{"@type":"PropertyValueSpecification","valueRequired":true,"valueName":"search_term_string"}}],"inLanguage":"fr-FR"}]}},"_links":{"self":[{"href":"https:\/\/pasitoapasito.es\/fr\/wp-json\/wp\/v2\/product\/45429","targetHints":{"allow":["GET"]}}],"collection":[{"href":"https:\/\/pasitoapasito.es\/fr\/wp-json\/wp\/v2\/product"}],"about":[{"href":"https:\/\/pasitoapasito.es\/fr\/wp-json\/wp\/v2\/types\/product"}],"replies":[{"embeddable":true,"href":"https:\/\/pasitoapasito.es\/fr\/wp-json\/wp\/v2\/comments?post=45429"}],"wp:featuredmedia":[{"embeddable":true,"href":"https:\/\/pasitoapasito.es\/fr\/wp-json\/wp\/v2\/media\/44518"}],"wp:attachment":[{"href":"https:\/\/pasitoapasito.es\/fr\/wp-json\/wp\/v2\/media?parent=45429"}],"wp:term":[{"taxonomy":"colecciones","embeddable":true,"href":"https:\/\/pasitoapasito.es\/fr\/wp-json\/wp\/v2\/colecciones?post=45429"},{"taxonomy":"product_brand","embeddable":true,"href":"https:\/\/pasitoapasito.es\/fr\/wp-json\/wp\/v2\/product_brand?post=45429"},{"taxonomy":"product_cat","embeddable":true,"href":"https:\/\/pasitoapasito.es\/fr\/wp-json\/wp\/v2\/product_cat?post=45429"},{"taxonomy":"product_tag","embeddable":true,"href":"https:\/\/pasitoapasito.es\/fr\/wp-json\/wp\/v2\/product_tag?post=45429"}],"curies":[{"name":"wp","href":"https:\/\/api.w.org\/{rel}","templated":true}]}}