{"id":45425,"date":"2026-03-16T12:31:56","date_gmt":"2026-03-16T12:31:56","guid":{"rendered":"https:\/\/pasitoapasito.es\/?post_type=product&#038;p=45425"},"modified":"2026-03-16T12:31:56","modified_gmt":"2026-03-16T12:31:56","slug":"nid-dange-mi-saison-little-bloom-vichy-gris-tog-25","status":"publish","type":"product","link":"https:\/\/pasitoapasito.es\/fr\/produit\/nid-dange-mi-saison-little-bloom-vichy-gris-tog-25\/","title":{"rendered":"NID D&rsquo;ANGE MI-SAISON LITTLE BLOOM VICHY GRIS TOG 2,5"},"content":{"rendered":"<p>La chanceli\u00e8re pour nacelle ou couffin Little Bloom Vichy gris de Pasito a Pasito enveloppe le b\u00e9b\u00e9 dans un espace chaud, doux et confortable d\u00e8s ses premi\u00e8res sorties. Son design d\u00e9licat combine de la mousseline imprim\u00e9e et de la mousseline unie 100 % coton, apportant l\u00e9g\u00e8ret\u00e9, respirabilit\u00e9 et un toucher naturel id\u00e9al pour la peau du nouveau-n\u00e9. Il comprend un matelas int\u00e9rieur en tissu 3D, qui am\u00e9liore la ventilation et le confort pendant le repos. De plus, il dispose d&rsquo;un rembourrage amovible, permettant d&rsquo;adapter le niveau thermique en fonction de la saison et des besoins du b\u00e9b\u00e9. Avec un niveau thermique TOG 2,5, il offre une chaleur ad\u00e9quate pour les temp\u00e9ratures fra\u00eeches, tandis que sans rembourrage, il est parfait pour la mi-saison ou l&rsquo;int\u00e9rieur. De plus, la poche peut \u00eatre compl\u00e8tement retir\u00e9e, ne laissant que le matelas, une option parfaite pour les mois les plus chauds. Une gigoteuse pratique et polyvalente qui accompagne le b\u00e9b\u00e9 avec l&rsquo;\u00e9l\u00e9gance caract\u00e9ristique de Pasito a Pasito. Finitions de qualit\u00e9. Toutes nos housses sont fabriqu\u00e9es conform\u00e9ment aux normes europ\u00e9ennes les plus strictes, avec des mat\u00e9riaux de grande qualit\u00e9, sans colorants azo\u00efques, phtalates et substances nocives pour la sant\u00e9. Tissu facile \u00e0 nettoyer, lavage en machine \u00e0 30 \u00b0C recommand\u00e9. Les produits pour b\u00e9b\u00e9s de Pasito a Pasito ont un design tr\u00e8s diff\u00e9rent de tous les autres. Leurs collections se caract\u00e9risent par un travail minutieux, toujours pens\u00e9 d&rsquo;un point de vue pratique. Ils utilisent des mat\u00e9riaux de premi\u00e8re qualit\u00e9 pour souligner l&rsquo;\u00e9l\u00e9gance et l&rsquo;harmonie de chacune de leurs pi\u00e8ces. Nos mod\u00e8les sont exclusifs et ont un style incomparable, pens\u00e9s pour les m\u00e8res d&rsquo;aujourd&rsquo;hui qui ont bon go\u00fbt et qui appr\u00e9cient les d\u00e9tails autant que nous. Caract\u00e9ristiques : Mat\u00e9riaux : 100 % coton. Taille universelle.<\/p>\n","protected":false},"excerpt":{"rendered":"<p>La chanceli\u00e8re pour nacelle ou couffin Little Bloom Vichy gris de Pasito a Pasito enveloppe le b\u00e9b\u00e9 dans un espace chaud, doux et confortable d\u00e8s ses premi\u00e8res sorties. Son design d\u00e9licat combine de la mousseline imprim\u00e9e et de la mousseline unie 100 % coton, apportant l\u00e9g\u00e8ret\u00e9, respirabilit\u00e9 et un toucher naturel id\u00e9al pour la peau [&hellip;]<\/p>\n","protected":false},"featured_media":44442,"comment_status":"closed","ping_status":"closed","template":"","meta":{"_acf_changed":false,"inline_featured_image":false},"colecciones":[363],"product_brand":[],"product_cat":[144],"product_tag":[],"class_list":{"0":"post-45425","1":"product","2":"type-product","3":"status-publish","4":"has-post-thumbnail","6":"colecciones-collection-little-bloom","7":"product_cat-housses-pour-nacelle-et-nids-dange","9":"first","10":"instock","11":"purchasable","12":"product-type-simple"},"acf":[],"yoast_head":"<!-- This site is optimized with the Yoast SEO plugin v27.5 - https:\/\/yoast.com\/product\/yoast-seo-wordpress\/ -->\n<title>NID D&#039;ANGE MI-SAISON LITTLE BLOOM VICHY GRIS TOG 2,5 - Pasito a Pasito<\/title>\n<meta name=\"robots\" content=\"index, follow, max-snippet:-1, max-image-preview:large, max-video-preview:-1\" \/>\n<link rel=\"canonical\" href=\"https:\/\/pasitoapasito.es\/fr\/produit\/nid-dange-mi-saison-little-bloom-vichy-gris-tog-25\/\" \/>\n<meta property=\"og:locale\" content=\"fr_FR\" \/>\n<meta property=\"og:type\" content=\"article\" \/>\n<meta property=\"og:title\" content=\"NID D&#039;ANGE MI-SAISON LITTLE BLOOM VICHY GRIS TOG 2,5 - Pasito a Pasito\" \/>\n<meta property=\"og:description\" content=\"La chanceli\u00e8re pour nacelle ou couffin Little Bloom Vichy gris de Pasito a Pasito enveloppe le b\u00e9b\u00e9 dans un espace chaud, doux et confortable d\u00e8s ses premi\u00e8res sorties. Son design d\u00e9licat combine de la mousseline imprim\u00e9e et de la mousseline unie 100 % coton, apportant l\u00e9g\u00e8ret\u00e9, respirabilit\u00e9 et un toucher naturel id\u00e9al pour la peau [&hellip;]\" \/>\n<meta property=\"og:url\" content=\"https:\/\/pasitoapasito.es\/fr\/produit\/nid-dange-mi-saison-little-bloom-vichy-gris-tog-25\/\" \/>\n<meta property=\"og:site_name\" content=\"Pasito a Pasito\" \/>\n<meta property=\"og:image\" content=\"https:\/\/pasitoapasito.es\/wp-content\/uploads\/2026\/03\/1120900617_a.jpg\" \/>\n\t<meta property=\"og:image:width\" content=\"600\" \/>\n\t<meta property=\"og:image:height\" content=\"600\" \/>\n\t<meta property=\"og:image:type\" content=\"image\/jpeg\" \/>\n<meta name=\"twitter:card\" content=\"summary_large_image\" \/>\n<meta name=\"twitter:label1\" content=\"Dur\u00e9e de lecture estim\u00e9e\" \/>\n\t<meta name=\"twitter:data1\" content=\"2 minutes\" \/>\n<script type=\"application\/ld+json\" class=\"yoast-schema-graph\">{\"@context\":\"https:\\\/\\\/schema.org\",\"@graph\":[{\"@type\":\"WebPage\",\"@id\":\"https:\\\/\\\/pasitoapasito.es\\\/fr\\\/produit\\\/nid-dange-mi-saison-little-bloom-vichy-gris-tog-25\\\/\",\"url\":\"https:\\\/\\\/pasitoapasito.es\\\/fr\\\/produit\\\/nid-dange-mi-saison-little-bloom-vichy-gris-tog-25\\\/\",\"name\":\"NID D'ANGE MI-SAISON LITTLE BLOOM VICHY GRIS TOG 2,5 - Pasito a Pasito\",\"isPartOf\":{\"@id\":\"https:\\\/\\\/pasitoapasito.es\\\/fr\\\/#website\"},\"primaryImageOfPage\":{\"@id\":\"https:\\\/\\\/pasitoapasito.es\\\/fr\\\/produit\\\/nid-dange-mi-saison-little-bloom-vichy-gris-tog-25\\\/#primaryimage\"},\"image\":{\"@id\":\"https:\\\/\\\/pasitoapasito.es\\\/fr\\\/produit\\\/nid-dange-mi-saison-little-bloom-vichy-gris-tog-25\\\/#primaryimage\"},\"thumbnailUrl\":\"https:\\\/\\\/pasitoapasito.es\\\/wp-content\\\/uploads\\\/2026\\\/03\\\/1120900617_a.jpg\",\"datePublished\":\"2026-03-16T12:31:56+00:00\",\"breadcrumb\":{\"@id\":\"https:\\\/\\\/pasitoapasito.es\\\/fr\\\/produit\\\/nid-dange-mi-saison-little-bloom-vichy-gris-tog-25\\\/#breadcrumb\"},\"inLanguage\":\"fr-FR\",\"potentialAction\":[{\"@type\":\"ReadAction\",\"target\":[\"https:\\\/\\\/pasitoapasito.es\\\/fr\\\/produit\\\/nid-dange-mi-saison-little-bloom-vichy-gris-tog-25\\\/\"]}]},{\"@type\":\"ImageObject\",\"inLanguage\":\"fr-FR\",\"@id\":\"https:\\\/\\\/pasitoapasito.es\\\/fr\\\/produit\\\/nid-dange-mi-saison-little-bloom-vichy-gris-tog-25\\\/#primaryimage\",\"url\":\"https:\\\/\\\/pasitoapasito.es\\\/wp-content\\\/uploads\\\/2026\\\/03\\\/1120900617_a.jpg\",\"contentUrl\":\"https:\\\/\\\/pasitoapasito.es\\\/wp-content\\\/uploads\\\/2026\\\/03\\\/1120900617_a.jpg\",\"width\":600,\"height\":600},{\"@type\":\"BreadcrumbList\",\"@id\":\"https:\\\/\\\/pasitoapasito.es\\\/fr\\\/produit\\\/nid-dange-mi-saison-little-bloom-vichy-gris-tog-25\\\/#breadcrumb\",\"itemListElement\":[{\"@type\":\"ListItem\",\"position\":1,\"name\":\"Tienda\",\"item\":\"https:\\\/\\\/pasitoapasito.es\\\/tienda\\\/\"},{\"@type\":\"ListItem\",\"position\":2,\"name\":\"NID D&#8217;ANGE MI-SAISON LITTLE BLOOM VICHY GRIS TOG 2,5\"}]},{\"@type\":\"WebSite\",\"@id\":\"https:\\\/\\\/pasitoapasito.es\\\/fr\\\/#website\",\"url\":\"https:\\\/\\\/pasitoapasito.es\\\/fr\\\/\",\"name\":\"Pasito a Pasito\",\"description\":\"\",\"potentialAction\":[{\"@type\":\"SearchAction\",\"target\":{\"@type\":\"EntryPoint\",\"urlTemplate\":\"https:\\\/\\\/pasitoapasito.es\\\/fr\\\/?s={search_term_string}\"},\"query-input\":{\"@type\":\"PropertyValueSpecification\",\"valueRequired\":true,\"valueName\":\"search_term_string\"}}],\"inLanguage\":\"fr-FR\"}]}<\/script>\n<!-- \/ Yoast SEO plugin. -->","yoast_head_json":{"title":"NID D'ANGE MI-SAISON LITTLE BLOOM VICHY GRIS TOG 2,5 - Pasito a Pasito","robots":{"index":"index","follow":"follow","max-snippet":"max-snippet:-1","max-image-preview":"max-image-preview:large","max-video-preview":"max-video-preview:-1"},"canonical":"https:\/\/pasitoapasito.es\/fr\/produit\/nid-dange-mi-saison-little-bloom-vichy-gris-tog-25\/","og_locale":"fr_FR","og_type":"article","og_title":"NID D'ANGE MI-SAISON LITTLE BLOOM VICHY GRIS TOG 2,5 - Pasito a Pasito","og_description":"La chanceli\u00e8re pour nacelle ou couffin Little Bloom Vichy gris de Pasito a Pasito enveloppe le b\u00e9b\u00e9 dans un espace chaud, doux et confortable d\u00e8s ses premi\u00e8res sorties. Son design d\u00e9licat combine de la mousseline imprim\u00e9e et de la mousseline unie 100 % coton, apportant l\u00e9g\u00e8ret\u00e9, respirabilit\u00e9 et un toucher naturel id\u00e9al pour la peau [&hellip;]","og_url":"https:\/\/pasitoapasito.es\/fr\/produit\/nid-dange-mi-saison-little-bloom-vichy-gris-tog-25\/","og_site_name":"Pasito a Pasito","og_image":[{"width":600,"height":600,"url":"https:\/\/pasitoapasito.es\/wp-content\/uploads\/2026\/03\/1120900617_a.jpg","type":"image\/jpeg"}],"twitter_card":"summary_large_image","twitter_misc":{"Dur\u00e9e de lecture estim\u00e9e":"2 minutes"},"schema":{"@context":"https:\/\/schema.org","@graph":[{"@type":"WebPage","@id":"https:\/\/pasitoapasito.es\/fr\/produit\/nid-dange-mi-saison-little-bloom-vichy-gris-tog-25\/","url":"https:\/\/pasitoapasito.es\/fr\/produit\/nid-dange-mi-saison-little-bloom-vichy-gris-tog-25\/","name":"NID D'ANGE MI-SAISON LITTLE BLOOM VICHY GRIS TOG 2,5 - Pasito a Pasito","isPartOf":{"@id":"https:\/\/pasitoapasito.es\/fr\/#website"},"primaryImageOfPage":{"@id":"https:\/\/pasitoapasito.es\/fr\/produit\/nid-dange-mi-saison-little-bloom-vichy-gris-tog-25\/#primaryimage"},"image":{"@id":"https:\/\/pasitoapasito.es\/fr\/produit\/nid-dange-mi-saison-little-bloom-vichy-gris-tog-25\/#primaryimage"},"thumbnailUrl":"https:\/\/pasitoapasito.es\/wp-content\/uploads\/2026\/03\/1120900617_a.jpg","datePublished":"2026-03-16T12:31:56+00:00","breadcrumb":{"@id":"https:\/\/pasitoapasito.es\/fr\/produit\/nid-dange-mi-saison-little-bloom-vichy-gris-tog-25\/#breadcrumb"},"inLanguage":"fr-FR","potentialAction":[{"@type":"ReadAction","target":["https:\/\/pasitoapasito.es\/fr\/produit\/nid-dange-mi-saison-little-bloom-vichy-gris-tog-25\/"]}]},{"@type":"ImageObject","inLanguage":"fr-FR","@id":"https:\/\/pasitoapasito.es\/fr\/produit\/nid-dange-mi-saison-little-bloom-vichy-gris-tog-25\/#primaryimage","url":"https:\/\/pasitoapasito.es\/wp-content\/uploads\/2026\/03\/1120900617_a.jpg","contentUrl":"https:\/\/pasitoapasito.es\/wp-content\/uploads\/2026\/03\/1120900617_a.jpg","width":600,"height":600},{"@type":"BreadcrumbList","@id":"https:\/\/pasitoapasito.es\/fr\/produit\/nid-dange-mi-saison-little-bloom-vichy-gris-tog-25\/#breadcrumb","itemListElement":[{"@type":"ListItem","position":1,"name":"Tienda","item":"https:\/\/pasitoapasito.es\/tienda\/"},{"@type":"ListItem","position":2,"name":"NID D&#8217;ANGE MI-SAISON LITTLE BLOOM VICHY GRIS TOG 2,5"}]},{"@type":"WebSite","@id":"https:\/\/pasitoapasito.es\/fr\/#website","url":"https:\/\/pasitoapasito.es\/fr\/","name":"Pasito a Pasito","description":"","potentialAction":[{"@type":"SearchAction","target":{"@type":"EntryPoint","urlTemplate":"https:\/\/pasitoapasito.es\/fr\/?s={search_term_string}"},"query-input":{"@type":"PropertyValueSpecification","valueRequired":true,"valueName":"search_term_string"}}],"inLanguage":"fr-FR"}]}},"_links":{"self":[{"href":"https:\/\/pasitoapasito.es\/fr\/wp-json\/wp\/v2\/product\/45425","targetHints":{"allow":["GET"]}}],"collection":[{"href":"https:\/\/pasitoapasito.es\/fr\/wp-json\/wp\/v2\/product"}],"about":[{"href":"https:\/\/pasitoapasito.es\/fr\/wp-json\/wp\/v2\/types\/product"}],"replies":[{"embeddable":true,"href":"https:\/\/pasitoapasito.es\/fr\/wp-json\/wp\/v2\/comments?post=45425"}],"wp:featuredmedia":[{"embeddable":true,"href":"https:\/\/pasitoapasito.es\/fr\/wp-json\/wp\/v2\/media\/44442"}],"wp:attachment":[{"href":"https:\/\/pasitoapasito.es\/fr\/wp-json\/wp\/v2\/media?parent=45425"}],"wp:term":[{"taxonomy":"colecciones","embeddable":true,"href":"https:\/\/pasitoapasito.es\/fr\/wp-json\/wp\/v2\/colecciones?post=45425"},{"taxonomy":"product_brand","embeddable":true,"href":"https:\/\/pasitoapasito.es\/fr\/wp-json\/wp\/v2\/product_brand?post=45425"},{"taxonomy":"product_cat","embeddable":true,"href":"https:\/\/pasitoapasito.es\/fr\/wp-json\/wp\/v2\/product_cat?post=45425"},{"taxonomy":"product_tag","embeddable":true,"href":"https:\/\/pasitoapasito.es\/fr\/wp-json\/wp\/v2\/product_tag?post=45425"}],"curies":[{"name":"wp","href":"https:\/\/api.w.org\/{rel}","templated":true}]}}