{"id":45417,"date":"2026-03-16T16:05:49","date_gmt":"2026-03-16T16:05:49","guid":{"rendered":"https:\/\/pasitoapasito.es\/?post_type=product&#038;p=45417"},"modified":"2026-03-16T16:05:49","modified_gmt":"2026-03-16T16:05:49","slug":"tapis-a-langer-little-bloom-vichy-gris","status":"publish","type":"product","link":"https:\/\/pasitoapasito.es\/fr\/produit\/tapis-a-langer-little-bloom-vichy-gris\/","title":{"rendered":"TAPIS \u00c0 LANGER LITTLE BLOOM VICHY GRIS"},"content":{"rendered":"<p>Le matelas \u00e0 langer Little Bloom Vichy gris de Pasito a pasito, fabriqu\u00e9 en toile de coton 100 % avec un d\u00e9licat imprim\u00e9 \u00e0 carreaux, est un mod\u00e8le tr\u00e8s confortable, pratique et facile \u00e0 transporter. Un mod\u00e8le sp\u00e9cialement con\u00e7u pour \u00eatre utilis\u00e9 lorsque vous devez changer votre b\u00e9b\u00e9. Il est pliable pour faciliter son transport partout. Son design est aussi \u00e9l\u00e9gant que fonctionnel, car il se pr\u00e9sente sous forme pli\u00e9e pour le rendre portable. Il est \u00e9quip\u00e9 de sangles de fermeture pour maintenir le matelas \u00e0 langer ferm\u00e9 et r\u00e9duire ainsi l&rsquo;espace n\u00e9cessaire pour le transporter dans le sac de maternit\u00e9. Finitions de qualit\u00e9. La table \u00e0 langer pour b\u00e9b\u00e9 est dot\u00e9e d&rsquo;une doublure int\u00e9rieure rembourr\u00e9e et imperm\u00e9able pour faciliter son nettoyage apr\u00e8s utilisation et \u00e9viter l&rsquo;accumulation d&rsquo;odeurs \u00e0 l&rsquo;int\u00e9rieur. Elle est fabriqu\u00e9e \u00e0 partir de mat\u00e9riaux de haute qualit\u00e9, sans colorants azo\u00efques, phtalates ni substances nocives pour la sant\u00e9. Elle peut \u00e9galement \u00eatre lav\u00e9e \u00e0 la main ou en machine \u00e0 des temp\u00e9ratures allant jusqu&rsquo;\u00e0 30 \u00b0C. Les produits pour b\u00e9b\u00e9s de Pasito a Pasito ont un design tr\u00e8s diff\u00e9rent de tous les autres gr\u00e2ce \u00e0 leurs collections soign\u00e9es, fantaisistes et pratiques \u00e0 la fois, qui utilisent des mat\u00e9riaux de premi\u00e8re qualit\u00e9 pour souligner l&rsquo;\u00e9l\u00e9gance et l&rsquo;harmonie de chacune de leurs pi\u00e8ces. Nos mod\u00e8les sont exclusifs et ont un style incomparable, pens\u00e9s pour les m\u00e8res modernes qui ont bon go\u00fbt et qui appr\u00e9cient les d\u00e9tails autant que nous. Caract\u00e9ristiques : Mat\u00e9riaux : 100 % coton\/Int\u00e9rieur 100 % PVC sans phtalates. Dimensions : 50 x 70 cm.<\/p>\n","protected":false},"excerpt":{"rendered":"<p>Le matelas \u00e0 langer Little Bloom Vichy gris de Pasito a pasito, fabriqu\u00e9 en toile de coton 100 % avec un d\u00e9licat imprim\u00e9 \u00e0 carreaux, est un mod\u00e8le tr\u00e8s confortable, pratique et facile \u00e0 transporter. Un mod\u00e8le sp\u00e9cialement con\u00e7u pour \u00eatre utilis\u00e9 lorsque vous devez changer votre b\u00e9b\u00e9. Il est pliable pour faciliter son transport [&hellip;]<\/p>\n","protected":false},"featured_media":44290,"comment_status":"closed","ping_status":"closed","template":"","meta":{"_acf_changed":false,"inline_featured_image":false},"colecciones":[363],"product_brand":[],"product_cat":[138],"product_tag":[],"class_list":{"0":"post-45417","1":"product","2":"type-product","3":"status-publish","4":"has-post-thumbnail","6":"colecciones-collection-little-bloom","7":"product_cat-accessoires","9":"first","10":"instock","11":"purchasable","12":"product-type-simple"},"acf":[],"yoast_head":"<!-- This site is optimized with the Yoast SEO plugin v27.3 - https:\/\/yoast.com\/product\/yoast-seo-wordpress\/ -->\n<title>TAPIS \u00c0 LANGER LITTLE BLOOM VICHY GRIS - Pasito a Pasito<\/title>\n<meta name=\"robots\" content=\"index, follow, max-snippet:-1, max-image-preview:large, max-video-preview:-1\" \/>\n<link rel=\"canonical\" href=\"https:\/\/pasitoapasito.es\/fr\/produit\/tapis-a-langer-little-bloom-vichy-gris\/\" \/>\n<meta property=\"og:locale\" content=\"fr_FR\" \/>\n<meta property=\"og:type\" content=\"article\" \/>\n<meta property=\"og:title\" content=\"TAPIS \u00c0 LANGER LITTLE BLOOM VICHY GRIS - Pasito a Pasito\" \/>\n<meta property=\"og:description\" content=\"Le matelas \u00e0 langer Little Bloom Vichy gris de Pasito a pasito, fabriqu\u00e9 en toile de coton 100 % avec un d\u00e9licat imprim\u00e9 \u00e0 carreaux, est un mod\u00e8le tr\u00e8s confortable, pratique et facile \u00e0 transporter. Un mod\u00e8le sp\u00e9cialement con\u00e7u pour \u00eatre utilis\u00e9 lorsque vous devez changer votre b\u00e9b\u00e9. Il est pliable pour faciliter son transport [&hellip;]\" \/>\n<meta property=\"og:url\" content=\"https:\/\/pasitoapasito.es\/fr\/produit\/tapis-a-langer-little-bloom-vichy-gris\/\" \/>\n<meta property=\"og:site_name\" content=\"Pasito a Pasito\" \/>\n<meta property=\"og:image\" content=\"https:\/\/pasitoapasito.es\/wp-content\/uploads\/2026\/03\/1120900609_a.jpg\" \/>\n\t<meta property=\"og:image:width\" content=\"600\" \/>\n\t<meta property=\"og:image:height\" content=\"600\" \/>\n\t<meta property=\"og:image:type\" content=\"image\/jpeg\" \/>\n<meta name=\"twitter:card\" content=\"summary_large_image\" \/>\n<meta name=\"twitter:label1\" content=\"Dur\u00e9e de lecture estim\u00e9e\" \/>\n\t<meta name=\"twitter:data1\" content=\"1 minute\" \/>\n<script type=\"application\/ld+json\" class=\"yoast-schema-graph\">{\"@context\":\"https:\\\/\\\/schema.org\",\"@graph\":[{\"@type\":\"WebPage\",\"@id\":\"https:\\\/\\\/pasitoapasito.es\\\/fr\\\/produit\\\/tapis-a-langer-little-bloom-vichy-gris\\\/\",\"url\":\"https:\\\/\\\/pasitoapasito.es\\\/fr\\\/produit\\\/tapis-a-langer-little-bloom-vichy-gris\\\/\",\"name\":\"TAPIS \u00c0 LANGER LITTLE BLOOM VICHY GRIS - Pasito a Pasito\",\"isPartOf\":{\"@id\":\"https:\\\/\\\/pasitoapasito.es\\\/fr\\\/#website\"},\"primaryImageOfPage\":{\"@id\":\"https:\\\/\\\/pasitoapasito.es\\\/fr\\\/produit\\\/tapis-a-langer-little-bloom-vichy-gris\\\/#primaryimage\"},\"image\":{\"@id\":\"https:\\\/\\\/pasitoapasito.es\\\/fr\\\/produit\\\/tapis-a-langer-little-bloom-vichy-gris\\\/#primaryimage\"},\"thumbnailUrl\":\"https:\\\/\\\/pasitoapasito.es\\\/wp-content\\\/uploads\\\/2026\\\/03\\\/1120900609_a.jpg\",\"datePublished\":\"2026-03-16T16:05:49+00:00\",\"breadcrumb\":{\"@id\":\"https:\\\/\\\/pasitoapasito.es\\\/fr\\\/produit\\\/tapis-a-langer-little-bloom-vichy-gris\\\/#breadcrumb\"},\"inLanguage\":\"fr-FR\",\"potentialAction\":[{\"@type\":\"ReadAction\",\"target\":[\"https:\\\/\\\/pasitoapasito.es\\\/fr\\\/produit\\\/tapis-a-langer-little-bloom-vichy-gris\\\/\"]}]},{\"@type\":\"ImageObject\",\"inLanguage\":\"fr-FR\",\"@id\":\"https:\\\/\\\/pasitoapasito.es\\\/fr\\\/produit\\\/tapis-a-langer-little-bloom-vichy-gris\\\/#primaryimage\",\"url\":\"https:\\\/\\\/pasitoapasito.es\\\/wp-content\\\/uploads\\\/2026\\\/03\\\/1120900609_a.jpg\",\"contentUrl\":\"https:\\\/\\\/pasitoapasito.es\\\/wp-content\\\/uploads\\\/2026\\\/03\\\/1120900609_a.jpg\",\"width\":600,\"height\":600},{\"@type\":\"BreadcrumbList\",\"@id\":\"https:\\\/\\\/pasitoapasito.es\\\/fr\\\/produit\\\/tapis-a-langer-little-bloom-vichy-gris\\\/#breadcrumb\",\"itemListElement\":[{\"@type\":\"ListItem\",\"position\":1,\"name\":\"Tienda\",\"item\":\"https:\\\/\\\/pasitoapasito.es\\\/tienda\\\/\"},{\"@type\":\"ListItem\",\"position\":2,\"name\":\"TAPIS \u00c0 LANGER LITTLE BLOOM VICHY GRIS\"}]},{\"@type\":\"WebSite\",\"@id\":\"https:\\\/\\\/pasitoapasito.es\\\/fr\\\/#website\",\"url\":\"https:\\\/\\\/pasitoapasito.es\\\/fr\\\/\",\"name\":\"Pasito a Pasito\",\"description\":\"\",\"potentialAction\":[{\"@type\":\"SearchAction\",\"target\":{\"@type\":\"EntryPoint\",\"urlTemplate\":\"https:\\\/\\\/pasitoapasito.es\\\/fr\\\/?s={search_term_string}\"},\"query-input\":{\"@type\":\"PropertyValueSpecification\",\"valueRequired\":true,\"valueName\":\"search_term_string\"}}],\"inLanguage\":\"fr-FR\"}]}<\/script>\n<!-- \/ Yoast SEO plugin. -->","yoast_head_json":{"title":"TAPIS \u00c0 LANGER LITTLE BLOOM VICHY GRIS - Pasito a Pasito","robots":{"index":"index","follow":"follow","max-snippet":"max-snippet:-1","max-image-preview":"max-image-preview:large","max-video-preview":"max-video-preview:-1"},"canonical":"https:\/\/pasitoapasito.es\/fr\/produit\/tapis-a-langer-little-bloom-vichy-gris\/","og_locale":"fr_FR","og_type":"article","og_title":"TAPIS \u00c0 LANGER LITTLE BLOOM VICHY GRIS - Pasito a Pasito","og_description":"Le matelas \u00e0 langer Little Bloom Vichy gris de Pasito a pasito, fabriqu\u00e9 en toile de coton 100 % avec un d\u00e9licat imprim\u00e9 \u00e0 carreaux, est un mod\u00e8le tr\u00e8s confortable, pratique et facile \u00e0 transporter. Un mod\u00e8le sp\u00e9cialement con\u00e7u pour \u00eatre utilis\u00e9 lorsque vous devez changer votre b\u00e9b\u00e9. Il est pliable pour faciliter son transport [&hellip;]","og_url":"https:\/\/pasitoapasito.es\/fr\/produit\/tapis-a-langer-little-bloom-vichy-gris\/","og_site_name":"Pasito a Pasito","og_image":[{"width":600,"height":600,"url":"https:\/\/pasitoapasito.es\/wp-content\/uploads\/2026\/03\/1120900609_a.jpg","type":"image\/jpeg"}],"twitter_card":"summary_large_image","twitter_misc":{"Dur\u00e9e de lecture estim\u00e9e":"1 minute"},"schema":{"@context":"https:\/\/schema.org","@graph":[{"@type":"WebPage","@id":"https:\/\/pasitoapasito.es\/fr\/produit\/tapis-a-langer-little-bloom-vichy-gris\/","url":"https:\/\/pasitoapasito.es\/fr\/produit\/tapis-a-langer-little-bloom-vichy-gris\/","name":"TAPIS \u00c0 LANGER LITTLE BLOOM VICHY GRIS - Pasito a Pasito","isPartOf":{"@id":"https:\/\/pasitoapasito.es\/fr\/#website"},"primaryImageOfPage":{"@id":"https:\/\/pasitoapasito.es\/fr\/produit\/tapis-a-langer-little-bloom-vichy-gris\/#primaryimage"},"image":{"@id":"https:\/\/pasitoapasito.es\/fr\/produit\/tapis-a-langer-little-bloom-vichy-gris\/#primaryimage"},"thumbnailUrl":"https:\/\/pasitoapasito.es\/wp-content\/uploads\/2026\/03\/1120900609_a.jpg","datePublished":"2026-03-16T16:05:49+00:00","breadcrumb":{"@id":"https:\/\/pasitoapasito.es\/fr\/produit\/tapis-a-langer-little-bloom-vichy-gris\/#breadcrumb"},"inLanguage":"fr-FR","potentialAction":[{"@type":"ReadAction","target":["https:\/\/pasitoapasito.es\/fr\/produit\/tapis-a-langer-little-bloom-vichy-gris\/"]}]},{"@type":"ImageObject","inLanguage":"fr-FR","@id":"https:\/\/pasitoapasito.es\/fr\/produit\/tapis-a-langer-little-bloom-vichy-gris\/#primaryimage","url":"https:\/\/pasitoapasito.es\/wp-content\/uploads\/2026\/03\/1120900609_a.jpg","contentUrl":"https:\/\/pasitoapasito.es\/wp-content\/uploads\/2026\/03\/1120900609_a.jpg","width":600,"height":600},{"@type":"BreadcrumbList","@id":"https:\/\/pasitoapasito.es\/fr\/produit\/tapis-a-langer-little-bloom-vichy-gris\/#breadcrumb","itemListElement":[{"@type":"ListItem","position":1,"name":"Tienda","item":"https:\/\/pasitoapasito.es\/tienda\/"},{"@type":"ListItem","position":2,"name":"TAPIS \u00c0 LANGER LITTLE BLOOM VICHY GRIS"}]},{"@type":"WebSite","@id":"https:\/\/pasitoapasito.es\/fr\/#website","url":"https:\/\/pasitoapasito.es\/fr\/","name":"Pasito a Pasito","description":"","potentialAction":[{"@type":"SearchAction","target":{"@type":"EntryPoint","urlTemplate":"https:\/\/pasitoapasito.es\/fr\/?s={search_term_string}"},"query-input":{"@type":"PropertyValueSpecification","valueRequired":true,"valueName":"search_term_string"}}],"inLanguage":"fr-FR"}]}},"_links":{"self":[{"href":"https:\/\/pasitoapasito.es\/fr\/wp-json\/wp\/v2\/product\/45417","targetHints":{"allow":["GET"]}}],"collection":[{"href":"https:\/\/pasitoapasito.es\/fr\/wp-json\/wp\/v2\/product"}],"about":[{"href":"https:\/\/pasitoapasito.es\/fr\/wp-json\/wp\/v2\/types\/product"}],"replies":[{"embeddable":true,"href":"https:\/\/pasitoapasito.es\/fr\/wp-json\/wp\/v2\/comments?post=45417"}],"wp:featuredmedia":[{"embeddable":true,"href":"https:\/\/pasitoapasito.es\/fr\/wp-json\/wp\/v2\/media\/44290"}],"wp:attachment":[{"href":"https:\/\/pasitoapasito.es\/fr\/wp-json\/wp\/v2\/media?parent=45417"}],"wp:term":[{"taxonomy":"colecciones","embeddable":true,"href":"https:\/\/pasitoapasito.es\/fr\/wp-json\/wp\/v2\/colecciones?post=45417"},{"taxonomy":"product_brand","embeddable":true,"href":"https:\/\/pasitoapasito.es\/fr\/wp-json\/wp\/v2\/product_brand?post=45417"},{"taxonomy":"product_cat","embeddable":true,"href":"https:\/\/pasitoapasito.es\/fr\/wp-json\/wp\/v2\/product_cat?post=45417"},{"taxonomy":"product_tag","embeddable":true,"href":"https:\/\/pasitoapasito.es\/fr\/wp-json\/wp\/v2\/product_tag?post=45417"}],"curies":[{"name":"wp","href":"https:\/\/api.w.org\/{rel}","templated":true}]}}