{"id":45415,"date":"2026-03-16T16:05:49","date_gmt":"2026-03-16T16:05:49","guid":{"rendered":"https:\/\/pasitoapasito.es\/?post_type=product&#038;p=45415"},"modified":"2026-03-16T16:05:49","modified_gmt":"2026-03-16T16:05:49","slug":"valise-little-bloom-vichy-gris","status":"publish","type":"product","link":"https:\/\/pasitoapasito.es\/fr\/produit\/valise-little-bloom-vichy-gris\/","title":{"rendered":"VALISE LITTLE BLOOM VICHY GRIS"},"content":{"rendered":"<p>La valise pour b\u00e9b\u00e9 Little Bloom Vichy gris de Pasito a pasito est le sac id\u00e9al pour l&rsquo;h\u00f4pital\/la clinique, un mod\u00e8le unique et tr\u00e8s \u00e9l\u00e9gant sp\u00e9cialement con\u00e7u pour que vous puissiez emporter tout ce dont vous avez besoin pour vous, le papa et le b\u00e9b\u00e9. Elle est fabriqu\u00e9e en toile de coton 100 % avec un d\u00e9licat motif \u00e0 carreaux. Son traitement water resistant la rend imperm\u00e9able, garantissant protection et durabilit\u00e9 au quotidien. Sa forme rectangulaire offre un confort optimal pour r\u00e9pondre \u00e0 tous vos besoins (v\u00eatements de rechange ou accessoires) le jour de la naissance du b\u00e9b\u00e9. Son design simple, moderne et pratique offre une grande capacit\u00e9 pour transporter de nombreuses affaires et son ouverture pratique permet de trouver facilement tout ce que vous y avez rang\u00e9. Elle est \u00e9quip\u00e9e d&rsquo;une longue poign\u00e9e pour la porter \u00e0 l&rsquo;\u00e9paule et de deux poign\u00e9es courtes pour la porter \u00e0 la main si vous pr\u00e9f\u00e9rez. Finitions de qualit\u00e9. La valise pour l&rsquo;h\u00f4pital est dot\u00e9e d&rsquo;une doublure int\u00e9rieure avec des \u00e9lastiques pour maintenir les v\u00eatements et se ferme de mani\u00e8re s\u00e9curis\u00e9e gr\u00e2ce \u00e0 une fermeture \u00e9clair des deux c\u00f4t\u00e9s qui permet d&rsquo;ouvrir compl\u00e8tement le couvercle. Fabriqu\u00e9e avec des mat\u00e9riaux de grande qualit\u00e9, sans colorants azo\u00efques, phtalates ni substances nocives pour la sant\u00e9. Elle peut \u00e9galement \u00eatre lav\u00e9e \u00e0 la main ou en machine \u00e0 une temp\u00e9rature maximale de 30 \u00b0C. Les produits pour b\u00e9b\u00e9s de Pasito a Pasito ont un design tr\u00e8s diff\u00e9rent de tous les autres. Leurs collections se caract\u00e9risent par un travail minutieux, toujours pens\u00e9 d&rsquo;un point de vue pratique. Ils utilisent des mat\u00e9riaux de premi\u00e8re qualit\u00e9 pour souligner l&rsquo;\u00e9l\u00e9gance et l&rsquo;harmonie de chacune de leurs pi\u00e8ces. Nos mod\u00e8les sont exclusifs et ont un style incomparable, pens\u00e9s pour les m\u00e8res d&rsquo;aujourd&rsquo;hui qui ont bon go\u00fbt et qui appr\u00e9cient les d\u00e9tails autant que nous. Caract\u00e9ristiques : Mat\u00e9riaux : 100 % coton. Dimensions : 44 x 36 x 16 cm.<\/p>\n","protected":false},"excerpt":{"rendered":"<p>La valise pour b\u00e9b\u00e9 Little Bloom Vichy gris de Pasito a pasito est le sac id\u00e9al pour l&rsquo;h\u00f4pital\/la clinique, un mod\u00e8le unique et tr\u00e8s \u00e9l\u00e9gant sp\u00e9cialement con\u00e7u pour que vous puissiez emporter tout ce dont vous avez besoin pour vous, le papa et le b\u00e9b\u00e9. Elle est fabriqu\u00e9e en toile de coton 100 % avec [&hellip;]<\/p>\n","protected":false},"featured_media":44240,"comment_status":"closed","ping_status":"closed","template":"","meta":{"_acf_changed":false,"inline_featured_image":false},"colecciones":[363],"product_brand":[],"product_cat":[135],"product_tag":[],"class_list":{"0":"post-45415","1":"product","2":"type-product","3":"status-publish","4":"has-post-thumbnail","6":"colecciones-collection-little-bloom","7":"product_cat-valises","9":"first","10":"instock","11":"purchasable","12":"product-type-simple"},"acf":[],"yoast_head":"<!-- This site is optimized with the Yoast SEO plugin v27.4 - https:\/\/yoast.com\/product\/yoast-seo-wordpress\/ -->\n<title>VALISE LITTLE BLOOM VICHY GRIS - Pasito a Pasito<\/title>\n<meta name=\"robots\" content=\"index, follow, max-snippet:-1, max-image-preview:large, max-video-preview:-1\" \/>\n<link rel=\"canonical\" href=\"https:\/\/pasitoapasito.es\/fr\/produit\/valise-little-bloom-vichy-gris\/\" \/>\n<meta property=\"og:locale\" content=\"fr_FR\" \/>\n<meta property=\"og:type\" content=\"article\" \/>\n<meta property=\"og:title\" content=\"VALISE LITTLE BLOOM VICHY GRIS - Pasito a Pasito\" \/>\n<meta property=\"og:description\" content=\"La valise pour b\u00e9b\u00e9 Little Bloom Vichy gris de Pasito a pasito est le sac id\u00e9al pour l&rsquo;h\u00f4pital\/la clinique, un mod\u00e8le unique et tr\u00e8s \u00e9l\u00e9gant sp\u00e9cialement con\u00e7u pour que vous puissiez emporter tout ce dont vous avez besoin pour vous, le papa et le b\u00e9b\u00e9. Elle est fabriqu\u00e9e en toile de coton 100 % avec [&hellip;]\" \/>\n<meta property=\"og:url\" content=\"https:\/\/pasitoapasito.es\/fr\/produit\/valise-little-bloom-vichy-gris\/\" \/>\n<meta property=\"og:site_name\" content=\"Pasito a Pasito\" \/>\n<meta property=\"og:image\" content=\"https:\/\/pasitoapasito.es\/wp-content\/uploads\/2026\/03\/1120900607_a.jpg\" \/>\n\t<meta property=\"og:image:width\" content=\"600\" \/>\n\t<meta property=\"og:image:height\" content=\"600\" \/>\n\t<meta property=\"og:image:type\" content=\"image\/jpeg\" \/>\n<meta name=\"twitter:card\" content=\"summary_large_image\" \/>\n<meta name=\"twitter:label1\" content=\"Dur\u00e9e de lecture estim\u00e9e\" \/>\n\t<meta name=\"twitter:data1\" content=\"2 minutes\" \/>\n<script type=\"application\/ld+json\" class=\"yoast-schema-graph\">{\"@context\":\"https:\\\/\\\/schema.org\",\"@graph\":[{\"@type\":\"WebPage\",\"@id\":\"https:\\\/\\\/pasitoapasito.es\\\/fr\\\/produit\\\/valise-little-bloom-vichy-gris\\\/\",\"url\":\"https:\\\/\\\/pasitoapasito.es\\\/fr\\\/produit\\\/valise-little-bloom-vichy-gris\\\/\",\"name\":\"VALISE LITTLE BLOOM VICHY GRIS - Pasito a Pasito\",\"isPartOf\":{\"@id\":\"https:\\\/\\\/pasitoapasito.es\\\/fr\\\/#website\"},\"primaryImageOfPage\":{\"@id\":\"https:\\\/\\\/pasitoapasito.es\\\/fr\\\/produit\\\/valise-little-bloom-vichy-gris\\\/#primaryimage\"},\"image\":{\"@id\":\"https:\\\/\\\/pasitoapasito.es\\\/fr\\\/produit\\\/valise-little-bloom-vichy-gris\\\/#primaryimage\"},\"thumbnailUrl\":\"https:\\\/\\\/pasitoapasito.es\\\/wp-content\\\/uploads\\\/2026\\\/03\\\/1120900607_a.jpg\",\"datePublished\":\"2026-03-16T16:05:49+00:00\",\"breadcrumb\":{\"@id\":\"https:\\\/\\\/pasitoapasito.es\\\/fr\\\/produit\\\/valise-little-bloom-vichy-gris\\\/#breadcrumb\"},\"inLanguage\":\"fr-FR\",\"potentialAction\":[{\"@type\":\"ReadAction\",\"target\":[\"https:\\\/\\\/pasitoapasito.es\\\/fr\\\/produit\\\/valise-little-bloom-vichy-gris\\\/\"]}]},{\"@type\":\"ImageObject\",\"inLanguage\":\"fr-FR\",\"@id\":\"https:\\\/\\\/pasitoapasito.es\\\/fr\\\/produit\\\/valise-little-bloom-vichy-gris\\\/#primaryimage\",\"url\":\"https:\\\/\\\/pasitoapasito.es\\\/wp-content\\\/uploads\\\/2026\\\/03\\\/1120900607_a.jpg\",\"contentUrl\":\"https:\\\/\\\/pasitoapasito.es\\\/wp-content\\\/uploads\\\/2026\\\/03\\\/1120900607_a.jpg\",\"width\":600,\"height\":600},{\"@type\":\"BreadcrumbList\",\"@id\":\"https:\\\/\\\/pasitoapasito.es\\\/fr\\\/produit\\\/valise-little-bloom-vichy-gris\\\/#breadcrumb\",\"itemListElement\":[{\"@type\":\"ListItem\",\"position\":1,\"name\":\"Tienda\",\"item\":\"https:\\\/\\\/pasitoapasito.es\\\/tienda\\\/\"},{\"@type\":\"ListItem\",\"position\":2,\"name\":\"VALISE LITTLE BLOOM VICHY GRIS\"}]},{\"@type\":\"WebSite\",\"@id\":\"https:\\\/\\\/pasitoapasito.es\\\/fr\\\/#website\",\"url\":\"https:\\\/\\\/pasitoapasito.es\\\/fr\\\/\",\"name\":\"Pasito a Pasito\",\"description\":\"\",\"potentialAction\":[{\"@type\":\"SearchAction\",\"target\":{\"@type\":\"EntryPoint\",\"urlTemplate\":\"https:\\\/\\\/pasitoapasito.es\\\/fr\\\/?s={search_term_string}\"},\"query-input\":{\"@type\":\"PropertyValueSpecification\",\"valueRequired\":true,\"valueName\":\"search_term_string\"}}],\"inLanguage\":\"fr-FR\"}]}<\/script>\n<!-- \/ Yoast SEO plugin. -->","yoast_head_json":{"title":"VALISE LITTLE BLOOM VICHY GRIS - Pasito a Pasito","robots":{"index":"index","follow":"follow","max-snippet":"max-snippet:-1","max-image-preview":"max-image-preview:large","max-video-preview":"max-video-preview:-1"},"canonical":"https:\/\/pasitoapasito.es\/fr\/produit\/valise-little-bloom-vichy-gris\/","og_locale":"fr_FR","og_type":"article","og_title":"VALISE LITTLE BLOOM VICHY GRIS - Pasito a Pasito","og_description":"La valise pour b\u00e9b\u00e9 Little Bloom Vichy gris de Pasito a pasito est le sac id\u00e9al pour l&rsquo;h\u00f4pital\/la clinique, un mod\u00e8le unique et tr\u00e8s \u00e9l\u00e9gant sp\u00e9cialement con\u00e7u pour que vous puissiez emporter tout ce dont vous avez besoin pour vous, le papa et le b\u00e9b\u00e9. Elle est fabriqu\u00e9e en toile de coton 100 % avec [&hellip;]","og_url":"https:\/\/pasitoapasito.es\/fr\/produit\/valise-little-bloom-vichy-gris\/","og_site_name":"Pasito a Pasito","og_image":[{"width":600,"height":600,"url":"https:\/\/pasitoapasito.es\/wp-content\/uploads\/2026\/03\/1120900607_a.jpg","type":"image\/jpeg"}],"twitter_card":"summary_large_image","twitter_misc":{"Dur\u00e9e de lecture estim\u00e9e":"2 minutes"},"schema":{"@context":"https:\/\/schema.org","@graph":[{"@type":"WebPage","@id":"https:\/\/pasitoapasito.es\/fr\/produit\/valise-little-bloom-vichy-gris\/","url":"https:\/\/pasitoapasito.es\/fr\/produit\/valise-little-bloom-vichy-gris\/","name":"VALISE LITTLE BLOOM VICHY GRIS - Pasito a Pasito","isPartOf":{"@id":"https:\/\/pasitoapasito.es\/fr\/#website"},"primaryImageOfPage":{"@id":"https:\/\/pasitoapasito.es\/fr\/produit\/valise-little-bloom-vichy-gris\/#primaryimage"},"image":{"@id":"https:\/\/pasitoapasito.es\/fr\/produit\/valise-little-bloom-vichy-gris\/#primaryimage"},"thumbnailUrl":"https:\/\/pasitoapasito.es\/wp-content\/uploads\/2026\/03\/1120900607_a.jpg","datePublished":"2026-03-16T16:05:49+00:00","breadcrumb":{"@id":"https:\/\/pasitoapasito.es\/fr\/produit\/valise-little-bloom-vichy-gris\/#breadcrumb"},"inLanguage":"fr-FR","potentialAction":[{"@type":"ReadAction","target":["https:\/\/pasitoapasito.es\/fr\/produit\/valise-little-bloom-vichy-gris\/"]}]},{"@type":"ImageObject","inLanguage":"fr-FR","@id":"https:\/\/pasitoapasito.es\/fr\/produit\/valise-little-bloom-vichy-gris\/#primaryimage","url":"https:\/\/pasitoapasito.es\/wp-content\/uploads\/2026\/03\/1120900607_a.jpg","contentUrl":"https:\/\/pasitoapasito.es\/wp-content\/uploads\/2026\/03\/1120900607_a.jpg","width":600,"height":600},{"@type":"BreadcrumbList","@id":"https:\/\/pasitoapasito.es\/fr\/produit\/valise-little-bloom-vichy-gris\/#breadcrumb","itemListElement":[{"@type":"ListItem","position":1,"name":"Tienda","item":"https:\/\/pasitoapasito.es\/tienda\/"},{"@type":"ListItem","position":2,"name":"VALISE LITTLE BLOOM VICHY GRIS"}]},{"@type":"WebSite","@id":"https:\/\/pasitoapasito.es\/fr\/#website","url":"https:\/\/pasitoapasito.es\/fr\/","name":"Pasito a Pasito","description":"","potentialAction":[{"@type":"SearchAction","target":{"@type":"EntryPoint","urlTemplate":"https:\/\/pasitoapasito.es\/fr\/?s={search_term_string}"},"query-input":{"@type":"PropertyValueSpecification","valueRequired":true,"valueName":"search_term_string"}}],"inLanguage":"fr-FR"}]}},"_links":{"self":[{"href":"https:\/\/pasitoapasito.es\/fr\/wp-json\/wp\/v2\/product\/45415","targetHints":{"allow":["GET"]}}],"collection":[{"href":"https:\/\/pasitoapasito.es\/fr\/wp-json\/wp\/v2\/product"}],"about":[{"href":"https:\/\/pasitoapasito.es\/fr\/wp-json\/wp\/v2\/types\/product"}],"replies":[{"embeddable":true,"href":"https:\/\/pasitoapasito.es\/fr\/wp-json\/wp\/v2\/comments?post=45415"}],"wp:featuredmedia":[{"embeddable":true,"href":"https:\/\/pasitoapasito.es\/fr\/wp-json\/wp\/v2\/media\/44240"}],"wp:attachment":[{"href":"https:\/\/pasitoapasito.es\/fr\/wp-json\/wp\/v2\/media?parent=45415"}],"wp:term":[{"taxonomy":"colecciones","embeddable":true,"href":"https:\/\/pasitoapasito.es\/fr\/wp-json\/wp\/v2\/colecciones?post=45415"},{"taxonomy":"product_brand","embeddable":true,"href":"https:\/\/pasitoapasito.es\/fr\/wp-json\/wp\/v2\/product_brand?post=45415"},{"taxonomy":"product_cat","embeddable":true,"href":"https:\/\/pasitoapasito.es\/fr\/wp-json\/wp\/v2\/product_cat?post=45415"},{"taxonomy":"product_tag","embeddable":true,"href":"https:\/\/pasitoapasito.es\/fr\/wp-json\/wp\/v2\/product_tag?post=45415"}],"curies":[{"name":"wp","href":"https:\/\/api.w.org\/{rel}","templated":true}]}}