{"id":43806,"date":"2025-09-25T09:01:28","date_gmt":"2025-09-25T09:01:28","guid":{"rendered":"https:\/\/pasitoapasito.es\/?post_type=product&#038;p=43806"},"modified":"2025-09-25T09:01:28","modified_gmt":"2025-09-25T09:01:28","slug":"set-2-draps-housses-pour-nacelle-somerset","status":"publish","type":"product","link":"https:\/\/pasitoapasito.es\/fr\/produit\/set-2-draps-housses-pour-nacelle-somerset\/","title":{"rendered":"SET\/2 DRAPS-HOUSSES POUR NACELLE SOMERSET"},"content":{"rendered":"<p>L&rsquo;ensemble de deux draps-housses Somerset, l&rsquo;un floral et l&rsquo;autre uni, pour votre nacelle ou couffin est parfait pour assurer le confort et le bien-\u00eatre de votre b\u00e9b\u00e9 d\u00e8s le premier jour. Ces draps-housses sont fabriqu\u00e9s en 100% coton mousseline, un tissu extra-doux et respirant, d\u00e9licat pour la peau sensible des nouveau-n\u00e9s. Les mat\u00e9riaux sont sp\u00e9cifiquement choisis pour \u00eatre doux pour la peau de votre b\u00e9b\u00e9, favorisant un repos s\u00fbr et agr\u00e9able. Ils sont \u00e9galement faciles \u00e0 laver et \u00e0 entretenir, conservant leur douceur lavage apr\u00e8s lavage. Cet ensemble Pasito a Pasito est un indispensable de la layette de votre b\u00e9b\u00e9, alliant qualit\u00e9, fonctionnalit\u00e9 et design. Il est id\u00e9al pour garder votre b\u00e9b\u00e9 confortable et prot\u00e9g\u00e9, avec le style et la qualit\u00e9 distinctifs de Pasito a Pasito. Tous nos produits sont fabriqu\u00e9s conform\u00e9ment aux r\u00e9glementations europ\u00e9ennes les plus exigeantes, utilisant des mat\u00e9riaux de haute qualit\u00e9 exempts de colorants azo\u00efques, de phtalates et de substances nocives. Le tissu est facile \u00e0 nettoyer, et un lavage en machine \u00e0 30\u00baC est recommand\u00e9. Les produits pour b\u00e9b\u00e9 Pasito a Pasito se distinguent par leur design unique. Leurs collections se caract\u00e9risent par un savoir-faire d\u00e9taill\u00e9, toujours con\u00e7ues dans une perspective pratique. Nous utilisons des mat\u00e9riaux de premi\u00e8re qualit\u00e9 pour souligner l&rsquo;\u00e9l\u00e9gance et l&rsquo;harmonie de chaque pi\u00e8ce. Nos mod\u00e8les sont exclusifs et pr\u00e9sentent un style inimitable, con\u00e7us pour les m\u00e8res modernes qui appr\u00e9cient le bon go\u00fbt et pr\u00eatent autant attention aux d\u00e9tails que nous. Sp\u00e9cifications : Mat\u00e9riaux : 100% coton. Taille : Universelle.<\/p>\n","protected":false},"excerpt":{"rendered":"<p>L&rsquo;ensemble de deux draps-housses Somerset, l&rsquo;un floral et l&rsquo;autre uni, pour votre nacelle ou couffin est parfait pour assurer le confort et le bien-\u00eatre de votre b\u00e9b\u00e9 d\u00e8s le premier jour. Ces draps-housses sont fabriqu\u00e9s en 100% coton mousseline, un tissu extra-doux et respirant, d\u00e9licat pour la peau sensible des nouveau-n\u00e9s. Les mat\u00e9riaux sont sp\u00e9cifiquement [&hellip;]<\/p>\n","protected":false},"featured_media":43633,"comment_status":"closed","ping_status":"closed","template":"","meta":{"_acf_changed":false,"inline_featured_image":false},"colecciones":[293],"product_brand":[],"product_cat":[144],"product_tag":[],"class_list":{"0":"post-43806","1":"product","2":"type-product","3":"status-publish","4":"has-post-thumbnail","6":"colecciones-collection-somerset","7":"product_cat-housses-pour-nacelle-et-nids-dange","9":"first","10":"instock","11":"purchasable","12":"product-type-simple"},"acf":[],"yoast_head":"<!-- This site is optimized with the Yoast SEO plugin v27.4 - https:\/\/yoast.com\/product\/yoast-seo-wordpress\/ -->\n<title>SET\/2 DRAPS-HOUSSES POUR NACELLE SOMERSET - Pasito a Pasito<\/title>\n<meta name=\"robots\" content=\"index, follow, max-snippet:-1, max-image-preview:large, max-video-preview:-1\" \/>\n<link rel=\"canonical\" href=\"https:\/\/pasitoapasito.es\/fr\/produit\/set-2-draps-housses-pour-nacelle-somerset\/\" \/>\n<meta property=\"og:locale\" content=\"fr_FR\" \/>\n<meta property=\"og:type\" content=\"article\" \/>\n<meta property=\"og:title\" content=\"SET\/2 DRAPS-HOUSSES POUR NACELLE SOMERSET - Pasito a Pasito\" \/>\n<meta property=\"og:description\" content=\"L&rsquo;ensemble de deux draps-housses Somerset, l&rsquo;un floral et l&rsquo;autre uni, pour votre nacelle ou couffin est parfait pour assurer le confort et le bien-\u00eatre de votre b\u00e9b\u00e9 d\u00e8s le premier jour. Ces draps-housses sont fabriqu\u00e9s en 100% coton mousseline, un tissu extra-doux et respirant, d\u00e9licat pour la peau sensible des nouveau-n\u00e9s. Les mat\u00e9riaux sont sp\u00e9cifiquement [&hellip;]\" \/>\n<meta property=\"og:url\" content=\"https:\/\/pasitoapasito.es\/fr\/produit\/set-2-draps-housses-pour-nacelle-somerset\/\" \/>\n<meta property=\"og:site_name\" content=\"Pasito a Pasito\" \/>\n<meta property=\"og:image\" content=\"https:\/\/pasitoapasito.es\/wp-content\/uploads\/2025\/09\/1120900584_a-1.jpg\" \/>\n\t<meta property=\"og:image:width\" content=\"1800\" \/>\n\t<meta property=\"og:image:height\" content=\"1800\" \/>\n\t<meta property=\"og:image:type\" content=\"image\/jpeg\" \/>\n<meta name=\"twitter:card\" content=\"summary_large_image\" \/>\n<meta name=\"twitter:label1\" content=\"Dur\u00e9e de lecture estim\u00e9e\" \/>\n\t<meta name=\"twitter:data1\" content=\"1 minute\" \/>\n<script type=\"application\/ld+json\" class=\"yoast-schema-graph\">{\"@context\":\"https:\\\/\\\/schema.org\",\"@graph\":[{\"@type\":\"WebPage\",\"@id\":\"https:\\\/\\\/pasitoapasito.es\\\/fr\\\/produit\\\/set-2-draps-housses-pour-nacelle-somerset\\\/\",\"url\":\"https:\\\/\\\/pasitoapasito.es\\\/fr\\\/produit\\\/set-2-draps-housses-pour-nacelle-somerset\\\/\",\"name\":\"SET\\\/2 DRAPS-HOUSSES POUR NACELLE SOMERSET - Pasito a Pasito\",\"isPartOf\":{\"@id\":\"https:\\\/\\\/pasitoapasito.es\\\/fr\\\/#website\"},\"primaryImageOfPage\":{\"@id\":\"https:\\\/\\\/pasitoapasito.es\\\/fr\\\/produit\\\/set-2-draps-housses-pour-nacelle-somerset\\\/#primaryimage\"},\"image\":{\"@id\":\"https:\\\/\\\/pasitoapasito.es\\\/fr\\\/produit\\\/set-2-draps-housses-pour-nacelle-somerset\\\/#primaryimage\"},\"thumbnailUrl\":\"https:\\\/\\\/pasitoapasito.es\\\/wp-content\\\/uploads\\\/2025\\\/09\\\/1120900584_a-1.jpg\",\"datePublished\":\"2025-09-25T09:01:28+00:00\",\"breadcrumb\":{\"@id\":\"https:\\\/\\\/pasitoapasito.es\\\/fr\\\/produit\\\/set-2-draps-housses-pour-nacelle-somerset\\\/#breadcrumb\"},\"inLanguage\":\"fr-FR\",\"potentialAction\":[{\"@type\":\"ReadAction\",\"target\":[\"https:\\\/\\\/pasitoapasito.es\\\/fr\\\/produit\\\/set-2-draps-housses-pour-nacelle-somerset\\\/\"]}]},{\"@type\":\"ImageObject\",\"inLanguage\":\"fr-FR\",\"@id\":\"https:\\\/\\\/pasitoapasito.es\\\/fr\\\/produit\\\/set-2-draps-housses-pour-nacelle-somerset\\\/#primaryimage\",\"url\":\"https:\\\/\\\/pasitoapasito.es\\\/wp-content\\\/uploads\\\/2025\\\/09\\\/1120900584_a-1.jpg\",\"contentUrl\":\"https:\\\/\\\/pasitoapasito.es\\\/wp-content\\\/uploads\\\/2025\\\/09\\\/1120900584_a-1.jpg\",\"width\":1800,\"height\":1800},{\"@type\":\"BreadcrumbList\",\"@id\":\"https:\\\/\\\/pasitoapasito.es\\\/fr\\\/produit\\\/set-2-draps-housses-pour-nacelle-somerset\\\/#breadcrumb\",\"itemListElement\":[{\"@type\":\"ListItem\",\"position\":1,\"name\":\"Tienda\",\"item\":\"https:\\\/\\\/pasitoapasito.es\\\/tienda\\\/\"},{\"@type\":\"ListItem\",\"position\":2,\"name\":\"SET\\\/2 DRAPS-HOUSSES POUR NACELLE SOMERSET\"}]},{\"@type\":\"WebSite\",\"@id\":\"https:\\\/\\\/pasitoapasito.es\\\/fr\\\/#website\",\"url\":\"https:\\\/\\\/pasitoapasito.es\\\/fr\\\/\",\"name\":\"Pasito a Pasito\",\"description\":\"\",\"potentialAction\":[{\"@type\":\"SearchAction\",\"target\":{\"@type\":\"EntryPoint\",\"urlTemplate\":\"https:\\\/\\\/pasitoapasito.es\\\/fr\\\/?s={search_term_string}\"},\"query-input\":{\"@type\":\"PropertyValueSpecification\",\"valueRequired\":true,\"valueName\":\"search_term_string\"}}],\"inLanguage\":\"fr-FR\"}]}<\/script>\n<!-- \/ Yoast SEO plugin. -->","yoast_head_json":{"title":"SET\/2 DRAPS-HOUSSES POUR NACELLE SOMERSET - Pasito a Pasito","robots":{"index":"index","follow":"follow","max-snippet":"max-snippet:-1","max-image-preview":"max-image-preview:large","max-video-preview":"max-video-preview:-1"},"canonical":"https:\/\/pasitoapasito.es\/fr\/produit\/set-2-draps-housses-pour-nacelle-somerset\/","og_locale":"fr_FR","og_type":"article","og_title":"SET\/2 DRAPS-HOUSSES POUR NACELLE SOMERSET - Pasito a Pasito","og_description":"L&rsquo;ensemble de deux draps-housses Somerset, l&rsquo;un floral et l&rsquo;autre uni, pour votre nacelle ou couffin est parfait pour assurer le confort et le bien-\u00eatre de votre b\u00e9b\u00e9 d\u00e8s le premier jour. Ces draps-housses sont fabriqu\u00e9s en 100% coton mousseline, un tissu extra-doux et respirant, d\u00e9licat pour la peau sensible des nouveau-n\u00e9s. Les mat\u00e9riaux sont sp\u00e9cifiquement [&hellip;]","og_url":"https:\/\/pasitoapasito.es\/fr\/produit\/set-2-draps-housses-pour-nacelle-somerset\/","og_site_name":"Pasito a Pasito","og_image":[{"width":1800,"height":1800,"url":"https:\/\/pasitoapasito.es\/wp-content\/uploads\/2025\/09\/1120900584_a-1.jpg","type":"image\/jpeg"}],"twitter_card":"summary_large_image","twitter_misc":{"Dur\u00e9e de lecture estim\u00e9e":"1 minute"},"schema":{"@context":"https:\/\/schema.org","@graph":[{"@type":"WebPage","@id":"https:\/\/pasitoapasito.es\/fr\/produit\/set-2-draps-housses-pour-nacelle-somerset\/","url":"https:\/\/pasitoapasito.es\/fr\/produit\/set-2-draps-housses-pour-nacelle-somerset\/","name":"SET\/2 DRAPS-HOUSSES POUR NACELLE SOMERSET - Pasito a Pasito","isPartOf":{"@id":"https:\/\/pasitoapasito.es\/fr\/#website"},"primaryImageOfPage":{"@id":"https:\/\/pasitoapasito.es\/fr\/produit\/set-2-draps-housses-pour-nacelle-somerset\/#primaryimage"},"image":{"@id":"https:\/\/pasitoapasito.es\/fr\/produit\/set-2-draps-housses-pour-nacelle-somerset\/#primaryimage"},"thumbnailUrl":"https:\/\/pasitoapasito.es\/wp-content\/uploads\/2025\/09\/1120900584_a-1.jpg","datePublished":"2025-09-25T09:01:28+00:00","breadcrumb":{"@id":"https:\/\/pasitoapasito.es\/fr\/produit\/set-2-draps-housses-pour-nacelle-somerset\/#breadcrumb"},"inLanguage":"fr-FR","potentialAction":[{"@type":"ReadAction","target":["https:\/\/pasitoapasito.es\/fr\/produit\/set-2-draps-housses-pour-nacelle-somerset\/"]}]},{"@type":"ImageObject","inLanguage":"fr-FR","@id":"https:\/\/pasitoapasito.es\/fr\/produit\/set-2-draps-housses-pour-nacelle-somerset\/#primaryimage","url":"https:\/\/pasitoapasito.es\/wp-content\/uploads\/2025\/09\/1120900584_a-1.jpg","contentUrl":"https:\/\/pasitoapasito.es\/wp-content\/uploads\/2025\/09\/1120900584_a-1.jpg","width":1800,"height":1800},{"@type":"BreadcrumbList","@id":"https:\/\/pasitoapasito.es\/fr\/produit\/set-2-draps-housses-pour-nacelle-somerset\/#breadcrumb","itemListElement":[{"@type":"ListItem","position":1,"name":"Tienda","item":"https:\/\/pasitoapasito.es\/tienda\/"},{"@type":"ListItem","position":2,"name":"SET\/2 DRAPS-HOUSSES POUR NACELLE SOMERSET"}]},{"@type":"WebSite","@id":"https:\/\/pasitoapasito.es\/fr\/#website","url":"https:\/\/pasitoapasito.es\/fr\/","name":"Pasito a Pasito","description":"","potentialAction":[{"@type":"SearchAction","target":{"@type":"EntryPoint","urlTemplate":"https:\/\/pasitoapasito.es\/fr\/?s={search_term_string}"},"query-input":{"@type":"PropertyValueSpecification","valueRequired":true,"valueName":"search_term_string"}}],"inLanguage":"fr-FR"}]}},"_links":{"self":[{"href":"https:\/\/pasitoapasito.es\/fr\/wp-json\/wp\/v2\/product\/43806","targetHints":{"allow":["GET"]}}],"collection":[{"href":"https:\/\/pasitoapasito.es\/fr\/wp-json\/wp\/v2\/product"}],"about":[{"href":"https:\/\/pasitoapasito.es\/fr\/wp-json\/wp\/v2\/types\/product"}],"replies":[{"embeddable":true,"href":"https:\/\/pasitoapasito.es\/fr\/wp-json\/wp\/v2\/comments?post=43806"}],"wp:featuredmedia":[{"embeddable":true,"href":"https:\/\/pasitoapasito.es\/fr\/wp-json\/wp\/v2\/media\/43633"}],"wp:attachment":[{"href":"https:\/\/pasitoapasito.es\/fr\/wp-json\/wp\/v2\/media?parent=43806"}],"wp:term":[{"taxonomy":"colecciones","embeddable":true,"href":"https:\/\/pasitoapasito.es\/fr\/wp-json\/wp\/v2\/colecciones?post=43806"},{"taxonomy":"product_brand","embeddable":true,"href":"https:\/\/pasitoapasito.es\/fr\/wp-json\/wp\/v2\/product_brand?post=43806"},{"taxonomy":"product_cat","embeddable":true,"href":"https:\/\/pasitoapasito.es\/fr\/wp-json\/wp\/v2\/product_cat?post=43806"},{"taxonomy":"product_tag","embeddable":true,"href":"https:\/\/pasitoapasito.es\/fr\/wp-json\/wp\/v2\/product_tag?post=43806"}],"curies":[{"name":"wp","href":"https:\/\/api.w.org\/{rel}","templated":true}]}}