{"id":43805,"date":"2025-09-25T09:01:28","date_gmt":"2025-09-25T09:01:28","guid":{"rendered":"https:\/\/pasitoapasito.es\/?post_type=product&#038;p=43805"},"modified":"2025-09-25T09:01:28","modified_gmt":"2025-09-25T09:01:28","slug":"set-2-langes-70x70-cm-somerset","status":"publish","type":"product","link":"https:\/\/pasitoapasito.es\/fr\/produit\/set-2-langes-70x70-cm-somerset\/","title":{"rendered":"SET\/ 2 LANGES 70X70 CM SOMERSET"},"content":{"rendered":"<p>Le Set de Deux Mousselines Somerset \u2013 Imprim\u00e9e et Unie \u2013 de Pasito a Pasito est un accessoire essentiel pour le soin de b\u00e9b\u00e9. Fabriqu\u00e9es en 100 % coton, elles offrent une texture ultra-douce et respirante, d\u00e9licate pour la peau des nouveau-n\u00e9s. Leurs dimensions de 70&#215;70 cm les rendent parfaites pour de multiples usages : emmaillotage, couverture l\u00e9g\u00e8re, protection pour poussette, couverture d&rsquo;allaitement ou tapis \u00e0 langer improvis\u00e9. Gr\u00e2ce \u00e0 leur tissu respirant, elles aident \u00e0 r\u00e9guler la temp\u00e9rature de b\u00e9b\u00e9, lui procurant un confort optimal en toute situation. Fabriqu\u00e9es avec des mat\u00e9riaux s\u00fbrs pour b\u00e9b\u00e9, elles garantissent un repos s\u00fbr et agr\u00e9able. Faciles \u00e0 laver et \u00e0 entretenir, elles conservent leur douceur lavage apr\u00e8s lavage. Tous nos produits sont fabriqu\u00e9s conform\u00e9ment aux normes europ\u00e9ennes les plus strictes, utilisant des mat\u00e9riaux de haute qualit\u00e9 exempts de colorants azo\u00efques, de phtalates et de substances nocives pour la sant\u00e9. Tissu facile d&rsquo;entretien ; un lavage en machine \u00e0 30 \u00baC est recommand\u00e9. Les produits pour b\u00e9b\u00e9 Pasito a Pasito se distinguent par un design unique. Chaque collection est caract\u00e9ris\u00e9e par un savoir-faire d\u00e9taill\u00e9 et est toujours con\u00e7ue dans une perspective pratique. Nous utilisons des mat\u00e9riaux de premi\u00e8re qualit\u00e9 pour souligner l&rsquo;\u00e9l\u00e9gance et l&rsquo;harmonie de chaque pi\u00e8ce. Nos mod\u00e8les sont exclusifs et de style inimitable, con\u00e7us pour les m\u00e8res modernes qui appr\u00e9cient le bon go\u00fbt et la valeur des d\u00e9tails autant que nous. Sp\u00e9cifications : Mat\u00e9riaux : 100 % coton. Dimensions : 70 x 70 cm.<\/p>\n","protected":false},"excerpt":{"rendered":"<p>Le Set de Deux Mousselines Somerset \u2013 Imprim\u00e9e et Unie \u2013 de Pasito a Pasito est un accessoire essentiel pour le soin de b\u00e9b\u00e9. Fabriqu\u00e9es en 100 % coton, elles offrent une texture ultra-douce et respirante, d\u00e9licate pour la peau des nouveau-n\u00e9s. Leurs dimensions de 70&#215;70 cm les rendent parfaites pour de multiples usages : [&hellip;]<\/p>\n","protected":false},"featured_media":43612,"comment_status":"closed","ping_status":"closed","template":"","meta":{"_acf_changed":false,"inline_featured_image":false},"colecciones":[293],"product_brand":[],"product_cat":[357],"product_tag":[],"class_list":{"0":"post-43805","1":"product","2":"type-product","3":"status-publish","4":"has-post-thumbnail","6":"colecciones-collection-somerset","7":"product_cat-mousselines","9":"first","10":"instock","11":"purchasable","12":"product-type-simple"},"acf":[],"yoast_head":"<!-- This site is optimized with the Yoast SEO plugin v27.5 - https:\/\/yoast.com\/product\/yoast-seo-wordpress\/ -->\n<title>SET\/ 2 LANGES 70X70 CM SOMERSET - Pasito a Pasito<\/title>\n<meta name=\"robots\" content=\"index, follow, max-snippet:-1, max-image-preview:large, max-video-preview:-1\" \/>\n<link rel=\"canonical\" href=\"https:\/\/pasitoapasito.es\/fr\/produit\/set-2-langes-70x70-cm-somerset\/\" \/>\n<meta property=\"og:locale\" content=\"fr_FR\" \/>\n<meta property=\"og:type\" content=\"article\" \/>\n<meta property=\"og:title\" content=\"SET\/ 2 LANGES 70X70 CM SOMERSET - Pasito a Pasito\" \/>\n<meta property=\"og:description\" content=\"Le Set de Deux Mousselines Somerset \u2013 Imprim\u00e9e et Unie \u2013 de Pasito a Pasito est un accessoire essentiel pour le soin de b\u00e9b\u00e9. Fabriqu\u00e9es en 100 % coton, elles offrent une texture ultra-douce et respirante, d\u00e9licate pour la peau des nouveau-n\u00e9s. Leurs dimensions de 70&#215;70 cm les rendent parfaites pour de multiples usages : [&hellip;]\" \/>\n<meta property=\"og:url\" content=\"https:\/\/pasitoapasito.es\/fr\/produit\/set-2-langes-70x70-cm-somerset\/\" \/>\n<meta property=\"og:site_name\" content=\"Pasito a Pasito\" \/>\n<meta property=\"og:image\" content=\"https:\/\/pasitoapasito.es\/wp-content\/uploads\/2025\/09\/1120900583_a-1.jpg\" \/>\n\t<meta property=\"og:image:width\" content=\"1800\" \/>\n\t<meta property=\"og:image:height\" content=\"1800\" \/>\n\t<meta property=\"og:image:type\" content=\"image\/jpeg\" \/>\n<meta name=\"twitter:card\" content=\"summary_large_image\" \/>\n<meta name=\"twitter:label1\" content=\"Dur\u00e9e de lecture estim\u00e9e\" \/>\n\t<meta name=\"twitter:data1\" content=\"1 minute\" \/>\n<script type=\"application\/ld+json\" class=\"yoast-schema-graph\">{\"@context\":\"https:\\\/\\\/schema.org\",\"@graph\":[{\"@type\":\"WebPage\",\"@id\":\"https:\\\/\\\/pasitoapasito.es\\\/fr\\\/produit\\\/set-2-langes-70x70-cm-somerset\\\/\",\"url\":\"https:\\\/\\\/pasitoapasito.es\\\/fr\\\/produit\\\/set-2-langes-70x70-cm-somerset\\\/\",\"name\":\"SET\\\/ 2 LANGES 70X70 CM SOMERSET - Pasito a Pasito\",\"isPartOf\":{\"@id\":\"https:\\\/\\\/pasitoapasito.es\\\/fr\\\/#website\"},\"primaryImageOfPage\":{\"@id\":\"https:\\\/\\\/pasitoapasito.es\\\/fr\\\/produit\\\/set-2-langes-70x70-cm-somerset\\\/#primaryimage\"},\"image\":{\"@id\":\"https:\\\/\\\/pasitoapasito.es\\\/fr\\\/produit\\\/set-2-langes-70x70-cm-somerset\\\/#primaryimage\"},\"thumbnailUrl\":\"https:\\\/\\\/pasitoapasito.es\\\/wp-content\\\/uploads\\\/2025\\\/09\\\/1120900583_a-1.jpg\",\"datePublished\":\"2025-09-25T09:01:28+00:00\",\"breadcrumb\":{\"@id\":\"https:\\\/\\\/pasitoapasito.es\\\/fr\\\/produit\\\/set-2-langes-70x70-cm-somerset\\\/#breadcrumb\"},\"inLanguage\":\"fr-FR\",\"potentialAction\":[{\"@type\":\"ReadAction\",\"target\":[\"https:\\\/\\\/pasitoapasito.es\\\/fr\\\/produit\\\/set-2-langes-70x70-cm-somerset\\\/\"]}]},{\"@type\":\"ImageObject\",\"inLanguage\":\"fr-FR\",\"@id\":\"https:\\\/\\\/pasitoapasito.es\\\/fr\\\/produit\\\/set-2-langes-70x70-cm-somerset\\\/#primaryimage\",\"url\":\"https:\\\/\\\/pasitoapasito.es\\\/wp-content\\\/uploads\\\/2025\\\/09\\\/1120900583_a-1.jpg\",\"contentUrl\":\"https:\\\/\\\/pasitoapasito.es\\\/wp-content\\\/uploads\\\/2025\\\/09\\\/1120900583_a-1.jpg\",\"width\":1800,\"height\":1800},{\"@type\":\"BreadcrumbList\",\"@id\":\"https:\\\/\\\/pasitoapasito.es\\\/fr\\\/produit\\\/set-2-langes-70x70-cm-somerset\\\/#breadcrumb\",\"itemListElement\":[{\"@type\":\"ListItem\",\"position\":1,\"name\":\"Tienda\",\"item\":\"https:\\\/\\\/pasitoapasito.es\\\/tienda\\\/\"},{\"@type\":\"ListItem\",\"position\":2,\"name\":\"SET\\\/ 2 LANGES 70X70 CM SOMERSET\"}]},{\"@type\":\"WebSite\",\"@id\":\"https:\\\/\\\/pasitoapasito.es\\\/fr\\\/#website\",\"url\":\"https:\\\/\\\/pasitoapasito.es\\\/fr\\\/\",\"name\":\"Pasito a Pasito\",\"description\":\"\",\"potentialAction\":[{\"@type\":\"SearchAction\",\"target\":{\"@type\":\"EntryPoint\",\"urlTemplate\":\"https:\\\/\\\/pasitoapasito.es\\\/fr\\\/?s={search_term_string}\"},\"query-input\":{\"@type\":\"PropertyValueSpecification\",\"valueRequired\":true,\"valueName\":\"search_term_string\"}}],\"inLanguage\":\"fr-FR\"}]}<\/script>\n<!-- \/ Yoast SEO plugin. -->","yoast_head_json":{"title":"SET\/ 2 LANGES 70X70 CM SOMERSET - Pasito a Pasito","robots":{"index":"index","follow":"follow","max-snippet":"max-snippet:-1","max-image-preview":"max-image-preview:large","max-video-preview":"max-video-preview:-1"},"canonical":"https:\/\/pasitoapasito.es\/fr\/produit\/set-2-langes-70x70-cm-somerset\/","og_locale":"fr_FR","og_type":"article","og_title":"SET\/ 2 LANGES 70X70 CM SOMERSET - Pasito a Pasito","og_description":"Le Set de Deux Mousselines Somerset \u2013 Imprim\u00e9e et Unie \u2013 de Pasito a Pasito est un accessoire essentiel pour le soin de b\u00e9b\u00e9. Fabriqu\u00e9es en 100 % coton, elles offrent une texture ultra-douce et respirante, d\u00e9licate pour la peau des nouveau-n\u00e9s. Leurs dimensions de 70&#215;70 cm les rendent parfaites pour de multiples usages : [&hellip;]","og_url":"https:\/\/pasitoapasito.es\/fr\/produit\/set-2-langes-70x70-cm-somerset\/","og_site_name":"Pasito a Pasito","og_image":[{"width":1800,"height":1800,"url":"https:\/\/pasitoapasito.es\/wp-content\/uploads\/2025\/09\/1120900583_a-1.jpg","type":"image\/jpeg"}],"twitter_card":"summary_large_image","twitter_misc":{"Dur\u00e9e de lecture estim\u00e9e":"1 minute"},"schema":{"@context":"https:\/\/schema.org","@graph":[{"@type":"WebPage","@id":"https:\/\/pasitoapasito.es\/fr\/produit\/set-2-langes-70x70-cm-somerset\/","url":"https:\/\/pasitoapasito.es\/fr\/produit\/set-2-langes-70x70-cm-somerset\/","name":"SET\/ 2 LANGES 70X70 CM SOMERSET - Pasito a Pasito","isPartOf":{"@id":"https:\/\/pasitoapasito.es\/fr\/#website"},"primaryImageOfPage":{"@id":"https:\/\/pasitoapasito.es\/fr\/produit\/set-2-langes-70x70-cm-somerset\/#primaryimage"},"image":{"@id":"https:\/\/pasitoapasito.es\/fr\/produit\/set-2-langes-70x70-cm-somerset\/#primaryimage"},"thumbnailUrl":"https:\/\/pasitoapasito.es\/wp-content\/uploads\/2025\/09\/1120900583_a-1.jpg","datePublished":"2025-09-25T09:01:28+00:00","breadcrumb":{"@id":"https:\/\/pasitoapasito.es\/fr\/produit\/set-2-langes-70x70-cm-somerset\/#breadcrumb"},"inLanguage":"fr-FR","potentialAction":[{"@type":"ReadAction","target":["https:\/\/pasitoapasito.es\/fr\/produit\/set-2-langes-70x70-cm-somerset\/"]}]},{"@type":"ImageObject","inLanguage":"fr-FR","@id":"https:\/\/pasitoapasito.es\/fr\/produit\/set-2-langes-70x70-cm-somerset\/#primaryimage","url":"https:\/\/pasitoapasito.es\/wp-content\/uploads\/2025\/09\/1120900583_a-1.jpg","contentUrl":"https:\/\/pasitoapasito.es\/wp-content\/uploads\/2025\/09\/1120900583_a-1.jpg","width":1800,"height":1800},{"@type":"BreadcrumbList","@id":"https:\/\/pasitoapasito.es\/fr\/produit\/set-2-langes-70x70-cm-somerset\/#breadcrumb","itemListElement":[{"@type":"ListItem","position":1,"name":"Tienda","item":"https:\/\/pasitoapasito.es\/tienda\/"},{"@type":"ListItem","position":2,"name":"SET\/ 2 LANGES 70X70 CM SOMERSET"}]},{"@type":"WebSite","@id":"https:\/\/pasitoapasito.es\/fr\/#website","url":"https:\/\/pasitoapasito.es\/fr\/","name":"Pasito a Pasito","description":"","potentialAction":[{"@type":"SearchAction","target":{"@type":"EntryPoint","urlTemplate":"https:\/\/pasitoapasito.es\/fr\/?s={search_term_string}"},"query-input":{"@type":"PropertyValueSpecification","valueRequired":true,"valueName":"search_term_string"}}],"inLanguage":"fr-FR"}]}},"_links":{"self":[{"href":"https:\/\/pasitoapasito.es\/fr\/wp-json\/wp\/v2\/product\/43805","targetHints":{"allow":["GET"]}}],"collection":[{"href":"https:\/\/pasitoapasito.es\/fr\/wp-json\/wp\/v2\/product"}],"about":[{"href":"https:\/\/pasitoapasito.es\/fr\/wp-json\/wp\/v2\/types\/product"}],"replies":[{"embeddable":true,"href":"https:\/\/pasitoapasito.es\/fr\/wp-json\/wp\/v2\/comments?post=43805"}],"wp:featuredmedia":[{"embeddable":true,"href":"https:\/\/pasitoapasito.es\/fr\/wp-json\/wp\/v2\/media\/43612"}],"wp:attachment":[{"href":"https:\/\/pasitoapasito.es\/fr\/wp-json\/wp\/v2\/media?parent=43805"}],"wp:term":[{"taxonomy":"colecciones","embeddable":true,"href":"https:\/\/pasitoapasito.es\/fr\/wp-json\/wp\/v2\/colecciones?post=43805"},{"taxonomy":"product_brand","embeddable":true,"href":"https:\/\/pasitoapasito.es\/fr\/wp-json\/wp\/v2\/product_brand?post=43805"},{"taxonomy":"product_cat","embeddable":true,"href":"https:\/\/pasitoapasito.es\/fr\/wp-json\/wp\/v2\/product_cat?post=43805"},{"taxonomy":"product_tag","embeddable":true,"href":"https:\/\/pasitoapasito.es\/fr\/wp-json\/wp\/v2\/product_tag?post=43805"}],"curies":[{"name":"wp","href":"https:\/\/api.w.org\/{rel}","templated":true}]}}