{"id":43803,"date":"2025-09-25T09:01:27","date_gmt":"2025-09-25T09:01:27","guid":{"rendered":"https:\/\/pasitoapasito.es\/?post_type=product&#038;p=43803"},"modified":"2025-09-25T09:01:27","modified_gmt":"2025-09-25T09:01:27","slug":"drap-housse-pour-nacelle-lange-somerset","status":"publish","type":"product","link":"https:\/\/pasitoapasito.es\/fr\/produit\/drap-housse-pour-nacelle-lange-somerset\/","title":{"rendered":"DRAP-HOUSSE POUR NACELLE + LANGE SOMERSET"},"content":{"rendered":"<p>L&rsquo;ensemble Drap-housse et Mousseline Somerset pour Nacelle ou Couffin de Pasito a Pasito est id\u00e9al pour assurer le repos et le bien-\u00eatre de votre b\u00e9b\u00e9 d\u00e8s le premier jour. Il comprend un drap-housse en mousseline 100 % coton, un tissu extra-doux et respirant, parfait pour la peau d\u00e9licate des nouveau-n\u00e9s. De plus, il est accompagn\u00e9 d&rsquo;une mousseline imprim\u00e9e de 120&#215;120 cm avec un motif floral aux tons neutres, \u00e9galement en 100 % coton. Cette mousseline offre une texture ultra-l\u00e9g\u00e8re, respirante et polyvalente, id\u00e9ale pour emmailloter le b\u00e9b\u00e9, le prot\u00e9ger du soleil ou l&rsquo;utiliser comme couverture l\u00e9g\u00e8re \u00e0 tout moment. Fabriqu\u00e9 \u00e0 partir de mat\u00e9riaux s\u00fbrs pour b\u00e9b\u00e9, cet ensemble garantit un repos s\u00fbr et agr\u00e9able. Facile \u00e0 laver et \u00e0 entretenir, il conserve sa douceur lavage apr\u00e8s lavage. Ce set drap-housse et mousseline Pasito a Pasito est un indispensable de la layette de votre b\u00e9b\u00e9, combinant qualit\u00e9, fonctionnalit\u00e9 et design. Il est parfait pour garder votre b\u00e9b\u00e9 confortable et prot\u00e9g\u00e9, avec le style et la qualit\u00e9 distinctifs de Pasito a Pasito. Toutes nos housses sont fabriqu\u00e9es conform\u00e9ment aux normes europ\u00e9ennes les plus strictes, utilisant des mat\u00e9riaux de haute qualit\u00e9 exempts de colorants azo\u00efques, de phtalates et de substances nocives pour la sant\u00e9. Tissu facile d&rsquo;entretien ; un lavage en machine \u00e0 30 \u00baC est recommand\u00e9. Les produits pour b\u00e9b\u00e9 Pasito a Pasito se distinguent par un design qui sort de l&rsquo;ordinaire. Chaque collection se caract\u00e9rise par une attention aux d\u00e9tails et est toujours con\u00e7ue dans une perspective pratique. Nous utilisons des mat\u00e9riaux de premi\u00e8re qualit\u00e9 pour souligner l&rsquo;\u00e9l\u00e9gance et l&rsquo;harmoniede chaque pi\u00e8ce. Nos mod\u00e8les sont exclusifs, avec un style distinctif con\u00e7u pour les m\u00e8res modernes d&rsquo;aujourd&rsquo;hui qui appr\u00e9cient le bon go\u00fbt et la valeur des d\u00e9tails autant que nous. Sp\u00e9cifications : Mat\u00e9riaux : 100 % coton. Taille : Universelle.<\/p>\n","protected":false},"excerpt":{"rendered":"<p>L&rsquo;ensemble Drap-housse et Mousseline Somerset pour Nacelle ou Couffin de Pasito a Pasito est id\u00e9al pour assurer le repos et le bien-\u00eatre de votre b\u00e9b\u00e9 d\u00e8s le premier jour. Il comprend un drap-housse en mousseline 100 % coton, un tissu extra-doux et respirant, parfait pour la peau d\u00e9licate des nouveau-n\u00e9s. De plus, il est accompagn\u00e9 [&hellip;]<\/p>\n","protected":false},"featured_media":43578,"comment_status":"closed","ping_status":"closed","template":"","meta":{"_acf_changed":false,"inline_featured_image":false},"colecciones":[293],"product_brand":[],"product_cat":[144],"product_tag":[],"class_list":{"0":"post-43803","1":"product","2":"type-product","3":"status-publish","4":"has-post-thumbnail","6":"colecciones-collection-somerset","7":"product_cat-housses-pour-nacelle-et-nids-dange","9":"first","10":"instock","11":"purchasable","12":"product-type-simple"},"acf":[],"yoast_head":"<!-- This site is optimized with the Yoast SEO plugin v27.5 - https:\/\/yoast.com\/product\/yoast-seo-wordpress\/ -->\n<title>DRAP-HOUSSE POUR NACELLE + LANGE SOMERSET - Pasito a Pasito<\/title>\n<meta name=\"robots\" content=\"index, follow, max-snippet:-1, max-image-preview:large, max-video-preview:-1\" \/>\n<link rel=\"canonical\" href=\"https:\/\/pasitoapasito.es\/fr\/produit\/drap-housse-pour-nacelle-lange-somerset\/\" \/>\n<meta property=\"og:locale\" content=\"fr_FR\" \/>\n<meta property=\"og:type\" content=\"article\" \/>\n<meta property=\"og:title\" content=\"DRAP-HOUSSE POUR NACELLE + LANGE SOMERSET - Pasito a Pasito\" \/>\n<meta property=\"og:description\" content=\"L&rsquo;ensemble Drap-housse et Mousseline Somerset pour Nacelle ou Couffin de Pasito a Pasito est id\u00e9al pour assurer le repos et le bien-\u00eatre de votre b\u00e9b\u00e9 d\u00e8s le premier jour. Il comprend un drap-housse en mousseline 100 % coton, un tissu extra-doux et respirant, parfait pour la peau d\u00e9licate des nouveau-n\u00e9s. De plus, il est accompagn\u00e9 [&hellip;]\" \/>\n<meta property=\"og:url\" content=\"https:\/\/pasitoapasito.es\/fr\/produit\/drap-housse-pour-nacelle-lange-somerset\/\" \/>\n<meta property=\"og:site_name\" content=\"Pasito a Pasito\" \/>\n<meta property=\"og:image\" content=\"https:\/\/pasitoapasito.es\/wp-content\/uploads\/2025\/09\/1120900581_a-1.jpg\" \/>\n\t<meta property=\"og:image:width\" content=\"1800\" \/>\n\t<meta property=\"og:image:height\" content=\"1800\" \/>\n\t<meta property=\"og:image:type\" content=\"image\/jpeg\" \/>\n<meta name=\"twitter:card\" content=\"summary_large_image\" \/>\n<meta name=\"twitter:label1\" content=\"Dur\u00e9e de lecture estim\u00e9e\" \/>\n\t<meta name=\"twitter:data1\" content=\"2 minutes\" \/>\n<script type=\"application\/ld+json\" class=\"yoast-schema-graph\">{\"@context\":\"https:\\\/\\\/schema.org\",\"@graph\":[{\"@type\":\"WebPage\",\"@id\":\"https:\\\/\\\/pasitoapasito.es\\\/fr\\\/produit\\\/drap-housse-pour-nacelle-lange-somerset\\\/\",\"url\":\"https:\\\/\\\/pasitoapasito.es\\\/fr\\\/produit\\\/drap-housse-pour-nacelle-lange-somerset\\\/\",\"name\":\"DRAP-HOUSSE POUR NACELLE + LANGE SOMERSET - Pasito a Pasito\",\"isPartOf\":{\"@id\":\"https:\\\/\\\/pasitoapasito.es\\\/fr\\\/#website\"},\"primaryImageOfPage\":{\"@id\":\"https:\\\/\\\/pasitoapasito.es\\\/fr\\\/produit\\\/drap-housse-pour-nacelle-lange-somerset\\\/#primaryimage\"},\"image\":{\"@id\":\"https:\\\/\\\/pasitoapasito.es\\\/fr\\\/produit\\\/drap-housse-pour-nacelle-lange-somerset\\\/#primaryimage\"},\"thumbnailUrl\":\"https:\\\/\\\/pasitoapasito.es\\\/wp-content\\\/uploads\\\/2025\\\/09\\\/1120900581_a-1.jpg\",\"datePublished\":\"2025-09-25T09:01:27+00:00\",\"breadcrumb\":{\"@id\":\"https:\\\/\\\/pasitoapasito.es\\\/fr\\\/produit\\\/drap-housse-pour-nacelle-lange-somerset\\\/#breadcrumb\"},\"inLanguage\":\"fr-FR\",\"potentialAction\":[{\"@type\":\"ReadAction\",\"target\":[\"https:\\\/\\\/pasitoapasito.es\\\/fr\\\/produit\\\/drap-housse-pour-nacelle-lange-somerset\\\/\"]}]},{\"@type\":\"ImageObject\",\"inLanguage\":\"fr-FR\",\"@id\":\"https:\\\/\\\/pasitoapasito.es\\\/fr\\\/produit\\\/drap-housse-pour-nacelle-lange-somerset\\\/#primaryimage\",\"url\":\"https:\\\/\\\/pasitoapasito.es\\\/wp-content\\\/uploads\\\/2025\\\/09\\\/1120900581_a-1.jpg\",\"contentUrl\":\"https:\\\/\\\/pasitoapasito.es\\\/wp-content\\\/uploads\\\/2025\\\/09\\\/1120900581_a-1.jpg\",\"width\":1800,\"height\":1800},{\"@type\":\"BreadcrumbList\",\"@id\":\"https:\\\/\\\/pasitoapasito.es\\\/fr\\\/produit\\\/drap-housse-pour-nacelle-lange-somerset\\\/#breadcrumb\",\"itemListElement\":[{\"@type\":\"ListItem\",\"position\":1,\"name\":\"Tienda\",\"item\":\"https:\\\/\\\/pasitoapasito.es\\\/tienda\\\/\"},{\"@type\":\"ListItem\",\"position\":2,\"name\":\"DRAP-HOUSSE POUR NACELLE + LANGE SOMERSET\"}]},{\"@type\":\"WebSite\",\"@id\":\"https:\\\/\\\/pasitoapasito.es\\\/fr\\\/#website\",\"url\":\"https:\\\/\\\/pasitoapasito.es\\\/fr\\\/\",\"name\":\"Pasito a Pasito\",\"description\":\"\",\"potentialAction\":[{\"@type\":\"SearchAction\",\"target\":{\"@type\":\"EntryPoint\",\"urlTemplate\":\"https:\\\/\\\/pasitoapasito.es\\\/fr\\\/?s={search_term_string}\"},\"query-input\":{\"@type\":\"PropertyValueSpecification\",\"valueRequired\":true,\"valueName\":\"search_term_string\"}}],\"inLanguage\":\"fr-FR\"}]}<\/script>\n<!-- \/ Yoast SEO plugin. -->","yoast_head_json":{"title":"DRAP-HOUSSE POUR NACELLE + LANGE SOMERSET - Pasito a Pasito","robots":{"index":"index","follow":"follow","max-snippet":"max-snippet:-1","max-image-preview":"max-image-preview:large","max-video-preview":"max-video-preview:-1"},"canonical":"https:\/\/pasitoapasito.es\/fr\/produit\/drap-housse-pour-nacelle-lange-somerset\/","og_locale":"fr_FR","og_type":"article","og_title":"DRAP-HOUSSE POUR NACELLE + LANGE SOMERSET - Pasito a Pasito","og_description":"L&rsquo;ensemble Drap-housse et Mousseline Somerset pour Nacelle ou Couffin de Pasito a Pasito est id\u00e9al pour assurer le repos et le bien-\u00eatre de votre b\u00e9b\u00e9 d\u00e8s le premier jour. Il comprend un drap-housse en mousseline 100 % coton, un tissu extra-doux et respirant, parfait pour la peau d\u00e9licate des nouveau-n\u00e9s. De plus, il est accompagn\u00e9 [&hellip;]","og_url":"https:\/\/pasitoapasito.es\/fr\/produit\/drap-housse-pour-nacelle-lange-somerset\/","og_site_name":"Pasito a Pasito","og_image":[{"width":1800,"height":1800,"url":"https:\/\/pasitoapasito.es\/wp-content\/uploads\/2025\/09\/1120900581_a-1.jpg","type":"image\/jpeg"}],"twitter_card":"summary_large_image","twitter_misc":{"Dur\u00e9e de lecture estim\u00e9e":"2 minutes"},"schema":{"@context":"https:\/\/schema.org","@graph":[{"@type":"WebPage","@id":"https:\/\/pasitoapasito.es\/fr\/produit\/drap-housse-pour-nacelle-lange-somerset\/","url":"https:\/\/pasitoapasito.es\/fr\/produit\/drap-housse-pour-nacelle-lange-somerset\/","name":"DRAP-HOUSSE POUR NACELLE + LANGE SOMERSET - Pasito a Pasito","isPartOf":{"@id":"https:\/\/pasitoapasito.es\/fr\/#website"},"primaryImageOfPage":{"@id":"https:\/\/pasitoapasito.es\/fr\/produit\/drap-housse-pour-nacelle-lange-somerset\/#primaryimage"},"image":{"@id":"https:\/\/pasitoapasito.es\/fr\/produit\/drap-housse-pour-nacelle-lange-somerset\/#primaryimage"},"thumbnailUrl":"https:\/\/pasitoapasito.es\/wp-content\/uploads\/2025\/09\/1120900581_a-1.jpg","datePublished":"2025-09-25T09:01:27+00:00","breadcrumb":{"@id":"https:\/\/pasitoapasito.es\/fr\/produit\/drap-housse-pour-nacelle-lange-somerset\/#breadcrumb"},"inLanguage":"fr-FR","potentialAction":[{"@type":"ReadAction","target":["https:\/\/pasitoapasito.es\/fr\/produit\/drap-housse-pour-nacelle-lange-somerset\/"]}]},{"@type":"ImageObject","inLanguage":"fr-FR","@id":"https:\/\/pasitoapasito.es\/fr\/produit\/drap-housse-pour-nacelle-lange-somerset\/#primaryimage","url":"https:\/\/pasitoapasito.es\/wp-content\/uploads\/2025\/09\/1120900581_a-1.jpg","contentUrl":"https:\/\/pasitoapasito.es\/wp-content\/uploads\/2025\/09\/1120900581_a-1.jpg","width":1800,"height":1800},{"@type":"BreadcrumbList","@id":"https:\/\/pasitoapasito.es\/fr\/produit\/drap-housse-pour-nacelle-lange-somerset\/#breadcrumb","itemListElement":[{"@type":"ListItem","position":1,"name":"Tienda","item":"https:\/\/pasitoapasito.es\/tienda\/"},{"@type":"ListItem","position":2,"name":"DRAP-HOUSSE POUR NACELLE + LANGE SOMERSET"}]},{"@type":"WebSite","@id":"https:\/\/pasitoapasito.es\/fr\/#website","url":"https:\/\/pasitoapasito.es\/fr\/","name":"Pasito a Pasito","description":"","potentialAction":[{"@type":"SearchAction","target":{"@type":"EntryPoint","urlTemplate":"https:\/\/pasitoapasito.es\/fr\/?s={search_term_string}"},"query-input":{"@type":"PropertyValueSpecification","valueRequired":true,"valueName":"search_term_string"}}],"inLanguage":"fr-FR"}]}},"_links":{"self":[{"href":"https:\/\/pasitoapasito.es\/fr\/wp-json\/wp\/v2\/product\/43803","targetHints":{"allow":["GET"]}}],"collection":[{"href":"https:\/\/pasitoapasito.es\/fr\/wp-json\/wp\/v2\/product"}],"about":[{"href":"https:\/\/pasitoapasito.es\/fr\/wp-json\/wp\/v2\/types\/product"}],"replies":[{"embeddable":true,"href":"https:\/\/pasitoapasito.es\/fr\/wp-json\/wp\/v2\/comments?post=43803"}],"wp:featuredmedia":[{"embeddable":true,"href":"https:\/\/pasitoapasito.es\/fr\/wp-json\/wp\/v2\/media\/43578"}],"wp:attachment":[{"href":"https:\/\/pasitoapasito.es\/fr\/wp-json\/wp\/v2\/media?parent=43803"}],"wp:term":[{"taxonomy":"colecciones","embeddable":true,"href":"https:\/\/pasitoapasito.es\/fr\/wp-json\/wp\/v2\/colecciones?post=43803"},{"taxonomy":"product_brand","embeddable":true,"href":"https:\/\/pasitoapasito.es\/fr\/wp-json\/wp\/v2\/product_brand?post=43803"},{"taxonomy":"product_cat","embeddable":true,"href":"https:\/\/pasitoapasito.es\/fr\/wp-json\/wp\/v2\/product_cat?post=43803"},{"taxonomy":"product_tag","embeddable":true,"href":"https:\/\/pasitoapasito.es\/fr\/wp-json\/wp\/v2\/product_tag?post=43803"}],"curies":[{"name":"wp","href":"https:\/\/api.w.org\/{rel}","templated":true}]}}