{"id":43801,"date":"2025-09-25T09:01:27","date_gmt":"2025-09-25T09:01:27","guid":{"rendered":"https:\/\/pasitoapasito.es\/?post_type=product&#038;p=43801"},"modified":"2025-09-25T09:01:27","modified_gmt":"2025-09-25T09:01:27","slug":"housse-de-nacelle-dual-drap-housse-pour-nacelle-somerset","status":"publish","type":"product","link":"https:\/\/pasitoapasito.es\/fr\/produit\/housse-de-nacelle-dual-drap-housse-pour-nacelle-somerset\/","title":{"rendered":"HOUSSE DE NACELLE DUAL + DRAP-HOUSSE POUR NACELLE SOMERSET"},"content":{"rendered":"<p>Le Set Doublure et Drap-housse Double Somerset de Pasito a Pasito est l&rsquo;accessoire parfait pour apporter douceur et \u00e9l\u00e9gance \u00e0 la nacelle de votre b\u00e9b\u00e9. Fabriqu\u00e9 en 100 % coton, il offre un toucher d\u00e9licat et respirant, id\u00e9al pour la peau sensible des nouveau-n\u00e9s. La doublure double s&rsquo;adapte parfaitement \u00e0 l&rsquo;int\u00e9rieur de la nacelle. Son design ajustable avec des liens assure un maintien s\u00fbr, offrant une finition enveloppante et s\u00e9curis\u00e9e avec un charmant imprim\u00e9 floral. Le drap-housse, confectionn\u00e9 en mousseline 100 % coton, procure une douceur exceptionnelle et une respirabilit\u00e9 optimale, assurant le confort de votre b\u00e9b\u00e9 \u00e0 tout moment. Compatible avec la plupart des nacelles, cet ensemble est id\u00e9al pour garder votre tout-petit douillet et prot\u00e9g\u00e9, avec le style et la qualit\u00e9 qui d\u00e9finissent Pasito a Pasito. Toutes nos housses sont fabriqu\u00e9es conform\u00e9ment aux normes europ\u00e9ennes les plus strictes, utilisant des mat\u00e9riaux de haute qualit\u00e9 exempts de colorants azo\u00efques, de phtalates et de substances nocives. Tissu facile d&rsquo;entretien ; lavage en machine \u00e0 30 \u00baC recommand\u00e9. Les produits pour b\u00e9b\u00e9 de Pasito a Pasito se distinguent par leur design unique et raffin\u00e9. Chaque collection est minutieusement cr\u00e9\u00e9e avec une approche pratique, en portant attention aux moindres d\u00e9tails. Nous utilisons des mat\u00e9riaux de premi\u00e8re qualit\u00e9 pour rehausser l&rsquo;\u00e9l\u00e9gance et l&rsquo;harmonie dans chaque pi\u00e8ce. Nos mod\u00e8les sont exclusifs, avec un style inimitable adapt\u00e9 aux m\u00e8res modernes d&rsquo;aujourd&rsquo;hui \u2014 celles qui appr\u00e9cient la beaut\u00e9 et le d\u00e9tail autant que nous. Sp\u00e9cifications : Mat\u00e9riaux : 100 % coton. Taille universelle.<\/p>\n","protected":false},"excerpt":{"rendered":"<p>Le Set Doublure et Drap-housse Double Somerset de Pasito a Pasito est l&rsquo;accessoire parfait pour apporter douceur et \u00e9l\u00e9gance \u00e0 la nacelle de votre b\u00e9b\u00e9. Fabriqu\u00e9 en 100 % coton, il offre un toucher d\u00e9licat et respirant, id\u00e9al pour la peau sensible des nouveau-n\u00e9s. La doublure double s&rsquo;adapte parfaitement \u00e0 l&rsquo;int\u00e9rieur de la nacelle. Son [&hellip;]<\/p>\n","protected":false},"featured_media":43544,"comment_status":"closed","ping_status":"closed","template":"","meta":{"_acf_changed":false,"inline_featured_image":false},"colecciones":[293],"product_brand":[],"product_cat":[144],"product_tag":[],"class_list":{"0":"post-43801","1":"product","2":"type-product","3":"status-publish","4":"has-post-thumbnail","6":"colecciones-collection-somerset","7":"product_cat-housses-pour-nacelle-et-nids-dange","9":"first","10":"instock","11":"purchasable","12":"product-type-simple"},"acf":[],"yoast_head":"<!-- This site is optimized with the Yoast SEO plugin v27.5 - https:\/\/yoast.com\/product\/yoast-seo-wordpress\/ -->\n<title>HOUSSE DE NACELLE DUAL + DRAP-HOUSSE POUR NACELLE SOMERSET - Pasito a Pasito<\/title>\n<meta name=\"robots\" content=\"index, follow, max-snippet:-1, max-image-preview:large, max-video-preview:-1\" \/>\n<link rel=\"canonical\" href=\"https:\/\/pasitoapasito.es\/fr\/produit\/housse-de-nacelle-dual-drap-housse-pour-nacelle-somerset\/\" \/>\n<meta property=\"og:locale\" content=\"fr_FR\" \/>\n<meta property=\"og:type\" content=\"article\" \/>\n<meta property=\"og:title\" content=\"HOUSSE DE NACELLE DUAL + DRAP-HOUSSE POUR NACELLE SOMERSET - Pasito a Pasito\" \/>\n<meta property=\"og:description\" content=\"Le Set Doublure et Drap-housse Double Somerset de Pasito a Pasito est l&rsquo;accessoire parfait pour apporter douceur et \u00e9l\u00e9gance \u00e0 la nacelle de votre b\u00e9b\u00e9. Fabriqu\u00e9 en 100 % coton, il offre un toucher d\u00e9licat et respirant, id\u00e9al pour la peau sensible des nouveau-n\u00e9s. La doublure double s&rsquo;adapte parfaitement \u00e0 l&rsquo;int\u00e9rieur de la nacelle. Son [&hellip;]\" \/>\n<meta property=\"og:url\" content=\"https:\/\/pasitoapasito.es\/fr\/produit\/housse-de-nacelle-dual-drap-housse-pour-nacelle-somerset\/\" \/>\n<meta property=\"og:site_name\" content=\"Pasito a Pasito\" \/>\n<meta property=\"og:image\" content=\"https:\/\/pasitoapasito.es\/wp-content\/uploads\/2025\/09\/1120900579_a-1.jpg\" \/>\n\t<meta property=\"og:image:width\" content=\"1800\" \/>\n\t<meta property=\"og:image:height\" content=\"1800\" \/>\n\t<meta property=\"og:image:type\" content=\"image\/jpeg\" \/>\n<meta name=\"twitter:card\" content=\"summary_large_image\" \/>\n<meta name=\"twitter:label1\" content=\"Dur\u00e9e de lecture estim\u00e9e\" \/>\n\t<meta name=\"twitter:data1\" content=\"1 minute\" \/>\n<script type=\"application\/ld+json\" class=\"yoast-schema-graph\">{\"@context\":\"https:\\\/\\\/schema.org\",\"@graph\":[{\"@type\":\"WebPage\",\"@id\":\"https:\\\/\\\/pasitoapasito.es\\\/fr\\\/produit\\\/housse-de-nacelle-dual-drap-housse-pour-nacelle-somerset\\\/\",\"url\":\"https:\\\/\\\/pasitoapasito.es\\\/fr\\\/produit\\\/housse-de-nacelle-dual-drap-housse-pour-nacelle-somerset\\\/\",\"name\":\"HOUSSE DE NACELLE DUAL + DRAP-HOUSSE POUR NACELLE SOMERSET - Pasito a Pasito\",\"isPartOf\":{\"@id\":\"https:\\\/\\\/pasitoapasito.es\\\/fr\\\/#website\"},\"primaryImageOfPage\":{\"@id\":\"https:\\\/\\\/pasitoapasito.es\\\/fr\\\/produit\\\/housse-de-nacelle-dual-drap-housse-pour-nacelle-somerset\\\/#primaryimage\"},\"image\":{\"@id\":\"https:\\\/\\\/pasitoapasito.es\\\/fr\\\/produit\\\/housse-de-nacelle-dual-drap-housse-pour-nacelle-somerset\\\/#primaryimage\"},\"thumbnailUrl\":\"https:\\\/\\\/pasitoapasito.es\\\/wp-content\\\/uploads\\\/2025\\\/09\\\/1120900579_a-1.jpg\",\"datePublished\":\"2025-09-25T09:01:27+00:00\",\"breadcrumb\":{\"@id\":\"https:\\\/\\\/pasitoapasito.es\\\/fr\\\/produit\\\/housse-de-nacelle-dual-drap-housse-pour-nacelle-somerset\\\/#breadcrumb\"},\"inLanguage\":\"fr-FR\",\"potentialAction\":[{\"@type\":\"ReadAction\",\"target\":[\"https:\\\/\\\/pasitoapasito.es\\\/fr\\\/produit\\\/housse-de-nacelle-dual-drap-housse-pour-nacelle-somerset\\\/\"]}]},{\"@type\":\"ImageObject\",\"inLanguage\":\"fr-FR\",\"@id\":\"https:\\\/\\\/pasitoapasito.es\\\/fr\\\/produit\\\/housse-de-nacelle-dual-drap-housse-pour-nacelle-somerset\\\/#primaryimage\",\"url\":\"https:\\\/\\\/pasitoapasito.es\\\/wp-content\\\/uploads\\\/2025\\\/09\\\/1120900579_a-1.jpg\",\"contentUrl\":\"https:\\\/\\\/pasitoapasito.es\\\/wp-content\\\/uploads\\\/2025\\\/09\\\/1120900579_a-1.jpg\",\"width\":1800,\"height\":1800},{\"@type\":\"BreadcrumbList\",\"@id\":\"https:\\\/\\\/pasitoapasito.es\\\/fr\\\/produit\\\/housse-de-nacelle-dual-drap-housse-pour-nacelle-somerset\\\/#breadcrumb\",\"itemListElement\":[{\"@type\":\"ListItem\",\"position\":1,\"name\":\"Tienda\",\"item\":\"https:\\\/\\\/pasitoapasito.es\\\/tienda\\\/\"},{\"@type\":\"ListItem\",\"position\":2,\"name\":\"HOUSSE DE NACELLE DUAL + DRAP-HOUSSE POUR NACELLE SOMERSET\"}]},{\"@type\":\"WebSite\",\"@id\":\"https:\\\/\\\/pasitoapasito.es\\\/fr\\\/#website\",\"url\":\"https:\\\/\\\/pasitoapasito.es\\\/fr\\\/\",\"name\":\"Pasito a Pasito\",\"description\":\"\",\"potentialAction\":[{\"@type\":\"SearchAction\",\"target\":{\"@type\":\"EntryPoint\",\"urlTemplate\":\"https:\\\/\\\/pasitoapasito.es\\\/fr\\\/?s={search_term_string}\"},\"query-input\":{\"@type\":\"PropertyValueSpecification\",\"valueRequired\":true,\"valueName\":\"search_term_string\"}}],\"inLanguage\":\"fr-FR\"}]}<\/script>\n<!-- \/ Yoast SEO plugin. -->","yoast_head_json":{"title":"HOUSSE DE NACELLE DUAL + DRAP-HOUSSE POUR NACELLE SOMERSET - Pasito a Pasito","robots":{"index":"index","follow":"follow","max-snippet":"max-snippet:-1","max-image-preview":"max-image-preview:large","max-video-preview":"max-video-preview:-1"},"canonical":"https:\/\/pasitoapasito.es\/fr\/produit\/housse-de-nacelle-dual-drap-housse-pour-nacelle-somerset\/","og_locale":"fr_FR","og_type":"article","og_title":"HOUSSE DE NACELLE DUAL + DRAP-HOUSSE POUR NACELLE SOMERSET - Pasito a Pasito","og_description":"Le Set Doublure et Drap-housse Double Somerset de Pasito a Pasito est l&rsquo;accessoire parfait pour apporter douceur et \u00e9l\u00e9gance \u00e0 la nacelle de votre b\u00e9b\u00e9. Fabriqu\u00e9 en 100 % coton, il offre un toucher d\u00e9licat et respirant, id\u00e9al pour la peau sensible des nouveau-n\u00e9s. La doublure double s&rsquo;adapte parfaitement \u00e0 l&rsquo;int\u00e9rieur de la nacelle. Son [&hellip;]","og_url":"https:\/\/pasitoapasito.es\/fr\/produit\/housse-de-nacelle-dual-drap-housse-pour-nacelle-somerset\/","og_site_name":"Pasito a Pasito","og_image":[{"width":1800,"height":1800,"url":"https:\/\/pasitoapasito.es\/wp-content\/uploads\/2025\/09\/1120900579_a-1.jpg","type":"image\/jpeg"}],"twitter_card":"summary_large_image","twitter_misc":{"Dur\u00e9e de lecture estim\u00e9e":"1 minute"},"schema":{"@context":"https:\/\/schema.org","@graph":[{"@type":"WebPage","@id":"https:\/\/pasitoapasito.es\/fr\/produit\/housse-de-nacelle-dual-drap-housse-pour-nacelle-somerset\/","url":"https:\/\/pasitoapasito.es\/fr\/produit\/housse-de-nacelle-dual-drap-housse-pour-nacelle-somerset\/","name":"HOUSSE DE NACELLE DUAL + DRAP-HOUSSE POUR NACELLE SOMERSET - Pasito a Pasito","isPartOf":{"@id":"https:\/\/pasitoapasito.es\/fr\/#website"},"primaryImageOfPage":{"@id":"https:\/\/pasitoapasito.es\/fr\/produit\/housse-de-nacelle-dual-drap-housse-pour-nacelle-somerset\/#primaryimage"},"image":{"@id":"https:\/\/pasitoapasito.es\/fr\/produit\/housse-de-nacelle-dual-drap-housse-pour-nacelle-somerset\/#primaryimage"},"thumbnailUrl":"https:\/\/pasitoapasito.es\/wp-content\/uploads\/2025\/09\/1120900579_a-1.jpg","datePublished":"2025-09-25T09:01:27+00:00","breadcrumb":{"@id":"https:\/\/pasitoapasito.es\/fr\/produit\/housse-de-nacelle-dual-drap-housse-pour-nacelle-somerset\/#breadcrumb"},"inLanguage":"fr-FR","potentialAction":[{"@type":"ReadAction","target":["https:\/\/pasitoapasito.es\/fr\/produit\/housse-de-nacelle-dual-drap-housse-pour-nacelle-somerset\/"]}]},{"@type":"ImageObject","inLanguage":"fr-FR","@id":"https:\/\/pasitoapasito.es\/fr\/produit\/housse-de-nacelle-dual-drap-housse-pour-nacelle-somerset\/#primaryimage","url":"https:\/\/pasitoapasito.es\/wp-content\/uploads\/2025\/09\/1120900579_a-1.jpg","contentUrl":"https:\/\/pasitoapasito.es\/wp-content\/uploads\/2025\/09\/1120900579_a-1.jpg","width":1800,"height":1800},{"@type":"BreadcrumbList","@id":"https:\/\/pasitoapasito.es\/fr\/produit\/housse-de-nacelle-dual-drap-housse-pour-nacelle-somerset\/#breadcrumb","itemListElement":[{"@type":"ListItem","position":1,"name":"Tienda","item":"https:\/\/pasitoapasito.es\/tienda\/"},{"@type":"ListItem","position":2,"name":"HOUSSE DE NACELLE DUAL + DRAP-HOUSSE POUR NACELLE SOMERSET"}]},{"@type":"WebSite","@id":"https:\/\/pasitoapasito.es\/fr\/#website","url":"https:\/\/pasitoapasito.es\/fr\/","name":"Pasito a Pasito","description":"","potentialAction":[{"@type":"SearchAction","target":{"@type":"EntryPoint","urlTemplate":"https:\/\/pasitoapasito.es\/fr\/?s={search_term_string}"},"query-input":{"@type":"PropertyValueSpecification","valueRequired":true,"valueName":"search_term_string"}}],"inLanguage":"fr-FR"}]}},"_links":{"self":[{"href":"https:\/\/pasitoapasito.es\/fr\/wp-json\/wp\/v2\/product\/43801","targetHints":{"allow":["GET"]}}],"collection":[{"href":"https:\/\/pasitoapasito.es\/fr\/wp-json\/wp\/v2\/product"}],"about":[{"href":"https:\/\/pasitoapasito.es\/fr\/wp-json\/wp\/v2\/types\/product"}],"replies":[{"embeddable":true,"href":"https:\/\/pasitoapasito.es\/fr\/wp-json\/wp\/v2\/comments?post=43801"}],"wp:featuredmedia":[{"embeddable":true,"href":"https:\/\/pasitoapasito.es\/fr\/wp-json\/wp\/v2\/media\/43544"}],"wp:attachment":[{"href":"https:\/\/pasitoapasito.es\/fr\/wp-json\/wp\/v2\/media?parent=43801"}],"wp:term":[{"taxonomy":"colecciones","embeddable":true,"href":"https:\/\/pasitoapasito.es\/fr\/wp-json\/wp\/v2\/colecciones?post=43801"},{"taxonomy":"product_brand","embeddable":true,"href":"https:\/\/pasitoapasito.es\/fr\/wp-json\/wp\/v2\/product_brand?post=43801"},{"taxonomy":"product_cat","embeddable":true,"href":"https:\/\/pasitoapasito.es\/fr\/wp-json\/wp\/v2\/product_cat?post=43801"},{"taxonomy":"product_tag","embeddable":true,"href":"https:\/\/pasitoapasito.es\/fr\/wp-json\/wp\/v2\/product_tag?post=43801"}],"curies":[{"name":"wp","href":"https:\/\/api.w.org\/{rel}","templated":true}]}}