{"id":43799,"date":"2025-09-25T09:01:27","date_gmt":"2025-09-25T09:01:27","guid":{"rendered":"https:\/\/pasitoapasito.es\/?post_type=product&#038;p=43799"},"modified":"2025-09-25T09:01:27","modified_gmt":"2025-09-25T09:01:27","slug":"couffin-en-osier-pour-poupee","status":"publish","type":"product","link":"https:\/\/pasitoapasito.es\/fr\/produit\/couffin-en-osier-pour-poupee\/","title":{"rendered":"COUFFIN EN OSIER POUR POUP\u00c9E"},"content":{"rendered":"<p>D\u00e9couvrez le couffin Pasito a pasito en osier naturel de 80 x 40 cm, parfait pour le repos de votre b\u00e9b\u00e9. Il comprend un matelas, est l\u00e9ger et cr\u00e9e une ambiance chaleureuse et s\u00e9curis\u00e9e. Id\u00e9al pour les premiers mois. Offrez \u00e0 votre b\u00e9b\u00e9 un espace de repos accueillant et naturel avec notre couffin en osier. Con\u00e7u pour les premiers mois de la vie, ce couffin offre un nid s\u00fbr et confortable. Mat\u00e9riau 100 % naturel : fabriqu\u00e9 en osier naturel tress\u00e9, ce couffin est respirant, l\u00e9ger et cr\u00e9e une atmosph\u00e8re e , chaleureuse et organique pour le b\u00e9b\u00e9. Dimensions id\u00e9ales pour b\u00e9b\u00e9 : avec ses dimensions de 80 x 40 cm, il offre un espace parfait pour que le nouveau-n\u00e9 se sente bien au chaud et en s\u00e9curit\u00e9. Matelas inclus : il est livr\u00e9 avec un matelas confortable qui s&rsquo;adapte parfaitement \u00e0 la base du couffin, garantissant un soutien ad\u00e9quat et un repos optimal pour votre b\u00e9b\u00e9 d\u00e8s le premier jour. Poign\u00e9es int\u00e9gr\u00e9es : il est \u00e9quip\u00e9 de poign\u00e9es r\u00e9sistantes qui facilitent son transport d&rsquo;une pi\u00e8ce \u00e0 l&rsquo;autre, vous permettant de garder votre b\u00e9b\u00e9 toujours pr\u00e8s de vous pendant que vous vaquez \u00e0 vos occupations quotidiennes. Ambiance chaleureuse et s\u00e9curis\u00e9e : sa conception enveloppante procure une sensation de s\u00e9curit\u00e9 et de confort, favorisant un sommeil paisible et r\u00e9parateur pour b\u00e9b\u00e9. Style intemporel et d\u00e9coratif : l&rsquo;osier apporte une touche boh\u00e8me et naturelle \u00e0 la d\u00e9coration de n&rsquo;importe quelle pi\u00e8ce, tout en \u00e9tant fonctionnel et esth\u00e9tique. L\u00e9ger et pratique : son poids r\u00e9duit le rend facile \u00e0 d\u00e9placer, ce qui en fait une solution pratique pour les parents qui recherchent de la flexibilit\u00e9 dans les soins de leur b\u00e9b\u00e9. Le couffin en osier est le choix id\u00e9al pour les parents qui appr\u00e9cient la simplicit\u00e9, le naturel et le confort. Cr\u00e9ez un espace de r\u00eave pour votre nouveau-n\u00e9 avec ce classique revisit\u00e9. Conforme \u00e0 la norme europ\u00e9enne stricte EN-1466 relative aux couffins et nacelles.<\/p>\n","protected":false},"excerpt":{"rendered":"<p>D\u00e9couvrez le couffin Pasito a pasito en osier naturel de 80 x 40 cm, parfait pour le repos de votre b\u00e9b\u00e9. Il comprend un matelas, est l\u00e9ger et cr\u00e9e une ambiance chaleureuse et s\u00e9curis\u00e9e. Id\u00e9al pour les premiers mois. Offrez \u00e0 votre b\u00e9b\u00e9 un espace de repos accueillant et naturel avec notre couffin en osier. [&hellip;]<\/p>\n","protected":false},"featured_media":43641,"comment_status":"closed","ping_status":"closed","template":"","meta":{"_acf_changed":false,"inline_featured_image":false},"colecciones":[332],"product_brand":[],"product_cat":[191],"product_tag":[],"class_list":{"0":"post-43799","1":"product","2":"type-product","3":"status-publish","4":"has-post-thumbnail","6":"colecciones-collection-nara","7":"product_cat-home-fr","9":"first","10":"instock","11":"purchasable","12":"product-type-simple"},"acf":[],"yoast_head":"<!-- This site is optimized with the Yoast SEO plugin v27.4 - https:\/\/yoast.com\/product\/yoast-seo-wordpress\/ -->\n<title>COUFFIN EN OSIER POUR POUP\u00c9E - Pasito a Pasito<\/title>\n<meta name=\"robots\" content=\"index, follow, max-snippet:-1, max-image-preview:large, max-video-preview:-1\" \/>\n<link rel=\"canonical\" href=\"https:\/\/pasitoapasito.es\/fr\/produit\/couffin-en-osier-pour-poupee\/\" \/>\n<meta property=\"og:locale\" content=\"fr_FR\" \/>\n<meta property=\"og:type\" content=\"article\" \/>\n<meta property=\"og:title\" content=\"COUFFIN EN OSIER POUR POUP\u00c9E - Pasito a Pasito\" \/>\n<meta property=\"og:description\" content=\"D\u00e9couvrez le couffin Pasito a pasito en osier naturel de 80 x 40 cm, parfait pour le repos de votre b\u00e9b\u00e9. Il comprend un matelas, est l\u00e9ger et cr\u00e9e une ambiance chaleureuse et s\u00e9curis\u00e9e. Id\u00e9al pour les premiers mois. Offrez \u00e0 votre b\u00e9b\u00e9 un espace de repos accueillant et naturel avec notre couffin en osier. [&hellip;]\" \/>\n<meta property=\"og:url\" content=\"https:\/\/pasitoapasito.es\/fr\/produit\/couffin-en-osier-pour-poupee\/\" \/>\n<meta property=\"og:site_name\" content=\"Pasito a Pasito\" \/>\n<meta property=\"og:image\" content=\"https:\/\/pasitoapasito.es\/wp-content\/uploads\/2025\/09\/1120800644_a-1.jpg\" \/>\n\t<meta property=\"og:image:width\" content=\"1800\" \/>\n\t<meta property=\"og:image:height\" content=\"1800\" \/>\n\t<meta property=\"og:image:type\" content=\"image\/jpeg\" \/>\n<meta name=\"twitter:card\" content=\"summary_large_image\" \/>\n<meta name=\"twitter:label1\" content=\"Dur\u00e9e de lecture estim\u00e9e\" \/>\n\t<meta name=\"twitter:data1\" content=\"2 minutes\" \/>\n<script type=\"application\/ld+json\" class=\"yoast-schema-graph\">{\"@context\":\"https:\\\/\\\/schema.org\",\"@graph\":[{\"@type\":\"WebPage\",\"@id\":\"https:\\\/\\\/pasitoapasito.es\\\/fr\\\/produit\\\/couffin-en-osier-pour-poupee\\\/\",\"url\":\"https:\\\/\\\/pasitoapasito.es\\\/fr\\\/produit\\\/couffin-en-osier-pour-poupee\\\/\",\"name\":\"COUFFIN EN OSIER POUR POUP\u00c9E - Pasito a Pasito\",\"isPartOf\":{\"@id\":\"https:\\\/\\\/pasitoapasito.es\\\/fr\\\/#website\"},\"primaryImageOfPage\":{\"@id\":\"https:\\\/\\\/pasitoapasito.es\\\/fr\\\/produit\\\/couffin-en-osier-pour-poupee\\\/#primaryimage\"},\"image\":{\"@id\":\"https:\\\/\\\/pasitoapasito.es\\\/fr\\\/produit\\\/couffin-en-osier-pour-poupee\\\/#primaryimage\"},\"thumbnailUrl\":\"https:\\\/\\\/pasitoapasito.es\\\/wp-content\\\/uploads\\\/2025\\\/09\\\/1120800644_a-1.jpg\",\"datePublished\":\"2025-09-25T09:01:27+00:00\",\"breadcrumb\":{\"@id\":\"https:\\\/\\\/pasitoapasito.es\\\/fr\\\/produit\\\/couffin-en-osier-pour-poupee\\\/#breadcrumb\"},\"inLanguage\":\"fr-FR\",\"potentialAction\":[{\"@type\":\"ReadAction\",\"target\":[\"https:\\\/\\\/pasitoapasito.es\\\/fr\\\/produit\\\/couffin-en-osier-pour-poupee\\\/\"]}]},{\"@type\":\"ImageObject\",\"inLanguage\":\"fr-FR\",\"@id\":\"https:\\\/\\\/pasitoapasito.es\\\/fr\\\/produit\\\/couffin-en-osier-pour-poupee\\\/#primaryimage\",\"url\":\"https:\\\/\\\/pasitoapasito.es\\\/wp-content\\\/uploads\\\/2025\\\/09\\\/1120800644_a-1.jpg\",\"contentUrl\":\"https:\\\/\\\/pasitoapasito.es\\\/wp-content\\\/uploads\\\/2025\\\/09\\\/1120800644_a-1.jpg\",\"width\":1800,\"height\":1800},{\"@type\":\"BreadcrumbList\",\"@id\":\"https:\\\/\\\/pasitoapasito.es\\\/fr\\\/produit\\\/couffin-en-osier-pour-poupee\\\/#breadcrumb\",\"itemListElement\":[{\"@type\":\"ListItem\",\"position\":1,\"name\":\"Tienda\",\"item\":\"https:\\\/\\\/pasitoapasito.es\\\/tienda\\\/\"},{\"@type\":\"ListItem\",\"position\":2,\"name\":\"COUFFIN EN OSIER POUR POUP\u00c9E\"}]},{\"@type\":\"WebSite\",\"@id\":\"https:\\\/\\\/pasitoapasito.es\\\/fr\\\/#website\",\"url\":\"https:\\\/\\\/pasitoapasito.es\\\/fr\\\/\",\"name\":\"Pasito a Pasito\",\"description\":\"\",\"potentialAction\":[{\"@type\":\"SearchAction\",\"target\":{\"@type\":\"EntryPoint\",\"urlTemplate\":\"https:\\\/\\\/pasitoapasito.es\\\/fr\\\/?s={search_term_string}\"},\"query-input\":{\"@type\":\"PropertyValueSpecification\",\"valueRequired\":true,\"valueName\":\"search_term_string\"}}],\"inLanguage\":\"fr-FR\"}]}<\/script>\n<!-- \/ Yoast SEO plugin. -->","yoast_head_json":{"title":"COUFFIN EN OSIER POUR POUP\u00c9E - Pasito a Pasito","robots":{"index":"index","follow":"follow","max-snippet":"max-snippet:-1","max-image-preview":"max-image-preview:large","max-video-preview":"max-video-preview:-1"},"canonical":"https:\/\/pasitoapasito.es\/fr\/produit\/couffin-en-osier-pour-poupee\/","og_locale":"fr_FR","og_type":"article","og_title":"COUFFIN EN OSIER POUR POUP\u00c9E - Pasito a Pasito","og_description":"D\u00e9couvrez le couffin Pasito a pasito en osier naturel de 80 x 40 cm, parfait pour le repos de votre b\u00e9b\u00e9. Il comprend un matelas, est l\u00e9ger et cr\u00e9e une ambiance chaleureuse et s\u00e9curis\u00e9e. Id\u00e9al pour les premiers mois. Offrez \u00e0 votre b\u00e9b\u00e9 un espace de repos accueillant et naturel avec notre couffin en osier. [&hellip;]","og_url":"https:\/\/pasitoapasito.es\/fr\/produit\/couffin-en-osier-pour-poupee\/","og_site_name":"Pasito a Pasito","og_image":[{"width":1800,"height":1800,"url":"https:\/\/pasitoapasito.es\/wp-content\/uploads\/2025\/09\/1120800644_a-1.jpg","type":"image\/jpeg"}],"twitter_card":"summary_large_image","twitter_misc":{"Dur\u00e9e de lecture estim\u00e9e":"2 minutes"},"schema":{"@context":"https:\/\/schema.org","@graph":[{"@type":"WebPage","@id":"https:\/\/pasitoapasito.es\/fr\/produit\/couffin-en-osier-pour-poupee\/","url":"https:\/\/pasitoapasito.es\/fr\/produit\/couffin-en-osier-pour-poupee\/","name":"COUFFIN EN OSIER POUR POUP\u00c9E - Pasito a Pasito","isPartOf":{"@id":"https:\/\/pasitoapasito.es\/fr\/#website"},"primaryImageOfPage":{"@id":"https:\/\/pasitoapasito.es\/fr\/produit\/couffin-en-osier-pour-poupee\/#primaryimage"},"image":{"@id":"https:\/\/pasitoapasito.es\/fr\/produit\/couffin-en-osier-pour-poupee\/#primaryimage"},"thumbnailUrl":"https:\/\/pasitoapasito.es\/wp-content\/uploads\/2025\/09\/1120800644_a-1.jpg","datePublished":"2025-09-25T09:01:27+00:00","breadcrumb":{"@id":"https:\/\/pasitoapasito.es\/fr\/produit\/couffin-en-osier-pour-poupee\/#breadcrumb"},"inLanguage":"fr-FR","potentialAction":[{"@type":"ReadAction","target":["https:\/\/pasitoapasito.es\/fr\/produit\/couffin-en-osier-pour-poupee\/"]}]},{"@type":"ImageObject","inLanguage":"fr-FR","@id":"https:\/\/pasitoapasito.es\/fr\/produit\/couffin-en-osier-pour-poupee\/#primaryimage","url":"https:\/\/pasitoapasito.es\/wp-content\/uploads\/2025\/09\/1120800644_a-1.jpg","contentUrl":"https:\/\/pasitoapasito.es\/wp-content\/uploads\/2025\/09\/1120800644_a-1.jpg","width":1800,"height":1800},{"@type":"BreadcrumbList","@id":"https:\/\/pasitoapasito.es\/fr\/produit\/couffin-en-osier-pour-poupee\/#breadcrumb","itemListElement":[{"@type":"ListItem","position":1,"name":"Tienda","item":"https:\/\/pasitoapasito.es\/tienda\/"},{"@type":"ListItem","position":2,"name":"COUFFIN EN OSIER POUR POUP\u00c9E"}]},{"@type":"WebSite","@id":"https:\/\/pasitoapasito.es\/fr\/#website","url":"https:\/\/pasitoapasito.es\/fr\/","name":"Pasito a Pasito","description":"","potentialAction":[{"@type":"SearchAction","target":{"@type":"EntryPoint","urlTemplate":"https:\/\/pasitoapasito.es\/fr\/?s={search_term_string}"},"query-input":{"@type":"PropertyValueSpecification","valueRequired":true,"valueName":"search_term_string"}}],"inLanguage":"fr-FR"}]}},"_links":{"self":[{"href":"https:\/\/pasitoapasito.es\/fr\/wp-json\/wp\/v2\/product\/43799","targetHints":{"allow":["GET"]}}],"collection":[{"href":"https:\/\/pasitoapasito.es\/fr\/wp-json\/wp\/v2\/product"}],"about":[{"href":"https:\/\/pasitoapasito.es\/fr\/wp-json\/wp\/v2\/types\/product"}],"replies":[{"embeddable":true,"href":"https:\/\/pasitoapasito.es\/fr\/wp-json\/wp\/v2\/comments?post=43799"}],"wp:featuredmedia":[{"embeddable":true,"href":"https:\/\/pasitoapasito.es\/fr\/wp-json\/wp\/v2\/media\/43641"}],"wp:attachment":[{"href":"https:\/\/pasitoapasito.es\/fr\/wp-json\/wp\/v2\/media?parent=43799"}],"wp:term":[{"taxonomy":"colecciones","embeddable":true,"href":"https:\/\/pasitoapasito.es\/fr\/wp-json\/wp\/v2\/colecciones?post=43799"},{"taxonomy":"product_brand","embeddable":true,"href":"https:\/\/pasitoapasito.es\/fr\/wp-json\/wp\/v2\/product_brand?post=43799"},{"taxonomy":"product_cat","embeddable":true,"href":"https:\/\/pasitoapasito.es\/fr\/wp-json\/wp\/v2\/product_cat?post=43799"},{"taxonomy":"product_tag","embeddable":true,"href":"https:\/\/pasitoapasito.es\/fr\/wp-json\/wp\/v2\/product_tag?post=43799"}],"curies":[{"name":"wp","href":"https:\/\/api.w.org\/{rel}","templated":true}]}}