{"id":43794,"date":"2025-09-25T09:01:26","date_gmt":"2025-09-25T09:01:26","guid":{"rendered":"https:\/\/pasitoapasito.es\/?post_type=product&#038;p=43794"},"modified":"2025-09-25T09:01:26","modified_gmt":"2025-09-25T09:01:26","slug":"drap-housse-pour-berceau-90x50-cm-nara","status":"publish","type":"product","link":"https:\/\/pasitoapasito.es\/fr\/produit\/drap-housse-pour-berceau-90x50-cm-nara\/","title":{"rendered":"DRAP-HOUSSE POUR BERCEAU 90X50 CM NARA"},"content":{"rendered":"<p>Assurez le sommeil le plus doux et le plus s\u00fbr \u00e0 votre b\u00e9b\u00e9 avec le drap housse ajustable pour mini-lit de 90 x 50 cm de la collection exclusive Nara de Pasito a Pasito. Con\u00e7u pour la peau d\u00e9licate de votre tout-petit, ce drap est fabriqu\u00e9 en mousseline 100 % coton, garantissant une douceur exceptionnelle et une respirabilit\u00e9 optimale pour \u00e9viter les irritations et r\u00e9guler la temp\u00e9rature corporelle du b\u00e9b\u00e9 tout au long de la nuit. La collection Nara de Pasito a Pasito se distingue par son imprim\u00e9 charmant et d\u00e9licat d&rsquo;inspiration naturelle, qui comprend de jolis cerfs et des arbres dans des tons doux et neutres. Ce design intemporel apporte non seulement une touche d&rsquo;\u00e9l\u00e9gance et de chaleur au mini-lit de votre b\u00e9b\u00e9, mais s&rsquo;int\u00e8gre \u00e9galement harmonieusement \u00e0 tout style de d\u00e9coration de chambre d&rsquo;enfant. Parfait pour cr\u00e9er une atmosph\u00e8re sereine et accueillante o\u00f9 votre tout-petit se sentira prot\u00e9g\u00e9 et \u00e0 l&rsquo;aise. Ce drap housse pour mini-lit de 90 x 50 cm est dot\u00e9 d&rsquo;un syst\u00e8me d&rsquo;ajustement \u00e9lastique qui assure un ajustement parfait et sans plis sur le matelas, offrant une surface de repos lisse et s\u00fbre pour votre b\u00e9b\u00e9. Sa confection en coton la rend non seulement incroyablement douce au toucher, mais aussi tr\u00e8s r\u00e9sistante et facile d&rsquo;entretien. Elle est lavable en machine et conserve ses propri\u00e9t\u00e9s et son motif d&rsquo;origine lavage apr\u00e8s lavage, garantissant une hygi\u00e8ne irr\u00e9prochable et durable. Investissez dans le bien-\u00eatre de votre b\u00e9b\u00e9 avec ce drap housse Nara de Pasito a Pasito. Un indispensable dans la layette de tout nouveau-n\u00e9 qui recherche qualit\u00e9, confort et un design unique. Id\u00e9al pour les mini-lits standard de 90 x 50 cm, il est le compl\u00e9ment parfait pour la literie de votre b\u00e9b\u00e9, lui offrant le soutien et la douceur dont il a besoin pour un sommeil r\u00e9parateur. Associez-le aux autres articles de la collection Nara pour un ensemble complet et harmonieux. Drap housse 100 % coton pour mini-lit 90 x 50 cm de la collection Nara de Pasito a Pasito. Douceur et confort pour votre b\u00e9b\u00e9. Tous nos produits sont fabriqu\u00e9s conform\u00e9ment aux normes europ\u00e9ennes les plus strictes, avec des mat\u00e9riaux de grande qualit\u00e9, sans colorants azo\u00efques, phtalates ni substances nocives pour la sant\u00e9. Tissu facile d&rsquo;entretien, lavable en machine \u00e0 30 \u00b0C. Les produits pour b\u00e9b\u00e9s Pasito a Pasito se distinguent par leur design unique. Leurs collections se caract\u00e9risent par un travail minutieux, toujours pens\u00e9 dans une optique pratique. Ils utilisent des mat\u00e9riaux de premi\u00e8re qualit\u00e9 pour souligner l&rsquo;\u00e9l\u00e9gance et l&rsquo;harmonie de chacune de leurs pi\u00e8ces. Nos mod\u00e8les sont exclusifs et ont un style unique, pens\u00e9s pour les mamans d&rsquo;aujourd&rsquo;hui qui ont bon go\u00fbt et qui appr\u00e9cient les d\u00e9tails autant que nous.<\/p>\n","protected":false},"excerpt":{"rendered":"<p>Assurez le sommeil le plus doux et le plus s\u00fbr \u00e0 votre b\u00e9b\u00e9 avec le drap housse ajustable pour mini-lit de 90 x 50 cm de la collection exclusive Nara de Pasito a Pasito. Con\u00e7u pour la peau d\u00e9licate de votre tout-petit, ce drap est fabriqu\u00e9 en mousseline 100 % coton, garantissant une douceur exceptionnelle [&hellip;]<\/p>\n","protected":false},"featured_media":43449,"comment_status":"closed","ping_status":"closed","template":"","meta":{"_acf_changed":false,"inline_featured_image":false},"colecciones":[332],"product_brand":[],"product_cat":[191],"product_tag":[],"class_list":{"0":"post-43794","1":"product","2":"type-product","3":"status-publish","4":"has-post-thumbnail","6":"colecciones-collection-nara","7":"product_cat-home-fr","9":"first","10":"instock","11":"purchasable","12":"product-type-simple"},"acf":[],"yoast_head":"<!-- This site is optimized with the Yoast SEO plugin v27.4 - https:\/\/yoast.com\/product\/yoast-seo-wordpress\/ -->\n<title>DRAP-HOUSSE POUR BERCEAU 90X50 CM NARA - Pasito a Pasito<\/title>\n<meta name=\"robots\" content=\"index, follow, max-snippet:-1, max-image-preview:large, max-video-preview:-1\" \/>\n<link rel=\"canonical\" href=\"https:\/\/pasitoapasito.es\/fr\/produit\/drap-housse-pour-berceau-90x50-cm-nara\/\" \/>\n<meta property=\"og:locale\" content=\"fr_FR\" \/>\n<meta property=\"og:type\" content=\"article\" \/>\n<meta property=\"og:title\" content=\"DRAP-HOUSSE POUR BERCEAU 90X50 CM NARA - Pasito a Pasito\" \/>\n<meta property=\"og:description\" content=\"Assurez le sommeil le plus doux et le plus s\u00fbr \u00e0 votre b\u00e9b\u00e9 avec le drap housse ajustable pour mini-lit de 90 x 50 cm de la collection exclusive Nara de Pasito a Pasito. Con\u00e7u pour la peau d\u00e9licate de votre tout-petit, ce drap est fabriqu\u00e9 en mousseline 100 % coton, garantissant une douceur exceptionnelle [&hellip;]\" \/>\n<meta property=\"og:url\" content=\"https:\/\/pasitoapasito.es\/fr\/produit\/drap-housse-pour-berceau-90x50-cm-nara\/\" \/>\n<meta property=\"og:site_name\" content=\"Pasito a Pasito\" \/>\n<meta property=\"og:image\" content=\"https:\/\/pasitoapasito.es\/wp-content\/uploads\/2025\/09\/1120900588_a-1.jpg\" \/>\n\t<meta property=\"og:image:width\" content=\"1800\" \/>\n\t<meta property=\"og:image:height\" content=\"1800\" \/>\n\t<meta property=\"og:image:type\" content=\"image\/jpeg\" \/>\n<meta name=\"twitter:card\" content=\"summary_large_image\" \/>\n<meta name=\"twitter:label1\" content=\"Dur\u00e9e de lecture estim\u00e9e\" \/>\n\t<meta name=\"twitter:data1\" content=\"2 minutes\" \/>\n<script type=\"application\/ld+json\" class=\"yoast-schema-graph\">{\"@context\":\"https:\\\/\\\/schema.org\",\"@graph\":[{\"@type\":\"WebPage\",\"@id\":\"https:\\\/\\\/pasitoapasito.es\\\/fr\\\/produit\\\/drap-housse-pour-berceau-90x50-cm-nara\\\/\",\"url\":\"https:\\\/\\\/pasitoapasito.es\\\/fr\\\/produit\\\/drap-housse-pour-berceau-90x50-cm-nara\\\/\",\"name\":\"DRAP-HOUSSE POUR BERCEAU 90X50 CM NARA - Pasito a Pasito\",\"isPartOf\":{\"@id\":\"https:\\\/\\\/pasitoapasito.es\\\/fr\\\/#website\"},\"primaryImageOfPage\":{\"@id\":\"https:\\\/\\\/pasitoapasito.es\\\/fr\\\/produit\\\/drap-housse-pour-berceau-90x50-cm-nara\\\/#primaryimage\"},\"image\":{\"@id\":\"https:\\\/\\\/pasitoapasito.es\\\/fr\\\/produit\\\/drap-housse-pour-berceau-90x50-cm-nara\\\/#primaryimage\"},\"thumbnailUrl\":\"https:\\\/\\\/pasitoapasito.es\\\/wp-content\\\/uploads\\\/2025\\\/09\\\/1120900588_a-1.jpg\",\"datePublished\":\"2025-09-25T09:01:26+00:00\",\"breadcrumb\":{\"@id\":\"https:\\\/\\\/pasitoapasito.es\\\/fr\\\/produit\\\/drap-housse-pour-berceau-90x50-cm-nara\\\/#breadcrumb\"},\"inLanguage\":\"fr-FR\",\"potentialAction\":[{\"@type\":\"ReadAction\",\"target\":[\"https:\\\/\\\/pasitoapasito.es\\\/fr\\\/produit\\\/drap-housse-pour-berceau-90x50-cm-nara\\\/\"]}]},{\"@type\":\"ImageObject\",\"inLanguage\":\"fr-FR\",\"@id\":\"https:\\\/\\\/pasitoapasito.es\\\/fr\\\/produit\\\/drap-housse-pour-berceau-90x50-cm-nara\\\/#primaryimage\",\"url\":\"https:\\\/\\\/pasitoapasito.es\\\/wp-content\\\/uploads\\\/2025\\\/09\\\/1120900588_a-1.jpg\",\"contentUrl\":\"https:\\\/\\\/pasitoapasito.es\\\/wp-content\\\/uploads\\\/2025\\\/09\\\/1120900588_a-1.jpg\",\"width\":1800,\"height\":1800},{\"@type\":\"BreadcrumbList\",\"@id\":\"https:\\\/\\\/pasitoapasito.es\\\/fr\\\/produit\\\/drap-housse-pour-berceau-90x50-cm-nara\\\/#breadcrumb\",\"itemListElement\":[{\"@type\":\"ListItem\",\"position\":1,\"name\":\"Tienda\",\"item\":\"https:\\\/\\\/pasitoapasito.es\\\/tienda\\\/\"},{\"@type\":\"ListItem\",\"position\":2,\"name\":\"DRAP-HOUSSE POUR BERCEAU 90X50 CM NARA\"}]},{\"@type\":\"WebSite\",\"@id\":\"https:\\\/\\\/pasitoapasito.es\\\/fr\\\/#website\",\"url\":\"https:\\\/\\\/pasitoapasito.es\\\/fr\\\/\",\"name\":\"Pasito a Pasito\",\"description\":\"\",\"potentialAction\":[{\"@type\":\"SearchAction\",\"target\":{\"@type\":\"EntryPoint\",\"urlTemplate\":\"https:\\\/\\\/pasitoapasito.es\\\/fr\\\/?s={search_term_string}\"},\"query-input\":{\"@type\":\"PropertyValueSpecification\",\"valueRequired\":true,\"valueName\":\"search_term_string\"}}],\"inLanguage\":\"fr-FR\"}]}<\/script>\n<!-- \/ Yoast SEO plugin. -->","yoast_head_json":{"title":"DRAP-HOUSSE POUR BERCEAU 90X50 CM NARA - Pasito a Pasito","robots":{"index":"index","follow":"follow","max-snippet":"max-snippet:-1","max-image-preview":"max-image-preview:large","max-video-preview":"max-video-preview:-1"},"canonical":"https:\/\/pasitoapasito.es\/fr\/produit\/drap-housse-pour-berceau-90x50-cm-nara\/","og_locale":"fr_FR","og_type":"article","og_title":"DRAP-HOUSSE POUR BERCEAU 90X50 CM NARA - Pasito a Pasito","og_description":"Assurez le sommeil le plus doux et le plus s\u00fbr \u00e0 votre b\u00e9b\u00e9 avec le drap housse ajustable pour mini-lit de 90 x 50 cm de la collection exclusive Nara de Pasito a Pasito. Con\u00e7u pour la peau d\u00e9licate de votre tout-petit, ce drap est fabriqu\u00e9 en mousseline 100 % coton, garantissant une douceur exceptionnelle [&hellip;]","og_url":"https:\/\/pasitoapasito.es\/fr\/produit\/drap-housse-pour-berceau-90x50-cm-nara\/","og_site_name":"Pasito a Pasito","og_image":[{"width":1800,"height":1800,"url":"https:\/\/pasitoapasito.es\/wp-content\/uploads\/2025\/09\/1120900588_a-1.jpg","type":"image\/jpeg"}],"twitter_card":"summary_large_image","twitter_misc":{"Dur\u00e9e de lecture estim\u00e9e":"2 minutes"},"schema":{"@context":"https:\/\/schema.org","@graph":[{"@type":"WebPage","@id":"https:\/\/pasitoapasito.es\/fr\/produit\/drap-housse-pour-berceau-90x50-cm-nara\/","url":"https:\/\/pasitoapasito.es\/fr\/produit\/drap-housse-pour-berceau-90x50-cm-nara\/","name":"DRAP-HOUSSE POUR BERCEAU 90X50 CM NARA - Pasito a Pasito","isPartOf":{"@id":"https:\/\/pasitoapasito.es\/fr\/#website"},"primaryImageOfPage":{"@id":"https:\/\/pasitoapasito.es\/fr\/produit\/drap-housse-pour-berceau-90x50-cm-nara\/#primaryimage"},"image":{"@id":"https:\/\/pasitoapasito.es\/fr\/produit\/drap-housse-pour-berceau-90x50-cm-nara\/#primaryimage"},"thumbnailUrl":"https:\/\/pasitoapasito.es\/wp-content\/uploads\/2025\/09\/1120900588_a-1.jpg","datePublished":"2025-09-25T09:01:26+00:00","breadcrumb":{"@id":"https:\/\/pasitoapasito.es\/fr\/produit\/drap-housse-pour-berceau-90x50-cm-nara\/#breadcrumb"},"inLanguage":"fr-FR","potentialAction":[{"@type":"ReadAction","target":["https:\/\/pasitoapasito.es\/fr\/produit\/drap-housse-pour-berceau-90x50-cm-nara\/"]}]},{"@type":"ImageObject","inLanguage":"fr-FR","@id":"https:\/\/pasitoapasito.es\/fr\/produit\/drap-housse-pour-berceau-90x50-cm-nara\/#primaryimage","url":"https:\/\/pasitoapasito.es\/wp-content\/uploads\/2025\/09\/1120900588_a-1.jpg","contentUrl":"https:\/\/pasitoapasito.es\/wp-content\/uploads\/2025\/09\/1120900588_a-1.jpg","width":1800,"height":1800},{"@type":"BreadcrumbList","@id":"https:\/\/pasitoapasito.es\/fr\/produit\/drap-housse-pour-berceau-90x50-cm-nara\/#breadcrumb","itemListElement":[{"@type":"ListItem","position":1,"name":"Tienda","item":"https:\/\/pasitoapasito.es\/tienda\/"},{"@type":"ListItem","position":2,"name":"DRAP-HOUSSE POUR BERCEAU 90X50 CM NARA"}]},{"@type":"WebSite","@id":"https:\/\/pasitoapasito.es\/fr\/#website","url":"https:\/\/pasitoapasito.es\/fr\/","name":"Pasito a Pasito","description":"","potentialAction":[{"@type":"SearchAction","target":{"@type":"EntryPoint","urlTemplate":"https:\/\/pasitoapasito.es\/fr\/?s={search_term_string}"},"query-input":{"@type":"PropertyValueSpecification","valueRequired":true,"valueName":"search_term_string"}}],"inLanguage":"fr-FR"}]}},"_links":{"self":[{"href":"https:\/\/pasitoapasito.es\/fr\/wp-json\/wp\/v2\/product\/43794","targetHints":{"allow":["GET"]}}],"collection":[{"href":"https:\/\/pasitoapasito.es\/fr\/wp-json\/wp\/v2\/product"}],"about":[{"href":"https:\/\/pasitoapasito.es\/fr\/wp-json\/wp\/v2\/types\/product"}],"replies":[{"embeddable":true,"href":"https:\/\/pasitoapasito.es\/fr\/wp-json\/wp\/v2\/comments?post=43794"}],"wp:featuredmedia":[{"embeddable":true,"href":"https:\/\/pasitoapasito.es\/fr\/wp-json\/wp\/v2\/media\/43449"}],"wp:attachment":[{"href":"https:\/\/pasitoapasito.es\/fr\/wp-json\/wp\/v2\/media?parent=43794"}],"wp:term":[{"taxonomy":"colecciones","embeddable":true,"href":"https:\/\/pasitoapasito.es\/fr\/wp-json\/wp\/v2\/colecciones?post=43794"},{"taxonomy":"product_brand","embeddable":true,"href":"https:\/\/pasitoapasito.es\/fr\/wp-json\/wp\/v2\/product_brand?post=43794"},{"taxonomy":"product_cat","embeddable":true,"href":"https:\/\/pasitoapasito.es\/fr\/wp-json\/wp\/v2\/product_cat?post=43794"},{"taxonomy":"product_tag","embeddable":true,"href":"https:\/\/pasitoapasito.es\/fr\/wp-json\/wp\/v2\/product_tag?post=43794"}],"curies":[{"name":"wp","href":"https:\/\/api.w.org\/{rel}","templated":true}]}}