{"id":43793,"date":"2025-09-25T09:01:26","date_gmt":"2025-09-25T09:01:26","guid":{"rendered":"https:\/\/pasitoapasito.es\/?post_type=product&#038;p=43793"},"modified":"2025-09-25T09:01:26","modified_gmt":"2025-09-25T09:01:26","slug":"tour-de-lit-120x60-cm-nara","status":"publish","type":"product","link":"https:\/\/pasitoapasito.es\/fr\/produit\/tour-de-lit-120x60-cm-nara\/","title":{"rendered":"TOUR DE LIT 120X60 CM NARA"},"content":{"rendered":"<p>Protection pour lit b\u00e9b\u00e9 Pasito a Pasito Collection Nara 120&#215;60 cm &#8211; S\u00e9curit\u00e9 et douceur pour le repos de votre b\u00e9b\u00e9 ! Assurez un environnement de sommeil s\u00fbr et confortable \u00e0 votre b\u00e9b\u00e9 avec l&rsquo; e protection d\u00e9licate pour lit b\u00e9b\u00e9 de la collection exclusive Nara de Pasito a Pasito. Con\u00e7ue pour les lits b\u00e9b\u00e9 de 120 x 60 cm, cette protection allie une protection maximale \u00e0 un design ravissant et une respirabilit\u00e9 sup\u00e9rieure. Design \u00ab Nara \u00bb inspir\u00e9 de la nature : la protection pr\u00e9sente un magnifique imprim\u00e9 subtil de cerfs et d&rsquo;arbres dans des tons neutres et doux (beige, gris clair, blanc), qui \u00e9voquent la s\u00e9r\u00e9nit\u00e9 de la for\u00eat. Un design intemporel et \u00e9l\u00e9gant qui s&rsquo;harmonise avec n&rsquo;importe quelle d\u00e9coration de chambre de b\u00e9b\u00e9. Fabriqu\u00e9 en 100 % coton : l&rsquo;ext\u00e9rieur est en 100 % coton, garantissant une douceur exceptionnelle au toucher et un soin maximal pour la peau d\u00e9licate de votre b\u00e9b\u00e9. Int\u00e9rieur en maille 3D respirante : pens\u00e9 pour la s\u00e9curit\u00e9 et le confort, l&rsquo;int\u00e9rieur est dot\u00e9 d&rsquo;une maille 3D hautement respirante. Cette caract\u00e9ristique essentielle permet une circulation optimale de l&rsquo;air, r\u00e9duisant ainsi le risque d&rsquo;\u00e9touffement et l&rsquo;accumulation de chaleur, et garantissant un environnement de sommeil s\u00fbr. Protection douce et efficace : ce prot\u00e8ge-parois rembourr\u00e9 cr\u00e9e une barri\u00e8re douce entre le b\u00e9b\u00e9 et les barreaux du lit, emp\u00eachant les chocs et les membres de se coincer entre eux, garantissant ainsi un sommeil paisible pour les parents et les enfants. Ajustement parfait pour les lits b\u00e9b\u00e9 standard : sp\u00e9cialement con\u00e7u pour les lits b\u00e9b\u00e9 de 120 x 60 cm, il se fixe facilement aux barreaux \u00e0 l&rsquo;aide de lacets, assurant un maintien ferme et stable. Conforme \u00e0 la norme de s\u00e9curit\u00e9 EN-16780 : la tranquillit\u00e9 d&rsquo;esprit est primordiale. Ce prot\u00e8ge-lit est conforme \u00e0 la norme europ\u00e9enne stricte EN-16780 \u00ab Exigences de s\u00e9curit\u00e9 et m\u00e9thodes d&rsquo;essai pour les prot\u00e8ge-lits pour enfants \u00bb, qui certifie sa s\u00e9curit\u00e9 et son ad\u00e9quation pour une utilisation dans les lits de b\u00e9b\u00e9. Le prot\u00e8ge-lit Nara n&rsquo;est pas seulement un \u00e9l\u00e9ment de s\u00e9curit\u00e9 indispensable, mais aussi un joli d\u00e9tail d\u00e9coratif qui apporte chaleur et harmonie \u00e0 la chambre de votre b\u00e9b\u00e9. Sa fabrication de haute qualit\u00e9 garantit sa durabilit\u00e9 et son entretien facile. Offrez \u00e0 votre b\u00e9b\u00e9 un sommeil s\u00fbr, confortable et \u00e9l\u00e9gant avec le prot\u00e8ge-lit de la collection Nara de Pasito a Pasito ! Tous nos produits sont fabriqu\u00e9s conform\u00e9ment aux normes europ\u00e9ennes les plus strictes, avec des mat\u00e9riaux de haute qualit\u00e9, sans colorants azo\u00efques, phtalates et substances nocives pour la sant\u00e9. Tissu facile \u00e0 nettoyer, lavable en machine \u00e0 30 \u00b0C. Les produits pour b\u00e9b\u00e9s de Pasito a Pasito se distinguent par leur design unique. Leurs collections se caract\u00e9risent par un travail minutieux, toujours pens\u00e9 dans une optique pratique. Ils utilisent des mat\u00e9riaux de premi\u00e8re qualit\u00e9 pour souligner l&rsquo;\u00e9l\u00e9gance et l&rsquo;harmonie de chacune de leurs pi\u00e8ces. Nos mod\u00e8les sont exclusifs et ont un style unique, pens\u00e9s pour les mamans modernes qui ont bon go\u00fbt et qui appr\u00e9cient les d\u00e9tails autant que nous. Dimensions : 180 x 30 cm.<\/p>\n","protected":false},"excerpt":{"rendered":"<p>Protection pour lit b\u00e9b\u00e9 Pasito a Pasito Collection Nara 120&#215;60 cm &#8211; S\u00e9curit\u00e9 et douceur pour le repos de votre b\u00e9b\u00e9 ! Assurez un environnement de sommeil s\u00fbr et confortable \u00e0 votre b\u00e9b\u00e9 avec l&rsquo; e protection d\u00e9licate pour lit b\u00e9b\u00e9 de la collection exclusive Nara de Pasito a Pasito. Con\u00e7ue pour les lits b\u00e9b\u00e9 [&hellip;]<\/p>\n","protected":false},"featured_media":43424,"comment_status":"closed","ping_status":"closed","template":"","meta":{"_acf_changed":false,"inline_featured_image":false},"colecciones":[332],"product_brand":[],"product_cat":[191],"product_tag":[],"class_list":{"0":"post-43793","1":"product","2":"type-product","3":"status-publish","4":"has-post-thumbnail","6":"colecciones-collection-nara","7":"product_cat-home-fr","9":"first","10":"instock","11":"purchasable","12":"product-type-simple"},"acf":[],"yoast_head":"<!-- This site is optimized with the Yoast SEO plugin v27.3 - https:\/\/yoast.com\/product\/yoast-seo-wordpress\/ -->\n<title>TOUR DE LIT 120X60 CM NARA - Pasito a Pasito<\/title>\n<meta name=\"robots\" content=\"index, follow, max-snippet:-1, max-image-preview:large, max-video-preview:-1\" \/>\n<link rel=\"canonical\" href=\"https:\/\/pasitoapasito.es\/fr\/produit\/tour-de-lit-120x60-cm-nara\/\" \/>\n<meta property=\"og:locale\" content=\"fr_FR\" \/>\n<meta property=\"og:type\" content=\"article\" \/>\n<meta property=\"og:title\" content=\"TOUR DE LIT 120X60 CM NARA - Pasito a Pasito\" \/>\n<meta property=\"og:description\" content=\"Protection pour lit b\u00e9b\u00e9 Pasito a Pasito Collection Nara 120&#215;60 cm &#8211; S\u00e9curit\u00e9 et douceur pour le repos de votre b\u00e9b\u00e9 ! Assurez un environnement de sommeil s\u00fbr et confortable \u00e0 votre b\u00e9b\u00e9 avec l&rsquo; e protection d\u00e9licate pour lit b\u00e9b\u00e9 de la collection exclusive Nara de Pasito a Pasito. Con\u00e7ue pour les lits b\u00e9b\u00e9 [&hellip;]\" \/>\n<meta property=\"og:url\" content=\"https:\/\/pasitoapasito.es\/fr\/produit\/tour-de-lit-120x60-cm-nara\/\" \/>\n<meta property=\"og:site_name\" content=\"Pasito a Pasito\" \/>\n<meta property=\"og:image\" content=\"https:\/\/pasitoapasito.es\/wp-content\/uploads\/2025\/09\/1120900587_a-1.jpg\" \/>\n\t<meta property=\"og:image:width\" content=\"1800\" \/>\n\t<meta property=\"og:image:height\" content=\"1800\" \/>\n\t<meta property=\"og:image:type\" content=\"image\/jpeg\" \/>\n<meta name=\"twitter:card\" content=\"summary_large_image\" \/>\n<meta name=\"twitter:label1\" content=\"Dur\u00e9e de lecture estim\u00e9e\" \/>\n\t<meta name=\"twitter:data1\" content=\"3 minutes\" \/>\n<script type=\"application\/ld+json\" class=\"yoast-schema-graph\">{\"@context\":\"https:\\\/\\\/schema.org\",\"@graph\":[{\"@type\":\"WebPage\",\"@id\":\"https:\\\/\\\/pasitoapasito.es\\\/fr\\\/produit\\\/tour-de-lit-120x60-cm-nara\\\/\",\"url\":\"https:\\\/\\\/pasitoapasito.es\\\/fr\\\/produit\\\/tour-de-lit-120x60-cm-nara\\\/\",\"name\":\"TOUR DE LIT 120X60 CM NARA - Pasito a Pasito\",\"isPartOf\":{\"@id\":\"https:\\\/\\\/pasitoapasito.es\\\/fr\\\/#website\"},\"primaryImageOfPage\":{\"@id\":\"https:\\\/\\\/pasitoapasito.es\\\/fr\\\/produit\\\/tour-de-lit-120x60-cm-nara\\\/#primaryimage\"},\"image\":{\"@id\":\"https:\\\/\\\/pasitoapasito.es\\\/fr\\\/produit\\\/tour-de-lit-120x60-cm-nara\\\/#primaryimage\"},\"thumbnailUrl\":\"https:\\\/\\\/pasitoapasito.es\\\/wp-content\\\/uploads\\\/2025\\\/09\\\/1120900587_a-1.jpg\",\"datePublished\":\"2025-09-25T09:01:26+00:00\",\"breadcrumb\":{\"@id\":\"https:\\\/\\\/pasitoapasito.es\\\/fr\\\/produit\\\/tour-de-lit-120x60-cm-nara\\\/#breadcrumb\"},\"inLanguage\":\"fr-FR\",\"potentialAction\":[{\"@type\":\"ReadAction\",\"target\":[\"https:\\\/\\\/pasitoapasito.es\\\/fr\\\/produit\\\/tour-de-lit-120x60-cm-nara\\\/\"]}]},{\"@type\":\"ImageObject\",\"inLanguage\":\"fr-FR\",\"@id\":\"https:\\\/\\\/pasitoapasito.es\\\/fr\\\/produit\\\/tour-de-lit-120x60-cm-nara\\\/#primaryimage\",\"url\":\"https:\\\/\\\/pasitoapasito.es\\\/wp-content\\\/uploads\\\/2025\\\/09\\\/1120900587_a-1.jpg\",\"contentUrl\":\"https:\\\/\\\/pasitoapasito.es\\\/wp-content\\\/uploads\\\/2025\\\/09\\\/1120900587_a-1.jpg\",\"width\":1800,\"height\":1800},{\"@type\":\"BreadcrumbList\",\"@id\":\"https:\\\/\\\/pasitoapasito.es\\\/fr\\\/produit\\\/tour-de-lit-120x60-cm-nara\\\/#breadcrumb\",\"itemListElement\":[{\"@type\":\"ListItem\",\"position\":1,\"name\":\"Tienda\",\"item\":\"https:\\\/\\\/pasitoapasito.es\\\/tienda\\\/\"},{\"@type\":\"ListItem\",\"position\":2,\"name\":\"TOUR DE LIT 120X60 CM NARA\"}]},{\"@type\":\"WebSite\",\"@id\":\"https:\\\/\\\/pasitoapasito.es\\\/fr\\\/#website\",\"url\":\"https:\\\/\\\/pasitoapasito.es\\\/fr\\\/\",\"name\":\"Pasito a Pasito\",\"description\":\"\",\"potentialAction\":[{\"@type\":\"SearchAction\",\"target\":{\"@type\":\"EntryPoint\",\"urlTemplate\":\"https:\\\/\\\/pasitoapasito.es\\\/fr\\\/?s={search_term_string}\"},\"query-input\":{\"@type\":\"PropertyValueSpecification\",\"valueRequired\":true,\"valueName\":\"search_term_string\"}}],\"inLanguage\":\"fr-FR\"}]}<\/script>\n<!-- \/ Yoast SEO plugin. -->","yoast_head_json":{"title":"TOUR DE LIT 120X60 CM NARA - Pasito a Pasito","robots":{"index":"index","follow":"follow","max-snippet":"max-snippet:-1","max-image-preview":"max-image-preview:large","max-video-preview":"max-video-preview:-1"},"canonical":"https:\/\/pasitoapasito.es\/fr\/produit\/tour-de-lit-120x60-cm-nara\/","og_locale":"fr_FR","og_type":"article","og_title":"TOUR DE LIT 120X60 CM NARA - Pasito a Pasito","og_description":"Protection pour lit b\u00e9b\u00e9 Pasito a Pasito Collection Nara 120&#215;60 cm &#8211; S\u00e9curit\u00e9 et douceur pour le repos de votre b\u00e9b\u00e9 ! Assurez un environnement de sommeil s\u00fbr et confortable \u00e0 votre b\u00e9b\u00e9 avec l&rsquo; e protection d\u00e9licate pour lit b\u00e9b\u00e9 de la collection exclusive Nara de Pasito a Pasito. Con\u00e7ue pour les lits b\u00e9b\u00e9 [&hellip;]","og_url":"https:\/\/pasitoapasito.es\/fr\/produit\/tour-de-lit-120x60-cm-nara\/","og_site_name":"Pasito a Pasito","og_image":[{"width":1800,"height":1800,"url":"https:\/\/pasitoapasito.es\/wp-content\/uploads\/2025\/09\/1120900587_a-1.jpg","type":"image\/jpeg"}],"twitter_card":"summary_large_image","twitter_misc":{"Dur\u00e9e de lecture estim\u00e9e":"3 minutes"},"schema":{"@context":"https:\/\/schema.org","@graph":[{"@type":"WebPage","@id":"https:\/\/pasitoapasito.es\/fr\/produit\/tour-de-lit-120x60-cm-nara\/","url":"https:\/\/pasitoapasito.es\/fr\/produit\/tour-de-lit-120x60-cm-nara\/","name":"TOUR DE LIT 120X60 CM NARA - Pasito a Pasito","isPartOf":{"@id":"https:\/\/pasitoapasito.es\/fr\/#website"},"primaryImageOfPage":{"@id":"https:\/\/pasitoapasito.es\/fr\/produit\/tour-de-lit-120x60-cm-nara\/#primaryimage"},"image":{"@id":"https:\/\/pasitoapasito.es\/fr\/produit\/tour-de-lit-120x60-cm-nara\/#primaryimage"},"thumbnailUrl":"https:\/\/pasitoapasito.es\/wp-content\/uploads\/2025\/09\/1120900587_a-1.jpg","datePublished":"2025-09-25T09:01:26+00:00","breadcrumb":{"@id":"https:\/\/pasitoapasito.es\/fr\/produit\/tour-de-lit-120x60-cm-nara\/#breadcrumb"},"inLanguage":"fr-FR","potentialAction":[{"@type":"ReadAction","target":["https:\/\/pasitoapasito.es\/fr\/produit\/tour-de-lit-120x60-cm-nara\/"]}]},{"@type":"ImageObject","inLanguage":"fr-FR","@id":"https:\/\/pasitoapasito.es\/fr\/produit\/tour-de-lit-120x60-cm-nara\/#primaryimage","url":"https:\/\/pasitoapasito.es\/wp-content\/uploads\/2025\/09\/1120900587_a-1.jpg","contentUrl":"https:\/\/pasitoapasito.es\/wp-content\/uploads\/2025\/09\/1120900587_a-1.jpg","width":1800,"height":1800},{"@type":"BreadcrumbList","@id":"https:\/\/pasitoapasito.es\/fr\/produit\/tour-de-lit-120x60-cm-nara\/#breadcrumb","itemListElement":[{"@type":"ListItem","position":1,"name":"Tienda","item":"https:\/\/pasitoapasito.es\/tienda\/"},{"@type":"ListItem","position":2,"name":"TOUR DE LIT 120X60 CM NARA"}]},{"@type":"WebSite","@id":"https:\/\/pasitoapasito.es\/fr\/#website","url":"https:\/\/pasitoapasito.es\/fr\/","name":"Pasito a Pasito","description":"","potentialAction":[{"@type":"SearchAction","target":{"@type":"EntryPoint","urlTemplate":"https:\/\/pasitoapasito.es\/fr\/?s={search_term_string}"},"query-input":{"@type":"PropertyValueSpecification","valueRequired":true,"valueName":"search_term_string"}}],"inLanguage":"fr-FR"}]}},"_links":{"self":[{"href":"https:\/\/pasitoapasito.es\/fr\/wp-json\/wp\/v2\/product\/43793","targetHints":{"allow":["GET"]}}],"collection":[{"href":"https:\/\/pasitoapasito.es\/fr\/wp-json\/wp\/v2\/product"}],"about":[{"href":"https:\/\/pasitoapasito.es\/fr\/wp-json\/wp\/v2\/types\/product"}],"replies":[{"embeddable":true,"href":"https:\/\/pasitoapasito.es\/fr\/wp-json\/wp\/v2\/comments?post=43793"}],"wp:featuredmedia":[{"embeddable":true,"href":"https:\/\/pasitoapasito.es\/fr\/wp-json\/wp\/v2\/media\/43424"}],"wp:attachment":[{"href":"https:\/\/pasitoapasito.es\/fr\/wp-json\/wp\/v2\/media?parent=43793"}],"wp:term":[{"taxonomy":"colecciones","embeddable":true,"href":"https:\/\/pasitoapasito.es\/fr\/wp-json\/wp\/v2\/colecciones?post=43793"},{"taxonomy":"product_brand","embeddable":true,"href":"https:\/\/pasitoapasito.es\/fr\/wp-json\/wp\/v2\/product_brand?post=43793"},{"taxonomy":"product_cat","embeddable":true,"href":"https:\/\/pasitoapasito.es\/fr\/wp-json\/wp\/v2\/product_cat?post=43793"},{"taxonomy":"product_tag","embeddable":true,"href":"https:\/\/pasitoapasito.es\/fr\/wp-json\/wp\/v2\/product_tag?post=43793"}],"curies":[{"name":"wp","href":"https:\/\/api.w.org\/{rel}","templated":true}]}}