{"id":43792,"date":"2025-09-25T09:01:26","date_gmt":"2025-09-25T09:01:26","guid":{"rendered":"https:\/\/pasitoapasito.es\/?post_type=product&#038;p=43792"},"modified":"2025-09-25T09:01:26","modified_gmt":"2025-09-25T09:01:26","slug":"jouet-musical-ecureuil-cherry-raye","status":"publish","type":"product","link":"https:\/\/pasitoapasito.es\/fr\/produit\/jouet-musical-ecureuil-cherry-raye\/","title":{"rendered":"JOUET MUSICAL \u00c9CUREUIL CHERRY RAY\u00c9"},"content":{"rendered":"<p>Le musical Cherry Rayas de Pasito a Pasito est l&rsquo;accessoire id\u00e9al pour d\u00e9tendre et apaiser votre b\u00e9b\u00e9. Con\u00e7u avec un adorable \u00e9cureuil de 20 cm, sa douce m\u00e9lodie cr\u00e9e une atmosph\u00e8re de tranquillit\u00e9 et de confort. Parfait pour aider b\u00e9b\u00e9 \u00e0 s&rsquo;endormir. Il comprend un lien pratique pour l&rsquo;attacher au berceau, \u00e0 la poussette ou au si\u00e8ge auto. Fabriqu\u00e9 en velours, id\u00e9al pour la peau d\u00e9licate de b\u00e9b\u00e9. Sans petites pi\u00e8ces ni \u00e9l\u00e9ments dangereux, convient aux b\u00e9b\u00e9s d\u00e8s la naissance. Pasito a pasito prot\u00e8ge votre b\u00e9b\u00e9 en utilisant les meilleurs tissus, sans colorants azo\u00efques ni substances nocives pour la sant\u00e9. Conforme \u00e0 la norme europ\u00e9enne EN-71 S\u00e9curit\u00e9 des jouets +0 ans.<\/p>\n","protected":false},"excerpt":{"rendered":"<p>Le musical Cherry Rayas de Pasito a Pasito est l&rsquo;accessoire id\u00e9al pour d\u00e9tendre et apaiser votre b\u00e9b\u00e9. Con\u00e7u avec un adorable \u00e9cureuil de 20 cm, sa douce m\u00e9lodie cr\u00e9e une atmosph\u00e8re de tranquillit\u00e9 et de confort. Parfait pour aider b\u00e9b\u00e9 \u00e0 s&rsquo;endormir. Il comprend un lien pratique pour l&rsquo;attacher au berceau, \u00e0 la poussette ou [&hellip;]<\/p>\n","protected":false},"featured_media":43407,"comment_status":"closed","ping_status":"closed","template":"","meta":{"_acf_changed":false,"inline_featured_image":false},"colecciones":[352],"product_brand":[],"product_cat":[193],"product_tag":[],"class_list":{"0":"post-43792","1":"product","2":"type-product","3":"status-publish","4":"has-post-thumbnail","6":"colecciones-collection-cherry","7":"product_cat-peluches-et-accessories","9":"first","10":"instock","11":"purchasable","12":"product-type-simple"},"acf":[],"yoast_head":"<!-- This site is optimized with the Yoast SEO plugin v27.5 - https:\/\/yoast.com\/product\/yoast-seo-wordpress\/ -->\n<title>JOUET MUSICAL \u00c9CUREUIL CHERRY RAY\u00c9 - Pasito a Pasito<\/title>\n<meta name=\"robots\" content=\"index, follow, max-snippet:-1, max-image-preview:large, max-video-preview:-1\" \/>\n<link rel=\"canonical\" href=\"https:\/\/pasitoapasito.es\/fr\/produit\/jouet-musical-ecureuil-cherry-raye\/\" \/>\n<meta property=\"og:locale\" content=\"fr_FR\" \/>\n<meta property=\"og:type\" content=\"article\" \/>\n<meta property=\"og:title\" content=\"JOUET MUSICAL \u00c9CUREUIL CHERRY RAY\u00c9 - Pasito a Pasito\" \/>\n<meta property=\"og:description\" content=\"Le musical Cherry Rayas de Pasito a Pasito est l&rsquo;accessoire id\u00e9al pour d\u00e9tendre et apaiser votre b\u00e9b\u00e9. Con\u00e7u avec un adorable \u00e9cureuil de 20 cm, sa douce m\u00e9lodie cr\u00e9e une atmosph\u00e8re de tranquillit\u00e9 et de confort. Parfait pour aider b\u00e9b\u00e9 \u00e0 s&rsquo;endormir. Il comprend un lien pratique pour l&rsquo;attacher au berceau, \u00e0 la poussette ou [&hellip;]\" \/>\n<meta property=\"og:url\" content=\"https:\/\/pasitoapasito.es\/fr\/produit\/jouet-musical-ecureuil-cherry-raye\/\" \/>\n<meta property=\"og:site_name\" content=\"Pasito a Pasito\" \/>\n<meta property=\"og:image\" content=\"https:\/\/pasitoapasito.es\/wp-content\/uploads\/2025\/09\/1120900517_a-1.jpg\" \/>\n\t<meta property=\"og:image:width\" content=\"1800\" \/>\n\t<meta property=\"og:image:height\" content=\"1800\" \/>\n\t<meta property=\"og:image:type\" content=\"image\/jpeg\" \/>\n<meta name=\"twitter:card\" content=\"summary_large_image\" \/>\n<meta name=\"twitter:label1\" content=\"Dur\u00e9e de lecture estim\u00e9e\" \/>\n\t<meta name=\"twitter:data1\" content=\"1 minute\" \/>\n<script type=\"application\/ld+json\" class=\"yoast-schema-graph\">{\"@context\":\"https:\\\/\\\/schema.org\",\"@graph\":[{\"@type\":\"WebPage\",\"@id\":\"https:\\\/\\\/pasitoapasito.es\\\/fr\\\/produit\\\/jouet-musical-ecureuil-cherry-raye\\\/\",\"url\":\"https:\\\/\\\/pasitoapasito.es\\\/fr\\\/produit\\\/jouet-musical-ecureuil-cherry-raye\\\/\",\"name\":\"JOUET MUSICAL \u00c9CUREUIL CHERRY RAY\u00c9 - Pasito a Pasito\",\"isPartOf\":{\"@id\":\"https:\\\/\\\/pasitoapasito.es\\\/fr\\\/#website\"},\"primaryImageOfPage\":{\"@id\":\"https:\\\/\\\/pasitoapasito.es\\\/fr\\\/produit\\\/jouet-musical-ecureuil-cherry-raye\\\/#primaryimage\"},\"image\":{\"@id\":\"https:\\\/\\\/pasitoapasito.es\\\/fr\\\/produit\\\/jouet-musical-ecureuil-cherry-raye\\\/#primaryimage\"},\"thumbnailUrl\":\"https:\\\/\\\/pasitoapasito.es\\\/wp-content\\\/uploads\\\/2025\\\/09\\\/1120900517_a-1.jpg\",\"datePublished\":\"2025-09-25T09:01:26+00:00\",\"breadcrumb\":{\"@id\":\"https:\\\/\\\/pasitoapasito.es\\\/fr\\\/produit\\\/jouet-musical-ecureuil-cherry-raye\\\/#breadcrumb\"},\"inLanguage\":\"fr-FR\",\"potentialAction\":[{\"@type\":\"ReadAction\",\"target\":[\"https:\\\/\\\/pasitoapasito.es\\\/fr\\\/produit\\\/jouet-musical-ecureuil-cherry-raye\\\/\"]}]},{\"@type\":\"ImageObject\",\"inLanguage\":\"fr-FR\",\"@id\":\"https:\\\/\\\/pasitoapasito.es\\\/fr\\\/produit\\\/jouet-musical-ecureuil-cherry-raye\\\/#primaryimage\",\"url\":\"https:\\\/\\\/pasitoapasito.es\\\/wp-content\\\/uploads\\\/2025\\\/09\\\/1120900517_a-1.jpg\",\"contentUrl\":\"https:\\\/\\\/pasitoapasito.es\\\/wp-content\\\/uploads\\\/2025\\\/09\\\/1120900517_a-1.jpg\",\"width\":1800,\"height\":1800},{\"@type\":\"BreadcrumbList\",\"@id\":\"https:\\\/\\\/pasitoapasito.es\\\/fr\\\/produit\\\/jouet-musical-ecureuil-cherry-raye\\\/#breadcrumb\",\"itemListElement\":[{\"@type\":\"ListItem\",\"position\":1,\"name\":\"Tienda\",\"item\":\"https:\\\/\\\/pasitoapasito.es\\\/tienda\\\/\"},{\"@type\":\"ListItem\",\"position\":2,\"name\":\"JOUET MUSICAL \u00c9CUREUIL CHERRY RAY\u00c9\"}]},{\"@type\":\"WebSite\",\"@id\":\"https:\\\/\\\/pasitoapasito.es\\\/fr\\\/#website\",\"url\":\"https:\\\/\\\/pasitoapasito.es\\\/fr\\\/\",\"name\":\"Pasito a Pasito\",\"description\":\"\",\"potentialAction\":[{\"@type\":\"SearchAction\",\"target\":{\"@type\":\"EntryPoint\",\"urlTemplate\":\"https:\\\/\\\/pasitoapasito.es\\\/fr\\\/?s={search_term_string}\"},\"query-input\":{\"@type\":\"PropertyValueSpecification\",\"valueRequired\":true,\"valueName\":\"search_term_string\"}}],\"inLanguage\":\"fr-FR\"}]}<\/script>\n<!-- \/ Yoast SEO plugin. -->","yoast_head_json":{"title":"JOUET MUSICAL \u00c9CUREUIL CHERRY RAY\u00c9 - Pasito a Pasito","robots":{"index":"index","follow":"follow","max-snippet":"max-snippet:-1","max-image-preview":"max-image-preview:large","max-video-preview":"max-video-preview:-1"},"canonical":"https:\/\/pasitoapasito.es\/fr\/produit\/jouet-musical-ecureuil-cherry-raye\/","og_locale":"fr_FR","og_type":"article","og_title":"JOUET MUSICAL \u00c9CUREUIL CHERRY RAY\u00c9 - Pasito a Pasito","og_description":"Le musical Cherry Rayas de Pasito a Pasito est l&rsquo;accessoire id\u00e9al pour d\u00e9tendre et apaiser votre b\u00e9b\u00e9. Con\u00e7u avec un adorable \u00e9cureuil de 20 cm, sa douce m\u00e9lodie cr\u00e9e une atmosph\u00e8re de tranquillit\u00e9 et de confort. Parfait pour aider b\u00e9b\u00e9 \u00e0 s&rsquo;endormir. Il comprend un lien pratique pour l&rsquo;attacher au berceau, \u00e0 la poussette ou [&hellip;]","og_url":"https:\/\/pasitoapasito.es\/fr\/produit\/jouet-musical-ecureuil-cherry-raye\/","og_site_name":"Pasito a Pasito","og_image":[{"width":1800,"height":1800,"url":"https:\/\/pasitoapasito.es\/wp-content\/uploads\/2025\/09\/1120900517_a-1.jpg","type":"image\/jpeg"}],"twitter_card":"summary_large_image","twitter_misc":{"Dur\u00e9e de lecture estim\u00e9e":"1 minute"},"schema":{"@context":"https:\/\/schema.org","@graph":[{"@type":"WebPage","@id":"https:\/\/pasitoapasito.es\/fr\/produit\/jouet-musical-ecureuil-cherry-raye\/","url":"https:\/\/pasitoapasito.es\/fr\/produit\/jouet-musical-ecureuil-cherry-raye\/","name":"JOUET MUSICAL \u00c9CUREUIL CHERRY RAY\u00c9 - Pasito a Pasito","isPartOf":{"@id":"https:\/\/pasitoapasito.es\/fr\/#website"},"primaryImageOfPage":{"@id":"https:\/\/pasitoapasito.es\/fr\/produit\/jouet-musical-ecureuil-cherry-raye\/#primaryimage"},"image":{"@id":"https:\/\/pasitoapasito.es\/fr\/produit\/jouet-musical-ecureuil-cherry-raye\/#primaryimage"},"thumbnailUrl":"https:\/\/pasitoapasito.es\/wp-content\/uploads\/2025\/09\/1120900517_a-1.jpg","datePublished":"2025-09-25T09:01:26+00:00","breadcrumb":{"@id":"https:\/\/pasitoapasito.es\/fr\/produit\/jouet-musical-ecureuil-cherry-raye\/#breadcrumb"},"inLanguage":"fr-FR","potentialAction":[{"@type":"ReadAction","target":["https:\/\/pasitoapasito.es\/fr\/produit\/jouet-musical-ecureuil-cherry-raye\/"]}]},{"@type":"ImageObject","inLanguage":"fr-FR","@id":"https:\/\/pasitoapasito.es\/fr\/produit\/jouet-musical-ecureuil-cherry-raye\/#primaryimage","url":"https:\/\/pasitoapasito.es\/wp-content\/uploads\/2025\/09\/1120900517_a-1.jpg","contentUrl":"https:\/\/pasitoapasito.es\/wp-content\/uploads\/2025\/09\/1120900517_a-1.jpg","width":1800,"height":1800},{"@type":"BreadcrumbList","@id":"https:\/\/pasitoapasito.es\/fr\/produit\/jouet-musical-ecureuil-cherry-raye\/#breadcrumb","itemListElement":[{"@type":"ListItem","position":1,"name":"Tienda","item":"https:\/\/pasitoapasito.es\/tienda\/"},{"@type":"ListItem","position":2,"name":"JOUET MUSICAL \u00c9CUREUIL CHERRY RAY\u00c9"}]},{"@type":"WebSite","@id":"https:\/\/pasitoapasito.es\/fr\/#website","url":"https:\/\/pasitoapasito.es\/fr\/","name":"Pasito a Pasito","description":"","potentialAction":[{"@type":"SearchAction","target":{"@type":"EntryPoint","urlTemplate":"https:\/\/pasitoapasito.es\/fr\/?s={search_term_string}"},"query-input":{"@type":"PropertyValueSpecification","valueRequired":true,"valueName":"search_term_string"}}],"inLanguage":"fr-FR"}]}},"_links":{"self":[{"href":"https:\/\/pasitoapasito.es\/fr\/wp-json\/wp\/v2\/product\/43792","targetHints":{"allow":["GET"]}}],"collection":[{"href":"https:\/\/pasitoapasito.es\/fr\/wp-json\/wp\/v2\/product"}],"about":[{"href":"https:\/\/pasitoapasito.es\/fr\/wp-json\/wp\/v2\/types\/product"}],"replies":[{"embeddable":true,"href":"https:\/\/pasitoapasito.es\/fr\/wp-json\/wp\/v2\/comments?post=43792"}],"wp:featuredmedia":[{"embeddable":true,"href":"https:\/\/pasitoapasito.es\/fr\/wp-json\/wp\/v2\/media\/43407"}],"wp:attachment":[{"href":"https:\/\/pasitoapasito.es\/fr\/wp-json\/wp\/v2\/media?parent=43792"}],"wp:term":[{"taxonomy":"colecciones","embeddable":true,"href":"https:\/\/pasitoapasito.es\/fr\/wp-json\/wp\/v2\/colecciones?post=43792"},{"taxonomy":"product_brand","embeddable":true,"href":"https:\/\/pasitoapasito.es\/fr\/wp-json\/wp\/v2\/product_brand?post=43792"},{"taxonomy":"product_cat","embeddable":true,"href":"https:\/\/pasitoapasito.es\/fr\/wp-json\/wp\/v2\/product_cat?post=43792"},{"taxonomy":"product_tag","embeddable":true,"href":"https:\/\/pasitoapasito.es\/fr\/wp-json\/wp\/v2\/product_tag?post=43792"}],"curies":[{"name":"wp","href":"https:\/\/api.w.org\/{rel}","templated":true}]}}