{"id":43787,"date":"2025-09-25T09:01:25","date_gmt":"2025-09-25T09:01:25","guid":{"rendered":"https:\/\/pasitoapasito.es\/?post_type=product&#038;p=43787"},"modified":"2025-09-25T09:01:25","modified_gmt":"2025-09-25T09:01:25","slug":"doudou-ecureuil-cherry-fleurs","status":"publish","type":"product","link":"https:\/\/pasitoapasito.es\/fr\/produit\/doudou-ecureuil-cherry-fleurs\/","title":{"rendered":"DOUDOU \u00c9CUREUIL CHERRY FLEURS"},"content":{"rendered":"<p>Cet adorable doudou Cherry Flores de Pasito a Pasito est l&rsquo;accessoire id\u00e9al pour accompagner et r\u00e9conforter votre b\u00e9b\u00e9 d\u00e8s la naissance. Ce petit \u00e9cureuil de 21 cm est fabriqu\u00e9 en velours doux qui offre une texture d\u00e9licate et agr\u00e9able au toucher, id\u00e9ale pour apaiser et rassurer le b\u00e9b\u00e9. Sans petites pi\u00e8ces ni \u00e9l\u00e9ments durs. Il aide le b\u00e9b\u00e9 \u00e0 se sentir accompagn\u00e9 et tranquille \u00e0 tout moment. Sa taille et son design ergonomique permettent au b\u00e9b\u00e9 de le saisir facilement. Ce doudou Pasito a Pasito est le compagnon id\u00e9al pour le berceau, la poussette ou tout moment de repos de b\u00e9b\u00e9. Lavable \u00e0 la main ou en machine \u00e0 30 \u00b0C. Pasito a Pasito prot\u00e8ge votre b\u00e9b\u00e9 en utilisant les meilleurs tissus, sans colorants azo\u00efques ni substances nocives pour la sant\u00e9. Conforme \u00e0 la norme europ\u00e9enne EN-71 S\u00e9curit\u00e9 des jouets +0 ans.<\/p>\n","protected":false},"excerpt":{"rendered":"<p>Cet adorable doudou Cherry Flores de Pasito a Pasito est l&rsquo;accessoire id\u00e9al pour accompagner et r\u00e9conforter votre b\u00e9b\u00e9 d\u00e8s la naissance. Ce petit \u00e9cureuil de 21 cm est fabriqu\u00e9 en velours doux qui offre une texture d\u00e9licate et agr\u00e9able au toucher, id\u00e9ale pour apaiser et rassurer le b\u00e9b\u00e9. Sans petites pi\u00e8ces ni \u00e9l\u00e9ments durs. Il [&hellip;]<\/p>\n","protected":false},"featured_media":43334,"comment_status":"closed","ping_status":"closed","template":"","meta":{"_acf_changed":false,"inline_featured_image":false},"colecciones":[352],"product_brand":[],"product_cat":[193],"product_tag":[],"class_list":{"0":"post-43787","1":"product","2":"type-product","3":"status-publish","4":"has-post-thumbnail","6":"colecciones-collection-cherry","7":"product_cat-peluches-et-accessories","9":"first","10":"instock","11":"purchasable","12":"product-type-simple"},"acf":[],"yoast_head":"<!-- This site is optimized with the Yoast SEO plugin v27.5 - https:\/\/yoast.com\/product\/yoast-seo-wordpress\/ -->\n<title>DOUDOU \u00c9CUREUIL CHERRY FLEURS - Pasito a Pasito<\/title>\n<meta name=\"robots\" content=\"index, follow, max-snippet:-1, max-image-preview:large, max-video-preview:-1\" \/>\n<link rel=\"canonical\" href=\"https:\/\/pasitoapasito.es\/fr\/produit\/doudou-ecureuil-cherry-fleurs\/\" \/>\n<meta property=\"og:locale\" content=\"fr_FR\" \/>\n<meta property=\"og:type\" content=\"article\" \/>\n<meta property=\"og:title\" content=\"DOUDOU \u00c9CUREUIL CHERRY FLEURS - Pasito a Pasito\" \/>\n<meta property=\"og:description\" content=\"Cet adorable doudou Cherry Flores de Pasito a Pasito est l&rsquo;accessoire id\u00e9al pour accompagner et r\u00e9conforter votre b\u00e9b\u00e9 d\u00e8s la naissance. Ce petit \u00e9cureuil de 21 cm est fabriqu\u00e9 en velours doux qui offre une texture d\u00e9licate et agr\u00e9able au toucher, id\u00e9ale pour apaiser et rassurer le b\u00e9b\u00e9. Sans petites pi\u00e8ces ni \u00e9l\u00e9ments durs. Il [&hellip;]\" \/>\n<meta property=\"og:url\" content=\"https:\/\/pasitoapasito.es\/fr\/produit\/doudou-ecureuil-cherry-fleurs\/\" \/>\n<meta property=\"og:site_name\" content=\"Pasito a Pasito\" \/>\n<meta property=\"og:image\" content=\"https:\/\/pasitoapasito.es\/wp-content\/uploads\/2025\/09\/1120900512_a-1.jpg\" \/>\n\t<meta property=\"og:image:width\" content=\"1800\" \/>\n\t<meta property=\"og:image:height\" content=\"1801\" \/>\n\t<meta property=\"og:image:type\" content=\"image\/jpeg\" \/>\n<meta name=\"twitter:card\" content=\"summary_large_image\" \/>\n<meta name=\"twitter:label1\" content=\"Dur\u00e9e de lecture estim\u00e9e\" \/>\n\t<meta name=\"twitter:data1\" content=\"1 minute\" \/>\n<script type=\"application\/ld+json\" class=\"yoast-schema-graph\">{\"@context\":\"https:\\\/\\\/schema.org\",\"@graph\":[{\"@type\":\"WebPage\",\"@id\":\"https:\\\/\\\/pasitoapasito.es\\\/fr\\\/produit\\\/doudou-ecureuil-cherry-fleurs\\\/\",\"url\":\"https:\\\/\\\/pasitoapasito.es\\\/fr\\\/produit\\\/doudou-ecureuil-cherry-fleurs\\\/\",\"name\":\"DOUDOU \u00c9CUREUIL CHERRY FLEURS - Pasito a Pasito\",\"isPartOf\":{\"@id\":\"https:\\\/\\\/pasitoapasito.es\\\/fr\\\/#website\"},\"primaryImageOfPage\":{\"@id\":\"https:\\\/\\\/pasitoapasito.es\\\/fr\\\/produit\\\/doudou-ecureuil-cherry-fleurs\\\/#primaryimage\"},\"image\":{\"@id\":\"https:\\\/\\\/pasitoapasito.es\\\/fr\\\/produit\\\/doudou-ecureuil-cherry-fleurs\\\/#primaryimage\"},\"thumbnailUrl\":\"https:\\\/\\\/pasitoapasito.es\\\/wp-content\\\/uploads\\\/2025\\\/09\\\/1120900512_a-1.jpg\",\"datePublished\":\"2025-09-25T09:01:25+00:00\",\"breadcrumb\":{\"@id\":\"https:\\\/\\\/pasitoapasito.es\\\/fr\\\/produit\\\/doudou-ecureuil-cherry-fleurs\\\/#breadcrumb\"},\"inLanguage\":\"fr-FR\",\"potentialAction\":[{\"@type\":\"ReadAction\",\"target\":[\"https:\\\/\\\/pasitoapasito.es\\\/fr\\\/produit\\\/doudou-ecureuil-cherry-fleurs\\\/\"]}]},{\"@type\":\"ImageObject\",\"inLanguage\":\"fr-FR\",\"@id\":\"https:\\\/\\\/pasitoapasito.es\\\/fr\\\/produit\\\/doudou-ecureuil-cherry-fleurs\\\/#primaryimage\",\"url\":\"https:\\\/\\\/pasitoapasito.es\\\/wp-content\\\/uploads\\\/2025\\\/09\\\/1120900512_a-1.jpg\",\"contentUrl\":\"https:\\\/\\\/pasitoapasito.es\\\/wp-content\\\/uploads\\\/2025\\\/09\\\/1120900512_a-1.jpg\",\"width\":1800,\"height\":1801},{\"@type\":\"BreadcrumbList\",\"@id\":\"https:\\\/\\\/pasitoapasito.es\\\/fr\\\/produit\\\/doudou-ecureuil-cherry-fleurs\\\/#breadcrumb\",\"itemListElement\":[{\"@type\":\"ListItem\",\"position\":1,\"name\":\"Tienda\",\"item\":\"https:\\\/\\\/pasitoapasito.es\\\/tienda\\\/\"},{\"@type\":\"ListItem\",\"position\":2,\"name\":\"DOUDOU \u00c9CUREUIL CHERRY FLEURS\"}]},{\"@type\":\"WebSite\",\"@id\":\"https:\\\/\\\/pasitoapasito.es\\\/fr\\\/#website\",\"url\":\"https:\\\/\\\/pasitoapasito.es\\\/fr\\\/\",\"name\":\"Pasito a Pasito\",\"description\":\"\",\"potentialAction\":[{\"@type\":\"SearchAction\",\"target\":{\"@type\":\"EntryPoint\",\"urlTemplate\":\"https:\\\/\\\/pasitoapasito.es\\\/fr\\\/?s={search_term_string}\"},\"query-input\":{\"@type\":\"PropertyValueSpecification\",\"valueRequired\":true,\"valueName\":\"search_term_string\"}}],\"inLanguage\":\"fr-FR\"}]}<\/script>\n<!-- \/ Yoast SEO plugin. -->","yoast_head_json":{"title":"DOUDOU \u00c9CUREUIL CHERRY FLEURS - Pasito a Pasito","robots":{"index":"index","follow":"follow","max-snippet":"max-snippet:-1","max-image-preview":"max-image-preview:large","max-video-preview":"max-video-preview:-1"},"canonical":"https:\/\/pasitoapasito.es\/fr\/produit\/doudou-ecureuil-cherry-fleurs\/","og_locale":"fr_FR","og_type":"article","og_title":"DOUDOU \u00c9CUREUIL CHERRY FLEURS - Pasito a Pasito","og_description":"Cet adorable doudou Cherry Flores de Pasito a Pasito est l&rsquo;accessoire id\u00e9al pour accompagner et r\u00e9conforter votre b\u00e9b\u00e9 d\u00e8s la naissance. Ce petit \u00e9cureuil de 21 cm est fabriqu\u00e9 en velours doux qui offre une texture d\u00e9licate et agr\u00e9able au toucher, id\u00e9ale pour apaiser et rassurer le b\u00e9b\u00e9. Sans petites pi\u00e8ces ni \u00e9l\u00e9ments durs. Il [&hellip;]","og_url":"https:\/\/pasitoapasito.es\/fr\/produit\/doudou-ecureuil-cherry-fleurs\/","og_site_name":"Pasito a Pasito","og_image":[{"width":1800,"height":1801,"url":"https:\/\/pasitoapasito.es\/wp-content\/uploads\/2025\/09\/1120900512_a-1.jpg","type":"image\/jpeg"}],"twitter_card":"summary_large_image","twitter_misc":{"Dur\u00e9e de lecture estim\u00e9e":"1 minute"},"schema":{"@context":"https:\/\/schema.org","@graph":[{"@type":"WebPage","@id":"https:\/\/pasitoapasito.es\/fr\/produit\/doudou-ecureuil-cherry-fleurs\/","url":"https:\/\/pasitoapasito.es\/fr\/produit\/doudou-ecureuil-cherry-fleurs\/","name":"DOUDOU \u00c9CUREUIL CHERRY FLEURS - Pasito a Pasito","isPartOf":{"@id":"https:\/\/pasitoapasito.es\/fr\/#website"},"primaryImageOfPage":{"@id":"https:\/\/pasitoapasito.es\/fr\/produit\/doudou-ecureuil-cherry-fleurs\/#primaryimage"},"image":{"@id":"https:\/\/pasitoapasito.es\/fr\/produit\/doudou-ecureuil-cherry-fleurs\/#primaryimage"},"thumbnailUrl":"https:\/\/pasitoapasito.es\/wp-content\/uploads\/2025\/09\/1120900512_a-1.jpg","datePublished":"2025-09-25T09:01:25+00:00","breadcrumb":{"@id":"https:\/\/pasitoapasito.es\/fr\/produit\/doudou-ecureuil-cherry-fleurs\/#breadcrumb"},"inLanguage":"fr-FR","potentialAction":[{"@type":"ReadAction","target":["https:\/\/pasitoapasito.es\/fr\/produit\/doudou-ecureuil-cherry-fleurs\/"]}]},{"@type":"ImageObject","inLanguage":"fr-FR","@id":"https:\/\/pasitoapasito.es\/fr\/produit\/doudou-ecureuil-cherry-fleurs\/#primaryimage","url":"https:\/\/pasitoapasito.es\/wp-content\/uploads\/2025\/09\/1120900512_a-1.jpg","contentUrl":"https:\/\/pasitoapasito.es\/wp-content\/uploads\/2025\/09\/1120900512_a-1.jpg","width":1800,"height":1801},{"@type":"BreadcrumbList","@id":"https:\/\/pasitoapasito.es\/fr\/produit\/doudou-ecureuil-cherry-fleurs\/#breadcrumb","itemListElement":[{"@type":"ListItem","position":1,"name":"Tienda","item":"https:\/\/pasitoapasito.es\/tienda\/"},{"@type":"ListItem","position":2,"name":"DOUDOU \u00c9CUREUIL CHERRY FLEURS"}]},{"@type":"WebSite","@id":"https:\/\/pasitoapasito.es\/fr\/#website","url":"https:\/\/pasitoapasito.es\/fr\/","name":"Pasito a Pasito","description":"","potentialAction":[{"@type":"SearchAction","target":{"@type":"EntryPoint","urlTemplate":"https:\/\/pasitoapasito.es\/fr\/?s={search_term_string}"},"query-input":{"@type":"PropertyValueSpecification","valueRequired":true,"valueName":"search_term_string"}}],"inLanguage":"fr-FR"}]}},"_links":{"self":[{"href":"https:\/\/pasitoapasito.es\/fr\/wp-json\/wp\/v2\/product\/43787","targetHints":{"allow":["GET"]}}],"collection":[{"href":"https:\/\/pasitoapasito.es\/fr\/wp-json\/wp\/v2\/product"}],"about":[{"href":"https:\/\/pasitoapasito.es\/fr\/wp-json\/wp\/v2\/types\/product"}],"replies":[{"embeddable":true,"href":"https:\/\/pasitoapasito.es\/fr\/wp-json\/wp\/v2\/comments?post=43787"}],"wp:featuredmedia":[{"embeddable":true,"href":"https:\/\/pasitoapasito.es\/fr\/wp-json\/wp\/v2\/media\/43334"}],"wp:attachment":[{"href":"https:\/\/pasitoapasito.es\/fr\/wp-json\/wp\/v2\/media?parent=43787"}],"wp:term":[{"taxonomy":"colecciones","embeddable":true,"href":"https:\/\/pasitoapasito.es\/fr\/wp-json\/wp\/v2\/colecciones?post=43787"},{"taxonomy":"product_brand","embeddable":true,"href":"https:\/\/pasitoapasito.es\/fr\/wp-json\/wp\/v2\/product_brand?post=43787"},{"taxonomy":"product_cat","embeddable":true,"href":"https:\/\/pasitoapasito.es\/fr\/wp-json\/wp\/v2\/product_cat?post=43787"},{"taxonomy":"product_tag","embeddable":true,"href":"https:\/\/pasitoapasito.es\/fr\/wp-json\/wp\/v2\/product_tag?post=43787"}],"curies":[{"name":"wp","href":"https:\/\/api.w.org\/{rel}","templated":true}]}}