{"id":43782,"date":"2025-09-25T09:01:30","date_gmt":"2025-09-25T09:01:30","guid":{"rendered":"https:\/\/pasitoapasito.es\/?post_type=product&#038;p=43782"},"modified":"2025-09-25T09:01:30","modified_gmt":"2025-09-25T09:01:30","slug":"set-2-langes-70x70-cm-cherry-raye","status":"publish","type":"product","link":"https:\/\/pasitoapasito.es\/fr\/produit\/set-2-langes-70x70-cm-cherry-raye\/","title":{"rendered":"SET\/ 2 LANGES 70X70 CM CHERRY RAY\u00c9"},"content":{"rendered":"<p>Le pack de deux langes Cherry Rayas, imprim\u00e9s et unis de Pasito a pasito, est l&rsquo;accessoire indispensable pour prendre soin de b\u00e9b\u00e9. Fabriqu\u00e9s \u00e0 partir d&rsquo;un m\u00e9lange de 70 % de bambou et 30 % de coton, ils offrent une texture ultra-douce, respirante et d\u00e9licate pour la peau des nouveau-n\u00e9s. Leur taille de 70 x 70 cm les rend id\u00e9ales pour de multiples usages : couverture d&#8217;emmaillotage, couverture l\u00e9g\u00e8re, protection pour la poussette, couverture d&rsquo;allaitement ou matelas \u00e0 langer improvis\u00e9. Gr\u00e2ce \u00e0 leur tissu respirant, elles aident \u00e0 r\u00e9guler la temp\u00e9rature du b\u00e9b\u00e9, lui offrant un confort optimal dans toutes les situations.  Mat\u00e9riaux d\u00e9licats pour la peau du b\u00e9b\u00e9, id\u00e9aux pour un sommeil s\u00fbr et agr\u00e9able. Facile \u00e0 laver et \u00e0 entretenir, il conserve sa douceur lavage apr\u00e8s lavage. Tous nos produits sont fabriqu\u00e9s conform\u00e9ment aux normes europ\u00e9ennes les plus strictes, avec des mat\u00e9riaux de haute qualit\u00e9, sans colorants azo\u00efques, phtalates et substances nocives pour la sant\u00e9. Tissu facile \u00e0 nettoyer, lavable en machine \u00e0 30 \u00b0C. Les produits pour b\u00e9b\u00e9s de Pasito a Pasito ont un design tr\u00e8s diff\u00e9rent de tous les autres. Leurs collections se caract\u00e9risent par un travail minutieux, toujours pens\u00e9 d&rsquo;un point de vue pratique. Ils utilisent des mat\u00e9riaux de premi\u00e8re qualit\u00e9 pour souligner l&rsquo;\u00e9l\u00e9gance et l&rsquo;harmonie de chacune de leurs pi\u00e8ces. Nos mod\u00e8les sont exclusifs et ont un style unique, pens\u00e9s pour les mamans modernes qui ont bon go\u00fbt et qui appr\u00e9cient les d\u00e9tails autant que nous. Caract\u00e9ristiques : Mat\u00e9riaux : 70 % bambou &#8211; 30 % coton. Dimensions : 70 x 70 cm.<\/p>\n","protected":false},"excerpt":{"rendered":"<p>Le pack de deux langes Cherry Rayas, imprim\u00e9s et unis de Pasito a pasito, est l&rsquo;accessoire indispensable pour prendre soin de b\u00e9b\u00e9. Fabriqu\u00e9s \u00e0 partir d&rsquo;un m\u00e9lange de 70 % de bambou et 30 % de coton, ils offrent une texture ultra-douce, respirante et d\u00e9licate pour la peau des nouveau-n\u00e9s. Leur taille de 70 x [&hellip;]<\/p>\n","protected":false},"featured_media":43245,"comment_status":"closed","ping_status":"closed","template":"","meta":{"_acf_changed":false,"inline_featured_image":false},"colecciones":[352],"product_brand":[],"product_cat":[357],"product_tag":[],"class_list":{"0":"post-43782","1":"product","2":"type-product","3":"status-publish","4":"has-post-thumbnail","6":"colecciones-collection-cherry","7":"product_cat-mousselines","9":"first","10":"instock","11":"purchasable","12":"product-type-simple"},"acf":[],"yoast_head":"<!-- This site is optimized with the Yoast SEO plugin v27.3 - https:\/\/yoast.com\/product\/yoast-seo-wordpress\/ -->\n<title>SET\/ 2 LANGES 70X70 CM CHERRY RAY\u00c9 - Pasito a Pasito<\/title>\n<meta name=\"robots\" content=\"index, follow, max-snippet:-1, max-image-preview:large, max-video-preview:-1\" \/>\n<link rel=\"canonical\" href=\"https:\/\/pasitoapasito.es\/fr\/produit\/set-2-langes-70x70-cm-cherry-raye\/\" \/>\n<meta property=\"og:locale\" content=\"fr_FR\" \/>\n<meta property=\"og:type\" content=\"article\" \/>\n<meta property=\"og:title\" content=\"SET\/ 2 LANGES 70X70 CM CHERRY RAY\u00c9 - Pasito a Pasito\" \/>\n<meta property=\"og:description\" content=\"Le pack de deux langes Cherry Rayas, imprim\u00e9s et unis de Pasito a pasito, est l&rsquo;accessoire indispensable pour prendre soin de b\u00e9b\u00e9. Fabriqu\u00e9s \u00e0 partir d&rsquo;un m\u00e9lange de 70 % de bambou et 30 % de coton, ils offrent une texture ultra-douce, respirante et d\u00e9licate pour la peau des nouveau-n\u00e9s. Leur taille de 70 x [&hellip;]\" \/>\n<meta property=\"og:url\" content=\"https:\/\/pasitoapasito.es\/fr\/produit\/set-2-langes-70x70-cm-cherry-raye\/\" \/>\n<meta property=\"og:site_name\" content=\"Pasito a Pasito\" \/>\n<meta property=\"og:image\" content=\"https:\/\/pasitoapasito.es\/wp-content\/uploads\/2025\/09\/1120900571_a-1.jpg\" \/>\n\t<meta property=\"og:image:width\" content=\"1800\" \/>\n\t<meta property=\"og:image:height\" content=\"1800\" \/>\n\t<meta property=\"og:image:type\" content=\"image\/jpeg\" \/>\n<meta name=\"twitter:card\" content=\"summary_large_image\" \/>\n<meta name=\"twitter:label1\" content=\"Dur\u00e9e de lecture estim\u00e9e\" \/>\n\t<meta name=\"twitter:data1\" content=\"1 minute\" \/>\n<script type=\"application\/ld+json\" class=\"yoast-schema-graph\">{\"@context\":\"https:\\\/\\\/schema.org\",\"@graph\":[{\"@type\":\"WebPage\",\"@id\":\"https:\\\/\\\/pasitoapasito.es\\\/fr\\\/produit\\\/set-2-langes-70x70-cm-cherry-raye\\\/\",\"url\":\"https:\\\/\\\/pasitoapasito.es\\\/fr\\\/produit\\\/set-2-langes-70x70-cm-cherry-raye\\\/\",\"name\":\"SET\\\/ 2 LANGES 70X70 CM CHERRY RAY\u00c9 - Pasito a Pasito\",\"isPartOf\":{\"@id\":\"https:\\\/\\\/pasitoapasito.es\\\/fr\\\/#website\"},\"primaryImageOfPage\":{\"@id\":\"https:\\\/\\\/pasitoapasito.es\\\/fr\\\/produit\\\/set-2-langes-70x70-cm-cherry-raye\\\/#primaryimage\"},\"image\":{\"@id\":\"https:\\\/\\\/pasitoapasito.es\\\/fr\\\/produit\\\/set-2-langes-70x70-cm-cherry-raye\\\/#primaryimage\"},\"thumbnailUrl\":\"https:\\\/\\\/pasitoapasito.es\\\/wp-content\\\/uploads\\\/2025\\\/09\\\/1120900571_a-1.jpg\",\"datePublished\":\"2025-09-25T09:01:30+00:00\",\"breadcrumb\":{\"@id\":\"https:\\\/\\\/pasitoapasito.es\\\/fr\\\/produit\\\/set-2-langes-70x70-cm-cherry-raye\\\/#breadcrumb\"},\"inLanguage\":\"fr-FR\",\"potentialAction\":[{\"@type\":\"ReadAction\",\"target\":[\"https:\\\/\\\/pasitoapasito.es\\\/fr\\\/produit\\\/set-2-langes-70x70-cm-cherry-raye\\\/\"]}]},{\"@type\":\"ImageObject\",\"inLanguage\":\"fr-FR\",\"@id\":\"https:\\\/\\\/pasitoapasito.es\\\/fr\\\/produit\\\/set-2-langes-70x70-cm-cherry-raye\\\/#primaryimage\",\"url\":\"https:\\\/\\\/pasitoapasito.es\\\/wp-content\\\/uploads\\\/2025\\\/09\\\/1120900571_a-1.jpg\",\"contentUrl\":\"https:\\\/\\\/pasitoapasito.es\\\/wp-content\\\/uploads\\\/2025\\\/09\\\/1120900571_a-1.jpg\",\"width\":1800,\"height\":1800},{\"@type\":\"BreadcrumbList\",\"@id\":\"https:\\\/\\\/pasitoapasito.es\\\/fr\\\/produit\\\/set-2-langes-70x70-cm-cherry-raye\\\/#breadcrumb\",\"itemListElement\":[{\"@type\":\"ListItem\",\"position\":1,\"name\":\"Tienda\",\"item\":\"https:\\\/\\\/pasitoapasito.es\\\/tienda\\\/\"},{\"@type\":\"ListItem\",\"position\":2,\"name\":\"SET\\\/ 2 LANGES 70X70 CM CHERRY RAY\u00c9\"}]},{\"@type\":\"WebSite\",\"@id\":\"https:\\\/\\\/pasitoapasito.es\\\/fr\\\/#website\",\"url\":\"https:\\\/\\\/pasitoapasito.es\\\/fr\\\/\",\"name\":\"Pasito a Pasito\",\"description\":\"\",\"potentialAction\":[{\"@type\":\"SearchAction\",\"target\":{\"@type\":\"EntryPoint\",\"urlTemplate\":\"https:\\\/\\\/pasitoapasito.es\\\/fr\\\/?s={search_term_string}\"},\"query-input\":{\"@type\":\"PropertyValueSpecification\",\"valueRequired\":true,\"valueName\":\"search_term_string\"}}],\"inLanguage\":\"fr-FR\"}]}<\/script>\n<!-- \/ Yoast SEO plugin. -->","yoast_head_json":{"title":"SET\/ 2 LANGES 70X70 CM CHERRY RAY\u00c9 - Pasito a Pasito","robots":{"index":"index","follow":"follow","max-snippet":"max-snippet:-1","max-image-preview":"max-image-preview:large","max-video-preview":"max-video-preview:-1"},"canonical":"https:\/\/pasitoapasito.es\/fr\/produit\/set-2-langes-70x70-cm-cherry-raye\/","og_locale":"fr_FR","og_type":"article","og_title":"SET\/ 2 LANGES 70X70 CM CHERRY RAY\u00c9 - Pasito a Pasito","og_description":"Le pack de deux langes Cherry Rayas, imprim\u00e9s et unis de Pasito a pasito, est l&rsquo;accessoire indispensable pour prendre soin de b\u00e9b\u00e9. Fabriqu\u00e9s \u00e0 partir d&rsquo;un m\u00e9lange de 70 % de bambou et 30 % de coton, ils offrent une texture ultra-douce, respirante et d\u00e9licate pour la peau des nouveau-n\u00e9s. Leur taille de 70 x [&hellip;]","og_url":"https:\/\/pasitoapasito.es\/fr\/produit\/set-2-langes-70x70-cm-cherry-raye\/","og_site_name":"Pasito a Pasito","og_image":[{"width":1800,"height":1800,"url":"https:\/\/pasitoapasito.es\/wp-content\/uploads\/2025\/09\/1120900571_a-1.jpg","type":"image\/jpeg"}],"twitter_card":"summary_large_image","twitter_misc":{"Dur\u00e9e de lecture estim\u00e9e":"1 minute"},"schema":{"@context":"https:\/\/schema.org","@graph":[{"@type":"WebPage","@id":"https:\/\/pasitoapasito.es\/fr\/produit\/set-2-langes-70x70-cm-cherry-raye\/","url":"https:\/\/pasitoapasito.es\/fr\/produit\/set-2-langes-70x70-cm-cherry-raye\/","name":"SET\/ 2 LANGES 70X70 CM CHERRY RAY\u00c9 - Pasito a Pasito","isPartOf":{"@id":"https:\/\/pasitoapasito.es\/fr\/#website"},"primaryImageOfPage":{"@id":"https:\/\/pasitoapasito.es\/fr\/produit\/set-2-langes-70x70-cm-cherry-raye\/#primaryimage"},"image":{"@id":"https:\/\/pasitoapasito.es\/fr\/produit\/set-2-langes-70x70-cm-cherry-raye\/#primaryimage"},"thumbnailUrl":"https:\/\/pasitoapasito.es\/wp-content\/uploads\/2025\/09\/1120900571_a-1.jpg","datePublished":"2025-09-25T09:01:30+00:00","breadcrumb":{"@id":"https:\/\/pasitoapasito.es\/fr\/produit\/set-2-langes-70x70-cm-cherry-raye\/#breadcrumb"},"inLanguage":"fr-FR","potentialAction":[{"@type":"ReadAction","target":["https:\/\/pasitoapasito.es\/fr\/produit\/set-2-langes-70x70-cm-cherry-raye\/"]}]},{"@type":"ImageObject","inLanguage":"fr-FR","@id":"https:\/\/pasitoapasito.es\/fr\/produit\/set-2-langes-70x70-cm-cherry-raye\/#primaryimage","url":"https:\/\/pasitoapasito.es\/wp-content\/uploads\/2025\/09\/1120900571_a-1.jpg","contentUrl":"https:\/\/pasitoapasito.es\/wp-content\/uploads\/2025\/09\/1120900571_a-1.jpg","width":1800,"height":1800},{"@type":"BreadcrumbList","@id":"https:\/\/pasitoapasito.es\/fr\/produit\/set-2-langes-70x70-cm-cherry-raye\/#breadcrumb","itemListElement":[{"@type":"ListItem","position":1,"name":"Tienda","item":"https:\/\/pasitoapasito.es\/tienda\/"},{"@type":"ListItem","position":2,"name":"SET\/ 2 LANGES 70X70 CM CHERRY RAY\u00c9"}]},{"@type":"WebSite","@id":"https:\/\/pasitoapasito.es\/fr\/#website","url":"https:\/\/pasitoapasito.es\/fr\/","name":"Pasito a Pasito","description":"","potentialAction":[{"@type":"SearchAction","target":{"@type":"EntryPoint","urlTemplate":"https:\/\/pasitoapasito.es\/fr\/?s={search_term_string}"},"query-input":{"@type":"PropertyValueSpecification","valueRequired":true,"valueName":"search_term_string"}}],"inLanguage":"fr-FR"}]}},"_links":{"self":[{"href":"https:\/\/pasitoapasito.es\/fr\/wp-json\/wp\/v2\/product\/43782","targetHints":{"allow":["GET"]}}],"collection":[{"href":"https:\/\/pasitoapasito.es\/fr\/wp-json\/wp\/v2\/product"}],"about":[{"href":"https:\/\/pasitoapasito.es\/fr\/wp-json\/wp\/v2\/types\/product"}],"replies":[{"embeddable":true,"href":"https:\/\/pasitoapasito.es\/fr\/wp-json\/wp\/v2\/comments?post=43782"}],"wp:featuredmedia":[{"embeddable":true,"href":"https:\/\/pasitoapasito.es\/fr\/wp-json\/wp\/v2\/media\/43245"}],"wp:attachment":[{"href":"https:\/\/pasitoapasito.es\/fr\/wp-json\/wp\/v2\/media?parent=43782"}],"wp:term":[{"taxonomy":"colecciones","embeddable":true,"href":"https:\/\/pasitoapasito.es\/fr\/wp-json\/wp\/v2\/colecciones?post=43782"},{"taxonomy":"product_brand","embeddable":true,"href":"https:\/\/pasitoapasito.es\/fr\/wp-json\/wp\/v2\/product_brand?post=43782"},{"taxonomy":"product_cat","embeddable":true,"href":"https:\/\/pasitoapasito.es\/fr\/wp-json\/wp\/v2\/product_cat?post=43782"},{"taxonomy":"product_tag","embeddable":true,"href":"https:\/\/pasitoapasito.es\/fr\/wp-json\/wp\/v2\/product_tag?post=43782"}],"curies":[{"name":"wp","href":"https:\/\/api.w.org\/{rel}","templated":true}]}}