{"id":43773,"date":"2025-09-25T09:01:29","date_gmt":"2025-09-25T09:01:29","guid":{"rendered":"https:\/\/pasitoapasito.es\/?post_type=product&#038;p=43773"},"modified":"2025-09-25T09:01:29","modified_gmt":"2025-09-25T09:01:29","slug":"housse-de-nacelle-dual-drap-housse-pour-nacelle-cherry-fleurs","status":"publish","type":"product","link":"https:\/\/pasitoapasito.es\/fr\/produit\/housse-de-nacelle-dual-drap-housse-pour-nacelle-cherry-fleurs\/","title":{"rendered":"HOUSSE DE NACELLE DUAL + DRAP-HOUSSE POUR NACELLE CHERRY FLEURS"},"content":{"rendered":"<p>La housse pour couffin avec double housse et drap housse ajustable Cherry Flores de Pasito a Pasito est l&rsquo;accessoire id\u00e9al pour apporter douceur et \u00e9l\u00e9gance au couffin de votre b\u00e9b\u00e9. Fabriqu\u00e9e en 100 % coton, elle garantit un toucher d\u00e9licat et respirant, id\u00e9al pour la peau sensible des nouveau-n\u00e9s. La housse pour couffin double s&rsquo;ajuste parfaitement \u00e0 l&rsquo;int\u00e9rieur du couffin. Son design ajustable avec des liens garantit un ajustement parfait \u00e0 la nacelle, offrant une finition enveloppante et s\u00fbre avec un ravissant motif floral. Le drap housse ajustable, confectionn\u00e9 en mousseline 70 % bambou et 30 % coton, offre une douceur exceptionnelle et une respirabilit\u00e9 optimale, assurant le confort de b\u00e9b\u00e9 \u00e0 tout moment. Compatible avec la plupart des nacelles. Cet ensemble est id\u00e9al pour garder votre b\u00e9b\u00e9 confortable et prot\u00e9g\u00e9, avec le style et la qualit\u00e9 qui caract\u00e9risent Pasito a Pasito. Toutes nos housses sont fabriqu\u00e9es conform\u00e9ment aux normes europ\u00e9ennes les plus strictes, avec des mat\u00e9riaux de haute qualit\u00e9, sans colorants azo\u00efques, phtalates et substances nocives pour la sant\u00e9. Tissu facile \u00e0 nettoyer, lavable en machine \u00e0 30 \u00b0C. Les produits pour b\u00e9b\u00e9s Pasito a Pasito ont un design tr\u00e8s diff\u00e9rent de tous les autres. Leurs collections se caract\u00e9risent par un travail minutieux, toujours pens\u00e9 d&rsquo;un point de vue pratique. Ils utilisent des mat\u00e9riaux de premi\u00e8re qualit\u00e9 pour souligner l&rsquo;\u00e9l\u00e9gance et l&rsquo;harmonie de chaque d\u00e9 u de leurs pi\u00e8ces. Nos mod\u00e8les sont exclusifs et ont un style unique, pens\u00e9s pour les mamans modernes qui ont bon go\u00fbt et qui appr\u00e9cient les d\u00e9tails autant que nous. Caract\u00e9ristiques : Mat\u00e9riaux : 100 % coton. Taille universelle.<\/p>\n","protected":false},"excerpt":{"rendered":"<p>La housse pour couffin avec double housse et drap housse ajustable Cherry Flores de Pasito a Pasito est l&rsquo;accessoire id\u00e9al pour apporter douceur et \u00e9l\u00e9gance au couffin de votre b\u00e9b\u00e9. Fabriqu\u00e9e en 100 % coton, elle garantit un toucher d\u00e9licat et respirant, id\u00e9al pour la peau sensible des nouveau-n\u00e9s. La housse pour couffin double s&rsquo;ajuste [&hellip;]<\/p>\n","protected":false},"featured_media":43052,"comment_status":"closed","ping_status":"closed","template":"","meta":{"_acf_changed":false,"inline_featured_image":false},"colecciones":[352],"product_brand":[],"product_cat":[144],"product_tag":[],"class_list":{"0":"post-43773","1":"product","2":"type-product","3":"status-publish","4":"has-post-thumbnail","6":"colecciones-collection-cherry","7":"product_cat-housses-pour-nacelle-et-nids-dange","9":"first","10":"instock","11":"purchasable","12":"product-type-simple"},"acf":[],"yoast_head":"<!-- This site is optimized with the Yoast SEO plugin v27.5 - https:\/\/yoast.com\/product\/yoast-seo-wordpress\/ -->\n<title>HOUSSE DE NACELLE DUAL + DRAP-HOUSSE POUR NACELLE CHERRY FLEURS - Pasito a Pasito<\/title>\n<meta name=\"robots\" content=\"index, follow, max-snippet:-1, max-image-preview:large, max-video-preview:-1\" \/>\n<link rel=\"canonical\" href=\"https:\/\/pasitoapasito.es\/fr\/produit\/housse-de-nacelle-dual-drap-housse-pour-nacelle-cherry-fleurs\/\" \/>\n<meta property=\"og:locale\" content=\"fr_FR\" \/>\n<meta property=\"og:type\" content=\"article\" \/>\n<meta property=\"og:title\" content=\"HOUSSE DE NACELLE DUAL + DRAP-HOUSSE POUR NACELLE CHERRY FLEURS - Pasito a Pasito\" \/>\n<meta property=\"og:description\" content=\"La housse pour couffin avec double housse et drap housse ajustable Cherry Flores de Pasito a Pasito est l&rsquo;accessoire id\u00e9al pour apporter douceur et \u00e9l\u00e9gance au couffin de votre b\u00e9b\u00e9. Fabriqu\u00e9e en 100 % coton, elle garantit un toucher d\u00e9licat et respirant, id\u00e9al pour la peau sensible des nouveau-n\u00e9s. La housse pour couffin double s&rsquo;ajuste [&hellip;]\" \/>\n<meta property=\"og:url\" content=\"https:\/\/pasitoapasito.es\/fr\/produit\/housse-de-nacelle-dual-drap-housse-pour-nacelle-cherry-fleurs\/\" \/>\n<meta property=\"og:site_name\" content=\"Pasito a Pasito\" \/>\n<meta property=\"og:image\" content=\"https:\/\/pasitoapasito.es\/wp-content\/uploads\/2025\/09\/1120900562_a-1.jpg\" \/>\n\t<meta property=\"og:image:width\" content=\"1800\" \/>\n\t<meta property=\"og:image:height\" content=\"1800\" \/>\n\t<meta property=\"og:image:type\" content=\"image\/jpeg\" \/>\n<meta name=\"twitter:card\" content=\"summary_large_image\" \/>\n<meta name=\"twitter:label1\" content=\"Dur\u00e9e de lecture estim\u00e9e\" \/>\n\t<meta name=\"twitter:data1\" content=\"1 minute\" \/>\n<script type=\"application\/ld+json\" class=\"yoast-schema-graph\">{\"@context\":\"https:\\\/\\\/schema.org\",\"@graph\":[{\"@type\":\"WebPage\",\"@id\":\"https:\\\/\\\/pasitoapasito.es\\\/fr\\\/produit\\\/housse-de-nacelle-dual-drap-housse-pour-nacelle-cherry-fleurs\\\/\",\"url\":\"https:\\\/\\\/pasitoapasito.es\\\/fr\\\/produit\\\/housse-de-nacelle-dual-drap-housse-pour-nacelle-cherry-fleurs\\\/\",\"name\":\"HOUSSE DE NACELLE DUAL + DRAP-HOUSSE POUR NACELLE CHERRY FLEURS - Pasito a Pasito\",\"isPartOf\":{\"@id\":\"https:\\\/\\\/pasitoapasito.es\\\/fr\\\/#website\"},\"primaryImageOfPage\":{\"@id\":\"https:\\\/\\\/pasitoapasito.es\\\/fr\\\/produit\\\/housse-de-nacelle-dual-drap-housse-pour-nacelle-cherry-fleurs\\\/#primaryimage\"},\"image\":{\"@id\":\"https:\\\/\\\/pasitoapasito.es\\\/fr\\\/produit\\\/housse-de-nacelle-dual-drap-housse-pour-nacelle-cherry-fleurs\\\/#primaryimage\"},\"thumbnailUrl\":\"https:\\\/\\\/pasitoapasito.es\\\/wp-content\\\/uploads\\\/2025\\\/09\\\/1120900562_a-1.jpg\",\"datePublished\":\"2025-09-25T09:01:29+00:00\",\"breadcrumb\":{\"@id\":\"https:\\\/\\\/pasitoapasito.es\\\/fr\\\/produit\\\/housse-de-nacelle-dual-drap-housse-pour-nacelle-cherry-fleurs\\\/#breadcrumb\"},\"inLanguage\":\"fr-FR\",\"potentialAction\":[{\"@type\":\"ReadAction\",\"target\":[\"https:\\\/\\\/pasitoapasito.es\\\/fr\\\/produit\\\/housse-de-nacelle-dual-drap-housse-pour-nacelle-cherry-fleurs\\\/\"]}]},{\"@type\":\"ImageObject\",\"inLanguage\":\"fr-FR\",\"@id\":\"https:\\\/\\\/pasitoapasito.es\\\/fr\\\/produit\\\/housse-de-nacelle-dual-drap-housse-pour-nacelle-cherry-fleurs\\\/#primaryimage\",\"url\":\"https:\\\/\\\/pasitoapasito.es\\\/wp-content\\\/uploads\\\/2025\\\/09\\\/1120900562_a-1.jpg\",\"contentUrl\":\"https:\\\/\\\/pasitoapasito.es\\\/wp-content\\\/uploads\\\/2025\\\/09\\\/1120900562_a-1.jpg\",\"width\":1800,\"height\":1800},{\"@type\":\"BreadcrumbList\",\"@id\":\"https:\\\/\\\/pasitoapasito.es\\\/fr\\\/produit\\\/housse-de-nacelle-dual-drap-housse-pour-nacelle-cherry-fleurs\\\/#breadcrumb\",\"itemListElement\":[{\"@type\":\"ListItem\",\"position\":1,\"name\":\"Tienda\",\"item\":\"https:\\\/\\\/pasitoapasito.es\\\/tienda\\\/\"},{\"@type\":\"ListItem\",\"position\":2,\"name\":\"HOUSSE DE NACELLE DUAL + DRAP-HOUSSE POUR NACELLE CHERRY FLEURS\"}]},{\"@type\":\"WebSite\",\"@id\":\"https:\\\/\\\/pasitoapasito.es\\\/fr\\\/#website\",\"url\":\"https:\\\/\\\/pasitoapasito.es\\\/fr\\\/\",\"name\":\"Pasito a Pasito\",\"description\":\"\",\"potentialAction\":[{\"@type\":\"SearchAction\",\"target\":{\"@type\":\"EntryPoint\",\"urlTemplate\":\"https:\\\/\\\/pasitoapasito.es\\\/fr\\\/?s={search_term_string}\"},\"query-input\":{\"@type\":\"PropertyValueSpecification\",\"valueRequired\":true,\"valueName\":\"search_term_string\"}}],\"inLanguage\":\"fr-FR\"}]}<\/script>\n<!-- \/ Yoast SEO plugin. -->","yoast_head_json":{"title":"HOUSSE DE NACELLE DUAL + DRAP-HOUSSE POUR NACELLE CHERRY FLEURS - Pasito a Pasito","robots":{"index":"index","follow":"follow","max-snippet":"max-snippet:-1","max-image-preview":"max-image-preview:large","max-video-preview":"max-video-preview:-1"},"canonical":"https:\/\/pasitoapasito.es\/fr\/produit\/housse-de-nacelle-dual-drap-housse-pour-nacelle-cherry-fleurs\/","og_locale":"fr_FR","og_type":"article","og_title":"HOUSSE DE NACELLE DUAL + DRAP-HOUSSE POUR NACELLE CHERRY FLEURS - Pasito a Pasito","og_description":"La housse pour couffin avec double housse et drap housse ajustable Cherry Flores de Pasito a Pasito est l&rsquo;accessoire id\u00e9al pour apporter douceur et \u00e9l\u00e9gance au couffin de votre b\u00e9b\u00e9. Fabriqu\u00e9e en 100 % coton, elle garantit un toucher d\u00e9licat et respirant, id\u00e9al pour la peau sensible des nouveau-n\u00e9s. La housse pour couffin double s&rsquo;ajuste [&hellip;]","og_url":"https:\/\/pasitoapasito.es\/fr\/produit\/housse-de-nacelle-dual-drap-housse-pour-nacelle-cherry-fleurs\/","og_site_name":"Pasito a Pasito","og_image":[{"width":1800,"height":1800,"url":"https:\/\/pasitoapasito.es\/wp-content\/uploads\/2025\/09\/1120900562_a-1.jpg","type":"image\/jpeg"}],"twitter_card":"summary_large_image","twitter_misc":{"Dur\u00e9e de lecture estim\u00e9e":"1 minute"},"schema":{"@context":"https:\/\/schema.org","@graph":[{"@type":"WebPage","@id":"https:\/\/pasitoapasito.es\/fr\/produit\/housse-de-nacelle-dual-drap-housse-pour-nacelle-cherry-fleurs\/","url":"https:\/\/pasitoapasito.es\/fr\/produit\/housse-de-nacelle-dual-drap-housse-pour-nacelle-cherry-fleurs\/","name":"HOUSSE DE NACELLE DUAL + DRAP-HOUSSE POUR NACELLE CHERRY FLEURS - Pasito a Pasito","isPartOf":{"@id":"https:\/\/pasitoapasito.es\/fr\/#website"},"primaryImageOfPage":{"@id":"https:\/\/pasitoapasito.es\/fr\/produit\/housse-de-nacelle-dual-drap-housse-pour-nacelle-cherry-fleurs\/#primaryimage"},"image":{"@id":"https:\/\/pasitoapasito.es\/fr\/produit\/housse-de-nacelle-dual-drap-housse-pour-nacelle-cherry-fleurs\/#primaryimage"},"thumbnailUrl":"https:\/\/pasitoapasito.es\/wp-content\/uploads\/2025\/09\/1120900562_a-1.jpg","datePublished":"2025-09-25T09:01:29+00:00","breadcrumb":{"@id":"https:\/\/pasitoapasito.es\/fr\/produit\/housse-de-nacelle-dual-drap-housse-pour-nacelle-cherry-fleurs\/#breadcrumb"},"inLanguage":"fr-FR","potentialAction":[{"@type":"ReadAction","target":["https:\/\/pasitoapasito.es\/fr\/produit\/housse-de-nacelle-dual-drap-housse-pour-nacelle-cherry-fleurs\/"]}]},{"@type":"ImageObject","inLanguage":"fr-FR","@id":"https:\/\/pasitoapasito.es\/fr\/produit\/housse-de-nacelle-dual-drap-housse-pour-nacelle-cherry-fleurs\/#primaryimage","url":"https:\/\/pasitoapasito.es\/wp-content\/uploads\/2025\/09\/1120900562_a-1.jpg","contentUrl":"https:\/\/pasitoapasito.es\/wp-content\/uploads\/2025\/09\/1120900562_a-1.jpg","width":1800,"height":1800},{"@type":"BreadcrumbList","@id":"https:\/\/pasitoapasito.es\/fr\/produit\/housse-de-nacelle-dual-drap-housse-pour-nacelle-cherry-fleurs\/#breadcrumb","itemListElement":[{"@type":"ListItem","position":1,"name":"Tienda","item":"https:\/\/pasitoapasito.es\/tienda\/"},{"@type":"ListItem","position":2,"name":"HOUSSE DE NACELLE DUAL + DRAP-HOUSSE POUR NACELLE CHERRY FLEURS"}]},{"@type":"WebSite","@id":"https:\/\/pasitoapasito.es\/fr\/#website","url":"https:\/\/pasitoapasito.es\/fr\/","name":"Pasito a Pasito","description":"","potentialAction":[{"@type":"SearchAction","target":{"@type":"EntryPoint","urlTemplate":"https:\/\/pasitoapasito.es\/fr\/?s={search_term_string}"},"query-input":{"@type":"PropertyValueSpecification","valueRequired":true,"valueName":"search_term_string"}}],"inLanguage":"fr-FR"}]}},"_links":{"self":[{"href":"https:\/\/pasitoapasito.es\/fr\/wp-json\/wp\/v2\/product\/43773","targetHints":{"allow":["GET"]}}],"collection":[{"href":"https:\/\/pasitoapasito.es\/fr\/wp-json\/wp\/v2\/product"}],"about":[{"href":"https:\/\/pasitoapasito.es\/fr\/wp-json\/wp\/v2\/types\/product"}],"replies":[{"embeddable":true,"href":"https:\/\/pasitoapasito.es\/fr\/wp-json\/wp\/v2\/comments?post=43773"}],"wp:featuredmedia":[{"embeddable":true,"href":"https:\/\/pasitoapasito.es\/fr\/wp-json\/wp\/v2\/media\/43052"}],"wp:attachment":[{"href":"https:\/\/pasitoapasito.es\/fr\/wp-json\/wp\/v2\/media?parent=43773"}],"wp:term":[{"taxonomy":"colecciones","embeddable":true,"href":"https:\/\/pasitoapasito.es\/fr\/wp-json\/wp\/v2\/colecciones?post=43773"},{"taxonomy":"product_brand","embeddable":true,"href":"https:\/\/pasitoapasito.es\/fr\/wp-json\/wp\/v2\/product_brand?post=43773"},{"taxonomy":"product_cat","embeddable":true,"href":"https:\/\/pasitoapasito.es\/fr\/wp-json\/wp\/v2\/product_cat?post=43773"},{"taxonomy":"product_tag","embeddable":true,"href":"https:\/\/pasitoapasito.es\/fr\/wp-json\/wp\/v2\/product_tag?post=43773"}],"curies":[{"name":"wp","href":"https:\/\/api.w.org\/{rel}","templated":true}]}}