{"id":43768,"date":"2025-09-25T09:01:28","date_gmt":"2025-09-25T09:01:28","guid":{"rendered":"https:\/\/pasitoapasito.es\/?post_type=product&#038;p=43768"},"modified":"2025-09-25T09:01:28","modified_gmt":"2025-09-25T09:01:28","slug":"chanceliere-mi-saison-cherry-raye","status":"publish","type":"product","link":"https:\/\/pasitoapasito.es\/fr\/produit\/chanceliere-mi-saison-cherry-raye\/","title":{"rendered":"CHANCELIERE MI-SAISON CHERRY RAY\u00c9"},"content":{"rendered":"<p>Housse Cherry Rayas de Pasito a pasito en tissu 100 % coton tr\u00e8s doux, id\u00e9ale pour recouvrir la poussette \u00e9quip\u00e9e d&rsquo;une chanceli\u00e8re. Elle est con\u00e7ue au niveau du dossier avec une couche de tissu respirant qui isole de l&rsquo;humidit\u00e9 et \u00e9vite la transpiration excessive du b\u00e9b\u00e9, rendant la promenade plus confortable. Rembourrage en fibres creuses amovible. Repose-pieds en polyester pour faciliter le nettoyage. Il dispose de plusieurs ouvertures (\u0153illets) et r\u00e9glages pour s&rsquo;adapter \u00e0 la plupart des poussettes, rendant la promenade de votre b\u00e9b\u00e9 s\u00fbre et confortable. C&rsquo;est un design joli, simple et confortable qui cr\u00e9e un nid pour votre b\u00e9b\u00e9 en le gardant bien couvert et prot\u00e9g\u00e9 les jours de vent. La housse s&rsquo;adapte facilement \u00e0 toutes les voitures pour offrir le confort dont vous avez besoin. Finitions de qualit\u00e9. Toutes nos housses sont fabriqu\u00e9es conform\u00e9ment aux normes europ\u00e9ennes les plus strictes, avec des mat\u00e9riaux de haute qualit\u00e9, sans colorants azo\u00efques, phtalates et substances nocives pour la sant\u00e9. Tissu facile \u00e0 nettoyer, lavable en machine \u00e0 30 \u00b0C. Les produits pour b\u00e9b\u00e9s de Pasito a Pasito ont un design tr\u00e8s diff\u00e9rent de tous les autres. Leurs collections se caract\u00e9risent par un travail minutieux, toujours pens\u00e9 d&rsquo;un point de vue pratique. Ils utilisent des mat\u00e9riaux de premi\u00e8re qualit\u00e9 pour souligner l&rsquo;\u00e9l\u00e9gance et l&rsquo;harmonie de chacune de leurs pi\u00e8ces. Nos mod\u00e8les sont exclusifs et ont un style unique, pens\u00e9s pour les mamans modernes qui ont bon go\u00fbt et qui appr\u00e9cient les d\u00e9tails autant que nous. Mat\u00e9riaux : 100 % coton. Taille universelle. TOG 2,5<\/p>\n","protected":false},"excerpt":{"rendered":"<p>Housse Cherry Rayas de Pasito a pasito en tissu 100 % coton tr\u00e8s doux, id\u00e9ale pour recouvrir la poussette \u00e9quip\u00e9e d&rsquo;une chanceli\u00e8re. Elle est con\u00e7ue au niveau du dossier avec une couche de tissu respirant qui isole de l&rsquo;humidit\u00e9 et \u00e9vite la transpiration excessive du b\u00e9b\u00e9, rendant la promenade plus confortable. Rembourrage en fibres creuses [&hellip;]<\/p>\n","protected":false},"featured_media":42975,"comment_status":"closed","ping_status":"closed","template":"","meta":{"_acf_changed":false,"inline_featured_image":false},"colecciones":[352],"product_brand":[],"product_cat":[147],"product_tag":[],"class_list":{"0":"post-43768","1":"product","2":"type-product","3":"status-publish","4":"has-post-thumbnail","6":"colecciones-collection-cherry","7":"product_cat-assises-et-chancelieres-pour-poussette","9":"first","10":"instock","11":"purchasable","12":"product-type-simple"},"acf":[],"yoast_head":"<!-- This site is optimized with the Yoast SEO plugin v27.5 - https:\/\/yoast.com\/product\/yoast-seo-wordpress\/ -->\n<title>CHANCELIERE MI-SAISON CHERRY RAY\u00c9 - Pasito a Pasito<\/title>\n<meta name=\"robots\" content=\"index, follow, max-snippet:-1, max-image-preview:large, max-video-preview:-1\" \/>\n<link rel=\"canonical\" href=\"https:\/\/pasitoapasito.es\/fr\/produit\/chanceliere-mi-saison-cherry-raye\/\" \/>\n<meta property=\"og:locale\" content=\"fr_FR\" \/>\n<meta property=\"og:type\" content=\"article\" \/>\n<meta property=\"og:title\" content=\"CHANCELIERE MI-SAISON CHERRY RAY\u00c9 - Pasito a Pasito\" \/>\n<meta property=\"og:description\" content=\"Housse Cherry Rayas de Pasito a pasito en tissu 100 % coton tr\u00e8s doux, id\u00e9ale pour recouvrir la poussette \u00e9quip\u00e9e d&rsquo;une chanceli\u00e8re. Elle est con\u00e7ue au niveau du dossier avec une couche de tissu respirant qui isole de l&rsquo;humidit\u00e9 et \u00e9vite la transpiration excessive du b\u00e9b\u00e9, rendant la promenade plus confortable. Rembourrage en fibres creuses [&hellip;]\" \/>\n<meta property=\"og:url\" content=\"https:\/\/pasitoapasito.es\/fr\/produit\/chanceliere-mi-saison-cherry-raye\/\" \/>\n<meta property=\"og:site_name\" content=\"Pasito a Pasito\" \/>\n<meta property=\"og:image\" content=\"https:\/\/pasitoapasito.es\/wp-content\/uploads\/2025\/09\/1120900557_a-1.jpg\" \/>\n\t<meta property=\"og:image:width\" content=\"1800\" \/>\n\t<meta property=\"og:image:height\" content=\"1800\" \/>\n\t<meta property=\"og:image:type\" content=\"image\/jpeg\" \/>\n<meta name=\"twitter:card\" content=\"summary_large_image\" \/>\n<meta name=\"twitter:label1\" content=\"Dur\u00e9e de lecture estim\u00e9e\" \/>\n\t<meta name=\"twitter:data1\" content=\"1 minute\" \/>\n<script type=\"application\/ld+json\" class=\"yoast-schema-graph\">{\"@context\":\"https:\\\/\\\/schema.org\",\"@graph\":[{\"@type\":\"WebPage\",\"@id\":\"https:\\\/\\\/pasitoapasito.es\\\/fr\\\/produit\\\/chanceliere-mi-saison-cherry-raye\\\/\",\"url\":\"https:\\\/\\\/pasitoapasito.es\\\/fr\\\/produit\\\/chanceliere-mi-saison-cherry-raye\\\/\",\"name\":\"CHANCELIERE MI-SAISON CHERRY RAY\u00c9 - Pasito a Pasito\",\"isPartOf\":{\"@id\":\"https:\\\/\\\/pasitoapasito.es\\\/fr\\\/#website\"},\"primaryImageOfPage\":{\"@id\":\"https:\\\/\\\/pasitoapasito.es\\\/fr\\\/produit\\\/chanceliere-mi-saison-cherry-raye\\\/#primaryimage\"},\"image\":{\"@id\":\"https:\\\/\\\/pasitoapasito.es\\\/fr\\\/produit\\\/chanceliere-mi-saison-cherry-raye\\\/#primaryimage\"},\"thumbnailUrl\":\"https:\\\/\\\/pasitoapasito.es\\\/wp-content\\\/uploads\\\/2025\\\/09\\\/1120900557_a-1.jpg\",\"datePublished\":\"2025-09-25T09:01:28+00:00\",\"breadcrumb\":{\"@id\":\"https:\\\/\\\/pasitoapasito.es\\\/fr\\\/produit\\\/chanceliere-mi-saison-cherry-raye\\\/#breadcrumb\"},\"inLanguage\":\"fr-FR\",\"potentialAction\":[{\"@type\":\"ReadAction\",\"target\":[\"https:\\\/\\\/pasitoapasito.es\\\/fr\\\/produit\\\/chanceliere-mi-saison-cherry-raye\\\/\"]}]},{\"@type\":\"ImageObject\",\"inLanguage\":\"fr-FR\",\"@id\":\"https:\\\/\\\/pasitoapasito.es\\\/fr\\\/produit\\\/chanceliere-mi-saison-cherry-raye\\\/#primaryimage\",\"url\":\"https:\\\/\\\/pasitoapasito.es\\\/wp-content\\\/uploads\\\/2025\\\/09\\\/1120900557_a-1.jpg\",\"contentUrl\":\"https:\\\/\\\/pasitoapasito.es\\\/wp-content\\\/uploads\\\/2025\\\/09\\\/1120900557_a-1.jpg\",\"width\":1800,\"height\":1800},{\"@type\":\"BreadcrumbList\",\"@id\":\"https:\\\/\\\/pasitoapasito.es\\\/fr\\\/produit\\\/chanceliere-mi-saison-cherry-raye\\\/#breadcrumb\",\"itemListElement\":[{\"@type\":\"ListItem\",\"position\":1,\"name\":\"Tienda\",\"item\":\"https:\\\/\\\/pasitoapasito.es\\\/tienda\\\/\"},{\"@type\":\"ListItem\",\"position\":2,\"name\":\"CHANCELIERE MI-SAISON CHERRY RAY\u00c9\"}]},{\"@type\":\"WebSite\",\"@id\":\"https:\\\/\\\/pasitoapasito.es\\\/fr\\\/#website\",\"url\":\"https:\\\/\\\/pasitoapasito.es\\\/fr\\\/\",\"name\":\"Pasito a Pasito\",\"description\":\"\",\"potentialAction\":[{\"@type\":\"SearchAction\",\"target\":{\"@type\":\"EntryPoint\",\"urlTemplate\":\"https:\\\/\\\/pasitoapasito.es\\\/fr\\\/?s={search_term_string}\"},\"query-input\":{\"@type\":\"PropertyValueSpecification\",\"valueRequired\":true,\"valueName\":\"search_term_string\"}}],\"inLanguage\":\"fr-FR\"}]}<\/script>\n<!-- \/ Yoast SEO plugin. -->","yoast_head_json":{"title":"CHANCELIERE MI-SAISON CHERRY RAY\u00c9 - Pasito a Pasito","robots":{"index":"index","follow":"follow","max-snippet":"max-snippet:-1","max-image-preview":"max-image-preview:large","max-video-preview":"max-video-preview:-1"},"canonical":"https:\/\/pasitoapasito.es\/fr\/produit\/chanceliere-mi-saison-cherry-raye\/","og_locale":"fr_FR","og_type":"article","og_title":"CHANCELIERE MI-SAISON CHERRY RAY\u00c9 - Pasito a Pasito","og_description":"Housse Cherry Rayas de Pasito a pasito en tissu 100 % coton tr\u00e8s doux, id\u00e9ale pour recouvrir la poussette \u00e9quip\u00e9e d&rsquo;une chanceli\u00e8re. Elle est con\u00e7ue au niveau du dossier avec une couche de tissu respirant qui isole de l&rsquo;humidit\u00e9 et \u00e9vite la transpiration excessive du b\u00e9b\u00e9, rendant la promenade plus confortable. Rembourrage en fibres creuses [&hellip;]","og_url":"https:\/\/pasitoapasito.es\/fr\/produit\/chanceliere-mi-saison-cherry-raye\/","og_site_name":"Pasito a Pasito","og_image":[{"width":1800,"height":1800,"url":"https:\/\/pasitoapasito.es\/wp-content\/uploads\/2025\/09\/1120900557_a-1.jpg","type":"image\/jpeg"}],"twitter_card":"summary_large_image","twitter_misc":{"Dur\u00e9e de lecture estim\u00e9e":"1 minute"},"schema":{"@context":"https:\/\/schema.org","@graph":[{"@type":"WebPage","@id":"https:\/\/pasitoapasito.es\/fr\/produit\/chanceliere-mi-saison-cherry-raye\/","url":"https:\/\/pasitoapasito.es\/fr\/produit\/chanceliere-mi-saison-cherry-raye\/","name":"CHANCELIERE MI-SAISON CHERRY RAY\u00c9 - Pasito a Pasito","isPartOf":{"@id":"https:\/\/pasitoapasito.es\/fr\/#website"},"primaryImageOfPage":{"@id":"https:\/\/pasitoapasito.es\/fr\/produit\/chanceliere-mi-saison-cherry-raye\/#primaryimage"},"image":{"@id":"https:\/\/pasitoapasito.es\/fr\/produit\/chanceliere-mi-saison-cherry-raye\/#primaryimage"},"thumbnailUrl":"https:\/\/pasitoapasito.es\/wp-content\/uploads\/2025\/09\/1120900557_a-1.jpg","datePublished":"2025-09-25T09:01:28+00:00","breadcrumb":{"@id":"https:\/\/pasitoapasito.es\/fr\/produit\/chanceliere-mi-saison-cherry-raye\/#breadcrumb"},"inLanguage":"fr-FR","potentialAction":[{"@type":"ReadAction","target":["https:\/\/pasitoapasito.es\/fr\/produit\/chanceliere-mi-saison-cherry-raye\/"]}]},{"@type":"ImageObject","inLanguage":"fr-FR","@id":"https:\/\/pasitoapasito.es\/fr\/produit\/chanceliere-mi-saison-cherry-raye\/#primaryimage","url":"https:\/\/pasitoapasito.es\/wp-content\/uploads\/2025\/09\/1120900557_a-1.jpg","contentUrl":"https:\/\/pasitoapasito.es\/wp-content\/uploads\/2025\/09\/1120900557_a-1.jpg","width":1800,"height":1800},{"@type":"BreadcrumbList","@id":"https:\/\/pasitoapasito.es\/fr\/produit\/chanceliere-mi-saison-cherry-raye\/#breadcrumb","itemListElement":[{"@type":"ListItem","position":1,"name":"Tienda","item":"https:\/\/pasitoapasito.es\/tienda\/"},{"@type":"ListItem","position":2,"name":"CHANCELIERE MI-SAISON CHERRY RAY\u00c9"}]},{"@type":"WebSite","@id":"https:\/\/pasitoapasito.es\/fr\/#website","url":"https:\/\/pasitoapasito.es\/fr\/","name":"Pasito a Pasito","description":"","potentialAction":[{"@type":"SearchAction","target":{"@type":"EntryPoint","urlTemplate":"https:\/\/pasitoapasito.es\/fr\/?s={search_term_string}"},"query-input":{"@type":"PropertyValueSpecification","valueRequired":true,"valueName":"search_term_string"}}],"inLanguage":"fr-FR"}]}},"_links":{"self":[{"href":"https:\/\/pasitoapasito.es\/fr\/wp-json\/wp\/v2\/product\/43768","targetHints":{"allow":["GET"]}}],"collection":[{"href":"https:\/\/pasitoapasito.es\/fr\/wp-json\/wp\/v2\/product"}],"about":[{"href":"https:\/\/pasitoapasito.es\/fr\/wp-json\/wp\/v2\/types\/product"}],"replies":[{"embeddable":true,"href":"https:\/\/pasitoapasito.es\/fr\/wp-json\/wp\/v2\/comments?post=43768"}],"wp:featuredmedia":[{"embeddable":true,"href":"https:\/\/pasitoapasito.es\/fr\/wp-json\/wp\/v2\/media\/42975"}],"wp:attachment":[{"href":"https:\/\/pasitoapasito.es\/fr\/wp-json\/wp\/v2\/media?parent=43768"}],"wp:term":[{"taxonomy":"colecciones","embeddable":true,"href":"https:\/\/pasitoapasito.es\/fr\/wp-json\/wp\/v2\/colecciones?post=43768"},{"taxonomy":"product_brand","embeddable":true,"href":"https:\/\/pasitoapasito.es\/fr\/wp-json\/wp\/v2\/product_brand?post=43768"},{"taxonomy":"product_cat","embeddable":true,"href":"https:\/\/pasitoapasito.es\/fr\/wp-json\/wp\/v2\/product_cat?post=43768"},{"taxonomy":"product_tag","embeddable":true,"href":"https:\/\/pasitoapasito.es\/fr\/wp-json\/wp\/v2\/product_tag?post=43768"}],"curies":[{"name":"wp","href":"https:\/\/api.w.org\/{rel}","templated":true}]}}