{"id":43766,"date":"2025-09-25T09:01:34","date_gmt":"2025-09-25T09:01:34","guid":{"rendered":"https:\/\/pasitoapasito.es\/?post_type=product&#038;p=43766"},"modified":"2025-09-25T09:01:34","modified_gmt":"2025-09-25T09:01:34","slug":"nid-dange-couverture-cherry-raye","status":"publish","type":"product","link":"https:\/\/pasitoapasito.es\/fr\/produit\/nid-dange-couverture-cherry-raye\/","title":{"rendered":"NID D&rsquo;ANGE \/COUVERTURE CHERRY RAY\u00c9"},"content":{"rendered":"<p>Doudou ou couverture Cherry Rayas de Pasito a pasito. Il est fabriqu\u00e9 en mousseline douce \u00e0 rayures 100 % coton \u00e0 l&rsquo;ext\u00e9rieur et en mousseline lisse 70 % bambou et 30 % coton \u00e0 l&rsquo;int\u00e9rieur. Id\u00e9al pour les premiers jours du b\u00e9b\u00e9. Il est parfait pour les premi\u00e8res promenades dans la nacelle. Se transforme en couverture pour le berceau. Fermeture pratique de type enveloppe avec des liens et fermeture \u00e0 glissi\u00e8re dans la partie inf\u00e9rieure au niveau des pieds pour que b\u00e9b\u00e9 reste bien au chaud. Grande qualit\u00e9 et beaucoup de style. Toutes nos housses sont fabriqu\u00e9es conform\u00e9ment aux normes europ\u00e9ennes les plus strictes, avec des mat\u00e9riaux de grande qualit\u00e9, sans colorants azo\u00efques, phtalates et substances nocives pour la sant\u00e9. Tissu facile \u00e0 nettoyer, lavable en machine \u00e0 30 \u00b0C. Les produits pour b\u00e9b\u00e9s de Pasito a Pasito ont un design tr\u00e8s diff\u00e9rent de tous les autres. Leurs collections se caract\u00e9risent par un travail minutieux, toujours pens\u00e9 d&rsquo;un point de vue pratique. Ils utilisent des mat\u00e9riaux de premi\u00e8re qualit\u00e9 pour souligner l&rsquo;\u00e9l\u00e9gance et l&rsquo;harmonie de chacune de leurs pi\u00e8ces. Nos mod\u00e8les sont exclusifs et ont un style unique, pens\u00e9s pour les m\u00e8res modernes qui ont bon go\u00fbt et qui appr\u00e9cient les d\u00e9tails autant que nous.  Sp\u00e9cifications : Mat\u00e9riaux : 100 % coton. Universel.<\/p>\n","protected":false},"excerpt":{"rendered":"<p>Doudou ou couverture Cherry Rayas de Pasito a pasito. Il est fabriqu\u00e9 en mousseline douce \u00e0 rayures 100 % coton \u00e0 l&rsquo;ext\u00e9rieur et en mousseline lisse 70 % bambou et 30 % coton \u00e0 l&rsquo;int\u00e9rieur. Id\u00e9al pour les premiers jours du b\u00e9b\u00e9. Il est parfait pour les premi\u00e8res promenades dans la nacelle. Se transforme en [&hellip;]<\/p>\n","protected":false},"featured_media":42945,"comment_status":"closed","ping_status":"closed","template":"","meta":{"_acf_changed":false,"inline_featured_image":false},"colecciones":[352],"product_brand":[],"product_cat":[144],"product_tag":[],"class_list":{"0":"post-43766","1":"product","2":"type-product","3":"status-publish","4":"has-post-thumbnail","6":"colecciones-collection-cherry","7":"product_cat-housses-pour-nacelle-et-nids-dange","9":"first","10":"instock","11":"purchasable","12":"product-type-simple"},"acf":[],"yoast_head":"<!-- This site is optimized with the Yoast SEO plugin v27.5 - https:\/\/yoast.com\/product\/yoast-seo-wordpress\/ -->\n<title>NID D&#039;ANGE \/COUVERTURE CHERRY RAY\u00c9 - Pasito a Pasito<\/title>\n<meta name=\"robots\" content=\"index, follow, max-snippet:-1, max-image-preview:large, max-video-preview:-1\" \/>\n<link rel=\"canonical\" href=\"https:\/\/pasitoapasito.es\/fr\/produit\/nid-dange-couverture-cherry-raye\/\" \/>\n<meta property=\"og:locale\" content=\"fr_FR\" \/>\n<meta property=\"og:type\" content=\"article\" \/>\n<meta property=\"og:title\" content=\"NID D&#039;ANGE \/COUVERTURE CHERRY RAY\u00c9 - Pasito a Pasito\" \/>\n<meta property=\"og:description\" content=\"Doudou ou couverture Cherry Rayas de Pasito a pasito. Il est fabriqu\u00e9 en mousseline douce \u00e0 rayures 100 % coton \u00e0 l&rsquo;ext\u00e9rieur et en mousseline lisse 70 % bambou et 30 % coton \u00e0 l&rsquo;int\u00e9rieur. Id\u00e9al pour les premiers jours du b\u00e9b\u00e9. Il est parfait pour les premi\u00e8res promenades dans la nacelle. Se transforme en [&hellip;]\" \/>\n<meta property=\"og:url\" content=\"https:\/\/pasitoapasito.es\/fr\/produit\/nid-dange-couverture-cherry-raye\/\" \/>\n<meta property=\"og:site_name\" content=\"Pasito a Pasito\" \/>\n<meta property=\"og:image\" content=\"https:\/\/pasitoapasito.es\/wp-content\/uploads\/2025\/09\/1120900555_a-1.jpg\" \/>\n\t<meta property=\"og:image:width\" content=\"1800\" \/>\n\t<meta property=\"og:image:height\" content=\"1800\" \/>\n\t<meta property=\"og:image:type\" content=\"image\/jpeg\" \/>\n<meta name=\"twitter:card\" content=\"summary_large_image\" \/>\n<meta name=\"twitter:label1\" content=\"Dur\u00e9e de lecture estim\u00e9e\" \/>\n\t<meta name=\"twitter:data1\" content=\"1 minute\" \/>\n<script type=\"application\/ld+json\" class=\"yoast-schema-graph\">{\"@context\":\"https:\\\/\\\/schema.org\",\"@graph\":[{\"@type\":\"WebPage\",\"@id\":\"https:\\\/\\\/pasitoapasito.es\\\/fr\\\/produit\\\/nid-dange-couverture-cherry-raye\\\/\",\"url\":\"https:\\\/\\\/pasitoapasito.es\\\/fr\\\/produit\\\/nid-dange-couverture-cherry-raye\\\/\",\"name\":\"NID D'ANGE \\\/COUVERTURE CHERRY RAY\u00c9 - Pasito a Pasito\",\"isPartOf\":{\"@id\":\"https:\\\/\\\/pasitoapasito.es\\\/fr\\\/#website\"},\"primaryImageOfPage\":{\"@id\":\"https:\\\/\\\/pasitoapasito.es\\\/fr\\\/produit\\\/nid-dange-couverture-cherry-raye\\\/#primaryimage\"},\"image\":{\"@id\":\"https:\\\/\\\/pasitoapasito.es\\\/fr\\\/produit\\\/nid-dange-couverture-cherry-raye\\\/#primaryimage\"},\"thumbnailUrl\":\"https:\\\/\\\/pasitoapasito.es\\\/wp-content\\\/uploads\\\/2025\\\/09\\\/1120900555_a-1.jpg\",\"datePublished\":\"2025-09-25T09:01:34+00:00\",\"breadcrumb\":{\"@id\":\"https:\\\/\\\/pasitoapasito.es\\\/fr\\\/produit\\\/nid-dange-couverture-cherry-raye\\\/#breadcrumb\"},\"inLanguage\":\"fr-FR\",\"potentialAction\":[{\"@type\":\"ReadAction\",\"target\":[\"https:\\\/\\\/pasitoapasito.es\\\/fr\\\/produit\\\/nid-dange-couverture-cherry-raye\\\/\"]}]},{\"@type\":\"ImageObject\",\"inLanguage\":\"fr-FR\",\"@id\":\"https:\\\/\\\/pasitoapasito.es\\\/fr\\\/produit\\\/nid-dange-couverture-cherry-raye\\\/#primaryimage\",\"url\":\"https:\\\/\\\/pasitoapasito.es\\\/wp-content\\\/uploads\\\/2025\\\/09\\\/1120900555_a-1.jpg\",\"contentUrl\":\"https:\\\/\\\/pasitoapasito.es\\\/wp-content\\\/uploads\\\/2025\\\/09\\\/1120900555_a-1.jpg\",\"width\":1800,\"height\":1800},{\"@type\":\"BreadcrumbList\",\"@id\":\"https:\\\/\\\/pasitoapasito.es\\\/fr\\\/produit\\\/nid-dange-couverture-cherry-raye\\\/#breadcrumb\",\"itemListElement\":[{\"@type\":\"ListItem\",\"position\":1,\"name\":\"Tienda\",\"item\":\"https:\\\/\\\/pasitoapasito.es\\\/tienda\\\/\"},{\"@type\":\"ListItem\",\"position\":2,\"name\":\"NID D&#8217;ANGE \\\/COUVERTURE CHERRY RAY\u00c9\"}]},{\"@type\":\"WebSite\",\"@id\":\"https:\\\/\\\/pasitoapasito.es\\\/fr\\\/#website\",\"url\":\"https:\\\/\\\/pasitoapasito.es\\\/fr\\\/\",\"name\":\"Pasito a Pasito\",\"description\":\"\",\"potentialAction\":[{\"@type\":\"SearchAction\",\"target\":{\"@type\":\"EntryPoint\",\"urlTemplate\":\"https:\\\/\\\/pasitoapasito.es\\\/fr\\\/?s={search_term_string}\"},\"query-input\":{\"@type\":\"PropertyValueSpecification\",\"valueRequired\":true,\"valueName\":\"search_term_string\"}}],\"inLanguage\":\"fr-FR\"}]}<\/script>\n<!-- \/ Yoast SEO plugin. -->","yoast_head_json":{"title":"NID D'ANGE \/COUVERTURE CHERRY RAY\u00c9 - Pasito a Pasito","robots":{"index":"index","follow":"follow","max-snippet":"max-snippet:-1","max-image-preview":"max-image-preview:large","max-video-preview":"max-video-preview:-1"},"canonical":"https:\/\/pasitoapasito.es\/fr\/produit\/nid-dange-couverture-cherry-raye\/","og_locale":"fr_FR","og_type":"article","og_title":"NID D'ANGE \/COUVERTURE CHERRY RAY\u00c9 - Pasito a Pasito","og_description":"Doudou ou couverture Cherry Rayas de Pasito a pasito. Il est fabriqu\u00e9 en mousseline douce \u00e0 rayures 100 % coton \u00e0 l&rsquo;ext\u00e9rieur et en mousseline lisse 70 % bambou et 30 % coton \u00e0 l&rsquo;int\u00e9rieur. Id\u00e9al pour les premiers jours du b\u00e9b\u00e9. Il est parfait pour les premi\u00e8res promenades dans la nacelle. Se transforme en [&hellip;]","og_url":"https:\/\/pasitoapasito.es\/fr\/produit\/nid-dange-couverture-cherry-raye\/","og_site_name":"Pasito a Pasito","og_image":[{"width":1800,"height":1800,"url":"https:\/\/pasitoapasito.es\/wp-content\/uploads\/2025\/09\/1120900555_a-1.jpg","type":"image\/jpeg"}],"twitter_card":"summary_large_image","twitter_misc":{"Dur\u00e9e de lecture estim\u00e9e":"1 minute"},"schema":{"@context":"https:\/\/schema.org","@graph":[{"@type":"WebPage","@id":"https:\/\/pasitoapasito.es\/fr\/produit\/nid-dange-couverture-cherry-raye\/","url":"https:\/\/pasitoapasito.es\/fr\/produit\/nid-dange-couverture-cherry-raye\/","name":"NID D'ANGE \/COUVERTURE CHERRY RAY\u00c9 - Pasito a Pasito","isPartOf":{"@id":"https:\/\/pasitoapasito.es\/fr\/#website"},"primaryImageOfPage":{"@id":"https:\/\/pasitoapasito.es\/fr\/produit\/nid-dange-couverture-cherry-raye\/#primaryimage"},"image":{"@id":"https:\/\/pasitoapasito.es\/fr\/produit\/nid-dange-couverture-cherry-raye\/#primaryimage"},"thumbnailUrl":"https:\/\/pasitoapasito.es\/wp-content\/uploads\/2025\/09\/1120900555_a-1.jpg","datePublished":"2025-09-25T09:01:34+00:00","breadcrumb":{"@id":"https:\/\/pasitoapasito.es\/fr\/produit\/nid-dange-couverture-cherry-raye\/#breadcrumb"},"inLanguage":"fr-FR","potentialAction":[{"@type":"ReadAction","target":["https:\/\/pasitoapasito.es\/fr\/produit\/nid-dange-couverture-cherry-raye\/"]}]},{"@type":"ImageObject","inLanguage":"fr-FR","@id":"https:\/\/pasitoapasito.es\/fr\/produit\/nid-dange-couverture-cherry-raye\/#primaryimage","url":"https:\/\/pasitoapasito.es\/wp-content\/uploads\/2025\/09\/1120900555_a-1.jpg","contentUrl":"https:\/\/pasitoapasito.es\/wp-content\/uploads\/2025\/09\/1120900555_a-1.jpg","width":1800,"height":1800},{"@type":"BreadcrumbList","@id":"https:\/\/pasitoapasito.es\/fr\/produit\/nid-dange-couverture-cherry-raye\/#breadcrumb","itemListElement":[{"@type":"ListItem","position":1,"name":"Tienda","item":"https:\/\/pasitoapasito.es\/tienda\/"},{"@type":"ListItem","position":2,"name":"NID D&#8217;ANGE \/COUVERTURE CHERRY RAY\u00c9"}]},{"@type":"WebSite","@id":"https:\/\/pasitoapasito.es\/fr\/#website","url":"https:\/\/pasitoapasito.es\/fr\/","name":"Pasito a Pasito","description":"","potentialAction":[{"@type":"SearchAction","target":{"@type":"EntryPoint","urlTemplate":"https:\/\/pasitoapasito.es\/fr\/?s={search_term_string}"},"query-input":{"@type":"PropertyValueSpecification","valueRequired":true,"valueName":"search_term_string"}}],"inLanguage":"fr-FR"}]}},"_links":{"self":[{"href":"https:\/\/pasitoapasito.es\/fr\/wp-json\/wp\/v2\/product\/43766","targetHints":{"allow":["GET"]}}],"collection":[{"href":"https:\/\/pasitoapasito.es\/fr\/wp-json\/wp\/v2\/product"}],"about":[{"href":"https:\/\/pasitoapasito.es\/fr\/wp-json\/wp\/v2\/types\/product"}],"replies":[{"embeddable":true,"href":"https:\/\/pasitoapasito.es\/fr\/wp-json\/wp\/v2\/comments?post=43766"}],"wp:featuredmedia":[{"embeddable":true,"href":"https:\/\/pasitoapasito.es\/fr\/wp-json\/wp\/v2\/media\/42945"}],"wp:attachment":[{"href":"https:\/\/pasitoapasito.es\/fr\/wp-json\/wp\/v2\/media?parent=43766"}],"wp:term":[{"taxonomy":"colecciones","embeddable":true,"href":"https:\/\/pasitoapasito.es\/fr\/wp-json\/wp\/v2\/colecciones?post=43766"},{"taxonomy":"product_brand","embeddable":true,"href":"https:\/\/pasitoapasito.es\/fr\/wp-json\/wp\/v2\/product_brand?post=43766"},{"taxonomy":"product_cat","embeddable":true,"href":"https:\/\/pasitoapasito.es\/fr\/wp-json\/wp\/v2\/product_cat?post=43766"},{"taxonomy":"product_tag","embeddable":true,"href":"https:\/\/pasitoapasito.es\/fr\/wp-json\/wp\/v2\/product_tag?post=43766"}],"curies":[{"name":"wp","href":"https:\/\/api.w.org\/{rel}","templated":true}]}}