{"id":43761,"date":"2025-09-25T09:01:33","date_gmt":"2025-09-25T09:01:33","guid":{"rendered":"https:\/\/pasitoapasito.es\/?post_type=product&#038;p=43761"},"modified":"2025-09-25T09:01:33","modified_gmt":"2025-09-25T09:01:33","slug":"trousse-de-toilette-cherry-fleurs","status":"publish","type":"product","link":"https:\/\/pasitoapasito.es\/fr\/produit\/trousse-de-toilette-cherry-fleurs\/","title":{"rendered":"TROUSSE DE TOILETTE CHERRY FLEURS"},"content":{"rendered":"<p>La trousse de toilette pour b\u00e9b\u00e9 Cherry Flores de Pasito a pasito, fabriqu\u00e9e en toile de coton 100 % avec un d\u00e9licat imprim\u00e9 floral, est un petit sac sp\u00e9cialement con\u00e7u pour transporter tous les produits de toilette de votre b\u00e9b\u00e9 lorsque vous quittez la maison. C&rsquo;est un mod\u00e8le unique et tr\u00e8s \u00e9l\u00e9gant qui s&rsquo;adapte \u00e0 vos besoins. Son design joli, simple et pratique offre un espace r\u00e9duit mais suffisant pour transporter tout ce dont vous avez besoin pour l&rsquo;hygi\u00e8ne de votre b\u00e9b\u00e9 : peigne, lotions et autres petits objets qui, en raison de leur taille, se perdent souvent dans le sac \u00e0 langer . Il est dot\u00e9 d&rsquo;une fermeture \u00e0 glissi\u00e8re facile \u00e0 ouvrir. Finitions de qualit\u00e9. Il est fabriqu\u00e9 avec des mat\u00e9riaux de haute qualit\u00e9, sans colorants azo\u00efques, phtalates et substances nocives pour la sant\u00e9. Il peut \u00e9galement \u00eatre lav\u00e9 \u00e0 la main ou en machine \u00e0 des temp\u00e9ratures allant jusqu&rsquo;\u00e0 30 \u00b0C. Les produits pour b\u00e9b\u00e9s de Pasito a Pasito ont un design tr\u00e8s diff\u00e9rent de tous les autres. Leurs collections se caract\u00e9risent par un travail minutieux, toujours pens\u00e9 d&rsquo;un point de vue pratique. Ils utilisent des mat\u00e9riaux de premi\u00e8re qualit\u00e9 pour souligner l&rsquo;\u00e9l\u00e9gance et l&rsquo;harmonie de chacune de leurs pi\u00e8ces. Nos mod\u00e8les sont exclusifs et ont un style unique, pens\u00e9s pour les m\u00e8res modernes qui ont bon go\u00fbt et qui appr\u00e9cient les d\u00e9tails autant que nous. Sp\u00e9cifications : Mat\u00e9riaux : 100 % coton \/ int\u00e9rieur 100 % PVC.  Dimensions : 23 x 17 x 10 cm.<\/p>\n","protected":false},"excerpt":{"rendered":"<p>La trousse de toilette pour b\u00e9b\u00e9 Cherry Flores de Pasito a pasito, fabriqu\u00e9e en toile de coton 100 % avec un d\u00e9licat imprim\u00e9 floral, est un petit sac sp\u00e9cialement con\u00e7u pour transporter tous les produits de toilette de votre b\u00e9b\u00e9 lorsque vous quittez la maison. C&rsquo;est un mod\u00e8le unique et tr\u00e8s \u00e9l\u00e9gant qui s&rsquo;adapte \u00e0 [&hellip;]<\/p>\n","protected":false},"featured_media":42864,"comment_status":"closed","ping_status":"closed","template":"","meta":{"_acf_changed":false,"inline_featured_image":false},"colecciones":[352],"product_brand":[],"product_cat":[138],"product_tag":[],"class_list":{"0":"post-43761","1":"product","2":"type-product","3":"status-publish","4":"has-post-thumbnail","6":"colecciones-collection-cherry","7":"product_cat-accessoires","9":"first","10":"instock","11":"purchasable","12":"product-type-simple"},"acf":[],"yoast_head":"<!-- This site is optimized with the Yoast SEO plugin v27.5 - https:\/\/yoast.com\/product\/yoast-seo-wordpress\/ -->\n<title>TROUSSE DE TOILETTE CHERRY FLEURS - Pasito a Pasito<\/title>\n<meta name=\"robots\" content=\"index, follow, max-snippet:-1, max-image-preview:large, max-video-preview:-1\" \/>\n<link rel=\"canonical\" href=\"https:\/\/pasitoapasito.es\/fr\/produit\/trousse-de-toilette-cherry-fleurs\/\" \/>\n<meta property=\"og:locale\" content=\"fr_FR\" \/>\n<meta property=\"og:type\" content=\"article\" \/>\n<meta property=\"og:title\" content=\"TROUSSE DE TOILETTE CHERRY FLEURS - Pasito a Pasito\" \/>\n<meta property=\"og:description\" content=\"La trousse de toilette pour b\u00e9b\u00e9 Cherry Flores de Pasito a pasito, fabriqu\u00e9e en toile de coton 100 % avec un d\u00e9licat imprim\u00e9 floral, est un petit sac sp\u00e9cialement con\u00e7u pour transporter tous les produits de toilette de votre b\u00e9b\u00e9 lorsque vous quittez la maison. C&rsquo;est un mod\u00e8le unique et tr\u00e8s \u00e9l\u00e9gant qui s&rsquo;adapte \u00e0 [&hellip;]\" \/>\n<meta property=\"og:url\" content=\"https:\/\/pasitoapasito.es\/fr\/produit\/trousse-de-toilette-cherry-fleurs\/\" \/>\n<meta property=\"og:site_name\" content=\"Pasito a Pasito\" \/>\n<meta property=\"og:image\" content=\"https:\/\/pasitoapasito.es\/wp-content\/uploads\/2025\/09\/1120900547_a-1.jpg\" \/>\n\t<meta property=\"og:image:width\" content=\"1800\" \/>\n\t<meta property=\"og:image:height\" content=\"1800\" \/>\n\t<meta property=\"og:image:type\" content=\"image\/jpeg\" \/>\n<meta name=\"twitter:card\" content=\"summary_large_image\" \/>\n<meta name=\"twitter:label1\" content=\"Dur\u00e9e de lecture estim\u00e9e\" \/>\n\t<meta name=\"twitter:data1\" content=\"1 minute\" \/>\n<script type=\"application\/ld+json\" class=\"yoast-schema-graph\">{\"@context\":\"https:\\\/\\\/schema.org\",\"@graph\":[{\"@type\":\"WebPage\",\"@id\":\"https:\\\/\\\/pasitoapasito.es\\\/fr\\\/produit\\\/trousse-de-toilette-cherry-fleurs\\\/\",\"url\":\"https:\\\/\\\/pasitoapasito.es\\\/fr\\\/produit\\\/trousse-de-toilette-cherry-fleurs\\\/\",\"name\":\"TROUSSE DE TOILETTE CHERRY FLEURS - Pasito a Pasito\",\"isPartOf\":{\"@id\":\"https:\\\/\\\/pasitoapasito.es\\\/fr\\\/#website\"},\"primaryImageOfPage\":{\"@id\":\"https:\\\/\\\/pasitoapasito.es\\\/fr\\\/produit\\\/trousse-de-toilette-cherry-fleurs\\\/#primaryimage\"},\"image\":{\"@id\":\"https:\\\/\\\/pasitoapasito.es\\\/fr\\\/produit\\\/trousse-de-toilette-cherry-fleurs\\\/#primaryimage\"},\"thumbnailUrl\":\"https:\\\/\\\/pasitoapasito.es\\\/wp-content\\\/uploads\\\/2025\\\/09\\\/1120900547_a-1.jpg\",\"datePublished\":\"2025-09-25T09:01:33+00:00\",\"breadcrumb\":{\"@id\":\"https:\\\/\\\/pasitoapasito.es\\\/fr\\\/produit\\\/trousse-de-toilette-cherry-fleurs\\\/#breadcrumb\"},\"inLanguage\":\"fr-FR\",\"potentialAction\":[{\"@type\":\"ReadAction\",\"target\":[\"https:\\\/\\\/pasitoapasito.es\\\/fr\\\/produit\\\/trousse-de-toilette-cherry-fleurs\\\/\"]}]},{\"@type\":\"ImageObject\",\"inLanguage\":\"fr-FR\",\"@id\":\"https:\\\/\\\/pasitoapasito.es\\\/fr\\\/produit\\\/trousse-de-toilette-cherry-fleurs\\\/#primaryimage\",\"url\":\"https:\\\/\\\/pasitoapasito.es\\\/wp-content\\\/uploads\\\/2025\\\/09\\\/1120900547_a-1.jpg\",\"contentUrl\":\"https:\\\/\\\/pasitoapasito.es\\\/wp-content\\\/uploads\\\/2025\\\/09\\\/1120900547_a-1.jpg\",\"width\":1800,\"height\":1800},{\"@type\":\"BreadcrumbList\",\"@id\":\"https:\\\/\\\/pasitoapasito.es\\\/fr\\\/produit\\\/trousse-de-toilette-cherry-fleurs\\\/#breadcrumb\",\"itemListElement\":[{\"@type\":\"ListItem\",\"position\":1,\"name\":\"Tienda\",\"item\":\"https:\\\/\\\/pasitoapasito.es\\\/tienda\\\/\"},{\"@type\":\"ListItem\",\"position\":2,\"name\":\"TROUSSE DE TOILETTE CHERRY FLEURS\"}]},{\"@type\":\"WebSite\",\"@id\":\"https:\\\/\\\/pasitoapasito.es\\\/fr\\\/#website\",\"url\":\"https:\\\/\\\/pasitoapasito.es\\\/fr\\\/\",\"name\":\"Pasito a Pasito\",\"description\":\"\",\"potentialAction\":[{\"@type\":\"SearchAction\",\"target\":{\"@type\":\"EntryPoint\",\"urlTemplate\":\"https:\\\/\\\/pasitoapasito.es\\\/fr\\\/?s={search_term_string}\"},\"query-input\":{\"@type\":\"PropertyValueSpecification\",\"valueRequired\":true,\"valueName\":\"search_term_string\"}}],\"inLanguage\":\"fr-FR\"}]}<\/script>\n<!-- \/ Yoast SEO plugin. -->","yoast_head_json":{"title":"TROUSSE DE TOILETTE CHERRY FLEURS - Pasito a Pasito","robots":{"index":"index","follow":"follow","max-snippet":"max-snippet:-1","max-image-preview":"max-image-preview:large","max-video-preview":"max-video-preview:-1"},"canonical":"https:\/\/pasitoapasito.es\/fr\/produit\/trousse-de-toilette-cherry-fleurs\/","og_locale":"fr_FR","og_type":"article","og_title":"TROUSSE DE TOILETTE CHERRY FLEURS - Pasito a Pasito","og_description":"La trousse de toilette pour b\u00e9b\u00e9 Cherry Flores de Pasito a pasito, fabriqu\u00e9e en toile de coton 100 % avec un d\u00e9licat imprim\u00e9 floral, est un petit sac sp\u00e9cialement con\u00e7u pour transporter tous les produits de toilette de votre b\u00e9b\u00e9 lorsque vous quittez la maison. C&rsquo;est un mod\u00e8le unique et tr\u00e8s \u00e9l\u00e9gant qui s&rsquo;adapte \u00e0 [&hellip;]","og_url":"https:\/\/pasitoapasito.es\/fr\/produit\/trousse-de-toilette-cherry-fleurs\/","og_site_name":"Pasito a Pasito","og_image":[{"width":1800,"height":1800,"url":"https:\/\/pasitoapasito.es\/wp-content\/uploads\/2025\/09\/1120900547_a-1.jpg","type":"image\/jpeg"}],"twitter_card":"summary_large_image","twitter_misc":{"Dur\u00e9e de lecture estim\u00e9e":"1 minute"},"schema":{"@context":"https:\/\/schema.org","@graph":[{"@type":"WebPage","@id":"https:\/\/pasitoapasito.es\/fr\/produit\/trousse-de-toilette-cherry-fleurs\/","url":"https:\/\/pasitoapasito.es\/fr\/produit\/trousse-de-toilette-cherry-fleurs\/","name":"TROUSSE DE TOILETTE CHERRY FLEURS - Pasito a Pasito","isPartOf":{"@id":"https:\/\/pasitoapasito.es\/fr\/#website"},"primaryImageOfPage":{"@id":"https:\/\/pasitoapasito.es\/fr\/produit\/trousse-de-toilette-cherry-fleurs\/#primaryimage"},"image":{"@id":"https:\/\/pasitoapasito.es\/fr\/produit\/trousse-de-toilette-cherry-fleurs\/#primaryimage"},"thumbnailUrl":"https:\/\/pasitoapasito.es\/wp-content\/uploads\/2025\/09\/1120900547_a-1.jpg","datePublished":"2025-09-25T09:01:33+00:00","breadcrumb":{"@id":"https:\/\/pasitoapasito.es\/fr\/produit\/trousse-de-toilette-cherry-fleurs\/#breadcrumb"},"inLanguage":"fr-FR","potentialAction":[{"@type":"ReadAction","target":["https:\/\/pasitoapasito.es\/fr\/produit\/trousse-de-toilette-cherry-fleurs\/"]}]},{"@type":"ImageObject","inLanguage":"fr-FR","@id":"https:\/\/pasitoapasito.es\/fr\/produit\/trousse-de-toilette-cherry-fleurs\/#primaryimage","url":"https:\/\/pasitoapasito.es\/wp-content\/uploads\/2025\/09\/1120900547_a-1.jpg","contentUrl":"https:\/\/pasitoapasito.es\/wp-content\/uploads\/2025\/09\/1120900547_a-1.jpg","width":1800,"height":1800},{"@type":"BreadcrumbList","@id":"https:\/\/pasitoapasito.es\/fr\/produit\/trousse-de-toilette-cherry-fleurs\/#breadcrumb","itemListElement":[{"@type":"ListItem","position":1,"name":"Tienda","item":"https:\/\/pasitoapasito.es\/tienda\/"},{"@type":"ListItem","position":2,"name":"TROUSSE DE TOILETTE CHERRY FLEURS"}]},{"@type":"WebSite","@id":"https:\/\/pasitoapasito.es\/fr\/#website","url":"https:\/\/pasitoapasito.es\/fr\/","name":"Pasito a Pasito","description":"","potentialAction":[{"@type":"SearchAction","target":{"@type":"EntryPoint","urlTemplate":"https:\/\/pasitoapasito.es\/fr\/?s={search_term_string}"},"query-input":{"@type":"PropertyValueSpecification","valueRequired":true,"valueName":"search_term_string"}}],"inLanguage":"fr-FR"}]}},"_links":{"self":[{"href":"https:\/\/pasitoapasito.es\/fr\/wp-json\/wp\/v2\/product\/43761","targetHints":{"allow":["GET"]}}],"collection":[{"href":"https:\/\/pasitoapasito.es\/fr\/wp-json\/wp\/v2\/product"}],"about":[{"href":"https:\/\/pasitoapasito.es\/fr\/wp-json\/wp\/v2\/types\/product"}],"replies":[{"embeddable":true,"href":"https:\/\/pasitoapasito.es\/fr\/wp-json\/wp\/v2\/comments?post=43761"}],"wp:featuredmedia":[{"embeddable":true,"href":"https:\/\/pasitoapasito.es\/fr\/wp-json\/wp\/v2\/media\/42864"}],"wp:attachment":[{"href":"https:\/\/pasitoapasito.es\/fr\/wp-json\/wp\/v2\/media?parent=43761"}],"wp:term":[{"taxonomy":"colecciones","embeddable":true,"href":"https:\/\/pasitoapasito.es\/fr\/wp-json\/wp\/v2\/colecciones?post=43761"},{"taxonomy":"product_brand","embeddable":true,"href":"https:\/\/pasitoapasito.es\/fr\/wp-json\/wp\/v2\/product_brand?post=43761"},{"taxonomy":"product_cat","embeddable":true,"href":"https:\/\/pasitoapasito.es\/fr\/wp-json\/wp\/v2\/product_cat?post=43761"},{"taxonomy":"product_tag","embeddable":true,"href":"https:\/\/pasitoapasito.es\/fr\/wp-json\/wp\/v2\/product_tag?post=43761"}],"curies":[{"name":"wp","href":"https:\/\/api.w.org\/{rel}","templated":true}]}}