{"id":43756,"date":"2025-09-25T09:01:32","date_gmt":"2025-09-25T09:01:32","guid":{"rendered":"https:\/\/pasitoapasito.es\/?post_type=product&#038;p=43756"},"modified":"2025-09-25T09:01:33","modified_gmt":"2025-09-25T09:01:33","slug":"valise-cherry-fleurs","status":"publish","type":"product","link":"https:\/\/pasitoapasito.es\/fr\/produit\/valise-cherry-fleurs\/","title":{"rendered":"VALISE CHERRY FLEURS"},"content":{"rendered":"<p>La valise pour b\u00e9b\u00e9 Cherry Flores de Pasito a pasito est le sac id\u00e9al pour l&rsquo;h\u00f4pital\/la clinique, un mod\u00e8le unique et tr\u00e8s \u00e9l\u00e9gant sp\u00e9cialement con\u00e7u pour que vous puissiez emporter tout ce dont vous avez besoin pour vous, le papa et le b\u00e9b\u00e9. Elle est fabriqu\u00e9e en toile de coton 100 % avec un d\u00e9licat imprim\u00e9 floral. Son traitement imperm\u00e9able la rend r\u00e9sistante \u00e0 l&rsquo;eau, garantissant protection et durabilit\u00e9 au quotidien. Sa forme rectangulaire est pratique pour ranger tout ce dont vous avez besoin (v\u00eatements de rechange ou accessoires) le jour de la naissance du b\u00e9b\u00e9. Son design simple, moderne et pratique offre une grande capacit\u00e9 pour transporter beaucoup de choses et s&rsquo;ouvre facilement pour trouver rapidement ce que vous cherchez. Elle est \u00e9quip\u00e9e d&rsquo;une longue bandouli\u00e8re pour la porter \u00e0 l&rsquo;\u00e9paule et de deux poign\u00e9es courtes pour la porter \u00e0 la main si vous pr\u00e9f\u00e9rez. Finitions de qualit\u00e9. La valise pour l&rsquo;h\u00f4pital est dot\u00e9e d&rsquo;une doublure int\u00e9rieure avec des \u00e9lastiques pour maintenir les v\u00eatements en place et se ferme de mani\u00e8re s\u00e9curis\u00e9e gr\u00e2ce \u00e0 une fermeture \u00e9clair sur deux c\u00f4t\u00e9s qui permet d&rsquo;ouvrir compl\u00e8tement le couvercle. Fabriqu\u00e9e avec des mat\u00e9riaux de grande qualit\u00e9, sans colorants azo\u00efques, phtalates ni substances nocives pour la sant\u00e9. Elle peut \u00e9galement \u00eatre lav\u00e9e \u00e0 la main ou en machine \u00e0 une temp\u00e9rature maximale de 30 \u00b0C. Les produits pour b\u00e9b\u00e9s de Pasito a Pasito ont un design tr\u00e8s diff\u00e9rent de tous les autres. Leurs collections se caract\u00e9risent par un travail minutieux, toujours pens\u00e9 d&rsquo;un point de vue pratique. Ils utilisent des mat\u00e9riaux de premi\u00e8re qualit\u00e9 pour souligner l&rsquo;\u00e9l\u00e9gance et l&rsquo;harmonie de chacune de leurs pi\u00e8ces. Nos mod\u00e8les sont exclusifs et ont un style unique, pens\u00e9s pour les m\u00e8res modernes qui ont bon go\u00fbt et qui appr\u00e9cient les d\u00e9tails autant que nous. Caract\u00e9ristiques : Mat\u00e9riaux : cuir \u00e9cologique. Couleur : rose. Dimensions : 44 x 36 x 16 cm.<\/p>\n","protected":false},"excerpt":{"rendered":"<p>La valise pour b\u00e9b\u00e9 Cherry Flores de Pasito a pasito est le sac id\u00e9al pour l&rsquo;h\u00f4pital\/la clinique, un mod\u00e8le unique et tr\u00e8s \u00e9l\u00e9gant sp\u00e9cialement con\u00e7u pour que vous puissiez emporter tout ce dont vous avez besoin pour vous, le papa et le b\u00e9b\u00e9. Elle est fabriqu\u00e9e en toile de coton 100 % avec un d\u00e9licat [&hellip;]<\/p>\n","protected":false},"featured_media":42751,"comment_status":"closed","ping_status":"closed","template":"","meta":{"_acf_changed":false,"inline_featured_image":false},"colecciones":[352],"product_brand":[],"product_cat":[135],"product_tag":[],"class_list":{"0":"post-43756","1":"product","2":"type-product","3":"status-publish","4":"has-post-thumbnail","6":"colecciones-collection-cherry","7":"product_cat-valises","9":"first","10":"instock","11":"purchasable","12":"product-type-simple"},"acf":[],"yoast_head":"<!-- This site is optimized with the Yoast SEO plugin v27.5 - https:\/\/yoast.com\/product\/yoast-seo-wordpress\/ -->\n<title>VALISE CHERRY FLEURS - Pasito a Pasito<\/title>\n<meta name=\"robots\" content=\"index, follow, max-snippet:-1, max-image-preview:large, max-video-preview:-1\" \/>\n<link rel=\"canonical\" href=\"https:\/\/pasitoapasito.es\/fr\/produit\/valise-cherry-fleurs\/\" \/>\n<meta property=\"og:locale\" content=\"fr_FR\" \/>\n<meta property=\"og:type\" content=\"article\" \/>\n<meta property=\"og:title\" content=\"VALISE CHERRY FLEURS - Pasito a Pasito\" \/>\n<meta property=\"og:description\" content=\"La valise pour b\u00e9b\u00e9 Cherry Flores de Pasito a pasito est le sac id\u00e9al pour l&rsquo;h\u00f4pital\/la clinique, un mod\u00e8le unique et tr\u00e8s \u00e9l\u00e9gant sp\u00e9cialement con\u00e7u pour que vous puissiez emporter tout ce dont vous avez besoin pour vous, le papa et le b\u00e9b\u00e9. Elle est fabriqu\u00e9e en toile de coton 100 % avec un d\u00e9licat [&hellip;]\" \/>\n<meta property=\"og:url\" content=\"https:\/\/pasitoapasito.es\/fr\/produit\/valise-cherry-fleurs\/\" \/>\n<meta property=\"og:site_name\" content=\"Pasito a Pasito\" \/>\n<meta property=\"article:modified_time\" content=\"2025-09-25T09:01:33+00:00\" \/>\n<meta property=\"og:image\" content=\"https:\/\/pasitoapasito.es\/wp-content\/uploads\/2025\/09\/1120900541_a-1.jpg\" \/>\n\t<meta property=\"og:image:width\" content=\"1800\" \/>\n\t<meta property=\"og:image:height\" content=\"1800\" \/>\n\t<meta property=\"og:image:type\" content=\"image\/jpeg\" \/>\n<meta name=\"twitter:card\" content=\"summary_large_image\" \/>\n<meta name=\"twitter:label1\" content=\"Dur\u00e9e de lecture estim\u00e9e\" \/>\n\t<meta name=\"twitter:data1\" content=\"2 minutes\" \/>\n<script type=\"application\/ld+json\" class=\"yoast-schema-graph\">{\"@context\":\"https:\\\/\\\/schema.org\",\"@graph\":[{\"@type\":\"WebPage\",\"@id\":\"https:\\\/\\\/pasitoapasito.es\\\/fr\\\/produit\\\/valise-cherry-fleurs\\\/\",\"url\":\"https:\\\/\\\/pasitoapasito.es\\\/fr\\\/produit\\\/valise-cherry-fleurs\\\/\",\"name\":\"VALISE CHERRY FLEURS - Pasito a Pasito\",\"isPartOf\":{\"@id\":\"https:\\\/\\\/pasitoapasito.es\\\/fr\\\/#website\"},\"primaryImageOfPage\":{\"@id\":\"https:\\\/\\\/pasitoapasito.es\\\/fr\\\/produit\\\/valise-cherry-fleurs\\\/#primaryimage\"},\"image\":{\"@id\":\"https:\\\/\\\/pasitoapasito.es\\\/fr\\\/produit\\\/valise-cherry-fleurs\\\/#primaryimage\"},\"thumbnailUrl\":\"https:\\\/\\\/pasitoapasito.es\\\/wp-content\\\/uploads\\\/2025\\\/09\\\/1120900541_a-1.jpg\",\"datePublished\":\"2025-09-25T09:01:32+00:00\",\"dateModified\":\"2025-09-25T09:01:33+00:00\",\"breadcrumb\":{\"@id\":\"https:\\\/\\\/pasitoapasito.es\\\/fr\\\/produit\\\/valise-cherry-fleurs\\\/#breadcrumb\"},\"inLanguage\":\"fr-FR\",\"potentialAction\":[{\"@type\":\"ReadAction\",\"target\":[\"https:\\\/\\\/pasitoapasito.es\\\/fr\\\/produit\\\/valise-cherry-fleurs\\\/\"]}]},{\"@type\":\"ImageObject\",\"inLanguage\":\"fr-FR\",\"@id\":\"https:\\\/\\\/pasitoapasito.es\\\/fr\\\/produit\\\/valise-cherry-fleurs\\\/#primaryimage\",\"url\":\"https:\\\/\\\/pasitoapasito.es\\\/wp-content\\\/uploads\\\/2025\\\/09\\\/1120900541_a-1.jpg\",\"contentUrl\":\"https:\\\/\\\/pasitoapasito.es\\\/wp-content\\\/uploads\\\/2025\\\/09\\\/1120900541_a-1.jpg\",\"width\":1800,\"height\":1800},{\"@type\":\"BreadcrumbList\",\"@id\":\"https:\\\/\\\/pasitoapasito.es\\\/fr\\\/produit\\\/valise-cherry-fleurs\\\/#breadcrumb\",\"itemListElement\":[{\"@type\":\"ListItem\",\"position\":1,\"name\":\"Tienda\",\"item\":\"https:\\\/\\\/pasitoapasito.es\\\/tienda\\\/\"},{\"@type\":\"ListItem\",\"position\":2,\"name\":\"VALISE CHERRY FLEURS\"}]},{\"@type\":\"WebSite\",\"@id\":\"https:\\\/\\\/pasitoapasito.es\\\/fr\\\/#website\",\"url\":\"https:\\\/\\\/pasitoapasito.es\\\/fr\\\/\",\"name\":\"Pasito a Pasito\",\"description\":\"\",\"potentialAction\":[{\"@type\":\"SearchAction\",\"target\":{\"@type\":\"EntryPoint\",\"urlTemplate\":\"https:\\\/\\\/pasitoapasito.es\\\/fr\\\/?s={search_term_string}\"},\"query-input\":{\"@type\":\"PropertyValueSpecification\",\"valueRequired\":true,\"valueName\":\"search_term_string\"}}],\"inLanguage\":\"fr-FR\"}]}<\/script>\n<!-- \/ Yoast SEO plugin. -->","yoast_head_json":{"title":"VALISE CHERRY FLEURS - Pasito a Pasito","robots":{"index":"index","follow":"follow","max-snippet":"max-snippet:-1","max-image-preview":"max-image-preview:large","max-video-preview":"max-video-preview:-1"},"canonical":"https:\/\/pasitoapasito.es\/fr\/produit\/valise-cherry-fleurs\/","og_locale":"fr_FR","og_type":"article","og_title":"VALISE CHERRY FLEURS - Pasito a Pasito","og_description":"La valise pour b\u00e9b\u00e9 Cherry Flores de Pasito a pasito est le sac id\u00e9al pour l&rsquo;h\u00f4pital\/la clinique, un mod\u00e8le unique et tr\u00e8s \u00e9l\u00e9gant sp\u00e9cialement con\u00e7u pour que vous puissiez emporter tout ce dont vous avez besoin pour vous, le papa et le b\u00e9b\u00e9. Elle est fabriqu\u00e9e en toile de coton 100 % avec un d\u00e9licat [&hellip;]","og_url":"https:\/\/pasitoapasito.es\/fr\/produit\/valise-cherry-fleurs\/","og_site_name":"Pasito a Pasito","article_modified_time":"2025-09-25T09:01:33+00:00","og_image":[{"width":1800,"height":1800,"url":"https:\/\/pasitoapasito.es\/wp-content\/uploads\/2025\/09\/1120900541_a-1.jpg","type":"image\/jpeg"}],"twitter_card":"summary_large_image","twitter_misc":{"Dur\u00e9e de lecture estim\u00e9e":"2 minutes"},"schema":{"@context":"https:\/\/schema.org","@graph":[{"@type":"WebPage","@id":"https:\/\/pasitoapasito.es\/fr\/produit\/valise-cherry-fleurs\/","url":"https:\/\/pasitoapasito.es\/fr\/produit\/valise-cherry-fleurs\/","name":"VALISE CHERRY FLEURS - Pasito a Pasito","isPartOf":{"@id":"https:\/\/pasitoapasito.es\/fr\/#website"},"primaryImageOfPage":{"@id":"https:\/\/pasitoapasito.es\/fr\/produit\/valise-cherry-fleurs\/#primaryimage"},"image":{"@id":"https:\/\/pasitoapasito.es\/fr\/produit\/valise-cherry-fleurs\/#primaryimage"},"thumbnailUrl":"https:\/\/pasitoapasito.es\/wp-content\/uploads\/2025\/09\/1120900541_a-1.jpg","datePublished":"2025-09-25T09:01:32+00:00","dateModified":"2025-09-25T09:01:33+00:00","breadcrumb":{"@id":"https:\/\/pasitoapasito.es\/fr\/produit\/valise-cherry-fleurs\/#breadcrumb"},"inLanguage":"fr-FR","potentialAction":[{"@type":"ReadAction","target":["https:\/\/pasitoapasito.es\/fr\/produit\/valise-cherry-fleurs\/"]}]},{"@type":"ImageObject","inLanguage":"fr-FR","@id":"https:\/\/pasitoapasito.es\/fr\/produit\/valise-cherry-fleurs\/#primaryimage","url":"https:\/\/pasitoapasito.es\/wp-content\/uploads\/2025\/09\/1120900541_a-1.jpg","contentUrl":"https:\/\/pasitoapasito.es\/wp-content\/uploads\/2025\/09\/1120900541_a-1.jpg","width":1800,"height":1800},{"@type":"BreadcrumbList","@id":"https:\/\/pasitoapasito.es\/fr\/produit\/valise-cherry-fleurs\/#breadcrumb","itemListElement":[{"@type":"ListItem","position":1,"name":"Tienda","item":"https:\/\/pasitoapasito.es\/tienda\/"},{"@type":"ListItem","position":2,"name":"VALISE CHERRY FLEURS"}]},{"@type":"WebSite","@id":"https:\/\/pasitoapasito.es\/fr\/#website","url":"https:\/\/pasitoapasito.es\/fr\/","name":"Pasito a Pasito","description":"","potentialAction":[{"@type":"SearchAction","target":{"@type":"EntryPoint","urlTemplate":"https:\/\/pasitoapasito.es\/fr\/?s={search_term_string}"},"query-input":{"@type":"PropertyValueSpecification","valueRequired":true,"valueName":"search_term_string"}}],"inLanguage":"fr-FR"}]}},"_links":{"self":[{"href":"https:\/\/pasitoapasito.es\/fr\/wp-json\/wp\/v2\/product\/43756","targetHints":{"allow":["GET"]}}],"collection":[{"href":"https:\/\/pasitoapasito.es\/fr\/wp-json\/wp\/v2\/product"}],"about":[{"href":"https:\/\/pasitoapasito.es\/fr\/wp-json\/wp\/v2\/types\/product"}],"replies":[{"embeddable":true,"href":"https:\/\/pasitoapasito.es\/fr\/wp-json\/wp\/v2\/comments?post=43756"}],"wp:featuredmedia":[{"embeddable":true,"href":"https:\/\/pasitoapasito.es\/fr\/wp-json\/wp\/v2\/media\/42751"}],"wp:attachment":[{"href":"https:\/\/pasitoapasito.es\/fr\/wp-json\/wp\/v2\/media?parent=43756"}],"wp:term":[{"taxonomy":"colecciones","embeddable":true,"href":"https:\/\/pasitoapasito.es\/fr\/wp-json\/wp\/v2\/colecciones?post=43756"},{"taxonomy":"product_brand","embeddable":true,"href":"https:\/\/pasitoapasito.es\/fr\/wp-json\/wp\/v2\/product_brand?post=43756"},{"taxonomy":"product_cat","embeddable":true,"href":"https:\/\/pasitoapasito.es\/fr\/wp-json\/wp\/v2\/product_cat?post=43756"},{"taxonomy":"product_tag","embeddable":true,"href":"https:\/\/pasitoapasito.es\/fr\/wp-json\/wp\/v2\/product_tag?post=43756"}],"curies":[{"name":"wp","href":"https:\/\/api.w.org\/{rel}","templated":true}]}}