{"id":43753,"date":"2025-09-25T09:01:32","date_gmt":"2025-09-25T09:01:32","guid":{"rendered":"https:\/\/pasitoapasito.es\/?post_type=product&#038;p=43753"},"modified":"2025-09-25T09:01:32","modified_gmt":"2025-09-25T09:01:32","slug":"sac-bucket-cherry-fleurs","status":"publish","type":"product","link":"https:\/\/pasitoapasito.es\/fr\/produit\/sac-bucket-cherry-fleurs\/","title":{"rendered":"SAC BUCKET CHERRY FLEURS"},"content":{"rendered":"<p>Sac pour poussette Bucket Pasito a Pasito Collection Cherry  Fleurs &#8211; Style et fonctionnalit\u00e9 pour vos promenades ! Emportez tout ce dont vous avez besoin avec style gr\u00e2ce au sac pour poussette Bucket pratique et adorable de la collection exclusive Cherry de Pasito a Pasito. Con\u00e7ue pour le confort des parents et l&rsquo;esth\u00e9tique, cette sacoche est le compl\u00e9ment id\u00e9al pour votre poussette, alliant fonctionnalit\u00e9 et la touche romantique incomparable de la collection Cherry. Imprim\u00e9 \u00ab Cherry \u00bb ravissant : la sacoche pr\u00e9sente le d\u00e9licat et doux imprim\u00e9 floral dans des tons roses et rouges, caract\u00e9ristique de la collection Cherry tr\u00e8s appr\u00e9ci\u00e9e de Pasito a Pasito. Elle apportera une touche de fra\u00eecheur et de gaiet\u00e9 \u00e0 toutes vos promenades. Design type seau : sa forme de seau maximise l&rsquo;espace int\u00e9rieur, vous permettant d&rsquo;organiser et d&rsquo;acc\u00e9der facilement \u00e0 tous les indispensables pour b\u00e9b\u00e9 et pour vous. Fabriqu\u00e9 en toile 100 % coton avec traitement imperm\u00e9able : confectionn\u00e9 en toile de coton de haute qualit\u00e9, ce sac est non seulement doux au toucher et r\u00e9sistant, mais son traitement imperm\u00e9able le rend \u00e9galement \u00e9tanche. Il prot\u00e8ge ainsi son contenu des \u00e9claboussures ou des petits accidents ! Doublure int\u00e9rieure en polyester : l&rsquo;int\u00e9rieur est doubl\u00e9 de polyester, ce qui facilite le nettoyage et l&rsquo;entretien, garantissant que le sac reste impeccable plus longtemps. Taille parfaite pour la poussette : avec des dimensions de 22 x 20 x 24 cm, il est suffisamment spacieux pour transporter des couches, des lingettes, des biberons, des petits jouets et vos effets personnels, sans \u00eatre encombrant. Poign\u00e9es polyvalentes pour la suspendre : elle comprend des poign\u00e9es \u00e0 boutons-pression pour la suspendre facilement au guidon de la poussette ou \u00e0 n&rsquo;importe quelle barre, afin de toujours l&rsquo;avoir \u00e0 port\u00e9e de main. Elle dispose \u00e9galement d&rsquo;une longue poign\u00e9e pour la porter \u00e0 l&rsquo;\u00e9paule lorsque vous avez besoin de plus de libert\u00e9 de mouvement. Fermeture s\u00e9curis\u00e9e avec cordon r\u00e9glable : l&rsquo;ouverture sup\u00e9rieure est dot\u00e9e d&rsquo;une fermeture \u00e0 cordon qui permet d&rsquo;ajuster l&rsquo;ouverture du sac, garantissant ainsi que le contenu reste prot\u00e9g\u00e9 et en place. Ce sac pour poussette est non seulement pratique, mais c&rsquo;est aussi un accessoire tendance qui compl\u00e9tera \u00e0 merveille n&rsquo;importe quelle poussette ou ensemble de la collection Cherry. Sa conception durable et facile d&rsquo;entretien en fait un investissement intelligent pour les promenades quotidiennes et les aventures en famille avec votre . Ne laissez rien \u00e0 la maison ! Procurez-vous le sac pour poussette Bucket Pasito a Pasito Collection Cherry et promenez-vous avec tout le n\u00e9cessaire, sans renoncer au style. Il est fabriqu\u00e9 avec des mat\u00e9riaux de haute qualit\u00e9, sans colorants azo\u00efques, phtalates et substances nocives pour la sant\u00e9. De plus, elle peut \u00eatre lav\u00e9e \u00e0 la main ou en machine \u00e0 une temp\u00e9rature maximale de 30 \u00b0C. Les produits pour b\u00e9b\u00e9s Pasito a Pasito se distinguent par leur design unique. Leurs collections se caract\u00e9risent par un travail minutieux, toujours pens\u00e9 dans une optique pratique. Ils utilisent des mat\u00e9riaux de premi\u00e8re qualit\u00e9 pour souligner l&rsquo;\u00e9l\u00e9gance et l&rsquo;harmonie de chacune de leurs pi\u00e8ces. Nos mod\u00e8les sont exclusifs et ont un style unique, pens\u00e9s pour les mamans modernes qui ont bon go\u00fbt et qui appr\u00e9cient les d\u00e9tails autant que nous. Caract\u00e9ristiques : Mat\u00e9riaux : 100 % coton. Dimensions : 22 x 20 x 24 cm.<\/p>\n","protected":false},"excerpt":{"rendered":"<p>Sac pour poussette Bucket Pasito a Pasito Collection Cherry Fleurs &#8211; Style et fonctionnalit\u00e9 pour vos promenades ! Emportez tout ce dont vous avez besoin avec style gr\u00e2ce au sac pour poussette Bucket pratique et adorable de la collection exclusive Cherry de Pasito a Pasito. Con\u00e7ue pour le confort des parents et l&rsquo;esth\u00e9tique, cette sacoche [&hellip;]<\/p>\n","protected":false},"featured_media":42672,"comment_status":"closed","ping_status":"closed","template":"","meta":{"_acf_changed":false,"inline_featured_image":false},"colecciones":[352],"product_brand":[],"product_cat":[129],"product_tag":[],"class_list":{"0":"post-43753","1":"product","2":"type-product","3":"status-publish","4":"has-post-thumbnail","6":"colecciones-collection-cherry","7":"product_cat-sacs-a-langer","9":"first","10":"instock","11":"purchasable","12":"product-type-simple"},"acf":[],"yoast_head":"<!-- This site is optimized with the Yoast SEO plugin v27.5 - https:\/\/yoast.com\/product\/yoast-seo-wordpress\/ -->\n<title>SAC BUCKET CHERRY FLEURS - Pasito a Pasito<\/title>\n<meta name=\"robots\" content=\"index, follow, max-snippet:-1, max-image-preview:large, max-video-preview:-1\" \/>\n<link rel=\"canonical\" href=\"https:\/\/pasitoapasito.es\/fr\/produit\/sac-bucket-cherry-fleurs\/\" \/>\n<meta property=\"og:locale\" content=\"fr_FR\" \/>\n<meta property=\"og:type\" content=\"article\" \/>\n<meta property=\"og:title\" content=\"SAC BUCKET CHERRY FLEURS - Pasito a Pasito\" \/>\n<meta property=\"og:description\" content=\"Sac pour poussette Bucket Pasito a Pasito Collection Cherry Fleurs &#8211; Style et fonctionnalit\u00e9 pour vos promenades ! Emportez tout ce dont vous avez besoin avec style gr\u00e2ce au sac pour poussette Bucket pratique et adorable de la collection exclusive Cherry de Pasito a Pasito. Con\u00e7ue pour le confort des parents et l&rsquo;esth\u00e9tique, cette sacoche [&hellip;]\" \/>\n<meta property=\"og:url\" content=\"https:\/\/pasitoapasito.es\/fr\/produit\/sac-bucket-cherry-fleurs\/\" \/>\n<meta property=\"og:site_name\" content=\"Pasito a Pasito\" \/>\n<meta property=\"og:image\" content=\"https:\/\/pasitoapasito.es\/wp-content\/uploads\/2025\/09\/1120900538_a-1.jpg\" \/>\n\t<meta property=\"og:image:width\" content=\"1800\" \/>\n\t<meta property=\"og:image:height\" content=\"1800\" \/>\n\t<meta property=\"og:image:type\" content=\"image\/jpeg\" \/>\n<meta name=\"twitter:card\" content=\"summary_large_image\" \/>\n<meta name=\"twitter:label1\" content=\"Dur\u00e9e de lecture estim\u00e9e\" \/>\n\t<meta name=\"twitter:data1\" content=\"3 minutes\" \/>\n<script type=\"application\/ld+json\" class=\"yoast-schema-graph\">{\"@context\":\"https:\\\/\\\/schema.org\",\"@graph\":[{\"@type\":\"WebPage\",\"@id\":\"https:\\\/\\\/pasitoapasito.es\\\/fr\\\/produit\\\/sac-bucket-cherry-fleurs\\\/\",\"url\":\"https:\\\/\\\/pasitoapasito.es\\\/fr\\\/produit\\\/sac-bucket-cherry-fleurs\\\/\",\"name\":\"SAC BUCKET CHERRY FLEURS - Pasito a Pasito\",\"isPartOf\":{\"@id\":\"https:\\\/\\\/pasitoapasito.es\\\/fr\\\/#website\"},\"primaryImageOfPage\":{\"@id\":\"https:\\\/\\\/pasitoapasito.es\\\/fr\\\/produit\\\/sac-bucket-cherry-fleurs\\\/#primaryimage\"},\"image\":{\"@id\":\"https:\\\/\\\/pasitoapasito.es\\\/fr\\\/produit\\\/sac-bucket-cherry-fleurs\\\/#primaryimage\"},\"thumbnailUrl\":\"https:\\\/\\\/pasitoapasito.es\\\/wp-content\\\/uploads\\\/2025\\\/09\\\/1120900538_a-1.jpg\",\"datePublished\":\"2025-09-25T09:01:32+00:00\",\"breadcrumb\":{\"@id\":\"https:\\\/\\\/pasitoapasito.es\\\/fr\\\/produit\\\/sac-bucket-cherry-fleurs\\\/#breadcrumb\"},\"inLanguage\":\"fr-FR\",\"potentialAction\":[{\"@type\":\"ReadAction\",\"target\":[\"https:\\\/\\\/pasitoapasito.es\\\/fr\\\/produit\\\/sac-bucket-cherry-fleurs\\\/\"]}]},{\"@type\":\"ImageObject\",\"inLanguage\":\"fr-FR\",\"@id\":\"https:\\\/\\\/pasitoapasito.es\\\/fr\\\/produit\\\/sac-bucket-cherry-fleurs\\\/#primaryimage\",\"url\":\"https:\\\/\\\/pasitoapasito.es\\\/wp-content\\\/uploads\\\/2025\\\/09\\\/1120900538_a-1.jpg\",\"contentUrl\":\"https:\\\/\\\/pasitoapasito.es\\\/wp-content\\\/uploads\\\/2025\\\/09\\\/1120900538_a-1.jpg\",\"width\":1800,\"height\":1800},{\"@type\":\"BreadcrumbList\",\"@id\":\"https:\\\/\\\/pasitoapasito.es\\\/fr\\\/produit\\\/sac-bucket-cherry-fleurs\\\/#breadcrumb\",\"itemListElement\":[{\"@type\":\"ListItem\",\"position\":1,\"name\":\"Tienda\",\"item\":\"https:\\\/\\\/pasitoapasito.es\\\/tienda\\\/\"},{\"@type\":\"ListItem\",\"position\":2,\"name\":\"SAC BUCKET CHERRY FLEURS\"}]},{\"@type\":\"WebSite\",\"@id\":\"https:\\\/\\\/pasitoapasito.es\\\/fr\\\/#website\",\"url\":\"https:\\\/\\\/pasitoapasito.es\\\/fr\\\/\",\"name\":\"Pasito a Pasito\",\"description\":\"\",\"potentialAction\":[{\"@type\":\"SearchAction\",\"target\":{\"@type\":\"EntryPoint\",\"urlTemplate\":\"https:\\\/\\\/pasitoapasito.es\\\/fr\\\/?s={search_term_string}\"},\"query-input\":{\"@type\":\"PropertyValueSpecification\",\"valueRequired\":true,\"valueName\":\"search_term_string\"}}],\"inLanguage\":\"fr-FR\"}]}<\/script>\n<!-- \/ Yoast SEO plugin. -->","yoast_head_json":{"title":"SAC BUCKET CHERRY FLEURS - Pasito a Pasito","robots":{"index":"index","follow":"follow","max-snippet":"max-snippet:-1","max-image-preview":"max-image-preview:large","max-video-preview":"max-video-preview:-1"},"canonical":"https:\/\/pasitoapasito.es\/fr\/produit\/sac-bucket-cherry-fleurs\/","og_locale":"fr_FR","og_type":"article","og_title":"SAC BUCKET CHERRY FLEURS - Pasito a Pasito","og_description":"Sac pour poussette Bucket Pasito a Pasito Collection Cherry Fleurs &#8211; Style et fonctionnalit\u00e9 pour vos promenades ! Emportez tout ce dont vous avez besoin avec style gr\u00e2ce au sac pour poussette Bucket pratique et adorable de la collection exclusive Cherry de Pasito a Pasito. Con\u00e7ue pour le confort des parents et l&rsquo;esth\u00e9tique, cette sacoche [&hellip;]","og_url":"https:\/\/pasitoapasito.es\/fr\/produit\/sac-bucket-cherry-fleurs\/","og_site_name":"Pasito a Pasito","og_image":[{"width":1800,"height":1800,"url":"https:\/\/pasitoapasito.es\/wp-content\/uploads\/2025\/09\/1120900538_a-1.jpg","type":"image\/jpeg"}],"twitter_card":"summary_large_image","twitter_misc":{"Dur\u00e9e de lecture estim\u00e9e":"3 minutes"},"schema":{"@context":"https:\/\/schema.org","@graph":[{"@type":"WebPage","@id":"https:\/\/pasitoapasito.es\/fr\/produit\/sac-bucket-cherry-fleurs\/","url":"https:\/\/pasitoapasito.es\/fr\/produit\/sac-bucket-cherry-fleurs\/","name":"SAC BUCKET CHERRY FLEURS - Pasito a Pasito","isPartOf":{"@id":"https:\/\/pasitoapasito.es\/fr\/#website"},"primaryImageOfPage":{"@id":"https:\/\/pasitoapasito.es\/fr\/produit\/sac-bucket-cherry-fleurs\/#primaryimage"},"image":{"@id":"https:\/\/pasitoapasito.es\/fr\/produit\/sac-bucket-cherry-fleurs\/#primaryimage"},"thumbnailUrl":"https:\/\/pasitoapasito.es\/wp-content\/uploads\/2025\/09\/1120900538_a-1.jpg","datePublished":"2025-09-25T09:01:32+00:00","breadcrumb":{"@id":"https:\/\/pasitoapasito.es\/fr\/produit\/sac-bucket-cherry-fleurs\/#breadcrumb"},"inLanguage":"fr-FR","potentialAction":[{"@type":"ReadAction","target":["https:\/\/pasitoapasito.es\/fr\/produit\/sac-bucket-cherry-fleurs\/"]}]},{"@type":"ImageObject","inLanguage":"fr-FR","@id":"https:\/\/pasitoapasito.es\/fr\/produit\/sac-bucket-cherry-fleurs\/#primaryimage","url":"https:\/\/pasitoapasito.es\/wp-content\/uploads\/2025\/09\/1120900538_a-1.jpg","contentUrl":"https:\/\/pasitoapasito.es\/wp-content\/uploads\/2025\/09\/1120900538_a-1.jpg","width":1800,"height":1800},{"@type":"BreadcrumbList","@id":"https:\/\/pasitoapasito.es\/fr\/produit\/sac-bucket-cherry-fleurs\/#breadcrumb","itemListElement":[{"@type":"ListItem","position":1,"name":"Tienda","item":"https:\/\/pasitoapasito.es\/tienda\/"},{"@type":"ListItem","position":2,"name":"SAC BUCKET CHERRY FLEURS"}]},{"@type":"WebSite","@id":"https:\/\/pasitoapasito.es\/fr\/#website","url":"https:\/\/pasitoapasito.es\/fr\/","name":"Pasito a Pasito","description":"","potentialAction":[{"@type":"SearchAction","target":{"@type":"EntryPoint","urlTemplate":"https:\/\/pasitoapasito.es\/fr\/?s={search_term_string}"},"query-input":{"@type":"PropertyValueSpecification","valueRequired":true,"valueName":"search_term_string"}}],"inLanguage":"fr-FR"}]}},"_links":{"self":[{"href":"https:\/\/pasitoapasito.es\/fr\/wp-json\/wp\/v2\/product\/43753","targetHints":{"allow":["GET"]}}],"collection":[{"href":"https:\/\/pasitoapasito.es\/fr\/wp-json\/wp\/v2\/product"}],"about":[{"href":"https:\/\/pasitoapasito.es\/fr\/wp-json\/wp\/v2\/types\/product"}],"replies":[{"embeddable":true,"href":"https:\/\/pasitoapasito.es\/fr\/wp-json\/wp\/v2\/comments?post=43753"}],"wp:featuredmedia":[{"embeddable":true,"href":"https:\/\/pasitoapasito.es\/fr\/wp-json\/wp\/v2\/media\/42672"}],"wp:attachment":[{"href":"https:\/\/pasitoapasito.es\/fr\/wp-json\/wp\/v2\/media?parent=43753"}],"wp:term":[{"taxonomy":"colecciones","embeddable":true,"href":"https:\/\/pasitoapasito.es\/fr\/wp-json\/wp\/v2\/colecciones?post=43753"},{"taxonomy":"product_brand","embeddable":true,"href":"https:\/\/pasitoapasito.es\/fr\/wp-json\/wp\/v2\/product_brand?post=43753"},{"taxonomy":"product_cat","embeddable":true,"href":"https:\/\/pasitoapasito.es\/fr\/wp-json\/wp\/v2\/product_cat?post=43753"},{"taxonomy":"product_tag","embeddable":true,"href":"https:\/\/pasitoapasito.es\/fr\/wp-json\/wp\/v2\/product_tag?post=43753"}],"curies":[{"name":"wp","href":"https:\/\/api.w.org\/{rel}","templated":true}]}}