{"id":43748,"date":"2025-09-25T09:01:31","date_gmt":"2025-09-25T09:01:31","guid":{"rendered":"https:\/\/pasitoapasito.es\/?post_type=product&#038;p=43748"},"modified":"2025-09-25T09:01:31","modified_gmt":"2025-09-25T09:01:31","slug":"sac-a-langer-cherry-raye","status":"publish","type":"product","link":"https:\/\/pasitoapasito.es\/fr\/produit\/sac-a-langer-cherry-raye\/","title":{"rendered":"SAC \u00c0 LANGER CHERRY RAY\u00c9"},"content":{"rendered":"<p>Le sac pour poussette ou sac \u00e0 dos Cherry Rayas de Pasito a pasito est un mod\u00e8le unique, fabriqu\u00e9 en 100 % coton avec un d\u00e9licat tissu ray\u00e9. Son traitement imperm\u00e9able le rend r\u00e9sistant \u00e0 l&rsquo;eau, garantissant protection et durabilit\u00e9 au quotidien. Son design tr\u00e8s \u00e9l\u00e9gant et pratique offre une grande capacit\u00e9 pour que vous puissiez tout emporter. Il est \u00e9quip\u00e9 de deux anses, une longue pour le porter \u00e0 l&rsquo;\u00e9paule et deux courtes pour le porter \u00e0 la main. Il comprend des anses suppl\u00e9mentaires universelles pour l&rsquo;accrocher \u00e0 la poussette. Vous pouvez \u00e9galement l&rsquo;utiliser pour ranger vos affaires et \u00e9viter ainsi de porter deux sacs en m\u00eame temps. Si vous attendez un heureux \u00e9v\u00e9nement, vous pouvez le pr\u00e9parer comme sac pour b\u00e9b\u00e9 pour l&rsquo;h\u00f4pital. Finitions de qualit\u00e9. Le sac \u00e0 langer pour b\u00e9b\u00e9 est dot\u00e9 d&rsquo;une doublure int\u00e9rieure et de poches pour ranger de mani\u00e8re organis\u00e9e le biberon, les couverts, les lingettes, les couches, les cr\u00e8mes et tout ce dont votre enfant a besoin. Parmi les poches, il y a une poche isotherme pour les biberons et une poche plastifi\u00e9e pour les v\u00eatements mouill\u00e9s. Changement de couche inclus. Il est fabriqu\u00e9 avec des mat\u00e9riaux de grande qualit\u00e9, sans colorants azo\u00efques, phtalates et substances nocives pour la sant\u00e9. De plus, il peut \u00eatre lav\u00e9 \u00e0 la main ou en machine \u00e0 des temp\u00e9ratures allant jusqu&rsquo;\u00e0 30 \u00b0C. Les produits pour b\u00e9b\u00e9s de Pasito a Pasito ont un design tr\u00e8s diff\u00e9rent de tous les autres. Leurs collections se caract\u00e9risent par un travail minutieux, toujours pens\u00e9 d&rsquo;un point de vue pratique. Ils utilisent des mat\u00e9riaux de premi\u00e8re qualit\u00e9 pour souligner l&rsquo;\u00e9l\u00e9gance et l&rsquo;harmonie de chacune de leurs pi\u00e8ces. Nos mod\u00e8les sont exclusifs et ont un style unique, pens\u00e9s pour les m\u00e8res modernes qui ont bon go\u00fbt et qui appr\u00e9cient les d\u00e9tails autant que nous. Caract\u00e9ristiques : Mat\u00e9riaux : 100 % coton. Dimensions : 37 x 30 x 12 cm.<\/p>\n","protected":false},"excerpt":{"rendered":"<p>Le sac pour poussette ou sac \u00e0 dos Cherry Rayas de Pasito a pasito est un mod\u00e8le unique, fabriqu\u00e9 en 100 % coton avec un d\u00e9licat tissu ray\u00e9. Son traitement imperm\u00e9able le rend r\u00e9sistant \u00e0 l&rsquo;eau, garantissant protection et durabilit\u00e9 au quotidien. Son design tr\u00e8s \u00e9l\u00e9gant et pratique offre une grande capacit\u00e9 pour que vous [&hellip;]<\/p>\n","protected":false},"featured_media":42459,"comment_status":"closed","ping_status":"closed","template":"","meta":{"_acf_changed":false,"inline_featured_image":false},"colecciones":[352],"product_brand":[],"product_cat":[129],"product_tag":[],"class_list":{"0":"post-43748","1":"product","2":"type-product","3":"status-publish","4":"has-post-thumbnail","6":"colecciones-collection-cherry","7":"product_cat-sacs-a-langer","9":"first","10":"instock","11":"purchasable","12":"product-type-simple"},"acf":[],"yoast_head":"<!-- This site is optimized with the Yoast SEO plugin v27.3 - https:\/\/yoast.com\/product\/yoast-seo-wordpress\/ -->\n<title>SAC \u00c0 LANGER CHERRY RAY\u00c9 - Pasito a Pasito<\/title>\n<meta name=\"robots\" content=\"index, follow, max-snippet:-1, max-image-preview:large, max-video-preview:-1\" \/>\n<link rel=\"canonical\" href=\"https:\/\/pasitoapasito.es\/fr\/produit\/sac-a-langer-cherry-raye\/\" \/>\n<meta property=\"og:locale\" content=\"fr_FR\" \/>\n<meta property=\"og:type\" content=\"article\" \/>\n<meta property=\"og:title\" content=\"SAC \u00c0 LANGER CHERRY RAY\u00c9 - Pasito a Pasito\" \/>\n<meta property=\"og:description\" content=\"Le sac pour poussette ou sac \u00e0 dos Cherry Rayas de Pasito a pasito est un mod\u00e8le unique, fabriqu\u00e9 en 100 % coton avec un d\u00e9licat tissu ray\u00e9. Son traitement imperm\u00e9able le rend r\u00e9sistant \u00e0 l&rsquo;eau, garantissant protection et durabilit\u00e9 au quotidien. Son design tr\u00e8s \u00e9l\u00e9gant et pratique offre une grande capacit\u00e9 pour que vous [&hellip;]\" \/>\n<meta property=\"og:url\" content=\"https:\/\/pasitoapasito.es\/fr\/produit\/sac-a-langer-cherry-raye\/\" \/>\n<meta property=\"og:site_name\" content=\"Pasito a Pasito\" \/>\n<meta property=\"og:image\" content=\"https:\/\/pasitoapasito.es\/wp-content\/uploads\/2025\/09\/1120900527_a-1.jpg\" \/>\n\t<meta property=\"og:image:width\" content=\"1800\" \/>\n\t<meta property=\"og:image:height\" content=\"1800\" \/>\n\t<meta property=\"og:image:type\" content=\"image\/jpeg\" \/>\n<meta name=\"twitter:card\" content=\"summary_large_image\" \/>\n<meta name=\"twitter:label1\" content=\"Dur\u00e9e de lecture estim\u00e9e\" \/>\n\t<meta name=\"twitter:data1\" content=\"2 minutes\" \/>\n<script type=\"application\/ld+json\" class=\"yoast-schema-graph\">{\"@context\":\"https:\\\/\\\/schema.org\",\"@graph\":[{\"@type\":\"WebPage\",\"@id\":\"https:\\\/\\\/pasitoapasito.es\\\/fr\\\/produit\\\/sac-a-langer-cherry-raye\\\/\",\"url\":\"https:\\\/\\\/pasitoapasito.es\\\/fr\\\/produit\\\/sac-a-langer-cherry-raye\\\/\",\"name\":\"SAC \u00c0 LANGER CHERRY RAY\u00c9 - Pasito a Pasito\",\"isPartOf\":{\"@id\":\"https:\\\/\\\/pasitoapasito.es\\\/fr\\\/#website\"},\"primaryImageOfPage\":{\"@id\":\"https:\\\/\\\/pasitoapasito.es\\\/fr\\\/produit\\\/sac-a-langer-cherry-raye\\\/#primaryimage\"},\"image\":{\"@id\":\"https:\\\/\\\/pasitoapasito.es\\\/fr\\\/produit\\\/sac-a-langer-cherry-raye\\\/#primaryimage\"},\"thumbnailUrl\":\"https:\\\/\\\/pasitoapasito.es\\\/wp-content\\\/uploads\\\/2025\\\/09\\\/1120900527_a-1.jpg\",\"datePublished\":\"2025-09-25T09:01:31+00:00\",\"breadcrumb\":{\"@id\":\"https:\\\/\\\/pasitoapasito.es\\\/fr\\\/produit\\\/sac-a-langer-cherry-raye\\\/#breadcrumb\"},\"inLanguage\":\"fr-FR\",\"potentialAction\":[{\"@type\":\"ReadAction\",\"target\":[\"https:\\\/\\\/pasitoapasito.es\\\/fr\\\/produit\\\/sac-a-langer-cherry-raye\\\/\"]}]},{\"@type\":\"ImageObject\",\"inLanguage\":\"fr-FR\",\"@id\":\"https:\\\/\\\/pasitoapasito.es\\\/fr\\\/produit\\\/sac-a-langer-cherry-raye\\\/#primaryimage\",\"url\":\"https:\\\/\\\/pasitoapasito.es\\\/wp-content\\\/uploads\\\/2025\\\/09\\\/1120900527_a-1.jpg\",\"contentUrl\":\"https:\\\/\\\/pasitoapasito.es\\\/wp-content\\\/uploads\\\/2025\\\/09\\\/1120900527_a-1.jpg\",\"width\":1800,\"height\":1800},{\"@type\":\"BreadcrumbList\",\"@id\":\"https:\\\/\\\/pasitoapasito.es\\\/fr\\\/produit\\\/sac-a-langer-cherry-raye\\\/#breadcrumb\",\"itemListElement\":[{\"@type\":\"ListItem\",\"position\":1,\"name\":\"Tienda\",\"item\":\"https:\\\/\\\/pasitoapasito.es\\\/tienda\\\/\"},{\"@type\":\"ListItem\",\"position\":2,\"name\":\"SAC \u00c0 LANGER CHERRY RAY\u00c9\"}]},{\"@type\":\"WebSite\",\"@id\":\"https:\\\/\\\/pasitoapasito.es\\\/fr\\\/#website\",\"url\":\"https:\\\/\\\/pasitoapasito.es\\\/fr\\\/\",\"name\":\"Pasito a Pasito\",\"description\":\"\",\"potentialAction\":[{\"@type\":\"SearchAction\",\"target\":{\"@type\":\"EntryPoint\",\"urlTemplate\":\"https:\\\/\\\/pasitoapasito.es\\\/fr\\\/?s={search_term_string}\"},\"query-input\":{\"@type\":\"PropertyValueSpecification\",\"valueRequired\":true,\"valueName\":\"search_term_string\"}}],\"inLanguage\":\"fr-FR\"}]}<\/script>\n<!-- \/ Yoast SEO plugin. -->","yoast_head_json":{"title":"SAC \u00c0 LANGER CHERRY RAY\u00c9 - Pasito a Pasito","robots":{"index":"index","follow":"follow","max-snippet":"max-snippet:-1","max-image-preview":"max-image-preview:large","max-video-preview":"max-video-preview:-1"},"canonical":"https:\/\/pasitoapasito.es\/fr\/produit\/sac-a-langer-cherry-raye\/","og_locale":"fr_FR","og_type":"article","og_title":"SAC \u00c0 LANGER CHERRY RAY\u00c9 - Pasito a Pasito","og_description":"Le sac pour poussette ou sac \u00e0 dos Cherry Rayas de Pasito a pasito est un mod\u00e8le unique, fabriqu\u00e9 en 100 % coton avec un d\u00e9licat tissu ray\u00e9. Son traitement imperm\u00e9able le rend r\u00e9sistant \u00e0 l&rsquo;eau, garantissant protection et durabilit\u00e9 au quotidien. Son design tr\u00e8s \u00e9l\u00e9gant et pratique offre une grande capacit\u00e9 pour que vous [&hellip;]","og_url":"https:\/\/pasitoapasito.es\/fr\/produit\/sac-a-langer-cherry-raye\/","og_site_name":"Pasito a Pasito","og_image":[{"width":1800,"height":1800,"url":"https:\/\/pasitoapasito.es\/wp-content\/uploads\/2025\/09\/1120900527_a-1.jpg","type":"image\/jpeg"}],"twitter_card":"summary_large_image","twitter_misc":{"Dur\u00e9e de lecture estim\u00e9e":"2 minutes"},"schema":{"@context":"https:\/\/schema.org","@graph":[{"@type":"WebPage","@id":"https:\/\/pasitoapasito.es\/fr\/produit\/sac-a-langer-cherry-raye\/","url":"https:\/\/pasitoapasito.es\/fr\/produit\/sac-a-langer-cherry-raye\/","name":"SAC \u00c0 LANGER CHERRY RAY\u00c9 - Pasito a Pasito","isPartOf":{"@id":"https:\/\/pasitoapasito.es\/fr\/#website"},"primaryImageOfPage":{"@id":"https:\/\/pasitoapasito.es\/fr\/produit\/sac-a-langer-cherry-raye\/#primaryimage"},"image":{"@id":"https:\/\/pasitoapasito.es\/fr\/produit\/sac-a-langer-cherry-raye\/#primaryimage"},"thumbnailUrl":"https:\/\/pasitoapasito.es\/wp-content\/uploads\/2025\/09\/1120900527_a-1.jpg","datePublished":"2025-09-25T09:01:31+00:00","breadcrumb":{"@id":"https:\/\/pasitoapasito.es\/fr\/produit\/sac-a-langer-cherry-raye\/#breadcrumb"},"inLanguage":"fr-FR","potentialAction":[{"@type":"ReadAction","target":["https:\/\/pasitoapasito.es\/fr\/produit\/sac-a-langer-cherry-raye\/"]}]},{"@type":"ImageObject","inLanguage":"fr-FR","@id":"https:\/\/pasitoapasito.es\/fr\/produit\/sac-a-langer-cherry-raye\/#primaryimage","url":"https:\/\/pasitoapasito.es\/wp-content\/uploads\/2025\/09\/1120900527_a-1.jpg","contentUrl":"https:\/\/pasitoapasito.es\/wp-content\/uploads\/2025\/09\/1120900527_a-1.jpg","width":1800,"height":1800},{"@type":"BreadcrumbList","@id":"https:\/\/pasitoapasito.es\/fr\/produit\/sac-a-langer-cherry-raye\/#breadcrumb","itemListElement":[{"@type":"ListItem","position":1,"name":"Tienda","item":"https:\/\/pasitoapasito.es\/tienda\/"},{"@type":"ListItem","position":2,"name":"SAC \u00c0 LANGER CHERRY RAY\u00c9"}]},{"@type":"WebSite","@id":"https:\/\/pasitoapasito.es\/fr\/#website","url":"https:\/\/pasitoapasito.es\/fr\/","name":"Pasito a Pasito","description":"","potentialAction":[{"@type":"SearchAction","target":{"@type":"EntryPoint","urlTemplate":"https:\/\/pasitoapasito.es\/fr\/?s={search_term_string}"},"query-input":{"@type":"PropertyValueSpecification","valueRequired":true,"valueName":"search_term_string"}}],"inLanguage":"fr-FR"}]}},"_links":{"self":[{"href":"https:\/\/pasitoapasito.es\/fr\/wp-json\/wp\/v2\/product\/43748","targetHints":{"allow":["GET"]}}],"collection":[{"href":"https:\/\/pasitoapasito.es\/fr\/wp-json\/wp\/v2\/product"}],"about":[{"href":"https:\/\/pasitoapasito.es\/fr\/wp-json\/wp\/v2\/types\/product"}],"replies":[{"embeddable":true,"href":"https:\/\/pasitoapasito.es\/fr\/wp-json\/wp\/v2\/comments?post=43748"}],"wp:featuredmedia":[{"embeddable":true,"href":"https:\/\/pasitoapasito.es\/fr\/wp-json\/wp\/v2\/media\/42459"}],"wp:attachment":[{"href":"https:\/\/pasitoapasito.es\/fr\/wp-json\/wp\/v2\/media?parent=43748"}],"wp:term":[{"taxonomy":"colecciones","embeddable":true,"href":"https:\/\/pasitoapasito.es\/fr\/wp-json\/wp\/v2\/colecciones?post=43748"},{"taxonomy":"product_brand","embeddable":true,"href":"https:\/\/pasitoapasito.es\/fr\/wp-json\/wp\/v2\/product_brand?post=43748"},{"taxonomy":"product_cat","embeddable":true,"href":"https:\/\/pasitoapasito.es\/fr\/wp-json\/wp\/v2\/product_cat?post=43748"},{"taxonomy":"product_tag","embeddable":true,"href":"https:\/\/pasitoapasito.es\/fr\/wp-json\/wp\/v2\/product_tag?post=43748"}],"curies":[{"name":"wp","href":"https:\/\/api.w.org\/{rel}","templated":true}]}}