{"id":42352,"date":"2025-08-29T06:48:44","date_gmt":"2025-08-29T06:48:44","guid":{"rendered":"https:\/\/pasitoapasito.es\/?post_type=product&#038;p=42352"},"modified":"2025-08-29T06:48:44","modified_gmt":"2025-08-29T06:48:44","slug":"landau-grandes-roues-nara","status":"publish","type":"product","link":"https:\/\/pasitoapasito.es\/fr\/produit\/landau-grandes-roues-nara\/","title":{"rendered":"LANDAU GRANDES ROUES NARA"},"content":{"rendered":"<p>Landau classique pour poup\u00e9es Pasito a Pasito Collection Nara &#8211; Des promenades de r\u00eave pour vos poup\u00e9es ! Plongez dans l&rsquo;\u00e9l\u00e9gance et la tradition avec le magnifique landau classique pour poup\u00e9es de la collection exclusive Nara de Pasito a Pasito. Cette charmante poussette, avec son design vintage et ses d\u00e9tails raffin\u00e9s, est le jouet id\u00e9al pour les enfants de 3 \u00e0 4 ans qui souhaitent promener leurs poup\u00e9es avec une touche d&rsquo;\u00e9l\u00e9gance. Design classique et romantique : inspir\u00e9 des poussettes d&rsquo;antan, il pr\u00e9sente une structure robuste avec de grandes roues de style traditionnel et un panier spacieux, \u00e9voquant la nostalgie et la beaut\u00e9 intemporelle. Imprim\u00e9 \u00ab Nara \u00bb embl\u00e9matique : d\u00e9cor\u00e9 du d\u00e9licat et doux imprim\u00e9 faon de la collection Nara de Pasito a Pasito, dans des tons beiges, qui apporte une touche de sophistication et de tendresse. D\u00e9tails haut de gamme : finitions soign\u00e9es, volants et confection impeccable qui soulignent la qualit\u00e9 et le soin apport\u00e9s par la marque Pasito a Pasito. Hauteur id\u00e9ale du guidon : avec un guidon \u00e0 68 cm de hauteur, cette poussette est parfaitement adapt\u00e9e \u00e0 la taille des enfants de 3 \u00e0 4 ans, leur assurant une prise en main confortable et une exp\u00e9rience de jeu naturelle. Beaucoup d&rsquo;espace pour les poup\u00e9es : ses dimensions g\u00e9n\u00e9reuses de 74 x 41 x 68 cm en font un mod\u00e8le id\u00e9al pour les poup\u00e9es de 30 \u00e0 42 cm, permettant aux \u00ab b\u00e9b\u00e9s \u00bb de se reposer et de voyager dans un confort total. Sac de transport assorti inclus : la poussette est accompagn\u00e9e d&rsquo;un adorable sac de transport avec le m\u00eame imprim\u00e9 Nara, parfait pour que les enfants puissent transporter les accessoires de leur poup\u00e9e ou leurs petits tr\u00e9sors. Structure robuste et stable : con\u00e7ue pour r\u00e9sister au jeu quotidien, elle offre stabilit\u00e9 et s\u00e9curit\u00e9 \u00e0 chaque promenade. Conforme \u00e0 la norme europ\u00e9enne EN-71 : comme tous les jouets Pasito a Pasito, cette poussette a \u00e9t\u00e9 fabriqu\u00e9e selon les normes de s\u00e9curit\u00e9 les plus strictes et a pass\u00e9 avec succ\u00e8s les tests rigoureux de la norme europ\u00e9enne EN-71, garantissant un jeu s\u00fbr et sans souci. Cette poussette classique pour poup\u00e9es n&rsquo;est pas seulement un jouet, c&rsquo;est une invitation au jeu de r\u00f4le qui stimule l&rsquo;imagination, l&#8217;empathie et les comp\u00e9tences sociales des enfants tout en leur permettant d&rsquo;imiter les adultes dans leurs t\u00e2ches quotidiennes. Un cadeau m\u00e9morable qui ravira tous les petits gar\u00e7ons et toutes les petites filles qui aiment les poup\u00e9es . Laissez la magie de l&rsquo;enfance prendre vie avec l&rsquo;\u00e9l\u00e9gante poussette classique pour poup\u00e9es Pasito a Pasito Collection Nara !<\/p>\n","protected":false},"excerpt":{"rendered":"<p>Landau classique pour poup\u00e9es Pasito a Pasito Collection Nara &#8211; Des promenades de r\u00eave pour vos poup\u00e9es ! Plongez dans l&rsquo;\u00e9l\u00e9gance et la tradition avec le magnifique landau classique pour poup\u00e9es de la collection exclusive Nara de Pasito a Pasito. Cette charmante poussette, avec son design vintage et ses d\u00e9tails raffin\u00e9s, est le jouet id\u00e9al [&hellip;]<\/p>\n","protected":false},"featured_media":42235,"comment_status":"closed","ping_status":"open","template":"","meta":{"_acf_changed":false,"inline_featured_image":false},"colecciones":[332],"product_brand":[],"product_cat":[247],"product_tag":[],"class_list":{"0":"post-42352","1":"product","2":"type-product","3":"status-publish","4":"has-post-thumbnail","6":"colecciones-collection-nara","7":"product_cat-pasito-a-pasito-play","9":"first","10":"instock","11":"purchasable","12":"product-type-simple"},"acf":[],"yoast_head":"<!-- This site is optimized with the Yoast SEO plugin v27.4 - https:\/\/yoast.com\/product\/yoast-seo-wordpress\/ -->\n<title>LANDAU GRANDES ROUES NARA - Pasito a Pasito<\/title>\n<meta name=\"robots\" content=\"index, follow, max-snippet:-1, max-image-preview:large, max-video-preview:-1\" \/>\n<link rel=\"canonical\" href=\"https:\/\/pasitoapasito.es\/fr\/produit\/landau-grandes-roues-nara\/\" \/>\n<meta property=\"og:locale\" content=\"fr_FR\" \/>\n<meta property=\"og:type\" content=\"article\" \/>\n<meta property=\"og:title\" content=\"LANDAU GRANDES ROUES NARA - Pasito a Pasito\" \/>\n<meta property=\"og:description\" content=\"Landau classique pour poup\u00e9es Pasito a Pasito Collection Nara &#8211; Des promenades de r\u00eave pour vos poup\u00e9es ! Plongez dans l&rsquo;\u00e9l\u00e9gance et la tradition avec le magnifique landau classique pour poup\u00e9es de la collection exclusive Nara de Pasito a Pasito. Cette charmante poussette, avec son design vintage et ses d\u00e9tails raffin\u00e9s, est le jouet id\u00e9al [&hellip;]\" \/>\n<meta property=\"og:url\" content=\"https:\/\/pasitoapasito.es\/fr\/produit\/landau-grandes-roues-nara\/\" \/>\n<meta property=\"og:site_name\" content=\"Pasito a Pasito\" \/>\n<meta property=\"og:image\" content=\"https:\/\/pasitoapasito.es\/wp-content\/uploads\/2025\/08\/1120900524_a-1.jpg\" \/>\n\t<meta property=\"og:image:width\" content=\"1800\" \/>\n\t<meta property=\"og:image:height\" content=\"1800\" \/>\n\t<meta property=\"og:image:type\" content=\"image\/jpeg\" \/>\n<meta name=\"twitter:card\" content=\"summary_large_image\" \/>\n<meta name=\"twitter:label1\" content=\"Dur\u00e9e de lecture estim\u00e9e\" \/>\n\t<meta name=\"twitter:data1\" content=\"2 minutes\" \/>\n<script type=\"application\/ld+json\" class=\"yoast-schema-graph\">{\"@context\":\"https:\\\/\\\/schema.org\",\"@graph\":[{\"@type\":\"WebPage\",\"@id\":\"https:\\\/\\\/pasitoapasito.es\\\/fr\\\/produit\\\/landau-grandes-roues-nara\\\/\",\"url\":\"https:\\\/\\\/pasitoapasito.es\\\/fr\\\/produit\\\/landau-grandes-roues-nara\\\/\",\"name\":\"LANDAU GRANDES ROUES NARA - Pasito a Pasito\",\"isPartOf\":{\"@id\":\"https:\\\/\\\/pasitoapasito.es\\\/fr\\\/#website\"},\"primaryImageOfPage\":{\"@id\":\"https:\\\/\\\/pasitoapasito.es\\\/fr\\\/produit\\\/landau-grandes-roues-nara\\\/#primaryimage\"},\"image\":{\"@id\":\"https:\\\/\\\/pasitoapasito.es\\\/fr\\\/produit\\\/landau-grandes-roues-nara\\\/#primaryimage\"},\"thumbnailUrl\":\"https:\\\/\\\/pasitoapasito.es\\\/wp-content\\\/uploads\\\/2025\\\/08\\\/1120900524_a-1.jpg\",\"datePublished\":\"2025-08-29T06:48:44+00:00\",\"breadcrumb\":{\"@id\":\"https:\\\/\\\/pasitoapasito.es\\\/fr\\\/produit\\\/landau-grandes-roues-nara\\\/#breadcrumb\"},\"inLanguage\":\"fr-FR\",\"potentialAction\":[{\"@type\":\"ReadAction\",\"target\":[\"https:\\\/\\\/pasitoapasito.es\\\/fr\\\/produit\\\/landau-grandes-roues-nara\\\/\"]}]},{\"@type\":\"ImageObject\",\"inLanguage\":\"fr-FR\",\"@id\":\"https:\\\/\\\/pasitoapasito.es\\\/fr\\\/produit\\\/landau-grandes-roues-nara\\\/#primaryimage\",\"url\":\"https:\\\/\\\/pasitoapasito.es\\\/wp-content\\\/uploads\\\/2025\\\/08\\\/1120900524_a-1.jpg\",\"contentUrl\":\"https:\\\/\\\/pasitoapasito.es\\\/wp-content\\\/uploads\\\/2025\\\/08\\\/1120900524_a-1.jpg\",\"width\":1800,\"height\":1800},{\"@type\":\"BreadcrumbList\",\"@id\":\"https:\\\/\\\/pasitoapasito.es\\\/fr\\\/produit\\\/landau-grandes-roues-nara\\\/#breadcrumb\",\"itemListElement\":[{\"@type\":\"ListItem\",\"position\":1,\"name\":\"Tienda\",\"item\":\"https:\\\/\\\/pasitoapasito.es\\\/tienda\\\/\"},{\"@type\":\"ListItem\",\"position\":2,\"name\":\"LANDAU GRANDES ROUES NARA\"}]},{\"@type\":\"WebSite\",\"@id\":\"https:\\\/\\\/pasitoapasito.es\\\/fr\\\/#website\",\"url\":\"https:\\\/\\\/pasitoapasito.es\\\/fr\\\/\",\"name\":\"Pasito a Pasito\",\"description\":\"\",\"potentialAction\":[{\"@type\":\"SearchAction\",\"target\":{\"@type\":\"EntryPoint\",\"urlTemplate\":\"https:\\\/\\\/pasitoapasito.es\\\/fr\\\/?s={search_term_string}\"},\"query-input\":{\"@type\":\"PropertyValueSpecification\",\"valueRequired\":true,\"valueName\":\"search_term_string\"}}],\"inLanguage\":\"fr-FR\"}]}<\/script>\n<!-- \/ Yoast SEO plugin. -->","yoast_head_json":{"title":"LANDAU GRANDES ROUES NARA - Pasito a Pasito","robots":{"index":"index","follow":"follow","max-snippet":"max-snippet:-1","max-image-preview":"max-image-preview:large","max-video-preview":"max-video-preview:-1"},"canonical":"https:\/\/pasitoapasito.es\/fr\/produit\/landau-grandes-roues-nara\/","og_locale":"fr_FR","og_type":"article","og_title":"LANDAU GRANDES ROUES NARA - Pasito a Pasito","og_description":"Landau classique pour poup\u00e9es Pasito a Pasito Collection Nara &#8211; Des promenades de r\u00eave pour vos poup\u00e9es ! Plongez dans l&rsquo;\u00e9l\u00e9gance et la tradition avec le magnifique landau classique pour poup\u00e9es de la collection exclusive Nara de Pasito a Pasito. Cette charmante poussette, avec son design vintage et ses d\u00e9tails raffin\u00e9s, est le jouet id\u00e9al [&hellip;]","og_url":"https:\/\/pasitoapasito.es\/fr\/produit\/landau-grandes-roues-nara\/","og_site_name":"Pasito a Pasito","og_image":[{"width":1800,"height":1800,"url":"https:\/\/pasitoapasito.es\/wp-content\/uploads\/2025\/08\/1120900524_a-1.jpg","type":"image\/jpeg"}],"twitter_card":"summary_large_image","twitter_misc":{"Dur\u00e9e de lecture estim\u00e9e":"2 minutes"},"schema":{"@context":"https:\/\/schema.org","@graph":[{"@type":"WebPage","@id":"https:\/\/pasitoapasito.es\/fr\/produit\/landau-grandes-roues-nara\/","url":"https:\/\/pasitoapasito.es\/fr\/produit\/landau-grandes-roues-nara\/","name":"LANDAU GRANDES ROUES NARA - Pasito a Pasito","isPartOf":{"@id":"https:\/\/pasitoapasito.es\/fr\/#website"},"primaryImageOfPage":{"@id":"https:\/\/pasitoapasito.es\/fr\/produit\/landau-grandes-roues-nara\/#primaryimage"},"image":{"@id":"https:\/\/pasitoapasito.es\/fr\/produit\/landau-grandes-roues-nara\/#primaryimage"},"thumbnailUrl":"https:\/\/pasitoapasito.es\/wp-content\/uploads\/2025\/08\/1120900524_a-1.jpg","datePublished":"2025-08-29T06:48:44+00:00","breadcrumb":{"@id":"https:\/\/pasitoapasito.es\/fr\/produit\/landau-grandes-roues-nara\/#breadcrumb"},"inLanguage":"fr-FR","potentialAction":[{"@type":"ReadAction","target":["https:\/\/pasitoapasito.es\/fr\/produit\/landau-grandes-roues-nara\/"]}]},{"@type":"ImageObject","inLanguage":"fr-FR","@id":"https:\/\/pasitoapasito.es\/fr\/produit\/landau-grandes-roues-nara\/#primaryimage","url":"https:\/\/pasitoapasito.es\/wp-content\/uploads\/2025\/08\/1120900524_a-1.jpg","contentUrl":"https:\/\/pasitoapasito.es\/wp-content\/uploads\/2025\/08\/1120900524_a-1.jpg","width":1800,"height":1800},{"@type":"BreadcrumbList","@id":"https:\/\/pasitoapasito.es\/fr\/produit\/landau-grandes-roues-nara\/#breadcrumb","itemListElement":[{"@type":"ListItem","position":1,"name":"Tienda","item":"https:\/\/pasitoapasito.es\/tienda\/"},{"@type":"ListItem","position":2,"name":"LANDAU GRANDES ROUES NARA"}]},{"@type":"WebSite","@id":"https:\/\/pasitoapasito.es\/fr\/#website","url":"https:\/\/pasitoapasito.es\/fr\/","name":"Pasito a Pasito","description":"","potentialAction":[{"@type":"SearchAction","target":{"@type":"EntryPoint","urlTemplate":"https:\/\/pasitoapasito.es\/fr\/?s={search_term_string}"},"query-input":{"@type":"PropertyValueSpecification","valueRequired":true,"valueName":"search_term_string"}}],"inLanguage":"fr-FR"}]}},"_links":{"self":[{"href":"https:\/\/pasitoapasito.es\/fr\/wp-json\/wp\/v2\/product\/42352","targetHints":{"allow":["GET"]}}],"collection":[{"href":"https:\/\/pasitoapasito.es\/fr\/wp-json\/wp\/v2\/product"}],"about":[{"href":"https:\/\/pasitoapasito.es\/fr\/wp-json\/wp\/v2\/types\/product"}],"replies":[{"embeddable":true,"href":"https:\/\/pasitoapasito.es\/fr\/wp-json\/wp\/v2\/comments?post=42352"}],"wp:featuredmedia":[{"embeddable":true,"href":"https:\/\/pasitoapasito.es\/fr\/wp-json\/wp\/v2\/media\/42235"}],"wp:attachment":[{"href":"https:\/\/pasitoapasito.es\/fr\/wp-json\/wp\/v2\/media?parent=42352"}],"wp:term":[{"taxonomy":"colecciones","embeddable":true,"href":"https:\/\/pasitoapasito.es\/fr\/wp-json\/wp\/v2\/colecciones?post=42352"},{"taxonomy":"product_brand","embeddable":true,"href":"https:\/\/pasitoapasito.es\/fr\/wp-json\/wp\/v2\/product_brand?post=42352"},{"taxonomy":"product_cat","embeddable":true,"href":"https:\/\/pasitoapasito.es\/fr\/wp-json\/wp\/v2\/product_cat?post=42352"},{"taxonomy":"product_tag","embeddable":true,"href":"https:\/\/pasitoapasito.es\/fr\/wp-json\/wp\/v2\/product_tag?post=42352"}],"curies":[{"name":"wp","href":"https:\/\/api.w.org\/{rel}","templated":true}]}}