{"id":42349,"date":"2025-08-29T06:48:44","date_gmt":"2025-08-29T06:48:44","guid":{"rendered":"https:\/\/pasitoapasito.es\/?post_type=product&#038;p=42349"},"modified":"2025-08-29T06:48:44","modified_gmt":"2025-08-29T06:48:44","slug":"poupee-bibi-35-cm-cherry-fleurs","status":"publish","type":"product","link":"https:\/\/pasitoapasito.es\/fr\/produit\/poupee-bibi-35-cm-cherry-fleurs\/","title":{"rendered":"POUP\u00c9E BIBI 35 CM CHERRY FLEURS"},"content":{"rendered":"<p>Poup\u00e9e en chiffon Bibi de Pasito a Pasito Collection Cherry 35 cm &#8211; La premi\u00e8re amie de votre petite fille\/petit gar\u00e7on ! D\u00e9couvrez la tendresse et la douceur de l&rsquo;adorable poup\u00e9e en chiffon Bibi, issue de la collection exclusive Cherry de Pasito a Pasito. Avec ses 35 cm, cette poup\u00e9e est la compagne id\u00e9ale et la premi\u00e8re amie de votre petite fille\/petit gar\u00e7on . Design \u00ab Cherry \u00bb raffin\u00e9 : Bibi est v\u00eatue d&rsquo;une adorable tenue compos\u00e9e d&rsquo;un haut \u00e0 imprim\u00e9 floral dans les tons roses et rouges (assorti au reste de la collection Cherry) et d&rsquo;un pantalon en velours c\u00f4tel\u00e9 rose. Ses cheveux bruns attach\u00e9s en couettes avec des n\u0153uds assortis lui donnent un air doux et distinctif. Mat\u00e9riaux ultra-doux : fabriqu\u00e9e en velours, Bibi est incroyablement douce et agr\u00e9able au toucher, parfaite pour les c\u00e2lins et les moments de tendresse, apportant confort et s\u00e9curit\u00e9 \u00e0 votre fille\/fils. Taille id\u00e9ale pour les petites mains : ses 35 cm sont parfaits pour que les plus petits puissent la saisir, la serrer dans leurs bras et la manipuler facilement, favorisant ainsi le d\u00e9veloppement de la motricit\u00e9 fine. S\u00e9curit\u00e9 garantie d\u00e8s la naissance : Bibi est conforme \u00e0 la norme europ\u00e9enne stricte EN-71 relative aux jouets, ce qui la rend adapt\u00e9e d\u00e8s la naissance (+0 mois). Vous pouvez \u00eatre s\u00fbr qu&rsquo;il s&rsquo;agit d&rsquo;un jouet s\u00fbr et exempt d&rsquo;\u00e9l\u00e9ments dangereux pour votre nouveau-n\u00e9. Une amie qui grandit avec votre b\u00e9b\u00e9 : Bibi n&rsquo;est pas seulement un jouet, c&rsquo;est un objet transitionnel qui apporte r\u00e9confort et aide au d\u00e9veloppement \u00e9motionnel du b\u00e9b\u00e9. Au fur et \u00e0 mesure qu&rsquo;il grandit, il deviendra un \u00e9l\u00e9ment cl\u00e9 pour les jeux de r\u00f4le et la simulation, stimulant l&rsquo;imagination et l&rsquo;expression des \u00e9motions. Id\u00e9al pour une naissance, une baby shower, un anniversaire ou simplement pour offrir un cadeau plein d&rsquo;amour et de tendresse. La poup\u00e9e en tissu Bibi de Pasito a Pasito Collection Cherry est un cadeau inoubliable qui fera partie des premiers souvenirs les plus chers de votre enfant. Ajoutez une touche de douceur et de s\u00e9curit\u00e9 \u00e0 l&rsquo;univers de votre b\u00e9b\u00e9 avec la poup\u00e9e en tissu Bibi de Pasito a Pasito Collection Cherry !<\/p>\n","protected":false},"excerpt":{"rendered":"<p>Poup\u00e9e en chiffon Bibi de Pasito a Pasito Collection Cherry 35 cm &#8211; La premi\u00e8re amie de votre petite fille\/petit gar\u00e7on ! D\u00e9couvrez la tendresse et la douceur de l&rsquo;adorable poup\u00e9e en chiffon Bibi, issue de la collection exclusive Cherry de Pasito a Pasito. Avec ses 35 cm, cette poup\u00e9e est la compagne id\u00e9ale et [&hellip;]<\/p>\n","protected":false},"featured_media":42160,"comment_status":"closed","ping_status":"open","template":"","meta":{"_acf_changed":false,"inline_featured_image":false},"colecciones":[352],"product_brand":[],"product_cat":[247],"product_tag":[],"class_list":{"0":"post-42349","1":"product","2":"type-product","3":"status-publish","4":"has-post-thumbnail","6":"colecciones-collection-cherry","7":"product_cat-pasito-a-pasito-play","9":"first","10":"instock","11":"purchasable","12":"product-type-simple"},"acf":[],"yoast_head":"<!-- This site is optimized with the Yoast SEO plugin v27.3 - https:\/\/yoast.com\/product\/yoast-seo-wordpress\/ -->\n<title>POUP\u00c9E BIBI 35 CM CHERRY FLEURS - Pasito a Pasito<\/title>\n<meta name=\"robots\" content=\"index, follow, max-snippet:-1, max-image-preview:large, max-video-preview:-1\" \/>\n<link rel=\"canonical\" href=\"https:\/\/pasitoapasito.es\/fr\/produit\/poupee-bibi-35-cm-cherry-fleurs\/\" \/>\n<meta property=\"og:locale\" content=\"fr_FR\" \/>\n<meta property=\"og:type\" content=\"article\" \/>\n<meta property=\"og:title\" content=\"POUP\u00c9E BIBI 35 CM CHERRY FLEURS - Pasito a Pasito\" \/>\n<meta property=\"og:description\" content=\"Poup\u00e9e en chiffon Bibi de Pasito a Pasito Collection Cherry 35 cm &#8211; La premi\u00e8re amie de votre petite fille\/petit gar\u00e7on ! D\u00e9couvrez la tendresse et la douceur de l&rsquo;adorable poup\u00e9e en chiffon Bibi, issue de la collection exclusive Cherry de Pasito a Pasito. Avec ses 35 cm, cette poup\u00e9e est la compagne id\u00e9ale et [&hellip;]\" \/>\n<meta property=\"og:url\" content=\"https:\/\/pasitoapasito.es\/fr\/produit\/poupee-bibi-35-cm-cherry-fleurs\/\" \/>\n<meta property=\"og:site_name\" content=\"Pasito a Pasito\" \/>\n<meta property=\"og:image\" content=\"https:\/\/pasitoapasito.es\/wp-content\/uploads\/2025\/08\/1120900553_a-1.jpg\" \/>\n\t<meta property=\"og:image:width\" content=\"1800\" \/>\n\t<meta property=\"og:image:height\" content=\"1800\" \/>\n\t<meta property=\"og:image:type\" content=\"image\/jpeg\" \/>\n<meta name=\"twitter:card\" content=\"summary_large_image\" \/>\n<meta name=\"twitter:label1\" content=\"Dur\u00e9e de lecture estim\u00e9e\" \/>\n\t<meta name=\"twitter:data1\" content=\"2 minutes\" \/>\n<script type=\"application\/ld+json\" class=\"yoast-schema-graph\">{\"@context\":\"https:\\\/\\\/schema.org\",\"@graph\":[{\"@type\":\"WebPage\",\"@id\":\"https:\\\/\\\/pasitoapasito.es\\\/fr\\\/produit\\\/poupee-bibi-35-cm-cherry-fleurs\\\/\",\"url\":\"https:\\\/\\\/pasitoapasito.es\\\/fr\\\/produit\\\/poupee-bibi-35-cm-cherry-fleurs\\\/\",\"name\":\"POUP\u00c9E BIBI 35 CM CHERRY FLEURS - Pasito a Pasito\",\"isPartOf\":{\"@id\":\"https:\\\/\\\/pasitoapasito.es\\\/fr\\\/#website\"},\"primaryImageOfPage\":{\"@id\":\"https:\\\/\\\/pasitoapasito.es\\\/fr\\\/produit\\\/poupee-bibi-35-cm-cherry-fleurs\\\/#primaryimage\"},\"image\":{\"@id\":\"https:\\\/\\\/pasitoapasito.es\\\/fr\\\/produit\\\/poupee-bibi-35-cm-cherry-fleurs\\\/#primaryimage\"},\"thumbnailUrl\":\"https:\\\/\\\/pasitoapasito.es\\\/wp-content\\\/uploads\\\/2025\\\/08\\\/1120900553_a-1.jpg\",\"datePublished\":\"2025-08-29T06:48:44+00:00\",\"breadcrumb\":{\"@id\":\"https:\\\/\\\/pasitoapasito.es\\\/fr\\\/produit\\\/poupee-bibi-35-cm-cherry-fleurs\\\/#breadcrumb\"},\"inLanguage\":\"fr-FR\",\"potentialAction\":[{\"@type\":\"ReadAction\",\"target\":[\"https:\\\/\\\/pasitoapasito.es\\\/fr\\\/produit\\\/poupee-bibi-35-cm-cherry-fleurs\\\/\"]}]},{\"@type\":\"ImageObject\",\"inLanguage\":\"fr-FR\",\"@id\":\"https:\\\/\\\/pasitoapasito.es\\\/fr\\\/produit\\\/poupee-bibi-35-cm-cherry-fleurs\\\/#primaryimage\",\"url\":\"https:\\\/\\\/pasitoapasito.es\\\/wp-content\\\/uploads\\\/2025\\\/08\\\/1120900553_a-1.jpg\",\"contentUrl\":\"https:\\\/\\\/pasitoapasito.es\\\/wp-content\\\/uploads\\\/2025\\\/08\\\/1120900553_a-1.jpg\",\"width\":1800,\"height\":1800},{\"@type\":\"BreadcrumbList\",\"@id\":\"https:\\\/\\\/pasitoapasito.es\\\/fr\\\/produit\\\/poupee-bibi-35-cm-cherry-fleurs\\\/#breadcrumb\",\"itemListElement\":[{\"@type\":\"ListItem\",\"position\":1,\"name\":\"Tienda\",\"item\":\"https:\\\/\\\/pasitoapasito.es\\\/tienda\\\/\"},{\"@type\":\"ListItem\",\"position\":2,\"name\":\"POUP\u00c9E BIBI 35 CM CHERRY FLEURS\"}]},{\"@type\":\"WebSite\",\"@id\":\"https:\\\/\\\/pasitoapasito.es\\\/fr\\\/#website\",\"url\":\"https:\\\/\\\/pasitoapasito.es\\\/fr\\\/\",\"name\":\"Pasito a Pasito\",\"description\":\"\",\"potentialAction\":[{\"@type\":\"SearchAction\",\"target\":{\"@type\":\"EntryPoint\",\"urlTemplate\":\"https:\\\/\\\/pasitoapasito.es\\\/fr\\\/?s={search_term_string}\"},\"query-input\":{\"@type\":\"PropertyValueSpecification\",\"valueRequired\":true,\"valueName\":\"search_term_string\"}}],\"inLanguage\":\"fr-FR\"}]}<\/script>\n<!-- \/ Yoast SEO plugin. -->","yoast_head_json":{"title":"POUP\u00c9E BIBI 35 CM CHERRY FLEURS - Pasito a Pasito","robots":{"index":"index","follow":"follow","max-snippet":"max-snippet:-1","max-image-preview":"max-image-preview:large","max-video-preview":"max-video-preview:-1"},"canonical":"https:\/\/pasitoapasito.es\/fr\/produit\/poupee-bibi-35-cm-cherry-fleurs\/","og_locale":"fr_FR","og_type":"article","og_title":"POUP\u00c9E BIBI 35 CM CHERRY FLEURS - Pasito a Pasito","og_description":"Poup\u00e9e en chiffon Bibi de Pasito a Pasito Collection Cherry 35 cm &#8211; La premi\u00e8re amie de votre petite fille\/petit gar\u00e7on ! D\u00e9couvrez la tendresse et la douceur de l&rsquo;adorable poup\u00e9e en chiffon Bibi, issue de la collection exclusive Cherry de Pasito a Pasito. Avec ses 35 cm, cette poup\u00e9e est la compagne id\u00e9ale et [&hellip;]","og_url":"https:\/\/pasitoapasito.es\/fr\/produit\/poupee-bibi-35-cm-cherry-fleurs\/","og_site_name":"Pasito a Pasito","og_image":[{"width":1800,"height":1800,"url":"https:\/\/pasitoapasito.es\/wp-content\/uploads\/2025\/08\/1120900553_a-1.jpg","type":"image\/jpeg"}],"twitter_card":"summary_large_image","twitter_misc":{"Dur\u00e9e de lecture estim\u00e9e":"2 minutes"},"schema":{"@context":"https:\/\/schema.org","@graph":[{"@type":"WebPage","@id":"https:\/\/pasitoapasito.es\/fr\/produit\/poupee-bibi-35-cm-cherry-fleurs\/","url":"https:\/\/pasitoapasito.es\/fr\/produit\/poupee-bibi-35-cm-cherry-fleurs\/","name":"POUP\u00c9E BIBI 35 CM CHERRY FLEURS - Pasito a Pasito","isPartOf":{"@id":"https:\/\/pasitoapasito.es\/fr\/#website"},"primaryImageOfPage":{"@id":"https:\/\/pasitoapasito.es\/fr\/produit\/poupee-bibi-35-cm-cherry-fleurs\/#primaryimage"},"image":{"@id":"https:\/\/pasitoapasito.es\/fr\/produit\/poupee-bibi-35-cm-cherry-fleurs\/#primaryimage"},"thumbnailUrl":"https:\/\/pasitoapasito.es\/wp-content\/uploads\/2025\/08\/1120900553_a-1.jpg","datePublished":"2025-08-29T06:48:44+00:00","breadcrumb":{"@id":"https:\/\/pasitoapasito.es\/fr\/produit\/poupee-bibi-35-cm-cherry-fleurs\/#breadcrumb"},"inLanguage":"fr-FR","potentialAction":[{"@type":"ReadAction","target":["https:\/\/pasitoapasito.es\/fr\/produit\/poupee-bibi-35-cm-cherry-fleurs\/"]}]},{"@type":"ImageObject","inLanguage":"fr-FR","@id":"https:\/\/pasitoapasito.es\/fr\/produit\/poupee-bibi-35-cm-cherry-fleurs\/#primaryimage","url":"https:\/\/pasitoapasito.es\/wp-content\/uploads\/2025\/08\/1120900553_a-1.jpg","contentUrl":"https:\/\/pasitoapasito.es\/wp-content\/uploads\/2025\/08\/1120900553_a-1.jpg","width":1800,"height":1800},{"@type":"BreadcrumbList","@id":"https:\/\/pasitoapasito.es\/fr\/produit\/poupee-bibi-35-cm-cherry-fleurs\/#breadcrumb","itemListElement":[{"@type":"ListItem","position":1,"name":"Tienda","item":"https:\/\/pasitoapasito.es\/tienda\/"},{"@type":"ListItem","position":2,"name":"POUP\u00c9E BIBI 35 CM CHERRY FLEURS"}]},{"@type":"WebSite","@id":"https:\/\/pasitoapasito.es\/fr\/#website","url":"https:\/\/pasitoapasito.es\/fr\/","name":"Pasito a Pasito","description":"","potentialAction":[{"@type":"SearchAction","target":{"@type":"EntryPoint","urlTemplate":"https:\/\/pasitoapasito.es\/fr\/?s={search_term_string}"},"query-input":{"@type":"PropertyValueSpecification","valueRequired":true,"valueName":"search_term_string"}}],"inLanguage":"fr-FR"}]}},"_links":{"self":[{"href":"https:\/\/pasitoapasito.es\/fr\/wp-json\/wp\/v2\/product\/42349","targetHints":{"allow":["GET"]}}],"collection":[{"href":"https:\/\/pasitoapasito.es\/fr\/wp-json\/wp\/v2\/product"}],"about":[{"href":"https:\/\/pasitoapasito.es\/fr\/wp-json\/wp\/v2\/types\/product"}],"replies":[{"embeddable":true,"href":"https:\/\/pasitoapasito.es\/fr\/wp-json\/wp\/v2\/comments?post=42349"}],"wp:featuredmedia":[{"embeddable":true,"href":"https:\/\/pasitoapasito.es\/fr\/wp-json\/wp\/v2\/media\/42160"}],"wp:attachment":[{"href":"https:\/\/pasitoapasito.es\/fr\/wp-json\/wp\/v2\/media?parent=42349"}],"wp:term":[{"taxonomy":"colecciones","embeddable":true,"href":"https:\/\/pasitoapasito.es\/fr\/wp-json\/wp\/v2\/colecciones?post=42349"},{"taxonomy":"product_brand","embeddable":true,"href":"https:\/\/pasitoapasito.es\/fr\/wp-json\/wp\/v2\/product_brand?post=42349"},{"taxonomy":"product_cat","embeddable":true,"href":"https:\/\/pasitoapasito.es\/fr\/wp-json\/wp\/v2\/product_cat?post=42349"},{"taxonomy":"product_tag","embeddable":true,"href":"https:\/\/pasitoapasito.es\/fr\/wp-json\/wp\/v2\/product_tag?post=42349"}],"curies":[{"name":"wp","href":"https:\/\/api.w.org\/{rel}","templated":true}]}}