{"id":42346,"date":"2025-08-29T06:48:43","date_gmt":"2025-08-29T06:48:43","guid":{"rendered":"https:\/\/pasitoapasito.es\/?post_type=product&#038;p=42346"},"modified":"2025-08-29T06:48:43","modified_gmt":"2025-08-29T06:48:43","slug":"landau-cherry-fleurs","status":"publish","type":"product","link":"https:\/\/pasitoapasito.es\/fr\/produit\/landau-cherry-fleurs\/","title":{"rendered":"LANDAU CHERRY FLEURS"},"content":{"rendered":"<p>Landau pour poup\u00e9es Pasito a Pasito Collection Cherry &#8211; Promenez-vous avec style et \u00e9l\u00e9gance ! Invitez votre enfant dans un monde de jeu et de fantaisie avec l&rsquo;adorable landau pliable pour poup\u00e9es de la collection Cherry de Pasito a Pasito ! Cette magnifique poussette est le cadeau id\u00e9al pour les enfants de 3 \u00e0 4 ans, con\u00e7ue pour qu&rsquo;ils puissent promener leurs poup\u00e9es pr\u00e9f\u00e9r\u00e9es avec style et confort. Imprim\u00e9 \u00ab Cherry \u00bb exclusif : la poussette se distingue par son imprim\u00e9 floral tendre et d\u00e9licat dans des tons roses et rouges, caract\u00e9ristique de la c\u00e9l\u00e8bre collection Cherry de Pasito a Pasito. Un design intemporel qui apporte une touche de douceur \u00e0 chaque promenade. D\u00e9tails charmants : elle comprend des volants et des finitions impeccables qui lui donnent l&rsquo;apparence d&rsquo;une v\u00e9ritable poussette, favorisant un jeu d&rsquo;imitation plus immersif et amusant. Pliable et facile \u00e0 ranger : son syst\u00e8me de pliage pratique permet de la ranger sans prendre de place, id\u00e9al pour les maisons avec un espace limit\u00e9 ou pour la transporter facilement en voiture. Guidon \u00e0 la hauteur parfaite : avec un guidon \u00e0 61 cm de hauteur, , cette poussette est ergonomiquement con\u00e7ue pour la taille des enfants de 3 \u00e0 4 ans, facilitant une prise en main confortable et une conduite facile. Beaucoup d&rsquo;espace pour les poup\u00e9es : avec ses dimensions de 36 x 58 x 68 cm, la nacelle est id\u00e9ale pour les poup\u00e9es de 30 \u00e0 42 cm, offrant une promenade spacieuse et confortable \u00e0 vos petits compagnons de jeu. Panier inf\u00e9rieur pratique : il comprend un panier dans la partie inf\u00e9rieure, parfait pour transporter les accessoires de la poup\u00e9e, tels que des biberons, des v\u00eatements ou des petits jouets, favorisant ainsi l&rsquo;organisation et l&rsquo;autonomie dans le jeu. Sac assorti : un accessoire id\u00e9al qui permet aux petits de transporter leurs indispensables ou les accessoires de leur poup\u00e9e, ajoutant une touche de r\u00e9alisme et de plaisir au jeu. Fabrication de qualit\u00e9 : construit avec des mat\u00e9riaux r\u00e9sistants et durables pour supporter des heures de jeu actif. Conforme \u00e0 la norme europ\u00e9enne EN-71 : garantit que le chariot a \u00e9t\u00e9 soumis \u00e0 des tests de s\u00e9curit\u00e9 rigoureux, offrant ainsi une tranquillit\u00e9 d&rsquo;esprit aux parents.<\/p>\n","protected":false},"excerpt":{"rendered":"<p>Landau pour poup\u00e9es Pasito a Pasito Collection Cherry &#8211; Promenez-vous avec style et \u00e9l\u00e9gance ! Invitez votre enfant dans un monde de jeu et de fantaisie avec l&rsquo;adorable landau pliable pour poup\u00e9es de la collection Cherry de Pasito a Pasito ! Cette magnifique poussette est le cadeau id\u00e9al pour les enfants de 3 \u00e0 4 [&hellip;]<\/p>\n","protected":false},"featured_media":42045,"comment_status":"closed","ping_status":"closed","template":"","meta":{"_acf_changed":false,"inline_featured_image":false},"colecciones":[352],"product_brand":[],"product_cat":[247],"product_tag":[],"class_list":{"0":"post-42346","1":"product","2":"type-product","3":"status-publish","4":"has-post-thumbnail","6":"colecciones-collection-cherry","7":"product_cat-pasito-a-pasito-play","9":"first","10":"instock","11":"purchasable","12":"product-type-simple"},"acf":[],"yoast_head":"<!-- This site is optimized with the Yoast SEO plugin v27.4 - https:\/\/yoast.com\/product\/yoast-seo-wordpress\/ -->\n<title>LANDAU CHERRY FLEURS - Pasito a Pasito<\/title>\n<meta name=\"robots\" content=\"index, follow, max-snippet:-1, max-image-preview:large, max-video-preview:-1\" \/>\n<link rel=\"canonical\" href=\"https:\/\/pasitoapasito.es\/fr\/produit\/landau-cherry-fleurs\/\" \/>\n<meta property=\"og:locale\" content=\"fr_FR\" \/>\n<meta property=\"og:type\" content=\"article\" \/>\n<meta property=\"og:title\" content=\"LANDAU CHERRY FLEURS - Pasito a Pasito\" \/>\n<meta property=\"og:description\" content=\"Landau pour poup\u00e9es Pasito a Pasito Collection Cherry &#8211; Promenez-vous avec style et \u00e9l\u00e9gance ! Invitez votre enfant dans un monde de jeu et de fantaisie avec l&rsquo;adorable landau pliable pour poup\u00e9es de la collection Cherry de Pasito a Pasito ! Cette magnifique poussette est le cadeau id\u00e9al pour les enfants de 3 \u00e0 4 [&hellip;]\" \/>\n<meta property=\"og:url\" content=\"https:\/\/pasitoapasito.es\/fr\/produit\/landau-cherry-fleurs\/\" \/>\n<meta property=\"og:site_name\" content=\"Pasito a Pasito\" \/>\n<meta property=\"og:image\" content=\"https:\/\/pasitoapasito.es\/wp-content\/uploads\/2025\/08\/1120900519_a-1.jpg\" \/>\n\t<meta property=\"og:image:width\" content=\"1800\" \/>\n\t<meta property=\"og:image:height\" content=\"1800\" \/>\n\t<meta property=\"og:image:type\" content=\"image\/jpeg\" \/>\n<meta name=\"twitter:card\" content=\"summary_large_image\" \/>\n<meta name=\"twitter:label1\" content=\"Dur\u00e9e de lecture estim\u00e9e\" \/>\n\t<meta name=\"twitter:data1\" content=\"2 minutes\" \/>\n<script type=\"application\/ld+json\" class=\"yoast-schema-graph\">{\"@context\":\"https:\\\/\\\/schema.org\",\"@graph\":[{\"@type\":\"WebPage\",\"@id\":\"https:\\\/\\\/pasitoapasito.es\\\/fr\\\/produit\\\/landau-cherry-fleurs\\\/\",\"url\":\"https:\\\/\\\/pasitoapasito.es\\\/fr\\\/produit\\\/landau-cherry-fleurs\\\/\",\"name\":\"LANDAU CHERRY FLEURS - Pasito a Pasito\",\"isPartOf\":{\"@id\":\"https:\\\/\\\/pasitoapasito.es\\\/fr\\\/#website\"},\"primaryImageOfPage\":{\"@id\":\"https:\\\/\\\/pasitoapasito.es\\\/fr\\\/produit\\\/landau-cherry-fleurs\\\/#primaryimage\"},\"image\":{\"@id\":\"https:\\\/\\\/pasitoapasito.es\\\/fr\\\/produit\\\/landau-cherry-fleurs\\\/#primaryimage\"},\"thumbnailUrl\":\"https:\\\/\\\/pasitoapasito.es\\\/wp-content\\\/uploads\\\/2025\\\/08\\\/1120900519_a-1.jpg\",\"datePublished\":\"2025-08-29T06:48:43+00:00\",\"breadcrumb\":{\"@id\":\"https:\\\/\\\/pasitoapasito.es\\\/fr\\\/produit\\\/landau-cherry-fleurs\\\/#breadcrumb\"},\"inLanguage\":\"fr-FR\",\"potentialAction\":[{\"@type\":\"ReadAction\",\"target\":[\"https:\\\/\\\/pasitoapasito.es\\\/fr\\\/produit\\\/landau-cherry-fleurs\\\/\"]}]},{\"@type\":\"ImageObject\",\"inLanguage\":\"fr-FR\",\"@id\":\"https:\\\/\\\/pasitoapasito.es\\\/fr\\\/produit\\\/landau-cherry-fleurs\\\/#primaryimage\",\"url\":\"https:\\\/\\\/pasitoapasito.es\\\/wp-content\\\/uploads\\\/2025\\\/08\\\/1120900519_a-1.jpg\",\"contentUrl\":\"https:\\\/\\\/pasitoapasito.es\\\/wp-content\\\/uploads\\\/2025\\\/08\\\/1120900519_a-1.jpg\",\"width\":1800,\"height\":1800},{\"@type\":\"BreadcrumbList\",\"@id\":\"https:\\\/\\\/pasitoapasito.es\\\/fr\\\/produit\\\/landau-cherry-fleurs\\\/#breadcrumb\",\"itemListElement\":[{\"@type\":\"ListItem\",\"position\":1,\"name\":\"Tienda\",\"item\":\"https:\\\/\\\/pasitoapasito.es\\\/tienda\\\/\"},{\"@type\":\"ListItem\",\"position\":2,\"name\":\"LANDAU CHERRY FLEURS\"}]},{\"@type\":\"WebSite\",\"@id\":\"https:\\\/\\\/pasitoapasito.es\\\/fr\\\/#website\",\"url\":\"https:\\\/\\\/pasitoapasito.es\\\/fr\\\/\",\"name\":\"Pasito a Pasito\",\"description\":\"\",\"potentialAction\":[{\"@type\":\"SearchAction\",\"target\":{\"@type\":\"EntryPoint\",\"urlTemplate\":\"https:\\\/\\\/pasitoapasito.es\\\/fr\\\/?s={search_term_string}\"},\"query-input\":{\"@type\":\"PropertyValueSpecification\",\"valueRequired\":true,\"valueName\":\"search_term_string\"}}],\"inLanguage\":\"fr-FR\"}]}<\/script>\n<!-- \/ Yoast SEO plugin. -->","yoast_head_json":{"title":"LANDAU CHERRY FLEURS - Pasito a Pasito","robots":{"index":"index","follow":"follow","max-snippet":"max-snippet:-1","max-image-preview":"max-image-preview:large","max-video-preview":"max-video-preview:-1"},"canonical":"https:\/\/pasitoapasito.es\/fr\/produit\/landau-cherry-fleurs\/","og_locale":"fr_FR","og_type":"article","og_title":"LANDAU CHERRY FLEURS - Pasito a Pasito","og_description":"Landau pour poup\u00e9es Pasito a Pasito Collection Cherry &#8211; Promenez-vous avec style et \u00e9l\u00e9gance ! Invitez votre enfant dans un monde de jeu et de fantaisie avec l&rsquo;adorable landau pliable pour poup\u00e9es de la collection Cherry de Pasito a Pasito ! Cette magnifique poussette est le cadeau id\u00e9al pour les enfants de 3 \u00e0 4 [&hellip;]","og_url":"https:\/\/pasitoapasito.es\/fr\/produit\/landau-cherry-fleurs\/","og_site_name":"Pasito a Pasito","og_image":[{"width":1800,"height":1800,"url":"https:\/\/pasitoapasito.es\/wp-content\/uploads\/2025\/08\/1120900519_a-1.jpg","type":"image\/jpeg"}],"twitter_card":"summary_large_image","twitter_misc":{"Dur\u00e9e de lecture estim\u00e9e":"2 minutes"},"schema":{"@context":"https:\/\/schema.org","@graph":[{"@type":"WebPage","@id":"https:\/\/pasitoapasito.es\/fr\/produit\/landau-cherry-fleurs\/","url":"https:\/\/pasitoapasito.es\/fr\/produit\/landau-cherry-fleurs\/","name":"LANDAU CHERRY FLEURS - Pasito a Pasito","isPartOf":{"@id":"https:\/\/pasitoapasito.es\/fr\/#website"},"primaryImageOfPage":{"@id":"https:\/\/pasitoapasito.es\/fr\/produit\/landau-cherry-fleurs\/#primaryimage"},"image":{"@id":"https:\/\/pasitoapasito.es\/fr\/produit\/landau-cherry-fleurs\/#primaryimage"},"thumbnailUrl":"https:\/\/pasitoapasito.es\/wp-content\/uploads\/2025\/08\/1120900519_a-1.jpg","datePublished":"2025-08-29T06:48:43+00:00","breadcrumb":{"@id":"https:\/\/pasitoapasito.es\/fr\/produit\/landau-cherry-fleurs\/#breadcrumb"},"inLanguage":"fr-FR","potentialAction":[{"@type":"ReadAction","target":["https:\/\/pasitoapasito.es\/fr\/produit\/landau-cherry-fleurs\/"]}]},{"@type":"ImageObject","inLanguage":"fr-FR","@id":"https:\/\/pasitoapasito.es\/fr\/produit\/landau-cherry-fleurs\/#primaryimage","url":"https:\/\/pasitoapasito.es\/wp-content\/uploads\/2025\/08\/1120900519_a-1.jpg","contentUrl":"https:\/\/pasitoapasito.es\/wp-content\/uploads\/2025\/08\/1120900519_a-1.jpg","width":1800,"height":1800},{"@type":"BreadcrumbList","@id":"https:\/\/pasitoapasito.es\/fr\/produit\/landau-cherry-fleurs\/#breadcrumb","itemListElement":[{"@type":"ListItem","position":1,"name":"Tienda","item":"https:\/\/pasitoapasito.es\/tienda\/"},{"@type":"ListItem","position":2,"name":"LANDAU CHERRY FLEURS"}]},{"@type":"WebSite","@id":"https:\/\/pasitoapasito.es\/fr\/#website","url":"https:\/\/pasitoapasito.es\/fr\/","name":"Pasito a Pasito","description":"","potentialAction":[{"@type":"SearchAction","target":{"@type":"EntryPoint","urlTemplate":"https:\/\/pasitoapasito.es\/fr\/?s={search_term_string}"},"query-input":{"@type":"PropertyValueSpecification","valueRequired":true,"valueName":"search_term_string"}}],"inLanguage":"fr-FR"}]}},"_links":{"self":[{"href":"https:\/\/pasitoapasito.es\/fr\/wp-json\/wp\/v2\/product\/42346","targetHints":{"allow":["GET"]}}],"collection":[{"href":"https:\/\/pasitoapasito.es\/fr\/wp-json\/wp\/v2\/product"}],"about":[{"href":"https:\/\/pasitoapasito.es\/fr\/wp-json\/wp\/v2\/types\/product"}],"replies":[{"embeddable":true,"href":"https:\/\/pasitoapasito.es\/fr\/wp-json\/wp\/v2\/comments?post=42346"}],"wp:featuredmedia":[{"embeddable":true,"href":"https:\/\/pasitoapasito.es\/fr\/wp-json\/wp\/v2\/media\/42045"}],"wp:attachment":[{"href":"https:\/\/pasitoapasito.es\/fr\/wp-json\/wp\/v2\/media?parent=42346"}],"wp:term":[{"taxonomy":"colecciones","embeddable":true,"href":"https:\/\/pasitoapasito.es\/fr\/wp-json\/wp\/v2\/colecciones?post=42346"},{"taxonomy":"product_brand","embeddable":true,"href":"https:\/\/pasitoapasito.es\/fr\/wp-json\/wp\/v2\/product_brand?post=42346"},{"taxonomy":"product_cat","embeddable":true,"href":"https:\/\/pasitoapasito.es\/fr\/wp-json\/wp\/v2\/product_cat?post=42346"},{"taxonomy":"product_tag","embeddable":true,"href":"https:\/\/pasitoapasito.es\/fr\/wp-json\/wp\/v2\/product_tag?post=42346"}],"curies":[{"name":"wp","href":"https:\/\/api.w.org\/{rel}","templated":true}]}}