{"id":41675,"date":"2025-08-01T07:01:08","date_gmt":"2025-08-01T07:01:08","guid":{"rendered":"https:\/\/pasitoapasito.es\/?post_type=product&#038;p=41675"},"modified":"2025-08-01T07:13:01","modified_gmt":"2025-08-01T07:13:01","slug":"sac-bandouliere-gondola-london-brown","status":"publish","type":"product","link":"https:\/\/pasitoapasito.es\/fr\/produit\/sac-bandouliere-gondola-london-brown\/","title":{"rendered":"SAC BANDOULI\u00c8RE GONDOLA LONDON BROWN"},"content":{"rendered":"<p>Sac bandouli\u00e8re Gondola London Brown de Pasito a Pasito : la praticit\u00e9 que vous recherchiez. D\u00e9couvrez la polyvalence et le style minimaliste du sac bandouli\u00e8re Gondola London Brown de Pasito a Pasito. Con\u00e7ue pour les parents \u00e0 la recherche d&rsquo;une option compacte mais efficace, cette bandouli\u00e8re est parfaite pour transporter l&rsquo;essentiel lors de vos promenades quotidiennes, vos sorties rapides ou comme compl\u00e9ment l\u00e9ger \u00e0 votre sac principal. Sa forme ergonomique et son design sophistiqu\u00e9 en font un accessoire indispensable pour la vie moderne avec un b\u00e9b\u00e9. Caract\u00e9ristiques cl\u00e9s qui la rendent unique. Design compact et ergonomique : sa forme distinctive en demi-lune en similicuir granul\u00e9 marron avec des \u00e9toiles lui conf\u00e8re un look contemporain et s&rsquo;adapte confortablement au corps ou \u00e0 la poussette. Id\u00e9al pour l&rsquo;essentiel : parfait pour transporter les objets indispensables que vous devez avoir \u00e0 port\u00e9e de main : la t\u00e9tine, une couche, des lingettes, votre t\u00e9l\u00e9phone portable, vos cl\u00e9s ou un petit jouet. Sa taille id\u00e9ale la rend pratique sans \u00eatre encombrante. Organisation intelligente : malgr\u00e9 sa taille compacte, l&rsquo;int\u00e9rieur est bien pens\u00e9 pour que vous puissiez organiser vos affaires. Elle dispose d&rsquo;un compartiment principal qui vous permet d&rsquo;acc\u00e9der facilement \u00e0 tout, y compris une poche lat\u00e9rale avec fermeture \u00e0 glissi\u00e8re. Polyvalence d&rsquo;utilisation. Bandouli\u00e8re r\u00e9glable : portez-la confortablement en bandouli\u00e8re ou \u00e0 l&rsquo;\u00e9paule gr\u00e2ce \u00e0 sa sangle r\u00e9glable avec mousquetons, qui s&rsquo;adapte \u00e0 votre taille et \u00e0 vos pr\u00e9f\u00e9rences. Crochets pour poussette : \u00e9quip\u00e9e de mousquetons robustes pour l&rsquo;accrocher de mani\u00e8re s\u00fbre et pratique au guidon de n&rsquo;importe quelle poussette ou landau. Lib\u00e9rez vos mains en un instant ! Mat\u00e9riaux de haute qualit\u00e9 et faciles d&rsquo;entretien : fabriqu\u00e9 en similicuir r\u00e9sistant et durable, ce sac bandouli\u00e8re est tr\u00e8s facile \u00e0 nettoyer avec un chiffon humide, ce qui garantit son bon \u00e9tat et son aspect au fil du temps. Pourquoi choisir le sac bandouli\u00e8re G\u00f3ndola London Brown de Pasito a Pasito ? Parce que c&rsquo;est la solution id\u00e9ale lorsque vous n&rsquo;avez pas besoin d&#8217;emporter un grand sac, mais que vous souhaitez avoir \u00e0 port\u00e9e de main l&rsquo;essentiel pour vous et votre b\u00e9b\u00e9. Elle allie fonctionnalit\u00e9, design et qualit\u00e9 caract\u00e9ristique de Pasito a Pasito, rendant votre quotidien plus confortable et \u00e9l\u00e9gant. C&rsquo;est l&rsquo;accessoire parfait pour l s parents qui appr\u00e9cient la praticit\u00e9 sans renoncer \u00e0 l&rsquo;\u00e9l\u00e9gance. Ne vous compliquez pas la vie et emportez seulement le n\u00e9cessaire avec style ! Procurez-vous le sac bandouli\u00e8re Gondola London Brown de Pasito a Pasito et profitez de sa l\u00e9g\u00e8ret\u00e9 et de son organisation lors de vos promenades. Il est fabriqu\u00e9 \u00e0 partir de mat\u00e9riaux de grande qualit\u00e9, sans colorants azo\u00efques, phtalates ni substances nocives pour la sant\u00e9. Nos mod\u00e8les sont exclusifs et ont un style unique, con\u00e7us pour les m\u00e8res modernes qui ont bon go\u00fbt et qui appr\u00e9cient les d\u00e9tails autant que nous. Dimensions : 38 x 20 x 8 cm<\/p>\n","protected":false},"excerpt":{"rendered":"<p>Sac bandouli\u00e8re Gondola London Brown de Pasito a Pasito : la praticit\u00e9 que vous recherchiez. D\u00e9couvrez la polyvalence et le style minimaliste du sac bandouli\u00e8re Gondola London Brown de Pasito a Pasito. Con\u00e7ue pour les parents \u00e0 la recherche d&rsquo;une option compacte mais efficace, cette bandouli\u00e8re est parfaite pour transporter l&rsquo;essentiel lors de vos promenades [&hellip;]<\/p>\n","protected":false},"featured_media":41886,"comment_status":"closed","ping_status":"closed","template":"","meta":{"_acf_changed":false,"inline_featured_image":false},"colecciones":[345],"product_brand":[],"product_cat":[129],"product_tag":[],"class_list":{"0":"post-41675","1":"product","2":"type-product","3":"status-publish","4":"has-post-thumbnail","6":"colecciones-collection-new-london","7":"product_cat-sacs-a-langer","9":"first","10":"instock","11":"purchasable","12":"product-type-simple"},"acf":[],"yoast_head":"<!-- This site is optimized with the Yoast SEO plugin v27.4 - https:\/\/yoast.com\/product\/yoast-seo-wordpress\/ -->\n<title>SAC BANDOULI\u00c8RE GONDOLA LONDON BROWN - Pasito a Pasito<\/title>\n<meta name=\"robots\" content=\"index, follow, max-snippet:-1, max-image-preview:large, max-video-preview:-1\" \/>\n<link rel=\"canonical\" href=\"https:\/\/pasitoapasito.es\/fr\/produit\/sac-bandouliere-gondola-london-brown\/\" \/>\n<meta property=\"og:locale\" content=\"fr_FR\" \/>\n<meta property=\"og:type\" content=\"article\" \/>\n<meta property=\"og:title\" content=\"SAC BANDOULI\u00c8RE GONDOLA LONDON BROWN - Pasito a Pasito\" \/>\n<meta property=\"og:description\" content=\"Sac bandouli\u00e8re Gondola London Brown de Pasito a Pasito : la praticit\u00e9 que vous recherchiez. D\u00e9couvrez la polyvalence et le style minimaliste du sac bandouli\u00e8re Gondola London Brown de Pasito a Pasito. Con\u00e7ue pour les parents \u00e0 la recherche d&rsquo;une option compacte mais efficace, cette bandouli\u00e8re est parfaite pour transporter l&rsquo;essentiel lors de vos promenades [&hellip;]\" \/>\n<meta property=\"og:url\" content=\"https:\/\/pasitoapasito.es\/fr\/produit\/sac-bandouliere-gondola-london-brown\/\" \/>\n<meta property=\"og:site_name\" content=\"Pasito a Pasito\" \/>\n<meta property=\"article:modified_time\" content=\"2025-08-01T07:13:01+00:00\" \/>\n<meta property=\"og:image\" content=\"https:\/\/pasitoapasito.es\/wp-content\/uploads\/2025\/08\/1120900507_a.jpg\" \/>\n\t<meta property=\"og:image:width\" content=\"1800\" \/>\n\t<meta property=\"og:image:height\" content=\"1800\" \/>\n\t<meta property=\"og:image:type\" content=\"image\/jpeg\" \/>\n<meta name=\"twitter:card\" content=\"summary_large_image\" \/>\n<meta name=\"twitter:label1\" content=\"Dur\u00e9e de lecture estim\u00e9e\" \/>\n\t<meta name=\"twitter:data1\" content=\"3 minutes\" \/>\n<script type=\"application\/ld+json\" class=\"yoast-schema-graph\">{\"@context\":\"https:\\\/\\\/schema.org\",\"@graph\":[{\"@type\":\"WebPage\",\"@id\":\"https:\\\/\\\/pasitoapasito.es\\\/fr\\\/produit\\\/sac-bandouliere-gondola-london-brown\\\/\",\"url\":\"https:\\\/\\\/pasitoapasito.es\\\/fr\\\/produit\\\/sac-bandouliere-gondola-london-brown\\\/\",\"name\":\"SAC BANDOULI\u00c8RE GONDOLA LONDON BROWN - Pasito a Pasito\",\"isPartOf\":{\"@id\":\"https:\\\/\\\/pasitoapasito.es\\\/fr\\\/#website\"},\"primaryImageOfPage\":{\"@id\":\"https:\\\/\\\/pasitoapasito.es\\\/fr\\\/produit\\\/sac-bandouliere-gondola-london-brown\\\/#primaryimage\"},\"image\":{\"@id\":\"https:\\\/\\\/pasitoapasito.es\\\/fr\\\/produit\\\/sac-bandouliere-gondola-london-brown\\\/#primaryimage\"},\"thumbnailUrl\":\"https:\\\/\\\/pasitoapasito.es\\\/wp-content\\\/uploads\\\/2025\\\/08\\\/1120900507_a.jpg\",\"datePublished\":\"2025-08-01T07:01:08+00:00\",\"dateModified\":\"2025-08-01T07:13:01+00:00\",\"breadcrumb\":{\"@id\":\"https:\\\/\\\/pasitoapasito.es\\\/fr\\\/produit\\\/sac-bandouliere-gondola-london-brown\\\/#breadcrumb\"},\"inLanguage\":\"fr-FR\",\"potentialAction\":[{\"@type\":\"ReadAction\",\"target\":[\"https:\\\/\\\/pasitoapasito.es\\\/fr\\\/produit\\\/sac-bandouliere-gondola-london-brown\\\/\"]}]},{\"@type\":\"ImageObject\",\"inLanguage\":\"fr-FR\",\"@id\":\"https:\\\/\\\/pasitoapasito.es\\\/fr\\\/produit\\\/sac-bandouliere-gondola-london-brown\\\/#primaryimage\",\"url\":\"https:\\\/\\\/pasitoapasito.es\\\/wp-content\\\/uploads\\\/2025\\\/08\\\/1120900507_a.jpg\",\"contentUrl\":\"https:\\\/\\\/pasitoapasito.es\\\/wp-content\\\/uploads\\\/2025\\\/08\\\/1120900507_a.jpg\",\"width\":1800,\"height\":1800},{\"@type\":\"BreadcrumbList\",\"@id\":\"https:\\\/\\\/pasitoapasito.es\\\/fr\\\/produit\\\/sac-bandouliere-gondola-london-brown\\\/#breadcrumb\",\"itemListElement\":[{\"@type\":\"ListItem\",\"position\":1,\"name\":\"Tienda\",\"item\":\"https:\\\/\\\/pasitoapasito.es\\\/tienda\\\/\"},{\"@type\":\"ListItem\",\"position\":2,\"name\":\"SAC BANDOULI\u00c8RE GONDOLA LONDON BROWN\"}]},{\"@type\":\"WebSite\",\"@id\":\"https:\\\/\\\/pasitoapasito.es\\\/fr\\\/#website\",\"url\":\"https:\\\/\\\/pasitoapasito.es\\\/fr\\\/\",\"name\":\"Pasito a Pasito\",\"description\":\"\",\"potentialAction\":[{\"@type\":\"SearchAction\",\"target\":{\"@type\":\"EntryPoint\",\"urlTemplate\":\"https:\\\/\\\/pasitoapasito.es\\\/fr\\\/?s={search_term_string}\"},\"query-input\":{\"@type\":\"PropertyValueSpecification\",\"valueRequired\":true,\"valueName\":\"search_term_string\"}}],\"inLanguage\":\"fr-FR\"}]}<\/script>\n<!-- \/ Yoast SEO plugin. -->","yoast_head_json":{"title":"SAC BANDOULI\u00c8RE GONDOLA LONDON BROWN - Pasito a Pasito","robots":{"index":"index","follow":"follow","max-snippet":"max-snippet:-1","max-image-preview":"max-image-preview:large","max-video-preview":"max-video-preview:-1"},"canonical":"https:\/\/pasitoapasito.es\/fr\/produit\/sac-bandouliere-gondola-london-brown\/","og_locale":"fr_FR","og_type":"article","og_title":"SAC BANDOULI\u00c8RE GONDOLA LONDON BROWN - Pasito a Pasito","og_description":"Sac bandouli\u00e8re Gondola London Brown de Pasito a Pasito : la praticit\u00e9 que vous recherchiez. D\u00e9couvrez la polyvalence et le style minimaliste du sac bandouli\u00e8re Gondola London Brown de Pasito a Pasito. Con\u00e7ue pour les parents \u00e0 la recherche d&rsquo;une option compacte mais efficace, cette bandouli\u00e8re est parfaite pour transporter l&rsquo;essentiel lors de vos promenades [&hellip;]","og_url":"https:\/\/pasitoapasito.es\/fr\/produit\/sac-bandouliere-gondola-london-brown\/","og_site_name":"Pasito a Pasito","article_modified_time":"2025-08-01T07:13:01+00:00","og_image":[{"width":1800,"height":1800,"url":"https:\/\/pasitoapasito.es\/wp-content\/uploads\/2025\/08\/1120900507_a.jpg","type":"image\/jpeg"}],"twitter_card":"summary_large_image","twitter_misc":{"Dur\u00e9e de lecture estim\u00e9e":"3 minutes"},"schema":{"@context":"https:\/\/schema.org","@graph":[{"@type":"WebPage","@id":"https:\/\/pasitoapasito.es\/fr\/produit\/sac-bandouliere-gondola-london-brown\/","url":"https:\/\/pasitoapasito.es\/fr\/produit\/sac-bandouliere-gondola-london-brown\/","name":"SAC BANDOULI\u00c8RE GONDOLA LONDON BROWN - Pasito a Pasito","isPartOf":{"@id":"https:\/\/pasitoapasito.es\/fr\/#website"},"primaryImageOfPage":{"@id":"https:\/\/pasitoapasito.es\/fr\/produit\/sac-bandouliere-gondola-london-brown\/#primaryimage"},"image":{"@id":"https:\/\/pasitoapasito.es\/fr\/produit\/sac-bandouliere-gondola-london-brown\/#primaryimage"},"thumbnailUrl":"https:\/\/pasitoapasito.es\/wp-content\/uploads\/2025\/08\/1120900507_a.jpg","datePublished":"2025-08-01T07:01:08+00:00","dateModified":"2025-08-01T07:13:01+00:00","breadcrumb":{"@id":"https:\/\/pasitoapasito.es\/fr\/produit\/sac-bandouliere-gondola-london-brown\/#breadcrumb"},"inLanguage":"fr-FR","potentialAction":[{"@type":"ReadAction","target":["https:\/\/pasitoapasito.es\/fr\/produit\/sac-bandouliere-gondola-london-brown\/"]}]},{"@type":"ImageObject","inLanguage":"fr-FR","@id":"https:\/\/pasitoapasito.es\/fr\/produit\/sac-bandouliere-gondola-london-brown\/#primaryimage","url":"https:\/\/pasitoapasito.es\/wp-content\/uploads\/2025\/08\/1120900507_a.jpg","contentUrl":"https:\/\/pasitoapasito.es\/wp-content\/uploads\/2025\/08\/1120900507_a.jpg","width":1800,"height":1800},{"@type":"BreadcrumbList","@id":"https:\/\/pasitoapasito.es\/fr\/produit\/sac-bandouliere-gondola-london-brown\/#breadcrumb","itemListElement":[{"@type":"ListItem","position":1,"name":"Tienda","item":"https:\/\/pasitoapasito.es\/tienda\/"},{"@type":"ListItem","position":2,"name":"SAC BANDOULI\u00c8RE GONDOLA LONDON BROWN"}]},{"@type":"WebSite","@id":"https:\/\/pasitoapasito.es\/fr\/#website","url":"https:\/\/pasitoapasito.es\/fr\/","name":"Pasito a Pasito","description":"","potentialAction":[{"@type":"SearchAction","target":{"@type":"EntryPoint","urlTemplate":"https:\/\/pasitoapasito.es\/fr\/?s={search_term_string}"},"query-input":{"@type":"PropertyValueSpecification","valueRequired":true,"valueName":"search_term_string"}}],"inLanguage":"fr-FR"}]}},"_links":{"self":[{"href":"https:\/\/pasitoapasito.es\/fr\/wp-json\/wp\/v2\/product\/41675","targetHints":{"allow":["GET"]}}],"collection":[{"href":"https:\/\/pasitoapasito.es\/fr\/wp-json\/wp\/v2\/product"}],"about":[{"href":"https:\/\/pasitoapasito.es\/fr\/wp-json\/wp\/v2\/types\/product"}],"replies":[{"embeddable":true,"href":"https:\/\/pasitoapasito.es\/fr\/wp-json\/wp\/v2\/comments?post=41675"}],"wp:featuredmedia":[{"embeddable":true,"href":"https:\/\/pasitoapasito.es\/fr\/wp-json\/wp\/v2\/media\/41886"}],"wp:attachment":[{"href":"https:\/\/pasitoapasito.es\/fr\/wp-json\/wp\/v2\/media?parent=41675"}],"wp:term":[{"taxonomy":"colecciones","embeddable":true,"href":"https:\/\/pasitoapasito.es\/fr\/wp-json\/wp\/v2\/colecciones?post=41675"},{"taxonomy":"product_brand","embeddable":true,"href":"https:\/\/pasitoapasito.es\/fr\/wp-json\/wp\/v2\/product_brand?post=41675"},{"taxonomy":"product_cat","embeddable":true,"href":"https:\/\/pasitoapasito.es\/fr\/wp-json\/wp\/v2\/product_cat?post=41675"},{"taxonomy":"product_tag","embeddable":true,"href":"https:\/\/pasitoapasito.es\/fr\/wp-json\/wp\/v2\/product_tag?post=41675"}],"curies":[{"name":"wp","href":"https:\/\/api.w.org\/{rel}","templated":true}]}}