{"id":41670,"date":"2025-08-01T07:07:10","date_gmt":"2025-08-01T07:07:10","guid":{"rendered":"https:\/\/pasitoapasito.es\/?post_type=product&#038;p=41670"},"modified":"2025-08-01T07:13:01","modified_gmt":"2025-08-01T07:13:01","slug":"sac-a-dos-london-black-2","status":"publish","type":"product","link":"https:\/\/pasitoapasito.es\/fr\/produit\/sac-a-dos-london-black-2\/","title":{"rendered":"SAC A DOS LONDON BLACK"},"content":{"rendered":"<p>Sac \u00e0 dos London Black de Pasito a Pasito : style et confort. Profitez d&rsquo;une libert\u00e9 de mouvement totale avec le sac \u00e0 dos London Black de Pasito a Pasito. Con\u00e7u pour les parents qui recherchent un maximum de confort et un design soign\u00e9, ce sac \u00e0 dos est la solution id\u00e9ale pour transporter tout ce dont vous et votre b\u00e9b\u00e9 avez besoin. Son style moderne et sa fonctionnalit\u00e9 sup\u00e9rieure en font l&rsquo;accessoire indispensable pour le quotidien, les longues promenades ou les escapades. Des caract\u00e9ristiques essentielles qui vous s\u00e9duiront. Design minimaliste : confectionn\u00e9 en \u00e9l\u00e9gant similicuir grain\u00e9 noir avec des \u00e9toiles, le sac \u00e0 dos London Black pr\u00e9sente une finition sophistiqu\u00e9e. Sa silhouette compacte et moderne s&rsquo;adapte \u00e0 tous les styles. Confort mains libres : les bretelles rembourr\u00e9es et r\u00e9glables vous permettent de le porter confortablement sur le dos, laissant vos mains libres pour vous occuper de votre b\u00e9b\u00e9, pousser la poussette ou profiter du moment. Une libert\u00e9 maximale pour vous ! Organisation int\u00e9rieure et ext\u00e9rieure optimale. Poches lat\u00e9rales ext\u00e9rieures : parfaites pour les biberons, les bouteilles d&rsquo;eau ou les petits objets que vous devez toujours avoir \u00e0 port\u00e9e de main. Grand compartiment principal : avec double fermeture \u00e0 glissi\u00e8re pour une ouverture et un acc\u00e8s faciles. Poches int\u00e9rieures sp\u00e9cifiques : rangez les couches, les v\u00eatements de rechange, les jouets et vos effets personnels de mani\u00e8re ordonn\u00e9e et accessible. Fixations universelles pour poussette : comprend des sangles ou des fixations universelles qui vous permettent d&rsquo;accrocher facilement le sac \u00e0 dos au guidon de votre poussette ou de votre landau, le transformant en quelques secondes en sac pour poussette. Mat\u00e9riaux de qualit\u00e9 sup\u00e9rieure : fabriqu\u00e9 en similicuir durable et r\u00e9sistant, facile \u00e0 nettoyer en machine ou avec un chiffon humide. Il conserve son aspect impeccable m\u00eame apr\u00e8s un usage quotidien. Comprend un matelas \u00e0 langer pliable : pour plus de confort, le sac \u00e0 dos est \u00e9quip\u00e9 d&rsquo;un matelas \u00e0 langer portable assorti, id\u00e9al pour changer les couches \u00e0 l&rsquo;ext\u00e9rieur. Pourquoi choisir le sac \u00e0 dos London Black de Pasito a Pasito ? Parce qu&rsquo;il allie \u00e0 la perfection design, fonctionnalit\u00e9 et durabilit\u00e9. Si vous \u00eates un parent actif qui appr\u00e9cie le confort sans renoncer au style, le sac \u00e0 dos London Black est votre alli\u00e9 id\u00e9al. Oubliez les sacs encombrants et profitez de la libert\u00e9 qu&rsquo;offre un sac \u00e0 dos con\u00e7u pour la maternit\u00e9 moderne. Ne passez pas \u00e0 c\u00f4t\u00e9 du sac \u00e0 dos London Black de Pasito a Pasito ! Conqu\u00e9rez chaque jour avec style, organisation et confort que seul Pasito a Pasito peut vous offrir. Il est fabriqu\u00e9 avec des mat\u00e9riaux de haute qualit\u00e9, sans colorants azo\u00efques, phtalates et substances nocives pour la sant\u00e9. Nos mod\u00e8les sont exclusifs et au style incomparable, con\u00e7us pour les m\u00e8res modernes qui ont bon go\u00fbt et qui appr\u00e9cient les d\u00e9tails autant que nous. Dimensions : 35 x 38 x 16 cm<\/p>\n","protected":false},"excerpt":{"rendered":"<p>Sac \u00e0 dos London Black de Pasito a Pasito : style et confort. Profitez d&rsquo;une libert\u00e9 de mouvement totale avec le sac \u00e0 dos London Black de Pasito a Pasito. Con\u00e7u pour les parents qui recherchent un maximum de confort et un design soign\u00e9, ce sac \u00e0 dos est la solution id\u00e9ale pour transporter tout [&hellip;]<\/p>\n","protected":false},"featured_media":41866,"comment_status":"closed","ping_status":"closed","template":"","meta":{"_acf_changed":false,"inline_featured_image":false},"colecciones":[345],"product_brand":[],"product_cat":[132],"product_tag":[],"class_list":{"0":"post-41670","1":"product","2":"type-product","3":"status-publish","4":"has-post-thumbnail","6":"colecciones-collection-new-london","7":"product_cat-sacs-a-dos-a-langer","9":"first","10":"instock","11":"purchasable","12":"product-type-simple"},"acf":[],"yoast_head":"<!-- This site is optimized with the Yoast SEO plugin v27.4 - https:\/\/yoast.com\/product\/yoast-seo-wordpress\/ -->\n<title>SAC A DOS LONDON BLACK - Pasito a Pasito<\/title>\n<meta name=\"robots\" content=\"index, follow, max-snippet:-1, max-image-preview:large, max-video-preview:-1\" \/>\n<link rel=\"canonical\" href=\"https:\/\/pasitoapasito.es\/fr\/produit\/sac-a-dos-london-black-2\/\" \/>\n<meta property=\"og:locale\" content=\"fr_FR\" \/>\n<meta property=\"og:type\" content=\"article\" \/>\n<meta property=\"og:title\" content=\"SAC A DOS LONDON BLACK - Pasito a Pasito\" \/>\n<meta property=\"og:description\" content=\"Sac \u00e0 dos London Black de Pasito a Pasito : style et confort. Profitez d&rsquo;une libert\u00e9 de mouvement totale avec le sac \u00e0 dos London Black de Pasito a Pasito. Con\u00e7u pour les parents qui recherchent un maximum de confort et un design soign\u00e9, ce sac \u00e0 dos est la solution id\u00e9ale pour transporter tout [&hellip;]\" \/>\n<meta property=\"og:url\" content=\"https:\/\/pasitoapasito.es\/fr\/produit\/sac-a-dos-london-black-2\/\" \/>\n<meta property=\"og:site_name\" content=\"Pasito a Pasito\" \/>\n<meta property=\"article:modified_time\" content=\"2025-08-01T07:13:01+00:00\" \/>\n<meta property=\"og:image\" content=\"https:\/\/pasitoapasito.es\/wp-content\/uploads\/2025\/08\/1120900502_a.jpg\" \/>\n\t<meta property=\"og:image:width\" content=\"1800\" \/>\n\t<meta property=\"og:image:height\" content=\"1800\" \/>\n\t<meta property=\"og:image:type\" content=\"image\/jpeg\" \/>\n<meta name=\"twitter:card\" content=\"summary_large_image\" \/>\n<meta name=\"twitter:label1\" content=\"Dur\u00e9e de lecture estim\u00e9e\" \/>\n\t<meta name=\"twitter:data1\" content=\"2 minutes\" \/>\n<script type=\"application\/ld+json\" class=\"yoast-schema-graph\">{\"@context\":\"https:\\\/\\\/schema.org\",\"@graph\":[{\"@type\":\"WebPage\",\"@id\":\"https:\\\/\\\/pasitoapasito.es\\\/fr\\\/produit\\\/sac-a-dos-london-black-2\\\/\",\"url\":\"https:\\\/\\\/pasitoapasito.es\\\/fr\\\/produit\\\/sac-a-dos-london-black-2\\\/\",\"name\":\"SAC A DOS LONDON BLACK - Pasito a Pasito\",\"isPartOf\":{\"@id\":\"https:\\\/\\\/pasitoapasito.es\\\/fr\\\/#website\"},\"primaryImageOfPage\":{\"@id\":\"https:\\\/\\\/pasitoapasito.es\\\/fr\\\/produit\\\/sac-a-dos-london-black-2\\\/#primaryimage\"},\"image\":{\"@id\":\"https:\\\/\\\/pasitoapasito.es\\\/fr\\\/produit\\\/sac-a-dos-london-black-2\\\/#primaryimage\"},\"thumbnailUrl\":\"https:\\\/\\\/pasitoapasito.es\\\/wp-content\\\/uploads\\\/2025\\\/08\\\/1120900502_a.jpg\",\"datePublished\":\"2025-08-01T07:07:10+00:00\",\"dateModified\":\"2025-08-01T07:13:01+00:00\",\"breadcrumb\":{\"@id\":\"https:\\\/\\\/pasitoapasito.es\\\/fr\\\/produit\\\/sac-a-dos-london-black-2\\\/#breadcrumb\"},\"inLanguage\":\"fr-FR\",\"potentialAction\":[{\"@type\":\"ReadAction\",\"target\":[\"https:\\\/\\\/pasitoapasito.es\\\/fr\\\/produit\\\/sac-a-dos-london-black-2\\\/\"]}]},{\"@type\":\"ImageObject\",\"inLanguage\":\"fr-FR\",\"@id\":\"https:\\\/\\\/pasitoapasito.es\\\/fr\\\/produit\\\/sac-a-dos-london-black-2\\\/#primaryimage\",\"url\":\"https:\\\/\\\/pasitoapasito.es\\\/wp-content\\\/uploads\\\/2025\\\/08\\\/1120900502_a.jpg\",\"contentUrl\":\"https:\\\/\\\/pasitoapasito.es\\\/wp-content\\\/uploads\\\/2025\\\/08\\\/1120900502_a.jpg\",\"width\":1800,\"height\":1800},{\"@type\":\"BreadcrumbList\",\"@id\":\"https:\\\/\\\/pasitoapasito.es\\\/fr\\\/produit\\\/sac-a-dos-london-black-2\\\/#breadcrumb\",\"itemListElement\":[{\"@type\":\"ListItem\",\"position\":1,\"name\":\"Tienda\",\"item\":\"https:\\\/\\\/pasitoapasito.es\\\/tienda\\\/\"},{\"@type\":\"ListItem\",\"position\":2,\"name\":\"SAC A DOS LONDON BLACK\"}]},{\"@type\":\"WebSite\",\"@id\":\"https:\\\/\\\/pasitoapasito.es\\\/fr\\\/#website\",\"url\":\"https:\\\/\\\/pasitoapasito.es\\\/fr\\\/\",\"name\":\"Pasito a Pasito\",\"description\":\"\",\"potentialAction\":[{\"@type\":\"SearchAction\",\"target\":{\"@type\":\"EntryPoint\",\"urlTemplate\":\"https:\\\/\\\/pasitoapasito.es\\\/fr\\\/?s={search_term_string}\"},\"query-input\":{\"@type\":\"PropertyValueSpecification\",\"valueRequired\":true,\"valueName\":\"search_term_string\"}}],\"inLanguage\":\"fr-FR\"}]}<\/script>\n<!-- \/ Yoast SEO plugin. -->","yoast_head_json":{"title":"SAC A DOS LONDON BLACK - Pasito a Pasito","robots":{"index":"index","follow":"follow","max-snippet":"max-snippet:-1","max-image-preview":"max-image-preview:large","max-video-preview":"max-video-preview:-1"},"canonical":"https:\/\/pasitoapasito.es\/fr\/produit\/sac-a-dos-london-black-2\/","og_locale":"fr_FR","og_type":"article","og_title":"SAC A DOS LONDON BLACK - Pasito a Pasito","og_description":"Sac \u00e0 dos London Black de Pasito a Pasito : style et confort. Profitez d&rsquo;une libert\u00e9 de mouvement totale avec le sac \u00e0 dos London Black de Pasito a Pasito. Con\u00e7u pour les parents qui recherchent un maximum de confort et un design soign\u00e9, ce sac \u00e0 dos est la solution id\u00e9ale pour transporter tout [&hellip;]","og_url":"https:\/\/pasitoapasito.es\/fr\/produit\/sac-a-dos-london-black-2\/","og_site_name":"Pasito a Pasito","article_modified_time":"2025-08-01T07:13:01+00:00","og_image":[{"width":1800,"height":1800,"url":"https:\/\/pasitoapasito.es\/wp-content\/uploads\/2025\/08\/1120900502_a.jpg","type":"image\/jpeg"}],"twitter_card":"summary_large_image","twitter_misc":{"Dur\u00e9e de lecture estim\u00e9e":"2 minutes"},"schema":{"@context":"https:\/\/schema.org","@graph":[{"@type":"WebPage","@id":"https:\/\/pasitoapasito.es\/fr\/produit\/sac-a-dos-london-black-2\/","url":"https:\/\/pasitoapasito.es\/fr\/produit\/sac-a-dos-london-black-2\/","name":"SAC A DOS LONDON BLACK - Pasito a Pasito","isPartOf":{"@id":"https:\/\/pasitoapasito.es\/fr\/#website"},"primaryImageOfPage":{"@id":"https:\/\/pasitoapasito.es\/fr\/produit\/sac-a-dos-london-black-2\/#primaryimage"},"image":{"@id":"https:\/\/pasitoapasito.es\/fr\/produit\/sac-a-dos-london-black-2\/#primaryimage"},"thumbnailUrl":"https:\/\/pasitoapasito.es\/wp-content\/uploads\/2025\/08\/1120900502_a.jpg","datePublished":"2025-08-01T07:07:10+00:00","dateModified":"2025-08-01T07:13:01+00:00","breadcrumb":{"@id":"https:\/\/pasitoapasito.es\/fr\/produit\/sac-a-dos-london-black-2\/#breadcrumb"},"inLanguage":"fr-FR","potentialAction":[{"@type":"ReadAction","target":["https:\/\/pasitoapasito.es\/fr\/produit\/sac-a-dos-london-black-2\/"]}]},{"@type":"ImageObject","inLanguage":"fr-FR","@id":"https:\/\/pasitoapasito.es\/fr\/produit\/sac-a-dos-london-black-2\/#primaryimage","url":"https:\/\/pasitoapasito.es\/wp-content\/uploads\/2025\/08\/1120900502_a.jpg","contentUrl":"https:\/\/pasitoapasito.es\/wp-content\/uploads\/2025\/08\/1120900502_a.jpg","width":1800,"height":1800},{"@type":"BreadcrumbList","@id":"https:\/\/pasitoapasito.es\/fr\/produit\/sac-a-dos-london-black-2\/#breadcrumb","itemListElement":[{"@type":"ListItem","position":1,"name":"Tienda","item":"https:\/\/pasitoapasito.es\/tienda\/"},{"@type":"ListItem","position":2,"name":"SAC A DOS LONDON BLACK"}]},{"@type":"WebSite","@id":"https:\/\/pasitoapasito.es\/fr\/#website","url":"https:\/\/pasitoapasito.es\/fr\/","name":"Pasito a Pasito","description":"","potentialAction":[{"@type":"SearchAction","target":{"@type":"EntryPoint","urlTemplate":"https:\/\/pasitoapasito.es\/fr\/?s={search_term_string}"},"query-input":{"@type":"PropertyValueSpecification","valueRequired":true,"valueName":"search_term_string"}}],"inLanguage":"fr-FR"}]}},"_links":{"self":[{"href":"https:\/\/pasitoapasito.es\/fr\/wp-json\/wp\/v2\/product\/41670","targetHints":{"allow":["GET"]}}],"collection":[{"href":"https:\/\/pasitoapasito.es\/fr\/wp-json\/wp\/v2\/product"}],"about":[{"href":"https:\/\/pasitoapasito.es\/fr\/wp-json\/wp\/v2\/types\/product"}],"replies":[{"embeddable":true,"href":"https:\/\/pasitoapasito.es\/fr\/wp-json\/wp\/v2\/comments?post=41670"}],"wp:featuredmedia":[{"embeddable":true,"href":"https:\/\/pasitoapasito.es\/fr\/wp-json\/wp\/v2\/media\/41866"}],"wp:attachment":[{"href":"https:\/\/pasitoapasito.es\/fr\/wp-json\/wp\/v2\/media?parent=41670"}],"wp:term":[{"taxonomy":"colecciones","embeddable":true,"href":"https:\/\/pasitoapasito.es\/fr\/wp-json\/wp\/v2\/colecciones?post=41670"},{"taxonomy":"product_brand","embeddable":true,"href":"https:\/\/pasitoapasito.es\/fr\/wp-json\/wp\/v2\/product_brand?post=41670"},{"taxonomy":"product_cat","embeddable":true,"href":"https:\/\/pasitoapasito.es\/fr\/wp-json\/wp\/v2\/product_cat?post=41670"},{"taxonomy":"product_tag","embeddable":true,"href":"https:\/\/pasitoapasito.es\/fr\/wp-json\/wp\/v2\/product_tag?post=41670"}],"curies":[{"name":"wp","href":"https:\/\/api.w.org\/{rel}","templated":true}]}}