{"id":40315,"date":"2025-07-11T06:40:52","date_gmt":"2025-07-11T06:40:52","guid":{"rendered":"https:\/\/pasitoapasito.es\/?post_type=product&#038;p=40315"},"modified":"2025-07-11T09:06:52","modified_gmt":"2025-07-11T09:06:52","slug":"ours-en-peluche-tricot-rose","status":"publish","type":"product","link":"https:\/\/pasitoapasito.es\/fr\/produit\/ours-en-peluche-tricot-rose\/","title":{"rendered":"OURS EN PELUCHE TRICOT ROSE"},"content":{"rendered":"<p>Ours en peluche Tricot rose de Pasito a Pasito, un incontournable pour votre b\u00e9b\u00e9. Ne passez pas \u00e0 c\u00f4t\u00e9 de cet adorable ours en peluche de la collection Tricot. Doux, c\u00e2lin et au design charmant gr\u00e2ce \u00e0 son col en tricot. Mesurant 29 cm, il est id\u00e9al pour les nouveau-n\u00e9s (+0 mois). Il favorise le d\u00e9veloppement \u00e9motionnel et sensoriel de b\u00e9b\u00e9. Cet ours en peluche Pasito a Pasito est le compagnon id\u00e9al pour les moments de jeu et de repos, apportant calme et douceur \u00e0 b\u00e9b\u00e9. Lavage \u00e0 la main ou en machine \u00e0 30 \u00b0C. Pasito a Pasito prot\u00e8ge votre b\u00e9b\u00e9 avec des tissus de la meilleure qualit\u00e9, sans colorants azo\u00efques ni substances nocives pour la sant\u00e9. Conforme \u00e0 la norme europ\u00e9enne EN-71 S\u00e9curit\u00e9 des jouets +0 ans.<\/p>\n","protected":false},"excerpt":{"rendered":"<p>Ours en peluche Tricot rose de Pasito a Pasito, un incontournable pour votre b\u00e9b\u00e9. Ne passez pas \u00e0 c\u00f4t\u00e9 de cet adorable ours en peluche de la collection Tricot. Doux, c\u00e2lin et au design charmant gr\u00e2ce \u00e0 son col en tricot. Mesurant 29 cm, il est id\u00e9al pour les nouveau-n\u00e9s (+0 mois). Il favorise le [&hellip;]<\/p>\n","protected":false},"featured_media":39716,"comment_status":"closed","ping_status":"closed","template":"","meta":{"_acf_changed":false,"inline_featured_image":false},"colecciones":[338],"product_brand":[],"product_cat":[341],"product_tag":[],"class_list":{"0":"post-40315","1":"product","2":"type-product","3":"status-publish","4":"has-post-thumbnail","6":"colecciones-collection-tricot","7":"product_cat-newborn-fr","9":"first","10":"instock","11":"purchasable","12":"product-type-simple"},"acf":[],"yoast_head":"<!-- This site is optimized with the Yoast SEO plugin v27.4 - https:\/\/yoast.com\/product\/yoast-seo-wordpress\/ -->\n<title>OURS EN PELUCHE TRICOT ROSE - Pasito a Pasito<\/title>\n<meta name=\"robots\" content=\"index, follow, max-snippet:-1, max-image-preview:large, max-video-preview:-1\" \/>\n<link rel=\"canonical\" href=\"https:\/\/pasitoapasito.es\/it\/?post_type=product&p=40328\" \/>\n<meta property=\"og:locale\" content=\"fr_FR\" \/>\n<meta property=\"og:type\" content=\"article\" \/>\n<meta property=\"og:title\" content=\"OURS EN PELUCHE TRICOT ROSE - Pasito a Pasito\" \/>\n<meta property=\"og:description\" content=\"Ours en peluche Tricot rose de Pasito a Pasito, un incontournable pour votre b\u00e9b\u00e9. Ne passez pas \u00e0 c\u00f4t\u00e9 de cet adorable ours en peluche de la collection Tricot. Doux, c\u00e2lin et au design charmant gr\u00e2ce \u00e0 son col en tricot. Mesurant 29 cm, il est id\u00e9al pour les nouveau-n\u00e9s (+0 mois). Il favorise le [&hellip;]\" \/>\n<meta property=\"og:url\" content=\"https:\/\/pasitoapasito.es\/it\/?post_type=product&amp;p=40328\" \/>\n<meta property=\"og:site_name\" content=\"Pasito a Pasito\" \/>\n<meta property=\"article:modified_time\" content=\"2025-07-11T09:06:52+00:00\" \/>\n<meta property=\"og:image\" content=\"https:\/\/pasitoapasito.es\/wp-content\/uploads\/2025\/07\/1120900495_a-1.jpg\" \/>\n\t<meta property=\"og:image:width\" content=\"1800\" \/>\n\t<meta property=\"og:image:height\" content=\"1800\" \/>\n\t<meta property=\"og:image:type\" content=\"image\/jpeg\" \/>\n<meta name=\"twitter:card\" content=\"summary_large_image\" \/>\n<meta name=\"twitter:label1\" content=\"Dur\u00e9e de lecture estim\u00e9e\" \/>\n\t<meta name=\"twitter:data1\" content=\"1 minute\" \/>\n<script type=\"application\/ld+json\" class=\"yoast-schema-graph\">{\"@context\":\"https:\\\/\\\/schema.org\",\"@graph\":[{\"@type\":\"WebPage\",\"@id\":\"https:\\\/\\\/pasitoapasito.es\\\/it\\\/?post_type=product&p=40328\",\"url\":\"https:\\\/\\\/pasitoapasito.es\\\/it\\\/?post_type=product&p=40328\",\"name\":\"OURS EN PELUCHE TRICOT ROSE - Pasito a Pasito\",\"isPartOf\":{\"@id\":\"https:\\\/\\\/pasitoapasito.es\\\/fr\\\/#website\"},\"primaryImageOfPage\":{\"@id\":\"https:\\\/\\\/pasitoapasito.es\\\/it\\\/?post_type=product&p=40328#primaryimage\"},\"image\":{\"@id\":\"https:\\\/\\\/pasitoapasito.es\\\/it\\\/?post_type=product&p=40328#primaryimage\"},\"thumbnailUrl\":\"https:\\\/\\\/pasitoapasito.es\\\/wp-content\\\/uploads\\\/2025\\\/07\\\/1120900495_a-1.jpg\",\"datePublished\":\"2025-07-11T06:40:52+00:00\",\"dateModified\":\"2025-07-11T09:06:52+00:00\",\"breadcrumb\":{\"@id\":\"https:\\\/\\\/pasitoapasito.es\\\/it\\\/?post_type=product&p=40328#breadcrumb\"},\"inLanguage\":\"fr-FR\",\"potentialAction\":[{\"@type\":\"ReadAction\",\"target\":[\"https:\\\/\\\/pasitoapasito.es\\\/it\\\/?post_type=product&p=40328\"]}]},{\"@type\":\"ImageObject\",\"inLanguage\":\"fr-FR\",\"@id\":\"https:\\\/\\\/pasitoapasito.es\\\/it\\\/?post_type=product&p=40328#primaryimage\",\"url\":\"https:\\\/\\\/pasitoapasito.es\\\/wp-content\\\/uploads\\\/2025\\\/07\\\/1120900495_a-1.jpg\",\"contentUrl\":\"https:\\\/\\\/pasitoapasito.es\\\/wp-content\\\/uploads\\\/2025\\\/07\\\/1120900495_a-1.jpg\",\"width\":1800,\"height\":1800},{\"@type\":\"BreadcrumbList\",\"@id\":\"https:\\\/\\\/pasitoapasito.es\\\/it\\\/?post_type=product&p=40328#breadcrumb\",\"itemListElement\":[{\"@type\":\"ListItem\",\"position\":1,\"name\":\"Tienda\",\"item\":\"https:\\\/\\\/pasitoapasito.es\\\/tienda\\\/\"},{\"@type\":\"ListItem\",\"position\":2,\"name\":\"OURS EN PELUCHE TRICOT ROSE\"}]},{\"@type\":\"WebSite\",\"@id\":\"https:\\\/\\\/pasitoapasito.es\\\/fr\\\/#website\",\"url\":\"https:\\\/\\\/pasitoapasito.es\\\/fr\\\/\",\"name\":\"Pasito a Pasito\",\"description\":\"\",\"potentialAction\":[{\"@type\":\"SearchAction\",\"target\":{\"@type\":\"EntryPoint\",\"urlTemplate\":\"https:\\\/\\\/pasitoapasito.es\\\/fr\\\/?s={search_term_string}\"},\"query-input\":{\"@type\":\"PropertyValueSpecification\",\"valueRequired\":true,\"valueName\":\"search_term_string\"}}],\"inLanguage\":\"fr-FR\"}]}<\/script>\n<!-- \/ Yoast SEO plugin. -->","yoast_head_json":{"title":"OURS EN PELUCHE TRICOT ROSE - Pasito a Pasito","robots":{"index":"index","follow":"follow","max-snippet":"max-snippet:-1","max-image-preview":"max-image-preview:large","max-video-preview":"max-video-preview:-1"},"canonical":"https:\/\/pasitoapasito.es\/it\/?post_type=product&p=40328","og_locale":"fr_FR","og_type":"article","og_title":"OURS EN PELUCHE TRICOT ROSE - Pasito a Pasito","og_description":"Ours en peluche Tricot rose de Pasito a Pasito, un incontournable pour votre b\u00e9b\u00e9. Ne passez pas \u00e0 c\u00f4t\u00e9 de cet adorable ours en peluche de la collection Tricot. Doux, c\u00e2lin et au design charmant gr\u00e2ce \u00e0 son col en tricot. Mesurant 29 cm, il est id\u00e9al pour les nouveau-n\u00e9s (+0 mois). Il favorise le [&hellip;]","og_url":"https:\/\/pasitoapasito.es\/it\/?post_type=product&p=40328","og_site_name":"Pasito a Pasito","article_modified_time":"2025-07-11T09:06:52+00:00","og_image":[{"width":1800,"height":1800,"url":"https:\/\/pasitoapasito.es\/wp-content\/uploads\/2025\/07\/1120900495_a-1.jpg","type":"image\/jpeg"}],"twitter_card":"summary_large_image","twitter_misc":{"Dur\u00e9e de lecture estim\u00e9e":"1 minute"},"schema":{"@context":"https:\/\/schema.org","@graph":[{"@type":"WebPage","@id":"https:\/\/pasitoapasito.es\/it\/?post_type=product&p=40328","url":"https:\/\/pasitoapasito.es\/it\/?post_type=product&p=40328","name":"OURS EN PELUCHE TRICOT ROSE - Pasito a Pasito","isPartOf":{"@id":"https:\/\/pasitoapasito.es\/fr\/#website"},"primaryImageOfPage":{"@id":"https:\/\/pasitoapasito.es\/it\/?post_type=product&p=40328#primaryimage"},"image":{"@id":"https:\/\/pasitoapasito.es\/it\/?post_type=product&p=40328#primaryimage"},"thumbnailUrl":"https:\/\/pasitoapasito.es\/wp-content\/uploads\/2025\/07\/1120900495_a-1.jpg","datePublished":"2025-07-11T06:40:52+00:00","dateModified":"2025-07-11T09:06:52+00:00","breadcrumb":{"@id":"https:\/\/pasitoapasito.es\/it\/?post_type=product&p=40328#breadcrumb"},"inLanguage":"fr-FR","potentialAction":[{"@type":"ReadAction","target":["https:\/\/pasitoapasito.es\/it\/?post_type=product&p=40328"]}]},{"@type":"ImageObject","inLanguage":"fr-FR","@id":"https:\/\/pasitoapasito.es\/it\/?post_type=product&p=40328#primaryimage","url":"https:\/\/pasitoapasito.es\/wp-content\/uploads\/2025\/07\/1120900495_a-1.jpg","contentUrl":"https:\/\/pasitoapasito.es\/wp-content\/uploads\/2025\/07\/1120900495_a-1.jpg","width":1800,"height":1800},{"@type":"BreadcrumbList","@id":"https:\/\/pasitoapasito.es\/it\/?post_type=product&p=40328#breadcrumb","itemListElement":[{"@type":"ListItem","position":1,"name":"Tienda","item":"https:\/\/pasitoapasito.es\/tienda\/"},{"@type":"ListItem","position":2,"name":"OURS EN PELUCHE TRICOT ROSE"}]},{"@type":"WebSite","@id":"https:\/\/pasitoapasito.es\/fr\/#website","url":"https:\/\/pasitoapasito.es\/fr\/","name":"Pasito a Pasito","description":"","potentialAction":[{"@type":"SearchAction","target":{"@type":"EntryPoint","urlTemplate":"https:\/\/pasitoapasito.es\/fr\/?s={search_term_string}"},"query-input":{"@type":"PropertyValueSpecification","valueRequired":true,"valueName":"search_term_string"}}],"inLanguage":"fr-FR"}]}},"_links":{"self":[{"href":"https:\/\/pasitoapasito.es\/fr\/wp-json\/wp\/v2\/product\/40315","targetHints":{"allow":["GET"]}}],"collection":[{"href":"https:\/\/pasitoapasito.es\/fr\/wp-json\/wp\/v2\/product"}],"about":[{"href":"https:\/\/pasitoapasito.es\/fr\/wp-json\/wp\/v2\/types\/product"}],"replies":[{"embeddable":true,"href":"https:\/\/pasitoapasito.es\/fr\/wp-json\/wp\/v2\/comments?post=40315"}],"wp:featuredmedia":[{"embeddable":true,"href":"https:\/\/pasitoapasito.es\/fr\/wp-json\/wp\/v2\/media\/39716"}],"wp:attachment":[{"href":"https:\/\/pasitoapasito.es\/fr\/wp-json\/wp\/v2\/media?parent=40315"}],"wp:term":[{"taxonomy":"colecciones","embeddable":true,"href":"https:\/\/pasitoapasito.es\/fr\/wp-json\/wp\/v2\/colecciones?post=40315"},{"taxonomy":"product_brand","embeddable":true,"href":"https:\/\/pasitoapasito.es\/fr\/wp-json\/wp\/v2\/product_brand?post=40315"},{"taxonomy":"product_cat","embeddable":true,"href":"https:\/\/pasitoapasito.es\/fr\/wp-json\/wp\/v2\/product_cat?post=40315"},{"taxonomy":"product_tag","embeddable":true,"href":"https:\/\/pasitoapasito.es\/fr\/wp-json\/wp\/v2\/product_tag?post=40315"}],"curies":[{"name":"wp","href":"https:\/\/api.w.org\/{rel}","templated":true}]}}