{"id":40313,"date":"2025-07-11T06:40:52","date_gmt":"2025-07-11T06:40:52","guid":{"rendered":"https:\/\/pasitoapasito.es\/?post_type=product&#038;p=40313"},"modified":"2025-07-11T09:06:22","modified_gmt":"2025-07-11T09:06:22","slug":"tricot-jersey-culotte-body-bambula-bleu-0-1m","status":"publish","type":"product","link":"https:\/\/pasitoapasito.es\/fr\/produit\/tricot-jersey-culotte-body-bambula-bleu-0-1m\/","title":{"rendered":"TRICOT JERSEY + CULOTTE + BODY BAMBULA BLEU 0-1M"},"content":{"rendered":"<p>Ensemble 3 pi\u00e8ces en tricot bleu Pasito a Pasito pour nouveau-n\u00e9\u00a0: \u00e9l\u00e9gance et confort d\u00e8s le premier jour. L&rsquo;ensemble id\u00e9al pour accueillir b\u00e9b\u00e9 avec style et douceur. Cet ensemble 3 pi\u00e8ces comprend un pull et une culotte bouffante en tricot 100\u00a0% coton, d\u00e9licatement brod\u00e9s au point de riz et au crochet, ainsi qu&rsquo;un body uni en bambou, \u00e9galement 100\u00a0% coton. Une proposition confortable et raffin\u00e9e pour les premiers jours de la naissance. Pr\u00e9sent\u00e9 dans une jolie bo\u00eete imprim\u00e9e, id\u00e9al comme cadeau de naissance ou pour compl\u00e9ter la premi\u00e8re tenue de b\u00e9b\u00e9. Qualit\u00e9 et style exceptionnels. Tous nos produits sont fabriqu\u00e9s selon les normes europ\u00e9ennes les plus strictes. Certifi\u00e9s EN-71 \/ SVHC \/ EN-14362. Sans azo\u00efque ni substances nocives. Faciles \u00e0 nettoyer, nous recommandons un lavage en machine \u00e0 30\u00a0\u00b0C. Les produits pour b\u00e9b\u00e9 Pasito a Pasito se distinguent par leur design original. Leurs collections se distinguent par leur travail soign\u00e9, toujours pens\u00e9 pour la praticit\u00e9. L&rsquo;utilisation de mat\u00e9riaux de premi\u00e8re qualit\u00e9 met en valeur l&rsquo;\u00e9l\u00e9gance et l&rsquo;harmonie de chacune de leurs pi\u00e8ces. Nos mod\u00e8les sont exclusifs et r\u00e9solument \u00e9l\u00e9gants, con\u00e7us pour les mamans modernes qui appr\u00e9cient le bon go\u00fbt et le d\u00e9tail autant que nous. Taille\u00a0: 0-1 mois \/ 56\u00a0cm.<\/p>\n","protected":false},"excerpt":{"rendered":"<p>Ensemble 3 pi\u00e8ces en tricot bleu Pasito a Pasito pour nouveau-n\u00e9\u00a0: \u00e9l\u00e9gance et confort d\u00e8s le premier jour. L&rsquo;ensemble id\u00e9al pour accueillir b\u00e9b\u00e9 avec style et douceur. Cet ensemble 3 pi\u00e8ces comprend un pull et une culotte bouffante en tricot 100\u00a0% coton, d\u00e9licatement brod\u00e9s au point de riz et au crochet, ainsi qu&rsquo;un body uni [&hellip;]<\/p>\n","protected":false},"featured_media":39658,"comment_status":"closed","ping_status":"closed","template":"","meta":{"_acf_changed":false,"inline_featured_image":false},"colecciones":[338],"product_brand":[],"product_cat":[341],"product_tag":[],"class_list":{"0":"post-40313","1":"product","2":"type-product","3":"status-publish","4":"has-post-thumbnail","6":"colecciones-collection-tricot","7":"product_cat-newborn-fr","9":"first","10":"instock","11":"purchasable","12":"product-type-simple"},"acf":[],"yoast_head":"<!-- This site is optimized with the Yoast SEO plugin v27.4 - https:\/\/yoast.com\/product\/yoast-seo-wordpress\/ -->\n<title>TRICOT JERSEY + CULOTTE + BODY BAMBULA BLEU 0-1M - Pasito a Pasito<\/title>\n<meta name=\"robots\" content=\"index, follow, max-snippet:-1, max-image-preview:large, max-video-preview:-1\" \/>\n<link rel=\"canonical\" href=\"https:\/\/pasitoapasito.es\/it\/?post_type=product&p=40326\" \/>\n<meta property=\"og:locale\" content=\"fr_FR\" \/>\n<meta property=\"og:type\" content=\"article\" \/>\n<meta property=\"og:title\" content=\"TRICOT JERSEY + CULOTTE + BODY BAMBULA BLEU 0-1M - Pasito a Pasito\" \/>\n<meta property=\"og:description\" content=\"Ensemble 3 pi\u00e8ces en tricot bleu Pasito a Pasito pour nouveau-n\u00e9\u00a0: \u00e9l\u00e9gance et confort d\u00e8s le premier jour. L&rsquo;ensemble id\u00e9al pour accueillir b\u00e9b\u00e9 avec style et douceur. Cet ensemble 3 pi\u00e8ces comprend un pull et une culotte bouffante en tricot 100\u00a0% coton, d\u00e9licatement brod\u00e9s au point de riz et au crochet, ainsi qu&rsquo;un body uni [&hellip;]\" \/>\n<meta property=\"og:url\" content=\"https:\/\/pasitoapasito.es\/it\/?post_type=product&amp;p=40326\" \/>\n<meta property=\"og:site_name\" content=\"Pasito a Pasito\" \/>\n<meta property=\"article:modified_time\" content=\"2025-07-11T09:06:22+00:00\" \/>\n<meta property=\"og:image\" content=\"https:\/\/pasitoapasito.es\/wp-content\/uploads\/2025\/07\/1120900493_a-1.jpg\" \/>\n\t<meta property=\"og:image:width\" content=\"1800\" \/>\n\t<meta property=\"og:image:height\" content=\"1800\" \/>\n\t<meta property=\"og:image:type\" content=\"image\/jpeg\" \/>\n<meta name=\"twitter:card\" content=\"summary_large_image\" \/>\n<meta name=\"twitter:label1\" content=\"Dur\u00e9e de lecture estim\u00e9e\" \/>\n\t<meta name=\"twitter:data1\" content=\"2 minutes\" \/>\n<script type=\"application\/ld+json\" class=\"yoast-schema-graph\">{\"@context\":\"https:\\\/\\\/schema.org\",\"@graph\":[{\"@type\":\"WebPage\",\"@id\":\"https:\\\/\\\/pasitoapasito.es\\\/it\\\/?post_type=product&p=40326\",\"url\":\"https:\\\/\\\/pasitoapasito.es\\\/it\\\/?post_type=product&p=40326\",\"name\":\"TRICOT JERSEY + CULOTTE + BODY BAMBULA BLEU 0-1M - Pasito a Pasito\",\"isPartOf\":{\"@id\":\"https:\\\/\\\/pasitoapasito.es\\\/fr\\\/#website\"},\"primaryImageOfPage\":{\"@id\":\"https:\\\/\\\/pasitoapasito.es\\\/it\\\/?post_type=product&p=40326#primaryimage\"},\"image\":{\"@id\":\"https:\\\/\\\/pasitoapasito.es\\\/it\\\/?post_type=product&p=40326#primaryimage\"},\"thumbnailUrl\":\"https:\\\/\\\/pasitoapasito.es\\\/wp-content\\\/uploads\\\/2025\\\/07\\\/1120900493_a-1.jpg\",\"datePublished\":\"2025-07-11T06:40:52+00:00\",\"dateModified\":\"2025-07-11T09:06:22+00:00\",\"breadcrumb\":{\"@id\":\"https:\\\/\\\/pasitoapasito.es\\\/it\\\/?post_type=product&p=40326#breadcrumb\"},\"inLanguage\":\"fr-FR\",\"potentialAction\":[{\"@type\":\"ReadAction\",\"target\":[\"https:\\\/\\\/pasitoapasito.es\\\/it\\\/?post_type=product&p=40326\"]}]},{\"@type\":\"ImageObject\",\"inLanguage\":\"fr-FR\",\"@id\":\"https:\\\/\\\/pasitoapasito.es\\\/it\\\/?post_type=product&p=40326#primaryimage\",\"url\":\"https:\\\/\\\/pasitoapasito.es\\\/wp-content\\\/uploads\\\/2025\\\/07\\\/1120900493_a-1.jpg\",\"contentUrl\":\"https:\\\/\\\/pasitoapasito.es\\\/wp-content\\\/uploads\\\/2025\\\/07\\\/1120900493_a-1.jpg\",\"width\":1800,\"height\":1800},{\"@type\":\"BreadcrumbList\",\"@id\":\"https:\\\/\\\/pasitoapasito.es\\\/it\\\/?post_type=product&p=40326#breadcrumb\",\"itemListElement\":[{\"@type\":\"ListItem\",\"position\":1,\"name\":\"Tienda\",\"item\":\"https:\\\/\\\/pasitoapasito.es\\\/tienda\\\/\"},{\"@type\":\"ListItem\",\"position\":2,\"name\":\"TRICOT JERSEY + CULOTTE + BODY BAMBULA BLEU 0-1M\"}]},{\"@type\":\"WebSite\",\"@id\":\"https:\\\/\\\/pasitoapasito.es\\\/fr\\\/#website\",\"url\":\"https:\\\/\\\/pasitoapasito.es\\\/fr\\\/\",\"name\":\"Pasito a Pasito\",\"description\":\"\",\"potentialAction\":[{\"@type\":\"SearchAction\",\"target\":{\"@type\":\"EntryPoint\",\"urlTemplate\":\"https:\\\/\\\/pasitoapasito.es\\\/fr\\\/?s={search_term_string}\"},\"query-input\":{\"@type\":\"PropertyValueSpecification\",\"valueRequired\":true,\"valueName\":\"search_term_string\"}}],\"inLanguage\":\"fr-FR\"}]}<\/script>\n<!-- \/ Yoast SEO plugin. -->","yoast_head_json":{"title":"TRICOT JERSEY + CULOTTE + BODY BAMBULA BLEU 0-1M - Pasito a Pasito","robots":{"index":"index","follow":"follow","max-snippet":"max-snippet:-1","max-image-preview":"max-image-preview:large","max-video-preview":"max-video-preview:-1"},"canonical":"https:\/\/pasitoapasito.es\/it\/?post_type=product&p=40326","og_locale":"fr_FR","og_type":"article","og_title":"TRICOT JERSEY + CULOTTE + BODY BAMBULA BLEU 0-1M - Pasito a Pasito","og_description":"Ensemble 3 pi\u00e8ces en tricot bleu Pasito a Pasito pour nouveau-n\u00e9\u00a0: \u00e9l\u00e9gance et confort d\u00e8s le premier jour. L&rsquo;ensemble id\u00e9al pour accueillir b\u00e9b\u00e9 avec style et douceur. Cet ensemble 3 pi\u00e8ces comprend un pull et une culotte bouffante en tricot 100\u00a0% coton, d\u00e9licatement brod\u00e9s au point de riz et au crochet, ainsi qu&rsquo;un body uni [&hellip;]","og_url":"https:\/\/pasitoapasito.es\/it\/?post_type=product&p=40326","og_site_name":"Pasito a Pasito","article_modified_time":"2025-07-11T09:06:22+00:00","og_image":[{"width":1800,"height":1800,"url":"https:\/\/pasitoapasito.es\/wp-content\/uploads\/2025\/07\/1120900493_a-1.jpg","type":"image\/jpeg"}],"twitter_card":"summary_large_image","twitter_misc":{"Dur\u00e9e de lecture estim\u00e9e":"2 minutes"},"schema":{"@context":"https:\/\/schema.org","@graph":[{"@type":"WebPage","@id":"https:\/\/pasitoapasito.es\/it\/?post_type=product&p=40326","url":"https:\/\/pasitoapasito.es\/it\/?post_type=product&p=40326","name":"TRICOT JERSEY + CULOTTE + BODY BAMBULA BLEU 0-1M - Pasito a Pasito","isPartOf":{"@id":"https:\/\/pasitoapasito.es\/fr\/#website"},"primaryImageOfPage":{"@id":"https:\/\/pasitoapasito.es\/it\/?post_type=product&p=40326#primaryimage"},"image":{"@id":"https:\/\/pasitoapasito.es\/it\/?post_type=product&p=40326#primaryimage"},"thumbnailUrl":"https:\/\/pasitoapasito.es\/wp-content\/uploads\/2025\/07\/1120900493_a-1.jpg","datePublished":"2025-07-11T06:40:52+00:00","dateModified":"2025-07-11T09:06:22+00:00","breadcrumb":{"@id":"https:\/\/pasitoapasito.es\/it\/?post_type=product&p=40326#breadcrumb"},"inLanguage":"fr-FR","potentialAction":[{"@type":"ReadAction","target":["https:\/\/pasitoapasito.es\/it\/?post_type=product&p=40326"]}]},{"@type":"ImageObject","inLanguage":"fr-FR","@id":"https:\/\/pasitoapasito.es\/it\/?post_type=product&p=40326#primaryimage","url":"https:\/\/pasitoapasito.es\/wp-content\/uploads\/2025\/07\/1120900493_a-1.jpg","contentUrl":"https:\/\/pasitoapasito.es\/wp-content\/uploads\/2025\/07\/1120900493_a-1.jpg","width":1800,"height":1800},{"@type":"BreadcrumbList","@id":"https:\/\/pasitoapasito.es\/it\/?post_type=product&p=40326#breadcrumb","itemListElement":[{"@type":"ListItem","position":1,"name":"Tienda","item":"https:\/\/pasitoapasito.es\/tienda\/"},{"@type":"ListItem","position":2,"name":"TRICOT JERSEY + CULOTTE + BODY BAMBULA BLEU 0-1M"}]},{"@type":"WebSite","@id":"https:\/\/pasitoapasito.es\/fr\/#website","url":"https:\/\/pasitoapasito.es\/fr\/","name":"Pasito a Pasito","description":"","potentialAction":[{"@type":"SearchAction","target":{"@type":"EntryPoint","urlTemplate":"https:\/\/pasitoapasito.es\/fr\/?s={search_term_string}"},"query-input":{"@type":"PropertyValueSpecification","valueRequired":true,"valueName":"search_term_string"}}],"inLanguage":"fr-FR"}]}},"_links":{"self":[{"href":"https:\/\/pasitoapasito.es\/fr\/wp-json\/wp\/v2\/product\/40313","targetHints":{"allow":["GET"]}}],"collection":[{"href":"https:\/\/pasitoapasito.es\/fr\/wp-json\/wp\/v2\/product"}],"about":[{"href":"https:\/\/pasitoapasito.es\/fr\/wp-json\/wp\/v2\/types\/product"}],"replies":[{"embeddable":true,"href":"https:\/\/pasitoapasito.es\/fr\/wp-json\/wp\/v2\/comments?post=40313"}],"wp:featuredmedia":[{"embeddable":true,"href":"https:\/\/pasitoapasito.es\/fr\/wp-json\/wp\/v2\/media\/39658"}],"wp:attachment":[{"href":"https:\/\/pasitoapasito.es\/fr\/wp-json\/wp\/v2\/media?parent=40313"}],"wp:term":[{"taxonomy":"colecciones","embeddable":true,"href":"https:\/\/pasitoapasito.es\/fr\/wp-json\/wp\/v2\/colecciones?post=40313"},{"taxonomy":"product_brand","embeddable":true,"href":"https:\/\/pasitoapasito.es\/fr\/wp-json\/wp\/v2\/product_brand?post=40313"},{"taxonomy":"product_cat","embeddable":true,"href":"https:\/\/pasitoapasito.es\/fr\/wp-json\/wp\/v2\/product_cat?post=40313"},{"taxonomy":"product_tag","embeddable":true,"href":"https:\/\/pasitoapasito.es\/fr\/wp-json\/wp\/v2\/product_tag?post=40313"}],"curies":[{"name":"wp","href":"https:\/\/api.w.org\/{rel}","templated":true}]}}