{"id":40307,"date":"2025-07-11T06:40:49","date_gmt":"2025-07-11T06:40:49","guid":{"rendered":"https:\/\/pasitoapasito.es\/?post_type=product&#038;p=40307"},"modified":"2025-07-11T09:07:30","modified_gmt":"2025-07-11T09:07:30","slug":"tricot-nid-dange-bleu","status":"publish","type":"product","link":"https:\/\/pasitoapasito.es\/fr\/produit\/tricot-nid-dange-bleu\/","title":{"rendered":"TRICOT NID D&rsquo;ANGE BLEU"},"content":{"rendered":"<p>Le nid d&rsquo;ange Tricot bleu de Pasito a Pasito est id\u00e9al pour le confort et la protection de votre b\u00e9b\u00e9 d\u00e8s ses premiers jours. Avec son \u00e9l\u00e9gant et d\u00e9licat motif en point de riz et sa finition crochet\u00e9e ondul\u00e9e, il allie style, douceur et fonctionnalit\u00e9. 100 % coton. Ext\u00e9rieur en tricot et doublure int\u00e9rieure en mousseline de coton douce pour un contact doux avec la peau de b\u00e9b\u00e9. Fermeture \u00e0 clip pour une insertion et un retrait faciles. Livr\u00e9 avec un sac \u00e0 cordon logot\u00e9, id\u00e9al pour offrir. Haute qualit\u00e9 et style. Toutes nos housses sont fabriqu\u00e9es conform\u00e9ment aux normes europ\u00e9ennes les plus strictes. Certification SVHC \/ EN-14362 sans azo, exempt de substances nocives. Faciles \u00e0 nettoyer, un lavage en machine \u00e0 30 \u00b0C est recommand\u00e9. Les produits pour b\u00e9b\u00e9 Pasito a Pasito se distinguent par leur design unique. Leurs collections se distinguent par une finition soign\u00e9e, toujours pens\u00e9e pour la praticit\u00e9. L&rsquo;utilisation de mat\u00e9riaux de premi\u00e8re qualit\u00e9 souligne l&rsquo;\u00e9l\u00e9gance et l&rsquo;harmonie de chaque pi\u00e8ce. Nos cr\u00e9ations exclusives affichent un style unique, con\u00e7ues pour les mamans d&rsquo;aujourd&rsquo;hui qui ont autant de go\u00fbt et qui appr\u00e9cient le d\u00e9tail que nous. Dimensions : 71 x 42 cm.<\/p>\n","protected":false},"excerpt":{"rendered":"<p>Le nid d&rsquo;ange Tricot bleu de Pasito a Pasito est id\u00e9al pour le confort et la protection de votre b\u00e9b\u00e9 d\u00e8s ses premiers jours. Avec son \u00e9l\u00e9gant et d\u00e9licat motif en point de riz et sa finition crochet\u00e9e ondul\u00e9e, il allie style, douceur et fonctionnalit\u00e9. 100 % coton. Ext\u00e9rieur en tricot et doublure int\u00e9rieure en [&hellip;]<\/p>\n","protected":false},"featured_media":39524,"comment_status":"closed","ping_status":"closed","template":"","meta":{"_acf_changed":false,"inline_featured_image":false},"colecciones":[338],"product_brand":[],"product_cat":[341],"product_tag":[],"class_list":{"0":"post-40307","1":"product","2":"type-product","3":"status-publish","4":"has-post-thumbnail","6":"colecciones-collection-tricot","7":"product_cat-newborn-fr","9":"first","10":"instock","11":"purchasable","12":"product-type-simple"},"acf":[],"yoast_head":"<!-- This site is optimized with the Yoast SEO plugin v27.3 - https:\/\/yoast.com\/product\/yoast-seo-wordpress\/ -->\n<title>TRICOT NID D&#039;ANGE BLEU - Pasito a Pasito<\/title>\n<meta name=\"robots\" content=\"index, follow, max-snippet:-1, max-image-preview:large, max-video-preview:-1\" \/>\n<link rel=\"canonical\" href=\"https:\/\/pasitoapasito.es\/it\/?post_type=product&p=40320\" \/>\n<meta property=\"og:locale\" content=\"fr_FR\" \/>\n<meta property=\"og:type\" content=\"article\" \/>\n<meta property=\"og:title\" content=\"TRICOT NID D&#039;ANGE BLEU - Pasito a Pasito\" \/>\n<meta property=\"og:description\" content=\"Le nid d&rsquo;ange Tricot bleu de Pasito a Pasito est id\u00e9al pour le confort et la protection de votre b\u00e9b\u00e9 d\u00e8s ses premiers jours. Avec son \u00e9l\u00e9gant et d\u00e9licat motif en point de riz et sa finition crochet\u00e9e ondul\u00e9e, il allie style, douceur et fonctionnalit\u00e9. 100 % coton. Ext\u00e9rieur en tricot et doublure int\u00e9rieure en [&hellip;]\" \/>\n<meta property=\"og:url\" content=\"https:\/\/pasitoapasito.es\/it\/?post_type=product&amp;p=40320\" \/>\n<meta property=\"og:site_name\" content=\"Pasito a Pasito\" \/>\n<meta property=\"article:modified_time\" content=\"2025-07-11T09:07:30+00:00\" \/>\n<meta property=\"og:image\" content=\"https:\/\/pasitoapasito.es\/wp-content\/uploads\/2025\/07\/1120900487_a-1.jpg\" \/>\n\t<meta property=\"og:image:width\" content=\"1800\" \/>\n\t<meta property=\"og:image:height\" content=\"1800\" \/>\n\t<meta property=\"og:image:type\" content=\"image\/jpeg\" \/>\n<meta name=\"twitter:card\" content=\"summary_large_image\" \/>\n<meta name=\"twitter:label1\" content=\"Dur\u00e9e de lecture estim\u00e9e\" \/>\n\t<meta name=\"twitter:data1\" content=\"2 minutes\" \/>\n<script type=\"application\/ld+json\" class=\"yoast-schema-graph\">{\"@context\":\"https:\\\/\\\/schema.org\",\"@graph\":[{\"@type\":\"WebPage\",\"@id\":\"https:\\\/\\\/pasitoapasito.es\\\/it\\\/?post_type=product&p=40320\",\"url\":\"https:\\\/\\\/pasitoapasito.es\\\/it\\\/?post_type=product&p=40320\",\"name\":\"TRICOT NID D'ANGE BLEU - Pasito a Pasito\",\"isPartOf\":{\"@id\":\"https:\\\/\\\/pasitoapasito.es\\\/fr\\\/#website\"},\"primaryImageOfPage\":{\"@id\":\"https:\\\/\\\/pasitoapasito.es\\\/it\\\/?post_type=product&p=40320#primaryimage\"},\"image\":{\"@id\":\"https:\\\/\\\/pasitoapasito.es\\\/it\\\/?post_type=product&p=40320#primaryimage\"},\"thumbnailUrl\":\"https:\\\/\\\/pasitoapasito.es\\\/wp-content\\\/uploads\\\/2025\\\/07\\\/1120900487_a-1.jpg\",\"datePublished\":\"2025-07-11T06:40:49+00:00\",\"dateModified\":\"2025-07-11T09:07:30+00:00\",\"breadcrumb\":{\"@id\":\"https:\\\/\\\/pasitoapasito.es\\\/it\\\/?post_type=product&p=40320#breadcrumb\"},\"inLanguage\":\"fr-FR\",\"potentialAction\":[{\"@type\":\"ReadAction\",\"target\":[\"https:\\\/\\\/pasitoapasito.es\\\/it\\\/?post_type=product&p=40320\"]}]},{\"@type\":\"ImageObject\",\"inLanguage\":\"fr-FR\",\"@id\":\"https:\\\/\\\/pasitoapasito.es\\\/it\\\/?post_type=product&p=40320#primaryimage\",\"url\":\"https:\\\/\\\/pasitoapasito.es\\\/wp-content\\\/uploads\\\/2025\\\/07\\\/1120900487_a-1.jpg\",\"contentUrl\":\"https:\\\/\\\/pasitoapasito.es\\\/wp-content\\\/uploads\\\/2025\\\/07\\\/1120900487_a-1.jpg\",\"width\":1800,\"height\":1800},{\"@type\":\"BreadcrumbList\",\"@id\":\"https:\\\/\\\/pasitoapasito.es\\\/it\\\/?post_type=product&p=40320#breadcrumb\",\"itemListElement\":[{\"@type\":\"ListItem\",\"position\":1,\"name\":\"Tienda\",\"item\":\"https:\\\/\\\/pasitoapasito.es\\\/tienda\\\/\"},{\"@type\":\"ListItem\",\"position\":2,\"name\":\"TRICOT NID D&#8217;ANGE BLEU\"}]},{\"@type\":\"WebSite\",\"@id\":\"https:\\\/\\\/pasitoapasito.es\\\/fr\\\/#website\",\"url\":\"https:\\\/\\\/pasitoapasito.es\\\/fr\\\/\",\"name\":\"Pasito a Pasito\",\"description\":\"\",\"potentialAction\":[{\"@type\":\"SearchAction\",\"target\":{\"@type\":\"EntryPoint\",\"urlTemplate\":\"https:\\\/\\\/pasitoapasito.es\\\/fr\\\/?s={search_term_string}\"},\"query-input\":{\"@type\":\"PropertyValueSpecification\",\"valueRequired\":true,\"valueName\":\"search_term_string\"}}],\"inLanguage\":\"fr-FR\"}]}<\/script>\n<!-- \/ Yoast SEO plugin. -->","yoast_head_json":{"title":"TRICOT NID D'ANGE BLEU - Pasito a Pasito","robots":{"index":"index","follow":"follow","max-snippet":"max-snippet:-1","max-image-preview":"max-image-preview:large","max-video-preview":"max-video-preview:-1"},"canonical":"https:\/\/pasitoapasito.es\/it\/?post_type=product&p=40320","og_locale":"fr_FR","og_type":"article","og_title":"TRICOT NID D'ANGE BLEU - Pasito a Pasito","og_description":"Le nid d&rsquo;ange Tricot bleu de Pasito a Pasito est id\u00e9al pour le confort et la protection de votre b\u00e9b\u00e9 d\u00e8s ses premiers jours. Avec son \u00e9l\u00e9gant et d\u00e9licat motif en point de riz et sa finition crochet\u00e9e ondul\u00e9e, il allie style, douceur et fonctionnalit\u00e9. 100 % coton. Ext\u00e9rieur en tricot et doublure int\u00e9rieure en [&hellip;]","og_url":"https:\/\/pasitoapasito.es\/it\/?post_type=product&p=40320","og_site_name":"Pasito a Pasito","article_modified_time":"2025-07-11T09:07:30+00:00","og_image":[{"width":1800,"height":1800,"url":"https:\/\/pasitoapasito.es\/wp-content\/uploads\/2025\/07\/1120900487_a-1.jpg","type":"image\/jpeg"}],"twitter_card":"summary_large_image","twitter_misc":{"Dur\u00e9e de lecture estim\u00e9e":"2 minutes"},"schema":{"@context":"https:\/\/schema.org","@graph":[{"@type":"WebPage","@id":"https:\/\/pasitoapasito.es\/it\/?post_type=product&p=40320","url":"https:\/\/pasitoapasito.es\/it\/?post_type=product&p=40320","name":"TRICOT NID D'ANGE BLEU - Pasito a Pasito","isPartOf":{"@id":"https:\/\/pasitoapasito.es\/fr\/#website"},"primaryImageOfPage":{"@id":"https:\/\/pasitoapasito.es\/it\/?post_type=product&p=40320#primaryimage"},"image":{"@id":"https:\/\/pasitoapasito.es\/it\/?post_type=product&p=40320#primaryimage"},"thumbnailUrl":"https:\/\/pasitoapasito.es\/wp-content\/uploads\/2025\/07\/1120900487_a-1.jpg","datePublished":"2025-07-11T06:40:49+00:00","dateModified":"2025-07-11T09:07:30+00:00","breadcrumb":{"@id":"https:\/\/pasitoapasito.es\/it\/?post_type=product&p=40320#breadcrumb"},"inLanguage":"fr-FR","potentialAction":[{"@type":"ReadAction","target":["https:\/\/pasitoapasito.es\/it\/?post_type=product&p=40320"]}]},{"@type":"ImageObject","inLanguage":"fr-FR","@id":"https:\/\/pasitoapasito.es\/it\/?post_type=product&p=40320#primaryimage","url":"https:\/\/pasitoapasito.es\/wp-content\/uploads\/2025\/07\/1120900487_a-1.jpg","contentUrl":"https:\/\/pasitoapasito.es\/wp-content\/uploads\/2025\/07\/1120900487_a-1.jpg","width":1800,"height":1800},{"@type":"BreadcrumbList","@id":"https:\/\/pasitoapasito.es\/it\/?post_type=product&p=40320#breadcrumb","itemListElement":[{"@type":"ListItem","position":1,"name":"Tienda","item":"https:\/\/pasitoapasito.es\/tienda\/"},{"@type":"ListItem","position":2,"name":"TRICOT NID D&#8217;ANGE BLEU"}]},{"@type":"WebSite","@id":"https:\/\/pasitoapasito.es\/fr\/#website","url":"https:\/\/pasitoapasito.es\/fr\/","name":"Pasito a Pasito","description":"","potentialAction":[{"@type":"SearchAction","target":{"@type":"EntryPoint","urlTemplate":"https:\/\/pasitoapasito.es\/fr\/?s={search_term_string}"},"query-input":{"@type":"PropertyValueSpecification","valueRequired":true,"valueName":"search_term_string"}}],"inLanguage":"fr-FR"}]}},"_links":{"self":[{"href":"https:\/\/pasitoapasito.es\/fr\/wp-json\/wp\/v2\/product\/40307","targetHints":{"allow":["GET"]}}],"collection":[{"href":"https:\/\/pasitoapasito.es\/fr\/wp-json\/wp\/v2\/product"}],"about":[{"href":"https:\/\/pasitoapasito.es\/fr\/wp-json\/wp\/v2\/types\/product"}],"replies":[{"embeddable":true,"href":"https:\/\/pasitoapasito.es\/fr\/wp-json\/wp\/v2\/comments?post=40307"}],"wp:featuredmedia":[{"embeddable":true,"href":"https:\/\/pasitoapasito.es\/fr\/wp-json\/wp\/v2\/media\/39524"}],"wp:attachment":[{"href":"https:\/\/pasitoapasito.es\/fr\/wp-json\/wp\/v2\/media?parent=40307"}],"wp:term":[{"taxonomy":"colecciones","embeddable":true,"href":"https:\/\/pasitoapasito.es\/fr\/wp-json\/wp\/v2\/colecciones?post=40307"},{"taxonomy":"product_brand","embeddable":true,"href":"https:\/\/pasitoapasito.es\/fr\/wp-json\/wp\/v2\/product_brand?post=40307"},{"taxonomy":"product_cat","embeddable":true,"href":"https:\/\/pasitoapasito.es\/fr\/wp-json\/wp\/v2\/product_cat?post=40307"},{"taxonomy":"product_tag","embeddable":true,"href":"https:\/\/pasitoapasito.es\/fr\/wp-json\/wp\/v2\/product_tag?post=40307"}],"curies":[{"name":"wp","href":"https:\/\/api.w.org\/{rel}","templated":true}]}}