{"id":39306,"date":"2025-03-25T09:07:50","date_gmt":"2025-03-25T09:09:09","guid":{"rendered":"https:\/\/pasitoapasito.es\/?post_type=product&#038;p=39306"},"modified":"2025-03-25T09:34:53","modified_gmt":"2025-03-25T09:34:53","slug":"jouet-dactivite-petit-cerf-nara","status":"publish","type":"product","link":"https:\/\/pasitoapasito.es\/fr\/produit\/jouet-dactivite-petit-cerf-nara\/","title":{"rendered":"JOUET D&rsquo;ACTIVIT\u00c9 PETIT CERF NARA"},"content":{"rendered":"<p>Le jouet en spirale avec cerf de la collection Nara de Pasito a Pasito est l&rsquo;accessoire parfait pour stimuler et divertir votre b\u00e9b\u00e9. Con\u00e7u avec des mat\u00e9riaux ultra-doux comme le velours et la peluche, ce jouet est id\u00e9al pour l&rsquo;accrocher \u00e0 la poussette ou au si\u00e8ge auto, offrant des heures de plaisir et d&rsquo;apprentissage. Facile \u00e0 placer et s&rsquo;adapte \u00e0 diff\u00e9rentes surfaces. Il comprend des pendentifs avec diff\u00e9rentes textures, formes et sons pour le d\u00e9veloppement de b\u00e9b\u00e9. Adorable design de cerf avec des tons neutres et \u00e9l\u00e9gants. Sans petites pi\u00e8ces ni \u00e9l\u00e9ments dangereux. Ce jouet favorise non seulement l&rsquo;exploration et le d\u00e9veloppement sensoriel, mais d\u00e9core aussi tendrement l&rsquo;espace de votre b\u00e9b\u00e9. Pasito a pasito prot\u00e8ge votre b\u00e9b\u00e9 en utilisant les meilleurs tissus, sans colorants azo\u00efques et substances nocives pour la sant\u00e9. Conforme \u00e0 la norme europ\u00e9enne EN-71 S\u00e9curit\u00e9 des jouets +0 ans.<\/p>\n","protected":false},"excerpt":{"rendered":"<p>Le jouet en spirale avec cerf de la collection Nara de Pasito a Pasito est l&rsquo;accessoire parfait pour stimuler et divertir votre b\u00e9b\u00e9. Con\u00e7u avec des mat\u00e9riaux ultra-doux comme le velours et la peluche, ce jouet est id\u00e9al pour l&rsquo;accrocher \u00e0 la poussette ou au si\u00e8ge auto, offrant des heures de plaisir et d&rsquo;apprentissage. Facile [&hellip;]<\/p>\n","protected":false},"featured_media":39214,"comment_status":"closed","ping_status":"closed","template":"","meta":{"_acf_changed":false,"inline_featured_image":false},"colecciones":[332],"product_brand":[],"product_cat":[193],"product_tag":[],"class_list":{"0":"post-39306","1":"product","2":"type-product","3":"status-publish","4":"has-post-thumbnail","6":"colecciones-collection-nara","7":"product_cat-peluches-et-accessories","9":"first","10":"instock","11":"purchasable","12":"product-type-simple"},"acf":[],"yoast_head":"<!-- This site is optimized with the Yoast SEO plugin v27.4 - https:\/\/yoast.com\/product\/yoast-seo-wordpress\/ -->\n<title>JOUET D&#039;ACTIVIT\u00c9 PETIT CERF NARA - Pasito a Pasito<\/title>\n<meta name=\"robots\" content=\"index, follow, max-snippet:-1, max-image-preview:large, max-video-preview:-1\" \/>\n<link rel=\"canonical\" href=\"https:\/\/pasitoapasito.es\/fr\/produit\/jouet-dactivite-petit-cerf-nara\/\" \/>\n<meta property=\"og:locale\" content=\"fr_FR\" \/>\n<meta property=\"og:type\" content=\"article\" \/>\n<meta property=\"og:title\" content=\"JOUET D&#039;ACTIVIT\u00c9 PETIT CERF NARA - Pasito a Pasito\" \/>\n<meta property=\"og:description\" content=\"Le jouet en spirale avec cerf de la collection Nara de Pasito a Pasito est l&rsquo;accessoire parfait pour stimuler et divertir votre b\u00e9b\u00e9. Con\u00e7u avec des mat\u00e9riaux ultra-doux comme le velours et la peluche, ce jouet est id\u00e9al pour l&rsquo;accrocher \u00e0 la poussette ou au si\u00e8ge auto, offrant des heures de plaisir et d&rsquo;apprentissage. Facile [&hellip;]\" \/>\n<meta property=\"og:url\" content=\"https:\/\/pasitoapasito.es\/fr\/produit\/jouet-dactivite-petit-cerf-nara\/\" \/>\n<meta property=\"og:site_name\" content=\"Pasito a Pasito\" \/>\n<meta property=\"article:modified_time\" content=\"2025-03-25T09:34:53+00:00\" \/>\n<meta property=\"og:image\" content=\"https:\/\/pasitoapasito.es\/wp-content\/uploads\/2025\/03\/1120900484_a-1.jpg\" \/>\n\t<meta property=\"og:image:width\" content=\"1000\" \/>\n\t<meta property=\"og:image:height\" content=\"1000\" \/>\n\t<meta property=\"og:image:type\" content=\"image\/jpeg\" \/>\n<meta name=\"twitter:card\" content=\"summary_large_image\" \/>\n<meta name=\"twitter:label1\" content=\"Dur\u00e9e de lecture estim\u00e9e\" \/>\n\t<meta name=\"twitter:data1\" content=\"1 minute\" \/>\n<script type=\"application\/ld+json\" class=\"yoast-schema-graph\">{\"@context\":\"https:\\\/\\\/schema.org\",\"@graph\":[{\"@type\":\"WebPage\",\"@id\":\"https:\\\/\\\/pasitoapasito.es\\\/fr\\\/produit\\\/jouet-dactivite-petit-cerf-nara\\\/\",\"url\":\"https:\\\/\\\/pasitoapasito.es\\\/fr\\\/produit\\\/jouet-dactivite-petit-cerf-nara\\\/\",\"name\":\"JOUET D'ACTIVIT\u00c9 PETIT CERF NARA - Pasito a Pasito\",\"isPartOf\":{\"@id\":\"https:\\\/\\\/pasitoapasito.es\\\/fr\\\/#website\"},\"primaryImageOfPage\":{\"@id\":\"https:\\\/\\\/pasitoapasito.es\\\/fr\\\/produit\\\/jouet-dactivite-petit-cerf-nara\\\/#primaryimage\"},\"image\":{\"@id\":\"https:\\\/\\\/pasitoapasito.es\\\/fr\\\/produit\\\/jouet-dactivite-petit-cerf-nara\\\/#primaryimage\"},\"thumbnailUrl\":\"https:\\\/\\\/pasitoapasito.es\\\/wp-content\\\/uploads\\\/2025\\\/03\\\/1120900483_a-1.jpg\",\"datePublished\":\"2025-03-25T09:09:09+00:00\",\"dateModified\":\"2025-03-25T09:34:53+00:00\",\"breadcrumb\":{\"@id\":\"https:\\\/\\\/pasitoapasito.es\\\/fr\\\/produit\\\/jouet-dactivite-petit-cerf-nara\\\/#breadcrumb\"},\"inLanguage\":\"fr-FR\",\"potentialAction\":[{\"@type\":\"ReadAction\",\"target\":[\"https:\\\/\\\/pasitoapasito.es\\\/fr\\\/produit\\\/jouet-dactivite-petit-cerf-nara\\\/\"]}]},{\"@type\":\"ImageObject\",\"inLanguage\":\"fr-FR\",\"@id\":\"https:\\\/\\\/pasitoapasito.es\\\/fr\\\/produit\\\/jouet-dactivite-petit-cerf-nara\\\/#primaryimage\",\"url\":\"https:\\\/\\\/pasitoapasito.es\\\/wp-content\\\/uploads\\\/2025\\\/03\\\/1120900483_a-1.jpg\",\"contentUrl\":\"https:\\\/\\\/pasitoapasito.es\\\/wp-content\\\/uploads\\\/2025\\\/03\\\/1120900483_a-1.jpg\",\"width\":1000,\"height\":1000},{\"@type\":\"BreadcrumbList\",\"@id\":\"https:\\\/\\\/pasitoapasito.es\\\/fr\\\/produit\\\/jouet-dactivite-petit-cerf-nara\\\/#breadcrumb\",\"itemListElement\":[{\"@type\":\"ListItem\",\"position\":1,\"name\":\"Tienda\",\"item\":\"https:\\\/\\\/pasitoapasito.es\\\/tienda\\\/\"},{\"@type\":\"ListItem\",\"position\":2,\"name\":\"JOUET D&#8217;ACTIVIT\u00c9 PETIT CERF NARA\"}]},{\"@type\":\"WebSite\",\"@id\":\"https:\\\/\\\/pasitoapasito.es\\\/fr\\\/#website\",\"url\":\"https:\\\/\\\/pasitoapasito.es\\\/fr\\\/\",\"name\":\"Pasito a Pasito\",\"description\":\"\",\"potentialAction\":[{\"@type\":\"SearchAction\",\"target\":{\"@type\":\"EntryPoint\",\"urlTemplate\":\"https:\\\/\\\/pasitoapasito.es\\\/fr\\\/?s={search_term_string}\"},\"query-input\":{\"@type\":\"PropertyValueSpecification\",\"valueRequired\":true,\"valueName\":\"search_term_string\"}}],\"inLanguage\":\"fr-FR\"}]}<\/script>\n<!-- \/ Yoast SEO plugin. -->","yoast_head_json":{"title":"JOUET D'ACTIVIT\u00c9 PETIT CERF NARA - Pasito a Pasito","robots":{"index":"index","follow":"follow","max-snippet":"max-snippet:-1","max-image-preview":"max-image-preview:large","max-video-preview":"max-video-preview:-1"},"canonical":"https:\/\/pasitoapasito.es\/fr\/produit\/jouet-dactivite-petit-cerf-nara\/","og_locale":"fr_FR","og_type":"article","og_title":"JOUET D'ACTIVIT\u00c9 PETIT CERF NARA - Pasito a Pasito","og_description":"Le jouet en spirale avec cerf de la collection Nara de Pasito a Pasito est l&rsquo;accessoire parfait pour stimuler et divertir votre b\u00e9b\u00e9. Con\u00e7u avec des mat\u00e9riaux ultra-doux comme le velours et la peluche, ce jouet est id\u00e9al pour l&rsquo;accrocher \u00e0 la poussette ou au si\u00e8ge auto, offrant des heures de plaisir et d&rsquo;apprentissage. Facile [&hellip;]","og_url":"https:\/\/pasitoapasito.es\/fr\/produit\/jouet-dactivite-petit-cerf-nara\/","og_site_name":"Pasito a Pasito","article_modified_time":"2025-03-25T09:34:53+00:00","og_image":[{"width":1000,"height":1000,"url":"https:\/\/pasitoapasito.es\/wp-content\/uploads\/2025\/03\/1120900484_a-1.jpg","type":"image\/jpeg"}],"twitter_card":"summary_large_image","twitter_misc":{"Dur\u00e9e de lecture estim\u00e9e":"1 minute"},"schema":{"@context":"https:\/\/schema.org","@graph":[{"@type":"WebPage","@id":"https:\/\/pasitoapasito.es\/fr\/produit\/jouet-dactivite-petit-cerf-nara\/","url":"https:\/\/pasitoapasito.es\/fr\/produit\/jouet-dactivite-petit-cerf-nara\/","name":"JOUET D'ACTIVIT\u00c9 PETIT CERF NARA - Pasito a Pasito","isPartOf":{"@id":"https:\/\/pasitoapasito.es\/fr\/#website"},"primaryImageOfPage":{"@id":"https:\/\/pasitoapasito.es\/fr\/produit\/jouet-dactivite-petit-cerf-nara\/#primaryimage"},"image":{"@id":"https:\/\/pasitoapasito.es\/fr\/produit\/jouet-dactivite-petit-cerf-nara\/#primaryimage"},"thumbnailUrl":"https:\/\/pasitoapasito.es\/wp-content\/uploads\/2025\/03\/1120900483_a-1.jpg","datePublished":"2025-03-25T09:09:09+00:00","dateModified":"2025-03-25T09:34:53+00:00","breadcrumb":{"@id":"https:\/\/pasitoapasito.es\/fr\/produit\/jouet-dactivite-petit-cerf-nara\/#breadcrumb"},"inLanguage":"fr-FR","potentialAction":[{"@type":"ReadAction","target":["https:\/\/pasitoapasito.es\/fr\/produit\/jouet-dactivite-petit-cerf-nara\/"]}]},{"@type":"ImageObject","inLanguage":"fr-FR","@id":"https:\/\/pasitoapasito.es\/fr\/produit\/jouet-dactivite-petit-cerf-nara\/#primaryimage","url":"https:\/\/pasitoapasito.es\/wp-content\/uploads\/2025\/03\/1120900483_a-1.jpg","contentUrl":"https:\/\/pasitoapasito.es\/wp-content\/uploads\/2025\/03\/1120900483_a-1.jpg","width":1000,"height":1000},{"@type":"BreadcrumbList","@id":"https:\/\/pasitoapasito.es\/fr\/produit\/jouet-dactivite-petit-cerf-nara\/#breadcrumb","itemListElement":[{"@type":"ListItem","position":1,"name":"Tienda","item":"https:\/\/pasitoapasito.es\/tienda\/"},{"@type":"ListItem","position":2,"name":"JOUET D&#8217;ACTIVIT\u00c9 PETIT CERF NARA"}]},{"@type":"WebSite","@id":"https:\/\/pasitoapasito.es\/fr\/#website","url":"https:\/\/pasitoapasito.es\/fr\/","name":"Pasito a Pasito","description":"","potentialAction":[{"@type":"SearchAction","target":{"@type":"EntryPoint","urlTemplate":"https:\/\/pasitoapasito.es\/fr\/?s={search_term_string}"},"query-input":{"@type":"PropertyValueSpecification","valueRequired":true,"valueName":"search_term_string"}}],"inLanguage":"fr-FR"}]}},"_links":{"self":[{"href":"https:\/\/pasitoapasito.es\/fr\/wp-json\/wp\/v2\/product\/39306","targetHints":{"allow":["GET"]}}],"collection":[{"href":"https:\/\/pasitoapasito.es\/fr\/wp-json\/wp\/v2\/product"}],"about":[{"href":"https:\/\/pasitoapasito.es\/fr\/wp-json\/wp\/v2\/types\/product"}],"replies":[{"embeddable":true,"href":"https:\/\/pasitoapasito.es\/fr\/wp-json\/wp\/v2\/comments?post=39306"}],"wp:featuredmedia":[{"embeddable":true,"href":"https:\/\/pasitoapasito.es\/fr\/wp-json\/wp\/v2\/media\/39214"}],"wp:attachment":[{"href":"https:\/\/pasitoapasito.es\/fr\/wp-json\/wp\/v2\/media?parent=39306"}],"wp:term":[{"taxonomy":"colecciones","embeddable":true,"href":"https:\/\/pasitoapasito.es\/fr\/wp-json\/wp\/v2\/colecciones?post=39306"},{"taxonomy":"product_brand","embeddable":true,"href":"https:\/\/pasitoapasito.es\/fr\/wp-json\/wp\/v2\/product_brand?post=39306"},{"taxonomy":"product_cat","embeddable":true,"href":"https:\/\/pasitoapasito.es\/fr\/wp-json\/wp\/v2\/product_cat?post=39306"},{"taxonomy":"product_tag","embeddable":true,"href":"https:\/\/pasitoapasito.es\/fr\/wp-json\/wp\/v2\/product_tag?post=39306"}],"curies":[{"name":"wp","href":"https:\/\/api.w.org\/{rel}","templated":true}]}}