{"id":39302,"date":"2025-03-25T09:07:52","date_gmt":"2025-03-25T09:09:08","guid":{"rendered":"https:\/\/pasitoapasito.es\/?post_type=product&#038;p=39302"},"modified":"2025-03-25T09:34:52","modified_gmt":"2025-03-25T09:34:52","slug":"gigoteuse-ete-nara","status":"publish","type":"product","link":"https:\/\/pasitoapasito.es\/fr\/produit\/gigoteuse-ete-nara\/","title":{"rendered":"GIGOTEUSE \u00c9T\u00c9 NARA"},"content":{"rendered":"<p>La gigoteuse d&rsquo;\u00e9t\u00e9 Nara pour b\u00e9b\u00e9s de Pasito a pasito offre un confort et une s\u00e9curit\u00e9 maximum aux tout-petits pendant leurs heures de sommeil. Confectionn\u00e9e en mousseline imprim\u00e9e de cerfs et d&rsquo;arbres dans des tons neutres de coton 100%, extra douce et respirante, parfaite pour la peau d\u00e9licate des nouveau-n\u00e9s. Le design sans manches permet une libert\u00e9 de mouvement, tout en gardant b\u00e9b\u00e9 au chaud toute la nuit. Elle se ferme par des boutons-pression sur les bretelles pour un ajustement s\u00fbr et une mise en place facile, permettant un acc\u00e8s rapide et confortable. Elle est con\u00e7ue pour maintenir b\u00e9b\u00e9 envelopp\u00e9 en toute s\u00e9curit\u00e9, \u00e9vitant ainsi le risque d&rsquo;\u00e9touffement avec des couvertures l\u00e2ches. Id\u00e9ale pour les b\u00e9b\u00e9s de 1 \u00e0 4 mois. TOG (Thermal Overall Grade) 0.5. Conforme \u00e0 la norme europ\u00e9enne EN 16781:2018. Articles textiles pour le soin des enfants. Exigences de s\u00e9curit\u00e9 et m\u00e9thodes d&rsquo;essai pour les sacs de couchage pour enfants. Cette gigoteuse de Pasito a pasito est un choix id\u00e9al pour les parents qui recherchent confort, s\u00e9curit\u00e9 et style dans les produits de leurs b\u00e9b\u00e9s. Elle offre un environnement de sommeil s\u00fbr et confortable pour que b\u00e9b\u00e9 dorme paisiblement toute la nuit. Tous nos produits sont fabriqu\u00e9s conform\u00e9ment aux normes europ\u00e9ennes les plus strictes, avec des mat\u00e9riaux de haute qualit\u00e9, sans colorants azo\u00efques, phtalates et substances nocives pour la sant\u00e9. Tissu facile \u00e0 nettoyer, il est recommand\u00e9 de laver en machine \u00e0 30\u00ba. Les produits pour b\u00e9b\u00e9s Pasito a Pasito ont un design tr\u00e8s diff\u00e9rent de tous les autres. Les collections se caract\u00e9risent par un travail minutieux, toujours con\u00e7us d&rsquo;un point de vue pratique. Ils utilisent des mat\u00e9riaux de premi\u00e8re qualit\u00e9 pour souligner l&rsquo;\u00e9l\u00e9gance et l&rsquo;harmonie dans chaque pi\u00e8ce. Nos mod\u00e8les sont exclusifs et d&rsquo;un style incomparable, pens\u00e9s pour les mamans actuelles qui ont du go\u00fbt et qui appr\u00e9cient les d\u00e9tails autant que nous. Sp\u00e9cifications : Mat\u00e9riaux : 100% coton. \u00a0<\/p>\n","protected":false},"excerpt":{"rendered":"<p>La gigoteuse d&rsquo;\u00e9t\u00e9 Nara pour b\u00e9b\u00e9s de Pasito a pasito offre un confort et une s\u00e9curit\u00e9 maximum aux tout-petits pendant leurs heures de sommeil. Confectionn\u00e9e en mousseline imprim\u00e9e de cerfs et d&rsquo;arbres dans des tons neutres de coton 100%, extra douce et respirante, parfaite pour la peau d\u00e9licate des nouveau-n\u00e9s. Le design sans manches permet [&hellip;]<\/p>\n","protected":false},"featured_media":39142,"comment_status":"closed","ping_status":"closed","template":"","meta":{"_acf_changed":false,"inline_featured_image":false},"colecciones":[332],"product_brand":[],"product_cat":[191],"product_tag":[],"class_list":{"0":"post-39302","1":"product","2":"type-product","3":"status-publish","4":"has-post-thumbnail","6":"colecciones-collection-nara","7":"product_cat-home-fr","9":"first","10":"instock","11":"purchasable","12":"product-type-simple"},"acf":[],"yoast_head":"<!-- This site is optimized with the Yoast SEO plugin v27.4 - https:\/\/yoast.com\/product\/yoast-seo-wordpress\/ -->\n<title>GIGOTEUSE \u00c9T\u00c9 NARA - Pasito a Pasito<\/title>\n<meta name=\"robots\" content=\"index, follow, max-snippet:-1, max-image-preview:large, max-video-preview:-1\" \/>\n<link rel=\"canonical\" href=\"https:\/\/pasitoapasito.es\/produit\/saco-dormir-nara\/\" \/>\n<meta property=\"og:locale\" content=\"fr_FR\" \/>\n<meta property=\"og:type\" content=\"article\" \/>\n<meta property=\"og:title\" content=\"GIGOTEUSE \u00c9T\u00c9 NARA - Pasito a Pasito\" \/>\n<meta property=\"og:description\" content=\"La gigoteuse d&rsquo;\u00e9t\u00e9 Nara pour b\u00e9b\u00e9s de Pasito a pasito offre un confort et une s\u00e9curit\u00e9 maximum aux tout-petits pendant leurs heures de sommeil. Confectionn\u00e9e en mousseline imprim\u00e9e de cerfs et d&rsquo;arbres dans des tons neutres de coton 100%, extra douce et respirante, parfaite pour la peau d\u00e9licate des nouveau-n\u00e9s. Le design sans manches permet [&hellip;]\" \/>\n<meta property=\"og:url\" content=\"https:\/\/pasitoapasito.es\/produit\/saco-dormir-nara\/\" \/>\n<meta property=\"og:site_name\" content=\"Pasito a Pasito\" \/>\n<meta property=\"article:modified_time\" content=\"2025-03-25T09:34:52+00:00\" \/>\n<meta property=\"og:image\" content=\"https:\/\/pasitoapasito.es\/wp-content\/uploads\/2025\/03\/1120900479_a-1.jpg\" \/>\n\t<meta property=\"og:image:width\" content=\"1000\" \/>\n\t<meta property=\"og:image:height\" content=\"1000\" \/>\n\t<meta property=\"og:image:type\" content=\"image\/jpeg\" \/>\n<meta name=\"twitter:card\" content=\"summary_large_image\" \/>\n<meta name=\"twitter:label1\" content=\"Dur\u00e9e de lecture estim\u00e9e\" \/>\n\t<meta name=\"twitter:data1\" content=\"2 minutes\" \/>\n<script type=\"application\/ld+json\" class=\"yoast-schema-graph\">{\"@context\":\"https:\\\/\\\/schema.org\",\"@graph\":[{\"@type\":\"WebPage\",\"@id\":\"https:\\\/\\\/pasitoapasito.es\\\/produit\\\/saco-dormir-nara\\\/\",\"url\":\"https:\\\/\\\/pasitoapasito.es\\\/produit\\\/saco-dormir-nara\\\/\",\"name\":\"GIGOTEUSE \u00c9T\u00c9 NARA - Pasito a Pasito\",\"isPartOf\":{\"@id\":\"https:\\\/\\\/pasitoapasito.es\\\/fr\\\/#website\"},\"primaryImageOfPage\":{\"@id\":\"https:\\\/\\\/pasitoapasito.es\\\/produit\\\/saco-dormir-nara\\\/#primaryimage\"},\"image\":{\"@id\":\"https:\\\/\\\/pasitoapasito.es\\\/produit\\\/saco-dormir-nara\\\/#primaryimage\"},\"thumbnailUrl\":\"https:\\\/\\\/pasitoapasito.es\\\/wp-content\\\/uploads\\\/2025\\\/03\\\/1120900479_a-1.jpg\",\"datePublished\":\"2025-03-25T09:09:08+00:00\",\"dateModified\":\"2025-03-25T09:34:52+00:00\",\"breadcrumb\":{\"@id\":\"https:\\\/\\\/pasitoapasito.es\\\/produit\\\/saco-dormir-nara\\\/#breadcrumb\"},\"inLanguage\":\"fr-FR\",\"potentialAction\":[{\"@type\":\"ReadAction\",\"target\":[\"https:\\\/\\\/pasitoapasito.es\\\/produit\\\/saco-dormir-nara\\\/\"]}]},{\"@type\":\"ImageObject\",\"inLanguage\":\"fr-FR\",\"@id\":\"https:\\\/\\\/pasitoapasito.es\\\/produit\\\/saco-dormir-nara\\\/#primaryimage\",\"url\":\"https:\\\/\\\/pasitoapasito.es\\\/wp-content\\\/uploads\\\/2025\\\/03\\\/1120900479_a-1.jpg\",\"contentUrl\":\"https:\\\/\\\/pasitoapasito.es\\\/wp-content\\\/uploads\\\/2025\\\/03\\\/1120900479_a-1.jpg\",\"width\":1000,\"height\":1000},{\"@type\":\"BreadcrumbList\",\"@id\":\"https:\\\/\\\/pasitoapasito.es\\\/produit\\\/saco-dormir-nara\\\/#breadcrumb\",\"itemListElement\":[{\"@type\":\"ListItem\",\"position\":1,\"name\":\"Tienda\",\"item\":\"https:\\\/\\\/pasitoapasito.es\\\/tienda\\\/\"},{\"@type\":\"ListItem\",\"position\":2,\"name\":\"GIGOTEUSE \u00c9T\u00c9 NARA\"}]},{\"@type\":\"WebSite\",\"@id\":\"https:\\\/\\\/pasitoapasito.es\\\/fr\\\/#website\",\"url\":\"https:\\\/\\\/pasitoapasito.es\\\/fr\\\/\",\"name\":\"Pasito a Pasito\",\"description\":\"\",\"potentialAction\":[{\"@type\":\"SearchAction\",\"target\":{\"@type\":\"EntryPoint\",\"urlTemplate\":\"https:\\\/\\\/pasitoapasito.es\\\/fr\\\/?s={search_term_string}\"},\"query-input\":{\"@type\":\"PropertyValueSpecification\",\"valueRequired\":true,\"valueName\":\"search_term_string\"}}],\"inLanguage\":\"fr-FR\"}]}<\/script>\n<!-- \/ Yoast SEO plugin. -->","yoast_head_json":{"title":"GIGOTEUSE \u00c9T\u00c9 NARA - Pasito a Pasito","robots":{"index":"index","follow":"follow","max-snippet":"max-snippet:-1","max-image-preview":"max-image-preview:large","max-video-preview":"max-video-preview:-1"},"canonical":"https:\/\/pasitoapasito.es\/produit\/saco-dormir-nara\/","og_locale":"fr_FR","og_type":"article","og_title":"GIGOTEUSE \u00c9T\u00c9 NARA - Pasito a Pasito","og_description":"La gigoteuse d&rsquo;\u00e9t\u00e9 Nara pour b\u00e9b\u00e9s de Pasito a pasito offre un confort et une s\u00e9curit\u00e9 maximum aux tout-petits pendant leurs heures de sommeil. Confectionn\u00e9e en mousseline imprim\u00e9e de cerfs et d&rsquo;arbres dans des tons neutres de coton 100%, extra douce et respirante, parfaite pour la peau d\u00e9licate des nouveau-n\u00e9s. Le design sans manches permet [&hellip;]","og_url":"https:\/\/pasitoapasito.es\/produit\/saco-dormir-nara\/","og_site_name":"Pasito a Pasito","article_modified_time":"2025-03-25T09:34:52+00:00","og_image":[{"width":1000,"height":1000,"url":"https:\/\/pasitoapasito.es\/wp-content\/uploads\/2025\/03\/1120900479_a-1.jpg","type":"image\/jpeg"}],"twitter_card":"summary_large_image","twitter_misc":{"Dur\u00e9e de lecture estim\u00e9e":"2 minutes"},"schema":{"@context":"https:\/\/schema.org","@graph":[{"@type":"WebPage","@id":"https:\/\/pasitoapasito.es\/produit\/saco-dormir-nara\/","url":"https:\/\/pasitoapasito.es\/produit\/saco-dormir-nara\/","name":"GIGOTEUSE \u00c9T\u00c9 NARA - Pasito a Pasito","isPartOf":{"@id":"https:\/\/pasitoapasito.es\/fr\/#website"},"primaryImageOfPage":{"@id":"https:\/\/pasitoapasito.es\/produit\/saco-dormir-nara\/#primaryimage"},"image":{"@id":"https:\/\/pasitoapasito.es\/produit\/saco-dormir-nara\/#primaryimage"},"thumbnailUrl":"https:\/\/pasitoapasito.es\/wp-content\/uploads\/2025\/03\/1120900479_a-1.jpg","datePublished":"2025-03-25T09:09:08+00:00","dateModified":"2025-03-25T09:34:52+00:00","breadcrumb":{"@id":"https:\/\/pasitoapasito.es\/produit\/saco-dormir-nara\/#breadcrumb"},"inLanguage":"fr-FR","potentialAction":[{"@type":"ReadAction","target":["https:\/\/pasitoapasito.es\/produit\/saco-dormir-nara\/"]}]},{"@type":"ImageObject","inLanguage":"fr-FR","@id":"https:\/\/pasitoapasito.es\/produit\/saco-dormir-nara\/#primaryimage","url":"https:\/\/pasitoapasito.es\/wp-content\/uploads\/2025\/03\/1120900479_a-1.jpg","contentUrl":"https:\/\/pasitoapasito.es\/wp-content\/uploads\/2025\/03\/1120900479_a-1.jpg","width":1000,"height":1000},{"@type":"BreadcrumbList","@id":"https:\/\/pasitoapasito.es\/produit\/saco-dormir-nara\/#breadcrumb","itemListElement":[{"@type":"ListItem","position":1,"name":"Tienda","item":"https:\/\/pasitoapasito.es\/tienda\/"},{"@type":"ListItem","position":2,"name":"GIGOTEUSE \u00c9T\u00c9 NARA"}]},{"@type":"WebSite","@id":"https:\/\/pasitoapasito.es\/fr\/#website","url":"https:\/\/pasitoapasito.es\/fr\/","name":"Pasito a Pasito","description":"","potentialAction":[{"@type":"SearchAction","target":{"@type":"EntryPoint","urlTemplate":"https:\/\/pasitoapasito.es\/fr\/?s={search_term_string}"},"query-input":{"@type":"PropertyValueSpecification","valueRequired":true,"valueName":"search_term_string"}}],"inLanguage":"fr-FR"}]}},"_links":{"self":[{"href":"https:\/\/pasitoapasito.es\/fr\/wp-json\/wp\/v2\/product\/39302","targetHints":{"allow":["GET"]}}],"collection":[{"href":"https:\/\/pasitoapasito.es\/fr\/wp-json\/wp\/v2\/product"}],"about":[{"href":"https:\/\/pasitoapasito.es\/fr\/wp-json\/wp\/v2\/types\/product"}],"replies":[{"embeddable":true,"href":"https:\/\/pasitoapasito.es\/fr\/wp-json\/wp\/v2\/comments?post=39302"}],"wp:featuredmedia":[{"embeddable":true,"href":"https:\/\/pasitoapasito.es\/fr\/wp-json\/wp\/v2\/media\/39142"}],"wp:attachment":[{"href":"https:\/\/pasitoapasito.es\/fr\/wp-json\/wp\/v2\/media?parent=39302"}],"wp:term":[{"taxonomy":"colecciones","embeddable":true,"href":"https:\/\/pasitoapasito.es\/fr\/wp-json\/wp\/v2\/colecciones?post=39302"},{"taxonomy":"product_brand","embeddable":true,"href":"https:\/\/pasitoapasito.es\/fr\/wp-json\/wp\/v2\/product_brand?post=39302"},{"taxonomy":"product_cat","embeddable":true,"href":"https:\/\/pasitoapasito.es\/fr\/wp-json\/wp\/v2\/product_cat?post=39302"},{"taxonomy":"product_tag","embeddable":true,"href":"https:\/\/pasitoapasito.es\/fr\/wp-json\/wp\/v2\/product_tag?post=39302"}],"curies":[{"name":"wp","href":"https:\/\/api.w.org\/{rel}","templated":true}]}}