{"id":39298,"date":"2025-03-25T09:07:54","date_gmt":"2025-03-25T09:09:07","guid":{"rendered":"https:\/\/pasitoapasito.es\/?post_type=product&#038;p=39298"},"modified":"2025-03-25T09:34:51","modified_gmt":"2025-03-25T09:34:51","slug":"housse-de-nacelle-avec-tiges-drap-housse-pour-nacelle-nara","status":"publish","type":"product","link":"https:\/\/pasitoapasito.es\/fr\/produit\/housse-de-nacelle-avec-tiges-drap-housse-pour-nacelle-nara\/","title":{"rendered":"HOUSSE DE NACELLE AVEC TIGES + DRAP-HOUSSE POUR NACELLE NARA"},"content":{"rendered":"<p>La housse de nacelle Nara de Pasito a Pasito avec arceaux et drap-housse est le compl\u00e9ment parfait pour apporter douceur et \u00e9l\u00e9gance \u00e0 la nacelle de votre b\u00e9b\u00e9. 100 % coton, elle garantit un toucher d\u00e9licat et respirant, id\u00e9al pour la peau sensible des nouveau-n\u00e9s. La housse de nacelle avec rubans s&rsquo;adapte parfaitement \u00e0 l&rsquo;int\u00e9rieur de la nacelle. Son design r\u00e9glable avec des liens assure un ajustement parfait \u00e0 la nacelle, offrant une finition enveloppante et s\u00e9curis\u00e9e avec un charmant motif imprim\u00e9 de cerfs et d&rsquo;arbres dans des tons neutres. Le drap-housse, en mousseline de coton 100 %, offre une douceur exceptionnelle et une respirabilit\u00e9 optimale, assurant le confort de b\u00e9b\u00e9 \u00e0 tout moment. Compatible avec la plupart des nacelles. Cet ensemble est id\u00e9al pour le confort et la protection de votre b\u00e9b\u00e9, avec le style et la qualit\u00e9 qui caract\u00e9risent Pasito a Pasito. Toutes nos housses sont fabriqu\u00e9es conform\u00e9ment aux normes europ\u00e9ennes les plus exigeantes, avec des mat\u00e9riaux de haute qualit\u00e9, sans colorants azo\u00efques, phtalates et substances nocives pour la sant\u00e9. Tissu facile \u00e0 nettoyer, lavable en machine \u00e0 30\u00ba. Les produits pour b\u00e9b\u00e9s Pasito a Pasito ont un design tr\u00e8s diff\u00e9rent de tous les autres. Les collections se caract\u00e9risent par un travail minutieux, toujours con\u00e7us d&rsquo;un point de vue pratique. Ils utilisent des mat\u00e9riaux de premi\u00e8re qualit\u00e9 pour souligner l&rsquo;\u00e9l\u00e9gance et l&rsquo;harmonie de chaque pi\u00e8ce. Nos mod\u00e8les sont exclusifs et d&rsquo;un style incomparable, con\u00e7us pour les mamans modernes qui ont du go\u00fbt et appr\u00e9cient les d\u00e9tails autant que nous. Sp\u00e9cifications : Mat\u00e9riaux : 100 % coton. Taille universelle.<\/p>\n","protected":false},"excerpt":{"rendered":"<p>La housse de nacelle Nara de Pasito a Pasito avec arceaux et drap-housse est le compl\u00e9ment parfait pour apporter douceur et \u00e9l\u00e9gance \u00e0 la nacelle de votre b\u00e9b\u00e9. 100 % coton, elle garantit un toucher d\u00e9licat et respirant, id\u00e9al pour la peau sensible des nouveau-n\u00e9s. La housse de nacelle avec rubans s&rsquo;adapte parfaitement \u00e0 l&rsquo;int\u00e9rieur [&hellip;]<\/p>\n","protected":false},"featured_media":39082,"comment_status":"closed","ping_status":"closed","template":"","meta":{"_acf_changed":false,"inline_featured_image":false},"colecciones":[332],"product_brand":[],"product_cat":[144,161],"product_tag":[],"class_list":{"0":"post-39298","1":"product","2":"type-product","3":"status-publish","4":"has-post-thumbnail","6":"colecciones-collection-nara","7":"product_cat-housses-pour-nacelle-et-nids-dange","8":"product_cat-sorties","10":"first","11":"instock","12":"purchasable","13":"product-type-simple"},"acf":[],"yoast_head":"<!-- This site is optimized with the Yoast SEO plugin v27.5 - https:\/\/yoast.com\/product\/yoast-seo-wordpress\/ -->\n<title>HOUSSE DE NACELLE AVEC TIGES + DRAP-HOUSSE POUR NACELLE NARA - Pasito a Pasito<\/title>\n<meta name=\"robots\" content=\"index, follow, max-snippet:-1, max-image-preview:large, max-video-preview:-1\" \/>\n<link rel=\"canonical\" href=\"https:\/\/pasitoapasito.es\/fr\/produit\/housse-de-nacelle-avec-tiges-drap-housse-pour-nacelle-nara\/\" \/>\n<meta property=\"og:locale\" content=\"fr_FR\" \/>\n<meta property=\"og:type\" content=\"article\" \/>\n<meta property=\"og:title\" content=\"HOUSSE DE NACELLE AVEC TIGES + DRAP-HOUSSE POUR NACELLE NARA - Pasito a Pasito\" \/>\n<meta property=\"og:description\" content=\"La housse de nacelle Nara de Pasito a Pasito avec arceaux et drap-housse est le compl\u00e9ment parfait pour apporter douceur et \u00e9l\u00e9gance \u00e0 la nacelle de votre b\u00e9b\u00e9. 100 % coton, elle garantit un toucher d\u00e9licat et respirant, id\u00e9al pour la peau sensible des nouveau-n\u00e9s. La housse de nacelle avec rubans s&rsquo;adapte parfaitement \u00e0 l&rsquo;int\u00e9rieur [&hellip;]\" \/>\n<meta property=\"og:url\" content=\"https:\/\/pasitoapasito.es\/fr\/produit\/housse-de-nacelle-avec-tiges-drap-housse-pour-nacelle-nara\/\" \/>\n<meta property=\"og:site_name\" content=\"Pasito a Pasito\" \/>\n<meta property=\"article:modified_time\" content=\"2025-03-25T09:34:51+00:00\" \/>\n<meta property=\"og:image\" content=\"https:\/\/pasitoapasito.es\/wp-content\/uploads\/2025\/03\/1120900476_a-1.jpg\" \/>\n\t<meta property=\"og:image:width\" content=\"1000\" \/>\n\t<meta property=\"og:image:height\" content=\"1000\" \/>\n\t<meta property=\"og:image:type\" content=\"image\/jpeg\" \/>\n<meta name=\"twitter:card\" content=\"summary_large_image\" \/>\n<meta name=\"twitter:label1\" content=\"Dur\u00e9e de lecture estim\u00e9e\" \/>\n\t<meta name=\"twitter:data1\" content=\"1 minute\" \/>\n<script type=\"application\/ld+json\" class=\"yoast-schema-graph\">{\"@context\":\"https:\\\/\\\/schema.org\",\"@graph\":[{\"@type\":\"WebPage\",\"@id\":\"https:\\\/\\\/pasitoapasito.es\\\/fr\\\/produit\\\/housse-de-nacelle-avec-tiges-drap-housse-pour-nacelle-nara\\\/\",\"url\":\"https:\\\/\\\/pasitoapasito.es\\\/fr\\\/produit\\\/housse-de-nacelle-avec-tiges-drap-housse-pour-nacelle-nara\\\/\",\"name\":\"HOUSSE DE NACELLE AVEC TIGES + DRAP-HOUSSE POUR NACELLE NARA - Pasito a Pasito\",\"isPartOf\":{\"@id\":\"https:\\\/\\\/pasitoapasito.es\\\/fr\\\/#website\"},\"primaryImageOfPage\":{\"@id\":\"https:\\\/\\\/pasitoapasito.es\\\/fr\\\/produit\\\/housse-de-nacelle-avec-tiges-drap-housse-pour-nacelle-nara\\\/#primaryimage\"},\"image\":{\"@id\":\"https:\\\/\\\/pasitoapasito.es\\\/fr\\\/produit\\\/housse-de-nacelle-avec-tiges-drap-housse-pour-nacelle-nara\\\/#primaryimage\"},\"thumbnailUrl\":\"https:\\\/\\\/pasitoapasito.es\\\/wp-content\\\/uploads\\\/2025\\\/03\\\/1120900475_a-1.jpg\",\"datePublished\":\"2025-03-25T09:09:07+00:00\",\"dateModified\":\"2025-03-25T09:34:51+00:00\",\"breadcrumb\":{\"@id\":\"https:\\\/\\\/pasitoapasito.es\\\/fr\\\/produit\\\/housse-de-nacelle-avec-tiges-drap-housse-pour-nacelle-nara\\\/#breadcrumb\"},\"inLanguage\":\"fr-FR\",\"potentialAction\":[{\"@type\":\"ReadAction\",\"target\":[\"https:\\\/\\\/pasitoapasito.es\\\/fr\\\/produit\\\/housse-de-nacelle-avec-tiges-drap-housse-pour-nacelle-nara\\\/\"]}]},{\"@type\":\"ImageObject\",\"inLanguage\":\"fr-FR\",\"@id\":\"https:\\\/\\\/pasitoapasito.es\\\/fr\\\/produit\\\/housse-de-nacelle-avec-tiges-drap-housse-pour-nacelle-nara\\\/#primaryimage\",\"url\":\"https:\\\/\\\/pasitoapasito.es\\\/wp-content\\\/uploads\\\/2025\\\/03\\\/1120900475_a-1.jpg\",\"contentUrl\":\"https:\\\/\\\/pasitoapasito.es\\\/wp-content\\\/uploads\\\/2025\\\/03\\\/1120900475_a-1.jpg\",\"width\":1000,\"height\":1000},{\"@type\":\"BreadcrumbList\",\"@id\":\"https:\\\/\\\/pasitoapasito.es\\\/fr\\\/produit\\\/housse-de-nacelle-avec-tiges-drap-housse-pour-nacelle-nara\\\/#breadcrumb\",\"itemListElement\":[{\"@type\":\"ListItem\",\"position\":1,\"name\":\"Tienda\",\"item\":\"https:\\\/\\\/pasitoapasito.es\\\/tienda\\\/\"},{\"@type\":\"ListItem\",\"position\":2,\"name\":\"HOUSSE DE NACELLE AVEC TIGES + DRAP-HOUSSE POUR NACELLE NARA\"}]},{\"@type\":\"WebSite\",\"@id\":\"https:\\\/\\\/pasitoapasito.es\\\/fr\\\/#website\",\"url\":\"https:\\\/\\\/pasitoapasito.es\\\/fr\\\/\",\"name\":\"Pasito a Pasito\",\"description\":\"\",\"potentialAction\":[{\"@type\":\"SearchAction\",\"target\":{\"@type\":\"EntryPoint\",\"urlTemplate\":\"https:\\\/\\\/pasitoapasito.es\\\/fr\\\/?s={search_term_string}\"},\"query-input\":{\"@type\":\"PropertyValueSpecification\",\"valueRequired\":true,\"valueName\":\"search_term_string\"}}],\"inLanguage\":\"fr-FR\"}]}<\/script>\n<!-- \/ Yoast SEO plugin. -->","yoast_head_json":{"title":"HOUSSE DE NACELLE AVEC TIGES + DRAP-HOUSSE POUR NACELLE NARA - Pasito a Pasito","robots":{"index":"index","follow":"follow","max-snippet":"max-snippet:-1","max-image-preview":"max-image-preview:large","max-video-preview":"max-video-preview:-1"},"canonical":"https:\/\/pasitoapasito.es\/fr\/produit\/housse-de-nacelle-avec-tiges-drap-housse-pour-nacelle-nara\/","og_locale":"fr_FR","og_type":"article","og_title":"HOUSSE DE NACELLE AVEC TIGES + DRAP-HOUSSE POUR NACELLE NARA - Pasito a Pasito","og_description":"La housse de nacelle Nara de Pasito a Pasito avec arceaux et drap-housse est le compl\u00e9ment parfait pour apporter douceur et \u00e9l\u00e9gance \u00e0 la nacelle de votre b\u00e9b\u00e9. 100 % coton, elle garantit un toucher d\u00e9licat et respirant, id\u00e9al pour la peau sensible des nouveau-n\u00e9s. La housse de nacelle avec rubans s&rsquo;adapte parfaitement \u00e0 l&rsquo;int\u00e9rieur [&hellip;]","og_url":"https:\/\/pasitoapasito.es\/fr\/produit\/housse-de-nacelle-avec-tiges-drap-housse-pour-nacelle-nara\/","og_site_name":"Pasito a Pasito","article_modified_time":"2025-03-25T09:34:51+00:00","og_image":[{"width":1000,"height":1000,"url":"https:\/\/pasitoapasito.es\/wp-content\/uploads\/2025\/03\/1120900476_a-1.jpg","type":"image\/jpeg"}],"twitter_card":"summary_large_image","twitter_misc":{"Dur\u00e9e de lecture estim\u00e9e":"1 minute"},"schema":{"@context":"https:\/\/schema.org","@graph":[{"@type":"WebPage","@id":"https:\/\/pasitoapasito.es\/fr\/produit\/housse-de-nacelle-avec-tiges-drap-housse-pour-nacelle-nara\/","url":"https:\/\/pasitoapasito.es\/fr\/produit\/housse-de-nacelle-avec-tiges-drap-housse-pour-nacelle-nara\/","name":"HOUSSE DE NACELLE AVEC TIGES + DRAP-HOUSSE POUR NACELLE NARA - Pasito a Pasito","isPartOf":{"@id":"https:\/\/pasitoapasito.es\/fr\/#website"},"primaryImageOfPage":{"@id":"https:\/\/pasitoapasito.es\/fr\/produit\/housse-de-nacelle-avec-tiges-drap-housse-pour-nacelle-nara\/#primaryimage"},"image":{"@id":"https:\/\/pasitoapasito.es\/fr\/produit\/housse-de-nacelle-avec-tiges-drap-housse-pour-nacelle-nara\/#primaryimage"},"thumbnailUrl":"https:\/\/pasitoapasito.es\/wp-content\/uploads\/2025\/03\/1120900475_a-1.jpg","datePublished":"2025-03-25T09:09:07+00:00","dateModified":"2025-03-25T09:34:51+00:00","breadcrumb":{"@id":"https:\/\/pasitoapasito.es\/fr\/produit\/housse-de-nacelle-avec-tiges-drap-housse-pour-nacelle-nara\/#breadcrumb"},"inLanguage":"fr-FR","potentialAction":[{"@type":"ReadAction","target":["https:\/\/pasitoapasito.es\/fr\/produit\/housse-de-nacelle-avec-tiges-drap-housse-pour-nacelle-nara\/"]}]},{"@type":"ImageObject","inLanguage":"fr-FR","@id":"https:\/\/pasitoapasito.es\/fr\/produit\/housse-de-nacelle-avec-tiges-drap-housse-pour-nacelle-nara\/#primaryimage","url":"https:\/\/pasitoapasito.es\/wp-content\/uploads\/2025\/03\/1120900475_a-1.jpg","contentUrl":"https:\/\/pasitoapasito.es\/wp-content\/uploads\/2025\/03\/1120900475_a-1.jpg","width":1000,"height":1000},{"@type":"BreadcrumbList","@id":"https:\/\/pasitoapasito.es\/fr\/produit\/housse-de-nacelle-avec-tiges-drap-housse-pour-nacelle-nara\/#breadcrumb","itemListElement":[{"@type":"ListItem","position":1,"name":"Tienda","item":"https:\/\/pasitoapasito.es\/tienda\/"},{"@type":"ListItem","position":2,"name":"HOUSSE DE NACELLE AVEC TIGES + DRAP-HOUSSE POUR NACELLE NARA"}]},{"@type":"WebSite","@id":"https:\/\/pasitoapasito.es\/fr\/#website","url":"https:\/\/pasitoapasito.es\/fr\/","name":"Pasito a Pasito","description":"","potentialAction":[{"@type":"SearchAction","target":{"@type":"EntryPoint","urlTemplate":"https:\/\/pasitoapasito.es\/fr\/?s={search_term_string}"},"query-input":{"@type":"PropertyValueSpecification","valueRequired":true,"valueName":"search_term_string"}}],"inLanguage":"fr-FR"}]}},"_links":{"self":[{"href":"https:\/\/pasitoapasito.es\/fr\/wp-json\/wp\/v2\/product\/39298","targetHints":{"allow":["GET"]}}],"collection":[{"href":"https:\/\/pasitoapasito.es\/fr\/wp-json\/wp\/v2\/product"}],"about":[{"href":"https:\/\/pasitoapasito.es\/fr\/wp-json\/wp\/v2\/types\/product"}],"replies":[{"embeddable":true,"href":"https:\/\/pasitoapasito.es\/fr\/wp-json\/wp\/v2\/comments?post=39298"}],"wp:featuredmedia":[{"embeddable":true,"href":"https:\/\/pasitoapasito.es\/fr\/wp-json\/wp\/v2\/media\/39082"}],"wp:attachment":[{"href":"https:\/\/pasitoapasito.es\/fr\/wp-json\/wp\/v2\/media?parent=39298"}],"wp:term":[{"taxonomy":"colecciones","embeddable":true,"href":"https:\/\/pasitoapasito.es\/fr\/wp-json\/wp\/v2\/colecciones?post=39298"},{"taxonomy":"product_brand","embeddable":true,"href":"https:\/\/pasitoapasito.es\/fr\/wp-json\/wp\/v2\/product_brand?post=39298"},{"taxonomy":"product_cat","embeddable":true,"href":"https:\/\/pasitoapasito.es\/fr\/wp-json\/wp\/v2\/product_cat?post=39298"},{"taxonomy":"product_tag","embeddable":true,"href":"https:\/\/pasitoapasito.es\/fr\/wp-json\/wp\/v2\/product_tag?post=39298"}],"curies":[{"name":"wp","href":"https:\/\/api.w.org\/{rel}","templated":true}]}}