{"id":39295,"date":"2025-03-25T09:07:56","date_gmt":"2025-03-25T09:09:05","guid":{"rendered":"https:\/\/pasitoapasito.es\/?post_type=product&#038;p=39295"},"modified":"2025-03-25T09:34:50","modified_gmt":"2025-03-25T09:34:50","slug":"nid-dange-3-en-1-ete-nara","status":"publish","type":"product","link":"https:\/\/pasitoapasito.es\/fr\/produit\/nid-dange-3-en-1-ete-nara\/","title":{"rendered":"NID D&rsquo;ANGE 3 EN 1 \u00c9T\u00c9 NARA"},"content":{"rendered":"<p>Le nid d&rsquo;ange Nara de Pasito a Pasito est un sac de couchage pour b\u00e9b\u00e9 fabriqu\u00e9 en tissu de coton et en mousseline tr\u00e8s douce \u00e0 l&rsquo;int\u00e9rieur. C&rsquo;est un accessoire basique 3-en-1 qui peut \u00eatre utilis\u00e9 \u00e0 la maison pour couvrir le porte-b\u00e9b\u00e9 Groupe 0 et qui fonctionne tr\u00e8s bien comme couverture de nacelle. La partie arri\u00e8re est dot\u00e9e d&rsquo;une mati\u00e8re anti-transpiration qui emp\u00eache la transpiration excessive du b\u00e9b\u00e9 et prot\u00e8ge le si\u00e8ge, rendant la promenade plus confortable. Garnissage amovible en fibre creuse. Il est totalement universel car il poss\u00e8de plusieurs ouvertures (\u0153illets) et les r\u00e9glages n\u00e9cessaires pour l&rsquo;adapter \u00e0 la majorit\u00e9 des poussettes, porte-b\u00e9b\u00e9s et buggys \u00e0 l&rsquo;int\u00e9rieur. Un ajout tr\u00e8s utile et polyvalent aux affaires de votre b\u00e9b\u00e9. Ouverte, la base se transforme en une l\u00e9g\u00e8re assise poussette. Pr\u00e9parez avec amour le nid rose de votre enfant et d\u00e9corez ses r\u00eaves avec une touche diff\u00e9rente partout o\u00f9 vous le couchez. Une couverture matelass\u00e9e et moelleuse qui permet un repos plus agr\u00e9able gr\u00e2ce \u00e0 sa forme de nid douillet. C&rsquo;est un design beau, simple et confortable qui cr\u00e9e un nid pour votre b\u00e9b\u00e9, le gardant bien au chaud et prot\u00e9g\u00e9 les jours venteux. La chanceli\u00e8re s&rsquo;adapte parfaitement \u00e0 n&rsquo;importe quelle poussette pour vous offrir le confort dont vous avez besoin. Finitions de qualit\u00e9. Toutes nos couvertures sont fabriqu\u00e9es selon les normes europ\u00e9ennes les plus \u00e9lev\u00e9es, avec des mat\u00e9riaux de haute qualit\u00e9, sans colorants azo\u00efques, phtalates et substances nocives pour la sant\u00e9. Tissu facile \u00e0 nettoyer, lavable en machine \u00e0 30\u00ba. Les produits pour b\u00e9b\u00e9s Pasito a Pasito ont un design tr\u00e8s diff\u00e9rent de tous les autres. Les collections se caract\u00e9risent par un travail minutieux, toujours con\u00e7us d&rsquo;un point de vue pratique. Ils utilisent des mat\u00e9riaux de premi\u00e8re qualit\u00e9 pour souligner l&rsquo;\u00e9l\u00e9gance et l&rsquo;harmonie de chaque pi\u00e8ce. Nos mod\u00e8les sont exclusifs et d&rsquo;un style incomparable, con\u00e7us pour les mamans modernes qui ont du go\u00fbt et appr\u00e9cient les d\u00e9tails autant que nous. Sp\u00e9cifications : Mat\u00e9riaux : 100 % coton. Universel.<\/p>\n","protected":false},"excerpt":{"rendered":"<p>Le nid d&rsquo;ange Nara de Pasito a Pasito est un sac de couchage pour b\u00e9b\u00e9 fabriqu\u00e9 en tissu de coton et en mousseline tr\u00e8s douce \u00e0 l&rsquo;int\u00e9rieur. C&rsquo;est un accessoire basique 3-en-1 qui peut \u00eatre utilis\u00e9 \u00e0 la maison pour couvrir le porte-b\u00e9b\u00e9 Groupe 0 et qui fonctionne tr\u00e8s bien comme couverture de nacelle. La [&hellip;]<\/p>\n","protected":false},"featured_media":39239,"comment_status":"closed","ping_status":"closed","template":"","meta":{"_acf_changed":false,"inline_featured_image":false},"colecciones":[332],"product_brand":[],"product_cat":[144,161],"product_tag":[],"class_list":{"0":"post-39295","1":"product","2":"type-product","3":"status-publish","4":"has-post-thumbnail","6":"colecciones-collection-nara","7":"product_cat-housses-pour-nacelle-et-nids-dange","8":"product_cat-sorties","10":"first","11":"instock","12":"purchasable","13":"product-type-simple"},"acf":[],"yoast_head":"<!-- This site is optimized with the Yoast SEO plugin v27.5 - https:\/\/yoast.com\/product\/yoast-seo-wordpress\/ -->\n<title>NID D&#039;ANGE 3 EN 1 \u00c9T\u00c9 NARA - Pasito a Pasito<\/title>\n<meta name=\"robots\" content=\"index, follow, max-snippet:-1, max-image-preview:large, max-video-preview:-1\" \/>\n<link rel=\"canonical\" href=\"https:\/\/pasitoapasito.es\/fr\/produit\/nid-dange-3-en-1-ete-nara\/\" \/>\n<meta property=\"og:locale\" content=\"fr_FR\" \/>\n<meta property=\"og:type\" content=\"article\" \/>\n<meta property=\"og:title\" content=\"NID D&#039;ANGE 3 EN 1 \u00c9T\u00c9 NARA - Pasito a Pasito\" \/>\n<meta property=\"og:description\" content=\"Le nid d&rsquo;ange Nara de Pasito a Pasito est un sac de couchage pour b\u00e9b\u00e9 fabriqu\u00e9 en tissu de coton et en mousseline tr\u00e8s douce \u00e0 l&rsquo;int\u00e9rieur. C&rsquo;est un accessoire basique 3-en-1 qui peut \u00eatre utilis\u00e9 \u00e0 la maison pour couvrir le porte-b\u00e9b\u00e9 Groupe 0 et qui fonctionne tr\u00e8s bien comme couverture de nacelle. La [&hellip;]\" \/>\n<meta property=\"og:url\" content=\"https:\/\/pasitoapasito.es\/fr\/produit\/nid-dange-3-en-1-ete-nara\/\" \/>\n<meta property=\"og:site_name\" content=\"Pasito a Pasito\" \/>\n<meta property=\"article:modified_time\" content=\"2025-03-25T09:34:50+00:00\" \/>\n<meta property=\"og:image\" content=\"https:\/\/pasitoapasito.es\/wp-content\/uploads\/2025\/03\/1120900473_a-1.jpg\" \/>\n\t<meta property=\"og:image:width\" content=\"1000\" \/>\n\t<meta property=\"og:image:height\" content=\"1000\" \/>\n\t<meta property=\"og:image:type\" content=\"image\/jpeg\" \/>\n<meta name=\"twitter:card\" content=\"summary_large_image\" \/>\n<meta name=\"twitter:label1\" content=\"Dur\u00e9e de lecture estim\u00e9e\" \/>\n\t<meta name=\"twitter:data1\" content=\"2 minutes\" \/>\n<script type=\"application\/ld+json\" class=\"yoast-schema-graph\">{\"@context\":\"https:\\\/\\\/schema.org\",\"@graph\":[{\"@type\":\"WebPage\",\"@id\":\"https:\\\/\\\/pasitoapasito.es\\\/fr\\\/produit\\\/nid-dange-3-en-1-ete-nara\\\/\",\"url\":\"https:\\\/\\\/pasitoapasito.es\\\/fr\\\/produit\\\/nid-dange-3-en-1-ete-nara\\\/\",\"name\":\"NID D'ANGE 3 EN 1 \u00c9T\u00c9 NARA - Pasito a Pasito\",\"isPartOf\":{\"@id\":\"https:\\\/\\\/pasitoapasito.es\\\/fr\\\/#website\"},\"primaryImageOfPage\":{\"@id\":\"https:\\\/\\\/pasitoapasito.es\\\/fr\\\/produit\\\/nid-dange-3-en-1-ete-nara\\\/#primaryimage\"},\"image\":{\"@id\":\"https:\\\/\\\/pasitoapasito.es\\\/fr\\\/produit\\\/nid-dange-3-en-1-ete-nara\\\/#primaryimage\"},\"thumbnailUrl\":\"https:\\\/\\\/pasitoapasito.es\\\/wp-content\\\/uploads\\\/2025\\\/03\\\/1120900484_a-1.jpg\",\"datePublished\":\"2025-03-25T09:09:05+00:00\",\"dateModified\":\"2025-03-25T09:34:50+00:00\",\"breadcrumb\":{\"@id\":\"https:\\\/\\\/pasitoapasito.es\\\/fr\\\/produit\\\/nid-dange-3-en-1-ete-nara\\\/#breadcrumb\"},\"inLanguage\":\"fr-FR\",\"potentialAction\":[{\"@type\":\"ReadAction\",\"target\":[\"https:\\\/\\\/pasitoapasito.es\\\/fr\\\/produit\\\/nid-dange-3-en-1-ete-nara\\\/\"]}]},{\"@type\":\"ImageObject\",\"inLanguage\":\"fr-FR\",\"@id\":\"https:\\\/\\\/pasitoapasito.es\\\/fr\\\/produit\\\/nid-dange-3-en-1-ete-nara\\\/#primaryimage\",\"url\":\"https:\\\/\\\/pasitoapasito.es\\\/wp-content\\\/uploads\\\/2025\\\/03\\\/1120900484_a-1.jpg\",\"contentUrl\":\"https:\\\/\\\/pasitoapasito.es\\\/wp-content\\\/uploads\\\/2025\\\/03\\\/1120900484_a-1.jpg\",\"width\":1000,\"height\":1000},{\"@type\":\"BreadcrumbList\",\"@id\":\"https:\\\/\\\/pasitoapasito.es\\\/fr\\\/produit\\\/nid-dange-3-en-1-ete-nara\\\/#breadcrumb\",\"itemListElement\":[{\"@type\":\"ListItem\",\"position\":1,\"name\":\"Tienda\",\"item\":\"https:\\\/\\\/pasitoapasito.es\\\/tienda\\\/\"},{\"@type\":\"ListItem\",\"position\":2,\"name\":\"NID D&#8217;ANGE 3 EN 1 \u00c9T\u00c9 NARA\"}]},{\"@type\":\"WebSite\",\"@id\":\"https:\\\/\\\/pasitoapasito.es\\\/fr\\\/#website\",\"url\":\"https:\\\/\\\/pasitoapasito.es\\\/fr\\\/\",\"name\":\"Pasito a Pasito\",\"description\":\"\",\"potentialAction\":[{\"@type\":\"SearchAction\",\"target\":{\"@type\":\"EntryPoint\",\"urlTemplate\":\"https:\\\/\\\/pasitoapasito.es\\\/fr\\\/?s={search_term_string}\"},\"query-input\":{\"@type\":\"PropertyValueSpecification\",\"valueRequired\":true,\"valueName\":\"search_term_string\"}}],\"inLanguage\":\"fr-FR\"}]}<\/script>\n<!-- \/ Yoast SEO plugin. -->","yoast_head_json":{"title":"NID D'ANGE 3 EN 1 \u00c9T\u00c9 NARA - Pasito a Pasito","robots":{"index":"index","follow":"follow","max-snippet":"max-snippet:-1","max-image-preview":"max-image-preview:large","max-video-preview":"max-video-preview:-1"},"canonical":"https:\/\/pasitoapasito.es\/fr\/produit\/nid-dange-3-en-1-ete-nara\/","og_locale":"fr_FR","og_type":"article","og_title":"NID D'ANGE 3 EN 1 \u00c9T\u00c9 NARA - Pasito a Pasito","og_description":"Le nid d&rsquo;ange Nara de Pasito a Pasito est un sac de couchage pour b\u00e9b\u00e9 fabriqu\u00e9 en tissu de coton et en mousseline tr\u00e8s douce \u00e0 l&rsquo;int\u00e9rieur. C&rsquo;est un accessoire basique 3-en-1 qui peut \u00eatre utilis\u00e9 \u00e0 la maison pour couvrir le porte-b\u00e9b\u00e9 Groupe 0 et qui fonctionne tr\u00e8s bien comme couverture de nacelle. La [&hellip;]","og_url":"https:\/\/pasitoapasito.es\/fr\/produit\/nid-dange-3-en-1-ete-nara\/","og_site_name":"Pasito a Pasito","article_modified_time":"2025-03-25T09:34:50+00:00","og_image":[{"width":1000,"height":1000,"url":"https:\/\/pasitoapasito.es\/wp-content\/uploads\/2025\/03\/1120900473_a-1.jpg","type":"image\/jpeg"}],"twitter_card":"summary_large_image","twitter_misc":{"Dur\u00e9e de lecture estim\u00e9e":"2 minutes"},"schema":{"@context":"https:\/\/schema.org","@graph":[{"@type":"WebPage","@id":"https:\/\/pasitoapasito.es\/fr\/produit\/nid-dange-3-en-1-ete-nara\/","url":"https:\/\/pasitoapasito.es\/fr\/produit\/nid-dange-3-en-1-ete-nara\/","name":"NID D'ANGE 3 EN 1 \u00c9T\u00c9 NARA - Pasito a Pasito","isPartOf":{"@id":"https:\/\/pasitoapasito.es\/fr\/#website"},"primaryImageOfPage":{"@id":"https:\/\/pasitoapasito.es\/fr\/produit\/nid-dange-3-en-1-ete-nara\/#primaryimage"},"image":{"@id":"https:\/\/pasitoapasito.es\/fr\/produit\/nid-dange-3-en-1-ete-nara\/#primaryimage"},"thumbnailUrl":"https:\/\/pasitoapasito.es\/wp-content\/uploads\/2025\/03\/1120900484_a-1.jpg","datePublished":"2025-03-25T09:09:05+00:00","dateModified":"2025-03-25T09:34:50+00:00","breadcrumb":{"@id":"https:\/\/pasitoapasito.es\/fr\/produit\/nid-dange-3-en-1-ete-nara\/#breadcrumb"},"inLanguage":"fr-FR","potentialAction":[{"@type":"ReadAction","target":["https:\/\/pasitoapasito.es\/fr\/produit\/nid-dange-3-en-1-ete-nara\/"]}]},{"@type":"ImageObject","inLanguage":"fr-FR","@id":"https:\/\/pasitoapasito.es\/fr\/produit\/nid-dange-3-en-1-ete-nara\/#primaryimage","url":"https:\/\/pasitoapasito.es\/wp-content\/uploads\/2025\/03\/1120900484_a-1.jpg","contentUrl":"https:\/\/pasitoapasito.es\/wp-content\/uploads\/2025\/03\/1120900484_a-1.jpg","width":1000,"height":1000},{"@type":"BreadcrumbList","@id":"https:\/\/pasitoapasito.es\/fr\/produit\/nid-dange-3-en-1-ete-nara\/#breadcrumb","itemListElement":[{"@type":"ListItem","position":1,"name":"Tienda","item":"https:\/\/pasitoapasito.es\/tienda\/"},{"@type":"ListItem","position":2,"name":"NID D&#8217;ANGE 3 EN 1 \u00c9T\u00c9 NARA"}]},{"@type":"WebSite","@id":"https:\/\/pasitoapasito.es\/fr\/#website","url":"https:\/\/pasitoapasito.es\/fr\/","name":"Pasito a Pasito","description":"","potentialAction":[{"@type":"SearchAction","target":{"@type":"EntryPoint","urlTemplate":"https:\/\/pasitoapasito.es\/fr\/?s={search_term_string}"},"query-input":{"@type":"PropertyValueSpecification","valueRequired":true,"valueName":"search_term_string"}}],"inLanguage":"fr-FR"}]}},"_links":{"self":[{"href":"https:\/\/pasitoapasito.es\/fr\/wp-json\/wp\/v2\/product\/39295","targetHints":{"allow":["GET"]}}],"collection":[{"href":"https:\/\/pasitoapasito.es\/fr\/wp-json\/wp\/v2\/product"}],"about":[{"href":"https:\/\/pasitoapasito.es\/fr\/wp-json\/wp\/v2\/types\/product"}],"replies":[{"embeddable":true,"href":"https:\/\/pasitoapasito.es\/fr\/wp-json\/wp\/v2\/comments?post=39295"}],"wp:featuredmedia":[{"embeddable":true,"href":"https:\/\/pasitoapasito.es\/fr\/wp-json\/wp\/v2\/media\/39239"}],"wp:attachment":[{"href":"https:\/\/pasitoapasito.es\/fr\/wp-json\/wp\/v2\/media?parent=39295"}],"wp:term":[{"taxonomy":"colecciones","embeddable":true,"href":"https:\/\/pasitoapasito.es\/fr\/wp-json\/wp\/v2\/colecciones?post=39295"},{"taxonomy":"product_brand","embeddable":true,"href":"https:\/\/pasitoapasito.es\/fr\/wp-json\/wp\/v2\/product_brand?post=39295"},{"taxonomy":"product_cat","embeddable":true,"href":"https:\/\/pasitoapasito.es\/fr\/wp-json\/wp\/v2\/product_cat?post=39295"},{"taxonomy":"product_tag","embeddable":true,"href":"https:\/\/pasitoapasito.es\/fr\/wp-json\/wp\/v2\/product_tag?post=39295"}],"curies":[{"name":"wp","href":"https:\/\/api.w.org\/{rel}","templated":true}]}}