{"id":39292,"date":"2025-03-25T09:07:59","date_gmt":"2025-03-25T09:09:03","guid":{"rendered":"https:\/\/pasitoapasito.es\/?post_type=product&#038;p=39292"},"modified":"2025-03-25T09:34:48","modified_gmt":"2025-03-25T09:34:48","slug":"trousse-de-toilette-nara","status":"publish","type":"product","link":"https:\/\/pasitoapasito.es\/fr\/produit\/trousse-de-toilette-nara\/","title":{"rendered":"TROUSSE DE TOILETTE NARA"},"content":{"rendered":"<p>La trousse de toilette Nara pour b\u00e9b\u00e9 de Pasito a pasito, fabriqu\u00e9e en toile de coton 100 % avec un d\u00e9licat imprim\u00e9 de cerfs et d&rsquo;arbres dans des tons neutres, est un petit sac sp\u00e9cialement con\u00e7u pour transporter tous les articles de toilette de votre b\u00e9b\u00e9 lorsque vous sortez de la maison. C&rsquo;est un mod\u00e8le unique avec beaucoup de style pour s&rsquo;adapter \u00e0 ce dont vous avez besoin. D&rsquo;un beau design, simple et confortable, elle offre un espace r\u00e9duit mais parfait pour transporter juste ce dont vous avez besoin pour l&rsquo;hygi\u00e8ne de votre b\u00e9b\u00e9, peigne, lotions et autres objets qui, parce qu&rsquo;ils sont si petits, se perdent parfois \u00e0 l&rsquo;int\u00e9rieur du sac \u00e0 langer. Elle poss\u00e8de une fermeture \u00e9clair facile \u00e0 ouvrir. Finitions de qualit\u00e9. Fabriqu\u00e9e avec des mat\u00e9riaux de haute qualit\u00e9, sans colorants azo\u00efques, phtalates et substances nocives pour la sant\u00e9. Elle peut \u00e9galement \u00eatre lav\u00e9e \u00e0 la main ou en machine \u00e0 des temp\u00e9ratures allant jusqu&rsquo;\u00e0 30\u00ba. Les produits pour b\u00e9b\u00e9s Pasito a Pasito ont un design tr\u00e8s diff\u00e9rent de tous les autres. Les collections se caract\u00e9risent par un travail minutieux, toujours con\u00e7us d&rsquo;un point de vue pratique. Ils utilisent des mat\u00e9riaux de premi\u00e8re qualit\u00e9 pour souligner l&rsquo;\u00e9l\u00e9gance et l&rsquo;harmonie de chaque pi\u00e8ce. Nos mod\u00e8les sont exclusifs et d&rsquo;un style incomparable, con\u00e7us pour les mamans modernes qui ont du go\u00fbt et appr\u00e9cient les d\u00e9tails autant que nous. Sp\u00e9cifications : Mat\u00e9riaux : 100 % coton \/ Int\u00e9rieur 100 % PVC. Dimensions : 30 x 18 x 14 cm<\/p>\n","protected":false},"excerpt":{"rendered":"<p>La trousse de toilette Nara pour b\u00e9b\u00e9 de Pasito a pasito, fabriqu\u00e9e en toile de coton 100 % avec un d\u00e9licat imprim\u00e9 de cerfs et d&rsquo;arbres dans des tons neutres, est un petit sac sp\u00e9cialement con\u00e7u pour transporter tous les articles de toilette de votre b\u00e9b\u00e9 lorsque vous sortez de la maison. C&rsquo;est un mod\u00e8le [&hellip;]<\/p>\n","protected":false},"featured_media":38977,"comment_status":"closed","ping_status":"closed","template":"","meta":{"_acf_changed":false,"inline_featured_image":false},"colecciones":[332],"product_brand":[],"product_cat":[138,160],"product_tag":[],"class_list":{"0":"post-39292","1":"product","2":"type-product","3":"status-publish","4":"has-post-thumbnail","6":"colecciones-collection-nara","7":"product_cat-accessoires","8":"product_cat-sacs-a-langer-et-accessoires","10":"first","11":"instock","12":"purchasable","13":"product-type-simple"},"acf":[],"yoast_head":"<!-- This site is optimized with the Yoast SEO plugin v27.3 - https:\/\/yoast.com\/product\/yoast-seo-wordpress\/ -->\n<title>TROUSSE DE TOILETTE NARA - Pasito a Pasito<\/title>\n<meta name=\"robots\" content=\"index, follow, max-snippet:-1, max-image-preview:large, max-video-preview:-1\" \/>\n<link rel=\"canonical\" href=\"https:\/\/pasitoapasito.es\/fr\/produit\/trousse-de-toilette-nara\/\" \/>\n<meta property=\"og:locale\" content=\"fr_FR\" \/>\n<meta property=\"og:type\" content=\"article\" \/>\n<meta property=\"og:title\" content=\"TROUSSE DE TOILETTE NARA - Pasito a Pasito\" \/>\n<meta property=\"og:description\" content=\"La trousse de toilette Nara pour b\u00e9b\u00e9 de Pasito a pasito, fabriqu\u00e9e en toile de coton 100 % avec un d\u00e9licat imprim\u00e9 de cerfs et d&rsquo;arbres dans des tons neutres, est un petit sac sp\u00e9cialement con\u00e7u pour transporter tous les articles de toilette de votre b\u00e9b\u00e9 lorsque vous sortez de la maison. C&rsquo;est un mod\u00e8le [&hellip;]\" \/>\n<meta property=\"og:url\" content=\"https:\/\/pasitoapasito.es\/fr\/produit\/trousse-de-toilette-nara\/\" \/>\n<meta property=\"og:site_name\" content=\"Pasito a Pasito\" \/>\n<meta property=\"article:modified_time\" content=\"2025-03-25T09:34:48+00:00\" \/>\n<meta property=\"og:image\" content=\"https:\/\/pasitoapasito.es\/wp-content\/uploads\/2025\/03\/1120900470_a-1.jpg\" \/>\n\t<meta property=\"og:image:width\" content=\"1000\" \/>\n\t<meta property=\"og:image:height\" content=\"1000\" \/>\n\t<meta property=\"og:image:type\" content=\"image\/jpeg\" \/>\n<meta name=\"twitter:card\" content=\"summary_large_image\" \/>\n<meta name=\"twitter:label1\" content=\"Dur\u00e9e de lecture estim\u00e9e\" \/>\n\t<meta name=\"twitter:data1\" content=\"1 minute\" \/>\n<script type=\"application\/ld+json\" class=\"yoast-schema-graph\">{\"@context\":\"https:\\\/\\\/schema.org\",\"@graph\":[{\"@type\":\"WebPage\",\"@id\":\"https:\\\/\\\/pasitoapasito.es\\\/fr\\\/produit\\\/trousse-de-toilette-nara\\\/\",\"url\":\"https:\\\/\\\/pasitoapasito.es\\\/fr\\\/produit\\\/trousse-de-toilette-nara\\\/\",\"name\":\"TROUSSE DE TOILETTE NARA - Pasito a Pasito\",\"isPartOf\":{\"@id\":\"https:\\\/\\\/pasitoapasito.es\\\/fr\\\/#website\"},\"primaryImageOfPage\":{\"@id\":\"https:\\\/\\\/pasitoapasito.es\\\/fr\\\/produit\\\/trousse-de-toilette-nara\\\/#primaryimage\"},\"image\":{\"@id\":\"https:\\\/\\\/pasitoapasito.es\\\/fr\\\/produit\\\/trousse-de-toilette-nara\\\/#primaryimage\"},\"thumbnailUrl\":\"https:\\\/\\\/pasitoapasito.es\\\/wp-content\\\/uploads\\\/2025\\\/03\\\/1120900470_a-1.jpg\",\"datePublished\":\"2025-03-25T09:09:03+00:00\",\"dateModified\":\"2025-03-25T09:34:48+00:00\",\"breadcrumb\":{\"@id\":\"https:\\\/\\\/pasitoapasito.es\\\/fr\\\/produit\\\/trousse-de-toilette-nara\\\/#breadcrumb\"},\"inLanguage\":\"fr-FR\",\"potentialAction\":[{\"@type\":\"ReadAction\",\"target\":[\"https:\\\/\\\/pasitoapasito.es\\\/fr\\\/produit\\\/trousse-de-toilette-nara\\\/\"]}]},{\"@type\":\"ImageObject\",\"inLanguage\":\"fr-FR\",\"@id\":\"https:\\\/\\\/pasitoapasito.es\\\/fr\\\/produit\\\/trousse-de-toilette-nara\\\/#primaryimage\",\"url\":\"https:\\\/\\\/pasitoapasito.es\\\/wp-content\\\/uploads\\\/2025\\\/03\\\/1120900470_a-1.jpg\",\"contentUrl\":\"https:\\\/\\\/pasitoapasito.es\\\/wp-content\\\/uploads\\\/2025\\\/03\\\/1120900470_a-1.jpg\",\"width\":1000,\"height\":1000},{\"@type\":\"BreadcrumbList\",\"@id\":\"https:\\\/\\\/pasitoapasito.es\\\/fr\\\/produit\\\/trousse-de-toilette-nara\\\/#breadcrumb\",\"itemListElement\":[{\"@type\":\"ListItem\",\"position\":1,\"name\":\"Tienda\",\"item\":\"https:\\\/\\\/pasitoapasito.es\\\/tienda\\\/\"},{\"@type\":\"ListItem\",\"position\":2,\"name\":\"TROUSSE DE TOILETTE NARA\"}]},{\"@type\":\"WebSite\",\"@id\":\"https:\\\/\\\/pasitoapasito.es\\\/fr\\\/#website\",\"url\":\"https:\\\/\\\/pasitoapasito.es\\\/fr\\\/\",\"name\":\"Pasito a Pasito\",\"description\":\"\",\"potentialAction\":[{\"@type\":\"SearchAction\",\"target\":{\"@type\":\"EntryPoint\",\"urlTemplate\":\"https:\\\/\\\/pasitoapasito.es\\\/fr\\\/?s={search_term_string}\"},\"query-input\":{\"@type\":\"PropertyValueSpecification\",\"valueRequired\":true,\"valueName\":\"search_term_string\"}}],\"inLanguage\":\"fr-FR\"}]}<\/script>\n<!-- \/ Yoast SEO plugin. -->","yoast_head_json":{"title":"TROUSSE DE TOILETTE NARA - Pasito a Pasito","robots":{"index":"index","follow":"follow","max-snippet":"max-snippet:-1","max-image-preview":"max-image-preview:large","max-video-preview":"max-video-preview:-1"},"canonical":"https:\/\/pasitoapasito.es\/fr\/produit\/trousse-de-toilette-nara\/","og_locale":"fr_FR","og_type":"article","og_title":"TROUSSE DE TOILETTE NARA - Pasito a Pasito","og_description":"La trousse de toilette Nara pour b\u00e9b\u00e9 de Pasito a pasito, fabriqu\u00e9e en toile de coton 100 % avec un d\u00e9licat imprim\u00e9 de cerfs et d&rsquo;arbres dans des tons neutres, est un petit sac sp\u00e9cialement con\u00e7u pour transporter tous les articles de toilette de votre b\u00e9b\u00e9 lorsque vous sortez de la maison. C&rsquo;est un mod\u00e8le [&hellip;]","og_url":"https:\/\/pasitoapasito.es\/fr\/produit\/trousse-de-toilette-nara\/","og_site_name":"Pasito a Pasito","article_modified_time":"2025-03-25T09:34:48+00:00","og_image":[{"width":1000,"height":1000,"url":"https:\/\/pasitoapasito.es\/wp-content\/uploads\/2025\/03\/1120900470_a-1.jpg","type":"image\/jpeg"}],"twitter_card":"summary_large_image","twitter_misc":{"Dur\u00e9e de lecture estim\u00e9e":"1 minute"},"schema":{"@context":"https:\/\/schema.org","@graph":[{"@type":"WebPage","@id":"https:\/\/pasitoapasito.es\/fr\/produit\/trousse-de-toilette-nara\/","url":"https:\/\/pasitoapasito.es\/fr\/produit\/trousse-de-toilette-nara\/","name":"TROUSSE DE TOILETTE NARA - Pasito a Pasito","isPartOf":{"@id":"https:\/\/pasitoapasito.es\/fr\/#website"},"primaryImageOfPage":{"@id":"https:\/\/pasitoapasito.es\/fr\/produit\/trousse-de-toilette-nara\/#primaryimage"},"image":{"@id":"https:\/\/pasitoapasito.es\/fr\/produit\/trousse-de-toilette-nara\/#primaryimage"},"thumbnailUrl":"https:\/\/pasitoapasito.es\/wp-content\/uploads\/2025\/03\/1120900470_a-1.jpg","datePublished":"2025-03-25T09:09:03+00:00","dateModified":"2025-03-25T09:34:48+00:00","breadcrumb":{"@id":"https:\/\/pasitoapasito.es\/fr\/produit\/trousse-de-toilette-nara\/#breadcrumb"},"inLanguage":"fr-FR","potentialAction":[{"@type":"ReadAction","target":["https:\/\/pasitoapasito.es\/fr\/produit\/trousse-de-toilette-nara\/"]}]},{"@type":"ImageObject","inLanguage":"fr-FR","@id":"https:\/\/pasitoapasito.es\/fr\/produit\/trousse-de-toilette-nara\/#primaryimage","url":"https:\/\/pasitoapasito.es\/wp-content\/uploads\/2025\/03\/1120900470_a-1.jpg","contentUrl":"https:\/\/pasitoapasito.es\/wp-content\/uploads\/2025\/03\/1120900470_a-1.jpg","width":1000,"height":1000},{"@type":"BreadcrumbList","@id":"https:\/\/pasitoapasito.es\/fr\/produit\/trousse-de-toilette-nara\/#breadcrumb","itemListElement":[{"@type":"ListItem","position":1,"name":"Tienda","item":"https:\/\/pasitoapasito.es\/tienda\/"},{"@type":"ListItem","position":2,"name":"TROUSSE DE TOILETTE NARA"}]},{"@type":"WebSite","@id":"https:\/\/pasitoapasito.es\/fr\/#website","url":"https:\/\/pasitoapasito.es\/fr\/","name":"Pasito a Pasito","description":"","potentialAction":[{"@type":"SearchAction","target":{"@type":"EntryPoint","urlTemplate":"https:\/\/pasitoapasito.es\/fr\/?s={search_term_string}"},"query-input":{"@type":"PropertyValueSpecification","valueRequired":true,"valueName":"search_term_string"}}],"inLanguage":"fr-FR"}]}},"_links":{"self":[{"href":"https:\/\/pasitoapasito.es\/fr\/wp-json\/wp\/v2\/product\/39292","targetHints":{"allow":["GET"]}}],"collection":[{"href":"https:\/\/pasitoapasito.es\/fr\/wp-json\/wp\/v2\/product"}],"about":[{"href":"https:\/\/pasitoapasito.es\/fr\/wp-json\/wp\/v2\/types\/product"}],"replies":[{"embeddable":true,"href":"https:\/\/pasitoapasito.es\/fr\/wp-json\/wp\/v2\/comments?post=39292"}],"wp:featuredmedia":[{"embeddable":true,"href":"https:\/\/pasitoapasito.es\/fr\/wp-json\/wp\/v2\/media\/38977"}],"wp:attachment":[{"href":"https:\/\/pasitoapasito.es\/fr\/wp-json\/wp\/v2\/media?parent=39292"}],"wp:term":[{"taxonomy":"colecciones","embeddable":true,"href":"https:\/\/pasitoapasito.es\/fr\/wp-json\/wp\/v2\/colecciones?post=39292"},{"taxonomy":"product_brand","embeddable":true,"href":"https:\/\/pasitoapasito.es\/fr\/wp-json\/wp\/v2\/product_brand?post=39292"},{"taxonomy":"product_cat","embeddable":true,"href":"https:\/\/pasitoapasito.es\/fr\/wp-json\/wp\/v2\/product_cat?post=39292"},{"taxonomy":"product_tag","embeddable":true,"href":"https:\/\/pasitoapasito.es\/fr\/wp-json\/wp\/v2\/product_tag?post=39292"}],"curies":[{"name":"wp","href":"https:\/\/api.w.org\/{rel}","templated":true}]}}