{"id":39288,"date":"2025-03-25T09:07:57","date_gmt":"2025-03-25T09:09:05","guid":{"rendered":"https:\/\/pasitoapasito.es\/?post_type=product&#038;p=39288"},"modified":"2025-03-25T09:34:49","modified_gmt":"2025-03-25T09:34:49","slug":"sac-a-langer-nara","status":"publish","type":"product","link":"https:\/\/pasitoapasito.es\/fr\/produit\/sac-a-langer-nara\/","title":{"rendered":"SAC \u00c0 LANGER NARA"},"content":{"rendered":"<p>Le sac \u00e0 langer Nara de Pasito a pasito est un mod\u00e8le unique, fabriqu\u00e9 en toile de coton 100% avec un d\u00e9licat imprim\u00e9 de cerfs et d&rsquo;arbres dans des tons neutres. Son traitement imperm\u00e9able le rend r\u00e9sistant \u00e0 l&rsquo;eau, garantissant protection et durabilit\u00e9 au quotidien. Il pr\u00e9sente un design tr\u00e8s \u00e9l\u00e9gant et pratique qui offre une grande capacit\u00e9 pour que vous puissiez tout emporter. Il est \u00e9quip\u00e9 d&rsquo;une double poign\u00e9e, d&rsquo;une longue bandouli\u00e8re et de courtes poign\u00e9es \u00e0 main. Il comprend des poign\u00e9es universelles suppl\u00e9mentaires pour l&rsquo;attacher \u00e0 la poussette. Vous pouvez \u00e9galement l&rsquo;utiliser pour ranger vos affaires et \u00e9viter de porter deux sacs en m\u00eame temps. Si vous attendez un heureux \u00e9v\u00e9nement, vous pouvez le pr\u00e9parer comme sac de b\u00e9b\u00e9 pour l&rsquo;h\u00f4pital. Finition de qualit\u00e9. Le sac \u00e0 langer est dot\u00e9 d&rsquo;une doublure int\u00e9rieure et de poches pour ranger les biberons, les couverts, les lingettes, les couches, les cr\u00e8mes et tout ce dont votre enfant a besoin. Parmi les poches, il y a une poche thermique pour les biberons et une poche plastifi\u00e9e pour les v\u00eatements mouill\u00e9s. Un matelas \u00e0 langer est inclus. Il est fabriqu\u00e9 \u00e0 partir de mat\u00e9riaux de haute qualit\u00e9, sans colorants azo\u00efques, phtalates et substances nocives pour la sant\u00e9. De plus, il peut \u00eatre lav\u00e9 \u00e0 la main ou en machine \u00e0 des temp\u00e9ratures allant jusqu&rsquo;\u00e0 30\u00ba. Les produits pour b\u00e9b\u00e9s Pasito a Pasito ont un design tr\u00e8s diff\u00e9rent de tous les autres. Les collections se caract\u00e9risent par un travail minutieux, toujours con\u00e7us d&rsquo;un point de vue pratique. Ils utilisent des mat\u00e9riaux de premi\u00e8re qualit\u00e9 pour souligner l&rsquo;\u00e9l\u00e9gance et l&rsquo;harmonie de chaque pi\u00e8ce. Nos mod\u00e8les sont exclusifs et d&rsquo;un style incomparable, con\u00e7us pour les mamans modernes qui ont du go\u00fbt et appr\u00e9cient les d\u00e9tails autant que nous. Sp\u00e9cifications : Mat\u00e9riaux : 100% coton. Dimensions : 37 x 30 x 12 cm.<\/p>\n","protected":false},"excerpt":{"rendered":"<p>Le sac \u00e0 langer Nara de Pasito a pasito est un mod\u00e8le unique, fabriqu\u00e9 en toile de coton 100% avec un d\u00e9licat imprim\u00e9 de cerfs et d&rsquo;arbres dans des tons neutres. Son traitement imperm\u00e9able le rend r\u00e9sistant \u00e0 l&rsquo;eau, garantissant protection et durabilit\u00e9 au quotidien. Il pr\u00e9sente un design tr\u00e8s \u00e9l\u00e9gant et pratique qui offre [&hellip;]<\/p>\n","protected":false},"featured_media":38857,"comment_status":"closed","ping_status":"closed","template":"","meta":{"_acf_changed":false,"inline_featured_image":false},"colecciones":[332],"product_brand":[],"product_cat":[160,129],"product_tag":[],"class_list":{"0":"post-39288","1":"product","2":"type-product","3":"status-publish","4":"has-post-thumbnail","6":"colecciones-collection-nara","7":"product_cat-sacs-a-langer-et-accessoires","8":"product_cat-sacs-a-langer","10":"first","11":"instock","12":"purchasable","13":"product-type-simple"},"acf":[],"yoast_head":"<!-- This site is optimized with the Yoast SEO plugin v27.5 - https:\/\/yoast.com\/product\/yoast-seo-wordpress\/ -->\n<title>SAC \u00c0 LANGER NARA - Pasito a Pasito<\/title>\n<meta name=\"robots\" content=\"index, follow, max-snippet:-1, max-image-preview:large, max-video-preview:-1\" \/>\n<link rel=\"canonical\" href=\"https:\/\/pasitoapasito.es\/fr\/produit\/sac-a-langer-nara\/\" \/>\n<meta property=\"og:locale\" content=\"fr_FR\" \/>\n<meta property=\"og:type\" content=\"article\" \/>\n<meta property=\"og:title\" content=\"SAC \u00c0 LANGER NARA - Pasito a Pasito\" \/>\n<meta property=\"og:description\" content=\"Le sac \u00e0 langer Nara de Pasito a pasito est un mod\u00e8le unique, fabriqu\u00e9 en toile de coton 100% avec un d\u00e9licat imprim\u00e9 de cerfs et d&rsquo;arbres dans des tons neutres. Son traitement imperm\u00e9able le rend r\u00e9sistant \u00e0 l&rsquo;eau, garantissant protection et durabilit\u00e9 au quotidien. Il pr\u00e9sente un design tr\u00e8s \u00e9l\u00e9gant et pratique qui offre [&hellip;]\" \/>\n<meta property=\"og:url\" content=\"https:\/\/pasitoapasito.es\/fr\/produit\/sac-a-langer-nara\/\" \/>\n<meta property=\"og:site_name\" content=\"Pasito a Pasito\" \/>\n<meta property=\"article:modified_time\" content=\"2025-03-25T09:34:49+00:00\" \/>\n<meta property=\"og:image\" content=\"https:\/\/pasitoapasito.es\/wp-content\/uploads\/2025\/03\/1120900465_a-1.jpg\" \/>\n\t<meta property=\"og:image:width\" content=\"1000\" \/>\n\t<meta property=\"og:image:height\" content=\"1000\" \/>\n\t<meta property=\"og:image:type\" content=\"image\/jpeg\" \/>\n<meta name=\"twitter:card\" content=\"summary_large_image\" \/>\n<meta name=\"twitter:label1\" content=\"Dur\u00e9e de lecture estim\u00e9e\" \/>\n\t<meta name=\"twitter:data1\" content=\"2 minutes\" \/>\n<script type=\"application\/ld+json\" class=\"yoast-schema-graph\">{\"@context\":\"https:\\\/\\\/schema.org\",\"@graph\":[{\"@type\":\"WebPage\",\"@id\":\"https:\\\/\\\/pasitoapasito.es\\\/fr\\\/produit\\\/sac-a-langer-nara\\\/\",\"url\":\"https:\\\/\\\/pasitoapasito.es\\\/fr\\\/produit\\\/sac-a-langer-nara\\\/\",\"name\":\"SAC \u00c0 LANGER NARA - Pasito a Pasito\",\"isPartOf\":{\"@id\":\"https:\\\/\\\/pasitoapasito.es\\\/fr\\\/#website\"},\"primaryImageOfPage\":{\"@id\":\"https:\\\/\\\/pasitoapasito.es\\\/fr\\\/produit\\\/sac-a-langer-nara\\\/#primaryimage\"},\"image\":{\"@id\":\"https:\\\/\\\/pasitoapasito.es\\\/fr\\\/produit\\\/sac-a-langer-nara\\\/#primaryimage\"},\"thumbnailUrl\":\"https:\\\/\\\/pasitoapasito.es\\\/wp-content\\\/uploads\\\/2025\\\/03\\\/1120900465_a-1.jpg\",\"datePublished\":\"2025-03-25T09:09:05+00:00\",\"dateModified\":\"2025-03-25T09:34:49+00:00\",\"breadcrumb\":{\"@id\":\"https:\\\/\\\/pasitoapasito.es\\\/fr\\\/produit\\\/sac-a-langer-nara\\\/#breadcrumb\"},\"inLanguage\":\"fr-FR\",\"potentialAction\":[{\"@type\":\"ReadAction\",\"target\":[\"https:\\\/\\\/pasitoapasito.es\\\/fr\\\/produit\\\/sac-a-langer-nara\\\/\"]}]},{\"@type\":\"ImageObject\",\"inLanguage\":\"fr-FR\",\"@id\":\"https:\\\/\\\/pasitoapasito.es\\\/fr\\\/produit\\\/sac-a-langer-nara\\\/#primaryimage\",\"url\":\"https:\\\/\\\/pasitoapasito.es\\\/wp-content\\\/uploads\\\/2025\\\/03\\\/1120900465_a-1.jpg\",\"contentUrl\":\"https:\\\/\\\/pasitoapasito.es\\\/wp-content\\\/uploads\\\/2025\\\/03\\\/1120900465_a-1.jpg\",\"width\":1000,\"height\":1000},{\"@type\":\"BreadcrumbList\",\"@id\":\"https:\\\/\\\/pasitoapasito.es\\\/fr\\\/produit\\\/sac-a-langer-nara\\\/#breadcrumb\",\"itemListElement\":[{\"@type\":\"ListItem\",\"position\":1,\"name\":\"Tienda\",\"item\":\"https:\\\/\\\/pasitoapasito.es\\\/tienda\\\/\"},{\"@type\":\"ListItem\",\"position\":2,\"name\":\"SAC \u00c0 LANGER NARA\"}]},{\"@type\":\"WebSite\",\"@id\":\"https:\\\/\\\/pasitoapasito.es\\\/fr\\\/#website\",\"url\":\"https:\\\/\\\/pasitoapasito.es\\\/fr\\\/\",\"name\":\"Pasito a Pasito\",\"description\":\"\",\"potentialAction\":[{\"@type\":\"SearchAction\",\"target\":{\"@type\":\"EntryPoint\",\"urlTemplate\":\"https:\\\/\\\/pasitoapasito.es\\\/fr\\\/?s={search_term_string}\"},\"query-input\":{\"@type\":\"PropertyValueSpecification\",\"valueRequired\":true,\"valueName\":\"search_term_string\"}}],\"inLanguage\":\"fr-FR\"}]}<\/script>\n<!-- \/ Yoast SEO plugin. -->","yoast_head_json":{"title":"SAC \u00c0 LANGER NARA - Pasito a Pasito","robots":{"index":"index","follow":"follow","max-snippet":"max-snippet:-1","max-image-preview":"max-image-preview:large","max-video-preview":"max-video-preview:-1"},"canonical":"https:\/\/pasitoapasito.es\/fr\/produit\/sac-a-langer-nara\/","og_locale":"fr_FR","og_type":"article","og_title":"SAC \u00c0 LANGER NARA - Pasito a Pasito","og_description":"Le sac \u00e0 langer Nara de Pasito a pasito est un mod\u00e8le unique, fabriqu\u00e9 en toile de coton 100% avec un d\u00e9licat imprim\u00e9 de cerfs et d&rsquo;arbres dans des tons neutres. Son traitement imperm\u00e9able le rend r\u00e9sistant \u00e0 l&rsquo;eau, garantissant protection et durabilit\u00e9 au quotidien. Il pr\u00e9sente un design tr\u00e8s \u00e9l\u00e9gant et pratique qui offre [&hellip;]","og_url":"https:\/\/pasitoapasito.es\/fr\/produit\/sac-a-langer-nara\/","og_site_name":"Pasito a Pasito","article_modified_time":"2025-03-25T09:34:49+00:00","og_image":[{"width":1000,"height":1000,"url":"https:\/\/pasitoapasito.es\/wp-content\/uploads\/2025\/03\/1120900465_a-1.jpg","type":"image\/jpeg"}],"twitter_card":"summary_large_image","twitter_misc":{"Dur\u00e9e de lecture estim\u00e9e":"2 minutes"},"schema":{"@context":"https:\/\/schema.org","@graph":[{"@type":"WebPage","@id":"https:\/\/pasitoapasito.es\/fr\/produit\/sac-a-langer-nara\/","url":"https:\/\/pasitoapasito.es\/fr\/produit\/sac-a-langer-nara\/","name":"SAC \u00c0 LANGER NARA - Pasito a Pasito","isPartOf":{"@id":"https:\/\/pasitoapasito.es\/fr\/#website"},"primaryImageOfPage":{"@id":"https:\/\/pasitoapasito.es\/fr\/produit\/sac-a-langer-nara\/#primaryimage"},"image":{"@id":"https:\/\/pasitoapasito.es\/fr\/produit\/sac-a-langer-nara\/#primaryimage"},"thumbnailUrl":"https:\/\/pasitoapasito.es\/wp-content\/uploads\/2025\/03\/1120900465_a-1.jpg","datePublished":"2025-03-25T09:09:05+00:00","dateModified":"2025-03-25T09:34:49+00:00","breadcrumb":{"@id":"https:\/\/pasitoapasito.es\/fr\/produit\/sac-a-langer-nara\/#breadcrumb"},"inLanguage":"fr-FR","potentialAction":[{"@type":"ReadAction","target":["https:\/\/pasitoapasito.es\/fr\/produit\/sac-a-langer-nara\/"]}]},{"@type":"ImageObject","inLanguage":"fr-FR","@id":"https:\/\/pasitoapasito.es\/fr\/produit\/sac-a-langer-nara\/#primaryimage","url":"https:\/\/pasitoapasito.es\/wp-content\/uploads\/2025\/03\/1120900465_a-1.jpg","contentUrl":"https:\/\/pasitoapasito.es\/wp-content\/uploads\/2025\/03\/1120900465_a-1.jpg","width":1000,"height":1000},{"@type":"BreadcrumbList","@id":"https:\/\/pasitoapasito.es\/fr\/produit\/sac-a-langer-nara\/#breadcrumb","itemListElement":[{"@type":"ListItem","position":1,"name":"Tienda","item":"https:\/\/pasitoapasito.es\/tienda\/"},{"@type":"ListItem","position":2,"name":"SAC \u00c0 LANGER NARA"}]},{"@type":"WebSite","@id":"https:\/\/pasitoapasito.es\/fr\/#website","url":"https:\/\/pasitoapasito.es\/fr\/","name":"Pasito a Pasito","description":"","potentialAction":[{"@type":"SearchAction","target":{"@type":"EntryPoint","urlTemplate":"https:\/\/pasitoapasito.es\/fr\/?s={search_term_string}"},"query-input":{"@type":"PropertyValueSpecification","valueRequired":true,"valueName":"search_term_string"}}],"inLanguage":"fr-FR"}]}},"_links":{"self":[{"href":"https:\/\/pasitoapasito.es\/fr\/wp-json\/wp\/v2\/product\/39288","targetHints":{"allow":["GET"]}}],"collection":[{"href":"https:\/\/pasitoapasito.es\/fr\/wp-json\/wp\/v2\/product"}],"about":[{"href":"https:\/\/pasitoapasito.es\/fr\/wp-json\/wp\/v2\/types\/product"}],"replies":[{"embeddable":true,"href":"https:\/\/pasitoapasito.es\/fr\/wp-json\/wp\/v2\/comments?post=39288"}],"wp:featuredmedia":[{"embeddable":true,"href":"https:\/\/pasitoapasito.es\/fr\/wp-json\/wp\/v2\/media\/38857"}],"wp:attachment":[{"href":"https:\/\/pasitoapasito.es\/fr\/wp-json\/wp\/v2\/media?parent=39288"}],"wp:term":[{"taxonomy":"colecciones","embeddable":true,"href":"https:\/\/pasitoapasito.es\/fr\/wp-json\/wp\/v2\/colecciones?post=39288"},{"taxonomy":"product_brand","embeddable":true,"href":"https:\/\/pasitoapasito.es\/fr\/wp-json\/wp\/v2\/product_brand?post=39288"},{"taxonomy":"product_cat","embeddable":true,"href":"https:\/\/pasitoapasito.es\/fr\/wp-json\/wp\/v2\/product_cat?post=39288"},{"taxonomy":"product_tag","embeddable":true,"href":"https:\/\/pasitoapasito.es\/fr\/wp-json\/wp\/v2\/product_tag?post=39288"}],"curies":[{"name":"wp","href":"https:\/\/api.w.org\/{rel}","templated":true}]}}