{"id":38780,"date":"2025-02-28T08:24:57","date_gmt":"2025-02-28T08:28:08","guid":{"rendered":"https:\/\/pasitoapasito.es\/?post_type=product&#038;p=38780"},"modified":"2025-02-28T08:33:07","modified_gmt":"2025-02-28T08:33:07","slug":"sac-bucket-icon-green","status":"publish","type":"product","link":"https:\/\/pasitoapasito.es\/fr\/produit\/sac-bucket-icon-green\/","title":{"rendered":"SAC BUCKET ICON GREEN"},"content":{"rendered":"<p>Sac Bucket pour Poussette Icon Green de Pasito a Pasito. Fabriqu\u00e9 en \u00e9co-cuir de haute qualit\u00e9 dans une \u00e9l\u00e9gante teinte rose pastel, ce sac seau pour poussette se distingue par son bord festonn\u00e9 d\u00e9licat et son charmant pendentif en forme d\u2019ourson m\u00e9tallique qui lui conf\u00e8re une touche unique. C\u2019est l\u2019accessoire id\u00e9al pour transporter les essentiels de votre b\u00e9b\u00e9 avec style et praticit\u00e9 lors de vos promenades. Son format compact est parfait pour organiser les couches, biberons et autres indispensables, tout en gardant tout \u00e0 port\u00e9e de main. Le sac est \u00e9quip\u00e9 d\u2019une fermeture pratique \u00e0 cordon pour prot\u00e9ger vos affaires en toute s\u00e9curit\u00e9. Con\u00e7u pour offrir polyvalence et confort, il dispose d\u2019une bandouli\u00e8re longue pour le porter en sac \u00e0 main et de poign\u00e9es courtes pour l\u2019attacher \u00e0 la poussette. Alliant fonctionnalit\u00e9 et design raffin\u00e9, il devient un accessoire incontournable pour vos sorties avec b\u00e9b\u00e9. Fabriqu\u00e9 avec des mat\u00e9riaux de haute qualit\u00e9, exempts de colorants azo\u00efques, de phtalates et de substances nocives, ce sac garantit s\u00e9curit\u00e9 et durabilit\u00e9. Les produits pour b\u00e9b\u00e9 de Pasito a Pasito se distinguent par leurs designs uniques, toujours pens\u00e9s dans une optique pratique tout en pr\u00e9servant une touche d\u2019\u00e9l\u00e9gance. Chaque collection est r\u00e9alis\u00e9e avec une attention minutieuse aux d\u00e9tails, en utilisant des mat\u00e9riaux de premier choix pour souligner l\u2019harmonie et la sophistication de chaque pi\u00e8ce. Nos mod\u00e8les exclusifs, au style inimitable, sont destin\u00e9s aux mamans modernes qui appr\u00e9cient le bon go\u00fbt et les petits d\u00e9tails autant que nous. Sp\u00e9cifications : Mat\u00e9riau : \u00c9co-cuir Couleur : Vert Dimensions : 17&#215;22 cm<\/p>\n","protected":false},"excerpt":{"rendered":"<p>Sac Bucket pour Poussette Icon Green de Pasito a Pasito. Fabriqu\u00e9 en \u00e9co-cuir de haute qualit\u00e9 dans une \u00e9l\u00e9gante teinte rose pastel, ce sac seau pour poussette se distingue par son bord festonn\u00e9 d\u00e9licat et son charmant pendentif en forme d\u2019ourson m\u00e9tallique qui lui conf\u00e8re une touche unique. C\u2019est l\u2019accessoire id\u00e9al pour transporter les essentiels [&hellip;]<\/p>\n","protected":false},"featured_media":38707,"comment_status":"closed","ping_status":"closed","template":"","meta":{"_acf_changed":false,"inline_featured_image":false},"colecciones":[288],"product_brand":[],"product_cat":[160,129],"product_tag":[],"class_list":{"0":"post-38780","1":"product","2":"type-product","3":"status-publish","4":"has-post-thumbnail","6":"colecciones-collection-icon","7":"product_cat-sacs-a-langer-et-accessoires","8":"product_cat-sacs-a-langer","10":"first","11":"instock","12":"purchasable","13":"product-type-simple"},"acf":[],"yoast_head":"<!-- This site is optimized with the Yoast SEO plugin v27.3 - https:\/\/yoast.com\/product\/yoast-seo-wordpress\/ -->\n<title>SAC BUCKET ICON GREEN - Pasito a Pasito<\/title>\n<meta name=\"robots\" content=\"index, follow, max-snippet:-1, max-image-preview:large, max-video-preview:-1\" \/>\n<link rel=\"canonical\" href=\"https:\/\/pasitoapasito.es\/fr\/produit\/sac-bucket-icon-green\/\" \/>\n<meta property=\"og:locale\" content=\"fr_FR\" \/>\n<meta property=\"og:type\" content=\"article\" \/>\n<meta property=\"og:title\" content=\"SAC BUCKET ICON GREEN - Pasito a Pasito\" \/>\n<meta property=\"og:description\" content=\"Sac Bucket pour Poussette Icon Green de Pasito a Pasito. Fabriqu\u00e9 en \u00e9co-cuir de haute qualit\u00e9 dans une \u00e9l\u00e9gante teinte rose pastel, ce sac seau pour poussette se distingue par son bord festonn\u00e9 d\u00e9licat et son charmant pendentif en forme d\u2019ourson m\u00e9tallique qui lui conf\u00e8re une touche unique. C\u2019est l\u2019accessoire id\u00e9al pour transporter les essentiels [&hellip;]\" \/>\n<meta property=\"og:url\" content=\"https:\/\/pasitoapasito.es\/fr\/produit\/sac-bucket-icon-green\/\" \/>\n<meta property=\"og:site_name\" content=\"Pasito a Pasito\" \/>\n<meta property=\"article:modified_time\" content=\"2025-02-28T08:33:07+00:00\" \/>\n<meta property=\"og:image\" content=\"https:\/\/pasitoapasito.es\/wp-content\/uploads\/2025\/02\/1120900463_a-1.jpg\" \/>\n\t<meta property=\"og:image:width\" content=\"1200\" \/>\n\t<meta property=\"og:image:height\" content=\"1200\" \/>\n\t<meta property=\"og:image:type\" content=\"image\/jpeg\" \/>\n<meta name=\"twitter:card\" content=\"summary_large_image\" \/>\n<meta name=\"twitter:label1\" content=\"Dur\u00e9e de lecture estim\u00e9e\" \/>\n\t<meta name=\"twitter:data1\" content=\"2 minutes\" \/>\n<script type=\"application\/ld+json\" class=\"yoast-schema-graph\">{\"@context\":\"https:\\\/\\\/schema.org\",\"@graph\":[{\"@type\":\"WebPage\",\"@id\":\"https:\\\/\\\/pasitoapasito.es\\\/fr\\\/produit\\\/sac-bucket-icon-green\\\/\",\"url\":\"https:\\\/\\\/pasitoapasito.es\\\/fr\\\/produit\\\/sac-bucket-icon-green\\\/\",\"name\":\"SAC BUCKET ICON GREEN - Pasito a Pasito\",\"isPartOf\":{\"@id\":\"https:\\\/\\\/pasitoapasito.es\\\/fr\\\/#website\"},\"primaryImageOfPage\":{\"@id\":\"https:\\\/\\\/pasitoapasito.es\\\/fr\\\/produit\\\/sac-bucket-icon-green\\\/#primaryimage\"},\"image\":{\"@id\":\"https:\\\/\\\/pasitoapasito.es\\\/fr\\\/produit\\\/sac-bucket-icon-green\\\/#primaryimage\"},\"thumbnailUrl\":\"https:\\\/\\\/pasitoapasito.es\\\/wp-content\\\/uploads\\\/2025\\\/02\\\/1120900463_a-1.jpg\",\"datePublished\":\"2025-02-28T08:28:08+00:00\",\"dateModified\":\"2025-02-28T08:33:07+00:00\",\"breadcrumb\":{\"@id\":\"https:\\\/\\\/pasitoapasito.es\\\/fr\\\/produit\\\/sac-bucket-icon-green\\\/#breadcrumb\"},\"inLanguage\":\"fr-FR\",\"potentialAction\":[{\"@type\":\"ReadAction\",\"target\":[\"https:\\\/\\\/pasitoapasito.es\\\/fr\\\/produit\\\/sac-bucket-icon-green\\\/\"]}]},{\"@type\":\"ImageObject\",\"inLanguage\":\"fr-FR\",\"@id\":\"https:\\\/\\\/pasitoapasito.es\\\/fr\\\/produit\\\/sac-bucket-icon-green\\\/#primaryimage\",\"url\":\"https:\\\/\\\/pasitoapasito.es\\\/wp-content\\\/uploads\\\/2025\\\/02\\\/1120900463_a-1.jpg\",\"contentUrl\":\"https:\\\/\\\/pasitoapasito.es\\\/wp-content\\\/uploads\\\/2025\\\/02\\\/1120900463_a-1.jpg\",\"width\":1200,\"height\":1200},{\"@type\":\"BreadcrumbList\",\"@id\":\"https:\\\/\\\/pasitoapasito.es\\\/fr\\\/produit\\\/sac-bucket-icon-green\\\/#breadcrumb\",\"itemListElement\":[{\"@type\":\"ListItem\",\"position\":1,\"name\":\"Tienda\",\"item\":\"https:\\\/\\\/pasitoapasito.es\\\/tienda\\\/\"},{\"@type\":\"ListItem\",\"position\":2,\"name\":\"SAC BUCKET ICON GREEN\"}]},{\"@type\":\"WebSite\",\"@id\":\"https:\\\/\\\/pasitoapasito.es\\\/fr\\\/#website\",\"url\":\"https:\\\/\\\/pasitoapasito.es\\\/fr\\\/\",\"name\":\"Pasito a Pasito\",\"description\":\"\",\"potentialAction\":[{\"@type\":\"SearchAction\",\"target\":{\"@type\":\"EntryPoint\",\"urlTemplate\":\"https:\\\/\\\/pasitoapasito.es\\\/fr\\\/?s={search_term_string}\"},\"query-input\":{\"@type\":\"PropertyValueSpecification\",\"valueRequired\":true,\"valueName\":\"search_term_string\"}}],\"inLanguage\":\"fr-FR\"}]}<\/script>\n<!-- \/ Yoast SEO plugin. -->","yoast_head_json":{"title":"SAC BUCKET ICON GREEN - Pasito a Pasito","robots":{"index":"index","follow":"follow","max-snippet":"max-snippet:-1","max-image-preview":"max-image-preview:large","max-video-preview":"max-video-preview:-1"},"canonical":"https:\/\/pasitoapasito.es\/fr\/produit\/sac-bucket-icon-green\/","og_locale":"fr_FR","og_type":"article","og_title":"SAC BUCKET ICON GREEN - Pasito a Pasito","og_description":"Sac Bucket pour Poussette Icon Green de Pasito a Pasito. Fabriqu\u00e9 en \u00e9co-cuir de haute qualit\u00e9 dans une \u00e9l\u00e9gante teinte rose pastel, ce sac seau pour poussette se distingue par son bord festonn\u00e9 d\u00e9licat et son charmant pendentif en forme d\u2019ourson m\u00e9tallique qui lui conf\u00e8re une touche unique. C\u2019est l\u2019accessoire id\u00e9al pour transporter les essentiels [&hellip;]","og_url":"https:\/\/pasitoapasito.es\/fr\/produit\/sac-bucket-icon-green\/","og_site_name":"Pasito a Pasito","article_modified_time":"2025-02-28T08:33:07+00:00","og_image":[{"width":1200,"height":1200,"url":"https:\/\/pasitoapasito.es\/wp-content\/uploads\/2025\/02\/1120900463_a-1.jpg","type":"image\/jpeg"}],"twitter_card":"summary_large_image","twitter_misc":{"Dur\u00e9e de lecture estim\u00e9e":"2 minutes"},"schema":{"@context":"https:\/\/schema.org","@graph":[{"@type":"WebPage","@id":"https:\/\/pasitoapasito.es\/fr\/produit\/sac-bucket-icon-green\/","url":"https:\/\/pasitoapasito.es\/fr\/produit\/sac-bucket-icon-green\/","name":"SAC BUCKET ICON GREEN - Pasito a Pasito","isPartOf":{"@id":"https:\/\/pasitoapasito.es\/fr\/#website"},"primaryImageOfPage":{"@id":"https:\/\/pasitoapasito.es\/fr\/produit\/sac-bucket-icon-green\/#primaryimage"},"image":{"@id":"https:\/\/pasitoapasito.es\/fr\/produit\/sac-bucket-icon-green\/#primaryimage"},"thumbnailUrl":"https:\/\/pasitoapasito.es\/wp-content\/uploads\/2025\/02\/1120900463_a-1.jpg","datePublished":"2025-02-28T08:28:08+00:00","dateModified":"2025-02-28T08:33:07+00:00","breadcrumb":{"@id":"https:\/\/pasitoapasito.es\/fr\/produit\/sac-bucket-icon-green\/#breadcrumb"},"inLanguage":"fr-FR","potentialAction":[{"@type":"ReadAction","target":["https:\/\/pasitoapasito.es\/fr\/produit\/sac-bucket-icon-green\/"]}]},{"@type":"ImageObject","inLanguage":"fr-FR","@id":"https:\/\/pasitoapasito.es\/fr\/produit\/sac-bucket-icon-green\/#primaryimage","url":"https:\/\/pasitoapasito.es\/wp-content\/uploads\/2025\/02\/1120900463_a-1.jpg","contentUrl":"https:\/\/pasitoapasito.es\/wp-content\/uploads\/2025\/02\/1120900463_a-1.jpg","width":1200,"height":1200},{"@type":"BreadcrumbList","@id":"https:\/\/pasitoapasito.es\/fr\/produit\/sac-bucket-icon-green\/#breadcrumb","itemListElement":[{"@type":"ListItem","position":1,"name":"Tienda","item":"https:\/\/pasitoapasito.es\/tienda\/"},{"@type":"ListItem","position":2,"name":"SAC BUCKET ICON GREEN"}]},{"@type":"WebSite","@id":"https:\/\/pasitoapasito.es\/fr\/#website","url":"https:\/\/pasitoapasito.es\/fr\/","name":"Pasito a Pasito","description":"","potentialAction":[{"@type":"SearchAction","target":{"@type":"EntryPoint","urlTemplate":"https:\/\/pasitoapasito.es\/fr\/?s={search_term_string}"},"query-input":{"@type":"PropertyValueSpecification","valueRequired":true,"valueName":"search_term_string"}}],"inLanguage":"fr-FR"}]}},"_links":{"self":[{"href":"https:\/\/pasitoapasito.es\/fr\/wp-json\/wp\/v2\/product\/38780","targetHints":{"allow":["GET"]}}],"collection":[{"href":"https:\/\/pasitoapasito.es\/fr\/wp-json\/wp\/v2\/product"}],"about":[{"href":"https:\/\/pasitoapasito.es\/fr\/wp-json\/wp\/v2\/types\/product"}],"replies":[{"embeddable":true,"href":"https:\/\/pasitoapasito.es\/fr\/wp-json\/wp\/v2\/comments?post=38780"}],"wp:featuredmedia":[{"embeddable":true,"href":"https:\/\/pasitoapasito.es\/fr\/wp-json\/wp\/v2\/media\/38707"}],"wp:attachment":[{"href":"https:\/\/pasitoapasito.es\/fr\/wp-json\/wp\/v2\/media?parent=38780"}],"wp:term":[{"taxonomy":"colecciones","embeddable":true,"href":"https:\/\/pasitoapasito.es\/fr\/wp-json\/wp\/v2\/colecciones?post=38780"},{"taxonomy":"product_brand","embeddable":true,"href":"https:\/\/pasitoapasito.es\/fr\/wp-json\/wp\/v2\/product_brand?post=38780"},{"taxonomy":"product_cat","embeddable":true,"href":"https:\/\/pasitoapasito.es\/fr\/wp-json\/wp\/v2\/product_cat?post=38780"},{"taxonomy":"product_tag","embeddable":true,"href":"https:\/\/pasitoapasito.es\/fr\/wp-json\/wp\/v2\/product_tag?post=38780"}],"curies":[{"name":"wp","href":"https:\/\/api.w.org\/{rel}","templated":true}]}}