{"id":38511,"date":"2024-11-18T13:18:01","date_gmt":"2024-11-18T12:32:04","guid":{"rendered":"https:\/\/pasitoapasito.es\/?post_type=product&#038;p=38511"},"modified":"2024-11-18T13:20:03","modified_gmt":"2024-11-18T13:20:03","slug":"tapis-de-jeux-garden","status":"publish","type":"product","link":"https:\/\/pasitoapasito.es\/fr\/produit\/tapis-de-jeux-garden\/","title":{"rendered":"TAPIS DE JEUX GARDEN"},"content":{"rendered":"<p>Le tapis de jeux lapin rose est l&rsquo;accessoire parfait pour stimuler et divertir votre b\u00e9b\u00e9 lorsqu&rsquo;il explore son environnement. Con\u00e7ue avec des d\u00e9tails charmants et des fonctions interactives. Cette couverture offre \u00e0 votre enfant un espace s\u00fbr et amusant pour d\u00e9velopper ses capacit\u00e9s motrices et sensorielles. Fabriqu\u00e9e en velours doux, elle offre une surface confortable et s\u00fbre pour que b\u00e9b\u00e9 puisse se d\u00e9placer librement, encourageant l&rsquo;ind\u00e9pendance et l&rsquo;exploration. Il comprend diverses activit\u00e9s telles qu&rsquo;une fleur avec miroir, un jouet de dentition et diff\u00e9rentes textures pour encourager la curiosit\u00e9 et le jeu imaginatif. Les textures vari\u00e9es et les \u00e9l\u00e9ments interactifs contribuent au d\u00e9veloppement des capacit\u00e9s sensorielles et de la motricit\u00e9 fine de b\u00e9b\u00e9. La grande surface offre beaucoup d&rsquo;espace \u00e0 b\u00e9b\u00e9 pour ramper et jouer. Id\u00e9al pour une utilisation dans toutes les pi\u00e8ces de la maison. Gr\u00e2ce \u00e0 son design et \u00e0 ses couleurs neutres, cette couverture s&rsquo;int\u00e8gre parfaitement \u00e0 la d\u00e9coration de la maison, ajoutant une touche de tendresse et d&rsquo;amusement. Cette couverture d&rsquo;activit\u00e9 \u00e0 quatre pattes Pasito a pasito est un choix id\u00e9al pour les parents \u00e0 la recherche d&rsquo;un produit polyvalent et stimulant pour leur b\u00e9b\u00e9. Elle offre un environnement s\u00fbr et douillet o\u00f9 les petits peuvent d\u00e9velopper leurs aptitudes et s&rsquo;amuser pendant des heures. Facile \u00e0 plier et \u00e0 transporter gr\u00e2ce \u00e0 son sac de transport. Parfait pour aller chez les grands-parents, au parc ou en vacances. Lavable \u00e0 la main ou en machine \u00e0 30\u00b0C. Un cadeau id\u00e9al pour accompagner la croissance et la d\u00e9couverte de votre b\u00e9b\u00e9. Pasito a pasito prot\u00e8ge votre b\u00e9b\u00e9 en utilisant les meilleurs tissus, exempts de colorants azo\u00efques et de substances nocives pour la sant\u00e9. Facile \u00e0 nettoyer \u00e0 la main ou en machine \u00e0 30\u00b0C. Conforme \u00e0 la norme europ\u00e9enne EN-71 S\u00e9curit\u00e9 des jouets +0 an. Dimensions 100&#215;80 cm.<\/p>\n","protected":false},"excerpt":{"rendered":"<p>Le tapis de jeux lapin rose est l&rsquo;accessoire parfait pour stimuler et divertir votre b\u00e9b\u00e9 lorsqu&rsquo;il explore son environnement. Con\u00e7ue avec des d\u00e9tails charmants et des fonctions interactives. Cette couverture offre \u00e0 votre enfant un espace s\u00fbr et amusant pour d\u00e9velopper ses capacit\u00e9s motrices et sensorielles. Fabriqu\u00e9e en velours doux, elle offre une surface confortable [&hellip;]<\/p>\n","protected":false},"featured_media":38410,"comment_status":"closed","ping_status":"open","template":"","meta":{"_acf_changed":false,"inline_featured_image":false},"colecciones":[],"product_brand":[],"product_cat":[193,126],"product_tag":[],"class_list":{"0":"post-38511","1":"product","2":"type-product","3":"status-publish","4":"has-post-thumbnail","6":"product_cat-peluches-et-accessories","7":"product_cat-sin-categorizar-fr","9":"first","10":"instock","11":"purchasable","12":"product-type-simple"},"acf":[],"yoast_head":"<!-- This site is optimized with the Yoast SEO plugin v27.4 - https:\/\/yoast.com\/product\/yoast-seo-wordpress\/ -->\n<title>TAPIS DE JEUX GARDEN - Pasito a Pasito<\/title>\n<meta name=\"robots\" content=\"index, follow, max-snippet:-1, max-image-preview:large, max-video-preview:-1\" \/>\n<link rel=\"canonical\" href=\"https:\/\/pasitoapasito.es\/fr\/produit\/tapis-de-jeux-garden\/\" \/>\n<meta property=\"og:locale\" content=\"fr_FR\" \/>\n<meta property=\"og:type\" content=\"article\" \/>\n<meta property=\"og:title\" content=\"TAPIS DE JEUX GARDEN - Pasito a Pasito\" \/>\n<meta property=\"og:description\" content=\"Le tapis de jeux lapin rose est l&rsquo;accessoire parfait pour stimuler et divertir votre b\u00e9b\u00e9 lorsqu&rsquo;il explore son environnement. Con\u00e7ue avec des d\u00e9tails charmants et des fonctions interactives. Cette couverture offre \u00e0 votre enfant un espace s\u00fbr et amusant pour d\u00e9velopper ses capacit\u00e9s motrices et sensorielles. Fabriqu\u00e9e en velours doux, elle offre une surface confortable [&hellip;]\" \/>\n<meta property=\"og:url\" content=\"https:\/\/pasitoapasito.es\/fr\/produit\/tapis-de-jeux-garden\/\" \/>\n<meta property=\"og:site_name\" content=\"Pasito a Pasito\" \/>\n<meta property=\"article:modified_time\" content=\"2024-11-18T13:20:03+00:00\" \/>\n<meta property=\"og:image\" content=\"https:\/\/pasitoapasito.es\/wp-content\/uploads\/2024\/11\/1120900442_a.jpg\" \/>\n\t<meta property=\"og:image:width\" content=\"1200\" \/>\n\t<meta property=\"og:image:height\" content=\"1200\" \/>\n\t<meta property=\"og:image:type\" content=\"image\/jpeg\" \/>\n<meta name=\"twitter:card\" content=\"summary_large_image\" \/>\n<meta name=\"twitter:label1\" content=\"Dur\u00e9e de lecture estim\u00e9e\" \/>\n\t<meta name=\"twitter:data1\" content=\"2 minutes\" \/>\n<script type=\"application\/ld+json\" class=\"yoast-schema-graph\">{\"@context\":\"https:\\\/\\\/schema.org\",\"@graph\":[{\"@type\":\"WebPage\",\"@id\":\"https:\\\/\\\/pasitoapasito.es\\\/fr\\\/produit\\\/tapis-de-jeux-garden\\\/\",\"url\":\"https:\\\/\\\/pasitoapasito.es\\\/fr\\\/produit\\\/tapis-de-jeux-garden\\\/\",\"name\":\"TAPIS DE JEUX GARDEN - Pasito a Pasito\",\"isPartOf\":{\"@id\":\"https:\\\/\\\/pasitoapasito.es\\\/fr\\\/#website\"},\"primaryImageOfPage\":{\"@id\":\"https:\\\/\\\/pasitoapasito.es\\\/fr\\\/produit\\\/tapis-de-jeux-garden\\\/#primaryimage\"},\"image\":{\"@id\":\"https:\\\/\\\/pasitoapasito.es\\\/fr\\\/produit\\\/tapis-de-jeux-garden\\\/#primaryimage\"},\"thumbnailUrl\":\"https:\\\/\\\/pasitoapasito.es\\\/wp-content\\\/uploads\\\/2024\\\/11\\\/1120900442_a.jpg\",\"datePublished\":\"2024-11-18T12:32:04+00:00\",\"dateModified\":\"2024-11-18T13:20:03+00:00\",\"breadcrumb\":{\"@id\":\"https:\\\/\\\/pasitoapasito.es\\\/fr\\\/produit\\\/tapis-de-jeux-garden\\\/#breadcrumb\"},\"inLanguage\":\"fr-FR\",\"potentialAction\":[{\"@type\":\"ReadAction\",\"target\":[\"https:\\\/\\\/pasitoapasito.es\\\/fr\\\/produit\\\/tapis-de-jeux-garden\\\/\"]}]},{\"@type\":\"ImageObject\",\"inLanguage\":\"fr-FR\",\"@id\":\"https:\\\/\\\/pasitoapasito.es\\\/fr\\\/produit\\\/tapis-de-jeux-garden\\\/#primaryimage\",\"url\":\"https:\\\/\\\/pasitoapasito.es\\\/wp-content\\\/uploads\\\/2024\\\/11\\\/1120900442_a.jpg\",\"contentUrl\":\"https:\\\/\\\/pasitoapasito.es\\\/wp-content\\\/uploads\\\/2024\\\/11\\\/1120900442_a.jpg\",\"width\":1200,\"height\":1200},{\"@type\":\"BreadcrumbList\",\"@id\":\"https:\\\/\\\/pasitoapasito.es\\\/fr\\\/produit\\\/tapis-de-jeux-garden\\\/#breadcrumb\",\"itemListElement\":[{\"@type\":\"ListItem\",\"position\":1,\"name\":\"Tienda\",\"item\":\"https:\\\/\\\/pasitoapasito.es\\\/tienda\\\/\"},{\"@type\":\"ListItem\",\"position\":2,\"name\":\"TAPIS DE JEUX GARDEN\"}]},{\"@type\":\"WebSite\",\"@id\":\"https:\\\/\\\/pasitoapasito.es\\\/fr\\\/#website\",\"url\":\"https:\\\/\\\/pasitoapasito.es\\\/fr\\\/\",\"name\":\"Pasito a Pasito\",\"description\":\"\",\"potentialAction\":[{\"@type\":\"SearchAction\",\"target\":{\"@type\":\"EntryPoint\",\"urlTemplate\":\"https:\\\/\\\/pasitoapasito.es\\\/fr\\\/?s={search_term_string}\"},\"query-input\":{\"@type\":\"PropertyValueSpecification\",\"valueRequired\":true,\"valueName\":\"search_term_string\"}}],\"inLanguage\":\"fr-FR\"}]}<\/script>\n<!-- \/ Yoast SEO plugin. -->","yoast_head_json":{"title":"TAPIS DE JEUX GARDEN - Pasito a Pasito","robots":{"index":"index","follow":"follow","max-snippet":"max-snippet:-1","max-image-preview":"max-image-preview:large","max-video-preview":"max-video-preview:-1"},"canonical":"https:\/\/pasitoapasito.es\/fr\/produit\/tapis-de-jeux-garden\/","og_locale":"fr_FR","og_type":"article","og_title":"TAPIS DE JEUX GARDEN - Pasito a Pasito","og_description":"Le tapis de jeux lapin rose est l&rsquo;accessoire parfait pour stimuler et divertir votre b\u00e9b\u00e9 lorsqu&rsquo;il explore son environnement. Con\u00e7ue avec des d\u00e9tails charmants et des fonctions interactives. Cette couverture offre \u00e0 votre enfant un espace s\u00fbr et amusant pour d\u00e9velopper ses capacit\u00e9s motrices et sensorielles. Fabriqu\u00e9e en velours doux, elle offre une surface confortable [&hellip;]","og_url":"https:\/\/pasitoapasito.es\/fr\/produit\/tapis-de-jeux-garden\/","og_site_name":"Pasito a Pasito","article_modified_time":"2024-11-18T13:20:03+00:00","og_image":[{"width":1200,"height":1200,"url":"https:\/\/pasitoapasito.es\/wp-content\/uploads\/2024\/11\/1120900442_a.jpg","type":"image\/jpeg"}],"twitter_card":"summary_large_image","twitter_misc":{"Dur\u00e9e de lecture estim\u00e9e":"2 minutes"},"schema":{"@context":"https:\/\/schema.org","@graph":[{"@type":"WebPage","@id":"https:\/\/pasitoapasito.es\/fr\/produit\/tapis-de-jeux-garden\/","url":"https:\/\/pasitoapasito.es\/fr\/produit\/tapis-de-jeux-garden\/","name":"TAPIS DE JEUX GARDEN - Pasito a Pasito","isPartOf":{"@id":"https:\/\/pasitoapasito.es\/fr\/#website"},"primaryImageOfPage":{"@id":"https:\/\/pasitoapasito.es\/fr\/produit\/tapis-de-jeux-garden\/#primaryimage"},"image":{"@id":"https:\/\/pasitoapasito.es\/fr\/produit\/tapis-de-jeux-garden\/#primaryimage"},"thumbnailUrl":"https:\/\/pasitoapasito.es\/wp-content\/uploads\/2024\/11\/1120900442_a.jpg","datePublished":"2024-11-18T12:32:04+00:00","dateModified":"2024-11-18T13:20:03+00:00","breadcrumb":{"@id":"https:\/\/pasitoapasito.es\/fr\/produit\/tapis-de-jeux-garden\/#breadcrumb"},"inLanguage":"fr-FR","potentialAction":[{"@type":"ReadAction","target":["https:\/\/pasitoapasito.es\/fr\/produit\/tapis-de-jeux-garden\/"]}]},{"@type":"ImageObject","inLanguage":"fr-FR","@id":"https:\/\/pasitoapasito.es\/fr\/produit\/tapis-de-jeux-garden\/#primaryimage","url":"https:\/\/pasitoapasito.es\/wp-content\/uploads\/2024\/11\/1120900442_a.jpg","contentUrl":"https:\/\/pasitoapasito.es\/wp-content\/uploads\/2024\/11\/1120900442_a.jpg","width":1200,"height":1200},{"@type":"BreadcrumbList","@id":"https:\/\/pasitoapasito.es\/fr\/produit\/tapis-de-jeux-garden\/#breadcrumb","itemListElement":[{"@type":"ListItem","position":1,"name":"Tienda","item":"https:\/\/pasitoapasito.es\/tienda\/"},{"@type":"ListItem","position":2,"name":"TAPIS DE JEUX GARDEN"}]},{"@type":"WebSite","@id":"https:\/\/pasitoapasito.es\/fr\/#website","url":"https:\/\/pasitoapasito.es\/fr\/","name":"Pasito a Pasito","description":"","potentialAction":[{"@type":"SearchAction","target":{"@type":"EntryPoint","urlTemplate":"https:\/\/pasitoapasito.es\/fr\/?s={search_term_string}"},"query-input":{"@type":"PropertyValueSpecification","valueRequired":true,"valueName":"search_term_string"}}],"inLanguage":"fr-FR"}]}},"_links":{"self":[{"href":"https:\/\/pasitoapasito.es\/fr\/wp-json\/wp\/v2\/product\/38511","targetHints":{"allow":["GET"]}}],"collection":[{"href":"https:\/\/pasitoapasito.es\/fr\/wp-json\/wp\/v2\/product"}],"about":[{"href":"https:\/\/pasitoapasito.es\/fr\/wp-json\/wp\/v2\/types\/product"}],"replies":[{"embeddable":true,"href":"https:\/\/pasitoapasito.es\/fr\/wp-json\/wp\/v2\/comments?post=38511"}],"wp:featuredmedia":[{"embeddable":true,"href":"https:\/\/pasitoapasito.es\/fr\/wp-json\/wp\/v2\/media\/38410"}],"wp:attachment":[{"href":"https:\/\/pasitoapasito.es\/fr\/wp-json\/wp\/v2\/media?parent=38511"}],"wp:term":[{"taxonomy":"colecciones","embeddable":true,"href":"https:\/\/pasitoapasito.es\/fr\/wp-json\/wp\/v2\/colecciones?post=38511"},{"taxonomy":"product_brand","embeddable":true,"href":"https:\/\/pasitoapasito.es\/fr\/wp-json\/wp\/v2\/product_brand?post=38511"},{"taxonomy":"product_cat","embeddable":true,"href":"https:\/\/pasitoapasito.es\/fr\/wp-json\/wp\/v2\/product_cat?post=38511"},{"taxonomy":"product_tag","embeddable":true,"href":"https:\/\/pasitoapasito.es\/fr\/wp-json\/wp\/v2\/product_tag?post=38511"}],"curies":[{"name":"wp","href":"https:\/\/api.w.org\/{rel}","templated":true}]}}