{"id":38497,"date":"2024-11-18T12:48:03","date_gmt":"2024-11-18T12:48:03","guid":{"rendered":"https:\/\/pasitoapasito.es\/?post_type=product&#038;p=38497"},"modified":"2024-11-18T12:49:03","modified_gmt":"2024-11-18T12:49:03","slug":"gants-de-poussette-paddington-noir","status":"publish","type":"product","link":"https:\/\/pasitoapasito.es\/fr\/produit\/gants-de-poussette-paddington-noir\/","title":{"rendered":"GANTS DE POUSSETTE PADDINGTON NOIR"},"content":{"rendered":"<p>Les gants de poussette de la collection Paddington en noir de Pasito a Pasito sont l&rsquo;accessoire parfait pour les parents \u00e0 la recherche de style, de confort et de fonctionnalit\u00e9 lors des promenades par temps froid. Fabriqu\u00e9s \u00e0 partir de mat\u00e9riaux de haute qualit\u00e9, ces gants poss\u00e8dent un int\u00e9rieur doux et doubl\u00e9 en polaire, id\u00e9al pour garder vos mains au chaud tout en poussant la poussette. Avec un design \u00e9l\u00e9gant matelass\u00e9 et des d\u00e9tails aux teintes neutres, ces gants s\u2019adaptent facilement \u00e0 toute poussette, offrant une exp\u00e9rience chaleureuse et confortable. Faciles \u00e0 fixer, ils s&rsquo;attachent solidement au guidon de la poussette, garantissant une utilisation simple et pratique. Universellement compatibles, ils conviennent \u00e0 la plupart des poussettes sur le march\u00e9. Pratiques et commodes, ces gants gardent vos mains au chaud sans avoir besoin de gants conventionnels, facilitant ainsi l&rsquo;interaction avec la poussette. Tous nos produits sont fabriqu\u00e9s en conformit\u00e9 avec les normes europ\u00e9ennes les plus strictes, en utilisant des mat\u00e9riaux de haute qualit\u00e9 exempts de colorants azo\u00efques, de phtalates et de substances nocives. Le tissu est facile \u00e0 nettoyer et peut \u00eatre lav\u00e9 en machine \u00e0 30\u00baC. Les produits pour b\u00e9b\u00e9 de Pasito a Pasito se distinguent par un design unique qui les diff\u00e9rencie de tous les autres. Leurs collections sont marqu\u00e9es par une attention aux d\u00e9tails, toujours con\u00e7ues d&rsquo;un point de vue pratique. Ils utilisent des mat\u00e9riaux premium pour mettre en avant l&rsquo;\u00e9l\u00e9gance et l&rsquo;harmonie de chaque pi\u00e8ce. Nos mod\u00e8les sont exclusifs et au style inimitable, con\u00e7us pour les mamans d&rsquo;aujourd&rsquo;hui qui ont du go\u00fbt et appr\u00e9cient les d\u00e9tails autant que nous. Sp\u00e9cifications: Mat\u00e9riaux : 100 % polyester. Couleur : Noir. Taille universelle.<\/p>\n","protected":false},"excerpt":{"rendered":"<p>Les gants de poussette de la collection Paddington en noir de Pasito a Pasito sont l&rsquo;accessoire parfait pour les parents \u00e0 la recherche de style, de confort et de fonctionnalit\u00e9 lors des promenades par temps froid. Fabriqu\u00e9s \u00e0 partir de mat\u00e9riaux de haute qualit\u00e9, ces gants poss\u00e8dent un int\u00e9rieur doux et doubl\u00e9 en polaire, id\u00e9al [&hellip;]<\/p>\n","protected":false},"featured_media":38024,"comment_status":"closed","ping_status":"closed","template":"","meta":{"_acf_changed":false,"inline_featured_image":false},"colecciones":[],"product_brand":[],"product_cat":[257],"product_tag":[],"class_list":{"0":"post-38497","1":"product","2":"type-product","3":"status-publish","4":"has-post-thumbnail","6":"product_cat-special-prices-fr","8":"first","9":"instock","10":"purchasable","11":"product-type-simple"},"acf":[],"yoast_head":"<!-- This site is optimized with the Yoast SEO plugin v27.6 - https:\/\/yoast.com\/product\/yoast-seo-wordpress\/ -->\n<title>GANTS DE POUSSETTE PADDINGTON NOIR - Pasito a Pasito<\/title>\n<meta name=\"robots\" content=\"index, follow, max-snippet:-1, max-image-preview:large, max-video-preview:-1\" \/>\n<link rel=\"canonical\" href=\"https:\/\/pasitoapasito.es\/produit\/guantes-cochecito-paddington-negro\/\" \/>\n<meta property=\"og:locale\" content=\"fr_FR\" \/>\n<meta property=\"og:type\" content=\"article\" \/>\n<meta property=\"og:title\" content=\"GANTS DE POUSSETTE PADDINGTON NOIR - Pasito a Pasito\" \/>\n<meta property=\"og:description\" content=\"Les gants de poussette de la collection Paddington en noir de Pasito a Pasito sont l&rsquo;accessoire parfait pour les parents \u00e0 la recherche de style, de confort et de fonctionnalit\u00e9 lors des promenades par temps froid. Fabriqu\u00e9s \u00e0 partir de mat\u00e9riaux de haute qualit\u00e9, ces gants poss\u00e8dent un int\u00e9rieur doux et doubl\u00e9 en polaire, id\u00e9al [&hellip;]\" \/>\n<meta property=\"og:url\" content=\"https:\/\/pasitoapasito.es\/produit\/guantes-cochecito-paddington-negro\/\" \/>\n<meta property=\"og:site_name\" content=\"Pasito a Pasito\" \/>\n<meta property=\"article:modified_time\" content=\"2024-11-18T12:49:03+00:00\" \/>\n<meta property=\"og:image\" content=\"https:\/\/pasitoapasito.es\/wp-content\/uploads\/2024\/11\/1120900431_bbis.jpg\" \/>\n\t<meta property=\"og:image:width\" content=\"1200\" \/>\n\t<meta property=\"og:image:height\" content=\"1200\" \/>\n\t<meta property=\"og:image:type\" content=\"image\/jpeg\" \/>\n<meta name=\"twitter:card\" content=\"summary_large_image\" \/>\n<meta name=\"twitter:label1\" content=\"Dur\u00e9e de lecture estim\u00e9e\" \/>\n\t<meta name=\"twitter:data1\" content=\"1 minute\" \/>\n<script type=\"application\/ld+json\" class=\"yoast-schema-graph\">{\"@context\":\"https:\\\/\\\/schema.org\",\"@graph\":[{\"@type\":\"WebPage\",\"@id\":\"https:\\\/\\\/pasitoapasito.es\\\/produit\\\/guantes-cochecito-paddington-negro\\\/\",\"url\":\"https:\\\/\\\/pasitoapasito.es\\\/produit\\\/guantes-cochecito-paddington-negro\\\/\",\"name\":\"GANTS DE POUSSETTE PADDINGTON NOIR - Pasito a Pasito\",\"isPartOf\":{\"@id\":\"https:\\\/\\\/pasitoapasito.es\\\/fr\\\/#website\"},\"primaryImageOfPage\":{\"@id\":\"https:\\\/\\\/pasitoapasito.es\\\/produit\\\/guantes-cochecito-paddington-negro\\\/#primaryimage\"},\"image\":{\"@id\":\"https:\\\/\\\/pasitoapasito.es\\\/produit\\\/guantes-cochecito-paddington-negro\\\/#primaryimage\"},\"thumbnailUrl\":\"https:\\\/\\\/pasitoapasito.es\\\/wp-content\\\/uploads\\\/2024\\\/11\\\/1120900431_bbis.jpg\",\"datePublished\":\"2024-11-18T12:48:03+00:00\",\"dateModified\":\"2024-11-18T12:49:03+00:00\",\"breadcrumb\":{\"@id\":\"https:\\\/\\\/pasitoapasito.es\\\/produit\\\/guantes-cochecito-paddington-negro\\\/#breadcrumb\"},\"inLanguage\":\"fr-FR\",\"potentialAction\":[{\"@type\":\"ReadAction\",\"target\":[\"https:\\\/\\\/pasitoapasito.es\\\/produit\\\/guantes-cochecito-paddington-negro\\\/\"]}]},{\"@type\":\"ImageObject\",\"inLanguage\":\"fr-FR\",\"@id\":\"https:\\\/\\\/pasitoapasito.es\\\/produit\\\/guantes-cochecito-paddington-negro\\\/#primaryimage\",\"url\":\"https:\\\/\\\/pasitoapasito.es\\\/wp-content\\\/uploads\\\/2024\\\/11\\\/1120900431_bbis.jpg\",\"contentUrl\":\"https:\\\/\\\/pasitoapasito.es\\\/wp-content\\\/uploads\\\/2024\\\/11\\\/1120900431_bbis.jpg\",\"width\":1200,\"height\":1200},{\"@type\":\"BreadcrumbList\",\"@id\":\"https:\\\/\\\/pasitoapasito.es\\\/produit\\\/guantes-cochecito-paddington-negro\\\/#breadcrumb\",\"itemListElement\":[{\"@type\":\"ListItem\",\"position\":1,\"name\":\"Tienda\",\"item\":\"https:\\\/\\\/pasitoapasito.es\\\/tienda\\\/\"},{\"@type\":\"ListItem\",\"position\":2,\"name\":\"GANTS DE POUSSETTE PADDINGTON NOIR\"}]},{\"@type\":\"WebSite\",\"@id\":\"https:\\\/\\\/pasitoapasito.es\\\/fr\\\/#website\",\"url\":\"https:\\\/\\\/pasitoapasito.es\\\/fr\\\/\",\"name\":\"Pasito a Pasito\",\"description\":\"\",\"potentialAction\":[{\"@type\":\"SearchAction\",\"target\":{\"@type\":\"EntryPoint\",\"urlTemplate\":\"https:\\\/\\\/pasitoapasito.es\\\/fr\\\/?s={search_term_string}\"},\"query-input\":{\"@type\":\"PropertyValueSpecification\",\"valueRequired\":true,\"valueName\":\"search_term_string\"}}],\"inLanguage\":\"fr-FR\"}]}<\/script>\n<!-- \/ Yoast SEO plugin. -->","yoast_head_json":{"title":"GANTS DE POUSSETTE PADDINGTON NOIR - Pasito a Pasito","robots":{"index":"index","follow":"follow","max-snippet":"max-snippet:-1","max-image-preview":"max-image-preview:large","max-video-preview":"max-video-preview:-1"},"canonical":"https:\/\/pasitoapasito.es\/produit\/guantes-cochecito-paddington-negro\/","og_locale":"fr_FR","og_type":"article","og_title":"GANTS DE POUSSETTE PADDINGTON NOIR - Pasito a Pasito","og_description":"Les gants de poussette de la collection Paddington en noir de Pasito a Pasito sont l&rsquo;accessoire parfait pour les parents \u00e0 la recherche de style, de confort et de fonctionnalit\u00e9 lors des promenades par temps froid. Fabriqu\u00e9s \u00e0 partir de mat\u00e9riaux de haute qualit\u00e9, ces gants poss\u00e8dent un int\u00e9rieur doux et doubl\u00e9 en polaire, id\u00e9al [&hellip;]","og_url":"https:\/\/pasitoapasito.es\/produit\/guantes-cochecito-paddington-negro\/","og_site_name":"Pasito a Pasito","article_modified_time":"2024-11-18T12:49:03+00:00","og_image":[{"width":1200,"height":1200,"url":"https:\/\/pasitoapasito.es\/wp-content\/uploads\/2024\/11\/1120900431_bbis.jpg","type":"image\/jpeg"}],"twitter_card":"summary_large_image","twitter_misc":{"Dur\u00e9e de lecture estim\u00e9e":"1 minute"},"schema":{"@context":"https:\/\/schema.org","@graph":[{"@type":"WebPage","@id":"https:\/\/pasitoapasito.es\/produit\/guantes-cochecito-paddington-negro\/","url":"https:\/\/pasitoapasito.es\/produit\/guantes-cochecito-paddington-negro\/","name":"GANTS DE POUSSETTE PADDINGTON NOIR - Pasito a Pasito","isPartOf":{"@id":"https:\/\/pasitoapasito.es\/fr\/#website"},"primaryImageOfPage":{"@id":"https:\/\/pasitoapasito.es\/produit\/guantes-cochecito-paddington-negro\/#primaryimage"},"image":{"@id":"https:\/\/pasitoapasito.es\/produit\/guantes-cochecito-paddington-negro\/#primaryimage"},"thumbnailUrl":"https:\/\/pasitoapasito.es\/wp-content\/uploads\/2024\/11\/1120900431_bbis.jpg","datePublished":"2024-11-18T12:48:03+00:00","dateModified":"2024-11-18T12:49:03+00:00","breadcrumb":{"@id":"https:\/\/pasitoapasito.es\/produit\/guantes-cochecito-paddington-negro\/#breadcrumb"},"inLanguage":"fr-FR","potentialAction":[{"@type":"ReadAction","target":["https:\/\/pasitoapasito.es\/produit\/guantes-cochecito-paddington-negro\/"]}]},{"@type":"ImageObject","inLanguage":"fr-FR","@id":"https:\/\/pasitoapasito.es\/produit\/guantes-cochecito-paddington-negro\/#primaryimage","url":"https:\/\/pasitoapasito.es\/wp-content\/uploads\/2024\/11\/1120900431_bbis.jpg","contentUrl":"https:\/\/pasitoapasito.es\/wp-content\/uploads\/2024\/11\/1120900431_bbis.jpg","width":1200,"height":1200},{"@type":"BreadcrumbList","@id":"https:\/\/pasitoapasito.es\/produit\/guantes-cochecito-paddington-negro\/#breadcrumb","itemListElement":[{"@type":"ListItem","position":1,"name":"Tienda","item":"https:\/\/pasitoapasito.es\/tienda\/"},{"@type":"ListItem","position":2,"name":"GANTS DE POUSSETTE PADDINGTON NOIR"}]},{"@type":"WebSite","@id":"https:\/\/pasitoapasito.es\/fr\/#website","url":"https:\/\/pasitoapasito.es\/fr\/","name":"Pasito a Pasito","description":"","potentialAction":[{"@type":"SearchAction","target":{"@type":"EntryPoint","urlTemplate":"https:\/\/pasitoapasito.es\/fr\/?s={search_term_string}"},"query-input":{"@type":"PropertyValueSpecification","valueRequired":true,"valueName":"search_term_string"}}],"inLanguage":"fr-FR"}]}},"_links":{"self":[{"href":"https:\/\/pasitoapasito.es\/fr\/wp-json\/wp\/v2\/product\/38497","targetHints":{"allow":["GET"]}}],"collection":[{"href":"https:\/\/pasitoapasito.es\/fr\/wp-json\/wp\/v2\/product"}],"about":[{"href":"https:\/\/pasitoapasito.es\/fr\/wp-json\/wp\/v2\/types\/product"}],"replies":[{"embeddable":true,"href":"https:\/\/pasitoapasito.es\/fr\/wp-json\/wp\/v2\/comments?post=38497"}],"wp:featuredmedia":[{"embeddable":true,"href":"https:\/\/pasitoapasito.es\/fr\/wp-json\/wp\/v2\/media\/38024"}],"wp:attachment":[{"href":"https:\/\/pasitoapasito.es\/fr\/wp-json\/wp\/v2\/media?parent=38497"}],"wp:term":[{"taxonomy":"colecciones","embeddable":true,"href":"https:\/\/pasitoapasito.es\/fr\/wp-json\/wp\/v2\/colecciones?post=38497"},{"taxonomy":"product_brand","embeddable":true,"href":"https:\/\/pasitoapasito.es\/fr\/wp-json\/wp\/v2\/product_brand?post=38497"},{"taxonomy":"product_cat","embeddable":true,"href":"https:\/\/pasitoapasito.es\/fr\/wp-json\/wp\/v2\/product_cat?post=38497"},{"taxonomy":"product_tag","embeddable":true,"href":"https:\/\/pasitoapasito.es\/fr\/wp-json\/wp\/v2\/product_tag?post=38497"}],"curies":[{"name":"wp","href":"https:\/\/api.w.org\/{rel}","templated":true}]}}