{"id":38496,"date":"2024-11-18T12:48:04","date_gmt":"2024-11-18T12:48:04","guid":{"rendered":"https:\/\/pasitoapasito.es\/?post_type=product&#038;p=38496"},"modified":"2024-11-18T12:49:02","modified_gmt":"2024-11-18T12:49:02","slug":"chanceliere-hiver-paddington-vert","status":"publish","type":"product","link":"https:\/\/pasitoapasito.es\/fr\/produit\/chanceliere-hiver-paddington-vert\/","title":{"rendered":"CHANCELIERE HIVER PADDINGTON VERT"},"content":{"rendered":"<p>Le chanceliere Paddington vert de Pasito a Pasito, fabriqu\u00e9 en mat\u00e9riau matelass\u00e9 durable avec un int\u00e9rieur en peluche tr\u00e8s doux, est id\u00e9al pour couvrir la poussette. Il est con\u00e7u avec une couche de tissu respirant au dos qui isole l&rsquo;humidit\u00e9 et pr\u00e9vient la transpiration excessive, rendant les sorties plus confortables pour le b\u00e9b\u00e9. Le repose-pieds en polyester facilite le nettoyage. Il poss\u00e8de de multiples ouvertures (boutonni\u00e8res) et ajustements pour s&rsquo;adapter \u00e0 la plupart des poussettes, garantissant ainsi un trajet s\u00fbr et confortable pour votre b\u00e9b\u00e9. C&rsquo;est un design beau, simple et confortable qui cr\u00e9e un nid pour votre b\u00e9b\u00e9, le gardant bien au chaud et prot\u00e9g\u00e9 lors des journ\u00e9es fra\u00eeches. Le sac s\u2019adapte facilement \u00e0 n\u2019importe quelle poussette pour offrir le confort dont votre b\u00e9b\u00e9 a besoin. Finitions de qualit\u00e9. Toutes nos housses sont fabriqu\u00e9es selon les normes europ\u00e9ennes les plus strictes, avec des mat\u00e9riaux de haute qualit\u00e9 exempts de colorants azo\u00efques, de phtalates et de substances nocives. Tissu facile \u00e0 nettoyer ; un lavage en machine \u00e0 30\u00ba est recommand\u00e9. Les produits pour b\u00e9b\u00e9 Pasito a Pasito se distinguent par un design unique. Leurs collections se caract\u00e9risent par une attention aux d\u00e9tails, toujours con\u00e7ues d&rsquo;un point de vue pratique. Ils utilisent des mat\u00e9riaux de premi\u00e8re qualit\u00e9 pour mettre en valeur l&rsquo;\u00e9l\u00e9gance et l&rsquo;harmonie de chaque pi\u00e8ce. Nos mod\u00e8les sont exclusifs et au style inimitable, cr\u00e9\u00e9s pour les mamans modernes au bon go\u00fbt qui appr\u00e9cient les d\u00e9tails autant que nous. Sp\u00e9cifications : Mat\u00e9riaux : 100 % polyester. Couleur : Vert. Taille universelle.<\/p>\n","protected":false},"excerpt":{"rendered":"<p>Le chanceliere Paddington vert de Pasito a Pasito, fabriqu\u00e9 en mat\u00e9riau matelass\u00e9 durable avec un int\u00e9rieur en peluche tr\u00e8s doux, est id\u00e9al pour couvrir la poussette. Il est con\u00e7u avec une couche de tissu respirant au dos qui isole l&rsquo;humidit\u00e9 et pr\u00e9vient la transpiration excessive, rendant les sorties plus confortables pour le b\u00e9b\u00e9. Le repose-pieds [&hellip;]<\/p>\n","protected":false},"featured_media":38007,"comment_status":"closed","ping_status":"closed","template":"","meta":{"_acf_changed":false,"inline_featured_image":false},"colecciones":[],"product_brand":[],"product_cat":[147],"product_tag":[],"class_list":{"0":"post-38496","1":"product","2":"type-product","3":"status-publish","4":"has-post-thumbnail","6":"product_cat-assises-et-chancelieres-pour-poussette","8":"first","9":"instock","10":"purchasable","11":"product-type-simple"},"acf":[],"yoast_head":"<!-- This site is optimized with the Yoast SEO plugin v27.5 - https:\/\/yoast.com\/product\/yoast-seo-wordpress\/ -->\n<title>CHANCELIERE HIVER PADDINGTON VERT - Pasito a Pasito<\/title>\n<meta name=\"robots\" content=\"index, follow, max-snippet:-1, max-image-preview:large, max-video-preview:-1\" \/>\n<link rel=\"canonical\" href=\"https:\/\/pasitoapasito.es\/fr\/produit\/chanceliere-hiver-paddington-vert\/\" \/>\n<meta property=\"og:locale\" content=\"fr_FR\" \/>\n<meta property=\"og:type\" content=\"article\" \/>\n<meta property=\"og:title\" content=\"CHANCELIERE HIVER PADDINGTON VERT - Pasito a Pasito\" \/>\n<meta property=\"og:description\" content=\"Le chanceliere Paddington vert de Pasito a Pasito, fabriqu\u00e9 en mat\u00e9riau matelass\u00e9 durable avec un int\u00e9rieur en peluche tr\u00e8s doux, est id\u00e9al pour couvrir la poussette. Il est con\u00e7u avec une couche de tissu respirant au dos qui isole l&rsquo;humidit\u00e9 et pr\u00e9vient la transpiration excessive, rendant les sorties plus confortables pour le b\u00e9b\u00e9. Le repose-pieds [&hellip;]\" \/>\n<meta property=\"og:url\" content=\"https:\/\/pasitoapasito.es\/fr\/produit\/chanceliere-hiver-paddington-vert\/\" \/>\n<meta property=\"og:site_name\" content=\"Pasito a Pasito\" \/>\n<meta property=\"article:modified_time\" content=\"2024-11-18T12:49:02+00:00\" \/>\n<meta property=\"og:image\" content=\"https:\/\/pasitoapasito.es\/wp-content\/uploads\/2024\/11\/1120900430_a.jpg\" \/>\n\t<meta property=\"og:image:width\" content=\"1200\" \/>\n\t<meta property=\"og:image:height\" content=\"1200\" \/>\n\t<meta property=\"og:image:type\" content=\"image\/jpeg\" \/>\n<meta name=\"twitter:card\" content=\"summary_large_image\" \/>\n<meta name=\"twitter:label1\" content=\"Dur\u00e9e de lecture estim\u00e9e\" \/>\n\t<meta name=\"twitter:data1\" content=\"1 minute\" \/>\n<script type=\"application\/ld+json\" class=\"yoast-schema-graph\">{\"@context\":\"https:\\\/\\\/schema.org\",\"@graph\":[{\"@type\":\"WebPage\",\"@id\":\"https:\\\/\\\/pasitoapasito.es\\\/fr\\\/produit\\\/chanceliere-hiver-paddington-vert\\\/\",\"url\":\"https:\\\/\\\/pasitoapasito.es\\\/fr\\\/produit\\\/chanceliere-hiver-paddington-vert\\\/\",\"name\":\"CHANCELIERE HIVER PADDINGTON VERT - Pasito a Pasito\",\"isPartOf\":{\"@id\":\"https:\\\/\\\/pasitoapasito.es\\\/fr\\\/#website\"},\"primaryImageOfPage\":{\"@id\":\"https:\\\/\\\/pasitoapasito.es\\\/fr\\\/produit\\\/chanceliere-hiver-paddington-vert\\\/#primaryimage\"},\"image\":{\"@id\":\"https:\\\/\\\/pasitoapasito.es\\\/fr\\\/produit\\\/chanceliere-hiver-paddington-vert\\\/#primaryimage\"},\"thumbnailUrl\":\"https:\\\/\\\/pasitoapasito.es\\\/wp-content\\\/uploads\\\/2024\\\/11\\\/1120900430_a.jpg\",\"datePublished\":\"2024-11-18T12:48:04+00:00\",\"dateModified\":\"2024-11-18T12:49:02+00:00\",\"breadcrumb\":{\"@id\":\"https:\\\/\\\/pasitoapasito.es\\\/fr\\\/produit\\\/chanceliere-hiver-paddington-vert\\\/#breadcrumb\"},\"inLanguage\":\"fr-FR\",\"potentialAction\":[{\"@type\":\"ReadAction\",\"target\":[\"https:\\\/\\\/pasitoapasito.es\\\/fr\\\/produit\\\/chanceliere-hiver-paddington-vert\\\/\"]}]},{\"@type\":\"ImageObject\",\"inLanguage\":\"fr-FR\",\"@id\":\"https:\\\/\\\/pasitoapasito.es\\\/fr\\\/produit\\\/chanceliere-hiver-paddington-vert\\\/#primaryimage\",\"url\":\"https:\\\/\\\/pasitoapasito.es\\\/wp-content\\\/uploads\\\/2024\\\/11\\\/1120900430_a.jpg\",\"contentUrl\":\"https:\\\/\\\/pasitoapasito.es\\\/wp-content\\\/uploads\\\/2024\\\/11\\\/1120900430_a.jpg\",\"width\":1200,\"height\":1200},{\"@type\":\"BreadcrumbList\",\"@id\":\"https:\\\/\\\/pasitoapasito.es\\\/fr\\\/produit\\\/chanceliere-hiver-paddington-vert\\\/#breadcrumb\",\"itemListElement\":[{\"@type\":\"ListItem\",\"position\":1,\"name\":\"Tienda\",\"item\":\"https:\\\/\\\/pasitoapasito.es\\\/tienda\\\/\"},{\"@type\":\"ListItem\",\"position\":2,\"name\":\"CHANCELIERE HIVER PADDINGTON VERT\"}]},{\"@type\":\"WebSite\",\"@id\":\"https:\\\/\\\/pasitoapasito.es\\\/fr\\\/#website\",\"url\":\"https:\\\/\\\/pasitoapasito.es\\\/fr\\\/\",\"name\":\"Pasito a Pasito\",\"description\":\"\",\"potentialAction\":[{\"@type\":\"SearchAction\",\"target\":{\"@type\":\"EntryPoint\",\"urlTemplate\":\"https:\\\/\\\/pasitoapasito.es\\\/fr\\\/?s={search_term_string}\"},\"query-input\":{\"@type\":\"PropertyValueSpecification\",\"valueRequired\":true,\"valueName\":\"search_term_string\"}}],\"inLanguage\":\"fr-FR\"}]}<\/script>\n<!-- \/ Yoast SEO plugin. -->","yoast_head_json":{"title":"CHANCELIERE HIVER PADDINGTON VERT - Pasito a Pasito","robots":{"index":"index","follow":"follow","max-snippet":"max-snippet:-1","max-image-preview":"max-image-preview:large","max-video-preview":"max-video-preview:-1"},"canonical":"https:\/\/pasitoapasito.es\/fr\/produit\/chanceliere-hiver-paddington-vert\/","og_locale":"fr_FR","og_type":"article","og_title":"CHANCELIERE HIVER PADDINGTON VERT - Pasito a Pasito","og_description":"Le chanceliere Paddington vert de Pasito a Pasito, fabriqu\u00e9 en mat\u00e9riau matelass\u00e9 durable avec un int\u00e9rieur en peluche tr\u00e8s doux, est id\u00e9al pour couvrir la poussette. Il est con\u00e7u avec une couche de tissu respirant au dos qui isole l&rsquo;humidit\u00e9 et pr\u00e9vient la transpiration excessive, rendant les sorties plus confortables pour le b\u00e9b\u00e9. Le repose-pieds [&hellip;]","og_url":"https:\/\/pasitoapasito.es\/fr\/produit\/chanceliere-hiver-paddington-vert\/","og_site_name":"Pasito a Pasito","article_modified_time":"2024-11-18T12:49:02+00:00","og_image":[{"width":1200,"height":1200,"url":"https:\/\/pasitoapasito.es\/wp-content\/uploads\/2024\/11\/1120900430_a.jpg","type":"image\/jpeg"}],"twitter_card":"summary_large_image","twitter_misc":{"Dur\u00e9e de lecture estim\u00e9e":"1 minute"},"schema":{"@context":"https:\/\/schema.org","@graph":[{"@type":"WebPage","@id":"https:\/\/pasitoapasito.es\/fr\/produit\/chanceliere-hiver-paddington-vert\/","url":"https:\/\/pasitoapasito.es\/fr\/produit\/chanceliere-hiver-paddington-vert\/","name":"CHANCELIERE HIVER PADDINGTON VERT - Pasito a Pasito","isPartOf":{"@id":"https:\/\/pasitoapasito.es\/fr\/#website"},"primaryImageOfPage":{"@id":"https:\/\/pasitoapasito.es\/fr\/produit\/chanceliere-hiver-paddington-vert\/#primaryimage"},"image":{"@id":"https:\/\/pasitoapasito.es\/fr\/produit\/chanceliere-hiver-paddington-vert\/#primaryimage"},"thumbnailUrl":"https:\/\/pasitoapasito.es\/wp-content\/uploads\/2024\/11\/1120900430_a.jpg","datePublished":"2024-11-18T12:48:04+00:00","dateModified":"2024-11-18T12:49:02+00:00","breadcrumb":{"@id":"https:\/\/pasitoapasito.es\/fr\/produit\/chanceliere-hiver-paddington-vert\/#breadcrumb"},"inLanguage":"fr-FR","potentialAction":[{"@type":"ReadAction","target":["https:\/\/pasitoapasito.es\/fr\/produit\/chanceliere-hiver-paddington-vert\/"]}]},{"@type":"ImageObject","inLanguage":"fr-FR","@id":"https:\/\/pasitoapasito.es\/fr\/produit\/chanceliere-hiver-paddington-vert\/#primaryimage","url":"https:\/\/pasitoapasito.es\/wp-content\/uploads\/2024\/11\/1120900430_a.jpg","contentUrl":"https:\/\/pasitoapasito.es\/wp-content\/uploads\/2024\/11\/1120900430_a.jpg","width":1200,"height":1200},{"@type":"BreadcrumbList","@id":"https:\/\/pasitoapasito.es\/fr\/produit\/chanceliere-hiver-paddington-vert\/#breadcrumb","itemListElement":[{"@type":"ListItem","position":1,"name":"Tienda","item":"https:\/\/pasitoapasito.es\/tienda\/"},{"@type":"ListItem","position":2,"name":"CHANCELIERE HIVER PADDINGTON VERT"}]},{"@type":"WebSite","@id":"https:\/\/pasitoapasito.es\/fr\/#website","url":"https:\/\/pasitoapasito.es\/fr\/","name":"Pasito a Pasito","description":"","potentialAction":[{"@type":"SearchAction","target":{"@type":"EntryPoint","urlTemplate":"https:\/\/pasitoapasito.es\/fr\/?s={search_term_string}"},"query-input":{"@type":"PropertyValueSpecification","valueRequired":true,"valueName":"search_term_string"}}],"inLanguage":"fr-FR"}]}},"_links":{"self":[{"href":"https:\/\/pasitoapasito.es\/fr\/wp-json\/wp\/v2\/product\/38496","targetHints":{"allow":["GET"]}}],"collection":[{"href":"https:\/\/pasitoapasito.es\/fr\/wp-json\/wp\/v2\/product"}],"about":[{"href":"https:\/\/pasitoapasito.es\/fr\/wp-json\/wp\/v2\/types\/product"}],"replies":[{"embeddable":true,"href":"https:\/\/pasitoapasito.es\/fr\/wp-json\/wp\/v2\/comments?post=38496"}],"wp:featuredmedia":[{"embeddable":true,"href":"https:\/\/pasitoapasito.es\/fr\/wp-json\/wp\/v2\/media\/38007"}],"wp:attachment":[{"href":"https:\/\/pasitoapasito.es\/fr\/wp-json\/wp\/v2\/media?parent=38496"}],"wp:term":[{"taxonomy":"colecciones","embeddable":true,"href":"https:\/\/pasitoapasito.es\/fr\/wp-json\/wp\/v2\/colecciones?post=38496"},{"taxonomy":"product_brand","embeddable":true,"href":"https:\/\/pasitoapasito.es\/fr\/wp-json\/wp\/v2\/product_brand?post=38496"},{"taxonomy":"product_cat","embeddable":true,"href":"https:\/\/pasitoapasito.es\/fr\/wp-json\/wp\/v2\/product_cat?post=38496"},{"taxonomy":"product_tag","embeddable":true,"href":"https:\/\/pasitoapasito.es\/fr\/wp-json\/wp\/v2\/product_tag?post=38496"}],"curies":[{"name":"wp","href":"https:\/\/api.w.org\/{rel}","templated":true}]}}