{"id":38492,"date":"2024-11-18T12:48:04","date_gmt":"2024-11-18T12:48:04","guid":{"rendered":"https:\/\/pasitoapasito.es\/?post_type=product&#038;p=38492"},"modified":"2024-11-18T12:49:03","modified_gmt":"2024-11-18T12:49:03","slug":"protege-carnet-de-sante-paddington-vert","status":"publish","type":"product","link":"https:\/\/pasitoapasito.es\/fr\/produit\/protege-carnet-de-sante-paddington-vert\/","title":{"rendered":"PROTEGE CARNET DE SANT\u00c9 PADDINGTON VERT"},"content":{"rendered":"<p>Cette pochette moderne et \u00e9l\u00e9gante vert pour documents de b\u00e9b\u00e9 Paddington de Pasito a Pasito, fabriqu\u00e9e en mat\u00e9riau matelass\u00e9 durable, est un porte-documents fonctionnel con\u00e7u pour s\u2019assortir au sac de maternit\u00e9. Un accessoire indispensable \u00e0 emporter partout avec vous, elle vous aide \u00e0 garder tous les documents et papiers m\u00e9dicaux de votre b\u00e9b\u00e9 bien organis\u00e9s. Elle est aussi id\u00e9ale comme livre pour conserver les carnets de suivi, les informations importantes et tout ce que vous souhaitez garder en lien avec votre b\u00e9b\u00e9. Ce porte-documents est fait d&rsquo;un mat\u00e9riau r\u00e9sistant et doux, avec des poches de chaque c\u00f4t\u00e9 et une doublure int\u00e9rieure. Il est dot\u00e9 d\u2019une fermeture \u00e9clair pratique pour ranger en toute s\u00e9curit\u00e9 l\u2019acte de naissance et tous les documents de votre b\u00e9b\u00e9. Finitions de qualit\u00e9. Confectionn\u00e9 avec des mat\u00e9riaux de haute qualit\u00e9, il est exempt de colorants azo\u00efques, de phtalates et de substances nocives pour la sant\u00e9. Il peut \u00e9galement \u00eatre lav\u00e9 \u00e0 la main ou en machine \u00e0 des temp\u00e9ratures allant jusqu\u2019\u00e0 30\u00b0C. Les produits pour b\u00e9b\u00e9 de Pasito a Pasito se distinguent par un design unique, diff\u00e9rent de tous les autres. Leurs collections sont caract\u00e9ris\u00e9es par un savoir-faire d\u00e9taill\u00e9, toujours avec la praticit\u00e9 en t\u00eate. Ils utilisent des mat\u00e9riaux de premi\u00e8re qualit\u00e9 pour mettre en valeur l\u2019\u00e9l\u00e9gance et l\u2019harmonie de chaque pi\u00e8ce. Nos mod\u00e8les sont exclusifs et d\u2019un style inimitable, con\u00e7us pour les mamans modernes au bon go\u00fbt qui appr\u00e9cient les d\u00e9tails autant que nous. Sp\u00e9cifications :<br \/>\nMati\u00e8re : 100 % polyester. Dimensions : 17 x 25 x 2 cm.<\/p>\n","protected":false},"excerpt":{"rendered":"<p>Cette pochette moderne et \u00e9l\u00e9gante vert pour documents de b\u00e9b\u00e9 Paddington de Pasito a Pasito, fabriqu\u00e9e en mat\u00e9riau matelass\u00e9 durable, est un porte-documents fonctionnel con\u00e7u pour s\u2019assortir au sac de maternit\u00e9. Un accessoire indispensable \u00e0 emporter partout avec vous, elle vous aide \u00e0 garder tous les documents et papiers m\u00e9dicaux de votre b\u00e9b\u00e9 bien organis\u00e9s. [&hellip;]<\/p>\n","protected":false},"featured_media":37931,"comment_status":"closed","ping_status":"closed","template":"","meta":{"_acf_changed":false,"inline_featured_image":false},"colecciones":[],"product_brand":[],"product_cat":[257],"product_tag":[],"class_list":{"0":"post-38492","1":"product","2":"type-product","3":"status-publish","4":"has-post-thumbnail","6":"product_cat-special-prices-fr","8":"first","9":"instock","10":"purchasable","11":"product-type-simple"},"acf":[],"yoast_head":"<!-- This site is optimized with the Yoast SEO plugin v27.4 - https:\/\/yoast.com\/product\/yoast-seo-wordpress\/ -->\n<title>PROTEGE CARNET DE SANT\u00c9 PADDINGTON VERT - Pasito a Pasito<\/title>\n<meta name=\"robots\" content=\"index, follow, max-snippet:-1, max-image-preview:large, max-video-preview:-1\" \/>\n<link rel=\"canonical\" href=\"https:\/\/pasitoapasito.es\/fr\/produit\/protege-carnet-de-sante-paddington-vert\/\" \/>\n<meta property=\"og:locale\" content=\"fr_FR\" \/>\n<meta property=\"og:type\" content=\"article\" \/>\n<meta property=\"og:title\" content=\"PROTEGE CARNET DE SANT\u00c9 PADDINGTON VERT - Pasito a Pasito\" \/>\n<meta property=\"og:description\" content=\"Cette pochette moderne et \u00e9l\u00e9gante vert pour documents de b\u00e9b\u00e9 Paddington de Pasito a Pasito, fabriqu\u00e9e en mat\u00e9riau matelass\u00e9 durable, est un porte-documents fonctionnel con\u00e7u pour s\u2019assortir au sac de maternit\u00e9. Un accessoire indispensable \u00e0 emporter partout avec vous, elle vous aide \u00e0 garder tous les documents et papiers m\u00e9dicaux de votre b\u00e9b\u00e9 bien organis\u00e9s. [&hellip;]\" \/>\n<meta property=\"og:url\" content=\"https:\/\/pasitoapasito.es\/fr\/produit\/protege-carnet-de-sante-paddington-vert\/\" \/>\n<meta property=\"og:site_name\" content=\"Pasito a Pasito\" \/>\n<meta property=\"article:modified_time\" content=\"2024-11-18T12:49:03+00:00\" \/>\n<meta property=\"og:image\" content=\"https:\/\/pasitoapasito.es\/wp-content\/uploads\/2024\/11\/1120900424_a.jpg\" \/>\n\t<meta property=\"og:image:width\" content=\"1200\" \/>\n\t<meta property=\"og:image:height\" content=\"1200\" \/>\n\t<meta property=\"og:image:type\" content=\"image\/jpeg\" \/>\n<meta name=\"twitter:card\" content=\"summary_large_image\" \/>\n<meta name=\"twitter:label1\" content=\"Dur\u00e9e de lecture estim\u00e9e\" \/>\n\t<meta name=\"twitter:data1\" content=\"1 minute\" \/>\n<script type=\"application\/ld+json\" class=\"yoast-schema-graph\">{\"@context\":\"https:\\\/\\\/schema.org\",\"@graph\":[{\"@type\":\"WebPage\",\"@id\":\"https:\\\/\\\/pasitoapasito.es\\\/fr\\\/produit\\\/protege-carnet-de-sante-paddington-vert\\\/\",\"url\":\"https:\\\/\\\/pasitoapasito.es\\\/fr\\\/produit\\\/protege-carnet-de-sante-paddington-vert\\\/\",\"name\":\"PROTEGE CARNET DE SANT\u00c9 PADDINGTON VERT - Pasito a Pasito\",\"isPartOf\":{\"@id\":\"https:\\\/\\\/pasitoapasito.es\\\/fr\\\/#website\"},\"primaryImageOfPage\":{\"@id\":\"https:\\\/\\\/pasitoapasito.es\\\/fr\\\/produit\\\/protege-carnet-de-sante-paddington-vert\\\/#primaryimage\"},\"image\":{\"@id\":\"https:\\\/\\\/pasitoapasito.es\\\/fr\\\/produit\\\/protege-carnet-de-sante-paddington-vert\\\/#primaryimage\"},\"thumbnailUrl\":\"https:\\\/\\\/pasitoapasito.es\\\/wp-content\\\/uploads\\\/2024\\\/11\\\/1120900424_a.jpg\",\"datePublished\":\"2024-11-18T12:48:04+00:00\",\"dateModified\":\"2024-11-18T12:49:03+00:00\",\"breadcrumb\":{\"@id\":\"https:\\\/\\\/pasitoapasito.es\\\/fr\\\/produit\\\/protege-carnet-de-sante-paddington-vert\\\/#breadcrumb\"},\"inLanguage\":\"fr-FR\",\"potentialAction\":[{\"@type\":\"ReadAction\",\"target\":[\"https:\\\/\\\/pasitoapasito.es\\\/fr\\\/produit\\\/protege-carnet-de-sante-paddington-vert\\\/\"]}]},{\"@type\":\"ImageObject\",\"inLanguage\":\"fr-FR\",\"@id\":\"https:\\\/\\\/pasitoapasito.es\\\/fr\\\/produit\\\/protege-carnet-de-sante-paddington-vert\\\/#primaryimage\",\"url\":\"https:\\\/\\\/pasitoapasito.es\\\/wp-content\\\/uploads\\\/2024\\\/11\\\/1120900424_a.jpg\",\"contentUrl\":\"https:\\\/\\\/pasitoapasito.es\\\/wp-content\\\/uploads\\\/2024\\\/11\\\/1120900424_a.jpg\",\"width\":1200,\"height\":1200},{\"@type\":\"BreadcrumbList\",\"@id\":\"https:\\\/\\\/pasitoapasito.es\\\/fr\\\/produit\\\/protege-carnet-de-sante-paddington-vert\\\/#breadcrumb\",\"itemListElement\":[{\"@type\":\"ListItem\",\"position\":1,\"name\":\"Tienda\",\"item\":\"https:\\\/\\\/pasitoapasito.es\\\/tienda\\\/\"},{\"@type\":\"ListItem\",\"position\":2,\"name\":\"PROTEGE CARNET DE SANT\u00c9 PADDINGTON VERT\"}]},{\"@type\":\"WebSite\",\"@id\":\"https:\\\/\\\/pasitoapasito.es\\\/fr\\\/#website\",\"url\":\"https:\\\/\\\/pasitoapasito.es\\\/fr\\\/\",\"name\":\"Pasito a Pasito\",\"description\":\"\",\"potentialAction\":[{\"@type\":\"SearchAction\",\"target\":{\"@type\":\"EntryPoint\",\"urlTemplate\":\"https:\\\/\\\/pasitoapasito.es\\\/fr\\\/?s={search_term_string}\"},\"query-input\":{\"@type\":\"PropertyValueSpecification\",\"valueRequired\":true,\"valueName\":\"search_term_string\"}}],\"inLanguage\":\"fr-FR\"}]}<\/script>\n<!-- \/ Yoast SEO plugin. -->","yoast_head_json":{"title":"PROTEGE CARNET DE SANT\u00c9 PADDINGTON VERT - Pasito a Pasito","robots":{"index":"index","follow":"follow","max-snippet":"max-snippet:-1","max-image-preview":"max-image-preview:large","max-video-preview":"max-video-preview:-1"},"canonical":"https:\/\/pasitoapasito.es\/fr\/produit\/protege-carnet-de-sante-paddington-vert\/","og_locale":"fr_FR","og_type":"article","og_title":"PROTEGE CARNET DE SANT\u00c9 PADDINGTON VERT - Pasito a Pasito","og_description":"Cette pochette moderne et \u00e9l\u00e9gante vert pour documents de b\u00e9b\u00e9 Paddington de Pasito a Pasito, fabriqu\u00e9e en mat\u00e9riau matelass\u00e9 durable, est un porte-documents fonctionnel con\u00e7u pour s\u2019assortir au sac de maternit\u00e9. Un accessoire indispensable \u00e0 emporter partout avec vous, elle vous aide \u00e0 garder tous les documents et papiers m\u00e9dicaux de votre b\u00e9b\u00e9 bien organis\u00e9s. [&hellip;]","og_url":"https:\/\/pasitoapasito.es\/fr\/produit\/protege-carnet-de-sante-paddington-vert\/","og_site_name":"Pasito a Pasito","article_modified_time":"2024-11-18T12:49:03+00:00","og_image":[{"width":1200,"height":1200,"url":"https:\/\/pasitoapasito.es\/wp-content\/uploads\/2024\/11\/1120900424_a.jpg","type":"image\/jpeg"}],"twitter_card":"summary_large_image","twitter_misc":{"Dur\u00e9e de lecture estim\u00e9e":"1 minute"},"schema":{"@context":"https:\/\/schema.org","@graph":[{"@type":"WebPage","@id":"https:\/\/pasitoapasito.es\/fr\/produit\/protege-carnet-de-sante-paddington-vert\/","url":"https:\/\/pasitoapasito.es\/fr\/produit\/protege-carnet-de-sante-paddington-vert\/","name":"PROTEGE CARNET DE SANT\u00c9 PADDINGTON VERT - Pasito a Pasito","isPartOf":{"@id":"https:\/\/pasitoapasito.es\/fr\/#website"},"primaryImageOfPage":{"@id":"https:\/\/pasitoapasito.es\/fr\/produit\/protege-carnet-de-sante-paddington-vert\/#primaryimage"},"image":{"@id":"https:\/\/pasitoapasito.es\/fr\/produit\/protege-carnet-de-sante-paddington-vert\/#primaryimage"},"thumbnailUrl":"https:\/\/pasitoapasito.es\/wp-content\/uploads\/2024\/11\/1120900424_a.jpg","datePublished":"2024-11-18T12:48:04+00:00","dateModified":"2024-11-18T12:49:03+00:00","breadcrumb":{"@id":"https:\/\/pasitoapasito.es\/fr\/produit\/protege-carnet-de-sante-paddington-vert\/#breadcrumb"},"inLanguage":"fr-FR","potentialAction":[{"@type":"ReadAction","target":["https:\/\/pasitoapasito.es\/fr\/produit\/protege-carnet-de-sante-paddington-vert\/"]}]},{"@type":"ImageObject","inLanguage":"fr-FR","@id":"https:\/\/pasitoapasito.es\/fr\/produit\/protege-carnet-de-sante-paddington-vert\/#primaryimage","url":"https:\/\/pasitoapasito.es\/wp-content\/uploads\/2024\/11\/1120900424_a.jpg","contentUrl":"https:\/\/pasitoapasito.es\/wp-content\/uploads\/2024\/11\/1120900424_a.jpg","width":1200,"height":1200},{"@type":"BreadcrumbList","@id":"https:\/\/pasitoapasito.es\/fr\/produit\/protege-carnet-de-sante-paddington-vert\/#breadcrumb","itemListElement":[{"@type":"ListItem","position":1,"name":"Tienda","item":"https:\/\/pasitoapasito.es\/tienda\/"},{"@type":"ListItem","position":2,"name":"PROTEGE CARNET DE SANT\u00c9 PADDINGTON VERT"}]},{"@type":"WebSite","@id":"https:\/\/pasitoapasito.es\/fr\/#website","url":"https:\/\/pasitoapasito.es\/fr\/","name":"Pasito a Pasito","description":"","potentialAction":[{"@type":"SearchAction","target":{"@type":"EntryPoint","urlTemplate":"https:\/\/pasitoapasito.es\/fr\/?s={search_term_string}"},"query-input":{"@type":"PropertyValueSpecification","valueRequired":true,"valueName":"search_term_string"}}],"inLanguage":"fr-FR"}]}},"_links":{"self":[{"href":"https:\/\/pasitoapasito.es\/fr\/wp-json\/wp\/v2\/product\/38492","targetHints":{"allow":["GET"]}}],"collection":[{"href":"https:\/\/pasitoapasito.es\/fr\/wp-json\/wp\/v2\/product"}],"about":[{"href":"https:\/\/pasitoapasito.es\/fr\/wp-json\/wp\/v2\/types\/product"}],"replies":[{"embeddable":true,"href":"https:\/\/pasitoapasito.es\/fr\/wp-json\/wp\/v2\/comments?post=38492"}],"wp:featuredmedia":[{"embeddable":true,"href":"https:\/\/pasitoapasito.es\/fr\/wp-json\/wp\/v2\/media\/37931"}],"wp:attachment":[{"href":"https:\/\/pasitoapasito.es\/fr\/wp-json\/wp\/v2\/media?parent=38492"}],"wp:term":[{"taxonomy":"colecciones","embeddable":true,"href":"https:\/\/pasitoapasito.es\/fr\/wp-json\/wp\/v2\/colecciones?post=38492"},{"taxonomy":"product_brand","embeddable":true,"href":"https:\/\/pasitoapasito.es\/fr\/wp-json\/wp\/v2\/product_brand?post=38492"},{"taxonomy":"product_cat","embeddable":true,"href":"https:\/\/pasitoapasito.es\/fr\/wp-json\/wp\/v2\/product_cat?post=38492"},{"taxonomy":"product_tag","embeddable":true,"href":"https:\/\/pasitoapasito.es\/fr\/wp-json\/wp\/v2\/product_tag?post=38492"}],"curies":[{"name":"wp","href":"https:\/\/api.w.org\/{rel}","templated":true}]}}