{"id":38490,"date":"2024-11-18T12:48:06","date_gmt":"2024-11-18T12:48:06","guid":{"rendered":"https:\/\/pasitoapasito.es\/?post_type=product&#038;p=38490"},"modified":"2024-11-18T12:49:00","modified_gmt":"2024-11-18T12:49:00","slug":"trousse-de-toilette-paddington-vert","status":"publish","type":"product","link":"https:\/\/pasitoapasito.es\/fr\/produit\/trousse-de-toilette-paddington-vert\/","title":{"rendered":"TROUSSE DE TOILETTE PADDINGTON VERT"},"content":{"rendered":"<p>La trousse de toilette pour b\u00e9b\u00e9 Paddington vert de Pasito a Pasito, fabriqu\u00e9e en mat\u00e9riau matelass\u00e9 durable, est un petit sac sp\u00e9cialement con\u00e7u pour transporter tous les produits d&rsquo;hygi\u00e8ne de b\u00e9b\u00e9 lors des sorties. C&rsquo;est un mod\u00e8le unique et \u00e9l\u00e9gant adapt\u00e9 \u00e0 vos besoins. Son design est joli, simple et pratique, offrant un espace petit mais pr\u00e9cis pour emporter exactement ce dont vous avez besoin pour l&rsquo;hygi\u00e8ne de votre b\u00e9b\u00e9 : peigne, lotions et autres petits objets qui peuvent parfois se perdre dans le sac \u00e0 langer. Il dispose d&rsquo;une fermeture \u00e9clair facile \u00e0 ouvrir et de finitions de qualit\u00e9. Fabriqu\u00e9 avec des mat\u00e9riaux de haute qualit\u00e9, il est exempt de colorants azo\u00efques, de phtalates et de substances nocives pour la sant\u00e9. De plus, il peut \u00eatre lav\u00e9 \u00e0 la main ou en machine \u00e0 des temp\u00e9ratures allant jusqu&rsquo;\u00e0 30\u00baC. Les produits pour b\u00e9b\u00e9 de Pasito a Pasito se distinguent par un design unique. Leurs collections sont caract\u00e9ris\u00e9es par un travail artisanal d\u00e9taill\u00e9, toujours pens\u00e9 dans une optique de praticit\u00e9. Ils utilisent des mat\u00e9riaux de haute qualit\u00e9 pour mettre en valeur l&rsquo;\u00e9l\u00e9gance et l&rsquo;harmonie de chaque pi\u00e8ce. Nos mod\u00e8les sont exclusifs et d&rsquo;un style inimitable, con\u00e7us pour les m\u00e8res modernes qui ont bon go\u00fbt et qui appr\u00e9cient les d\u00e9tails autant que nous. Sp\u00e9cifications : Mat\u00e9riaux : 100 % polyester. Dimensions : 30 x 18 x 14 cm.<\/p>\n","protected":false},"excerpt":{"rendered":"<p>La trousse de toilette pour b\u00e9b\u00e9 Paddington vert de Pasito a Pasito, fabriqu\u00e9e en mat\u00e9riau matelass\u00e9 durable, est un petit sac sp\u00e9cialement con\u00e7u pour transporter tous les produits d&rsquo;hygi\u00e8ne de b\u00e9b\u00e9 lors des sorties. C&rsquo;est un mod\u00e8le unique et \u00e9l\u00e9gant adapt\u00e9 \u00e0 vos besoins. Son design est joli, simple et pratique, offrant un espace petit [&hellip;]<\/p>\n","protected":false},"featured_media":37893,"comment_status":"closed","ping_status":"closed","template":"","meta":{"_acf_changed":false,"inline_featured_image":false},"colecciones":[],"product_brand":[],"product_cat":[257],"product_tag":[],"class_list":{"0":"post-38490","1":"product","2":"type-product","3":"status-publish","4":"has-post-thumbnail","6":"product_cat-special-prices-fr","8":"first","9":"instock","10":"purchasable","11":"product-type-simple"},"acf":[],"yoast_head":"<!-- This site is optimized with the Yoast SEO plugin v27.4 - https:\/\/yoast.com\/product\/yoast-seo-wordpress\/ -->\n<title>TROUSSE DE TOILETTE PADDINGTON VERT - Pasito a Pasito<\/title>\n<meta name=\"robots\" content=\"index, follow, max-snippet:-1, max-image-preview:large, max-video-preview:-1\" \/>\n<link rel=\"canonical\" href=\"https:\/\/pasitoapasito.es\/produit\/neceser-paddington-verde\/\" \/>\n<meta property=\"og:locale\" content=\"fr_FR\" \/>\n<meta property=\"og:type\" content=\"article\" \/>\n<meta property=\"og:title\" content=\"TROUSSE DE TOILETTE PADDINGTON VERT - Pasito a Pasito\" \/>\n<meta property=\"og:description\" content=\"La trousse de toilette pour b\u00e9b\u00e9 Paddington vert de Pasito a Pasito, fabriqu\u00e9e en mat\u00e9riau matelass\u00e9 durable, est un petit sac sp\u00e9cialement con\u00e7u pour transporter tous les produits d&rsquo;hygi\u00e8ne de b\u00e9b\u00e9 lors des sorties. C&rsquo;est un mod\u00e8le unique et \u00e9l\u00e9gant adapt\u00e9 \u00e0 vos besoins. Son design est joli, simple et pratique, offrant un espace petit [&hellip;]\" \/>\n<meta property=\"og:url\" content=\"https:\/\/pasitoapasito.es\/produit\/neceser-paddington-verde\/\" \/>\n<meta property=\"og:site_name\" content=\"Pasito a Pasito\" \/>\n<meta property=\"article:modified_time\" content=\"2024-11-18T12:49:00+00:00\" \/>\n<meta property=\"og:image\" content=\"https:\/\/pasitoapasito.es\/wp-content\/uploads\/2024\/11\/1120900422_a.jpg\" \/>\n\t<meta property=\"og:image:width\" content=\"1200\" \/>\n\t<meta property=\"og:image:height\" content=\"1200\" \/>\n\t<meta property=\"og:image:type\" content=\"image\/jpeg\" \/>\n<meta name=\"twitter:card\" content=\"summary_large_image\" \/>\n<meta name=\"twitter:label1\" content=\"Dur\u00e9e de lecture estim\u00e9e\" \/>\n\t<meta name=\"twitter:data1\" content=\"1 minute\" \/>\n<script type=\"application\/ld+json\" class=\"yoast-schema-graph\">{\"@context\":\"https:\\\/\\\/schema.org\",\"@graph\":[{\"@type\":\"WebPage\",\"@id\":\"https:\\\/\\\/pasitoapasito.es\\\/produit\\\/neceser-paddington-verde\\\/\",\"url\":\"https:\\\/\\\/pasitoapasito.es\\\/produit\\\/neceser-paddington-verde\\\/\",\"name\":\"TROUSSE DE TOILETTE PADDINGTON VERT - Pasito a Pasito\",\"isPartOf\":{\"@id\":\"https:\\\/\\\/pasitoapasito.es\\\/fr\\\/#website\"},\"primaryImageOfPage\":{\"@id\":\"https:\\\/\\\/pasitoapasito.es\\\/produit\\\/neceser-paddington-verde\\\/#primaryimage\"},\"image\":{\"@id\":\"https:\\\/\\\/pasitoapasito.es\\\/produit\\\/neceser-paddington-verde\\\/#primaryimage\"},\"thumbnailUrl\":\"https:\\\/\\\/pasitoapasito.es\\\/wp-content\\\/uploads\\\/2024\\\/11\\\/1120900422_a.jpg\",\"datePublished\":\"2024-11-18T12:48:06+00:00\",\"dateModified\":\"2024-11-18T12:49:00+00:00\",\"breadcrumb\":{\"@id\":\"https:\\\/\\\/pasitoapasito.es\\\/produit\\\/neceser-paddington-verde\\\/#breadcrumb\"},\"inLanguage\":\"fr-FR\",\"potentialAction\":[{\"@type\":\"ReadAction\",\"target\":[\"https:\\\/\\\/pasitoapasito.es\\\/produit\\\/neceser-paddington-verde\\\/\"]}]},{\"@type\":\"ImageObject\",\"inLanguage\":\"fr-FR\",\"@id\":\"https:\\\/\\\/pasitoapasito.es\\\/produit\\\/neceser-paddington-verde\\\/#primaryimage\",\"url\":\"https:\\\/\\\/pasitoapasito.es\\\/wp-content\\\/uploads\\\/2024\\\/11\\\/1120900422_a.jpg\",\"contentUrl\":\"https:\\\/\\\/pasitoapasito.es\\\/wp-content\\\/uploads\\\/2024\\\/11\\\/1120900422_a.jpg\",\"width\":1200,\"height\":1200},{\"@type\":\"BreadcrumbList\",\"@id\":\"https:\\\/\\\/pasitoapasito.es\\\/produit\\\/neceser-paddington-verde\\\/#breadcrumb\",\"itemListElement\":[{\"@type\":\"ListItem\",\"position\":1,\"name\":\"Tienda\",\"item\":\"https:\\\/\\\/pasitoapasito.es\\\/tienda\\\/\"},{\"@type\":\"ListItem\",\"position\":2,\"name\":\"TROUSSE DE TOILETTE PADDINGTON VERT\"}]},{\"@type\":\"WebSite\",\"@id\":\"https:\\\/\\\/pasitoapasito.es\\\/fr\\\/#website\",\"url\":\"https:\\\/\\\/pasitoapasito.es\\\/fr\\\/\",\"name\":\"Pasito a Pasito\",\"description\":\"\",\"potentialAction\":[{\"@type\":\"SearchAction\",\"target\":{\"@type\":\"EntryPoint\",\"urlTemplate\":\"https:\\\/\\\/pasitoapasito.es\\\/fr\\\/?s={search_term_string}\"},\"query-input\":{\"@type\":\"PropertyValueSpecification\",\"valueRequired\":true,\"valueName\":\"search_term_string\"}}],\"inLanguage\":\"fr-FR\"}]}<\/script>\n<!-- \/ Yoast SEO plugin. -->","yoast_head_json":{"title":"TROUSSE DE TOILETTE PADDINGTON VERT - Pasito a Pasito","robots":{"index":"index","follow":"follow","max-snippet":"max-snippet:-1","max-image-preview":"max-image-preview:large","max-video-preview":"max-video-preview:-1"},"canonical":"https:\/\/pasitoapasito.es\/produit\/neceser-paddington-verde\/","og_locale":"fr_FR","og_type":"article","og_title":"TROUSSE DE TOILETTE PADDINGTON VERT - Pasito a Pasito","og_description":"La trousse de toilette pour b\u00e9b\u00e9 Paddington vert de Pasito a Pasito, fabriqu\u00e9e en mat\u00e9riau matelass\u00e9 durable, est un petit sac sp\u00e9cialement con\u00e7u pour transporter tous les produits d&rsquo;hygi\u00e8ne de b\u00e9b\u00e9 lors des sorties. C&rsquo;est un mod\u00e8le unique et \u00e9l\u00e9gant adapt\u00e9 \u00e0 vos besoins. Son design est joli, simple et pratique, offrant un espace petit [&hellip;]","og_url":"https:\/\/pasitoapasito.es\/produit\/neceser-paddington-verde\/","og_site_name":"Pasito a Pasito","article_modified_time":"2024-11-18T12:49:00+00:00","og_image":[{"width":1200,"height":1200,"url":"https:\/\/pasitoapasito.es\/wp-content\/uploads\/2024\/11\/1120900422_a.jpg","type":"image\/jpeg"}],"twitter_card":"summary_large_image","twitter_misc":{"Dur\u00e9e de lecture estim\u00e9e":"1 minute"},"schema":{"@context":"https:\/\/schema.org","@graph":[{"@type":"WebPage","@id":"https:\/\/pasitoapasito.es\/produit\/neceser-paddington-verde\/","url":"https:\/\/pasitoapasito.es\/produit\/neceser-paddington-verde\/","name":"TROUSSE DE TOILETTE PADDINGTON VERT - Pasito a Pasito","isPartOf":{"@id":"https:\/\/pasitoapasito.es\/fr\/#website"},"primaryImageOfPage":{"@id":"https:\/\/pasitoapasito.es\/produit\/neceser-paddington-verde\/#primaryimage"},"image":{"@id":"https:\/\/pasitoapasito.es\/produit\/neceser-paddington-verde\/#primaryimage"},"thumbnailUrl":"https:\/\/pasitoapasito.es\/wp-content\/uploads\/2024\/11\/1120900422_a.jpg","datePublished":"2024-11-18T12:48:06+00:00","dateModified":"2024-11-18T12:49:00+00:00","breadcrumb":{"@id":"https:\/\/pasitoapasito.es\/produit\/neceser-paddington-verde\/#breadcrumb"},"inLanguage":"fr-FR","potentialAction":[{"@type":"ReadAction","target":["https:\/\/pasitoapasito.es\/produit\/neceser-paddington-verde\/"]}]},{"@type":"ImageObject","inLanguage":"fr-FR","@id":"https:\/\/pasitoapasito.es\/produit\/neceser-paddington-verde\/#primaryimage","url":"https:\/\/pasitoapasito.es\/wp-content\/uploads\/2024\/11\/1120900422_a.jpg","contentUrl":"https:\/\/pasitoapasito.es\/wp-content\/uploads\/2024\/11\/1120900422_a.jpg","width":1200,"height":1200},{"@type":"BreadcrumbList","@id":"https:\/\/pasitoapasito.es\/produit\/neceser-paddington-verde\/#breadcrumb","itemListElement":[{"@type":"ListItem","position":1,"name":"Tienda","item":"https:\/\/pasitoapasito.es\/tienda\/"},{"@type":"ListItem","position":2,"name":"TROUSSE DE TOILETTE PADDINGTON VERT"}]},{"@type":"WebSite","@id":"https:\/\/pasitoapasito.es\/fr\/#website","url":"https:\/\/pasitoapasito.es\/fr\/","name":"Pasito a Pasito","description":"","potentialAction":[{"@type":"SearchAction","target":{"@type":"EntryPoint","urlTemplate":"https:\/\/pasitoapasito.es\/fr\/?s={search_term_string}"},"query-input":{"@type":"PropertyValueSpecification","valueRequired":true,"valueName":"search_term_string"}}],"inLanguage":"fr-FR"}]}},"_links":{"self":[{"href":"https:\/\/pasitoapasito.es\/fr\/wp-json\/wp\/v2\/product\/38490","targetHints":{"allow":["GET"]}}],"collection":[{"href":"https:\/\/pasitoapasito.es\/fr\/wp-json\/wp\/v2\/product"}],"about":[{"href":"https:\/\/pasitoapasito.es\/fr\/wp-json\/wp\/v2\/types\/product"}],"replies":[{"embeddable":true,"href":"https:\/\/pasitoapasito.es\/fr\/wp-json\/wp\/v2\/comments?post=38490"}],"wp:featuredmedia":[{"embeddable":true,"href":"https:\/\/pasitoapasito.es\/fr\/wp-json\/wp\/v2\/media\/37893"}],"wp:attachment":[{"href":"https:\/\/pasitoapasito.es\/fr\/wp-json\/wp\/v2\/media?parent=38490"}],"wp:term":[{"taxonomy":"colecciones","embeddable":true,"href":"https:\/\/pasitoapasito.es\/fr\/wp-json\/wp\/v2\/colecciones?post=38490"},{"taxonomy":"product_brand","embeddable":true,"href":"https:\/\/pasitoapasito.es\/fr\/wp-json\/wp\/v2\/product_brand?post=38490"},{"taxonomy":"product_cat","embeddable":true,"href":"https:\/\/pasitoapasito.es\/fr\/wp-json\/wp\/v2\/product_cat?post=38490"},{"taxonomy":"product_tag","embeddable":true,"href":"https:\/\/pasitoapasito.es\/fr\/wp-json\/wp\/v2\/product_tag?post=38490"}],"curies":[{"name":"wp","href":"https:\/\/api.w.org\/{rel}","templated":true}]}}