{"id":38487,"date":"2024-11-18T12:48:06","date_gmt":"2024-11-18T12:48:06","guid":{"rendered":"https:\/\/pasitoapasito.es\/?post_type=product&#038;p=38487"},"modified":"2024-11-18T12:49:00","modified_gmt":"2024-11-18T12:49:00","slug":"tapis-a-langer-paddington-noir","status":"publish","type":"product","link":"https:\/\/pasitoapasito.es\/fr\/produit\/tapis-a-langer-paddington-noir\/","title":{"rendered":"TAPIS A LANGER PADDINGTON NOIR"},"content":{"rendered":"<p>Le matelas \u00e0 langer noir Paddington de Pasito a Pasito, fabriqu\u00e9 en mat\u00e9riau matelass\u00e9 durable, est un mod\u00e8le tr\u00e8s confortable, pratique et facile \u00e0 transporter. Il est sp\u00e9cialement con\u00e7u pour \u00eatre utilis\u00e9 lorsque vous devez changer votre b\u00e9b\u00e9. Pliable pour une portabilit\u00e9 facile, il combine \u00e9l\u00e9gance et fonctionnalit\u00e9 dans un format compact et pliable, ce qui le rend portable. Il dispose de sangles de fermeture pour le garder bien ferm\u00e9, r\u00e9duisant son encombrement pour qu\u2019il se glisse facilement dans un sac de maternit\u00e9. Les finitions de qualit\u00e9 incluent une doublure int\u00e9rieure matelass\u00e9e et imperm\u00e9able, facile \u00e0 nettoyer apr\u00e8s chaque utilisation pour \u00e9viter l\u2019accumulation d\u2019odeurs. Fabriqu\u00e9 avec des mat\u00e9riaux de haute qualit\u00e9, sans colorants azo\u00efques, phtalates et substances nocives. Il peut \u00eatre lav\u00e9 \u00e0 la main ou en machine \u00e0 des temp\u00e9ratures allant jusqu&rsquo;\u00e0 30\u00baC. Les produits pour b\u00e9b\u00e9 de Pasito a Pasito se distinguent par leur design unique, gr\u00e2ce \u00e0 leurs collections soigneusement con\u00e7ues, chics mais pratiques. Ils utilisent des mat\u00e9riaux de premi\u00e8re qualit\u00e9 pour mettre en valeur l&rsquo;\u00e9l\u00e9gance et l&rsquo;harmonie dans chaque pi\u00e8ce. Nos mod\u00e8les sont exclusifs, avec un style distinctif, con\u00e7us pour les m\u00e8res modernes au go\u00fbt raffin\u00e9 qui appr\u00e9cient les d\u00e9tails autant que nous. Sp\u00e9cifications : Mat\u00e9riaux : 100 % polyester. Dimensions : 52 x 71 x 1 cm.<\/p>\n","protected":false},"excerpt":{"rendered":"<p>Le matelas \u00e0 langer noir Paddington de Pasito a Pasito, fabriqu\u00e9 en mat\u00e9riau matelass\u00e9 durable, est un mod\u00e8le tr\u00e8s confortable, pratique et facile \u00e0 transporter. Il est sp\u00e9cialement con\u00e7u pour \u00eatre utilis\u00e9 lorsque vous devez changer votre b\u00e9b\u00e9. Pliable pour une portabilit\u00e9 facile, il combine \u00e9l\u00e9gance et fonctionnalit\u00e9 dans un format compact et pliable, ce [&hellip;]<\/p>\n","protected":false},"featured_media":37838,"comment_status":"closed","ping_status":"closed","template":"","meta":{"_acf_changed":false,"inline_featured_image":false},"colecciones":[],"product_brand":[],"product_cat":[257],"product_tag":[],"class_list":{"0":"post-38487","1":"product","2":"type-product","3":"status-publish","4":"has-post-thumbnail","6":"product_cat-special-prices-fr","8":"first","9":"instock","10":"purchasable","11":"product-type-simple"},"acf":[],"yoast_head":"<!-- This site is optimized with the Yoast SEO plugin v27.5 - https:\/\/yoast.com\/product\/yoast-seo-wordpress\/ -->\n<title>TAPIS A LANGER PADDINGTON NOIR - Pasito a Pasito<\/title>\n<meta name=\"robots\" content=\"index, follow, max-snippet:-1, max-image-preview:large, max-video-preview:-1\" \/>\n<link rel=\"canonical\" href=\"https:\/\/pasitoapasito.es\/produit\/cambiador-paddington-negro\/\" \/>\n<meta property=\"og:locale\" content=\"fr_FR\" \/>\n<meta property=\"og:type\" content=\"article\" \/>\n<meta property=\"og:title\" content=\"TAPIS A LANGER PADDINGTON NOIR - Pasito a Pasito\" \/>\n<meta property=\"og:description\" content=\"Le matelas \u00e0 langer noir Paddington de Pasito a Pasito, fabriqu\u00e9 en mat\u00e9riau matelass\u00e9 durable, est un mod\u00e8le tr\u00e8s confortable, pratique et facile \u00e0 transporter. Il est sp\u00e9cialement con\u00e7u pour \u00eatre utilis\u00e9 lorsque vous devez changer votre b\u00e9b\u00e9. Pliable pour une portabilit\u00e9 facile, il combine \u00e9l\u00e9gance et fonctionnalit\u00e9 dans un format compact et pliable, ce [&hellip;]\" \/>\n<meta property=\"og:url\" content=\"https:\/\/pasitoapasito.es\/produit\/cambiador-paddington-negro\/\" \/>\n<meta property=\"og:site_name\" content=\"Pasito a Pasito\" \/>\n<meta property=\"article:modified_time\" content=\"2024-11-18T12:49:00+00:00\" \/>\n<meta property=\"og:image\" content=\"https:\/\/pasitoapasito.es\/wp-content\/uploads\/2024\/11\/1120900419_a.jpg\" \/>\n\t<meta property=\"og:image:width\" content=\"1200\" \/>\n\t<meta property=\"og:image:height\" content=\"1200\" \/>\n\t<meta property=\"og:image:type\" content=\"image\/jpeg\" \/>\n<meta name=\"twitter:card\" content=\"summary_large_image\" \/>\n<meta name=\"twitter:label1\" content=\"Dur\u00e9e de lecture estim\u00e9e\" \/>\n\t<meta name=\"twitter:data1\" content=\"1 minute\" \/>\n<script type=\"application\/ld+json\" class=\"yoast-schema-graph\">{\"@context\":\"https:\\\/\\\/schema.org\",\"@graph\":[{\"@type\":\"WebPage\",\"@id\":\"https:\\\/\\\/pasitoapasito.es\\\/produit\\\/cambiador-paddington-negro\\\/\",\"url\":\"https:\\\/\\\/pasitoapasito.es\\\/produit\\\/cambiador-paddington-negro\\\/\",\"name\":\"TAPIS A LANGER PADDINGTON NOIR - Pasito a Pasito\",\"isPartOf\":{\"@id\":\"https:\\\/\\\/pasitoapasito.es\\\/fr\\\/#website\"},\"primaryImageOfPage\":{\"@id\":\"https:\\\/\\\/pasitoapasito.es\\\/produit\\\/cambiador-paddington-negro\\\/#primaryimage\"},\"image\":{\"@id\":\"https:\\\/\\\/pasitoapasito.es\\\/produit\\\/cambiador-paddington-negro\\\/#primaryimage\"},\"thumbnailUrl\":\"https:\\\/\\\/pasitoapasito.es\\\/wp-content\\\/uploads\\\/2024\\\/11\\\/1120900419_a.jpg\",\"datePublished\":\"2024-11-18T12:48:06+00:00\",\"dateModified\":\"2024-11-18T12:49:00+00:00\",\"breadcrumb\":{\"@id\":\"https:\\\/\\\/pasitoapasito.es\\\/produit\\\/cambiador-paddington-negro\\\/#breadcrumb\"},\"inLanguage\":\"fr-FR\",\"potentialAction\":[{\"@type\":\"ReadAction\",\"target\":[\"https:\\\/\\\/pasitoapasito.es\\\/produit\\\/cambiador-paddington-negro\\\/\"]}]},{\"@type\":\"ImageObject\",\"inLanguage\":\"fr-FR\",\"@id\":\"https:\\\/\\\/pasitoapasito.es\\\/produit\\\/cambiador-paddington-negro\\\/#primaryimage\",\"url\":\"https:\\\/\\\/pasitoapasito.es\\\/wp-content\\\/uploads\\\/2024\\\/11\\\/1120900419_a.jpg\",\"contentUrl\":\"https:\\\/\\\/pasitoapasito.es\\\/wp-content\\\/uploads\\\/2024\\\/11\\\/1120900419_a.jpg\",\"width\":1200,\"height\":1200},{\"@type\":\"BreadcrumbList\",\"@id\":\"https:\\\/\\\/pasitoapasito.es\\\/produit\\\/cambiador-paddington-negro\\\/#breadcrumb\",\"itemListElement\":[{\"@type\":\"ListItem\",\"position\":1,\"name\":\"Tienda\",\"item\":\"https:\\\/\\\/pasitoapasito.es\\\/tienda\\\/\"},{\"@type\":\"ListItem\",\"position\":2,\"name\":\"TAPIS A LANGER PADDINGTON NOIR\"}]},{\"@type\":\"WebSite\",\"@id\":\"https:\\\/\\\/pasitoapasito.es\\\/fr\\\/#website\",\"url\":\"https:\\\/\\\/pasitoapasito.es\\\/fr\\\/\",\"name\":\"Pasito a Pasito\",\"description\":\"\",\"potentialAction\":[{\"@type\":\"SearchAction\",\"target\":{\"@type\":\"EntryPoint\",\"urlTemplate\":\"https:\\\/\\\/pasitoapasito.es\\\/fr\\\/?s={search_term_string}\"},\"query-input\":{\"@type\":\"PropertyValueSpecification\",\"valueRequired\":true,\"valueName\":\"search_term_string\"}}],\"inLanguage\":\"fr-FR\"}]}<\/script>\n<!-- \/ Yoast SEO plugin. -->","yoast_head_json":{"title":"TAPIS A LANGER PADDINGTON NOIR - Pasito a Pasito","robots":{"index":"index","follow":"follow","max-snippet":"max-snippet:-1","max-image-preview":"max-image-preview:large","max-video-preview":"max-video-preview:-1"},"canonical":"https:\/\/pasitoapasito.es\/produit\/cambiador-paddington-negro\/","og_locale":"fr_FR","og_type":"article","og_title":"TAPIS A LANGER PADDINGTON NOIR - Pasito a Pasito","og_description":"Le matelas \u00e0 langer noir Paddington de Pasito a Pasito, fabriqu\u00e9 en mat\u00e9riau matelass\u00e9 durable, est un mod\u00e8le tr\u00e8s confortable, pratique et facile \u00e0 transporter. Il est sp\u00e9cialement con\u00e7u pour \u00eatre utilis\u00e9 lorsque vous devez changer votre b\u00e9b\u00e9. Pliable pour une portabilit\u00e9 facile, il combine \u00e9l\u00e9gance et fonctionnalit\u00e9 dans un format compact et pliable, ce [&hellip;]","og_url":"https:\/\/pasitoapasito.es\/produit\/cambiador-paddington-negro\/","og_site_name":"Pasito a Pasito","article_modified_time":"2024-11-18T12:49:00+00:00","og_image":[{"width":1200,"height":1200,"url":"https:\/\/pasitoapasito.es\/wp-content\/uploads\/2024\/11\/1120900419_a.jpg","type":"image\/jpeg"}],"twitter_card":"summary_large_image","twitter_misc":{"Dur\u00e9e de lecture estim\u00e9e":"1 minute"},"schema":{"@context":"https:\/\/schema.org","@graph":[{"@type":"WebPage","@id":"https:\/\/pasitoapasito.es\/produit\/cambiador-paddington-negro\/","url":"https:\/\/pasitoapasito.es\/produit\/cambiador-paddington-negro\/","name":"TAPIS A LANGER PADDINGTON NOIR - Pasito a Pasito","isPartOf":{"@id":"https:\/\/pasitoapasito.es\/fr\/#website"},"primaryImageOfPage":{"@id":"https:\/\/pasitoapasito.es\/produit\/cambiador-paddington-negro\/#primaryimage"},"image":{"@id":"https:\/\/pasitoapasito.es\/produit\/cambiador-paddington-negro\/#primaryimage"},"thumbnailUrl":"https:\/\/pasitoapasito.es\/wp-content\/uploads\/2024\/11\/1120900419_a.jpg","datePublished":"2024-11-18T12:48:06+00:00","dateModified":"2024-11-18T12:49:00+00:00","breadcrumb":{"@id":"https:\/\/pasitoapasito.es\/produit\/cambiador-paddington-negro\/#breadcrumb"},"inLanguage":"fr-FR","potentialAction":[{"@type":"ReadAction","target":["https:\/\/pasitoapasito.es\/produit\/cambiador-paddington-negro\/"]}]},{"@type":"ImageObject","inLanguage":"fr-FR","@id":"https:\/\/pasitoapasito.es\/produit\/cambiador-paddington-negro\/#primaryimage","url":"https:\/\/pasitoapasito.es\/wp-content\/uploads\/2024\/11\/1120900419_a.jpg","contentUrl":"https:\/\/pasitoapasito.es\/wp-content\/uploads\/2024\/11\/1120900419_a.jpg","width":1200,"height":1200},{"@type":"BreadcrumbList","@id":"https:\/\/pasitoapasito.es\/produit\/cambiador-paddington-negro\/#breadcrumb","itemListElement":[{"@type":"ListItem","position":1,"name":"Tienda","item":"https:\/\/pasitoapasito.es\/tienda\/"},{"@type":"ListItem","position":2,"name":"TAPIS A LANGER PADDINGTON NOIR"}]},{"@type":"WebSite","@id":"https:\/\/pasitoapasito.es\/fr\/#website","url":"https:\/\/pasitoapasito.es\/fr\/","name":"Pasito a Pasito","description":"","potentialAction":[{"@type":"SearchAction","target":{"@type":"EntryPoint","urlTemplate":"https:\/\/pasitoapasito.es\/fr\/?s={search_term_string}"},"query-input":{"@type":"PropertyValueSpecification","valueRequired":true,"valueName":"search_term_string"}}],"inLanguage":"fr-FR"}]}},"_links":{"self":[{"href":"https:\/\/pasitoapasito.es\/fr\/wp-json\/wp\/v2\/product\/38487","targetHints":{"allow":["GET"]}}],"collection":[{"href":"https:\/\/pasitoapasito.es\/fr\/wp-json\/wp\/v2\/product"}],"about":[{"href":"https:\/\/pasitoapasito.es\/fr\/wp-json\/wp\/v2\/types\/product"}],"replies":[{"embeddable":true,"href":"https:\/\/pasitoapasito.es\/fr\/wp-json\/wp\/v2\/comments?post=38487"}],"wp:featuredmedia":[{"embeddable":true,"href":"https:\/\/pasitoapasito.es\/fr\/wp-json\/wp\/v2\/media\/37838"}],"wp:attachment":[{"href":"https:\/\/pasitoapasito.es\/fr\/wp-json\/wp\/v2\/media?parent=38487"}],"wp:term":[{"taxonomy":"colecciones","embeddable":true,"href":"https:\/\/pasitoapasito.es\/fr\/wp-json\/wp\/v2\/colecciones?post=38487"},{"taxonomy":"product_brand","embeddable":true,"href":"https:\/\/pasitoapasito.es\/fr\/wp-json\/wp\/v2\/product_brand?post=38487"},{"taxonomy":"product_cat","embeddable":true,"href":"https:\/\/pasitoapasito.es\/fr\/wp-json\/wp\/v2\/product_cat?post=38487"},{"taxonomy":"product_tag","embeddable":true,"href":"https:\/\/pasitoapasito.es\/fr\/wp-json\/wp\/v2\/product_tag?post=38487"}],"curies":[{"name":"wp","href":"https:\/\/api.w.org\/{rel}","templated":true}]}}