{"id":38481,"date":"2024-11-18T12:48:07","date_gmt":"2024-11-18T12:48:07","guid":{"rendered":"https:\/\/pasitoapasito.es\/?post_type=product&#038;p=38481"},"modified":"2024-11-18T12:48:59","modified_gmt":"2024-11-18T12:48:59","slug":"sac-a-langer-paddington-noir","status":"publish","type":"product","link":"https:\/\/pasitoapasito.es\/fr\/produit\/sac-a-langer-paddington-noir\/","title":{"rendered":"SAC A LANGER PADDINGTON NOIR"},"content":{"rendered":"<p>Le sac de poussette Paddington noir de Pasito a Pasito est un mod\u00e8le unique, fabriqu\u00e9 en mat\u00e9riau matelass\u00e9 durable pour transporter tout ce dont votre b\u00e9b\u00e9 a besoin lorsque vous \u00eates en d\u00e9placement. C&rsquo;est un design \u00e9l\u00e9gant et pratique avec une grande capacit\u00e9 pour transporter tous les essentiels. Il dispose de deux types de poign\u00e9es : une longue pour un port \u00e0 l&rsquo;\u00e9paule et des poign\u00e9es plus courtes pour le porter \u00e0 la main. Il comprend \u00e9galement des sangles universelles pour une fixation facile \u00e0 la poussette. Vous pouvez m\u00eame l&rsquo;utiliser pour ranger vos propres affaires, \u00e9vitant ainsi de porter deux sacs en m\u00eame temps. Si vous attendez un b\u00e9b\u00e9, vous pouvez le pr\u00e9parer comme sac de maternit\u00e9 pour le b\u00e9b\u00e9. Les finitions de qualit\u00e9 incluent une doublure int\u00e9rieure et des poches pour organiser le rangement des biberons, ustensiles, lingettes, couches, cr\u00e8mes et tout ce dont votre enfant a besoin. Parmi les poches, vous trouverez une poche isotherme pour biberon et une poche imperm\u00e9able pour v\u00eatements mouill\u00e9s. Tapis \u00e0 langer inclus. Fabriqu\u00e9 avec des mat\u00e9riaux de haute qualit\u00e9, sans colorants azo\u00efques, phtalates et substances nocives. Il peut \u00eatre lav\u00e9 \u00e0 la main ou en machine \u00e0 des temp\u00e9ratures allant jusqu&rsquo;\u00e0 30\u00baC. Les produits pour b\u00e9b\u00e9 Pasito a Pasito se distinguent par des designs uniques et diff\u00e9rents des autres. Leurs collections se caract\u00e9risent par une attention aux d\u00e9tails et sont toujours pens\u00e9es dans une perspective pratique. Ils utilisent des mat\u00e9riaux de premi\u00e8re qualit\u00e9 pour souligner l&rsquo;\u00e9l\u00e9gance et l&rsquo;harmonie de chaque pi\u00e8ce. Nos mod\u00e8les sont exclusifs, au style inimitable, et con\u00e7us pour les m\u00e8res modernes qui ont un sens aigu du style et qui appr\u00e9cient les d\u00e9tails autant que nous. Sp\u00e9cifications : Mat\u00e9riaux : 100 % polyester. Dimensions : 43 x 29 x 11 cm.<\/p>\n","protected":false},"excerpt":{"rendered":"<p>Le sac de poussette Paddington noir de Pasito a Pasito est un mod\u00e8le unique, fabriqu\u00e9 en mat\u00e9riau matelass\u00e9 durable pour transporter tout ce dont votre b\u00e9b\u00e9 a besoin lorsque vous \u00eates en d\u00e9placement. C&rsquo;est un design \u00e9l\u00e9gant et pratique avec une grande capacit\u00e9 pour transporter tous les essentiels. Il dispose de deux types de poign\u00e9es [&hellip;]<\/p>\n","protected":false},"featured_media":37584,"comment_status":"closed","ping_status":"closed","template":"","meta":{"_acf_changed":false,"inline_featured_image":false},"colecciones":[],"product_brand":[],"product_cat":[129],"product_tag":[],"class_list":{"0":"post-38481","1":"product","2":"type-product","3":"status-publish","4":"has-post-thumbnail","6":"product_cat-sacs-a-langer","8":"first","9":"instock","10":"purchasable","11":"product-type-simple"},"acf":[],"yoast_head":"<!-- This site is optimized with the Yoast SEO plugin v27.4 - https:\/\/yoast.com\/product\/yoast-seo-wordpress\/ -->\n<title>SAC A LANGER PADDINGTON NOIR - Pasito a Pasito<\/title>\n<meta name=\"robots\" content=\"index, follow, max-snippet:-1, max-image-preview:large, max-video-preview:-1\" \/>\n<link rel=\"canonical\" href=\"https:\/\/pasitoapasito.es\/fr\/produit\/sac-a-langer-paddington-noir\/\" \/>\n<meta property=\"og:locale\" content=\"fr_FR\" \/>\n<meta property=\"og:type\" content=\"article\" \/>\n<meta property=\"og:title\" content=\"SAC A LANGER PADDINGTON NOIR - Pasito a Pasito\" \/>\n<meta property=\"og:description\" content=\"Le sac de poussette Paddington noir de Pasito a Pasito est un mod\u00e8le unique, fabriqu\u00e9 en mat\u00e9riau matelass\u00e9 durable pour transporter tout ce dont votre b\u00e9b\u00e9 a besoin lorsque vous \u00eates en d\u00e9placement. C&rsquo;est un design \u00e9l\u00e9gant et pratique avec une grande capacit\u00e9 pour transporter tous les essentiels. Il dispose de deux types de poign\u00e9es [&hellip;]\" \/>\n<meta property=\"og:url\" content=\"https:\/\/pasitoapasito.es\/fr\/produit\/sac-a-langer-paddington-noir\/\" \/>\n<meta property=\"og:site_name\" content=\"Pasito a Pasito\" \/>\n<meta property=\"article:modified_time\" content=\"2024-11-18T12:48:59+00:00\" \/>\n<meta property=\"og:image\" content=\"https:\/\/pasitoapasito.es\/wp-content\/uploads\/2024\/11\/1120900413_a.jpg\" \/>\n\t<meta property=\"og:image:width\" content=\"1200\" \/>\n\t<meta property=\"og:image:height\" content=\"1200\" \/>\n\t<meta property=\"og:image:type\" content=\"image\/jpeg\" \/>\n<meta name=\"twitter:card\" content=\"summary_large_image\" \/>\n<meta name=\"twitter:label1\" content=\"Dur\u00e9e de lecture estim\u00e9e\" \/>\n\t<meta name=\"twitter:data1\" content=\"2 minutes\" \/>\n<script type=\"application\/ld+json\" class=\"yoast-schema-graph\">{\"@context\":\"https:\\\/\\\/schema.org\",\"@graph\":[{\"@type\":\"WebPage\",\"@id\":\"https:\\\/\\\/pasitoapasito.es\\\/fr\\\/produit\\\/sac-a-langer-paddington-noir\\\/\",\"url\":\"https:\\\/\\\/pasitoapasito.es\\\/fr\\\/produit\\\/sac-a-langer-paddington-noir\\\/\",\"name\":\"SAC A LANGER PADDINGTON NOIR - Pasito a Pasito\",\"isPartOf\":{\"@id\":\"https:\\\/\\\/pasitoapasito.es\\\/fr\\\/#website\"},\"primaryImageOfPage\":{\"@id\":\"https:\\\/\\\/pasitoapasito.es\\\/fr\\\/produit\\\/sac-a-langer-paddington-noir\\\/#primaryimage\"},\"image\":{\"@id\":\"https:\\\/\\\/pasitoapasito.es\\\/fr\\\/produit\\\/sac-a-langer-paddington-noir\\\/#primaryimage\"},\"thumbnailUrl\":\"https:\\\/\\\/pasitoapasito.es\\\/wp-content\\\/uploads\\\/2024\\\/11\\\/1120900413_a.jpg\",\"datePublished\":\"2024-11-18T12:48:07+00:00\",\"dateModified\":\"2024-11-18T12:48:59+00:00\",\"breadcrumb\":{\"@id\":\"https:\\\/\\\/pasitoapasito.es\\\/fr\\\/produit\\\/sac-a-langer-paddington-noir\\\/#breadcrumb\"},\"inLanguage\":\"fr-FR\",\"potentialAction\":[{\"@type\":\"ReadAction\",\"target\":[\"https:\\\/\\\/pasitoapasito.es\\\/fr\\\/produit\\\/sac-a-langer-paddington-noir\\\/\"]}]},{\"@type\":\"ImageObject\",\"inLanguage\":\"fr-FR\",\"@id\":\"https:\\\/\\\/pasitoapasito.es\\\/fr\\\/produit\\\/sac-a-langer-paddington-noir\\\/#primaryimage\",\"url\":\"https:\\\/\\\/pasitoapasito.es\\\/wp-content\\\/uploads\\\/2024\\\/11\\\/1120900413_a.jpg\",\"contentUrl\":\"https:\\\/\\\/pasitoapasito.es\\\/wp-content\\\/uploads\\\/2024\\\/11\\\/1120900413_a.jpg\",\"width\":1200,\"height\":1200},{\"@type\":\"BreadcrumbList\",\"@id\":\"https:\\\/\\\/pasitoapasito.es\\\/fr\\\/produit\\\/sac-a-langer-paddington-noir\\\/#breadcrumb\",\"itemListElement\":[{\"@type\":\"ListItem\",\"position\":1,\"name\":\"Tienda\",\"item\":\"https:\\\/\\\/pasitoapasito.es\\\/tienda\\\/\"},{\"@type\":\"ListItem\",\"position\":2,\"name\":\"SAC A LANGER PADDINGTON NOIR\"}]},{\"@type\":\"WebSite\",\"@id\":\"https:\\\/\\\/pasitoapasito.es\\\/fr\\\/#website\",\"url\":\"https:\\\/\\\/pasitoapasito.es\\\/fr\\\/\",\"name\":\"Pasito a Pasito\",\"description\":\"\",\"potentialAction\":[{\"@type\":\"SearchAction\",\"target\":{\"@type\":\"EntryPoint\",\"urlTemplate\":\"https:\\\/\\\/pasitoapasito.es\\\/fr\\\/?s={search_term_string}\"},\"query-input\":{\"@type\":\"PropertyValueSpecification\",\"valueRequired\":true,\"valueName\":\"search_term_string\"}}],\"inLanguage\":\"fr-FR\"}]}<\/script>\n<!-- \/ Yoast SEO plugin. -->","yoast_head_json":{"title":"SAC A LANGER PADDINGTON NOIR - Pasito a Pasito","robots":{"index":"index","follow":"follow","max-snippet":"max-snippet:-1","max-image-preview":"max-image-preview:large","max-video-preview":"max-video-preview:-1"},"canonical":"https:\/\/pasitoapasito.es\/fr\/produit\/sac-a-langer-paddington-noir\/","og_locale":"fr_FR","og_type":"article","og_title":"SAC A LANGER PADDINGTON NOIR - Pasito a Pasito","og_description":"Le sac de poussette Paddington noir de Pasito a Pasito est un mod\u00e8le unique, fabriqu\u00e9 en mat\u00e9riau matelass\u00e9 durable pour transporter tout ce dont votre b\u00e9b\u00e9 a besoin lorsque vous \u00eates en d\u00e9placement. C&rsquo;est un design \u00e9l\u00e9gant et pratique avec une grande capacit\u00e9 pour transporter tous les essentiels. Il dispose de deux types de poign\u00e9es [&hellip;]","og_url":"https:\/\/pasitoapasito.es\/fr\/produit\/sac-a-langer-paddington-noir\/","og_site_name":"Pasito a Pasito","article_modified_time":"2024-11-18T12:48:59+00:00","og_image":[{"width":1200,"height":1200,"url":"https:\/\/pasitoapasito.es\/wp-content\/uploads\/2024\/11\/1120900413_a.jpg","type":"image\/jpeg"}],"twitter_card":"summary_large_image","twitter_misc":{"Dur\u00e9e de lecture estim\u00e9e":"2 minutes"},"schema":{"@context":"https:\/\/schema.org","@graph":[{"@type":"WebPage","@id":"https:\/\/pasitoapasito.es\/fr\/produit\/sac-a-langer-paddington-noir\/","url":"https:\/\/pasitoapasito.es\/fr\/produit\/sac-a-langer-paddington-noir\/","name":"SAC A LANGER PADDINGTON NOIR - Pasito a Pasito","isPartOf":{"@id":"https:\/\/pasitoapasito.es\/fr\/#website"},"primaryImageOfPage":{"@id":"https:\/\/pasitoapasito.es\/fr\/produit\/sac-a-langer-paddington-noir\/#primaryimage"},"image":{"@id":"https:\/\/pasitoapasito.es\/fr\/produit\/sac-a-langer-paddington-noir\/#primaryimage"},"thumbnailUrl":"https:\/\/pasitoapasito.es\/wp-content\/uploads\/2024\/11\/1120900413_a.jpg","datePublished":"2024-11-18T12:48:07+00:00","dateModified":"2024-11-18T12:48:59+00:00","breadcrumb":{"@id":"https:\/\/pasitoapasito.es\/fr\/produit\/sac-a-langer-paddington-noir\/#breadcrumb"},"inLanguage":"fr-FR","potentialAction":[{"@type":"ReadAction","target":["https:\/\/pasitoapasito.es\/fr\/produit\/sac-a-langer-paddington-noir\/"]}]},{"@type":"ImageObject","inLanguage":"fr-FR","@id":"https:\/\/pasitoapasito.es\/fr\/produit\/sac-a-langer-paddington-noir\/#primaryimage","url":"https:\/\/pasitoapasito.es\/wp-content\/uploads\/2024\/11\/1120900413_a.jpg","contentUrl":"https:\/\/pasitoapasito.es\/wp-content\/uploads\/2024\/11\/1120900413_a.jpg","width":1200,"height":1200},{"@type":"BreadcrumbList","@id":"https:\/\/pasitoapasito.es\/fr\/produit\/sac-a-langer-paddington-noir\/#breadcrumb","itemListElement":[{"@type":"ListItem","position":1,"name":"Tienda","item":"https:\/\/pasitoapasito.es\/tienda\/"},{"@type":"ListItem","position":2,"name":"SAC A LANGER PADDINGTON NOIR"}]},{"@type":"WebSite","@id":"https:\/\/pasitoapasito.es\/fr\/#website","url":"https:\/\/pasitoapasito.es\/fr\/","name":"Pasito a Pasito","description":"","potentialAction":[{"@type":"SearchAction","target":{"@type":"EntryPoint","urlTemplate":"https:\/\/pasitoapasito.es\/fr\/?s={search_term_string}"},"query-input":{"@type":"PropertyValueSpecification","valueRequired":true,"valueName":"search_term_string"}}],"inLanguage":"fr-FR"}]}},"_links":{"self":[{"href":"https:\/\/pasitoapasito.es\/fr\/wp-json\/wp\/v2\/product\/38481","targetHints":{"allow":["GET"]}}],"collection":[{"href":"https:\/\/pasitoapasito.es\/fr\/wp-json\/wp\/v2\/product"}],"about":[{"href":"https:\/\/pasitoapasito.es\/fr\/wp-json\/wp\/v2\/types\/product"}],"replies":[{"embeddable":true,"href":"https:\/\/pasitoapasito.es\/fr\/wp-json\/wp\/v2\/comments?post=38481"}],"wp:featuredmedia":[{"embeddable":true,"href":"https:\/\/pasitoapasito.es\/fr\/wp-json\/wp\/v2\/media\/37584"}],"wp:attachment":[{"href":"https:\/\/pasitoapasito.es\/fr\/wp-json\/wp\/v2\/media?parent=38481"}],"wp:term":[{"taxonomy":"colecciones","embeddable":true,"href":"https:\/\/pasitoapasito.es\/fr\/wp-json\/wp\/v2\/colecciones?post=38481"},{"taxonomy":"product_brand","embeddable":true,"href":"https:\/\/pasitoapasito.es\/fr\/wp-json\/wp\/v2\/product_brand?post=38481"},{"taxonomy":"product_cat","embeddable":true,"href":"https:\/\/pasitoapasito.es\/fr\/wp-json\/wp\/v2\/product_cat?post=38481"},{"taxonomy":"product_tag","embeddable":true,"href":"https:\/\/pasitoapasito.es\/fr\/wp-json\/wp\/v2\/product_tag?post=38481"}],"curies":[{"name":"wp","href":"https:\/\/api.w.org\/{rel}","templated":true}]}}