{"id":37558,"date":"2024-10-15T07:28:43","date_gmt":"2024-10-15T07:40:46","guid":{"rendered":"https:\/\/pasitoapasito.es\/?post_type=product&#038;p=37558"},"modified":"2024-10-15T07:40:46","modified_gmt":"2024-10-15T07:40:46","slug":"poupee-bibi-somerset-35-cm","status":"publish","type":"product","link":"https:\/\/pasitoapasito.es\/fr\/produit\/poupee-bibi-somerset-35-cm\/","title":{"rendered":"POUP\u00c9E\u00a0BIBI SOMERSET 35 CM"},"content":{"rendered":"<p>La poup\u00e9e Bibi de Pasito a pasito est bien plus qu&rsquo;un simple jouet : c&rsquo;est une amie fid\u00e8le qui accompagnera vos enfants dans leurs moments les plus pr\u00e9cieux. Faites-la entrer dans votre famille d\u00e8s aujourd&rsquo;hui ! Cette charmante poup\u00e9e de chiffon est con\u00e7ue pour \u00eatre le parfait compagnon de jeu et d&rsquo;aventure des petits. Avec ses finitions d\u00e9taill\u00e9es et sa texture douce, cette poup\u00e9e deviendra la pr\u00e9f\u00e9r\u00e9e des enfants. Encourage le jeu imaginatif et le d\u00e9veloppement \u00e9motionnel des enfants. Recommand\u00e9e \u00e0 partir de 2 ans. Conforme \u00e0 la norme europ\u00e9enne EN-71 relative \u00e0 la s\u00e9curit\u00e9 des jouets. Dimensions : 35 cm.<\/p>\n","protected":false},"excerpt":{"rendered":"<p>La poup\u00e9e Bibi de Pasito a pasito est bien plus qu&rsquo;un simple jouet : c&rsquo;est une amie fid\u00e8le qui accompagnera vos enfants dans leurs moments les plus pr\u00e9cieux. Faites-la entrer dans votre famille d\u00e8s aujourd&rsquo;hui ! Cette charmante poup\u00e9e de chiffon est con\u00e7ue pour \u00eatre le parfait compagnon de jeu et d&rsquo;aventure des petits. Avec [&hellip;]<\/p>\n","protected":false},"featured_media":37513,"comment_status":"closed","ping_status":"open","template":"","meta":{"_acf_changed":false,"inline_featured_image":false},"colecciones":[293],"product_brand":[],"product_cat":[247],"product_tag":[],"class_list":{"0":"post-37558","1":"product","2":"type-product","3":"status-publish","4":"has-post-thumbnail","6":"colecciones-collection-somerset","7":"product_cat-pasito-a-pasito-play","9":"first","10":"instock","11":"purchasable","12":"product-type-simple"},"acf":[],"yoast_head":"<!-- This site is optimized with the Yoast SEO plugin v27.5 - https:\/\/yoast.com\/product\/yoast-seo-wordpress\/ -->\n<title>POUP\u00c9E\u00a0BIBI SOMERSET 35 CM - Pasito a Pasito<\/title>\n<meta name=\"robots\" content=\"index, follow, max-snippet:-1, max-image-preview:large, max-video-preview:-1\" \/>\n<link rel=\"canonical\" href=\"https:\/\/pasitoapasito.es\/fr\/produit\/poupee-bibi-somerset-35-cm\/\" \/>\n<meta property=\"og:locale\" content=\"fr_FR\" \/>\n<meta property=\"og:type\" content=\"article\" \/>\n<meta property=\"og:title\" content=\"POUP\u00c9E\u00a0BIBI SOMERSET 35 CM - Pasito a Pasito\" \/>\n<meta property=\"og:description\" content=\"La poup\u00e9e Bibi de Pasito a pasito est bien plus qu&rsquo;un simple jouet : c&rsquo;est une amie fid\u00e8le qui accompagnera vos enfants dans leurs moments les plus pr\u00e9cieux. Faites-la entrer dans votre famille d\u00e8s aujourd&rsquo;hui ! Cette charmante poup\u00e9e de chiffon est con\u00e7ue pour \u00eatre le parfait compagnon de jeu et d&rsquo;aventure des petits. Avec [&hellip;]\" \/>\n<meta property=\"og:url\" content=\"https:\/\/pasitoapasito.es\/fr\/produit\/poupee-bibi-somerset-35-cm\/\" \/>\n<meta property=\"og:site_name\" content=\"Pasito a Pasito\" \/>\n<meta property=\"og:image\" content=\"https:\/\/pasitoapasito.es\/wp-content\/uploads\/2024\/10\/1120900412_a.jpg\" \/>\n\t<meta property=\"og:image:width\" content=\"1200\" \/>\n\t<meta property=\"og:image:height\" content=\"1200\" \/>\n\t<meta property=\"og:image:type\" content=\"image\/jpeg\" \/>\n<meta name=\"twitter:card\" content=\"summary_large_image\" \/>\n<meta name=\"twitter:label1\" content=\"Dur\u00e9e de lecture estim\u00e9e\" \/>\n\t<meta name=\"twitter:data1\" content=\"1 minute\" \/>\n<script type=\"application\/ld+json\" class=\"yoast-schema-graph\">{\"@context\":\"https:\\\/\\\/schema.org\",\"@graph\":[{\"@type\":\"WebPage\",\"@id\":\"https:\\\/\\\/pasitoapasito.es\\\/fr\\\/produit\\\/poupee-bibi-somerset-35-cm\\\/\",\"url\":\"https:\\\/\\\/pasitoapasito.es\\\/fr\\\/produit\\\/poupee-bibi-somerset-35-cm\\\/\",\"name\":\"POUP\u00c9E\u00a0BIBI SOMERSET 35 CM - Pasito a Pasito\",\"isPartOf\":{\"@id\":\"https:\\\/\\\/pasitoapasito.es\\\/fr\\\/#website\"},\"primaryImageOfPage\":{\"@id\":\"https:\\\/\\\/pasitoapasito.es\\\/fr\\\/produit\\\/poupee-bibi-somerset-35-cm\\\/#primaryimage\"},\"image\":{\"@id\":\"https:\\\/\\\/pasitoapasito.es\\\/fr\\\/produit\\\/poupee-bibi-somerset-35-cm\\\/#primaryimage\"},\"thumbnailUrl\":\"https:\\\/\\\/pasitoapasito.es\\\/wp-content\\\/uploads\\\/2024\\\/10\\\/1120900412_a.jpg\",\"datePublished\":\"2024-10-15T07:40:46+00:00\",\"breadcrumb\":{\"@id\":\"https:\\\/\\\/pasitoapasito.es\\\/fr\\\/produit\\\/poupee-bibi-somerset-35-cm\\\/#breadcrumb\"},\"inLanguage\":\"fr-FR\",\"potentialAction\":[{\"@type\":\"ReadAction\",\"target\":[\"https:\\\/\\\/pasitoapasito.es\\\/fr\\\/produit\\\/poupee-bibi-somerset-35-cm\\\/\"]}]},{\"@type\":\"ImageObject\",\"inLanguage\":\"fr-FR\",\"@id\":\"https:\\\/\\\/pasitoapasito.es\\\/fr\\\/produit\\\/poupee-bibi-somerset-35-cm\\\/#primaryimage\",\"url\":\"https:\\\/\\\/pasitoapasito.es\\\/wp-content\\\/uploads\\\/2024\\\/10\\\/1120900412_a.jpg\",\"contentUrl\":\"https:\\\/\\\/pasitoapasito.es\\\/wp-content\\\/uploads\\\/2024\\\/10\\\/1120900412_a.jpg\",\"width\":1200,\"height\":1200},{\"@type\":\"BreadcrumbList\",\"@id\":\"https:\\\/\\\/pasitoapasito.es\\\/fr\\\/produit\\\/poupee-bibi-somerset-35-cm\\\/#breadcrumb\",\"itemListElement\":[{\"@type\":\"ListItem\",\"position\":1,\"name\":\"Tienda\",\"item\":\"https:\\\/\\\/pasitoapasito.es\\\/tienda\\\/\"},{\"@type\":\"ListItem\",\"position\":2,\"name\":\"POUP\u00c9E\u00a0BIBI SOMERSET 35 CM\"}]},{\"@type\":\"WebSite\",\"@id\":\"https:\\\/\\\/pasitoapasito.es\\\/fr\\\/#website\",\"url\":\"https:\\\/\\\/pasitoapasito.es\\\/fr\\\/\",\"name\":\"Pasito a Pasito\",\"description\":\"\",\"potentialAction\":[{\"@type\":\"SearchAction\",\"target\":{\"@type\":\"EntryPoint\",\"urlTemplate\":\"https:\\\/\\\/pasitoapasito.es\\\/fr\\\/?s={search_term_string}\"},\"query-input\":{\"@type\":\"PropertyValueSpecification\",\"valueRequired\":true,\"valueName\":\"search_term_string\"}}],\"inLanguage\":\"fr-FR\"}]}<\/script>\n<!-- \/ Yoast SEO plugin. -->","yoast_head_json":{"title":"POUP\u00c9E\u00a0BIBI SOMERSET 35 CM - Pasito a Pasito","robots":{"index":"index","follow":"follow","max-snippet":"max-snippet:-1","max-image-preview":"max-image-preview:large","max-video-preview":"max-video-preview:-1"},"canonical":"https:\/\/pasitoapasito.es\/fr\/produit\/poupee-bibi-somerset-35-cm\/","og_locale":"fr_FR","og_type":"article","og_title":"POUP\u00c9E\u00a0BIBI SOMERSET 35 CM - Pasito a Pasito","og_description":"La poup\u00e9e Bibi de Pasito a pasito est bien plus qu&rsquo;un simple jouet : c&rsquo;est une amie fid\u00e8le qui accompagnera vos enfants dans leurs moments les plus pr\u00e9cieux. Faites-la entrer dans votre famille d\u00e8s aujourd&rsquo;hui ! Cette charmante poup\u00e9e de chiffon est con\u00e7ue pour \u00eatre le parfait compagnon de jeu et d&rsquo;aventure des petits. Avec [&hellip;]","og_url":"https:\/\/pasitoapasito.es\/fr\/produit\/poupee-bibi-somerset-35-cm\/","og_site_name":"Pasito a Pasito","og_image":[{"width":1200,"height":1200,"url":"https:\/\/pasitoapasito.es\/wp-content\/uploads\/2024\/10\/1120900412_a.jpg","type":"image\/jpeg"}],"twitter_card":"summary_large_image","twitter_misc":{"Dur\u00e9e de lecture estim\u00e9e":"1 minute"},"schema":{"@context":"https:\/\/schema.org","@graph":[{"@type":"WebPage","@id":"https:\/\/pasitoapasito.es\/fr\/produit\/poupee-bibi-somerset-35-cm\/","url":"https:\/\/pasitoapasito.es\/fr\/produit\/poupee-bibi-somerset-35-cm\/","name":"POUP\u00c9E\u00a0BIBI SOMERSET 35 CM - Pasito a Pasito","isPartOf":{"@id":"https:\/\/pasitoapasito.es\/fr\/#website"},"primaryImageOfPage":{"@id":"https:\/\/pasitoapasito.es\/fr\/produit\/poupee-bibi-somerset-35-cm\/#primaryimage"},"image":{"@id":"https:\/\/pasitoapasito.es\/fr\/produit\/poupee-bibi-somerset-35-cm\/#primaryimage"},"thumbnailUrl":"https:\/\/pasitoapasito.es\/wp-content\/uploads\/2024\/10\/1120900412_a.jpg","datePublished":"2024-10-15T07:40:46+00:00","breadcrumb":{"@id":"https:\/\/pasitoapasito.es\/fr\/produit\/poupee-bibi-somerset-35-cm\/#breadcrumb"},"inLanguage":"fr-FR","potentialAction":[{"@type":"ReadAction","target":["https:\/\/pasitoapasito.es\/fr\/produit\/poupee-bibi-somerset-35-cm\/"]}]},{"@type":"ImageObject","inLanguage":"fr-FR","@id":"https:\/\/pasitoapasito.es\/fr\/produit\/poupee-bibi-somerset-35-cm\/#primaryimage","url":"https:\/\/pasitoapasito.es\/wp-content\/uploads\/2024\/10\/1120900412_a.jpg","contentUrl":"https:\/\/pasitoapasito.es\/wp-content\/uploads\/2024\/10\/1120900412_a.jpg","width":1200,"height":1200},{"@type":"BreadcrumbList","@id":"https:\/\/pasitoapasito.es\/fr\/produit\/poupee-bibi-somerset-35-cm\/#breadcrumb","itemListElement":[{"@type":"ListItem","position":1,"name":"Tienda","item":"https:\/\/pasitoapasito.es\/tienda\/"},{"@type":"ListItem","position":2,"name":"POUP\u00c9E\u00a0BIBI SOMERSET 35 CM"}]},{"@type":"WebSite","@id":"https:\/\/pasitoapasito.es\/fr\/#website","url":"https:\/\/pasitoapasito.es\/fr\/","name":"Pasito a Pasito","description":"","potentialAction":[{"@type":"SearchAction","target":{"@type":"EntryPoint","urlTemplate":"https:\/\/pasitoapasito.es\/fr\/?s={search_term_string}"},"query-input":{"@type":"PropertyValueSpecification","valueRequired":true,"valueName":"search_term_string"}}],"inLanguage":"fr-FR"}]}},"_links":{"self":[{"href":"https:\/\/pasitoapasito.es\/fr\/wp-json\/wp\/v2\/product\/37558","targetHints":{"allow":["GET"]}}],"collection":[{"href":"https:\/\/pasitoapasito.es\/fr\/wp-json\/wp\/v2\/product"}],"about":[{"href":"https:\/\/pasitoapasito.es\/fr\/wp-json\/wp\/v2\/types\/product"}],"replies":[{"embeddable":true,"href":"https:\/\/pasitoapasito.es\/fr\/wp-json\/wp\/v2\/comments?post=37558"}],"wp:featuredmedia":[{"embeddable":true,"href":"https:\/\/pasitoapasito.es\/fr\/wp-json\/wp\/v2\/media\/37513"}],"wp:attachment":[{"href":"https:\/\/pasitoapasito.es\/fr\/wp-json\/wp\/v2\/media?parent=37558"}],"wp:term":[{"taxonomy":"colecciones","embeddable":true,"href":"https:\/\/pasitoapasito.es\/fr\/wp-json\/wp\/v2\/colecciones?post=37558"},{"taxonomy":"product_brand","embeddable":true,"href":"https:\/\/pasitoapasito.es\/fr\/wp-json\/wp\/v2\/product_brand?post=37558"},{"taxonomy":"product_cat","embeddable":true,"href":"https:\/\/pasitoapasito.es\/fr\/wp-json\/wp\/v2\/product_cat?post=37558"},{"taxonomy":"product_tag","embeddable":true,"href":"https:\/\/pasitoapasito.es\/fr\/wp-json\/wp\/v2\/product_tag?post=37558"}],"curies":[{"name":"wp","href":"https:\/\/api.w.org\/{rel}","templated":true}]}}