{"id":37337,"date":"2024-10-11T08:36:01","date_gmt":"2024-10-11T08:36:01","guid":{"rendered":"https:\/\/pasitoapasito.es\/?post_type=product&#038;p=37337"},"modified":"2024-10-11T10:33:38","modified_gmt":"2024-10-11T10:33:38","slug":"chanceliere-hiver-tartan","status":"publish","type":"product","link":"https:\/\/pasitoapasito.es\/fr\/produit\/chanceliere-hiver-tartan\/","title":{"rendered":"CHANCELIERE HIVER TARTAN"},"content":{"rendered":"<p>La housse \u00e0 carreaux gris de Tarten est id\u00e9ale pour couvrir la poussette \u00e9quip\u00e9e d&rsquo;un sac. L&rsquo;int\u00e9rieur est fait d&rsquo;un mat\u00e9riau chaud et doux pour garder votre b\u00e9b\u00e9 au chaud pendant la promenade. La mati\u00e8re est trait\u00e9e hydrofuge. Elle dispose de plusieurs ouvertures (\u0153illets) et de r\u00e9glages pour s&rsquo;adapter \u00e0 la plupart des poussettes, ce qui rend les promenades de votre b\u00e9b\u00e9 s\u00fbres et confortables. Les housses de poussette sont fabriqu\u00e9es conform\u00e9ment aux normes europ\u00e9ennes les plus exigeantes. Les mat\u00e9riaux utilis\u00e9s sont exempts de colorants azo\u00efques et de substances nocives pour la sant\u00e9 de votre b\u00e9b\u00e9. Facile \u00e0 nettoyer, il est recommand\u00e9 de les laver en machine \u00e0 30\u00ba. Les produits pour b\u00e9b\u00e9s Pasito a Pasito ont un design tr\u00e8s diff\u00e9rent de tous les autres. Leurs collections se caract\u00e9risent par un travail minutieux, toujours con\u00e7u d&rsquo;un point de vue pratique. Ils utilisent des mat\u00e9riaux de premi\u00e8re qualit\u00e9 pour mettre en valeur l&rsquo;\u00e9l\u00e9gance et l&rsquo;harmonie de chacune de leurs pi\u00e8ces. Nos mod\u00e8les sont exclusifs et d&rsquo;un style incomparable, con\u00e7us pour les m\u00e8res modernes qui appr\u00e9cient le bon go\u00fbt et les d\u00e9tails autant que nous.Pasito a pasito housses de poussette. Sp\u00e9cifications : Mat\u00e9riaux : int. 100% polyester &#8211; ext. 100% coton avec traitement imperm\u00e9able. Taille universelle.<\/p>\n","protected":false},"excerpt":{"rendered":"<p>La housse \u00e0 carreaux gris de Tarten est id\u00e9ale pour couvrir la poussette \u00e9quip\u00e9e d&rsquo;un sac. L&rsquo;int\u00e9rieur est fait d&rsquo;un mat\u00e9riau chaud et doux pour garder votre b\u00e9b\u00e9 au chaud pendant la promenade. La mati\u00e8re est trait\u00e9e hydrofuge. Elle dispose de plusieurs ouvertures (\u0153illets) et de r\u00e9glages pour s&rsquo;adapter \u00e0 la plupart des poussettes, ce [&hellip;]<\/p>\n","protected":false},"featured_media":37277,"comment_status":"closed","ping_status":"closed","template":"","meta":{"_acf_changed":false,"inline_featured_image":false},"colecciones":[],"product_brand":[],"product_cat":[147,161],"product_tag":[],"class_list":{"0":"post-37337","1":"product","2":"type-product","3":"status-publish","4":"has-post-thumbnail","6":"product_cat-assises-et-chancelieres-pour-poussette","7":"product_cat-sorties","9":"first","10":"instock","11":"purchasable","12":"product-type-simple"},"acf":[],"yoast_head":"<!-- This site is optimized with the Yoast SEO plugin v27.3 - https:\/\/yoast.com\/product\/yoast-seo-wordpress\/ -->\n<title>CHANCELIERE HIVER TARTAN - Pasito a Pasito<\/title>\n<meta name=\"robots\" content=\"index, follow, max-snippet:-1, max-image-preview:large, max-video-preview:-1\" \/>\n<link rel=\"canonical\" href=\"https:\/\/pasitoapasito.es\/fr\/produit\/chanceliere-hiver-tartan\/\" \/>\n<meta property=\"og:locale\" content=\"fr_FR\" \/>\n<meta property=\"og:type\" content=\"article\" \/>\n<meta property=\"og:title\" content=\"CHANCELIERE HIVER TARTAN - Pasito a Pasito\" \/>\n<meta property=\"og:description\" content=\"La housse \u00e0 carreaux gris de Tarten est id\u00e9ale pour couvrir la poussette \u00e9quip\u00e9e d&rsquo;un sac. L&rsquo;int\u00e9rieur est fait d&rsquo;un mat\u00e9riau chaud et doux pour garder votre b\u00e9b\u00e9 au chaud pendant la promenade. La mati\u00e8re est trait\u00e9e hydrofuge. Elle dispose de plusieurs ouvertures (\u0153illets) et de r\u00e9glages pour s&rsquo;adapter \u00e0 la plupart des poussettes, ce [&hellip;]\" \/>\n<meta property=\"og:url\" content=\"https:\/\/pasitoapasito.es\/fr\/produit\/chanceliere-hiver-tartan\/\" \/>\n<meta property=\"og:site_name\" content=\"Pasito a Pasito\" \/>\n<meta property=\"article:modified_time\" content=\"2024-10-11T10:33:38+00:00\" \/>\n<meta property=\"og:image\" content=\"https:\/\/pasitoapasito.es\/wp-content\/uploads\/2024\/10\/1120900394_a.jpg\" \/>\n\t<meta property=\"og:image:width\" content=\"1200\" \/>\n\t<meta property=\"og:image:height\" content=\"1200\" \/>\n\t<meta property=\"og:image:type\" content=\"image\/jpeg\" \/>\n<meta name=\"twitter:card\" content=\"summary_large_image\" \/>\n<meta name=\"twitter:label1\" content=\"Dur\u00e9e de lecture estim\u00e9e\" \/>\n\t<meta name=\"twitter:data1\" content=\"1 minute\" \/>\n<script type=\"application\/ld+json\" class=\"yoast-schema-graph\">{\"@context\":\"https:\\\/\\\/schema.org\",\"@graph\":[{\"@type\":\"WebPage\",\"@id\":\"https:\\\/\\\/pasitoapasito.es\\\/fr\\\/produit\\\/chanceliere-hiver-tartan\\\/\",\"url\":\"https:\\\/\\\/pasitoapasito.es\\\/fr\\\/produit\\\/chanceliere-hiver-tartan\\\/\",\"name\":\"CHANCELIERE HIVER TARTAN - Pasito a Pasito\",\"isPartOf\":{\"@id\":\"https:\\\/\\\/pasitoapasito.es\\\/fr\\\/#website\"},\"primaryImageOfPage\":{\"@id\":\"https:\\\/\\\/pasitoapasito.es\\\/fr\\\/produit\\\/chanceliere-hiver-tartan\\\/#primaryimage\"},\"image\":{\"@id\":\"https:\\\/\\\/pasitoapasito.es\\\/fr\\\/produit\\\/chanceliere-hiver-tartan\\\/#primaryimage\"},\"thumbnailUrl\":\"https:\\\/\\\/pasitoapasito.es\\\/wp-content\\\/uploads\\\/2024\\\/10\\\/1120900394_a.jpg\",\"datePublished\":\"2024-10-11T08:36:01+00:00\",\"dateModified\":\"2024-10-11T10:33:38+00:00\",\"breadcrumb\":{\"@id\":\"https:\\\/\\\/pasitoapasito.es\\\/fr\\\/produit\\\/chanceliere-hiver-tartan\\\/#breadcrumb\"},\"inLanguage\":\"fr-FR\",\"potentialAction\":[{\"@type\":\"ReadAction\",\"target\":[\"https:\\\/\\\/pasitoapasito.es\\\/fr\\\/produit\\\/chanceliere-hiver-tartan\\\/\"]}]},{\"@type\":\"ImageObject\",\"inLanguage\":\"fr-FR\",\"@id\":\"https:\\\/\\\/pasitoapasito.es\\\/fr\\\/produit\\\/chanceliere-hiver-tartan\\\/#primaryimage\",\"url\":\"https:\\\/\\\/pasitoapasito.es\\\/wp-content\\\/uploads\\\/2024\\\/10\\\/1120900394_a.jpg\",\"contentUrl\":\"https:\\\/\\\/pasitoapasito.es\\\/wp-content\\\/uploads\\\/2024\\\/10\\\/1120900394_a.jpg\",\"width\":1200,\"height\":1200},{\"@type\":\"BreadcrumbList\",\"@id\":\"https:\\\/\\\/pasitoapasito.es\\\/fr\\\/produit\\\/chanceliere-hiver-tartan\\\/#breadcrumb\",\"itemListElement\":[{\"@type\":\"ListItem\",\"position\":1,\"name\":\"Tienda\",\"item\":\"https:\\\/\\\/pasitoapasito.es\\\/tienda\\\/\"},{\"@type\":\"ListItem\",\"position\":2,\"name\":\"CHANCELIERE HIVER TARTAN\"}]},{\"@type\":\"WebSite\",\"@id\":\"https:\\\/\\\/pasitoapasito.es\\\/fr\\\/#website\",\"url\":\"https:\\\/\\\/pasitoapasito.es\\\/fr\\\/\",\"name\":\"Pasito a Pasito\",\"description\":\"\",\"potentialAction\":[{\"@type\":\"SearchAction\",\"target\":{\"@type\":\"EntryPoint\",\"urlTemplate\":\"https:\\\/\\\/pasitoapasito.es\\\/fr\\\/?s={search_term_string}\"},\"query-input\":{\"@type\":\"PropertyValueSpecification\",\"valueRequired\":true,\"valueName\":\"search_term_string\"}}],\"inLanguage\":\"fr-FR\"}]}<\/script>\n<!-- \/ Yoast SEO plugin. -->","yoast_head_json":{"title":"CHANCELIERE HIVER TARTAN - Pasito a Pasito","robots":{"index":"index","follow":"follow","max-snippet":"max-snippet:-1","max-image-preview":"max-image-preview:large","max-video-preview":"max-video-preview:-1"},"canonical":"https:\/\/pasitoapasito.es\/fr\/produit\/chanceliere-hiver-tartan\/","og_locale":"fr_FR","og_type":"article","og_title":"CHANCELIERE HIVER TARTAN - Pasito a Pasito","og_description":"La housse \u00e0 carreaux gris de Tarten est id\u00e9ale pour couvrir la poussette \u00e9quip\u00e9e d&rsquo;un sac. L&rsquo;int\u00e9rieur est fait d&rsquo;un mat\u00e9riau chaud et doux pour garder votre b\u00e9b\u00e9 au chaud pendant la promenade. La mati\u00e8re est trait\u00e9e hydrofuge. Elle dispose de plusieurs ouvertures (\u0153illets) et de r\u00e9glages pour s&rsquo;adapter \u00e0 la plupart des poussettes, ce [&hellip;]","og_url":"https:\/\/pasitoapasito.es\/fr\/produit\/chanceliere-hiver-tartan\/","og_site_name":"Pasito a Pasito","article_modified_time":"2024-10-11T10:33:38+00:00","og_image":[{"width":1200,"height":1200,"url":"https:\/\/pasitoapasito.es\/wp-content\/uploads\/2024\/10\/1120900394_a.jpg","type":"image\/jpeg"}],"twitter_card":"summary_large_image","twitter_misc":{"Dur\u00e9e de lecture estim\u00e9e":"1 minute"},"schema":{"@context":"https:\/\/schema.org","@graph":[{"@type":"WebPage","@id":"https:\/\/pasitoapasito.es\/fr\/produit\/chanceliere-hiver-tartan\/","url":"https:\/\/pasitoapasito.es\/fr\/produit\/chanceliere-hiver-tartan\/","name":"CHANCELIERE HIVER TARTAN - Pasito a Pasito","isPartOf":{"@id":"https:\/\/pasitoapasito.es\/fr\/#website"},"primaryImageOfPage":{"@id":"https:\/\/pasitoapasito.es\/fr\/produit\/chanceliere-hiver-tartan\/#primaryimage"},"image":{"@id":"https:\/\/pasitoapasito.es\/fr\/produit\/chanceliere-hiver-tartan\/#primaryimage"},"thumbnailUrl":"https:\/\/pasitoapasito.es\/wp-content\/uploads\/2024\/10\/1120900394_a.jpg","datePublished":"2024-10-11T08:36:01+00:00","dateModified":"2024-10-11T10:33:38+00:00","breadcrumb":{"@id":"https:\/\/pasitoapasito.es\/fr\/produit\/chanceliere-hiver-tartan\/#breadcrumb"},"inLanguage":"fr-FR","potentialAction":[{"@type":"ReadAction","target":["https:\/\/pasitoapasito.es\/fr\/produit\/chanceliere-hiver-tartan\/"]}]},{"@type":"ImageObject","inLanguage":"fr-FR","@id":"https:\/\/pasitoapasito.es\/fr\/produit\/chanceliere-hiver-tartan\/#primaryimage","url":"https:\/\/pasitoapasito.es\/wp-content\/uploads\/2024\/10\/1120900394_a.jpg","contentUrl":"https:\/\/pasitoapasito.es\/wp-content\/uploads\/2024\/10\/1120900394_a.jpg","width":1200,"height":1200},{"@type":"BreadcrumbList","@id":"https:\/\/pasitoapasito.es\/fr\/produit\/chanceliere-hiver-tartan\/#breadcrumb","itemListElement":[{"@type":"ListItem","position":1,"name":"Tienda","item":"https:\/\/pasitoapasito.es\/tienda\/"},{"@type":"ListItem","position":2,"name":"CHANCELIERE HIVER TARTAN"}]},{"@type":"WebSite","@id":"https:\/\/pasitoapasito.es\/fr\/#website","url":"https:\/\/pasitoapasito.es\/fr\/","name":"Pasito a Pasito","description":"","potentialAction":[{"@type":"SearchAction","target":{"@type":"EntryPoint","urlTemplate":"https:\/\/pasitoapasito.es\/fr\/?s={search_term_string}"},"query-input":{"@type":"PropertyValueSpecification","valueRequired":true,"valueName":"search_term_string"}}],"inLanguage":"fr-FR"}]}},"_links":{"self":[{"href":"https:\/\/pasitoapasito.es\/fr\/wp-json\/wp\/v2\/product\/37337","targetHints":{"allow":["GET"]}}],"collection":[{"href":"https:\/\/pasitoapasito.es\/fr\/wp-json\/wp\/v2\/product"}],"about":[{"href":"https:\/\/pasitoapasito.es\/fr\/wp-json\/wp\/v2\/types\/product"}],"replies":[{"embeddable":true,"href":"https:\/\/pasitoapasito.es\/fr\/wp-json\/wp\/v2\/comments?post=37337"}],"wp:featuredmedia":[{"embeddable":true,"href":"https:\/\/pasitoapasito.es\/fr\/wp-json\/wp\/v2\/media\/37277"}],"wp:attachment":[{"href":"https:\/\/pasitoapasito.es\/fr\/wp-json\/wp\/v2\/media?parent=37337"}],"wp:term":[{"taxonomy":"colecciones","embeddable":true,"href":"https:\/\/pasitoapasito.es\/fr\/wp-json\/wp\/v2\/colecciones?post=37337"},{"taxonomy":"product_brand","embeddable":true,"href":"https:\/\/pasitoapasito.es\/fr\/wp-json\/wp\/v2\/product_brand?post=37337"},{"taxonomy":"product_cat","embeddable":true,"href":"https:\/\/pasitoapasito.es\/fr\/wp-json\/wp\/v2\/product_cat?post=37337"},{"taxonomy":"product_tag","embeddable":true,"href":"https:\/\/pasitoapasito.es\/fr\/wp-json\/wp\/v2\/product_tag?post=37337"}],"curies":[{"name":"wp","href":"https:\/\/api.w.org\/{rel}","templated":true}]}}