{"id":37335,"date":"2024-10-11T08:36:01","date_gmt":"2024-10-11T08:36:01","guid":{"rendered":"https:\/\/pasitoapasito.es\/?post_type=product&#038;p=37335"},"modified":"2024-10-11T10:33:39","modified_gmt":"2024-10-11T10:33:39","slug":"nid-dange-avec-capuche-tartan","status":"publish","type":"product","link":"https:\/\/pasitoapasito.es\/fr\/produit\/nid-dange-avec-capuche-tartan\/","title":{"rendered":"NID D&rsquo;ANGE AVEC CAPUCHE TARTAN"},"content":{"rendered":"<p>La gigoteuse \u00e0 capuche Tartan de Pasito a Pasito est une gigoteuse pour b\u00e9b\u00e9 fabriqu\u00e9e dans un tissu tr\u00e8s doux \u00e0 carreaux gris et imprim\u00e9 bambou. Elle est id\u00e9ale pour les premiers jours de votre b\u00e9b\u00e9. Un compl\u00e9ment tr\u00e8s utile et polyvalent aux affaires de votre b\u00e9b\u00e9. Pr\u00e9parez avec amour le nid rose de votre b\u00e9b\u00e9 et d\u00e9corez ses r\u00eaves d&rsquo;une touche diff\u00e9rente partout o\u00f9 vous le d\u00e9posez. Une gigoteuse matelass\u00e9e et moelleuse qui rend le sommeil plus agr\u00e9able gr\u00e2ce \u00e0 sa forme de nid douillet. Un beau design simple et confortable qui cr\u00e9e un nid pour votre b\u00e9b\u00e9, le gardant bien au chaud et prot\u00e9g\u00e9 les jours de brise. Finitions de qualit\u00e9. Toutes nos housses sont fabriqu\u00e9es selon les normes europ\u00e9ennes les plus exigeantes, avec des mat\u00e9riaux de haute qualit\u00e9, sans colorants azo\u00efques, sans phtalates et sans substances nocives pour la sant\u00e9. Tissu facile \u00e0 nettoyer, nous recommandons un lavage en machine \u00e0 30\u00ba. Les produits pour b\u00e9b\u00e9s Pasito a Pasito ont un design tr\u00e8s diff\u00e9rent de tous les autres. Leurs collections se caract\u00e9risent par un travail minutieux, toujours con\u00e7u d&rsquo;un point de vue pratique. Elles utilisent des mat\u00e9riaux de premi\u00e8re qualit\u00e9 pour mettre en valeur l&rsquo;\u00e9l\u00e9gance et l&rsquo;harmonie de chacune de leurs pi\u00e8ces. Nos mod\u00e8les sont exclusifs et d&rsquo;un style incomparable, con\u00e7us pour les m\u00e8res modernes qui appr\u00e9cient le bon go\u00fbt et les d\u00e9tails autant que nous.  Sp\u00e9cifications : Mat\u00e9riaux : 100% coton. Taille universelle.<\/p>\n","protected":false},"excerpt":{"rendered":"<p>La gigoteuse \u00e0 capuche Tartan de Pasito a Pasito est une gigoteuse pour b\u00e9b\u00e9 fabriqu\u00e9e dans un tissu tr\u00e8s doux \u00e0 carreaux gris et imprim\u00e9 bambou. Elle est id\u00e9ale pour les premiers jours de votre b\u00e9b\u00e9. Un compl\u00e9ment tr\u00e8s utile et polyvalent aux affaires de votre b\u00e9b\u00e9. Pr\u00e9parez avec amour le nid rose de votre [&hellip;]<\/p>\n","protected":false},"featured_media":37233,"comment_status":"closed","ping_status":"closed","template":"","meta":{"_acf_changed":false,"inline_featured_image":false},"colecciones":[],"product_brand":[],"product_cat":[257],"product_tag":[],"class_list":{"0":"post-37335","1":"product","2":"type-product","3":"status-publish","4":"has-post-thumbnail","6":"product_cat-special-prices-fr","8":"first","9":"instock","10":"purchasable","11":"product-type-simple"},"acf":[],"yoast_head":"<!-- This site is optimized with the Yoast SEO plugin v27.4 - https:\/\/yoast.com\/product\/yoast-seo-wordpress\/ -->\n<title>NID D&#039;ANGE AVEC CAPUCHE TARTAN - Pasito a Pasito<\/title>\n<meta name=\"robots\" content=\"index, follow, max-snippet:-1, max-image-preview:large, max-video-preview:-1\" \/>\n<link rel=\"canonical\" href=\"https:\/\/pasitoapasito.es\/produit\/saco-capucha-cuadros-tartan\/\" \/>\n<meta property=\"og:locale\" content=\"fr_FR\" \/>\n<meta property=\"og:type\" content=\"article\" \/>\n<meta property=\"og:title\" content=\"NID D&#039;ANGE AVEC CAPUCHE TARTAN - Pasito a Pasito\" \/>\n<meta property=\"og:description\" content=\"La gigoteuse \u00e0 capuche Tartan de Pasito a Pasito est une gigoteuse pour b\u00e9b\u00e9 fabriqu\u00e9e dans un tissu tr\u00e8s doux \u00e0 carreaux gris et imprim\u00e9 bambou. Elle est id\u00e9ale pour les premiers jours de votre b\u00e9b\u00e9. Un compl\u00e9ment tr\u00e8s utile et polyvalent aux affaires de votre b\u00e9b\u00e9. Pr\u00e9parez avec amour le nid rose de votre [&hellip;]\" \/>\n<meta property=\"og:url\" content=\"https:\/\/pasitoapasito.es\/produit\/saco-capucha-cuadros-tartan\/\" \/>\n<meta property=\"og:site_name\" content=\"Pasito a Pasito\" \/>\n<meta property=\"article:modified_time\" content=\"2024-10-11T10:33:39+00:00\" \/>\n<meta property=\"og:image\" content=\"https:\/\/pasitoapasito.es\/wp-content\/uploads\/2024\/10\/1120900390_a.jpg\" \/>\n\t<meta property=\"og:image:width\" content=\"1200\" \/>\n\t<meta property=\"og:image:height\" content=\"1200\" \/>\n\t<meta property=\"og:image:type\" content=\"image\/jpeg\" \/>\n<meta name=\"twitter:card\" content=\"summary_large_image\" \/>\n<meta name=\"twitter:label1\" content=\"Dur\u00e9e de lecture estim\u00e9e\" \/>\n\t<meta name=\"twitter:data1\" content=\"1 minute\" \/>\n<script type=\"application\/ld+json\" class=\"yoast-schema-graph\">{\"@context\":\"https:\\\/\\\/schema.org\",\"@graph\":[{\"@type\":\"WebPage\",\"@id\":\"https:\\\/\\\/pasitoapasito.es\\\/produit\\\/saco-capucha-cuadros-tartan\\\/\",\"url\":\"https:\\\/\\\/pasitoapasito.es\\\/produit\\\/saco-capucha-cuadros-tartan\\\/\",\"name\":\"NID D'ANGE AVEC CAPUCHE TARTAN - Pasito a Pasito\",\"isPartOf\":{\"@id\":\"https:\\\/\\\/pasitoapasito.es\\\/fr\\\/#website\"},\"primaryImageOfPage\":{\"@id\":\"https:\\\/\\\/pasitoapasito.es\\\/produit\\\/saco-capucha-cuadros-tartan\\\/#primaryimage\"},\"image\":{\"@id\":\"https:\\\/\\\/pasitoapasito.es\\\/produit\\\/saco-capucha-cuadros-tartan\\\/#primaryimage\"},\"thumbnailUrl\":\"https:\\\/\\\/pasitoapasito.es\\\/wp-content\\\/uploads\\\/2024\\\/10\\\/1120900390_a.jpg\",\"datePublished\":\"2024-10-11T08:36:01+00:00\",\"dateModified\":\"2024-10-11T10:33:39+00:00\",\"breadcrumb\":{\"@id\":\"https:\\\/\\\/pasitoapasito.es\\\/produit\\\/saco-capucha-cuadros-tartan\\\/#breadcrumb\"},\"inLanguage\":\"fr-FR\",\"potentialAction\":[{\"@type\":\"ReadAction\",\"target\":[\"https:\\\/\\\/pasitoapasito.es\\\/produit\\\/saco-capucha-cuadros-tartan\\\/\"]}]},{\"@type\":\"ImageObject\",\"inLanguage\":\"fr-FR\",\"@id\":\"https:\\\/\\\/pasitoapasito.es\\\/produit\\\/saco-capucha-cuadros-tartan\\\/#primaryimage\",\"url\":\"https:\\\/\\\/pasitoapasito.es\\\/wp-content\\\/uploads\\\/2024\\\/10\\\/1120900390_a.jpg\",\"contentUrl\":\"https:\\\/\\\/pasitoapasito.es\\\/wp-content\\\/uploads\\\/2024\\\/10\\\/1120900390_a.jpg\",\"width\":1200,\"height\":1200},{\"@type\":\"BreadcrumbList\",\"@id\":\"https:\\\/\\\/pasitoapasito.es\\\/produit\\\/saco-capucha-cuadros-tartan\\\/#breadcrumb\",\"itemListElement\":[{\"@type\":\"ListItem\",\"position\":1,\"name\":\"Tienda\",\"item\":\"https:\\\/\\\/pasitoapasito.es\\\/tienda\\\/\"},{\"@type\":\"ListItem\",\"position\":2,\"name\":\"NID D&#8217;ANGE AVEC CAPUCHE TARTAN\"}]},{\"@type\":\"WebSite\",\"@id\":\"https:\\\/\\\/pasitoapasito.es\\\/fr\\\/#website\",\"url\":\"https:\\\/\\\/pasitoapasito.es\\\/fr\\\/\",\"name\":\"Pasito a Pasito\",\"description\":\"\",\"potentialAction\":[{\"@type\":\"SearchAction\",\"target\":{\"@type\":\"EntryPoint\",\"urlTemplate\":\"https:\\\/\\\/pasitoapasito.es\\\/fr\\\/?s={search_term_string}\"},\"query-input\":{\"@type\":\"PropertyValueSpecification\",\"valueRequired\":true,\"valueName\":\"search_term_string\"}}],\"inLanguage\":\"fr-FR\"}]}<\/script>\n<!-- \/ Yoast SEO plugin. -->","yoast_head_json":{"title":"NID D'ANGE AVEC CAPUCHE TARTAN - Pasito a Pasito","robots":{"index":"index","follow":"follow","max-snippet":"max-snippet:-1","max-image-preview":"max-image-preview:large","max-video-preview":"max-video-preview:-1"},"canonical":"https:\/\/pasitoapasito.es\/produit\/saco-capucha-cuadros-tartan\/","og_locale":"fr_FR","og_type":"article","og_title":"NID D'ANGE AVEC CAPUCHE TARTAN - Pasito a Pasito","og_description":"La gigoteuse \u00e0 capuche Tartan de Pasito a Pasito est une gigoteuse pour b\u00e9b\u00e9 fabriqu\u00e9e dans un tissu tr\u00e8s doux \u00e0 carreaux gris et imprim\u00e9 bambou. Elle est id\u00e9ale pour les premiers jours de votre b\u00e9b\u00e9. Un compl\u00e9ment tr\u00e8s utile et polyvalent aux affaires de votre b\u00e9b\u00e9. Pr\u00e9parez avec amour le nid rose de votre [&hellip;]","og_url":"https:\/\/pasitoapasito.es\/produit\/saco-capucha-cuadros-tartan\/","og_site_name":"Pasito a Pasito","article_modified_time":"2024-10-11T10:33:39+00:00","og_image":[{"width":1200,"height":1200,"url":"https:\/\/pasitoapasito.es\/wp-content\/uploads\/2024\/10\/1120900390_a.jpg","type":"image\/jpeg"}],"twitter_card":"summary_large_image","twitter_misc":{"Dur\u00e9e de lecture estim\u00e9e":"1 minute"},"schema":{"@context":"https:\/\/schema.org","@graph":[{"@type":"WebPage","@id":"https:\/\/pasitoapasito.es\/produit\/saco-capucha-cuadros-tartan\/","url":"https:\/\/pasitoapasito.es\/produit\/saco-capucha-cuadros-tartan\/","name":"NID D'ANGE AVEC CAPUCHE TARTAN - Pasito a Pasito","isPartOf":{"@id":"https:\/\/pasitoapasito.es\/fr\/#website"},"primaryImageOfPage":{"@id":"https:\/\/pasitoapasito.es\/produit\/saco-capucha-cuadros-tartan\/#primaryimage"},"image":{"@id":"https:\/\/pasitoapasito.es\/produit\/saco-capucha-cuadros-tartan\/#primaryimage"},"thumbnailUrl":"https:\/\/pasitoapasito.es\/wp-content\/uploads\/2024\/10\/1120900390_a.jpg","datePublished":"2024-10-11T08:36:01+00:00","dateModified":"2024-10-11T10:33:39+00:00","breadcrumb":{"@id":"https:\/\/pasitoapasito.es\/produit\/saco-capucha-cuadros-tartan\/#breadcrumb"},"inLanguage":"fr-FR","potentialAction":[{"@type":"ReadAction","target":["https:\/\/pasitoapasito.es\/produit\/saco-capucha-cuadros-tartan\/"]}]},{"@type":"ImageObject","inLanguage":"fr-FR","@id":"https:\/\/pasitoapasito.es\/produit\/saco-capucha-cuadros-tartan\/#primaryimage","url":"https:\/\/pasitoapasito.es\/wp-content\/uploads\/2024\/10\/1120900390_a.jpg","contentUrl":"https:\/\/pasitoapasito.es\/wp-content\/uploads\/2024\/10\/1120900390_a.jpg","width":1200,"height":1200},{"@type":"BreadcrumbList","@id":"https:\/\/pasitoapasito.es\/produit\/saco-capucha-cuadros-tartan\/#breadcrumb","itemListElement":[{"@type":"ListItem","position":1,"name":"Tienda","item":"https:\/\/pasitoapasito.es\/tienda\/"},{"@type":"ListItem","position":2,"name":"NID D&#8217;ANGE AVEC CAPUCHE TARTAN"}]},{"@type":"WebSite","@id":"https:\/\/pasitoapasito.es\/fr\/#website","url":"https:\/\/pasitoapasito.es\/fr\/","name":"Pasito a Pasito","description":"","potentialAction":[{"@type":"SearchAction","target":{"@type":"EntryPoint","urlTemplate":"https:\/\/pasitoapasito.es\/fr\/?s={search_term_string}"},"query-input":{"@type":"PropertyValueSpecification","valueRequired":true,"valueName":"search_term_string"}}],"inLanguage":"fr-FR"}]}},"_links":{"self":[{"href":"https:\/\/pasitoapasito.es\/fr\/wp-json\/wp\/v2\/product\/37335","targetHints":{"allow":["GET"]}}],"collection":[{"href":"https:\/\/pasitoapasito.es\/fr\/wp-json\/wp\/v2\/product"}],"about":[{"href":"https:\/\/pasitoapasito.es\/fr\/wp-json\/wp\/v2\/types\/product"}],"replies":[{"embeddable":true,"href":"https:\/\/pasitoapasito.es\/fr\/wp-json\/wp\/v2\/comments?post=37335"}],"wp:featuredmedia":[{"embeddable":true,"href":"https:\/\/pasitoapasito.es\/fr\/wp-json\/wp\/v2\/media\/37233"}],"wp:attachment":[{"href":"https:\/\/pasitoapasito.es\/fr\/wp-json\/wp\/v2\/media?parent=37335"}],"wp:term":[{"taxonomy":"colecciones","embeddable":true,"href":"https:\/\/pasitoapasito.es\/fr\/wp-json\/wp\/v2\/colecciones?post=37335"},{"taxonomy":"product_brand","embeddable":true,"href":"https:\/\/pasitoapasito.es\/fr\/wp-json\/wp\/v2\/product_brand?post=37335"},{"taxonomy":"product_cat","embeddable":true,"href":"https:\/\/pasitoapasito.es\/fr\/wp-json\/wp\/v2\/product_cat?post=37335"},{"taxonomy":"product_tag","embeddable":true,"href":"https:\/\/pasitoapasito.es\/fr\/wp-json\/wp\/v2\/product_tag?post=37335"}],"curies":[{"name":"wp","href":"https:\/\/api.w.org\/{rel}","templated":true}]}}