{"id":37333,"date":"2024-10-11T08:36:02","date_gmt":"2024-10-11T08:36:02","guid":{"rendered":"https:\/\/pasitoapasito.es\/?post_type=product&#038;p=37333"},"modified":"2024-10-11T10:33:38","modified_gmt":"2024-10-11T10:33:38","slug":"trousse-de-toilette-tartan","status":"publish","type":"product","link":"https:\/\/pasitoapasito.es\/fr\/produit\/trousse-de-toilette-tartan\/","title":{"rendered":"TROUSSE DE TOILETTE TARTAN"},"content":{"rendered":"<p>La trousse de toilette \u00e9cossaise \u00e0 carreaux gris de Pasito a pasito en coton r\u00e9sistant avec un traitement imperm\u00e9able est un petit sac sp\u00e9cialement con\u00e7u pour transporter toutes les affaires de toilette de votre b\u00e9b\u00e9 lorsque vous quittez la maison. C&rsquo;est un mod\u00e8le unique avec beaucoup de style pour s&rsquo;adapter \u00e0 vos besoins. C&rsquo;est un beau mod\u00e8le, simple et confortable, qui offre un espace r\u00e9duit mais pr\u00e9cis pour transporter tout ce dont vous avez besoin pour l&rsquo;hygi\u00e8ne de votre b\u00e9b\u00e9, peigne, lotions et autres objets qui, parce qu&rsquo;ils sont si petits, se perdent parfois \u00e0 l&rsquo;int\u00e9rieur du sac de la layette. Il est dot\u00e9 d&rsquo;une fermeture \u00e0 glissi\u00e8re \u00e0 ouverture facile. Finitions de qualit\u00e9. Il est fabriqu\u00e9 avec des mat\u00e9riaux de haute qualit\u00e9, sans colorants azo\u00efques, sans phtalates et sans substances nocives pour la sant\u00e9. Il peut \u00eatre lav\u00e9 \u00e0 la main ou en machine \u00e0 des temp\u00e9ratures allant jusqu&rsquo;\u00e0 30\u00ba. Les produits pour b\u00e9b\u00e9s Pasito a Pasito ont un design tr\u00e8s diff\u00e9rent de tous les autres. Leurs collections se caract\u00e9risent par un travail minutieux, toujours con\u00e7u d&rsquo;un point de vue pratique. Elles utilisent des mat\u00e9riaux de premi\u00e8re qualit\u00e9 pour mettre en valeur l&rsquo;\u00e9l\u00e9gance et l&rsquo;harmonie de chacune de leurs pi\u00e8ces. Nos mod\u00e8les sont exclusifs et d&rsquo;un style incomparable, con\u00e7us pour les m\u00e8res modernes qui aiment le bon go\u00fbt et appr\u00e9cient les d\u00e9tails autant que nous. Sp\u00e9cifications : Mat\u00e9riaux : 100% coton avec traitement imperm\u00e9able. Dimensions : 30X21X7 cm.<\/p>\n","protected":false},"excerpt":{"rendered":"<p>La trousse de toilette \u00e9cossaise \u00e0 carreaux gris de Pasito a pasito en coton r\u00e9sistant avec un traitement imperm\u00e9able est un petit sac sp\u00e9cialement con\u00e7u pour transporter toutes les affaires de toilette de votre b\u00e9b\u00e9 lorsque vous quittez la maison. C&rsquo;est un mod\u00e8le unique avec beaucoup de style pour s&rsquo;adapter \u00e0 vos besoins. C&rsquo;est un [&hellip;]<\/p>\n","protected":false},"featured_media":37197,"comment_status":"closed","ping_status":"closed","template":"","meta":{"_acf_changed":false,"inline_featured_image":false},"colecciones":[],"product_brand":[],"product_cat":[138,160],"product_tag":[],"class_list":{"0":"post-37333","1":"product","2":"type-product","3":"status-publish","4":"has-post-thumbnail","6":"product_cat-accessoires","7":"product_cat-sacs-a-langer-et-accessoires","9":"first","10":"instock","11":"purchasable","12":"product-type-simple"},"acf":[],"yoast_head":"<!-- This site is optimized with the Yoast SEO plugin v27.3 - https:\/\/yoast.com\/product\/yoast-seo-wordpress\/ -->\n<title>TROUSSE DE TOILETTE TARTAN - Pasito a Pasito<\/title>\n<meta name=\"robots\" content=\"index, follow, max-snippet:-1, max-image-preview:large, max-video-preview:-1\" \/>\n<link rel=\"canonical\" href=\"https:\/\/pasitoapasito.es\/fr\/produit\/trousse-de-toilette-tartan\/\" \/>\n<meta property=\"og:locale\" content=\"fr_FR\" \/>\n<meta property=\"og:type\" content=\"article\" \/>\n<meta property=\"og:title\" content=\"TROUSSE DE TOILETTE TARTAN - Pasito a Pasito\" \/>\n<meta property=\"og:description\" content=\"La trousse de toilette \u00e9cossaise \u00e0 carreaux gris de Pasito a pasito en coton r\u00e9sistant avec un traitement imperm\u00e9able est un petit sac sp\u00e9cialement con\u00e7u pour transporter toutes les affaires de toilette de votre b\u00e9b\u00e9 lorsque vous quittez la maison. C&rsquo;est un mod\u00e8le unique avec beaucoup de style pour s&rsquo;adapter \u00e0 vos besoins. C&rsquo;est un [&hellip;]\" \/>\n<meta property=\"og:url\" content=\"https:\/\/pasitoapasito.es\/fr\/produit\/trousse-de-toilette-tartan\/\" \/>\n<meta property=\"og:site_name\" content=\"Pasito a Pasito\" \/>\n<meta property=\"article:modified_time\" content=\"2024-10-11T10:33:38+00:00\" \/>\n<meta property=\"og:image\" content=\"https:\/\/pasitoapasito.es\/wp-content\/uploads\/2024\/10\/1120900379_a.jpg\" \/>\n\t<meta property=\"og:image:width\" content=\"1200\" \/>\n\t<meta property=\"og:image:height\" content=\"1200\" \/>\n\t<meta property=\"og:image:type\" content=\"image\/jpeg\" \/>\n<meta name=\"twitter:card\" content=\"summary_large_image\" \/>\n<meta name=\"twitter:label1\" content=\"Dur\u00e9e de lecture estim\u00e9e\" \/>\n\t<meta name=\"twitter:data1\" content=\"1 minute\" \/>\n<script type=\"application\/ld+json\" class=\"yoast-schema-graph\">{\"@context\":\"https:\\\/\\\/schema.org\",\"@graph\":[{\"@type\":\"WebPage\",\"@id\":\"https:\\\/\\\/pasitoapasito.es\\\/fr\\\/produit\\\/trousse-de-toilette-tartan\\\/\",\"url\":\"https:\\\/\\\/pasitoapasito.es\\\/fr\\\/produit\\\/trousse-de-toilette-tartan\\\/\",\"name\":\"TROUSSE DE TOILETTE TARTAN - Pasito a Pasito\",\"isPartOf\":{\"@id\":\"https:\\\/\\\/pasitoapasito.es\\\/fr\\\/#website\"},\"primaryImageOfPage\":{\"@id\":\"https:\\\/\\\/pasitoapasito.es\\\/fr\\\/produit\\\/trousse-de-toilette-tartan\\\/#primaryimage\"},\"image\":{\"@id\":\"https:\\\/\\\/pasitoapasito.es\\\/fr\\\/produit\\\/trousse-de-toilette-tartan\\\/#primaryimage\"},\"thumbnailUrl\":\"https:\\\/\\\/pasitoapasito.es\\\/wp-content\\\/uploads\\\/2024\\\/10\\\/1120900379_a.jpg\",\"datePublished\":\"2024-10-11T08:36:02+00:00\",\"dateModified\":\"2024-10-11T10:33:38+00:00\",\"breadcrumb\":{\"@id\":\"https:\\\/\\\/pasitoapasito.es\\\/fr\\\/produit\\\/trousse-de-toilette-tartan\\\/#breadcrumb\"},\"inLanguage\":\"fr-FR\",\"potentialAction\":[{\"@type\":\"ReadAction\",\"target\":[\"https:\\\/\\\/pasitoapasito.es\\\/fr\\\/produit\\\/trousse-de-toilette-tartan\\\/\"]}]},{\"@type\":\"ImageObject\",\"inLanguage\":\"fr-FR\",\"@id\":\"https:\\\/\\\/pasitoapasito.es\\\/fr\\\/produit\\\/trousse-de-toilette-tartan\\\/#primaryimage\",\"url\":\"https:\\\/\\\/pasitoapasito.es\\\/wp-content\\\/uploads\\\/2024\\\/10\\\/1120900379_a.jpg\",\"contentUrl\":\"https:\\\/\\\/pasitoapasito.es\\\/wp-content\\\/uploads\\\/2024\\\/10\\\/1120900379_a.jpg\",\"width\":1200,\"height\":1200},{\"@type\":\"BreadcrumbList\",\"@id\":\"https:\\\/\\\/pasitoapasito.es\\\/fr\\\/produit\\\/trousse-de-toilette-tartan\\\/#breadcrumb\",\"itemListElement\":[{\"@type\":\"ListItem\",\"position\":1,\"name\":\"Tienda\",\"item\":\"https:\\\/\\\/pasitoapasito.es\\\/tienda\\\/\"},{\"@type\":\"ListItem\",\"position\":2,\"name\":\"TROUSSE DE TOILETTE TARTAN\"}]},{\"@type\":\"WebSite\",\"@id\":\"https:\\\/\\\/pasitoapasito.es\\\/fr\\\/#website\",\"url\":\"https:\\\/\\\/pasitoapasito.es\\\/fr\\\/\",\"name\":\"Pasito a Pasito\",\"description\":\"\",\"potentialAction\":[{\"@type\":\"SearchAction\",\"target\":{\"@type\":\"EntryPoint\",\"urlTemplate\":\"https:\\\/\\\/pasitoapasito.es\\\/fr\\\/?s={search_term_string}\"},\"query-input\":{\"@type\":\"PropertyValueSpecification\",\"valueRequired\":true,\"valueName\":\"search_term_string\"}}],\"inLanguage\":\"fr-FR\"}]}<\/script>\n<!-- \/ Yoast SEO plugin. -->","yoast_head_json":{"title":"TROUSSE DE TOILETTE TARTAN - Pasito a Pasito","robots":{"index":"index","follow":"follow","max-snippet":"max-snippet:-1","max-image-preview":"max-image-preview:large","max-video-preview":"max-video-preview:-1"},"canonical":"https:\/\/pasitoapasito.es\/fr\/produit\/trousse-de-toilette-tartan\/","og_locale":"fr_FR","og_type":"article","og_title":"TROUSSE DE TOILETTE TARTAN - Pasito a Pasito","og_description":"La trousse de toilette \u00e9cossaise \u00e0 carreaux gris de Pasito a pasito en coton r\u00e9sistant avec un traitement imperm\u00e9able est un petit sac sp\u00e9cialement con\u00e7u pour transporter toutes les affaires de toilette de votre b\u00e9b\u00e9 lorsque vous quittez la maison. C&rsquo;est un mod\u00e8le unique avec beaucoup de style pour s&rsquo;adapter \u00e0 vos besoins. C&rsquo;est un [&hellip;]","og_url":"https:\/\/pasitoapasito.es\/fr\/produit\/trousse-de-toilette-tartan\/","og_site_name":"Pasito a Pasito","article_modified_time":"2024-10-11T10:33:38+00:00","og_image":[{"width":1200,"height":1200,"url":"https:\/\/pasitoapasito.es\/wp-content\/uploads\/2024\/10\/1120900379_a.jpg","type":"image\/jpeg"}],"twitter_card":"summary_large_image","twitter_misc":{"Dur\u00e9e de lecture estim\u00e9e":"1 minute"},"schema":{"@context":"https:\/\/schema.org","@graph":[{"@type":"WebPage","@id":"https:\/\/pasitoapasito.es\/fr\/produit\/trousse-de-toilette-tartan\/","url":"https:\/\/pasitoapasito.es\/fr\/produit\/trousse-de-toilette-tartan\/","name":"TROUSSE DE TOILETTE TARTAN - Pasito a Pasito","isPartOf":{"@id":"https:\/\/pasitoapasito.es\/fr\/#website"},"primaryImageOfPage":{"@id":"https:\/\/pasitoapasito.es\/fr\/produit\/trousse-de-toilette-tartan\/#primaryimage"},"image":{"@id":"https:\/\/pasitoapasito.es\/fr\/produit\/trousse-de-toilette-tartan\/#primaryimage"},"thumbnailUrl":"https:\/\/pasitoapasito.es\/wp-content\/uploads\/2024\/10\/1120900379_a.jpg","datePublished":"2024-10-11T08:36:02+00:00","dateModified":"2024-10-11T10:33:38+00:00","breadcrumb":{"@id":"https:\/\/pasitoapasito.es\/fr\/produit\/trousse-de-toilette-tartan\/#breadcrumb"},"inLanguage":"fr-FR","potentialAction":[{"@type":"ReadAction","target":["https:\/\/pasitoapasito.es\/fr\/produit\/trousse-de-toilette-tartan\/"]}]},{"@type":"ImageObject","inLanguage":"fr-FR","@id":"https:\/\/pasitoapasito.es\/fr\/produit\/trousse-de-toilette-tartan\/#primaryimage","url":"https:\/\/pasitoapasito.es\/wp-content\/uploads\/2024\/10\/1120900379_a.jpg","contentUrl":"https:\/\/pasitoapasito.es\/wp-content\/uploads\/2024\/10\/1120900379_a.jpg","width":1200,"height":1200},{"@type":"BreadcrumbList","@id":"https:\/\/pasitoapasito.es\/fr\/produit\/trousse-de-toilette-tartan\/#breadcrumb","itemListElement":[{"@type":"ListItem","position":1,"name":"Tienda","item":"https:\/\/pasitoapasito.es\/tienda\/"},{"@type":"ListItem","position":2,"name":"TROUSSE DE TOILETTE TARTAN"}]},{"@type":"WebSite","@id":"https:\/\/pasitoapasito.es\/fr\/#website","url":"https:\/\/pasitoapasito.es\/fr\/","name":"Pasito a Pasito","description":"","potentialAction":[{"@type":"SearchAction","target":{"@type":"EntryPoint","urlTemplate":"https:\/\/pasitoapasito.es\/fr\/?s={search_term_string}"},"query-input":{"@type":"PropertyValueSpecification","valueRequired":true,"valueName":"search_term_string"}}],"inLanguage":"fr-FR"}]}},"_links":{"self":[{"href":"https:\/\/pasitoapasito.es\/fr\/wp-json\/wp\/v2\/product\/37333","targetHints":{"allow":["GET"]}}],"collection":[{"href":"https:\/\/pasitoapasito.es\/fr\/wp-json\/wp\/v2\/product"}],"about":[{"href":"https:\/\/pasitoapasito.es\/fr\/wp-json\/wp\/v2\/types\/product"}],"replies":[{"embeddable":true,"href":"https:\/\/pasitoapasito.es\/fr\/wp-json\/wp\/v2\/comments?post=37333"}],"wp:featuredmedia":[{"embeddable":true,"href":"https:\/\/pasitoapasito.es\/fr\/wp-json\/wp\/v2\/media\/37197"}],"wp:attachment":[{"href":"https:\/\/pasitoapasito.es\/fr\/wp-json\/wp\/v2\/media?parent=37333"}],"wp:term":[{"taxonomy":"colecciones","embeddable":true,"href":"https:\/\/pasitoapasito.es\/fr\/wp-json\/wp\/v2\/colecciones?post=37333"},{"taxonomy":"product_brand","embeddable":true,"href":"https:\/\/pasitoapasito.es\/fr\/wp-json\/wp\/v2\/product_brand?post=37333"},{"taxonomy":"product_cat","embeddable":true,"href":"https:\/\/pasitoapasito.es\/fr\/wp-json\/wp\/v2\/product_cat?post=37333"},{"taxonomy":"product_tag","embeddable":true,"href":"https:\/\/pasitoapasito.es\/fr\/wp-json\/wp\/v2\/product_tag?post=37333"}],"curies":[{"name":"wp","href":"https:\/\/api.w.org\/{rel}","templated":true}]}}